{"id":13290,"date":"2022-09-16T10:10:09","date_gmt":"2022-09-16T08:10:09","guid":{"rendered":"https:\/\/bolting.eu\/?post_type=product&#038;p=13290"},"modified":"2025-12-17T17:43:44","modified_gmt":"2025-12-17T16:43:44","slug":"petzl-sakab-boulder-chalkbag","status":"publish","type":"product","link":"https:\/\/bolting.eu\/en\/shop\/petzl-sakab-boulder-chalkbag\/","title":{"rendered":"Petzl Sakab Boulder Chalkbag"},"content":{"rendered":"<p>Das Petzl Sakab Boulder Chalkbag ist einer unserer Bestseller. Auf Basis des Kunden Feed Back k\u00f6nnen wir auch recht objektiv sagen weshalb.<\/p>\n<p>Boulderer sch\u00e4tzen zum einen das Design dieses schlichten und eleganten Bags. Er hat eine mittlere Gr\u00f6\u00dfe und man kann beide H\u00e4nde gleichzeitig ins <a href=\"https:\/\/bolting.eu\/produkt-kategorie\/kletterausruestung\/chalk-klettern\/\">Kletterchalk<\/a> &#8220;eintauchen&#8221;. Und zum andern ist er extrem sauber verarbeitet und super funktionell.<\/p>\n<p>Abschlie\u00dfend sind die Materialien sehr hochwertig, wie z.B. die Alu Schnalle am Rollverschluss. Kurzum. Wieder einmal ein sehr gutes Produkt der franz\u00f6sisches Kletterexperten!<\/p>\n<h3>Eigenschaften Petzl Sakab Boulder Chalkbag<\/h3>\n<ul>\n<li>Hersteller: <a href=\"https:\/\/bolting.eu\/produkt-kategorie\/petzl\/\">Petzl<\/a><\/li>\n<li>Materialien; Polyamid, Kunststoff, Alu<\/li>\n<li>Gewicht: 205 Gramm<\/li>\n<li>standfester Boulder Magnesiumbeutel<\/li>\n<li>halbsteife N\u00e4hte halten Bag offen<\/li>\n<li>gro\u00dfe \u00d6ffnung zum &#8220;Eintauchen&#8221; mit beiden H\u00e4nden<\/li>\n<li>zwei elastische <a href=\"https:\/\/bolting.eu\/produkt-kategorie\/boulder-ausruestung\/boulderbuersten\/\">Boulderb\u00fcrsten<\/a> Halterungen<\/li>\n<li>Futter am Boden angen\u00e4ht, verrutscht nicht<\/li>\n<li>zwei kleine Taschen mit RV f\u00fcr Klettertape, Nagelklipps, etc.<\/li>\n<li>zwei Tragehenkel f\u00fcr Transport oder Aufh\u00e4ngen<\/li>\n<li>Rollverschluss inkl. Alu Schnalle<\/li>\n<li>zum <a href=\"https:\/\/www.petzl.com\" target=\"_blank\" rel=\"noopener\">Hersteller<\/a><\/li>\n<\/ul>\n<h3>Sehr gute Gr\u00f6\u00dfe<\/h3>\n<p>Das Petzl Sakab Boulder Chalkbag hat eine sehr gute Gr\u00f6\u00dfe. Soll hei\u00dfen es fasst ordentlich Chalk und ist gro\u00df genug f\u00fcr beide H\u00e4nde.<\/p>\n<p>Aber es ist nicht so gro\u00df wie z.B. das 8b+ Boulder Chalkbag Monster Hector.<\/p>\n<p>Eine sehr gute Dimension um den Beutel z.B. zwischen die <a href=\"https:\/\/bolting.eu\/produkt-kategorie\/boulder-ausruestung\/bouldermatte\/\">Bouldermatte<\/a> zu stecken oder im Boulderbag zu verstauen.<\/p>\n<h3>Bemerkenswertes, saubere Verarbeitung<\/h3>\n<p>Petzl ist bekannt f\u00fcr sein elegantes, simples und zeitloses Design. Das ist auch beim Petzl Sakab Boulder Chalkbag so.<\/p>\n<p>Die hochwertigen Nylon bzw. Ripstop Stoffe machen eine tolle Optik. Die halbsteifen N\u00e4hte halten den Beutel offen und bringen das schlichte Design zur Geltung. Das glatte Grau und das grobe Orange bringen dabei eine gewisse Eleganz.<\/p>\n<p>An diesem Chalkbag ist alles perfekt verarbeitet. Das sieht man vor allem, wenn man den Rollverschluss anschaut. Der ist zum einen super praktisch und l\u00e4sst keinen Chalk Staub heraus. Und zum anderen hat man ihn ordentlich stark vern\u00e4ht und eine unkaputtbare Alu Schnalle verwendet.<\/p>\n<h3>Petzl Sakab Boulder Chalkbag mit zwei Taschen!<\/h3>\n<p>Auf diesem Beutel findet ihr zwei Taschen.<\/p>\n<p>An der Vorderseite eine aufgesetztes Fach, welches f\u00fcr gr\u00f6\u00dfere Objekte gedacht ist. Wie z.B. ein Handy oder eine Rolle <a href=\"https:\/\/bolting.eu\/produkt-kategorie\/kletterausruestung\/klettertape\/\">Klettertape<\/a>. An der R\u00fcckseite ist eine dehnbare, kleinere Tasche. Hier sind Nagelklipps, <a href=\"https:\/\/bolting.eu\/shop\/kletterer-hautfeile-climbskin\/\">Hautfeile<\/a> oder eine Dose <a href=\"https:\/\/bolting.eu\/shop\/climbskin-handcreme\/\">Climbskin Handcreme<\/a> gut aufgehoben.<\/p>\n<p>Die zwei unterschiedlichen Abteile finden wir sehr praktisch. Denn man kann hier seine Sachen ideal trennen. Handy mit sensiblem Bildschirm und Hautfeile z.B..<\/p>\n","protected":false},"excerpt":{"rendered":"<p>Sehr beliebtes Boulder Bag mittlerer Gr\u00f6\u00dfe. Elegantes, schlichtes Design trifft hier auf super Funktionalit\u00e4t.<\/p>\n<p>Zwei Taschen, elastische B\u00fcrstenhalterung, ein Rollverschluss und halbsteife N\u00e4hte zeichnen dieses zeitlose Produkt aus.<\/p>\n<p>Versandkostenfrei bis 2kg in <img decoding=\"async\" class=\"emoji\" role=\"img\" draggable=\"false\" src=\"https:\/\/s.w.org\/images\/core\/emoji\/14.0.0\/svg\/1f1e6-1f1f9.svg\" alt=\"\ud83c\udde6\ud83c\uddf9\" \/> ab \u20ac 100,- und <img decoding=\"async\" class=\"emoji\" role=\"img\" draggable=\"false\" src=\"https:\/\/s.w.org\/images\/core\/emoji\/14.0.0\/svg\/1f1e9-1f1ea.svg\" alt=\"\ud83c\udde9\ud83c\uddea\" \/> ab \u20ac 200,-!<\/p>\n","protected":false},"featured_media":13294,"comment_status":"closed","ping_status":"closed","template":"","meta":[],"product_brand":[],"product_cat":[29,5006,5692,14093],"product_tag":[],"class_list":{"0":"post-13290","1":"product","2":"type-product","3":"status-publish","4":"has-post-thumbnail","6":"product_cat-kletterausruestung","7":"product_cat-chalkbag","8":"product_cat-chalkbag-bouldern","9":"product_cat-petzl","11":"first","12":"instock","13":"taxable","14":"shipping-taxable","15":"purchasable","16":"product-type-simple"},"yoast_head":"<!-- This site is optimized with the Yoast SEO Premium plugin v26.9 (Yoast SEO v26.9) - https:\/\/yoast.com\/product\/yoast-seo-premium-wordpress\/ -->\n<title>Petzl Sakab Boulder Chalkbag | bolting.eu<\/title>\n<meta name=\"description\" content=\"PETZL SAKAB BOULDER CHALKBAG beim Kletterprofi kaufen! Versandkostenfrei* \u2705 14 Tage R\u00fcckgaberecht \u2705 Co2 neutrale Zustellung\" \/>\n<meta name=\"robots\" content=\"index, follow, max-snippet:-1, max-image-preview:large, max-video-preview:-1\" \/>\n<link rel=\"canonical\" href=\"https:\/\/bolting.eu\/en\/shop\/petzl-sakab-boulder-chalkbag\/\" \/>\n<meta property=\"og:locale\" content=\"en_US\" \/>\n<meta property=\"og:type\" content=\"article\" \/>\n<meta property=\"og:title\" content=\"Petzl Sakab Boulder Chalkbag\" \/>\n<meta property=\"og:description\" content=\"PETZL SAKAB BOULDER CHALKBAG beim Kletterprofi kaufen! Versandkostenfrei* \u2705 14 Tage R\u00fcckgaberecht \u2705 Co2 neutrale Zustellung\" \/>\n<meta property=\"og:url\" content=\"https:\/\/bolting.eu\/en\/shop\/petzl-sakab-boulder-chalkbag\/\" \/>\n<meta property=\"og:site_name\" content=\"bolting.eu\" \/>\n<meta property=\"article:publisher\" content=\"https:\/\/www.facebook.com\/bolting.eu\" \/>\n<meta property=\"article:modified_time\" content=\"2025-12-17T16:43:44+00:00\" \/>\n<meta property=\"og:image\" content=\"https:\/\/bolting.eu\/wp-content\/uploads\/2022\/09\/Petzl-Sakab-Boulder-Chalkbag-3.jpg\" \/>\n\t<meta property=\"og:image:width\" content=\"700\" \/>\n\t<meta property=\"og:image:height\" content=\"700\" \/>\n\t<meta property=\"og:image:type\" content=\"image\/jpeg\" \/>\n<meta name=\"twitter:card\" content=\"summary_large_image\" \/>\n<meta name=\"twitter:label1\" content=\"Price\" \/>\n\t<meta name=\"twitter:data1\" content=\"&euro;&nbsp;32,00\" \/>\n\t<meta name=\"twitter:label2\" content=\"Availability\" \/>\n\t<meta name=\"twitter:data2\" content=\"In stock\" \/>\n<script type=\"application\/ld+json\" class=\"yoast-schema-graph\">{\"@context\":\"https:\/\/schema.org\",\"@graph\":[{\"@type\":[\"WebPage\",\"ItemPage\"],\"@id\":\"https:\/\/bolting.eu\/en\/shop\/petzl-sakab-boulder-chalkbag\/\",\"url\":\"https:\/\/bolting.eu\/en\/shop\/petzl-sakab-boulder-chalkbag\/\",\"name\":\"Petzl Sakab Boulder Chalkbag | bolting.eu\",\"isPartOf\":{\"@id\":\"https:\/\/bolting.eu\/en\/#website\"},\"primaryImageOfPage\":{\"@id\":\"https:\/\/bolting.eu\/en\/shop\/petzl-sakab-boulder-chalkbag\/#primaryimage\"},\"image\":{\"@id\":\"https:\/\/bolting.eu\/en\/shop\/petzl-sakab-boulder-chalkbag\/#primaryimage\"},\"thumbnailUrl\":\"https:\/\/bolting.eu\/wp-content\/uploads\/2022\/09\/Petzl-Sakab-Boulder-Chalkbag-3.jpg\",\"datePublished\":\"2022-09-16T08:10:09+00:00\",\"dateModified\":\"2025-12-17T16:43:44+00:00\",\"description\":\"PETZL SAKAB BOULDER CHALKBAG beim Kletterprofi kaufen! Versandkostenfrei* \u2705 14 Tage R\u00fcckgaberecht \u2705 Co2 neutrale Zustellung\",\"breadcrumb\":{\"@id\":\"https:\/\/bolting.eu\/en\/shop\/petzl-sakab-boulder-chalkbag\/#breadcrumb\"},\"inLanguage\":\"en-US\",\"potentialAction\":[{\"@type\":\"ReadAction\",\"target\":[\"https:\/\/bolting.eu\/en\/shop\/petzl-sakab-boulder-chalkbag\/\"]}]},{\"@type\":\"ImageObject\",\"inLanguage\":\"en-US\",\"@id\":\"https:\/\/bolting.eu\/en\/shop\/petzl-sakab-boulder-chalkbag\/#primaryimage\",\"url\":\"https:\/\/bolting.eu\/wp-content\/uploads\/2022\/09\/Petzl-Sakab-Boulder-Chalkbag-3.jpg\",\"contentUrl\":\"https:\/\/bolting.eu\/wp-content\/uploads\/2022\/09\/Petzl-Sakab-Boulder-Chalkbag-3.jpg\",\"width\":700,\"height\":700,\"caption\":\"Das Bild zeigt das orange graue Petzl Sakab Boulder Chalkbag mit ge\u00f6ffnetem Verschluss, Tragehenkeln und Logo auf der Vordertasche.\"},{\"@type\":\"BreadcrumbList\",\"@id\":\"https:\/\/bolting.eu\/en\/shop\/petzl-sakab-boulder-chalkbag\/#breadcrumb\",\"itemListElement\":[{\"@type\":\"ListItem\",\"position\":1,\"name\":\"Shop\",\"item\":\"https:\/\/bolting.eu\/en\/shop\/\"},{\"@type\":\"ListItem\",\"position\":2,\"name\":\"climbing equipment\",\"item\":\"https:\/\/bolting.eu\/en\/produkt-kategorie\/climbing-equipment\/\"},{\"@type\":\"ListItem\",\"position\":3,\"name\":\"Chalkbag\",\"item\":\"https:\/\/bolting.eu\/produkt-kategorie\/kletterausruestung\/chalkbag\/\"},{\"@type\":\"ListItem\",\"position\":4,\"name\":\"Chalkbag Bouldern\",\"item\":\"https:\/\/bolting.eu\/produkt-kategorie\/kletterausruestung\/chalkbag\/chalkbag-bouldern\/\"},{\"@type\":\"ListItem\",\"position\":5,\"name\":\"Petzl Sakab Boulder Chalkbag\"}]},{\"@type\":\"WebSite\",\"@id\":\"https:\/\/bolting.eu\/en\/#website\",\"url\":\"https:\/\/bolting.eu\/en\/\",\"name\":\"bolting.eu\",\"description\":\"we make climbs happen\",\"publisher\":{\"@id\":\"https:\/\/bolting.eu\/en\/#organization\"},\"potentialAction\":[{\"@type\":\"SearchAction\",\"target\":{\"@type\":\"EntryPoint\",\"urlTemplate\":\"https:\/\/bolting.eu\/en\/?s={search_term_string}\"},\"query-input\":{\"@type\":\"PropertyValueSpecification\",\"valueRequired\":true,\"valueName\":\"search_term_string\"}}],\"inLanguage\":\"en-US\"},{\"@type\":[\"Organization\",\"Place\",\"SportingGoodsStore\"],\"@id\":\"https:\/\/bolting.eu\/en\/#organization\",\"name\":\"bolting.eu\",\"url\":\"https:\/\/bolting.eu\/en\/\",\"logo\":{\"@id\":\"https:\/\/bolting.eu\/en\/shop\/petzl-sakab-boulder-chalkbag\/#local-main-organization-logo\"},\"image\":{\"@id\":\"https:\/\/bolting.eu\/en\/shop\/petzl-sakab-boulder-chalkbag\/#local-main-organization-logo\"},\"sameAs\":[\"https:\/\/www.facebook.com\/bolting.eu\",\"https:\/\/www.instagram.com\/bolting.eu\/\"],\"address\":{\"@id\":\"https:\/\/bolting.eu\/en\/shop\/petzl-sakab-boulder-chalkbag\/#local-main-place-address\"},\"geo\":{\"@type\":\"GeoCoordinates\",\"latitude\":\"47.264176340396226\",\"longitude\":\"11.380109057672346\"},\"telephone\":[\"+43 699 19083372\"],\"openingHoursSpecification\":[{\"@type\":\"OpeningHoursSpecification\",\"dayOfWeek\":[\"Monday\",\"Wednesday\",\"Friday\"],\"opens\":\"14:00\",\"closes\":\"18:00\"},{\"@type\":\"OpeningHoursSpecification\",\"dayOfWeek\":[\"Tuesday\",\"Thursday\",\"Saturday\",\"Sunday\"],\"opens\":\"00:00\",\"closes\":\"00:00\"}],\"email\":\"office@bolting.eu\",\"vatID\":\"ATU59999728\",\"priceRange\":\"$$\",\"currenciesAccepted\":\"Euro\"},{\"@type\":\"PostalAddress\",\"@id\":\"https:\/\/bolting.eu\/en\/shop\/petzl-sakab-boulder-chalkbag\/#local-main-place-address\",\"streetAddress\":\"Fischnalerstra\u00dfe 4\",\"addressLocality\":\"Innsbruck\",\"postalCode\":\"6020\",\"addressRegion\":\"Tirol\",\"addressCountry\":\"AT\"},{\"@type\":\"ImageObject\",\"inLanguage\":\"en-US\",\"@id\":\"https:\/\/bolting.eu\/en\/shop\/petzl-sakab-boulder-chalkbag\/#local-main-organization-logo\",\"url\":\"https:\/\/bolting.eu\/wp-content\/uploads\/2019\/09\/bolting-logo.png\",\"contentUrl\":\"https:\/\/bolting.eu\/wp-content\/uploads\/2019\/09\/bolting-logo.png\",\"width\":400,\"height\":211,\"caption\":\"bolting.eu\"}]}<\/script>\n<meta property=\"product:price:amount\" content=\"32.00\" \/>\n<meta property=\"product:price:currency\" content=\"EUR\" \/>\n<meta property=\"og:availability\" content=\"instock\" \/>\n<meta property=\"product:availability\" content=\"instock\" \/>\n<meta property=\"product:retailer_item_id\" content=\"S037AA00\" \/>\n<meta property=\"product:condition\" content=\"new\" \/>\n<meta name=\"geo.placename\" content=\"Innsbruck\" \/>\n<meta name=\"geo.position\" content=\"47.264176340396226;11.380109057672346\" \/>\n<meta name=\"geo.region\" content=\"Austria\" \/>\n<!-- \/ Yoast SEO Premium plugin. -->","yoast_head_json":{"title":"Petzl Sakab Boulder Chalkbag | bolting.eu","description":"PETZL SAKAB BOULDER CHALKBAG beim Kletterprofi kaufen! Versandkostenfrei* \u2705 14 Tage R\u00fcckgaberecht \u2705 Co2 neutrale Zustellung","robots":{"index":"index","follow":"follow","max-snippet":"max-snippet:-1","max-image-preview":"max-image-preview:large","max-video-preview":"max-video-preview:-1"},"canonical":"https:\/\/bolting.eu\/en\/shop\/petzl-sakab-boulder-chalkbag\/","og_locale":"en_US","og_type":"article","og_title":"Petzl Sakab Boulder Chalkbag","og_description":"PETZL SAKAB BOULDER CHALKBAG beim Kletterprofi kaufen! Versandkostenfrei* \u2705 14 Tage R\u00fcckgaberecht \u2705 Co2 neutrale Zustellung","og_url":"https:\/\/bolting.eu\/en\/shop\/petzl-sakab-boulder-chalkbag\/","og_site_name":"bolting.eu","article_publisher":"https:\/\/www.facebook.com\/bolting.eu","article_modified_time":"2025-12-17T16:43:44+00:00","og_image":[{"width":700,"height":700,"url":"https:\/\/bolting.eu\/wp-content\/uploads\/2022\/09\/Petzl-Sakab-Boulder-Chalkbag-3.jpg","type":"image\/jpeg"}],"twitter_card":"summary_large_image","twitter_misc":{"Price":"&euro;&nbsp;32,00","Availability":"In stock"},"schema":{"@context":"https:\/\/schema.org","@graph":[{"@type":["WebPage","ItemPage"],"@id":"https:\/\/bolting.eu\/en\/shop\/petzl-sakab-boulder-chalkbag\/","url":"https:\/\/bolting.eu\/en\/shop\/petzl-sakab-boulder-chalkbag\/","name":"Petzl Sakab Boulder Chalkbag | bolting.eu","isPartOf":{"@id":"https:\/\/bolting.eu\/en\/#website"},"primaryImageOfPage":{"@id":"https:\/\/bolting.eu\/en\/shop\/petzl-sakab-boulder-chalkbag\/#primaryimage"},"image":{"@id":"https:\/\/bolting.eu\/en\/shop\/petzl-sakab-boulder-chalkbag\/#primaryimage"},"thumbnailUrl":"https:\/\/bolting.eu\/wp-content\/uploads\/2022\/09\/Petzl-Sakab-Boulder-Chalkbag-3.jpg","datePublished":"2022-09-16T08:10:09+00:00","dateModified":"2025-12-17T16:43:44+00:00","description":"PETZL SAKAB BOULDER CHALKBAG beim Kletterprofi kaufen! Versandkostenfrei* \u2705 14 Tage R\u00fcckgaberecht \u2705 Co2 neutrale Zustellung","breadcrumb":{"@id":"https:\/\/bolting.eu\/en\/shop\/petzl-sakab-boulder-chalkbag\/#breadcrumb"},"inLanguage":"en-US","potentialAction":[{"@type":"ReadAction","target":["https:\/\/bolting.eu\/en\/shop\/petzl-sakab-boulder-chalkbag\/"]}]},{"@type":"ImageObject","inLanguage":"en-US","@id":"https:\/\/bolting.eu\/en\/shop\/petzl-sakab-boulder-chalkbag\/#primaryimage","url":"https:\/\/bolting.eu\/wp-content\/uploads\/2022\/09\/Petzl-Sakab-Boulder-Chalkbag-3.jpg","contentUrl":"https:\/\/bolting.eu\/wp-content\/uploads\/2022\/09\/Petzl-Sakab-Boulder-Chalkbag-3.jpg","width":700,"height":700,"caption":"Das Bild zeigt das orange graue Petzl Sakab Boulder Chalkbag mit ge\u00f6ffnetem Verschluss, Tragehenkeln und Logo auf der Vordertasche."},{"@type":"BreadcrumbList","@id":"https:\/\/bolting.eu\/en\/shop\/petzl-sakab-boulder-chalkbag\/#breadcrumb","itemListElement":[{"@type":"ListItem","position":1,"name":"Shop","item":"https:\/\/bolting.eu\/en\/shop\/"},{"@type":"ListItem","position":2,"name":"climbing equipment","item":"https:\/\/bolting.eu\/en\/produkt-kategorie\/climbing-equipment\/"},{"@type":"ListItem","position":3,"name":"Chalkbag","item":"https:\/\/bolting.eu\/produkt-kategorie\/kletterausruestung\/chalkbag\/"},{"@type":"ListItem","position":4,"name":"Chalkbag Bouldern","item":"https:\/\/bolting.eu\/produkt-kategorie\/kletterausruestung\/chalkbag\/chalkbag-bouldern\/"},{"@type":"ListItem","position":5,"name":"Petzl Sakab Boulder Chalkbag"}]},{"@type":"WebSite","@id":"https:\/\/bolting.eu\/en\/#website","url":"https:\/\/bolting.eu\/en\/","name":"bolting.eu","description":"we make climbs happen","publisher":{"@id":"https:\/\/bolting.eu\/en\/#organization"},"potentialAction":[{"@type":"SearchAction","target":{"@type":"EntryPoint","urlTemplate":"https:\/\/bolting.eu\/en\/?s={search_term_string}"},"query-input":{"@type":"PropertyValueSpecification","valueRequired":true,"valueName":"search_term_string"}}],"inLanguage":"en-US"},{"@type":["Organization","Place","SportingGoodsStore"],"@id":"https:\/\/bolting.eu\/en\/#organization","name":"bolting.eu","url":"https:\/\/bolting.eu\/en\/","logo":{"@id":"https:\/\/bolting.eu\/en\/shop\/petzl-sakab-boulder-chalkbag\/#local-main-organization-logo"},"image":{"@id":"https:\/\/bolting.eu\/en\/shop\/petzl-sakab-boulder-chalkbag\/#local-main-organization-logo"},"sameAs":["https:\/\/www.facebook.com\/bolting.eu","https:\/\/www.instagram.com\/bolting.eu\/"],"address":{"@id":"https:\/\/bolting.eu\/en\/shop\/petzl-sakab-boulder-chalkbag\/#local-main-place-address"},"geo":{"@type":"GeoCoordinates","latitude":"47.264176340396226","longitude":"11.380109057672346"},"telephone":["+43 699 19083372"],"openingHoursSpecification":[{"@type":"OpeningHoursSpecification","dayOfWeek":["Monday","Wednesday","Friday"],"opens":"14:00","closes":"18:00"},{"@type":"OpeningHoursSpecification","dayOfWeek":["Tuesday","Thursday","Saturday","Sunday"],"opens":"00:00","closes":"00:00"}],"email":"office@bolting.eu","vatID":"ATU59999728","priceRange":"$$","currenciesAccepted":"Euro"},{"@type":"PostalAddress","@id":"https:\/\/bolting.eu\/en\/shop\/petzl-sakab-boulder-chalkbag\/#local-main-place-address","streetAddress":"Fischnalerstra\u00dfe 4","addressLocality":"Innsbruck","postalCode":"6020","addressRegion":"Tirol","addressCountry":"AT"},{"@type":"ImageObject","inLanguage":"en-US","@id":"https:\/\/bolting.eu\/en\/shop\/petzl-sakab-boulder-chalkbag\/#local-main-organization-logo","url":"https:\/\/bolting.eu\/wp-content\/uploads\/2019\/09\/bolting-logo.png","contentUrl":"https:\/\/bolting.eu\/wp-content\/uploads\/2019\/09\/bolting-logo.png","width":400,"height":211,"caption":"bolting.eu"}]},"product_price_amount":"32.00","product_price_currency":"EUR","og_availability":"instock","product_availability":"instock","product_retailer_item_id":"S037AA00","product_condition":"new","geo.placename":"Innsbruck","geo.position":{"lat":"47.264176340396226","long":"11.380109057672346"},"geo.region":"Austria"},"_links":{"self":[{"href":"https:\/\/bolting.eu\/en\/wp-json\/wp\/v2\/product\/13290","targetHints":{"allow":["GET"]}}],"collection":[{"href":"https:\/\/bolting.eu\/en\/wp-json\/wp\/v2\/product"}],"about":[{"href":"https:\/\/bolting.eu\/en\/wp-json\/wp\/v2\/types\/product"}],"replies":[{"embeddable":true,"href":"https:\/\/bolting.eu\/en\/wp-json\/wp\/v2\/comments?post=13290"}],"wp:featuredmedia":[{"embeddable":true,"href":"https:\/\/bolting.eu\/en\/wp-json\/wp\/v2\/media\/13294"}],"wp:attachment":[{"href":"https:\/\/bolting.eu\/en\/wp-json\/wp\/v2\/media?parent=13290"}],"wp:term":[{"taxonomy":"product_brand","embeddable":true,"href":"https:\/\/bolting.eu\/en\/wp-json\/wp\/v2\/product_brand?post=13290"},{"taxonomy":"product_cat","embeddable":true,"href":"https:\/\/bolting.eu\/en\/wp-json\/wp\/v2\/product_cat?post=13290"},{"taxonomy":"product_tag","embeddable":true,"href":"https:\/\/bolting.eu\/en\/wp-json\/wp\/v2\/product_tag?post=13290"}],"curies":[{"name":"wp","href":"https:\/\/api.w.org\/{rel}","templated":true}]}}