{"id":13283,"date":"2022-09-16T09:22:08","date_gmt":"2022-09-16T07:22:08","guid":{"rendered":"https:\/\/bolting.eu\/?post_type=product&#038;p=13283"},"modified":"2026-02-20T18:16:08","modified_gmt":"2026-02-20T17:16:08","slug":"petzl-sakapoche-chalkbag-mit-tasche","status":"publish","type":"product","link":"https:\/\/bolting.eu\/en\/shop\/petzl-sakapoche-chalkbag-mit-tasche\/","title":{"rendered":"Petzl Sakapoche Chalkbag mit Tasche"},"content":{"rendered":"<p>Das Petzl Sakapoche Chalkbag mit Tasche ist ein zeitloser Klassiker. Denn dieses Chalkbag gibt es nun schon viele Jahre unver\u00e4ndert, weil es eben so beliebt ist. Und das aus gutem Grund.<\/p>\n<p>Denn zum einen passen die Dimensionen dieses Magnesiumbeutels f\u00fcr viele Handgr\u00f6\u00dfen bzw. Kletterstile. Wie z.B. Sportklettern, Alpinklettern, Rissklettern,&#8230; \u00dcberall kann man es gut verwenden.<\/p>\n<p>Und zum anderen an der kleinen Tasche auf der R\u00fcckseite. Hier finden in einer sogenannten Balgtasche ein Topo, Autoschl\u00fcssel, ein M\u00fcsliriegel oder eine Mini Stirnlampe Platz.<\/p>\n<p>Abschlie\u00dfend sorgt ein langlebiger Ripstop Nylon, ein soildes Kordelsystem mit Tanka, der mitgelieferte G\u00fcrtel mit Klipps und die zwei <a href=\"https:\/\/bolting.eu\/produkt-kategorie\/boulder-ausruestung\/boulderbuersten\/\">Boulderb\u00fcrsten<\/a> Halter f\u00fcr ein abgerundetes Produkt.<\/p>\n<h2>Eigenschaften Petzl Sakapoche Chalkbag mit Tasche<\/h2>\n<ul>\n<li>Hersteller: <a href=\"https:\/\/bolting.eu\/produkt-kategorie\/petzl\/\">Petzl<\/a><\/li>\n<li>Material: Ripstop Nylon, Kunsstoff;<\/li>\n<li>Gewicht: 85 Gramm<\/li>\n<li>\u00d6ffnung: 11cm Durchmesser<\/li>\n<li>Kordelzug mit Tanka<\/li>\n<li>2 seitliche Boulderb\u00fcrsten Halterungen<\/li>\n<li>kleine Tasche mit Rei\u00dfverschluss<\/li>\n<li>verst\u00e4rkte Kanten h\u00e4lt den Beutel sch\u00f6n offen<\/li>\n<li>l\u00e4sst sich sehr &#8220;dicht&#8221; zu machen<\/li>\n<li>Boden angen\u00e4ht, Futter verrutscht also nicht!<\/li>\n<li>zum <a href=\"https:\/\/petzl.com\" target=\"_blank\" rel=\"noopener\">Hersteller<\/a><\/li>\n<\/ul>\n<h3>Ausgewogene Proportionen<\/h3>\n<p>Das Petzl Sakapoche Chalkbag mit Tasche ist einer unserer Bestseller. Dabei sch\u00e4tzen Kunden das schlichte, zeitlose Design, die Qualit\u00e4t der Verarbeitung und vor allem die Proportionen.<\/p>\n<p>D.h. dieser Magnesiumbeutel ist weder &#8220;klein&#8221; noch &#8220;gro\u00df&#8221;. Er hat zum einen eine Gr\u00f6\u00dfe, die f\u00fcr ganz viele H\u00e4nde gut passt, ordentlich <a href=\"https:\/\/bolting.eu\/produkt-kategorie\/kletterausruestung\/chalk-klettern\/\">Chalk<\/a> aufnimmt. Und zum anderen beim Klettern aber niemals st\u00f6rt. Egal ob man auf einem Felsband sitzt oder sich durch einen Kamin zw\u00e4ngt.<\/p>\n<h3>Tasche als gro\u00dfes Plus!<\/h3>\n<p>Wie bereits erw\u00e4hnt, hat das Petzl Sakapoche Chalkbag eine kleine Tasche.<\/p>\n<p>Der Sinn dahinter ist klar. Man kann kleine Dinge perfekt mit in die Wand, den Klettergarten oder die Halle nehmen. D.h. ein Autoschl\u00fcssel, Topo, M\u00fcsliriegel oder auch eine Notfall Stirnlampe sind leicht darin verstaubar.<\/p>\n<p>Somit ist dieser Beutel wenig \u00fcberraschend vor allem bei Alpinkletterern sehr beliebt.<\/p>\n","protected":false},"excerpt":{"rendered":"<p>Schlichtes Chalkbag mit Tasche inkl. Rei\u00dfverschluss. Zeitloses, ergonomisches Design und super Verarbeitung.<\/p>\n<p>Inkl. Kordelzug und Tanka, B\u00fcrstenhalterung und G\u00fcrtel mit Klipps. Einer DER Bestseller unter den Magnesiumbeuteln!<\/p>\n<p>Versandkostenfrei bis 2kg in <img decoding=\"async\" class=\"emoji\" role=\"img\" draggable=\"false\" src=\"https:\/\/s.w.org\/images\/core\/emoji\/14.0.0\/svg\/1f1e6-1f1f9.svg\" alt=\"\ud83c\udde6\ud83c\uddf9\" \/> ab \u20ac 100,- und <img decoding=\"async\" class=\"emoji\" role=\"img\" draggable=\"false\" src=\"https:\/\/s.w.org\/images\/core\/emoji\/14.0.0\/svg\/1f1e9-1f1ea.svg\" alt=\"\ud83c\udde9\ud83c\uddea\" \/> ab \u20ac 200,-!<\/p>\n","protected":false},"featured_media":13287,"comment_status":"closed","ping_status":"closed","template":"","meta":[],"product_brand":[],"product_cat":[29,14313,5006,14093],"product_tag":[],"class_list":{"0":"post-13283","1":"product","2":"type-product","3":"status-publish","4":"has-post-thumbnail","6":"product_cat-kletterausruestung","7":"product_cat-chalkbag-mit-tasche","8":"product_cat-chalkbag","9":"product_cat-petzl","11":"first","12":"instock","13":"taxable","14":"shipping-taxable","15":"purchasable","16":"product-type-variable"},"yoast_head":"<!-- This site is optimized with the Yoast SEO Premium plugin v26.9 (Yoast SEO v26.9) - https:\/\/yoast.com\/product\/yoast-seo-premium-wordpress\/ -->\n<title>Petzl Sakapoche Chalkbag mit Tasche | bolting.eu<\/title>\n<meta name=\"description\" content=\"PETZL SAKAPOCHE Chalkbag mit Tasche beim Kletterprofi kaufen! Versandkostenfrei* \u2705 14 Tage R\u00fcckgaberecht \u2705 Co2 neutraler Versand \u2705\" \/>\n<meta name=\"robots\" content=\"index, follow, max-snippet:-1, max-image-preview:large, max-video-preview:-1\" \/>\n<link rel=\"canonical\" href=\"https:\/\/bolting.eu\/en\/shop\/petzl-sakapoche-chalkbag-mit-tasche\/\" \/>\n<meta property=\"og:locale\" content=\"en_US\" \/>\n<meta property=\"og:type\" content=\"article\" \/>\n<meta property=\"og:title\" content=\"Petzl Sakapoche Chalkbag mit Tasche\" \/>\n<meta property=\"og:description\" content=\"PETZL SAKAPOCHE Chalkbag mit Tasche beim Kletterprofi kaufen! Versandkostenfrei* \u2705 14 Tage R\u00fcckgaberecht \u2705 Co2 neutraler Versand \u2705\" \/>\n<meta property=\"og:url\" content=\"https:\/\/bolting.eu\/en\/shop\/petzl-sakapoche-chalkbag-mit-tasche\/\" \/>\n<meta property=\"og:site_name\" content=\"bolting.eu\" \/>\n<meta property=\"article:publisher\" content=\"https:\/\/www.facebook.com\/bolting.eu\" \/>\n<meta property=\"article:modified_time\" content=\"2026-02-20T17:16:08+00:00\" \/>\n<meta property=\"og:image\" content=\"https:\/\/bolting.eu\/wp-content\/uploads\/2022\/09\/Petzl-Sakapoche-Chalkbag-mit-Tasche-1.jpg\" \/>\n\t<meta property=\"og:image:width\" content=\"700\" \/>\n\t<meta property=\"og:image:height\" content=\"700\" \/>\n\t<meta property=\"og:image:type\" content=\"image\/jpeg\" \/>\n<meta name=\"twitter:card\" content=\"summary_large_image\" \/>\n<meta name=\"twitter:label1\" content=\"Availability\" \/>\n\t<meta name=\"twitter:data1\" content=\"In stock\" \/>\n<script type=\"application\/ld+json\" class=\"yoast-schema-graph\">{\"@context\":\"https:\/\/schema.org\",\"@graph\":[{\"@type\":[\"WebPage\",\"ItemPage\"],\"@id\":\"https:\/\/bolting.eu\/en\/shop\/petzl-sakapoche-chalkbag-mit-tasche\/\",\"url\":\"https:\/\/bolting.eu\/en\/shop\/petzl-sakapoche-chalkbag-mit-tasche\/\",\"name\":\"Petzl Sakapoche Chalkbag mit Tasche | bolting.eu\",\"isPartOf\":{\"@id\":\"https:\/\/bolting.eu\/en\/#website\"},\"primaryImageOfPage\":{\"@id\":\"https:\/\/bolting.eu\/en\/shop\/petzl-sakapoche-chalkbag-mit-tasche\/#primaryimage\"},\"image\":{\"@id\":\"https:\/\/bolting.eu\/en\/shop\/petzl-sakapoche-chalkbag-mit-tasche\/#primaryimage\"},\"thumbnailUrl\":\"https:\/\/bolting.eu\/wp-content\/uploads\/2022\/09\/Petzl-Sakapoche-Chalkbag-mit-Tasche-1.jpg\",\"datePublished\":\"2022-09-16T07:22:08+00:00\",\"dateModified\":\"2026-02-20T17:16:08+00:00\",\"description\":\"PETZL SAKAPOCHE Chalkbag mit Tasche beim Kletterprofi kaufen! Versandkostenfrei* \u2705 14 Tage R\u00fcckgaberecht \u2705 Co2 neutraler Versand \u2705\",\"breadcrumb\":{\"@id\":\"https:\/\/bolting.eu\/en\/shop\/petzl-sakapoche-chalkbag-mit-tasche\/#breadcrumb\"},\"inLanguage\":\"en-US\",\"potentialAction\":[{\"@type\":\"ReadAction\",\"target\":[\"https:\/\/bolting.eu\/en\/shop\/petzl-sakapoche-chalkbag-mit-tasche\/\"]}]},{\"@type\":\"ImageObject\",\"inLanguage\":\"en-US\",\"@id\":\"https:\/\/bolting.eu\/en\/shop\/petzl-sakapoche-chalkbag-mit-tasche\/#primaryimage\",\"url\":\"https:\/\/bolting.eu\/wp-content\/uploads\/2022\/09\/Petzl-Sakapoche-Chalkbag-mit-Tasche-1.jpg\",\"contentUrl\":\"https:\/\/bolting.eu\/wp-content\/uploads\/2022\/09\/Petzl-Sakapoche-Chalkbag-mit-Tasche-1.jpg\",\"width\":700,\"height\":700,\"caption\":\"Das Bild zeigt das orange Petzl Sakapoche Chalkbag mit Tasche von der Seite. MAn erkennt Form, Logo, Kordelzug und den nebenliegenden G\u00fcrtel.\"},{\"@type\":\"BreadcrumbList\",\"@id\":\"https:\/\/bolting.eu\/en\/shop\/petzl-sakapoche-chalkbag-mit-tasche\/#breadcrumb\",\"itemListElement\":[{\"@type\":\"ListItem\",\"position\":1,\"name\":\"Shop\",\"item\":\"https:\/\/bolting.eu\/en\/shop\/\"},{\"@type\":\"ListItem\",\"position\":2,\"name\":\"climbing equipment\",\"item\":\"https:\/\/bolting.eu\/en\/produkt-kategorie\/climbing-equipment\/\"},{\"@type\":\"ListItem\",\"position\":3,\"name\":\"Chalkbag\",\"item\":\"https:\/\/bolting.eu\/produkt-kategorie\/kletterausruestung\/chalkbag\/\"},{\"@type\":\"ListItem\",\"position\":4,\"name\":\"Chalkbag mit Tasche\",\"item\":\"https:\/\/bolting.eu\/produkt-kategorie\/kletterausruestung\/chalkbag\/chalkbag-mit-tasche\/\"},{\"@type\":\"ListItem\",\"position\":5,\"name\":\"Petzl Sakapoche Chalkbag mit Tasche\"}]},{\"@type\":\"WebSite\",\"@id\":\"https:\/\/bolting.eu\/en\/#website\",\"url\":\"https:\/\/bolting.eu\/en\/\",\"name\":\"bolting.eu\",\"description\":\"we make climbs happen\",\"publisher\":{\"@id\":\"https:\/\/bolting.eu\/en\/#organization\"},\"potentialAction\":[{\"@type\":\"SearchAction\",\"target\":{\"@type\":\"EntryPoint\",\"urlTemplate\":\"https:\/\/bolting.eu\/en\/?s={search_term_string}\"},\"query-input\":{\"@type\":\"PropertyValueSpecification\",\"valueRequired\":true,\"valueName\":\"search_term_string\"}}],\"inLanguage\":\"en-US\"},{\"@type\":[\"Organization\",\"Place\",\"SportingGoodsStore\"],\"@id\":\"https:\/\/bolting.eu\/en\/#organization\",\"name\":\"bolting.eu\",\"url\":\"https:\/\/bolting.eu\/en\/\",\"logo\":{\"@id\":\"https:\/\/bolting.eu\/en\/shop\/petzl-sakapoche-chalkbag-mit-tasche\/#local-main-organization-logo\"},\"image\":{\"@id\":\"https:\/\/bolting.eu\/en\/shop\/petzl-sakapoche-chalkbag-mit-tasche\/#local-main-organization-logo\"},\"sameAs\":[\"https:\/\/www.facebook.com\/bolting.eu\",\"https:\/\/www.instagram.com\/bolting.eu\/\"],\"address\":{\"@id\":\"https:\/\/bolting.eu\/en\/shop\/petzl-sakapoche-chalkbag-mit-tasche\/#local-main-place-address\"},\"geo\":{\"@type\":\"GeoCoordinates\",\"latitude\":\"47.264176340396226\",\"longitude\":\"11.380109057672346\"},\"telephone\":[\"+43 699 19083372\"],\"openingHoursSpecification\":[{\"@type\":\"OpeningHoursSpecification\",\"dayOfWeek\":[\"Monday\",\"Wednesday\",\"Friday\"],\"opens\":\"14:00\",\"closes\":\"18:00\"},{\"@type\":\"OpeningHoursSpecification\",\"dayOfWeek\":[\"Tuesday\",\"Thursday\",\"Saturday\",\"Sunday\"],\"opens\":\"00:00\",\"closes\":\"00:00\"}],\"email\":\"office@bolting.eu\",\"vatID\":\"ATU59999728\",\"priceRange\":\"$$\",\"currenciesAccepted\":\"Euro\"},{\"@type\":\"PostalAddress\",\"@id\":\"https:\/\/bolting.eu\/en\/shop\/petzl-sakapoche-chalkbag-mit-tasche\/#local-main-place-address\",\"streetAddress\":\"Fischnalerstra\u00dfe 4\",\"addressLocality\":\"Innsbruck\",\"postalCode\":\"6020\",\"addressRegion\":\"Tirol\",\"addressCountry\":\"AT\"},{\"@type\":\"ImageObject\",\"inLanguage\":\"en-US\",\"@id\":\"https:\/\/bolting.eu\/en\/shop\/petzl-sakapoche-chalkbag-mit-tasche\/#local-main-organization-logo\",\"url\":\"https:\/\/bolting.eu\/wp-content\/uploads\/2019\/09\/bolting-logo.png\",\"contentUrl\":\"https:\/\/bolting.eu\/wp-content\/uploads\/2019\/09\/bolting-logo.png\",\"width\":400,\"height\":211,\"caption\":\"bolting.eu\"}]}<\/script>\n<meta property=\"og:availability\" content=\"instock\" \/>\n<meta property=\"product:availability\" content=\"instock\" \/>\n<meta property=\"product:condition\" content=\"new\" \/>\n<meta name=\"geo.placename\" content=\"Innsbruck\" \/>\n<meta name=\"geo.position\" content=\"47.264176340396226;11.380109057672346\" \/>\n<meta name=\"geo.region\" content=\"Austria\" \/>\n<!-- \/ Yoast SEO Premium plugin. -->","yoast_head_json":{"title":"Petzl Sakapoche Chalkbag mit Tasche | bolting.eu","description":"PETZL SAKAPOCHE Chalkbag mit Tasche beim Kletterprofi kaufen! Versandkostenfrei* \u2705 14 Tage R\u00fcckgaberecht \u2705 Co2 neutraler Versand \u2705","robots":{"index":"index","follow":"follow","max-snippet":"max-snippet:-1","max-image-preview":"max-image-preview:large","max-video-preview":"max-video-preview:-1"},"canonical":"https:\/\/bolting.eu\/en\/shop\/petzl-sakapoche-chalkbag-mit-tasche\/","og_locale":"en_US","og_type":"article","og_title":"Petzl Sakapoche Chalkbag mit Tasche","og_description":"PETZL SAKAPOCHE Chalkbag mit Tasche beim Kletterprofi kaufen! Versandkostenfrei* \u2705 14 Tage R\u00fcckgaberecht \u2705 Co2 neutraler Versand \u2705","og_url":"https:\/\/bolting.eu\/en\/shop\/petzl-sakapoche-chalkbag-mit-tasche\/","og_site_name":"bolting.eu","article_publisher":"https:\/\/www.facebook.com\/bolting.eu","article_modified_time":"2026-02-20T17:16:08+00:00","og_image":[{"width":700,"height":700,"url":"https:\/\/bolting.eu\/wp-content\/uploads\/2022\/09\/Petzl-Sakapoche-Chalkbag-mit-Tasche-1.jpg","type":"image\/jpeg"}],"twitter_card":"summary_large_image","twitter_misc":{"Availability":"In stock"},"schema":{"@context":"https:\/\/schema.org","@graph":[{"@type":["WebPage","ItemPage"],"@id":"https:\/\/bolting.eu\/en\/shop\/petzl-sakapoche-chalkbag-mit-tasche\/","url":"https:\/\/bolting.eu\/en\/shop\/petzl-sakapoche-chalkbag-mit-tasche\/","name":"Petzl Sakapoche Chalkbag mit Tasche | bolting.eu","isPartOf":{"@id":"https:\/\/bolting.eu\/en\/#website"},"primaryImageOfPage":{"@id":"https:\/\/bolting.eu\/en\/shop\/petzl-sakapoche-chalkbag-mit-tasche\/#primaryimage"},"image":{"@id":"https:\/\/bolting.eu\/en\/shop\/petzl-sakapoche-chalkbag-mit-tasche\/#primaryimage"},"thumbnailUrl":"https:\/\/bolting.eu\/wp-content\/uploads\/2022\/09\/Petzl-Sakapoche-Chalkbag-mit-Tasche-1.jpg","datePublished":"2022-09-16T07:22:08+00:00","dateModified":"2026-02-20T17:16:08+00:00","description":"PETZL SAKAPOCHE Chalkbag mit Tasche beim Kletterprofi kaufen! Versandkostenfrei* \u2705 14 Tage R\u00fcckgaberecht \u2705 Co2 neutraler Versand \u2705","breadcrumb":{"@id":"https:\/\/bolting.eu\/en\/shop\/petzl-sakapoche-chalkbag-mit-tasche\/#breadcrumb"},"inLanguage":"en-US","potentialAction":[{"@type":"ReadAction","target":["https:\/\/bolting.eu\/en\/shop\/petzl-sakapoche-chalkbag-mit-tasche\/"]}]},{"@type":"ImageObject","inLanguage":"en-US","@id":"https:\/\/bolting.eu\/en\/shop\/petzl-sakapoche-chalkbag-mit-tasche\/#primaryimage","url":"https:\/\/bolting.eu\/wp-content\/uploads\/2022\/09\/Petzl-Sakapoche-Chalkbag-mit-Tasche-1.jpg","contentUrl":"https:\/\/bolting.eu\/wp-content\/uploads\/2022\/09\/Petzl-Sakapoche-Chalkbag-mit-Tasche-1.jpg","width":700,"height":700,"caption":"Das Bild zeigt das orange Petzl Sakapoche Chalkbag mit Tasche von der Seite. MAn erkennt Form, Logo, Kordelzug und den nebenliegenden G\u00fcrtel."},{"@type":"BreadcrumbList","@id":"https:\/\/bolting.eu\/en\/shop\/petzl-sakapoche-chalkbag-mit-tasche\/#breadcrumb","itemListElement":[{"@type":"ListItem","position":1,"name":"Shop","item":"https:\/\/bolting.eu\/en\/shop\/"},{"@type":"ListItem","position":2,"name":"climbing equipment","item":"https:\/\/bolting.eu\/en\/produkt-kategorie\/climbing-equipment\/"},{"@type":"ListItem","position":3,"name":"Chalkbag","item":"https:\/\/bolting.eu\/produkt-kategorie\/kletterausruestung\/chalkbag\/"},{"@type":"ListItem","position":4,"name":"Chalkbag mit Tasche","item":"https:\/\/bolting.eu\/produkt-kategorie\/kletterausruestung\/chalkbag\/chalkbag-mit-tasche\/"},{"@type":"ListItem","position":5,"name":"Petzl Sakapoche Chalkbag mit Tasche"}]},{"@type":"WebSite","@id":"https:\/\/bolting.eu\/en\/#website","url":"https:\/\/bolting.eu\/en\/","name":"bolting.eu","description":"we make climbs happen","publisher":{"@id":"https:\/\/bolting.eu\/en\/#organization"},"potentialAction":[{"@type":"SearchAction","target":{"@type":"EntryPoint","urlTemplate":"https:\/\/bolting.eu\/en\/?s={search_term_string}"},"query-input":{"@type":"PropertyValueSpecification","valueRequired":true,"valueName":"search_term_string"}}],"inLanguage":"en-US"},{"@type":["Organization","Place","SportingGoodsStore"],"@id":"https:\/\/bolting.eu\/en\/#organization","name":"bolting.eu","url":"https:\/\/bolting.eu\/en\/","logo":{"@id":"https:\/\/bolting.eu\/en\/shop\/petzl-sakapoche-chalkbag-mit-tasche\/#local-main-organization-logo"},"image":{"@id":"https:\/\/bolting.eu\/en\/shop\/petzl-sakapoche-chalkbag-mit-tasche\/#local-main-organization-logo"},"sameAs":["https:\/\/www.facebook.com\/bolting.eu","https:\/\/www.instagram.com\/bolting.eu\/"],"address":{"@id":"https:\/\/bolting.eu\/en\/shop\/petzl-sakapoche-chalkbag-mit-tasche\/#local-main-place-address"},"geo":{"@type":"GeoCoordinates","latitude":"47.264176340396226","longitude":"11.380109057672346"},"telephone":["+43 699 19083372"],"openingHoursSpecification":[{"@type":"OpeningHoursSpecification","dayOfWeek":["Monday","Wednesday","Friday"],"opens":"14:00","closes":"18:00"},{"@type":"OpeningHoursSpecification","dayOfWeek":["Tuesday","Thursday","Saturday","Sunday"],"opens":"00:00","closes":"00:00"}],"email":"office@bolting.eu","vatID":"ATU59999728","priceRange":"$$","currenciesAccepted":"Euro"},{"@type":"PostalAddress","@id":"https:\/\/bolting.eu\/en\/shop\/petzl-sakapoche-chalkbag-mit-tasche\/#local-main-place-address","streetAddress":"Fischnalerstra\u00dfe 4","addressLocality":"Innsbruck","postalCode":"6020","addressRegion":"Tirol","addressCountry":"AT"},{"@type":"ImageObject","inLanguage":"en-US","@id":"https:\/\/bolting.eu\/en\/shop\/petzl-sakapoche-chalkbag-mit-tasche\/#local-main-organization-logo","url":"https:\/\/bolting.eu\/wp-content\/uploads\/2019\/09\/bolting-logo.png","contentUrl":"https:\/\/bolting.eu\/wp-content\/uploads\/2019\/09\/bolting-logo.png","width":400,"height":211,"caption":"bolting.eu"}]},"og_availability":"instock","product_availability":"instock","product_condition":"new","geo.placename":"Innsbruck","geo.position":{"lat":"47.264176340396226","long":"11.380109057672346"},"geo.region":"Austria"},"_links":{"self":[{"href":"https:\/\/bolting.eu\/en\/wp-json\/wp\/v2\/product\/13283","targetHints":{"allow":["GET"]}}],"collection":[{"href":"https:\/\/bolting.eu\/en\/wp-json\/wp\/v2\/product"}],"about":[{"href":"https:\/\/bolting.eu\/en\/wp-json\/wp\/v2\/types\/product"}],"replies":[{"embeddable":true,"href":"https:\/\/bolting.eu\/en\/wp-json\/wp\/v2\/comments?post=13283"}],"wp:featuredmedia":[{"embeddable":true,"href":"https:\/\/bolting.eu\/en\/wp-json\/wp\/v2\/media\/13287"}],"wp:attachment":[{"href":"https:\/\/bolting.eu\/en\/wp-json\/wp\/v2\/media?parent=13283"}],"wp:term":[{"taxonomy":"product_brand","embeddable":true,"href":"https:\/\/bolting.eu\/en\/wp-json\/wp\/v2\/product_brand?post=13283"},{"taxonomy":"product_cat","embeddable":true,"href":"https:\/\/bolting.eu\/en\/wp-json\/wp\/v2\/product_cat?post=13283"},{"taxonomy":"product_tag","embeddable":true,"href":"https:\/\/bolting.eu\/en\/wp-json\/wp\/v2\/product_tag?post=13283"}],"curies":[{"name":"wp","href":"https:\/\/api.w.org\/{rel}","templated":true}]}}