{"id":13094,"date":"2022-08-30T11:12:26","date_gmt":"2022-08-30T09:12:26","guid":{"rendered":"https:\/\/bolting.eu\/?post_type=product&#038;p=13094"},"modified":"2025-04-10T18:00:33","modified_gmt":"2025-04-10T16:00:33","slug":"black-diamond-bosunss-chair","status":"publish","type":"product","link":"https:\/\/bolting.eu\/en\/shop\/black-diamond-bosunss-chair\/","title":{"rendered":"Black Diamond Bosuns\u00b4s Chair"},"content":{"rendered":"<p>Der Black Diamond Bosuns\u00b4s Chair ist ein Sitzbrett f\u00fcr Big Walls, steile Mehrseill\u00e4ngen oder H\u00f6henarbeiten. Hier entlastet der Sitz euren <a href=\"https:\/\/bolting.eu\/produkt-kategorie\/kletterausruestung\/klettergurte\/\">Klettergurt<\/a> bzw. die Oberschenkel und H\u00fcfte. Denn das Gewicht wird auf euren &#8220;Hintern&#8221; verlagert.<\/p>\n<p>Dieses Produkt besteht im Kern aus einer Mehrschicht-Holzplatte. Diese steckt in einer H\u00fclle aus abriebfestem Ripstop-Nylon und ist auf der Oberseite gepolstert. D.h. man sitzt angenehm weich.<\/p>\n<p>Befestigt wird das Sitzbrett mit den fix angen\u00e4hten Schlaufen. Diese haben einen simplen Verstellmechanismus f\u00fcr ein raschen Einstellen der ben\u00f6tigten L\u00e4nge. Eingebunden wird es am besten mit einem kleinen <a href=\"https:\/\/bolting.eu\/produkt-kategorie\/kletterausruestung\/kletterkarabiner\/schraubkarabiner\/\">Schraubkarabiner<\/a> oder <a href=\"https:\/\/bolting.eu\/produkt-kategorie\/kletterausruestung\/kletterkarabiner\/twist-lock-karabiner\/\">Twist Lock Karabiner<\/a>.<\/p>\n<p>Dieses Produkt sollte in keiner <a href=\"https:\/\/bolting.eu\/big-wall-ausruestung\/\">Big Wall Ausr\u00fcstung<\/a> fehlen. Eurem Hintern zuliebe \ud83d\ude09<\/p>\n<h2>Eigenschaften Black Diamond Bosuns\u00b4s Chair<\/h2>\n<ul>\n<li>Hersteller: <a href=\"https:\/\/bolting.eu\/produkt-kategorie\/black-diamond\/\">Black Diamond<\/a><\/li>\n<li>Material: Mehrschicht Holzplatte, Schaumstoff, Ripstop Nylon, Nylon, Stahl;<\/li>\n<li>Gewicht: 1,1kg<\/li>\n<li>zwei l\u00e4ngenverstellbare Schlaufen zum Aufh\u00e4ngen<\/li>\n<li>R\u00fcckenband um nicht nach hinten zu rutschen<\/li>\n<li>gepolsterte Auflage<\/li>\n<li>einfacher Verstellmechanismus<\/li>\n<li>je zwei seitliche Schlaufen f\u00fcr z.B. Trinkflasche, etc.<\/li>\n<li><a href=\"https:\/\/blackdiamond-web.cdn.prismic.io\/blackdiamond-web\/6d8f3af6-b0ca-44ab-8b9f-e29fc170a163_S20_EquipmentCleaning_17x11_all+lang.pdf\" target=\"_blank\" rel=\"noopener\">Reinigungsanleitung<\/a><\/li>\n<\/ul>\n<h3>Alles tauschbar<\/h3>\n<p>Das Holzbrett und der Schaumstoff des Black Diamond Bosuns\u00b4s Chair befinden sich in einer Ripstop-Nylon H\u00fclle. Diese kann man mit einem Klettverschluss \u00f6ffnen.<\/p>\n<p>Somit ist sowohl das Brett als auch der Schaumstoff austauschbar. Das kann im Laufe der Zeit n\u00f6tig sein, wenn der Schaumstoff &#8220;durchgesessen&#8221; ist. Oder wenn man das Brett gegen ein leichteres Material wie z.B. Alu tauschen will.<\/p>\n<h3>Rasch verstellbar<\/h3>\n<p>Der Black Diamond Bosuns\u00b4s Chair ist extrem schnell an die Gegebenheiten am Stand anpassbar.<\/p>\n<p>Hierf\u00fcr hat das Sitzbrett n\u00e4mlich zwei lange Schlaufen mit je einem Verstellmechanismus. Das sind Schnallen aus Stahl, die ganz easy zu bedienen sind.<\/p>\n<p>Somit ist das Set up am Stand rasch erledigt.<\/p>\n<p>Einfach die Schlaufen einh\u00e4ngen. Stellt die L\u00e4nge dann so ein, dass ihr mit dem Hintern grade drauf sitzen k\u00f6nnt. So stellt ihr sicher, dass viel K\u00f6rpergewicht am Brett ist und nicht im Klettergurt.<\/p>\n","protected":false},"excerpt":{"rendered":"<p>Sitzbrett f\u00fcr lange Mehrseill\u00e4ngen, H\u00f6henarbeiten und Big Walls.<\/p>\n<p>Sehr leicht anpassbar bzw. verstellbar. Entlastet euren Klettergurt an &#8220;hanging belays&#8221;.<\/p>\n<p><img decoding=\"async\" class=\"emoji\" role=\"img\" draggable=\"false\" src=\"https:\/\/s.w.org\/images\/core\/emoji\/13.1.0\/svg\/2705.svg\" alt=\"\u2705\" \/> Versandkostenfrei bis 2kg in <img decoding=\"async\" class=\"emoji\" role=\"img\" draggable=\"false\" src=\"https:\/\/s.w.org\/images\/core\/emoji\/13.1.0\/svg\/1f1e6-1f1f9.svg\" alt=\"\ud83c\udde6\ud83c\uddf9\" \/>\u00a0ab \u20ac 100,- und\u00a0<img decoding=\"async\" class=\"emoji\" role=\"img\" draggable=\"false\" src=\"https:\/\/s.w.org\/images\/core\/emoji\/13.1.0\/svg\/1f1e9-1f1ea.svg\" alt=\"\ud83c\udde9\ud83c\uddea\" \/>\u00a0ab \u20ac 200,-!<\/p>\n","protected":false},"featured_media":13096,"comment_status":"closed","ping_status":"closed","template":"","meta":[],"product_brand":[],"product_cat":[31],"product_tag":[],"class_list":{"0":"post-13094","1":"product","2":"type-product","3":"status-publish","4":"has-post-thumbnail","6":"product_cat-big-wall-ausruestung","8":"first","9":"outofstock","10":"sale","11":"taxable","12":"shipping-taxable","13":"purchasable","14":"product-type-simple"},"yoast_head":"<!-- This site is optimized with the Yoast SEO Premium plugin v26.9 (Yoast SEO v26.9) - https:\/\/yoast.com\/product\/yoast-seo-premium-wordpress\/ -->\n<title>Black Diamond Bosuns\u00b4s Chair Sitzbrett f\u00fcr Big Walls | bolting.eu<\/title>\n<meta name=\"description\" content=\"BLACK DIAMOND BOSUN\u00b4S CHAIR - Sitzbrett f\u00fcr Big Walls beim Hardwareprofi kaufen. \u2705 gratis Versand* \u2705 R\u00fcckgaberecht \u2705 Garantie \u2705 Beratung\" \/>\n<meta name=\"robots\" content=\"index, follow, max-snippet:-1, max-image-preview:large, max-video-preview:-1\" \/>\n<link rel=\"canonical\" href=\"https:\/\/bolting.eu\/en\/shop\/black-diamond-bosunss-chair\/\" \/>\n<meta property=\"og:locale\" content=\"en_US\" \/>\n<meta property=\"og:type\" content=\"article\" \/>\n<meta property=\"og:title\" content=\"Black Diamond Bosuns\u00b4s Chair\" \/>\n<meta property=\"og:description\" content=\"BLACK DIAMOND BOSUN\u00b4S CHAIR - Sitzbrett f\u00fcr Big Walls beim Hardwareprofi kaufen. \u2705 gratis Versand* \u2705 R\u00fcckgaberecht \u2705 Garantie \u2705 Beratung\" \/>\n<meta property=\"og:url\" content=\"https:\/\/bolting.eu\/en\/shop\/black-diamond-bosunss-chair\/\" \/>\n<meta property=\"og:site_name\" content=\"bolting.eu\" \/>\n<meta property=\"article:publisher\" content=\"https:\/\/www.facebook.com\/bolting.eu\" \/>\n<meta property=\"article:modified_time\" content=\"2025-04-10T16:00:33+00:00\" \/>\n<meta property=\"og:image\" content=\"https:\/\/bolting.eu\/wp-content\/uploads\/2022\/08\/BD-Bosuns-Chair-1.jpg\" \/>\n\t<meta property=\"og:image:width\" content=\"700\" \/>\n\t<meta property=\"og:image:height\" content=\"700\" \/>\n\t<meta property=\"og:image:type\" content=\"image\/jpeg\" \/>\n<meta name=\"twitter:card\" content=\"summary_large_image\" \/>\n<meta name=\"twitter:label1\" content=\"Price\" \/>\n\t<meta name=\"twitter:data1\" content=\"&euro;&nbsp;65,00\" \/>\n\t<meta name=\"twitter:label2\" content=\"Availability\" \/>\n\t<meta name=\"twitter:data2\" content=\"Out of stock\" \/>\n<script type=\"application\/ld+json\" class=\"yoast-schema-graph\">{\"@context\":\"https:\/\/schema.org\",\"@graph\":[{\"@type\":[\"WebPage\",\"ItemPage\"],\"@id\":\"https:\/\/bolting.eu\/en\/shop\/black-diamond-bosunss-chair\/\",\"url\":\"https:\/\/bolting.eu\/en\/shop\/black-diamond-bosunss-chair\/\",\"name\":\"Black Diamond Bosuns\u00b4s Chair Sitzbrett f\u00fcr Big Walls | bolting.eu\",\"isPartOf\":{\"@id\":\"https:\/\/bolting.eu\/en\/#website\"},\"primaryImageOfPage\":{\"@id\":\"https:\/\/bolting.eu\/en\/shop\/black-diamond-bosunss-chair\/#primaryimage\"},\"image\":{\"@id\":\"https:\/\/bolting.eu\/en\/shop\/black-diamond-bosunss-chair\/#primaryimage\"},\"thumbnailUrl\":\"https:\/\/bolting.eu\/wp-content\/uploads\/2022\/08\/BD-Bosuns-Chair-1.jpg\",\"datePublished\":\"2022-08-30T09:12:26+00:00\",\"dateModified\":\"2025-04-10T16:00:33+00:00\",\"description\":\"BLACK DIAMOND BOSUN\u00b4S CHAIR - Sitzbrett f\u00fcr Big Walls beim Hardwareprofi kaufen. \u2705 gratis Versand* \u2705 R\u00fcckgaberecht \u2705 Garantie \u2705 Beratung\",\"breadcrumb\":{\"@id\":\"https:\/\/bolting.eu\/en\/shop\/black-diamond-bosunss-chair\/#breadcrumb\"},\"inLanguage\":\"en-US\",\"potentialAction\":[{\"@type\":\"ReadAction\",\"target\":[\"https:\/\/bolting.eu\/en\/shop\/black-diamond-bosunss-chair\/\"]}]},{\"@type\":\"ImageObject\",\"inLanguage\":\"en-US\",\"@id\":\"https:\/\/bolting.eu\/en\/shop\/black-diamond-bosunss-chair\/#primaryimage\",\"url\":\"https:\/\/bolting.eu\/wp-content\/uploads\/2022\/08\/BD-Bosuns-Chair-1.jpg\",\"contentUrl\":\"https:\/\/bolting.eu\/wp-content\/uploads\/2022\/08\/BD-Bosuns-Chair-1.jpg\",\"width\":700,\"height\":700,\"caption\":\"Das Bild zeigt einen h\u00e4ngenden Black Diamond Bosuns Chair. MAn erkennt das Sitzbrett, die Schlaufen und gelben Aufh\u00e4ngeschlaufen.\"},{\"@type\":\"BreadcrumbList\",\"@id\":\"https:\/\/bolting.eu\/en\/shop\/black-diamond-bosunss-chair\/#breadcrumb\",\"itemListElement\":[{\"@type\":\"ListItem\",\"position\":1,\"name\":\"Shop\",\"item\":\"https:\/\/bolting.eu\/en\/shop\/\"},{\"@type\":\"ListItem\",\"position\":2,\"name\":\"Big Wall gear\",\"item\":\"https:\/\/bolting.eu\/en\/produkt-kategorie\/big-wall-gear\/\"},{\"@type\":\"ListItem\",\"position\":3,\"name\":\"Black Diamond Bosuns\u00b4s Chair\"}]},{\"@type\":\"WebSite\",\"@id\":\"https:\/\/bolting.eu\/en\/#website\",\"url\":\"https:\/\/bolting.eu\/en\/\",\"name\":\"bolting.eu\",\"description\":\"we make climbs happen\",\"publisher\":{\"@id\":\"https:\/\/bolting.eu\/en\/#organization\"},\"potentialAction\":[{\"@type\":\"SearchAction\",\"target\":{\"@type\":\"EntryPoint\",\"urlTemplate\":\"https:\/\/bolting.eu\/en\/?s={search_term_string}\"},\"query-input\":{\"@type\":\"PropertyValueSpecification\",\"valueRequired\":true,\"valueName\":\"search_term_string\"}}],\"inLanguage\":\"en-US\"},{\"@type\":[\"Organization\",\"Place\",\"SportingGoodsStore\"],\"@id\":\"https:\/\/bolting.eu\/en\/#organization\",\"name\":\"bolting.eu\",\"url\":\"https:\/\/bolting.eu\/en\/\",\"logo\":{\"@id\":\"https:\/\/bolting.eu\/en\/shop\/black-diamond-bosunss-chair\/#local-main-organization-logo\"},\"image\":{\"@id\":\"https:\/\/bolting.eu\/en\/shop\/black-diamond-bosunss-chair\/#local-main-organization-logo\"},\"sameAs\":[\"https:\/\/www.facebook.com\/bolting.eu\",\"https:\/\/www.instagram.com\/bolting.eu\/\"],\"address\":{\"@id\":\"https:\/\/bolting.eu\/en\/shop\/black-diamond-bosunss-chair\/#local-main-place-address\"},\"geo\":{\"@type\":\"GeoCoordinates\",\"latitude\":\"47.264176340396226\",\"longitude\":\"11.380109057672346\"},\"telephone\":[\"+43 699 19083372\"],\"openingHoursSpecification\":[{\"@type\":\"OpeningHoursSpecification\",\"dayOfWeek\":[\"Monday\",\"Wednesday\",\"Friday\"],\"opens\":\"14:00\",\"closes\":\"18:00\"},{\"@type\":\"OpeningHoursSpecification\",\"dayOfWeek\":[\"Tuesday\",\"Thursday\",\"Saturday\",\"Sunday\"],\"opens\":\"00:00\",\"closes\":\"00:00\"}],\"email\":\"office@bolting.eu\",\"vatID\":\"ATU59999728\",\"priceRange\":\"$$\",\"currenciesAccepted\":\"Euro\"},{\"@type\":\"PostalAddress\",\"@id\":\"https:\/\/bolting.eu\/en\/shop\/black-diamond-bosunss-chair\/#local-main-place-address\",\"streetAddress\":\"Fischnalerstra\u00dfe 4\",\"addressLocality\":\"Innsbruck\",\"postalCode\":\"6020\",\"addressRegion\":\"Tirol\",\"addressCountry\":\"AT\"},{\"@type\":\"ImageObject\",\"inLanguage\":\"en-US\",\"@id\":\"https:\/\/bolting.eu\/en\/shop\/black-diamond-bosunss-chair\/#local-main-organization-logo\",\"url\":\"https:\/\/bolting.eu\/wp-content\/uploads\/2019\/09\/bolting-logo.png\",\"contentUrl\":\"https:\/\/bolting.eu\/wp-content\/uploads\/2019\/09\/bolting-logo.png\",\"width\":400,\"height\":211,\"caption\":\"bolting.eu\"}]}<\/script>\n<meta property=\"product:price:amount\" content=\"65.00\" \/>\n<meta property=\"product:price:currency\" content=\"EUR\" \/>\n<meta property=\"og:availability\" content=\"out of stock\" \/>\n<meta property=\"product:availability\" content=\"out of stock\" \/>\n<meta property=\"product:retailer_item_id\" content=\"810460\" \/>\n<meta property=\"product:condition\" content=\"new\" \/>\n<meta name=\"geo.placename\" content=\"Innsbruck\" \/>\n<meta name=\"geo.position\" content=\"47.264176340396226;11.380109057672346\" \/>\n<meta name=\"geo.region\" content=\"Austria\" \/>\n<!-- \/ Yoast SEO Premium plugin. -->","yoast_head_json":{"title":"Black Diamond Bosuns\u00b4s Chair Sitzbrett f\u00fcr Big Walls | bolting.eu","description":"BLACK DIAMOND BOSUN\u00b4S CHAIR - Sitzbrett f\u00fcr Big Walls beim Hardwareprofi kaufen. \u2705 gratis Versand* \u2705 R\u00fcckgaberecht \u2705 Garantie \u2705 Beratung","robots":{"index":"index","follow":"follow","max-snippet":"max-snippet:-1","max-image-preview":"max-image-preview:large","max-video-preview":"max-video-preview:-1"},"canonical":"https:\/\/bolting.eu\/en\/shop\/black-diamond-bosunss-chair\/","og_locale":"en_US","og_type":"article","og_title":"Black Diamond Bosuns\u00b4s Chair","og_description":"BLACK DIAMOND BOSUN\u00b4S CHAIR - Sitzbrett f\u00fcr Big Walls beim Hardwareprofi kaufen. \u2705 gratis Versand* \u2705 R\u00fcckgaberecht \u2705 Garantie \u2705 Beratung","og_url":"https:\/\/bolting.eu\/en\/shop\/black-diamond-bosunss-chair\/","og_site_name":"bolting.eu","article_publisher":"https:\/\/www.facebook.com\/bolting.eu","article_modified_time":"2025-04-10T16:00:33+00:00","og_image":[{"width":700,"height":700,"url":"https:\/\/bolting.eu\/wp-content\/uploads\/2022\/08\/BD-Bosuns-Chair-1.jpg","type":"image\/jpeg"}],"twitter_card":"summary_large_image","twitter_misc":{"Price":"&euro;&nbsp;65,00","Availability":"Out of stock"},"schema":{"@context":"https:\/\/schema.org","@graph":[{"@type":["WebPage","ItemPage"],"@id":"https:\/\/bolting.eu\/en\/shop\/black-diamond-bosunss-chair\/","url":"https:\/\/bolting.eu\/en\/shop\/black-diamond-bosunss-chair\/","name":"Black Diamond Bosuns\u00b4s Chair Sitzbrett f\u00fcr Big Walls | bolting.eu","isPartOf":{"@id":"https:\/\/bolting.eu\/en\/#website"},"primaryImageOfPage":{"@id":"https:\/\/bolting.eu\/en\/shop\/black-diamond-bosunss-chair\/#primaryimage"},"image":{"@id":"https:\/\/bolting.eu\/en\/shop\/black-diamond-bosunss-chair\/#primaryimage"},"thumbnailUrl":"https:\/\/bolting.eu\/wp-content\/uploads\/2022\/08\/BD-Bosuns-Chair-1.jpg","datePublished":"2022-08-30T09:12:26+00:00","dateModified":"2025-04-10T16:00:33+00:00","description":"BLACK DIAMOND BOSUN\u00b4S CHAIR - Sitzbrett f\u00fcr Big Walls beim Hardwareprofi kaufen. \u2705 gratis Versand* \u2705 R\u00fcckgaberecht \u2705 Garantie \u2705 Beratung","breadcrumb":{"@id":"https:\/\/bolting.eu\/en\/shop\/black-diamond-bosunss-chair\/#breadcrumb"},"inLanguage":"en-US","potentialAction":[{"@type":"ReadAction","target":["https:\/\/bolting.eu\/en\/shop\/black-diamond-bosunss-chair\/"]}]},{"@type":"ImageObject","inLanguage":"en-US","@id":"https:\/\/bolting.eu\/en\/shop\/black-diamond-bosunss-chair\/#primaryimage","url":"https:\/\/bolting.eu\/wp-content\/uploads\/2022\/08\/BD-Bosuns-Chair-1.jpg","contentUrl":"https:\/\/bolting.eu\/wp-content\/uploads\/2022\/08\/BD-Bosuns-Chair-1.jpg","width":700,"height":700,"caption":"Das Bild zeigt einen h\u00e4ngenden Black Diamond Bosuns Chair. MAn erkennt das Sitzbrett, die Schlaufen und gelben Aufh\u00e4ngeschlaufen."},{"@type":"BreadcrumbList","@id":"https:\/\/bolting.eu\/en\/shop\/black-diamond-bosunss-chair\/#breadcrumb","itemListElement":[{"@type":"ListItem","position":1,"name":"Shop","item":"https:\/\/bolting.eu\/en\/shop\/"},{"@type":"ListItem","position":2,"name":"Big Wall gear","item":"https:\/\/bolting.eu\/en\/produkt-kategorie\/big-wall-gear\/"},{"@type":"ListItem","position":3,"name":"Black Diamond Bosuns\u00b4s Chair"}]},{"@type":"WebSite","@id":"https:\/\/bolting.eu\/en\/#website","url":"https:\/\/bolting.eu\/en\/","name":"bolting.eu","description":"we make climbs happen","publisher":{"@id":"https:\/\/bolting.eu\/en\/#organization"},"potentialAction":[{"@type":"SearchAction","target":{"@type":"EntryPoint","urlTemplate":"https:\/\/bolting.eu\/en\/?s={search_term_string}"},"query-input":{"@type":"PropertyValueSpecification","valueRequired":true,"valueName":"search_term_string"}}],"inLanguage":"en-US"},{"@type":["Organization","Place","SportingGoodsStore"],"@id":"https:\/\/bolting.eu\/en\/#organization","name":"bolting.eu","url":"https:\/\/bolting.eu\/en\/","logo":{"@id":"https:\/\/bolting.eu\/en\/shop\/black-diamond-bosunss-chair\/#local-main-organization-logo"},"image":{"@id":"https:\/\/bolting.eu\/en\/shop\/black-diamond-bosunss-chair\/#local-main-organization-logo"},"sameAs":["https:\/\/www.facebook.com\/bolting.eu","https:\/\/www.instagram.com\/bolting.eu\/"],"address":{"@id":"https:\/\/bolting.eu\/en\/shop\/black-diamond-bosunss-chair\/#local-main-place-address"},"geo":{"@type":"GeoCoordinates","latitude":"47.264176340396226","longitude":"11.380109057672346"},"telephone":["+43 699 19083372"],"openingHoursSpecification":[{"@type":"OpeningHoursSpecification","dayOfWeek":["Monday","Wednesday","Friday"],"opens":"14:00","closes":"18:00"},{"@type":"OpeningHoursSpecification","dayOfWeek":["Tuesday","Thursday","Saturday","Sunday"],"opens":"00:00","closes":"00:00"}],"email":"office@bolting.eu","vatID":"ATU59999728","priceRange":"$$","currenciesAccepted":"Euro"},{"@type":"PostalAddress","@id":"https:\/\/bolting.eu\/en\/shop\/black-diamond-bosunss-chair\/#local-main-place-address","streetAddress":"Fischnalerstra\u00dfe 4","addressLocality":"Innsbruck","postalCode":"6020","addressRegion":"Tirol","addressCountry":"AT"},{"@type":"ImageObject","inLanguage":"en-US","@id":"https:\/\/bolting.eu\/en\/shop\/black-diamond-bosunss-chair\/#local-main-organization-logo","url":"https:\/\/bolting.eu\/wp-content\/uploads\/2019\/09\/bolting-logo.png","contentUrl":"https:\/\/bolting.eu\/wp-content\/uploads\/2019\/09\/bolting-logo.png","width":400,"height":211,"caption":"bolting.eu"}]},"product_price_amount":"65.00","product_price_currency":"EUR","og_availability":"out of stock","product_availability":"out of stock","product_retailer_item_id":"810460","product_condition":"new","geo.placename":"Innsbruck","geo.position":{"lat":"47.264176340396226","long":"11.380109057672346"},"geo.region":"Austria"},"_links":{"self":[{"href":"https:\/\/bolting.eu\/en\/wp-json\/wp\/v2\/product\/13094","targetHints":{"allow":["GET"]}}],"collection":[{"href":"https:\/\/bolting.eu\/en\/wp-json\/wp\/v2\/product"}],"about":[{"href":"https:\/\/bolting.eu\/en\/wp-json\/wp\/v2\/types\/product"}],"replies":[{"embeddable":true,"href":"https:\/\/bolting.eu\/en\/wp-json\/wp\/v2\/comments?post=13094"}],"wp:featuredmedia":[{"embeddable":true,"href":"https:\/\/bolting.eu\/en\/wp-json\/wp\/v2\/media\/13096"}],"wp:attachment":[{"href":"https:\/\/bolting.eu\/en\/wp-json\/wp\/v2\/media?parent=13094"}],"wp:term":[{"taxonomy":"product_brand","embeddable":true,"href":"https:\/\/bolting.eu\/en\/wp-json\/wp\/v2\/product_brand?post=13094"},{"taxonomy":"product_cat","embeddable":true,"href":"https:\/\/bolting.eu\/en\/wp-json\/wp\/v2\/product_cat?post=13094"},{"taxonomy":"product_tag","embeddable":true,"href":"https:\/\/bolting.eu\/en\/wp-json\/wp\/v2\/product_tag?post=13094"}],"curies":[{"name":"wp","href":"https:\/\/api.w.org\/{rel}","templated":true}]}}