{"id":13045,"date":"2022-08-28T15:37:04","date_gmt":"2022-08-28T13:37:04","guid":{"rendered":"https:\/\/bolting.eu\/?post_type=product&#038;p=13045"},"modified":"2025-05-15T20:21:33","modified_gmt":"2025-05-15T18:21:33","slug":"edelrid-hannibal-abseilachter","status":"publish","type":"product","link":"https:\/\/bolting.eu\/en\/shop\/edelrid-hannibal-abseilachter\/","title":{"rendered":"Edelrid Hannibal Abseilachter"},"content":{"rendered":"<p>Der Edelrid Hannibal Abseilachter ist ein Modell f\u00fcr das Canyoning. Hierf\u00fcr ist es zum einen aus einer harten Aluminium Legierung gefertigt. Und zum anderen sorgen die zwei H\u00f6rner f\u00fcr viele Seilkonfigurationen und somit Bremsstufen.<\/p>\n<p>Dieses Modell ist f\u00fcr Einfachseile gedacht. Dabei empfiehlt Edelrid Seildurchmessser von 8,5mm bis 12mm.<\/p>\n<p>Der Canyoning Abseilachter hat in der Karabiner\u00f6se einen Gummiring. Hier kann der Sicherungskarabiner eingeh\u00e4ngt und ideal fixiert werden. Dadurch werden gef\u00e4hrliche Querbelastungen vermieden.<\/p>\n<h2>Eigenschaften Edelrid Hannibal Abseilachter<\/h2>\n<ul>\n<li>Hersteller: Edelrid<\/li>\n<li>Material: harte Alu Legierung<\/li>\n<li>Gewicht: 105 Gramm<\/li>\n<li>konzipiert f\u00fcr Einfachseile und Canyoning<\/li>\n<li>Normen: EN 15151-2<\/li>\n<li>Seildurchmesser: 8,5mm &#8211; 12mm<\/li>\n<li>mehrere Bremsstufen durch H\u00f6rner an der gro\u00dfen \u00d6se<\/li>\n<li><a href=\"https:\/\/avs.edelrid.com\/images\/attribut\/54568_GAL_HANNIBAL_ANSICHT.pdf\" target=\"_blank\" rel=\"noopener\">Bedienungsanleitung<\/a><\/li>\n<\/ul>\n<p>&nbsp;<\/p>\n","protected":false},"excerpt":{"rendered":"<p>Abseilachter mit spezieller Geometrie f\u00fcr das Canyoning bzw. Einfachseile. Empfohlene Seildurchmesser 8,5mm bis 12mm.<\/p>\n<p>Aus geh\u00e4rterte Alulegierung f\u00fcr hohe Abriebfestigkeit.<\/p>\n<p>\u2705 Versandkostenfrei bis 2kg in <img decoding=\"async\" class=\"emoji\" role=\"img\" draggable=\"false\" src=\"https:\/\/s.w.org\/images\/core\/emoji\/13.1.0\/svg\/1f1e6-1f1f9.svg\" alt=\"\ud83c\udde6\ud83c\uddf9\" \/>\u00a0ab \u20ac 100,- und\u00a0<img decoding=\"async\" class=\"emoji\" role=\"img\" draggable=\"false\" src=\"https:\/\/s.w.org\/images\/core\/emoji\/13.1.0\/svg\/1f1e9-1f1ea.svg\" alt=\"\ud83c\udde9\ud83c\uddea\" \/>\u00a0ab \u20ac 200,-!<\/p>\n","protected":false},"featured_media":13047,"comment_status":"closed","ping_status":"closed","template":"","meta":[],"product_brand":[],"product_cat":[3711,4655,14249,29],"product_tag":[],"class_list":{"0":"post-13045","1":"product","2":"type-product","3":"status-publish","4":"has-post-thumbnail","6":"product_cat-sicherungsgeraete-klettern","7":"product_cat-edelrid","8":"product_cat-abseilachter","9":"product_cat-kletterausruestung","11":"first","12":"instock","13":"taxable","14":"shipping-taxable","15":"purchasable","16":"product-type-simple"},"yoast_head":"<!-- This site is optimized with the Yoast SEO Premium plugin v26.9 (Yoast SEO v26.9) - https:\/\/yoast.com\/product\/yoast-seo-premium-wordpress\/ -->\n<title>Edelrid Hannibal Abseilachter f\u00fcr Canyoning | bolting.eu<\/title>\n<meta name=\"description\" content=\"EDELRID HANNIBAL ABSEILACHTER f\u00fcr\u00b4s Canyoning beim Hardwareprofi kaufen. \u2705 Versandkostenfrei bis 2kg in \u00a0ab \u20ac 100,- und\u00a0\u00a0ab \u20ac 200,-!\" \/>\n<meta name=\"robots\" content=\"index, follow, max-snippet:-1, max-image-preview:large, max-video-preview:-1\" \/>\n<link rel=\"canonical\" href=\"https:\/\/bolting.eu\/en\/shop\/edelrid-hannibal-abseilachter\/\" \/>\n<meta property=\"og:locale\" content=\"en_US\" \/>\n<meta property=\"og:type\" content=\"article\" \/>\n<meta property=\"og:title\" content=\"Edelrid Hannibal Abseilachter\" \/>\n<meta property=\"og:description\" content=\"EDELRID HANNIBAL ABSEILACHTER f\u00fcr\u00b4s Canyoning beim Hardwareprofi kaufen. \u2705 Versandkostenfrei bis 2kg in \u00a0ab \u20ac 100,- und\u00a0\u00a0ab \u20ac 200,-!\" \/>\n<meta property=\"og:url\" content=\"https:\/\/bolting.eu\/en\/shop\/edelrid-hannibal-abseilachter\/\" \/>\n<meta property=\"og:site_name\" content=\"bolting.eu\" \/>\n<meta property=\"article:publisher\" content=\"https:\/\/www.facebook.com\/bolting.eu\" \/>\n<meta property=\"article:modified_time\" content=\"2025-05-15T18:21:33+00:00\" \/>\n<meta property=\"og:image\" content=\"https:\/\/bolting.eu\/wp-content\/uploads\/2022\/08\/Edelrid-Hannibal-1.jpg\" \/>\n\t<meta property=\"og:image:width\" content=\"700\" \/>\n\t<meta property=\"og:image:height\" content=\"700\" \/>\n\t<meta property=\"og:image:type\" content=\"image\/jpeg\" \/>\n<meta name=\"twitter:card\" content=\"summary_large_image\" \/>\n<meta name=\"twitter:label1\" content=\"Price\" \/>\n\t<meta name=\"twitter:data1\" content=\"&euro;&nbsp;25,00\" \/>\n\t<meta name=\"twitter:label2\" content=\"Availability\" \/>\n\t<meta name=\"twitter:data2\" content=\"In stock\" \/>\n<script type=\"application\/ld+json\" class=\"yoast-schema-graph\">{\"@context\":\"https:\/\/schema.org\",\"@graph\":[{\"@type\":[\"WebPage\",\"ItemPage\"],\"@id\":\"https:\/\/bolting.eu\/en\/shop\/edelrid-hannibal-abseilachter\/\",\"url\":\"https:\/\/bolting.eu\/en\/shop\/edelrid-hannibal-abseilachter\/\",\"name\":\"Edelrid Hannibal Abseilachter f\u00fcr Canyoning | bolting.eu\",\"isPartOf\":{\"@id\":\"https:\/\/bolting.eu\/en\/#website\"},\"primaryImageOfPage\":{\"@id\":\"https:\/\/bolting.eu\/en\/shop\/edelrid-hannibal-abseilachter\/#primaryimage\"},\"image\":{\"@id\":\"https:\/\/bolting.eu\/en\/shop\/edelrid-hannibal-abseilachter\/#primaryimage\"},\"thumbnailUrl\":\"https:\/\/bolting.eu\/wp-content\/uploads\/2022\/08\/Edelrid-Hannibal-1.jpg\",\"datePublished\":\"2022-08-28T13:37:04+00:00\",\"dateModified\":\"2025-05-15T18:21:33+00:00\",\"description\":\"EDELRID HANNIBAL ABSEILACHTER f\u00fcr\u00b4s Canyoning beim Hardwareprofi kaufen. \u2705 Versandkostenfrei bis 2kg in \u00a0ab \u20ac 100,- und\u00a0\u00a0ab \u20ac 200,-!\",\"breadcrumb\":{\"@id\":\"https:\/\/bolting.eu\/en\/shop\/edelrid-hannibal-abseilachter\/#breadcrumb\"},\"inLanguage\":\"en-US\",\"potentialAction\":[{\"@type\":\"ReadAction\",\"target\":[\"https:\/\/bolting.eu\/en\/shop\/edelrid-hannibal-abseilachter\/\"]}]},{\"@type\":\"ImageObject\",\"inLanguage\":\"en-US\",\"@id\":\"https:\/\/bolting.eu\/en\/shop\/edelrid-hannibal-abseilachter\/#primaryimage\",\"url\":\"https:\/\/bolting.eu\/wp-content\/uploads\/2022\/08\/Edelrid-Hannibal-1.jpg\",\"contentUrl\":\"https:\/\/bolting.eu\/wp-content\/uploads\/2022\/08\/Edelrid-Hannibal-1.jpg\",\"width\":700,\"height\":700,\"caption\":\"Das Bild zeigt den gr\u00fcnen Edelrid Hannibal Abseilachter senkrecht in einem wei\u00dfem Quadrat. Der Abseilachter hat zwei H\u00f6rner an gro\u00dfer und kleiner \u00d6se.\"},{\"@type\":\"BreadcrumbList\",\"@id\":\"https:\/\/bolting.eu\/en\/shop\/edelrid-hannibal-abseilachter\/#breadcrumb\",\"itemListElement\":[{\"@type\":\"ListItem\",\"position\":1,\"name\":\"Shop\",\"item\":\"https:\/\/bolting.eu\/en\/shop\/\"},{\"@type\":\"ListItem\",\"position\":2,\"name\":\"climbing equipment\",\"item\":\"https:\/\/bolting.eu\/en\/produkt-kategorie\/climbing-equipment\/\"},{\"@type\":\"ListItem\",\"position\":3,\"name\":\"Sicherungsger\u00e4te Klettern\",\"item\":\"https:\/\/bolting.eu\/produkt-kategorie\/kletterausruestung\/sicherungsgeraete-klettern\/\"},{\"@type\":\"ListItem\",\"position\":4,\"name\":\"Abseilachter\",\"item\":\"https:\/\/bolting.eu\/produkt-kategorie\/kletterausruestung\/sicherungsgeraete-klettern\/abseilachter\/\"},{\"@type\":\"ListItem\",\"position\":5,\"name\":\"Edelrid Hannibal Abseilachter\"}]},{\"@type\":\"WebSite\",\"@id\":\"https:\/\/bolting.eu\/en\/#website\",\"url\":\"https:\/\/bolting.eu\/en\/\",\"name\":\"bolting.eu\",\"description\":\"we make climbs happen\",\"publisher\":{\"@id\":\"https:\/\/bolting.eu\/en\/#organization\"},\"potentialAction\":[{\"@type\":\"SearchAction\",\"target\":{\"@type\":\"EntryPoint\",\"urlTemplate\":\"https:\/\/bolting.eu\/en\/?s={search_term_string}\"},\"query-input\":{\"@type\":\"PropertyValueSpecification\",\"valueRequired\":true,\"valueName\":\"search_term_string\"}}],\"inLanguage\":\"en-US\"},{\"@type\":[\"Organization\",\"Place\",\"SportingGoodsStore\"],\"@id\":\"https:\/\/bolting.eu\/en\/#organization\",\"name\":\"bolting.eu\",\"url\":\"https:\/\/bolting.eu\/en\/\",\"logo\":{\"@id\":\"https:\/\/bolting.eu\/en\/shop\/edelrid-hannibal-abseilachter\/#local-main-organization-logo\"},\"image\":{\"@id\":\"https:\/\/bolting.eu\/en\/shop\/edelrid-hannibal-abseilachter\/#local-main-organization-logo\"},\"sameAs\":[\"https:\/\/www.facebook.com\/bolting.eu\",\"https:\/\/www.instagram.com\/bolting.eu\/\"],\"address\":{\"@id\":\"https:\/\/bolting.eu\/en\/shop\/edelrid-hannibal-abseilachter\/#local-main-place-address\"},\"geo\":{\"@type\":\"GeoCoordinates\",\"latitude\":\"47.264176340396226\",\"longitude\":\"11.380109057672346\"},\"telephone\":[\"+43 699 19083372\"],\"openingHoursSpecification\":[{\"@type\":\"OpeningHoursSpecification\",\"dayOfWeek\":[\"Monday\",\"Wednesday\",\"Friday\"],\"opens\":\"14:00\",\"closes\":\"18:00\"},{\"@type\":\"OpeningHoursSpecification\",\"dayOfWeek\":[\"Tuesday\",\"Thursday\",\"Saturday\",\"Sunday\"],\"opens\":\"00:00\",\"closes\":\"00:00\"}],\"email\":\"office@bolting.eu\",\"vatID\":\"ATU59999728\",\"priceRange\":\"$$\",\"currenciesAccepted\":\"Euro\"},{\"@type\":\"PostalAddress\",\"@id\":\"https:\/\/bolting.eu\/en\/shop\/edelrid-hannibal-abseilachter\/#local-main-place-address\",\"streetAddress\":\"Fischnalerstra\u00dfe 4\",\"addressLocality\":\"Innsbruck\",\"postalCode\":\"6020\",\"addressRegion\":\"Tirol\",\"addressCountry\":\"AT\"},{\"@type\":\"ImageObject\",\"inLanguage\":\"en-US\",\"@id\":\"https:\/\/bolting.eu\/en\/shop\/edelrid-hannibal-abseilachter\/#local-main-organization-logo\",\"url\":\"https:\/\/bolting.eu\/wp-content\/uploads\/2019\/09\/bolting-logo.png\",\"contentUrl\":\"https:\/\/bolting.eu\/wp-content\/uploads\/2019\/09\/bolting-logo.png\",\"width\":400,\"height\":211,\"caption\":\"bolting.eu\"}]}<\/script>\n<meta property=\"product:price:amount\" content=\"25.00\" \/>\n<meta property=\"product:price:currency\" content=\"EUR\" \/>\n<meta property=\"og:availability\" content=\"instock\" \/>\n<meta property=\"product:availability\" content=\"instock\" \/>\n<meta property=\"product:retailer_item_id\" content=\"720220001380\" \/>\n<meta property=\"product:condition\" content=\"new\" \/>\n<meta name=\"geo.placename\" content=\"Innsbruck\" \/>\n<meta name=\"geo.position\" content=\"47.264176340396226;11.380109057672346\" \/>\n<meta name=\"geo.region\" content=\"Austria\" \/>\n<!-- \/ Yoast SEO Premium plugin. -->","yoast_head_json":{"title":"Edelrid Hannibal Abseilachter f\u00fcr Canyoning | bolting.eu","description":"EDELRID HANNIBAL ABSEILACHTER f\u00fcr\u00b4s Canyoning beim Hardwareprofi kaufen. \u2705 Versandkostenfrei bis 2kg in \u00a0ab \u20ac 100,- und\u00a0\u00a0ab \u20ac 200,-!","robots":{"index":"index","follow":"follow","max-snippet":"max-snippet:-1","max-image-preview":"max-image-preview:large","max-video-preview":"max-video-preview:-1"},"canonical":"https:\/\/bolting.eu\/en\/shop\/edelrid-hannibal-abseilachter\/","og_locale":"en_US","og_type":"article","og_title":"Edelrid Hannibal Abseilachter","og_description":"EDELRID HANNIBAL ABSEILACHTER f\u00fcr\u00b4s Canyoning beim Hardwareprofi kaufen. \u2705 Versandkostenfrei bis 2kg in \u00a0ab \u20ac 100,- und\u00a0\u00a0ab \u20ac 200,-!","og_url":"https:\/\/bolting.eu\/en\/shop\/edelrid-hannibal-abseilachter\/","og_site_name":"bolting.eu","article_publisher":"https:\/\/www.facebook.com\/bolting.eu","article_modified_time":"2025-05-15T18:21:33+00:00","og_image":[{"width":700,"height":700,"url":"https:\/\/bolting.eu\/wp-content\/uploads\/2022\/08\/Edelrid-Hannibal-1.jpg","type":"image\/jpeg"}],"twitter_card":"summary_large_image","twitter_misc":{"Price":"&euro;&nbsp;25,00","Availability":"In stock"},"schema":{"@context":"https:\/\/schema.org","@graph":[{"@type":["WebPage","ItemPage"],"@id":"https:\/\/bolting.eu\/en\/shop\/edelrid-hannibal-abseilachter\/","url":"https:\/\/bolting.eu\/en\/shop\/edelrid-hannibal-abseilachter\/","name":"Edelrid Hannibal Abseilachter f\u00fcr Canyoning | bolting.eu","isPartOf":{"@id":"https:\/\/bolting.eu\/en\/#website"},"primaryImageOfPage":{"@id":"https:\/\/bolting.eu\/en\/shop\/edelrid-hannibal-abseilachter\/#primaryimage"},"image":{"@id":"https:\/\/bolting.eu\/en\/shop\/edelrid-hannibal-abseilachter\/#primaryimage"},"thumbnailUrl":"https:\/\/bolting.eu\/wp-content\/uploads\/2022\/08\/Edelrid-Hannibal-1.jpg","datePublished":"2022-08-28T13:37:04+00:00","dateModified":"2025-05-15T18:21:33+00:00","description":"EDELRID HANNIBAL ABSEILACHTER f\u00fcr\u00b4s Canyoning beim Hardwareprofi kaufen. \u2705 Versandkostenfrei bis 2kg in \u00a0ab \u20ac 100,- und\u00a0\u00a0ab \u20ac 200,-!","breadcrumb":{"@id":"https:\/\/bolting.eu\/en\/shop\/edelrid-hannibal-abseilachter\/#breadcrumb"},"inLanguage":"en-US","potentialAction":[{"@type":"ReadAction","target":["https:\/\/bolting.eu\/en\/shop\/edelrid-hannibal-abseilachter\/"]}]},{"@type":"ImageObject","inLanguage":"en-US","@id":"https:\/\/bolting.eu\/en\/shop\/edelrid-hannibal-abseilachter\/#primaryimage","url":"https:\/\/bolting.eu\/wp-content\/uploads\/2022\/08\/Edelrid-Hannibal-1.jpg","contentUrl":"https:\/\/bolting.eu\/wp-content\/uploads\/2022\/08\/Edelrid-Hannibal-1.jpg","width":700,"height":700,"caption":"Das Bild zeigt den gr\u00fcnen Edelrid Hannibal Abseilachter senkrecht in einem wei\u00dfem Quadrat. Der Abseilachter hat zwei H\u00f6rner an gro\u00dfer und kleiner \u00d6se."},{"@type":"BreadcrumbList","@id":"https:\/\/bolting.eu\/en\/shop\/edelrid-hannibal-abseilachter\/#breadcrumb","itemListElement":[{"@type":"ListItem","position":1,"name":"Shop","item":"https:\/\/bolting.eu\/en\/shop\/"},{"@type":"ListItem","position":2,"name":"climbing equipment","item":"https:\/\/bolting.eu\/en\/produkt-kategorie\/climbing-equipment\/"},{"@type":"ListItem","position":3,"name":"Sicherungsger\u00e4te Klettern","item":"https:\/\/bolting.eu\/produkt-kategorie\/kletterausruestung\/sicherungsgeraete-klettern\/"},{"@type":"ListItem","position":4,"name":"Abseilachter","item":"https:\/\/bolting.eu\/produkt-kategorie\/kletterausruestung\/sicherungsgeraete-klettern\/abseilachter\/"},{"@type":"ListItem","position":5,"name":"Edelrid Hannibal Abseilachter"}]},{"@type":"WebSite","@id":"https:\/\/bolting.eu\/en\/#website","url":"https:\/\/bolting.eu\/en\/","name":"bolting.eu","description":"we make climbs happen","publisher":{"@id":"https:\/\/bolting.eu\/en\/#organization"},"potentialAction":[{"@type":"SearchAction","target":{"@type":"EntryPoint","urlTemplate":"https:\/\/bolting.eu\/en\/?s={search_term_string}"},"query-input":{"@type":"PropertyValueSpecification","valueRequired":true,"valueName":"search_term_string"}}],"inLanguage":"en-US"},{"@type":["Organization","Place","SportingGoodsStore"],"@id":"https:\/\/bolting.eu\/en\/#organization","name":"bolting.eu","url":"https:\/\/bolting.eu\/en\/","logo":{"@id":"https:\/\/bolting.eu\/en\/shop\/edelrid-hannibal-abseilachter\/#local-main-organization-logo"},"image":{"@id":"https:\/\/bolting.eu\/en\/shop\/edelrid-hannibal-abseilachter\/#local-main-organization-logo"},"sameAs":["https:\/\/www.facebook.com\/bolting.eu","https:\/\/www.instagram.com\/bolting.eu\/"],"address":{"@id":"https:\/\/bolting.eu\/en\/shop\/edelrid-hannibal-abseilachter\/#local-main-place-address"},"geo":{"@type":"GeoCoordinates","latitude":"47.264176340396226","longitude":"11.380109057672346"},"telephone":["+43 699 19083372"],"openingHoursSpecification":[{"@type":"OpeningHoursSpecification","dayOfWeek":["Monday","Wednesday","Friday"],"opens":"14:00","closes":"18:00"},{"@type":"OpeningHoursSpecification","dayOfWeek":["Tuesday","Thursday","Saturday","Sunday"],"opens":"00:00","closes":"00:00"}],"email":"office@bolting.eu","vatID":"ATU59999728","priceRange":"$$","currenciesAccepted":"Euro"},{"@type":"PostalAddress","@id":"https:\/\/bolting.eu\/en\/shop\/edelrid-hannibal-abseilachter\/#local-main-place-address","streetAddress":"Fischnalerstra\u00dfe 4","addressLocality":"Innsbruck","postalCode":"6020","addressRegion":"Tirol","addressCountry":"AT"},{"@type":"ImageObject","inLanguage":"en-US","@id":"https:\/\/bolting.eu\/en\/shop\/edelrid-hannibal-abseilachter\/#local-main-organization-logo","url":"https:\/\/bolting.eu\/wp-content\/uploads\/2019\/09\/bolting-logo.png","contentUrl":"https:\/\/bolting.eu\/wp-content\/uploads\/2019\/09\/bolting-logo.png","width":400,"height":211,"caption":"bolting.eu"}]},"product_price_amount":"25.00","product_price_currency":"EUR","og_availability":"instock","product_availability":"instock","product_retailer_item_id":"720220001380","product_condition":"new","geo.placename":"Innsbruck","geo.position":{"lat":"47.264176340396226","long":"11.380109057672346"},"geo.region":"Austria"},"_links":{"self":[{"href":"https:\/\/bolting.eu\/en\/wp-json\/wp\/v2\/product\/13045","targetHints":{"allow":["GET"]}}],"collection":[{"href":"https:\/\/bolting.eu\/en\/wp-json\/wp\/v2\/product"}],"about":[{"href":"https:\/\/bolting.eu\/en\/wp-json\/wp\/v2\/types\/product"}],"replies":[{"embeddable":true,"href":"https:\/\/bolting.eu\/en\/wp-json\/wp\/v2\/comments?post=13045"}],"wp:featuredmedia":[{"embeddable":true,"href":"https:\/\/bolting.eu\/en\/wp-json\/wp\/v2\/media\/13047"}],"wp:attachment":[{"href":"https:\/\/bolting.eu\/en\/wp-json\/wp\/v2\/media?parent=13045"}],"wp:term":[{"taxonomy":"product_brand","embeddable":true,"href":"https:\/\/bolting.eu\/en\/wp-json\/wp\/v2\/product_brand?post=13045"},{"taxonomy":"product_cat","embeddable":true,"href":"https:\/\/bolting.eu\/en\/wp-json\/wp\/v2\/product_cat?post=13045"},{"taxonomy":"product_tag","embeddable":true,"href":"https:\/\/bolting.eu\/en\/wp-json\/wp\/v2\/product_tag?post=13045"}],"curies":[{"name":"wp","href":"https:\/\/api.w.org\/{rel}","templated":true}]}}