{"id":13032,"date":"2022-08-26T11:27:41","date_gmt":"2022-08-26T09:27:41","guid":{"rendered":"https:\/\/bolting.eu\/?post_type=product&#038;p=13032"},"modified":"2026-02-25T11:55:31","modified_gmt":"2026-02-25T10:55:31","slug":"petzl-purice-haue","status":"publish","type":"product","link":"https:\/\/bolting.eu\/en\/shop\/petzl-purice-haue\/","title":{"rendered":"Petzl Pur\u00b4Ice Haue"},"content":{"rendered":"<p>Die Petzl Pur\u00b4Ice Haue ist eine &#8220;Klinge&#8221; speziell f\u00fcr das reine Eisklettern.<\/p>\n<p>Folglich ist es zum einen f\u00fcr die Top Ger\u00e4te\u00a0<a href=\"https:\/\/bolting.eu\/shop\/petzl-ergonomic-eisgeraet\/\">Ergonomic<\/a> und <a href=\"https:\/\/bolting.eu\/shop\/petzl-nomic-eisgeraet\/\">Nomic<\/a> gedacht. Und zum anderen f\u00fcr den technisches Eispickel <a href=\"https:\/\/bolting.eu\/shop\/petzl-sumtec\/\">Petzl Sum\u00b4Tec<\/a> bzw. das Allround Ger\u00e4t <a href=\"https:\/\/bolting.eu\/shop\/petzl-quark-eisgeraet\/\">Petzl Quark<\/a>.<\/p>\n<p>Diese schmal zulaufende Haue ist komplett auf Performance in reinem Eis getrimmt. Sie verj\u00fcngt sich von der Basis her auf schmale 3mm. Zudem ist die H\u00f6he reduziert, damit die Klinge leicht einzuschlagen UND auch wieder entfernbar ist.<br \/>\nMit den <a href=\"https:\/\/bolting.eu\/shop\/petzl-masselottes\/\">Masselottes Zusatzgewichten<\/a> kann man das Einschlagverhalten noch optimieren.<\/p>\n<h2>Eigenschaften<\/h2>\n<ul>\n<li>Hersteller: <a href=\"https:\/\/bolting.eu\/produkt-kategorie\/petzl\/\">Petzl<\/a><\/li>\n<li>Bezeichnung: Petzl Pur\u00b4Ice Haue<\/li>\n<li>Artikelnummer: U021CA00<\/li>\n<li>Material: Chrom-Molybd\u00e4n Stahl<\/li>\n<li>Gewicht: 105 Gramm<\/li>\n<li>St\u00e4rke: 4mm an Basis &#8211; 3mm am Ende<\/li>\n<li>Einsatzbereich: <strong>reines<\/strong> <b>Eisklettern<\/b><\/li>\n<li>spitz zulaufend auf 3mm St\u00e4rke<\/li>\n<li>reduzierte H\u00f6he f\u00fcr leichtes Einschlagen und Herausnehmen<\/li>\n<li>abgeschr\u00e4gte untere Z\u00e4hne f\u00fcr besten Halt im Eis<\/li>\n<li>spitz zulaufende, obere KAnten zum &#8220;Schneiden&#8221; von Eis<\/li>\n<li>gezahnte obere Seite f\u00fcr besten Halt in Flanken<\/li>\n<li>speziell f\u00fcr Quark und Sum\u00b4Tec, sowie Nomic und Ergonomic<\/li>\n<li>Lieferumfang: 1 x Haue, 2 x Inbusschrauben, 2 x Beilagscheiben, 2 x 13mm Muttern, Gummischutz f\u00fcr Hauenspitze;<\/li>\n<li><a href=\"https:\/\/www.petzl.com\" target=\"_blank\" rel=\"noopener\">Hersteller<\/a><\/li>\n<\/ul>\n<h3>Produktvideo Petzl Pur\u00b4Ice Haue<\/h3>\n<p>Im Folgenden lassen wir Petzl selber diese Haue nochmals n\u00e4her vorstellen.<\/p>\n<p><iframe loading=\"lazy\" title=\"Petzl ICE and PUR&#039;ICE Pick Overview\" width=\"1020\" height=\"574\" src=\"https:\/\/www.youtube.com\/embed\/Ld1ph8baPgc?feature=oembed\" frameborder=\"0\" allow=\"accelerometer; autoplay; clipboard-write; encrypted-media; gyroscope; picture-in-picture; web-share\" referrerpolicy=\"strict-origin-when-cross-origin\" allowfullscreen><\/iframe><\/p>\n<p>&nbsp;<\/p>\n<h3>Petzl Pur\u00b4Ice = f\u00fcr reines Eis<\/h3>\n<p>Diese Klinge ist ausschlie\u00dflich zum Eisklettern gedacht. Genau hierf\u00fcr ist sie ganz spezifisch ausgerichtet.<\/p>\n<p>Erstens l\u00e4uft sie von 4mm an der Basis auf &#8220;schlanke&#8221; 3mm zu. Zweitens verj\u00fcngt sie sich auch in der H\u00f6he. Diese ist bewusst reduziert. Das Sorgt f\u00fcr leichtes Einschlagen bzw. Herausnehmen aus dem Eis.<\/p>\n<p>Drittens sind die Z\u00e4hne an der Unterseite abgeschr\u00e4gt und die obere Kante spitz zulaufend. Das sorgt zuerst f\u00fcr ein perfekten &#8220;Schneiden&#8221; des Eis. Und dann f\u00fcr einen sichern Halt im Placement.<\/p>\n<p>Weitere erh\u00e4ltliche Klingen:<\/p>\n<ul>\n<li>Pur\u00b4Dry f\u00fcr reines Drytooling<\/li>\n<li>Dry f\u00fcr reines Mixed Gel\u00e4nde<\/li>\n<li>Ice f\u00fcr gemischtes Gel\u00e4nde mit \u00fcberwiegend Eis<\/li>\n<\/ul>\n<p><span style=\"font-size: 120%;\"><strong>Link Tipp<\/strong><\/span><\/p>\n<p>Wenn du dich f\u00fcr die Petzl Pur\u00b4Ice Haue interessierst, dann solltest du dir auch diese Beitr\u00e4ge zum Thema Eisklettern durchlesen.<\/p>\n<ul>\n<li><a href=\"https:\/\/bolting.eu\/eisschrauben-setzen\/\">Eisschrauben setzen<\/a><\/li>\n<li><a href=\"https:\/\/bolting.eu\/eisschrauben-abbauen\/\">Eisschrauben abbauen<\/a><\/li>\n<li><a href=\"https:\/\/bolting.eu\/abalakov-eissanduhr\/\">Abalakov Eissanduhr<\/a><\/li>\n<\/ul>\n","protected":false},"excerpt":{"rendered":"<p>Haue f\u00fcr <strong>reines Eisklettern<\/strong>. F\u00fcr Eispickel <strong>Petzl Sum\u00b4Tec bzw. Eisger\u00e4te Quark, Ergonomic und Nomic<\/strong>.<\/p>\n<p>Die Haue verj\u00fcngt sich und hat eine spitze obere Kante f\u00fcr perfektes Einschlagen und leichtes Entfernen aus dem Eis.<\/p>\n<p>Versandkostenfrei <img decoding=\"async\" class=\"emoji\" role=\"img\" draggable=\"false\" src=\"https:\/\/s.w.org\/images\/core\/emoji\/13.1.0\/svg\/2705.svg\" alt=\"\u2705\" \/> bis 2kg in <img decoding=\"async\" class=\"emoji\" role=\"img\" draggable=\"false\" src=\"https:\/\/s.w.org\/images\/core\/emoji\/13.1.0\/svg\/1f1e6-1f1f9.svg\" alt=\"\ud83c\udde6\ud83c\uddf9\" \/> ab \u20ac 100,- und <img decoding=\"async\" class=\"emoji\" role=\"img\" draggable=\"false\" src=\"https:\/\/s.w.org\/images\/core\/emoji\/13.1.0\/svg\/1f1e9-1f1ea.svg\" alt=\"\ud83c\udde9\ud83c\uddea\" \/> ab \u20ac 200,-!<\/p>\n","protected":false},"featured_media":13033,"comment_status":"closed","ping_status":"closed","template":"","meta":[],"product_brand":[],"product_cat":[13938,14093,14355],"product_tag":[],"class_list":{"0":"post-13032","1":"product","2":"type-product","3":"status-publish","4":"has-post-thumbnail","6":"product_cat-bergsteiger-ausruestung","7":"product_cat-petzl","8":"product_cat-hauen-fuer-eisgeraete","10":"first","11":"instock","12":"sale","13":"taxable","14":"shipping-taxable","15":"purchasable","16":"product-type-simple"},"yoast_head":"<!-- This site is optimized with the Yoast SEO Premium plugin v26.9 (Yoast SEO v26.9) - https:\/\/yoast.com\/product\/yoast-seo-premium-wordpress\/ -->\n<title>Petzl Pur\u00b4Ice Haue - Klinge f\u00fcr reines Eisklettern | bolting.eu<\/title>\n<meta name=\"description\" content=\"PETZL PUR\u00b4ICE Haue - Klinge f\u00fcr Eisklettern beim Hardwareprofi kaufen. Versandkostenfrei \u2705 bis 2kg in \ud83c\udde6\ud83c\uddf9 ab \u20ac 100,- und \ud83c\udde9\ud83c\uddea ab \u20ac 200,-!\" \/>\n<meta name=\"robots\" content=\"index, follow, max-snippet:-1, max-image-preview:large, max-video-preview:-1\" \/>\n<link rel=\"canonical\" href=\"https:\/\/bolting.eu\/en\/shop\/petzl-purice-haue\/\" \/>\n<meta property=\"og:locale\" content=\"en_US\" \/>\n<meta property=\"og:type\" content=\"article\" \/>\n<meta property=\"og:title\" content=\"Petzl Pur\u00b4Ice Haue\" \/>\n<meta property=\"og:description\" content=\"PETZL PUR\u00b4ICE Haue - Klinge f\u00fcr Eisklettern beim Hardwareprofi kaufen. Versandkostenfrei \u2705 bis 2kg in \ud83c\udde6\ud83c\uddf9 ab \u20ac 100,- und \ud83c\udde9\ud83c\uddea ab \u20ac 200,-!\" \/>\n<meta property=\"og:url\" content=\"https:\/\/bolting.eu\/en\/shop\/petzl-purice-haue\/\" \/>\n<meta property=\"og:site_name\" content=\"bolting.eu\" \/>\n<meta property=\"article:publisher\" content=\"https:\/\/www.facebook.com\/bolting.eu\" \/>\n<meta property=\"article:modified_time\" content=\"2026-02-25T10:55:31+00:00\" \/>\n<meta property=\"og:image\" content=\"https:\/\/bolting.eu\/wp-content\/uploads\/2022\/08\/Petzl-Pur-Ice-HAue-1.jpg\" \/>\n\t<meta property=\"og:image:width\" content=\"700\" \/>\n\t<meta property=\"og:image:height\" content=\"700\" \/>\n\t<meta property=\"og:image:type\" content=\"image\/jpeg\" \/>\n<meta name=\"twitter:card\" content=\"summary_large_image\" \/>\n<meta name=\"twitter:label1\" content=\"Price\" \/>\n\t<meta name=\"twitter:data1\" content=\"&euro;&nbsp;47,50\" \/>\n\t<meta name=\"twitter:label2\" content=\"Availability\" \/>\n\t<meta name=\"twitter:data2\" content=\"In stock\" \/>\n<script type=\"application\/ld+json\" class=\"yoast-schema-graph\">{\"@context\":\"https:\/\/schema.org\",\"@graph\":[{\"@type\":[\"WebPage\",\"ItemPage\"],\"@id\":\"https:\/\/bolting.eu\/en\/shop\/petzl-purice-haue\/\",\"url\":\"https:\/\/bolting.eu\/en\/shop\/petzl-purice-haue\/\",\"name\":\"Petzl Pur\u00b4Ice Haue - Klinge f\u00fcr reines Eisklettern | bolting.eu\",\"isPartOf\":{\"@id\":\"https:\/\/bolting.eu\/en\/#website\"},\"primaryImageOfPage\":{\"@id\":\"https:\/\/bolting.eu\/en\/shop\/petzl-purice-haue\/#primaryimage\"},\"image\":{\"@id\":\"https:\/\/bolting.eu\/en\/shop\/petzl-purice-haue\/#primaryimage\"},\"thumbnailUrl\":\"https:\/\/bolting.eu\/wp-content\/uploads\/2022\/08\/Petzl-Pur-Ice-HAue-1.jpg\",\"datePublished\":\"2022-08-26T09:27:41+00:00\",\"dateModified\":\"2026-02-25T10:55:31+00:00\",\"description\":\"PETZL PUR\u00b4ICE Haue - Klinge f\u00fcr Eisklettern beim Hardwareprofi kaufen. Versandkostenfrei \u2705 bis 2kg in \ud83c\udde6\ud83c\uddf9 ab \u20ac 100,- und \ud83c\udde9\ud83c\uddea ab \u20ac 200,-!\",\"breadcrumb\":{\"@id\":\"https:\/\/bolting.eu\/en\/shop\/petzl-purice-haue\/#breadcrumb\"},\"inLanguage\":\"en-US\",\"potentialAction\":[{\"@type\":\"ReadAction\",\"target\":[\"https:\/\/bolting.eu\/en\/shop\/petzl-purice-haue\/\"]}]},{\"@type\":\"ImageObject\",\"inLanguage\":\"en-US\",\"@id\":\"https:\/\/bolting.eu\/en\/shop\/petzl-purice-haue\/#primaryimage\",\"url\":\"https:\/\/bolting.eu\/wp-content\/uploads\/2022\/08\/Petzl-Pur-Ice-HAue-1.jpg\",\"contentUrl\":\"https:\/\/bolting.eu\/wp-content\/uploads\/2022\/08\/Petzl-Pur-Ice-HAue-1.jpg\",\"width\":700,\"height\":700,\"caption\":\"Das Bild zeigt die schwarze Petzl Pur\u00b4Ice HAue schr\u00e4g in einem wei\u00dfem Quadrat. Die Spitze ist rechts.\"},{\"@type\":\"BreadcrumbList\",\"@id\":\"https:\/\/bolting.eu\/en\/shop\/petzl-purice-haue\/#breadcrumb\",\"itemListElement\":[{\"@type\":\"ListItem\",\"position\":1,\"name\":\"Shop\",\"item\":\"https:\/\/bolting.eu\/en\/shop\/\"},{\"@type\":\"ListItem\",\"position\":2,\"name\":\"Bergsteiger Ausr\u00fcstung\",\"item\":\"https:\/\/bolting.eu\/produkt-kategorie\/bergsteiger-ausruestung\/\"},{\"@type\":\"ListItem\",\"position\":3,\"name\":\"Hauen f\u00fcr Eisger\u00e4te\",\"item\":\"https:\/\/bolting.eu\/produkt-kategorie\/bergsteiger-ausruestung\/hauen-fuer-eisgeraete\/\"},{\"@type\":\"ListItem\",\"position\":4,\"name\":\"Petzl Pur\u00b4Ice Haue\"}]},{\"@type\":\"WebSite\",\"@id\":\"https:\/\/bolting.eu\/en\/#website\",\"url\":\"https:\/\/bolting.eu\/en\/\",\"name\":\"bolting.eu\",\"description\":\"we make climbs happen\",\"publisher\":{\"@id\":\"https:\/\/bolting.eu\/en\/#organization\"},\"potentialAction\":[{\"@type\":\"SearchAction\",\"target\":{\"@type\":\"EntryPoint\",\"urlTemplate\":\"https:\/\/bolting.eu\/en\/?s={search_term_string}\"},\"query-input\":{\"@type\":\"PropertyValueSpecification\",\"valueRequired\":true,\"valueName\":\"search_term_string\"}}],\"inLanguage\":\"en-US\"},{\"@type\":[\"Organization\",\"Place\",\"SportingGoodsStore\"],\"@id\":\"https:\/\/bolting.eu\/en\/#organization\",\"name\":\"bolting.eu\",\"url\":\"https:\/\/bolting.eu\/en\/\",\"logo\":{\"@id\":\"https:\/\/bolting.eu\/en\/shop\/petzl-purice-haue\/#local-main-organization-logo\"},\"image\":{\"@id\":\"https:\/\/bolting.eu\/en\/shop\/petzl-purice-haue\/#local-main-organization-logo\"},\"sameAs\":[\"https:\/\/www.facebook.com\/bolting.eu\",\"https:\/\/www.instagram.com\/bolting.eu\/\"],\"address\":{\"@id\":\"https:\/\/bolting.eu\/en\/shop\/petzl-purice-haue\/#local-main-place-address\"},\"geo\":{\"@type\":\"GeoCoordinates\",\"latitude\":\"47.264176340396226\",\"longitude\":\"11.380109057672346\"},\"telephone\":[\"+43 699 19083372\"],\"openingHoursSpecification\":[{\"@type\":\"OpeningHoursSpecification\",\"dayOfWeek\":[\"Monday\",\"Wednesday\",\"Friday\"],\"opens\":\"14:00\",\"closes\":\"18:00\"},{\"@type\":\"OpeningHoursSpecification\",\"dayOfWeek\":[\"Tuesday\",\"Thursday\",\"Saturday\",\"Sunday\"],\"opens\":\"00:00\",\"closes\":\"00:00\"}],\"email\":\"office@bolting.eu\",\"vatID\":\"ATU59999728\",\"priceRange\":\"$$\",\"currenciesAccepted\":\"Euro\"},{\"@type\":\"PostalAddress\",\"@id\":\"https:\/\/bolting.eu\/en\/shop\/petzl-purice-haue\/#local-main-place-address\",\"streetAddress\":\"Fischnalerstra\u00dfe 4\",\"addressLocality\":\"Innsbruck\",\"postalCode\":\"6020\",\"addressRegion\":\"Tirol\",\"addressCountry\":\"AT\"},{\"@type\":\"ImageObject\",\"inLanguage\":\"en-US\",\"@id\":\"https:\/\/bolting.eu\/en\/shop\/petzl-purice-haue\/#local-main-organization-logo\",\"url\":\"https:\/\/bolting.eu\/wp-content\/uploads\/2019\/09\/bolting-logo.png\",\"contentUrl\":\"https:\/\/bolting.eu\/wp-content\/uploads\/2019\/09\/bolting-logo.png\",\"width\":400,\"height\":211,\"caption\":\"bolting.eu\"}]}<\/script>\n<meta property=\"og:video\" content=\"https:\/\/www.youtube.com\/embed\/Ld1ph8baPgc\" \/>\n<meta property=\"og:video:type\" content=\"text\/html\" \/>\n<meta property=\"og:video:duration\" content=\"82\" \/>\n<meta property=\"og:video:width\" content=\"480\" \/>\n<meta property=\"og:video:height\" content=\"270\" \/>\n<meta property=\"ya:ovs:adult\" content=\"false\" \/>\n<meta property=\"ya:ovs:upload_date\" content=\"2022-08-26T09:27:41+00:00\" \/>\n<meta property=\"ya:ovs:allow_embed\" content=\"true\" \/>\n<meta property=\"product:price:amount\" content=\"47.50\" \/>\n<meta property=\"product:price:currency\" content=\"EUR\" \/>\n<meta property=\"og:availability\" content=\"instock\" \/>\n<meta property=\"product:availability\" content=\"instock\" \/>\n<meta property=\"product:retailer_item_id\" content=\"U021CA00\" \/>\n<meta property=\"product:condition\" content=\"new\" \/>\n<meta name=\"geo.placename\" content=\"Innsbruck\" \/>\n<meta name=\"geo.position\" content=\"47.264176340396226;11.380109057672346\" \/>\n<meta name=\"geo.region\" content=\"Austria\" \/>\n<!-- \/ Yoast SEO Premium plugin. -->","yoast_head_json":{"title":"Petzl Pur\u00b4Ice Haue - Klinge f\u00fcr reines Eisklettern | bolting.eu","description":"PETZL PUR\u00b4ICE Haue - Klinge f\u00fcr Eisklettern beim Hardwareprofi kaufen. Versandkostenfrei \u2705 bis 2kg in \ud83c\udde6\ud83c\uddf9 ab \u20ac 100,- und \ud83c\udde9\ud83c\uddea ab \u20ac 200,-!","robots":{"index":"index","follow":"follow","max-snippet":"max-snippet:-1","max-image-preview":"max-image-preview:large","max-video-preview":"max-video-preview:-1"},"canonical":"https:\/\/bolting.eu\/en\/shop\/petzl-purice-haue\/","og_locale":"en_US","og_type":"article","og_title":"Petzl Pur\u00b4Ice Haue","og_description":"PETZL PUR\u00b4ICE Haue - Klinge f\u00fcr Eisklettern beim Hardwareprofi kaufen. Versandkostenfrei \u2705 bis 2kg in \ud83c\udde6\ud83c\uddf9 ab \u20ac 100,- und \ud83c\udde9\ud83c\uddea ab \u20ac 200,-!","og_url":"https:\/\/bolting.eu\/en\/shop\/petzl-purice-haue\/","og_site_name":"bolting.eu","article_publisher":"https:\/\/www.facebook.com\/bolting.eu","article_modified_time":"2026-02-25T10:55:31+00:00","og_image":[{"width":700,"height":700,"url":"https:\/\/bolting.eu\/wp-content\/uploads\/2022\/08\/Petzl-Pur-Ice-HAue-1.jpg","type":"image\/jpeg"}],"twitter_card":"summary_large_image","twitter_misc":{"Price":"&euro;&nbsp;47,50","Availability":"In stock"},"schema":{"@context":"https:\/\/schema.org","@graph":[{"@type":["WebPage","ItemPage"],"@id":"https:\/\/bolting.eu\/en\/shop\/petzl-purice-haue\/","url":"https:\/\/bolting.eu\/en\/shop\/petzl-purice-haue\/","name":"Petzl Pur\u00b4Ice Haue - Klinge f\u00fcr reines Eisklettern | bolting.eu","isPartOf":{"@id":"https:\/\/bolting.eu\/en\/#website"},"primaryImageOfPage":{"@id":"https:\/\/bolting.eu\/en\/shop\/petzl-purice-haue\/#primaryimage"},"image":{"@id":"https:\/\/bolting.eu\/en\/shop\/petzl-purice-haue\/#primaryimage"},"thumbnailUrl":"https:\/\/bolting.eu\/wp-content\/uploads\/2022\/08\/Petzl-Pur-Ice-HAue-1.jpg","datePublished":"2022-08-26T09:27:41+00:00","dateModified":"2026-02-25T10:55:31+00:00","description":"PETZL PUR\u00b4ICE Haue - Klinge f\u00fcr Eisklettern beim Hardwareprofi kaufen. Versandkostenfrei \u2705 bis 2kg in \ud83c\udde6\ud83c\uddf9 ab \u20ac 100,- und \ud83c\udde9\ud83c\uddea ab \u20ac 200,-!","breadcrumb":{"@id":"https:\/\/bolting.eu\/en\/shop\/petzl-purice-haue\/#breadcrumb"},"inLanguage":"en-US","potentialAction":[{"@type":"ReadAction","target":["https:\/\/bolting.eu\/en\/shop\/petzl-purice-haue\/"]}]},{"@type":"ImageObject","inLanguage":"en-US","@id":"https:\/\/bolting.eu\/en\/shop\/petzl-purice-haue\/#primaryimage","url":"https:\/\/bolting.eu\/wp-content\/uploads\/2022\/08\/Petzl-Pur-Ice-HAue-1.jpg","contentUrl":"https:\/\/bolting.eu\/wp-content\/uploads\/2022\/08\/Petzl-Pur-Ice-HAue-1.jpg","width":700,"height":700,"caption":"Das Bild zeigt die schwarze Petzl Pur\u00b4Ice HAue schr\u00e4g in einem wei\u00dfem Quadrat. Die Spitze ist rechts."},{"@type":"BreadcrumbList","@id":"https:\/\/bolting.eu\/en\/shop\/petzl-purice-haue\/#breadcrumb","itemListElement":[{"@type":"ListItem","position":1,"name":"Shop","item":"https:\/\/bolting.eu\/en\/shop\/"},{"@type":"ListItem","position":2,"name":"Bergsteiger Ausr\u00fcstung","item":"https:\/\/bolting.eu\/produkt-kategorie\/bergsteiger-ausruestung\/"},{"@type":"ListItem","position":3,"name":"Hauen f\u00fcr Eisger\u00e4te","item":"https:\/\/bolting.eu\/produkt-kategorie\/bergsteiger-ausruestung\/hauen-fuer-eisgeraete\/"},{"@type":"ListItem","position":4,"name":"Petzl Pur\u00b4Ice Haue"}]},{"@type":"WebSite","@id":"https:\/\/bolting.eu\/en\/#website","url":"https:\/\/bolting.eu\/en\/","name":"bolting.eu","description":"we make climbs happen","publisher":{"@id":"https:\/\/bolting.eu\/en\/#organization"},"potentialAction":[{"@type":"SearchAction","target":{"@type":"EntryPoint","urlTemplate":"https:\/\/bolting.eu\/en\/?s={search_term_string}"},"query-input":{"@type":"PropertyValueSpecification","valueRequired":true,"valueName":"search_term_string"}}],"inLanguage":"en-US"},{"@type":["Organization","Place","SportingGoodsStore"],"@id":"https:\/\/bolting.eu\/en\/#organization","name":"bolting.eu","url":"https:\/\/bolting.eu\/en\/","logo":{"@id":"https:\/\/bolting.eu\/en\/shop\/petzl-purice-haue\/#local-main-organization-logo"},"image":{"@id":"https:\/\/bolting.eu\/en\/shop\/petzl-purice-haue\/#local-main-organization-logo"},"sameAs":["https:\/\/www.facebook.com\/bolting.eu","https:\/\/www.instagram.com\/bolting.eu\/"],"address":{"@id":"https:\/\/bolting.eu\/en\/shop\/petzl-purice-haue\/#local-main-place-address"},"geo":{"@type":"GeoCoordinates","latitude":"47.264176340396226","longitude":"11.380109057672346"},"telephone":["+43 699 19083372"],"openingHoursSpecification":[{"@type":"OpeningHoursSpecification","dayOfWeek":["Monday","Wednesday","Friday"],"opens":"14:00","closes":"18:00"},{"@type":"OpeningHoursSpecification","dayOfWeek":["Tuesday","Thursday","Saturday","Sunday"],"opens":"00:00","closes":"00:00"}],"email":"office@bolting.eu","vatID":"ATU59999728","priceRange":"$$","currenciesAccepted":"Euro"},{"@type":"PostalAddress","@id":"https:\/\/bolting.eu\/en\/shop\/petzl-purice-haue\/#local-main-place-address","streetAddress":"Fischnalerstra\u00dfe 4","addressLocality":"Innsbruck","postalCode":"6020","addressRegion":"Tirol","addressCountry":"AT"},{"@type":"ImageObject","inLanguage":"en-US","@id":"https:\/\/bolting.eu\/en\/shop\/petzl-purice-haue\/#local-main-organization-logo","url":"https:\/\/bolting.eu\/wp-content\/uploads\/2019\/09\/bolting-logo.png","contentUrl":"https:\/\/bolting.eu\/wp-content\/uploads\/2019\/09\/bolting-logo.png","width":400,"height":211,"caption":"bolting.eu"}]},"og_video":"https:\/\/www.youtube.com\/embed\/Ld1ph8baPgc","og_video_type":"text\/html","og_video_duration":"82","og_video_width":"480","og_video_height":"270","ya_ovs_adult":"false","ya_ovs_upload_date":"2022-08-26T09:27:41+00:00","ya_ovs_allow_embed":"true","product_price_amount":"47.50","product_price_currency":"EUR","og_availability":"instock","product_availability":"instock","product_retailer_item_id":"U021CA00","product_condition":"new","geo.placename":"Innsbruck","geo.position":{"lat":"47.264176340396226","long":"11.380109057672346"},"geo.region":"Austria"},"_links":{"self":[{"href":"https:\/\/bolting.eu\/en\/wp-json\/wp\/v2\/product\/13032","targetHints":{"allow":["GET"]}}],"collection":[{"href":"https:\/\/bolting.eu\/en\/wp-json\/wp\/v2\/product"}],"about":[{"href":"https:\/\/bolting.eu\/en\/wp-json\/wp\/v2\/types\/product"}],"replies":[{"embeddable":true,"href":"https:\/\/bolting.eu\/en\/wp-json\/wp\/v2\/comments?post=13032"}],"wp:featuredmedia":[{"embeddable":true,"href":"https:\/\/bolting.eu\/en\/wp-json\/wp\/v2\/media\/13033"}],"wp:attachment":[{"href":"https:\/\/bolting.eu\/en\/wp-json\/wp\/v2\/media?parent=13032"}],"wp:term":[{"taxonomy":"product_brand","embeddable":true,"href":"https:\/\/bolting.eu\/en\/wp-json\/wp\/v2\/product_brand?post=13032"},{"taxonomy":"product_cat","embeddable":true,"href":"https:\/\/bolting.eu\/en\/wp-json\/wp\/v2\/product_cat?post=13032"},{"taxonomy":"product_tag","embeddable":true,"href":"https:\/\/bolting.eu\/en\/wp-json\/wp\/v2\/product_tag?post=13032"}],"curies":[{"name":"wp","href":"https:\/\/api.w.org\/{rel}","templated":true}]}}