{"id":13018,"date":"2022-08-26T09:43:55","date_gmt":"2022-08-26T07:43:55","guid":{"rendered":"https:\/\/bolting.eu\/?post_type=product&#038;p=13018"},"modified":"2026-04-10T13:41:18","modified_gmt":"2026-04-10T11:41:18","slug":"petzl-purdry-haue","status":"publish","type":"product","link":"https:\/\/bolting.eu\/en\/shop\/petzl-purdry-haue\/","title":{"rendered":"Petzl Pur\u00b4Dry Haue"},"content":{"rendered":"<p>Die Petzl Pur\u00b4Dry Haue ist eine spezielle &#8220;Klinge&#8221; f\u00fcr das <a href=\"https:\/\/bolting.eu\/shop\/petzl-ergonomic-eisgeraet\/\">Petzl Ergonomic<\/a> und <a href=\"https:\/\/bolting.eu\/shop\/petzl-nomic-eisgeraet\/\">Nomic<\/a>.<\/p>\n<p>Wie der Name es andeutet, ist dieses Produkt speziell f\u00fcr das Drytooling gemacht. D.h. es sollte <strong>NICHT zum Eisklettern<\/strong> verwendet werden sondern <strong>ausschlie\u00dflich zum Drytooling<\/strong>!<\/p>\n<p>Denn mit seiner 4mm St\u00e4rke ist diese Haue extrem widerstandsf\u00e4hig gegen Torsionskr\u00e4fte. Zudem befinden sich Z\u00e4hne an der Oberseite, die f\u00fcr &#8220;umgekehrte&#8221; Positionen. Die Z\u00e4hne an der Unterseite wiederum sind f\u00fcr Placements auf Leisten und Kanten gedacht.<\/p>\n<h2>Eigenschaften Petzl Pur\u00b4Dry Haue<\/h2>\n<ul>\n<li>Hersteller: <a href=\"https:\/\/bolting.eu\/produkt-kategorie\/petzl\/\">Petzl<\/a><\/li>\n<li>Bezeichnung: Petzl Pur\u00b4Dry Haue<\/li>\n<li>Artikelnummer: U022BA00<\/li>\n<li>Material: Chrom-Molybd\u00e4n Stahl<\/li>\n<li>Gewicht: 140 Gramm<\/li>\n<li>St\u00e4rke: 4mm<\/li>\n<li>Einsatzbereich: <strong>ausschlie\u00dflich Drytooling!<\/strong><\/li>\n<li>extrem widerstandsf\u00e4hig gegen Torsionskr\u00e4fte<\/li>\n<li>Z\u00e4hne an Unterseite f\u00fcr stabilen Halt auf Leisten<\/li>\n<li>Z\u00e4hne an Oberseite f\u00fcr &#8220;umgekehrte Positionen&#8221;<\/li>\n<li>speziell f\u00fcr Nomic und Ergonomic Eisger\u00e4te<\/li>\n<li>Lieferumfang: 1 x Haue, 2 x Inbusschrauben, 2 x Beilagscheiben, 2 x 13mm Muttern, Gummischutz f\u00fcr Hauenspitze;<\/li>\n<li>Bedienungsanleitung<\/li>\n<\/ul>\n<h3>4mm St\u00e4rke<\/h3>\n<p>Die Petzl Pur\u00b4Dry Haue ist mit 4mm deutlich st\u00e4rker als die anderen Petzl Hauen:<\/p>\n<ul>\n<li>Dry<\/li>\n<li>Ice<\/li>\n<li>Pur`Ice<\/li>\n<\/ul>\n<p>Das hat auch einen guten Grund. N\u00e4mlich die hohen Belastungen beim Drytooling. Hierbei treten besonders beim &#8220;verdrehen&#8221; gro\u00dfe Spannungen auf. Oder anders ausgedr\u00fcckt: Torsionskr\u00e4fte.<\/p>\n<p>Diese hohen Spannungen im Stahl kann nur ein st\u00e4rkeres Material standhalten. Zudem wurde die Klinge &#8220;hei\u00df&#8221; geschmiedet, was ebenso zu mehr Widerstandsf\u00e4higkeit f\u00fchrt.<\/p>\n<p>Wie immer bei Petzl. Sehr ausgereift, hoch spezialisiert und super Qualit\u00e4t.<\/p>\n<h4><span style=\"font-size: 120%;\"><strong>Link Tipp<\/strong><\/span><\/h4>\n<p>Wenn du dich f\u00fcr die Patzl Pur\u00b4Dry Haue interessierst, dann solltest du dir auch diese Beitr\u00e4ge zum Thema Eisklettern durchlesen.<\/p>\n<ul>\n<li><a href=\"https:\/\/bolting.eu\/eisschrauben-setzen\/\">Eisschrauben setzen<\/a><\/li>\n<li><a href=\"https:\/\/bolting.eu\/eisschrauben-abbauen\/\">Eisschrauben abbauen<\/a><\/li>\n<li><a href=\"https:\/\/bolting.eu\/abalakov-eissanduhr\/\">Abalakov Eissanduhr<\/a><\/li>\n<\/ul>\n","protected":false},"excerpt":{"rendered":"<p>Haue ausschlie\u00dflich zum Drytooling und f\u00fcr Eisger\u00e4te Petzl Ergonomic und Nomic.<\/p>\n<p>Die 4mm starke, hei\u00df geschmiedete Haue ist extrem belastbar. Vor allem gegen die h\u00e4ufig auftretenden &#8220;Torsionskr\u00e4fte&#8221;.<\/p>\n<p>Versandkostenfrei <img decoding=\"async\" class=\"emoji\" role=\"img\" draggable=\"false\" src=\"https:\/\/s.w.org\/images\/core\/emoji\/13.1.0\/svg\/2705.svg\" alt=\"\u2705\" \/> bis 2kg in <img decoding=\"async\" class=\"emoji\" role=\"img\" draggable=\"false\" src=\"https:\/\/s.w.org\/images\/core\/emoji\/13.1.0\/svg\/1f1e6-1f1f9.svg\" alt=\"\ud83c\udde6\ud83c\uddf9\" \/> ab \u20ac 100,- und <img decoding=\"async\" class=\"emoji\" role=\"img\" draggable=\"false\" src=\"https:\/\/s.w.org\/images\/core\/emoji\/13.1.0\/svg\/1f1e9-1f1ea.svg\" alt=\"\ud83c\udde9\ud83c\uddea\" \/> ab \u20ac 200,-!<\/p>\n","protected":false},"featured_media":13020,"comment_status":"closed","ping_status":"closed","template":"","meta":[],"product_brand":[],"product_cat":[14355,13938,14093],"product_tag":[],"class_list":{"0":"post-13018","1":"product","2":"type-product","3":"status-publish","4":"has-post-thumbnail","6":"product_cat-hauen-fuer-eisgeraete","7":"product_cat-bergsteiger-ausruestung","8":"product_cat-petzl","10":"first","11":"instock","12":"sale","13":"taxable","14":"shipping-taxable","15":"purchasable","16":"product-type-simple"},"yoast_head":"<!-- This site is optimized with the Yoast SEO Premium plugin v26.9 (Yoast SEO v26.9) - https:\/\/yoast.com\/product\/yoast-seo-premium-wordpress\/ -->\n<title>Petzl Pur\u00b4Dry Haue - Klinge f\u00fcr Drytooling | bolting.eu<\/title>\n<meta name=\"description\" content=\"PETZL PUR\u00b4DRY Haue - Klinge f\u00fcr Drytooling beim Hardwareprofi kaufen. Versandkostenfrei \u2705 bis 2kg in \ud83c\udde6\ud83c\uddf9 ab \u20ac 100,- und \ud83c\udde9\ud83c\uddea ab \u20ac 200,-!\" \/>\n<meta name=\"robots\" content=\"index, follow, max-snippet:-1, max-image-preview:large, max-video-preview:-1\" \/>\n<link rel=\"canonical\" href=\"https:\/\/bolting.eu\/en\/shop\/petzl-purdry-haue\/\" \/>\n<meta property=\"og:locale\" content=\"en_US\" \/>\n<meta property=\"og:type\" content=\"article\" \/>\n<meta property=\"og:title\" content=\"Petzl Pur\u00b4Dry Haue\" \/>\n<meta property=\"og:description\" content=\"PETZL PUR\u00b4DRY Haue - Klinge f\u00fcr Drytooling beim Hardwareprofi kaufen. Versandkostenfrei \u2705 bis 2kg in \ud83c\udde6\ud83c\uddf9 ab \u20ac 100,- und \ud83c\udde9\ud83c\uddea ab \u20ac 200,-!\" \/>\n<meta property=\"og:url\" content=\"https:\/\/bolting.eu\/en\/shop\/petzl-purdry-haue\/\" \/>\n<meta property=\"og:site_name\" content=\"bolting.eu\" \/>\n<meta property=\"article:publisher\" content=\"https:\/\/www.facebook.com\/bolting.eu\" \/>\n<meta property=\"article:modified_time\" content=\"2026-04-10T11:41:18+00:00\" \/>\n<meta property=\"og:image\" content=\"https:\/\/bolting.eu\/wp-content\/uploads\/2022\/08\/Petzl-Pur-Dry-HAue-2.jpg\" \/>\n\t<meta property=\"og:image:width\" content=\"700\" \/>\n\t<meta property=\"og:image:height\" content=\"700\" \/>\n\t<meta property=\"og:image:type\" content=\"image\/jpeg\" \/>\n<meta name=\"twitter:card\" content=\"summary_large_image\" \/>\n<meta name=\"twitter:label1\" content=\"Price\" \/>\n\t<meta name=\"twitter:data1\" content=\"&euro;&nbsp;47,50\" \/>\n\t<meta name=\"twitter:label2\" content=\"Availability\" \/>\n\t<meta name=\"twitter:data2\" content=\"In stock\" \/>\n<script type=\"application\/ld+json\" class=\"yoast-schema-graph\">{\"@context\":\"https:\/\/schema.org\",\"@graph\":[{\"@type\":[\"WebPage\",\"ItemPage\"],\"@id\":\"https:\/\/bolting.eu\/en\/shop\/petzl-purdry-haue\/\",\"url\":\"https:\/\/bolting.eu\/en\/shop\/petzl-purdry-haue\/\",\"name\":\"Petzl Pur\u00b4Dry Haue - Klinge f\u00fcr Drytooling | bolting.eu\",\"isPartOf\":{\"@id\":\"https:\/\/bolting.eu\/en\/#website\"},\"primaryImageOfPage\":{\"@id\":\"https:\/\/bolting.eu\/en\/shop\/petzl-purdry-haue\/#primaryimage\"},\"image\":{\"@id\":\"https:\/\/bolting.eu\/en\/shop\/petzl-purdry-haue\/#primaryimage\"},\"thumbnailUrl\":\"https:\/\/bolting.eu\/wp-content\/uploads\/2022\/08\/Petzl-Pur-Dry-HAue-2.jpg\",\"datePublished\":\"2022-08-26T07:43:55+00:00\",\"dateModified\":\"2026-04-10T11:41:18+00:00\",\"description\":\"PETZL PUR\u00b4DRY Haue - Klinge f\u00fcr Drytooling beim Hardwareprofi kaufen. Versandkostenfrei \u2705 bis 2kg in \ud83c\udde6\ud83c\uddf9 ab \u20ac 100,- und \ud83c\udde9\ud83c\uddea ab \u20ac 200,-!\",\"breadcrumb\":{\"@id\":\"https:\/\/bolting.eu\/en\/shop\/petzl-purdry-haue\/#breadcrumb\"},\"inLanguage\":\"en-US\",\"potentialAction\":[{\"@type\":\"ReadAction\",\"target\":[\"https:\/\/bolting.eu\/en\/shop\/petzl-purdry-haue\/\"]}]},{\"@type\":\"ImageObject\",\"inLanguage\":\"en-US\",\"@id\":\"https:\/\/bolting.eu\/en\/shop\/petzl-purdry-haue\/#primaryimage\",\"url\":\"https:\/\/bolting.eu\/wp-content\/uploads\/2022\/08\/Petzl-Pur-Dry-HAue-2.jpg\",\"contentUrl\":\"https:\/\/bolting.eu\/wp-content\/uploads\/2022\/08\/Petzl-Pur-Dry-HAue-2.jpg\",\"width\":700,\"height\":700,\"caption\":\"DAs Bild zeigt die schwarze Petzl Pur\u00b4Dry Haue schr\u00e4g in einem wei\u00dfem Quadrat, die Spitze schaut nach rechts.\"},{\"@type\":\"BreadcrumbList\",\"@id\":\"https:\/\/bolting.eu\/en\/shop\/petzl-purdry-haue\/#breadcrumb\",\"itemListElement\":[{\"@type\":\"ListItem\",\"position\":1,\"name\":\"Shop\",\"item\":\"https:\/\/bolting.eu\/en\/shop\/\"},{\"@type\":\"ListItem\",\"position\":2,\"name\":\"Bergsteiger Ausr\u00fcstung\",\"item\":\"https:\/\/bolting.eu\/en\/produkt-kategorie\/bergsteiger-ausruestung\/\"},{\"@type\":\"ListItem\",\"position\":3,\"name\":\"Hauen f\u00fcr Eisger\u00e4te\",\"item\":\"https:\/\/bolting.eu\/produkt-kategorie\/bergsteiger-ausruestung\/hauen-fuer-eisgeraete\/\"},{\"@type\":\"ListItem\",\"position\":4,\"name\":\"Petzl Pur\u00b4Dry Haue\"}]},{\"@type\":\"WebSite\",\"@id\":\"https:\/\/bolting.eu\/en\/#website\",\"url\":\"https:\/\/bolting.eu\/en\/\",\"name\":\"bolting.eu\",\"description\":\"we make climbs happen\",\"publisher\":{\"@id\":\"https:\/\/bolting.eu\/en\/#organization\"},\"potentialAction\":[{\"@type\":\"SearchAction\",\"target\":{\"@type\":\"EntryPoint\",\"urlTemplate\":\"https:\/\/bolting.eu\/en\/?s={search_term_string}\"},\"query-input\":{\"@type\":\"PropertyValueSpecification\",\"valueRequired\":true,\"valueName\":\"search_term_string\"}}],\"inLanguage\":\"en-US\"},{\"@type\":[\"Organization\",\"Place\",\"SportingGoodsStore\"],\"@id\":\"https:\/\/bolting.eu\/en\/#organization\",\"name\":\"bolting.eu\",\"url\":\"https:\/\/bolting.eu\/en\/\",\"logo\":{\"@id\":\"https:\/\/bolting.eu\/en\/shop\/petzl-purdry-haue\/#local-main-organization-logo\"},\"image\":{\"@id\":\"https:\/\/bolting.eu\/en\/shop\/petzl-purdry-haue\/#local-main-organization-logo\"},\"sameAs\":[\"https:\/\/www.facebook.com\/bolting.eu\",\"https:\/\/www.instagram.com\/bolting.eu\/\"],\"address\":{\"@id\":\"https:\/\/bolting.eu\/en\/shop\/petzl-purdry-haue\/#local-main-place-address\"},\"geo\":{\"@type\":\"GeoCoordinates\",\"latitude\":\"47.264176340396226\",\"longitude\":\"11.380109057672346\"},\"telephone\":[\"+43 699 19083372\"],\"openingHoursSpecification\":[{\"@type\":\"OpeningHoursSpecification\",\"dayOfWeek\":[\"Monday\",\"Wednesday\",\"Friday\"],\"opens\":\"14:00\",\"closes\":\"18:00\"},{\"@type\":\"OpeningHoursSpecification\",\"dayOfWeek\":[\"Tuesday\",\"Thursday\",\"Saturday\",\"Sunday\"],\"opens\":\"00:00\",\"closes\":\"00:00\"}],\"email\":\"office@bolting.eu\",\"vatID\":\"ATU59999728\",\"priceRange\":\"$$\",\"currenciesAccepted\":\"Euro\"},{\"@type\":\"PostalAddress\",\"@id\":\"https:\/\/bolting.eu\/en\/shop\/petzl-purdry-haue\/#local-main-place-address\",\"streetAddress\":\"Fischnalerstra\u00dfe 4\",\"addressLocality\":\"Innsbruck\",\"postalCode\":\"6020\",\"addressRegion\":\"Tirol\",\"addressCountry\":\"AT\"},{\"@type\":\"ImageObject\",\"inLanguage\":\"en-US\",\"@id\":\"https:\/\/bolting.eu\/en\/shop\/petzl-purdry-haue\/#local-main-organization-logo\",\"url\":\"https:\/\/bolting.eu\/wp-content\/uploads\/2019\/09\/bolting-logo.png\",\"contentUrl\":\"https:\/\/bolting.eu\/wp-content\/uploads\/2019\/09\/bolting-logo.png\",\"width\":400,\"height\":211,\"caption\":\"bolting.eu\"}]}<\/script>\n<meta property=\"product:price:amount\" content=\"47.50\" \/>\n<meta property=\"product:price:currency\" content=\"EUR\" \/>\n<meta property=\"og:availability\" content=\"instock\" \/>\n<meta property=\"product:availability\" content=\"instock\" \/>\n<meta property=\"product:retailer_item_id\" content=\"U022BA00\" \/>\n<meta property=\"product:condition\" content=\"new\" \/>\n<meta name=\"geo.placename\" content=\"Innsbruck\" \/>\n<meta name=\"geo.position\" content=\"47.264176340396226;11.380109057672346\" \/>\n<meta name=\"geo.region\" content=\"Austria\" \/>\n<!-- \/ Yoast SEO Premium plugin. -->","yoast_head_json":{"title":"Petzl Pur\u00b4Dry Haue - Klinge f\u00fcr Drytooling | bolting.eu","description":"PETZL PUR\u00b4DRY Haue - Klinge f\u00fcr Drytooling beim Hardwareprofi kaufen. Versandkostenfrei \u2705 bis 2kg in \ud83c\udde6\ud83c\uddf9 ab \u20ac 100,- und \ud83c\udde9\ud83c\uddea ab \u20ac 200,-!","robots":{"index":"index","follow":"follow","max-snippet":"max-snippet:-1","max-image-preview":"max-image-preview:large","max-video-preview":"max-video-preview:-1"},"canonical":"https:\/\/bolting.eu\/en\/shop\/petzl-purdry-haue\/","og_locale":"en_US","og_type":"article","og_title":"Petzl Pur\u00b4Dry Haue","og_description":"PETZL PUR\u00b4DRY Haue - Klinge f\u00fcr Drytooling beim Hardwareprofi kaufen. Versandkostenfrei \u2705 bis 2kg in \ud83c\udde6\ud83c\uddf9 ab \u20ac 100,- und \ud83c\udde9\ud83c\uddea ab \u20ac 200,-!","og_url":"https:\/\/bolting.eu\/en\/shop\/petzl-purdry-haue\/","og_site_name":"bolting.eu","article_publisher":"https:\/\/www.facebook.com\/bolting.eu","article_modified_time":"2026-04-10T11:41:18+00:00","og_image":[{"width":700,"height":700,"url":"https:\/\/bolting.eu\/wp-content\/uploads\/2022\/08\/Petzl-Pur-Dry-HAue-2.jpg","type":"image\/jpeg"}],"twitter_card":"summary_large_image","twitter_misc":{"Price":"&euro;&nbsp;47,50","Availability":"In stock"},"schema":{"@context":"https:\/\/schema.org","@graph":[{"@type":["WebPage","ItemPage"],"@id":"https:\/\/bolting.eu\/en\/shop\/petzl-purdry-haue\/","url":"https:\/\/bolting.eu\/en\/shop\/petzl-purdry-haue\/","name":"Petzl Pur\u00b4Dry Haue - Klinge f\u00fcr Drytooling | bolting.eu","isPartOf":{"@id":"https:\/\/bolting.eu\/en\/#website"},"primaryImageOfPage":{"@id":"https:\/\/bolting.eu\/en\/shop\/petzl-purdry-haue\/#primaryimage"},"image":{"@id":"https:\/\/bolting.eu\/en\/shop\/petzl-purdry-haue\/#primaryimage"},"thumbnailUrl":"https:\/\/bolting.eu\/wp-content\/uploads\/2022\/08\/Petzl-Pur-Dry-HAue-2.jpg","datePublished":"2022-08-26T07:43:55+00:00","dateModified":"2026-04-10T11:41:18+00:00","description":"PETZL PUR\u00b4DRY Haue - Klinge f\u00fcr Drytooling beim Hardwareprofi kaufen. Versandkostenfrei \u2705 bis 2kg in \ud83c\udde6\ud83c\uddf9 ab \u20ac 100,- und \ud83c\udde9\ud83c\uddea ab \u20ac 200,-!","breadcrumb":{"@id":"https:\/\/bolting.eu\/en\/shop\/petzl-purdry-haue\/#breadcrumb"},"inLanguage":"en-US","potentialAction":[{"@type":"ReadAction","target":["https:\/\/bolting.eu\/en\/shop\/petzl-purdry-haue\/"]}]},{"@type":"ImageObject","inLanguage":"en-US","@id":"https:\/\/bolting.eu\/en\/shop\/petzl-purdry-haue\/#primaryimage","url":"https:\/\/bolting.eu\/wp-content\/uploads\/2022\/08\/Petzl-Pur-Dry-HAue-2.jpg","contentUrl":"https:\/\/bolting.eu\/wp-content\/uploads\/2022\/08\/Petzl-Pur-Dry-HAue-2.jpg","width":700,"height":700,"caption":"DAs Bild zeigt die schwarze Petzl Pur\u00b4Dry Haue schr\u00e4g in einem wei\u00dfem Quadrat, die Spitze schaut nach rechts."},{"@type":"BreadcrumbList","@id":"https:\/\/bolting.eu\/en\/shop\/petzl-purdry-haue\/#breadcrumb","itemListElement":[{"@type":"ListItem","position":1,"name":"Shop","item":"https:\/\/bolting.eu\/en\/shop\/"},{"@type":"ListItem","position":2,"name":"Bergsteiger Ausr\u00fcstung","item":"https:\/\/bolting.eu\/en\/produkt-kategorie\/bergsteiger-ausruestung\/"},{"@type":"ListItem","position":3,"name":"Hauen f\u00fcr Eisger\u00e4te","item":"https:\/\/bolting.eu\/produkt-kategorie\/bergsteiger-ausruestung\/hauen-fuer-eisgeraete\/"},{"@type":"ListItem","position":4,"name":"Petzl Pur\u00b4Dry Haue"}]},{"@type":"WebSite","@id":"https:\/\/bolting.eu\/en\/#website","url":"https:\/\/bolting.eu\/en\/","name":"bolting.eu","description":"we make climbs happen","publisher":{"@id":"https:\/\/bolting.eu\/en\/#organization"},"potentialAction":[{"@type":"SearchAction","target":{"@type":"EntryPoint","urlTemplate":"https:\/\/bolting.eu\/en\/?s={search_term_string}"},"query-input":{"@type":"PropertyValueSpecification","valueRequired":true,"valueName":"search_term_string"}}],"inLanguage":"en-US"},{"@type":["Organization","Place","SportingGoodsStore"],"@id":"https:\/\/bolting.eu\/en\/#organization","name":"bolting.eu","url":"https:\/\/bolting.eu\/en\/","logo":{"@id":"https:\/\/bolting.eu\/en\/shop\/petzl-purdry-haue\/#local-main-organization-logo"},"image":{"@id":"https:\/\/bolting.eu\/en\/shop\/petzl-purdry-haue\/#local-main-organization-logo"},"sameAs":["https:\/\/www.facebook.com\/bolting.eu","https:\/\/www.instagram.com\/bolting.eu\/"],"address":{"@id":"https:\/\/bolting.eu\/en\/shop\/petzl-purdry-haue\/#local-main-place-address"},"geo":{"@type":"GeoCoordinates","latitude":"47.264176340396226","longitude":"11.380109057672346"},"telephone":["+43 699 19083372"],"openingHoursSpecification":[{"@type":"OpeningHoursSpecification","dayOfWeek":["Monday","Wednesday","Friday"],"opens":"14:00","closes":"18:00"},{"@type":"OpeningHoursSpecification","dayOfWeek":["Tuesday","Thursday","Saturday","Sunday"],"opens":"00:00","closes":"00:00"}],"email":"office@bolting.eu","vatID":"ATU59999728","priceRange":"$$","currenciesAccepted":"Euro"},{"@type":"PostalAddress","@id":"https:\/\/bolting.eu\/en\/shop\/petzl-purdry-haue\/#local-main-place-address","streetAddress":"Fischnalerstra\u00dfe 4","addressLocality":"Innsbruck","postalCode":"6020","addressRegion":"Tirol","addressCountry":"AT"},{"@type":"ImageObject","inLanguage":"en-US","@id":"https:\/\/bolting.eu\/en\/shop\/petzl-purdry-haue\/#local-main-organization-logo","url":"https:\/\/bolting.eu\/wp-content\/uploads\/2019\/09\/bolting-logo.png","contentUrl":"https:\/\/bolting.eu\/wp-content\/uploads\/2019\/09\/bolting-logo.png","width":400,"height":211,"caption":"bolting.eu"}]},"product_price_amount":"47.50","product_price_currency":"EUR","og_availability":"instock","product_availability":"instock","product_retailer_item_id":"U022BA00","product_condition":"new","geo.placename":"Innsbruck","geo.position":{"lat":"47.264176340396226","long":"11.380109057672346"},"geo.region":"Austria"},"_links":{"self":[{"href":"https:\/\/bolting.eu\/en\/wp-json\/wp\/v2\/product\/13018","targetHints":{"allow":["GET"]}}],"collection":[{"href":"https:\/\/bolting.eu\/en\/wp-json\/wp\/v2\/product"}],"about":[{"href":"https:\/\/bolting.eu\/en\/wp-json\/wp\/v2\/types\/product"}],"replies":[{"embeddable":true,"href":"https:\/\/bolting.eu\/en\/wp-json\/wp\/v2\/comments?post=13018"}],"wp:featuredmedia":[{"embeddable":true,"href":"https:\/\/bolting.eu\/en\/wp-json\/wp\/v2\/media\/13020"}],"wp:attachment":[{"href":"https:\/\/bolting.eu\/en\/wp-json\/wp\/v2\/media?parent=13018"}],"wp:term":[{"taxonomy":"product_brand","embeddable":true,"href":"https:\/\/bolting.eu\/en\/wp-json\/wp\/v2\/product_brand?post=13018"},{"taxonomy":"product_cat","embeddable":true,"href":"https:\/\/bolting.eu\/en\/wp-json\/wp\/v2\/product_cat?post=13018"},{"taxonomy":"product_tag","embeddable":true,"href":"https:\/\/bolting.eu\/en\/wp-json\/wp\/v2\/product_tag?post=13018"}],"curies":[{"name":"wp","href":"https:\/\/api.w.org\/{rel}","templated":true}]}}