{"id":12979,"date":"2022-08-25T09:30:30","date_gmt":"2022-08-25T07:30:30","guid":{"rendered":"https:\/\/bolting.eu\/?post_type=product&#038;p=12979"},"modified":"2026-03-20T17:05:50","modified_gmt":"2026-03-20T16:05:50","slug":"petzl-gully-eispickel","status":"publish","type":"product","link":"https:\/\/bolting.eu\/en\/shop\/petzl-gully-eispickel\/","title":{"rendered":"Petzl Gully Eispickel"},"content":{"rendered":"<p>Der Petzl Gully ist ein spezieller Eispickel. Denn er ist f\u00fcr die Nische des technischen Bergsteigens und den Skialpinismus gemacht.<\/p>\n<p>D.h. zum einen ist er auf die modernen Anforderungen des modernen Alpinismus getrimmt. Leicht, sehr reduziert, aber dennoch technisch ausgereift und auf eher steileres Gel\u00e4nde ausgerichtet. Deswegen die Kr\u00fcmmung im Schaft, Stahlhaue und die verstellbare <a href=\"https:\/\/bolting.eu\/shop\/petzl-trigrest-fingerauflage\/\">Petzl Trigrest Fingerauflage<\/a>.<\/p>\n<p>Und zum anderen durch seine Gr\u00f6\u00dfe bzw. wiederum sein Gewicht, auf Skialpinisten ausgerichtet.<\/p>\n<p>Dieses Modell ist sowohl mit Hammerkopf als auch mit Schaufelkopf erh\u00e4ltlich. Mit nur 45cm L\u00e4nge ist das Packma\u00df extrem gering. Folglich auch sein Gewicht, mit gerade einmal 280 Gramm.<\/p>\n<h2>Eigenschaften Petzl Gully<\/h2>\n<ul>\n<li>Hersteller: <a href=\"https:\/\/bolting.eu\/shop\/coeur-stainless-petzl\/\">Petzl<\/a><\/li>\n<li>Material: Schaft \u2013 Alu, Haue \u2013 geh\u00e4rteter Stahl<\/li>\n<li>L\u00e4nge: 45cm<\/li>\n<li>Gewicht: 280 Gramm<\/li>\n<li>Normen: EN 13089<\/li>\n<li>mit Hammer- oder Schaufelkopf<\/li>\n<li>spitz zulaufende Haue (3mm) zum festen Einschlagen<\/li>\n<li>gebogener Schaft mit ergonomischen Halt<\/li>\n<li>ergonomische Haue zum besseren Angreifen bei Kopfst\u00fctz-Technik<\/li>\n<li>Trigrest Fingerauflage verstellbar entlang des Schaft<\/li>\n<li>\u00d6se am Schaftende f\u00fcr <a href=\"https:\/\/bolting.eu\/shop\/petzl-linkin-eispickel-handschlaufe\/\">Petzl Linkin Fangleine<\/a><\/li>\n<li>verstaubar im Rucksack<\/li>\n<li>kompatibel mit der \u201e<a href=\"https:\/\/bolting.eu\/shop\/petzl-pick-and-spike-protection\/\">Pick and Spike Protection<\/a>\u201c sowie \u201e<a href=\"https:\/\/bolting.eu\/shop\/petzl-linkin-eispickel-handschlaufe\/\">Linkin Handschlaufe<\/a>\u201c<\/li>\n<li><a href=\"https:\/\/www.petzl.com\/sfc\/servlet.shepherd\/version\/download\/068w0000003wuJYAAY\" target=\"_blank\" rel=\"noopener\">Bedinungsanleitung<\/a><\/li>\n<\/ul>\n<h3>Alles dran!<\/h3>\n<p>Der Gully Eispickel ist in seiner Form sehr reduziert. Was seiner Funktionalit\u00e4t aber keinen Abbruch tut. Denn an diesem Eispickel ist alles dran was man f\u00fcr technisches Bergsteigen braucht.<\/p>\n<p>Erstens die Stahlhaue bzw. der Hammer- und Schaufelaufsatz. Je nach Modell, kann man also Felshaken einschlagen oder Griffe und Tritte von Schnee und Eis befreien.<\/p>\n<p>Die verstellbare Trigrest Fingerauflage k\u00f6nnt ihr am Schaft entlang verschieben. D.h. rasche Anpassung an verschiedene Gel\u00e4ndeformen bzw. Handhaltungen uns sicherer Grip.<\/p>\n<p>Die \u00d6se f\u00fcr die Fangleine am Schaftende runden die Features dieses Modells perfekt ab.<\/p>\n<figure id=\"attachment_12984\" aria-describedby=\"caption-attachment-12984\" style=\"width: 400px\" class=\"wp-caption alignnone\"><a href=\"https:\/\/bolting.eu\/wp-content\/uploads\/2022\/08\/Petzl-Gully-Eispickel-1.jpg\"><img loading=\"lazy\" decoding=\"async\" class=\"wp-image-12984 size-medium\" src=\"https:\/\/bolting.eu\/wp-content\/uploads\/2022\/08\/Petzl-Gully-Eispickel-1-400x400.jpg\" alt=\"Orangen Eispickelschaft mit Fingerauflage des Petzl Gully Pickel.\" width=\"400\" height=\"400\" srcset=\"https:\/\/bolting.eu\/wp-content\/uploads\/2022\/08\/Petzl-Gully-Eispickel-1-400x400.jpg 400w, https:\/\/bolting.eu\/wp-content\/uploads\/2022\/08\/Petzl-Gully-Eispickel-1-247x247.jpg 247w, https:\/\/bolting.eu\/wp-content\/uploads\/2022\/08\/Petzl-Gully-Eispickel-1-100x100.jpg 100w, https:\/\/bolting.eu\/wp-content\/uploads\/2022\/08\/Petzl-Gully-Eispickel-1-510x510.jpg 510w, https:\/\/bolting.eu\/wp-content\/uploads\/2022\/08\/Petzl-Gully-Eispickel-1-280x280.jpg 280w, https:\/\/bolting.eu\/wp-content\/uploads\/2022\/08\/Petzl-Gully-Eispickel-1-300x300.jpg 300w, https:\/\/bolting.eu\/wp-content\/uploads\/2022\/08\/Petzl-Gully-Eispickel-1-600x600.jpg 600w, https:\/\/bolting.eu\/wp-content\/uploads\/2022\/08\/Petzl-Gully-Eispickel-1.jpg 700w\" sizes=\"auto, (max-width: 400px) 100vw, 400px\" \/><\/a><figcaption id=\"caption-attachment-12984\" class=\"wp-caption-text\">Kleines entscheidendes Detail. Die verstellbare Trigrest Fingerauflage erm\u00f6glicht viele Einstellungen, passend zum Gel\u00e4nde!<\/figcaption><\/figure>\n<h3>Keine wechselbaren Hauen &amp; Aufs\u00e4tze<\/h3>\n<p>Der Gully hat eine fixe Haue bzw. Aufsatz. Wer seinen alpinen Eispickel ideal an alle Bedingungen anpassen will, sollte auf den <a href=\"https:\/\/bolting.eu\/shop\/petzl-sumtec\/\">Petzl Sum\u00b4Tec<\/a> ausweichen.<\/p>\n<p>Denn dieser bietet mit dem &#8220;Alpen Adapt&#8221; System jede Menge Hauen und Aufs\u00e4tze, die frei kombinierbar sind.<\/p>\n<figure id=\"attachment_12982\" aria-describedby=\"caption-attachment-12982\" style=\"width: 400px\" class=\"wp-caption alignnone\"><a href=\"https:\/\/bolting.eu\/wp-content\/uploads\/2022\/08\/Petzl-Gully-Eispickel-3.jpg\"><img loading=\"lazy\" decoding=\"async\" class=\"wp-image-12982 size-medium\" src=\"https:\/\/bolting.eu\/wp-content\/uploads\/2022\/08\/Petzl-Gully-Eispickel-3-400x400.jpg\" alt=\"Kopf eines Petzl Eispickels mit schwarzer Stahlhaue, Schaufelkopf und orangem Stil.\" width=\"400\" height=\"400\" srcset=\"https:\/\/bolting.eu\/wp-content\/uploads\/2022\/08\/Petzl-Gully-Eispickel-3-400x400.jpg 400w, https:\/\/bolting.eu\/wp-content\/uploads\/2022\/08\/Petzl-Gully-Eispickel-3-247x247.jpg 247w, https:\/\/bolting.eu\/wp-content\/uploads\/2022\/08\/Petzl-Gully-Eispickel-3-100x100.jpg 100w, https:\/\/bolting.eu\/wp-content\/uploads\/2022\/08\/Petzl-Gully-Eispickel-3-510x510.jpg 510w, https:\/\/bolting.eu\/wp-content\/uploads\/2022\/08\/Petzl-Gully-Eispickel-3-280x280.jpg 280w, https:\/\/bolting.eu\/wp-content\/uploads\/2022\/08\/Petzl-Gully-Eispickel-3-300x300.jpg 300w, https:\/\/bolting.eu\/wp-content\/uploads\/2022\/08\/Petzl-Gully-Eispickel-3-600x600.jpg 600w, https:\/\/bolting.eu\/wp-content\/uploads\/2022\/08\/Petzl-Gully-Eispickel-3.jpg 700w\" sizes=\"auto, (max-width: 400px) 100vw, 400px\" \/><\/a><figcaption id=\"caption-attachment-12982\" class=\"wp-caption-text\">Die fixe Haue bzw. Aufsatz aus Molybd\u00e4n Stahl.<\/figcaption><\/figure>\n<h3>Petzl Gully IM Rucksack<\/h3>\n<p>Wir finden eines der coolsten Features, die kleine Gr\u00f6\u00dfe bzw. das abgeschr\u00e4gte Schaftende.<\/p>\n<p>Denn somit kann man dieses Modell in einem <a href=\"https:\/\/bolting.eu\/produkt-kategorie\/kletterausruestung\/kletterrucksack\/\">Kletterrucksack<\/a> transportieren. Das macht absolut Sinn, wenn man kein st\u00f6rendes Element au\u00dfen befestigen will. Wie z.B. bei langen Routen, wo man aber nur sehr kurz einen Pickel ben\u00f6tigt. Oder bei einer Skitour wo er nur f\u00fcr die Abfahrt ben\u00f6tigt wird.<\/p>\n<p>Dadurch wird zu einem guten Teil auch das Verletzungsrisiko deutlich vermindert!<\/p>\n","protected":false},"excerpt":{"rendered":"<p>Extrem leichter Eispickel mit Hammer oder Schaufel zum technischen Bergsteigen oder Skialpinismus. Nur 280 Gramm bei 45cm L\u00e4nge!<\/p>\n<p>Der gebogene Schaft, die verstellbare Fingerauflage und Stahlhaue erm\u00f6glichen einen vielseitigen Einsatz.<\/p>\n<p>Versandkostenfrei bis 2kg in \ud83c\udde6\ud83c\uddf9 ab \u20ac 100,- und \ud83c\udde9\ud83c\uddea ab \u20ac 200,-!<\/p>\n","protected":false},"featured_media":12980,"comment_status":"closed","ping_status":"closed","template":"","meta":[],"product_brand":[],"product_cat":[11054,13938,14093],"product_tag":[],"class_list":{"0":"post-12979","1":"product","2":"type-product","3":"status-publish","4":"has-post-thumbnail","6":"product_cat-eispickel","7":"product_cat-bergsteiger-ausruestung","8":"product_cat-petzl","10":"first","11":"instock","12":"sale","13":"taxable","14":"shipping-taxable","15":"purchasable","16":"product-type-variable"},"yoast_head":"<!-- This site is optimized with the Yoast SEO Premium plugin v26.9 (Yoast SEO v26.9) - https:\/\/yoast.com\/product\/yoast-seo-premium-wordpress\/ -->\n<title>Petzl Gully Eispickel f\u00fcr Skitouren | bolting.eu<\/title>\n<meta name=\"description\" content=\"Petzl Gully Eispickel beim Kletter Hardwareprofi aus Innsbruck kaufen \u2705 kostenloser Versand* \u2705 14 Tage R\u00fcckgaberecht \u2705 Co2 neutraler Versand\" \/>\n<meta name=\"robots\" content=\"index, follow, max-snippet:-1, max-image-preview:large, max-video-preview:-1\" \/>\n<link rel=\"canonical\" href=\"https:\/\/bolting.eu\/en\/shop\/petzl-gully-eispickel\/\" \/>\n<meta property=\"og:locale\" content=\"en_US\" \/>\n<meta property=\"og:type\" content=\"article\" \/>\n<meta property=\"og:title\" content=\"Petzl Gully Eispickel\" \/>\n<meta property=\"og:description\" content=\"Petzl Gully Eispickel beim Kletter Hardwareprofi aus Innsbruck kaufen \u2705 kostenloser Versand* \u2705 14 Tage R\u00fcckgaberecht \u2705 Co2 neutraler Versand\" \/>\n<meta property=\"og:url\" content=\"https:\/\/bolting.eu\/en\/shop\/petzl-gully-eispickel\/\" \/>\n<meta property=\"og:site_name\" content=\"bolting.eu\" \/>\n<meta property=\"article:publisher\" content=\"https:\/\/www.facebook.com\/bolting.eu\" \/>\n<meta property=\"article:modified_time\" content=\"2026-03-20T16:05:50+00:00\" \/>\n<meta property=\"og:image\" content=\"https:\/\/bolting.eu\/wp-content\/uploads\/2022\/08\/Petzl-Gully-Eispickel-5.jpg\" \/>\n\t<meta property=\"og:image:width\" content=\"700\" \/>\n\t<meta property=\"og:image:height\" content=\"700\" \/>\n\t<meta property=\"og:image:type\" content=\"image\/jpeg\" \/>\n<meta name=\"twitter:card\" content=\"summary_large_image\" \/>\n<meta name=\"twitter:label1\" content=\"Availability\" \/>\n\t<meta name=\"twitter:data1\" content=\"In stock\" \/>\n<script type=\"application\/ld+json\" class=\"yoast-schema-graph\">{\"@context\":\"https:\/\/schema.org\",\"@graph\":[{\"@type\":[\"WebPage\",\"ItemPage\"],\"@id\":\"https:\/\/bolting.eu\/en\/shop\/petzl-gully-eispickel\/\",\"url\":\"https:\/\/bolting.eu\/en\/shop\/petzl-gully-eispickel\/\",\"name\":\"Petzl Gully Eispickel f\u00fcr Skitouren | bolting.eu\",\"isPartOf\":{\"@id\":\"https:\/\/bolting.eu\/en\/#website\"},\"primaryImageOfPage\":{\"@id\":\"https:\/\/bolting.eu\/en\/shop\/petzl-gully-eispickel\/#primaryimage\"},\"image\":{\"@id\":\"https:\/\/bolting.eu\/en\/shop\/petzl-gully-eispickel\/#primaryimage\"},\"thumbnailUrl\":\"https:\/\/bolting.eu\/wp-content\/uploads\/2022\/08\/Petzl-Gully-Eispickel-5.jpg\",\"datePublished\":\"2022-08-25T07:30:30+00:00\",\"dateModified\":\"2026-03-20T16:05:50+00:00\",\"description\":\"Petzl Gully Eispickel beim Kletter Hardwareprofi aus Innsbruck kaufen \u2705 kostenloser Versand* \u2705 14 Tage R\u00fcckgaberecht \u2705 Co2 neutraler Versand\",\"breadcrumb\":{\"@id\":\"https:\/\/bolting.eu\/en\/shop\/petzl-gully-eispickel\/#breadcrumb\"},\"inLanguage\":\"en-US\",\"potentialAction\":[{\"@type\":\"ReadAction\",\"target\":[\"https:\/\/bolting.eu\/en\/shop\/petzl-gully-eispickel\/\"]}]},{\"@type\":\"ImageObject\",\"inLanguage\":\"en-US\",\"@id\":\"https:\/\/bolting.eu\/en\/shop\/petzl-gully-eispickel\/#primaryimage\",\"url\":\"https:\/\/bolting.eu\/wp-content\/uploads\/2022\/08\/Petzl-Gully-Eispickel-5.jpg\",\"contentUrl\":\"https:\/\/bolting.eu\/wp-content\/uploads\/2022\/08\/Petzl-Gully-Eispickel-5.jpg\",\"width\":700,\"height\":700,\"caption\":\"Petzl Gully Eispickel mit orangem Schaft und schwarzer Haue bzw. Hammerkopf aufrecht im Bild.\"},{\"@type\":\"BreadcrumbList\",\"@id\":\"https:\/\/bolting.eu\/en\/shop\/petzl-gully-eispickel\/#breadcrumb\",\"itemListElement\":[{\"@type\":\"ListItem\",\"position\":1,\"name\":\"Shop\",\"item\":\"https:\/\/bolting.eu\/en\/shop\/\"},{\"@type\":\"ListItem\",\"position\":2,\"name\":\"Bergsteiger Ausr\u00fcstung\",\"item\":\"https:\/\/bolting.eu\/produkt-kategorie\/bergsteiger-ausruestung\/\"},{\"@type\":\"ListItem\",\"position\":3,\"name\":\"Eispickel\",\"item\":\"https:\/\/bolting.eu\/produkt-kategorie\/bergsteiger-ausruestung\/eispickel\/\"},{\"@type\":\"ListItem\",\"position\":4,\"name\":\"Petzl Gully Eispickel\"}]},{\"@type\":\"WebSite\",\"@id\":\"https:\/\/bolting.eu\/en\/#website\",\"url\":\"https:\/\/bolting.eu\/en\/\",\"name\":\"bolting.eu\",\"description\":\"we make climbs happen\",\"publisher\":{\"@id\":\"https:\/\/bolting.eu\/en\/#organization\"},\"potentialAction\":[{\"@type\":\"SearchAction\",\"target\":{\"@type\":\"EntryPoint\",\"urlTemplate\":\"https:\/\/bolting.eu\/en\/?s={search_term_string}\"},\"query-input\":{\"@type\":\"PropertyValueSpecification\",\"valueRequired\":true,\"valueName\":\"search_term_string\"}}],\"inLanguage\":\"en-US\"},{\"@type\":[\"Organization\",\"Place\",\"SportingGoodsStore\"],\"@id\":\"https:\/\/bolting.eu\/en\/#organization\",\"name\":\"bolting.eu\",\"url\":\"https:\/\/bolting.eu\/en\/\",\"logo\":{\"@id\":\"https:\/\/bolting.eu\/en\/shop\/petzl-gully-eispickel\/#local-main-organization-logo\"},\"image\":{\"@id\":\"https:\/\/bolting.eu\/en\/shop\/petzl-gully-eispickel\/#local-main-organization-logo\"},\"sameAs\":[\"https:\/\/www.facebook.com\/bolting.eu\",\"https:\/\/www.instagram.com\/bolting.eu\/\"],\"address\":{\"@id\":\"https:\/\/bolting.eu\/en\/shop\/petzl-gully-eispickel\/#local-main-place-address\"},\"geo\":{\"@type\":\"GeoCoordinates\",\"latitude\":\"47.264176340396226\",\"longitude\":\"11.380109057672346\"},\"telephone\":[\"+43 699 19083372\"],\"openingHoursSpecification\":[{\"@type\":\"OpeningHoursSpecification\",\"dayOfWeek\":[\"Monday\",\"Wednesday\",\"Friday\"],\"opens\":\"14:00\",\"closes\":\"18:00\"},{\"@type\":\"OpeningHoursSpecification\",\"dayOfWeek\":[\"Tuesday\",\"Thursday\",\"Saturday\",\"Sunday\"],\"opens\":\"00:00\",\"closes\":\"00:00\"}],\"email\":\"office@bolting.eu\",\"vatID\":\"ATU59999728\",\"priceRange\":\"$$\",\"currenciesAccepted\":\"Euro\"},{\"@type\":\"PostalAddress\",\"@id\":\"https:\/\/bolting.eu\/en\/shop\/petzl-gully-eispickel\/#local-main-place-address\",\"streetAddress\":\"Fischnalerstra\u00dfe 4\",\"addressLocality\":\"Innsbruck\",\"postalCode\":\"6020\",\"addressRegion\":\"Tirol\",\"addressCountry\":\"AT\"},{\"@type\":\"ImageObject\",\"inLanguage\":\"en-US\",\"@id\":\"https:\/\/bolting.eu\/en\/shop\/petzl-gully-eispickel\/#local-main-organization-logo\",\"url\":\"https:\/\/bolting.eu\/wp-content\/uploads\/2019\/09\/bolting-logo.png\",\"contentUrl\":\"https:\/\/bolting.eu\/wp-content\/uploads\/2019\/09\/bolting-logo.png\",\"width\":400,\"height\":211,\"caption\":\"bolting.eu\"}]}<\/script>\n<meta property=\"og:availability\" content=\"instock\" \/>\n<meta property=\"product:availability\" content=\"instock\" \/>\n<meta property=\"product:condition\" content=\"new\" \/>\n<meta name=\"geo.placename\" content=\"Innsbruck\" \/>\n<meta name=\"geo.position\" content=\"47.264176340396226;11.380109057672346\" \/>\n<meta name=\"geo.region\" content=\"Austria\" \/>\n<!-- \/ Yoast SEO Premium plugin. -->","yoast_head_json":{"title":"Petzl Gully Eispickel f\u00fcr Skitouren | bolting.eu","description":"Petzl Gully Eispickel beim Kletter Hardwareprofi aus Innsbruck kaufen \u2705 kostenloser Versand* \u2705 14 Tage R\u00fcckgaberecht \u2705 Co2 neutraler Versand","robots":{"index":"index","follow":"follow","max-snippet":"max-snippet:-1","max-image-preview":"max-image-preview:large","max-video-preview":"max-video-preview:-1"},"canonical":"https:\/\/bolting.eu\/en\/shop\/petzl-gully-eispickel\/","og_locale":"en_US","og_type":"article","og_title":"Petzl Gully Eispickel","og_description":"Petzl Gully Eispickel beim Kletter Hardwareprofi aus Innsbruck kaufen \u2705 kostenloser Versand* \u2705 14 Tage R\u00fcckgaberecht \u2705 Co2 neutraler Versand","og_url":"https:\/\/bolting.eu\/en\/shop\/petzl-gully-eispickel\/","og_site_name":"bolting.eu","article_publisher":"https:\/\/www.facebook.com\/bolting.eu","article_modified_time":"2026-03-20T16:05:50+00:00","og_image":[{"width":700,"height":700,"url":"https:\/\/bolting.eu\/wp-content\/uploads\/2022\/08\/Petzl-Gully-Eispickel-5.jpg","type":"image\/jpeg"}],"twitter_card":"summary_large_image","twitter_misc":{"Availability":"In stock"},"schema":{"@context":"https:\/\/schema.org","@graph":[{"@type":["WebPage","ItemPage"],"@id":"https:\/\/bolting.eu\/en\/shop\/petzl-gully-eispickel\/","url":"https:\/\/bolting.eu\/en\/shop\/petzl-gully-eispickel\/","name":"Petzl Gully Eispickel f\u00fcr Skitouren | bolting.eu","isPartOf":{"@id":"https:\/\/bolting.eu\/en\/#website"},"primaryImageOfPage":{"@id":"https:\/\/bolting.eu\/en\/shop\/petzl-gully-eispickel\/#primaryimage"},"image":{"@id":"https:\/\/bolting.eu\/en\/shop\/petzl-gully-eispickel\/#primaryimage"},"thumbnailUrl":"https:\/\/bolting.eu\/wp-content\/uploads\/2022\/08\/Petzl-Gully-Eispickel-5.jpg","datePublished":"2022-08-25T07:30:30+00:00","dateModified":"2026-03-20T16:05:50+00:00","description":"Petzl Gully Eispickel beim Kletter Hardwareprofi aus Innsbruck kaufen \u2705 kostenloser Versand* \u2705 14 Tage R\u00fcckgaberecht \u2705 Co2 neutraler Versand","breadcrumb":{"@id":"https:\/\/bolting.eu\/en\/shop\/petzl-gully-eispickel\/#breadcrumb"},"inLanguage":"en-US","potentialAction":[{"@type":"ReadAction","target":["https:\/\/bolting.eu\/en\/shop\/petzl-gully-eispickel\/"]}]},{"@type":"ImageObject","inLanguage":"en-US","@id":"https:\/\/bolting.eu\/en\/shop\/petzl-gully-eispickel\/#primaryimage","url":"https:\/\/bolting.eu\/wp-content\/uploads\/2022\/08\/Petzl-Gully-Eispickel-5.jpg","contentUrl":"https:\/\/bolting.eu\/wp-content\/uploads\/2022\/08\/Petzl-Gully-Eispickel-5.jpg","width":700,"height":700,"caption":"Petzl Gully Eispickel mit orangem Schaft und schwarzer Haue bzw. Hammerkopf aufrecht im Bild."},{"@type":"BreadcrumbList","@id":"https:\/\/bolting.eu\/en\/shop\/petzl-gully-eispickel\/#breadcrumb","itemListElement":[{"@type":"ListItem","position":1,"name":"Shop","item":"https:\/\/bolting.eu\/en\/shop\/"},{"@type":"ListItem","position":2,"name":"Bergsteiger Ausr\u00fcstung","item":"https:\/\/bolting.eu\/produkt-kategorie\/bergsteiger-ausruestung\/"},{"@type":"ListItem","position":3,"name":"Eispickel","item":"https:\/\/bolting.eu\/produkt-kategorie\/bergsteiger-ausruestung\/eispickel\/"},{"@type":"ListItem","position":4,"name":"Petzl Gully Eispickel"}]},{"@type":"WebSite","@id":"https:\/\/bolting.eu\/en\/#website","url":"https:\/\/bolting.eu\/en\/","name":"bolting.eu","description":"we make climbs happen","publisher":{"@id":"https:\/\/bolting.eu\/en\/#organization"},"potentialAction":[{"@type":"SearchAction","target":{"@type":"EntryPoint","urlTemplate":"https:\/\/bolting.eu\/en\/?s={search_term_string}"},"query-input":{"@type":"PropertyValueSpecification","valueRequired":true,"valueName":"search_term_string"}}],"inLanguage":"en-US"},{"@type":["Organization","Place","SportingGoodsStore"],"@id":"https:\/\/bolting.eu\/en\/#organization","name":"bolting.eu","url":"https:\/\/bolting.eu\/en\/","logo":{"@id":"https:\/\/bolting.eu\/en\/shop\/petzl-gully-eispickel\/#local-main-organization-logo"},"image":{"@id":"https:\/\/bolting.eu\/en\/shop\/petzl-gully-eispickel\/#local-main-organization-logo"},"sameAs":["https:\/\/www.facebook.com\/bolting.eu","https:\/\/www.instagram.com\/bolting.eu\/"],"address":{"@id":"https:\/\/bolting.eu\/en\/shop\/petzl-gully-eispickel\/#local-main-place-address"},"geo":{"@type":"GeoCoordinates","latitude":"47.264176340396226","longitude":"11.380109057672346"},"telephone":["+43 699 19083372"],"openingHoursSpecification":[{"@type":"OpeningHoursSpecification","dayOfWeek":["Monday","Wednesday","Friday"],"opens":"14:00","closes":"18:00"},{"@type":"OpeningHoursSpecification","dayOfWeek":["Tuesday","Thursday","Saturday","Sunday"],"opens":"00:00","closes":"00:00"}],"email":"office@bolting.eu","vatID":"ATU59999728","priceRange":"$$","currenciesAccepted":"Euro"},{"@type":"PostalAddress","@id":"https:\/\/bolting.eu\/en\/shop\/petzl-gully-eispickel\/#local-main-place-address","streetAddress":"Fischnalerstra\u00dfe 4","addressLocality":"Innsbruck","postalCode":"6020","addressRegion":"Tirol","addressCountry":"AT"},{"@type":"ImageObject","inLanguage":"en-US","@id":"https:\/\/bolting.eu\/en\/shop\/petzl-gully-eispickel\/#local-main-organization-logo","url":"https:\/\/bolting.eu\/wp-content\/uploads\/2019\/09\/bolting-logo.png","contentUrl":"https:\/\/bolting.eu\/wp-content\/uploads\/2019\/09\/bolting-logo.png","width":400,"height":211,"caption":"bolting.eu"}]},"og_availability":"instock","product_availability":"instock","product_condition":"new","geo.placename":"Innsbruck","geo.position":{"lat":"47.264176340396226","long":"11.380109057672346"},"geo.region":"Austria"},"_links":{"self":[{"href":"https:\/\/bolting.eu\/en\/wp-json\/wp\/v2\/product\/12979","targetHints":{"allow":["GET"]}}],"collection":[{"href":"https:\/\/bolting.eu\/en\/wp-json\/wp\/v2\/product"}],"about":[{"href":"https:\/\/bolting.eu\/en\/wp-json\/wp\/v2\/types\/product"}],"replies":[{"embeddable":true,"href":"https:\/\/bolting.eu\/en\/wp-json\/wp\/v2\/comments?post=12979"}],"wp:featuredmedia":[{"embeddable":true,"href":"https:\/\/bolting.eu\/en\/wp-json\/wp\/v2\/media\/12980"}],"wp:attachment":[{"href":"https:\/\/bolting.eu\/en\/wp-json\/wp\/v2\/media?parent=12979"}],"wp:term":[{"taxonomy":"product_brand","embeddable":true,"href":"https:\/\/bolting.eu\/en\/wp-json\/wp\/v2\/product_brand?post=12979"},{"taxonomy":"product_cat","embeddable":true,"href":"https:\/\/bolting.eu\/en\/wp-json\/wp\/v2\/product_cat?post=12979"},{"taxonomy":"product_tag","embeddable":true,"href":"https:\/\/bolting.eu\/en\/wp-json\/wp\/v2\/product_tag?post=12979"}],"curies":[{"name":"wp","href":"https:\/\/api.w.org\/{rel}","templated":true}]}}