{"id":12962,"date":"2022-08-23T12:34:29","date_gmt":"2022-08-23T10:34:29","guid":{"rendered":"https:\/\/bolting.eu\/?post_type=product&#038;p=12962"},"modified":"2025-01-28T15:38:58","modified_gmt":"2025-01-28T14:38:58","slug":"edelrid-hms-bulletproof-belay-fg-eco","status":"publish","type":"product","link":"https:\/\/bolting.eu\/en\/shop\/edelrid-hms-bulletproof-belay-fg-eco\/","title":{"rendered":"Edelrid HMS Bulletproof Belay FG ECO"},"content":{"rendered":"<p>Der Edelrid HMS Bulletproof Belay FG ECO ist ein umweltfreundlicher Sicherungskarabiner. Denn hier wurde bewusst die Eloxierung weg gelassen.<\/p>\n<p>D.h. im Produktionsprozess wird zur G\u00e4nze auf die toxischen Chemikalien der Eloxierung verzichtet. Somit kommt der Karabiner in einer rustikaleren &#8220;Stahl Optik&#8221; daher.<\/p>\n<p>Funktionell tut dies nat\u00fcrlich in keiner Form einen Abbruch! Er kann mit vielen <a href=\"https:\/\/bolting.eu\/produkt-kategorie\/kletterausruestung\/sicherungsgeraete-klettern\/\">Sicherungsger\u00e4ten<\/a> verwendet werden, insbesondere den Jul Ger\u00e4ten.<\/p>\n<p>Der integrierte Schnapper im kleinen Schenkel fixiert den Karabiner in der Sicherungsschlaufe. Somit kann es keine gef\u00e4hrlichen Querbelastungen geben.<\/p>\n<p>Wie alle Modelle der &#8220;Bulletproof&#8221; Serie, befindet sich auch hier ein Edelstahl Einsatz im gro\u00dfen Schenkel. Dadurch ist der <a href=\"https:\/\/bolting.eu\/produkt-kategorie\/kletterausruestung\/kletterkarabiner\/\">Karabiner<\/a> extrem abriebfest bzw. langlebig.<\/p>\n<p>Eine super Sache und wertvoller \u00f6kologischer Ansatz!<\/p>\n<h3>Eigenschaften Edelrid HMS Bulletproof Belay FG ECO<\/h3>\n<ul>\n<li>Hersteller: <a href=\"https:\/\/bolting.eu\/produkt-kategorie\/edelrid\/\">Edelrid<\/a><\/li>\n<li>Material: Aluminium und Edelstahl<\/li>\n<li>Farbe: grau<\/li>\n<li>Normen: <a href=\"https:\/\/bolting.eu\/en-12275-norm\/\">EN 12275<\/a>, <a href=\"https:\/\/bolting.eu\/en-362-norm\/\">EN 362<\/a><\/li>\n<li>Verschluss: Slider VErschluss<\/li>\n<li>Bruchlasten 20kN l\u00e4ngs \/ 8kN offen \/ 7kN Querachse<\/li>\n<li>Gr\u00f6\u00dfe 117 x 73mm<\/li>\n<li>Schnapper\u00f6ffnung: 28mm<\/li>\n<li>Gewicht: 87 Gramm<\/li>\n<li>verhindert gef\u00e4hrliche Querbelastungen<\/li>\n<li>ECO Line = ohne Eloxierung<\/li>\n<li>Made in Germany<\/li>\n<li><a href=\"https:\/\/avs.edelrid.com\/images\/attribut\/54530_GAL_KARABINER_ANSICHT.pdf\" target=\"_blank\" rel=\"noopener\">Bedienungsanleitung<\/a><\/li>\n<\/ul>\n<h3>Praktischer Slider Verschluss<\/h3>\n<p>Der Edelrid HMS Bulletproof Belay FG ECO ist mit einem sogenannten Slider Verschluss ausgestattet. Dieser ist auch als &#8220;Einhandverschluss&#8221; bekannt.<\/p>\n<p>F\u00fcr ihn ben\u00f6tigt man zuerst zwar ein paar Anl\u00e4ufe, aber dann hat man das Handling bald drauf. Somit erschlie\u00dft sich einem rasch der Vorteil dieses praktischen Verschlusses.<\/p>\n<p>Ein kurzer &#8220;Schieber&#8221;, dann ein &#8220;Dr\u00fccker&#8221;, und schon ist er offen. Der Verschluss erfolgt automatisch.<\/p>\n<p>\u00dcbrigens. Dank des Slider Verschlusses hat dieser Sicherungskarabiner eine schlanke Form mit unter 100 Gramm!<\/p>\n<figure id=\"attachment_12964\" aria-describedby=\"caption-attachment-12964\" style=\"width: 400px\" class=\"wp-caption alignnone\"><a href=\"https:\/\/bolting.eu\/wp-content\/uploads\/2022\/08\/Edelrid-HMS-Bulletproof-Belay-FG-ECO-5.jpg\"><img loading=\"lazy\" decoding=\"async\" class=\"wp-image-12964 size-medium\" src=\"https:\/\/bolting.eu\/wp-content\/uploads\/2022\/08\/Edelrid-HMS-Bulletproof-Belay-FG-ECO-5-400x400.jpg\" alt=\"Das Bild zeigt einen Edlerid Eco KArabiner in einem Klettergurt eingeh\u00e4ngt mit blauem Seil.\" width=\"400\" height=\"400\" srcset=\"https:\/\/bolting.eu\/wp-content\/uploads\/2022\/08\/Edelrid-HMS-Bulletproof-Belay-FG-ECO-5-400x400.jpg 400w, https:\/\/bolting.eu\/wp-content\/uploads\/2022\/08\/Edelrid-HMS-Bulletproof-Belay-FG-ECO-5-100x100.jpg 100w, https:\/\/bolting.eu\/wp-content\/uploads\/2022\/08\/Edelrid-HMS-Bulletproof-Belay-FG-ECO-5-510x510.jpg 510w, https:\/\/bolting.eu\/wp-content\/uploads\/2022\/08\/Edelrid-HMS-Bulletproof-Belay-FG-ECO-5-280x280.jpg 280w, https:\/\/bolting.eu\/wp-content\/uploads\/2022\/08\/Edelrid-HMS-Bulletproof-Belay-FG-ECO-5-300x300.jpg 300w, https:\/\/bolting.eu\/wp-content\/uploads\/2022\/08\/Edelrid-HMS-Bulletproof-Belay-FG-ECO-5-600x600.jpg 600w, https:\/\/bolting.eu\/wp-content\/uploads\/2022\/08\/Edelrid-HMS-Bulletproof-Belay-FG-ECO-5.jpg 700w\" sizes=\"auto, (max-width: 400px) 100vw, 400px\" \/><\/a><figcaption id=\"caption-attachment-12964\" class=\"wp-caption-text\">Der Slider Verschluss kann perfekt mit nur einer Hand bedient werden.<\/figcaption><\/figure>\n<h3>Eco = keine toxische Eloxierung<\/h3>\n<p>Dieses Modell ist eines von gleich mehreren, bei denen Edelrid bewusst auf die Eloxierung verzichtet. Denn dieser Vorgang involviert Chemikalien, die toxisch sind. Folglich stellt sich dabei immer die Frage: Wohin mit den giftigen Fl\u00fcssigkeiten nach der Produktion?<\/p>\n<p>Dieses Problem wird komplett vermieden, weil man den Karabiner einfach in seiner reinen Aluoberfl\u00e4che bel\u00e4sst.<\/p>\n<p>Gut f\u00fcr die Umwelt und gut f\u00fcr uns alle!<\/p>\n<figure id=\"attachment_12963\" aria-describedby=\"caption-attachment-12963\" style=\"width: 400px\" class=\"wp-caption alignnone\"><a href=\"https:\/\/bolting.eu\/wp-content\/uploads\/2022\/08\/Edelrid-HMS-Bulletproof-Belay-FG-ECO-6.jpg\"><img loading=\"lazy\" decoding=\"async\" class=\"wp-image-12963 size-medium\" src=\"https:\/\/bolting.eu\/wp-content\/uploads\/2022\/08\/Edelrid-HMS-Bulletproof-Belay-FG-ECO-6-400x400.jpg\" alt=\"Das Bild zeigt den Edelrid HMS Bulletproof Belay FG ECO mit einem Jul 2 auf einem Stein liegen.\" width=\"400\" height=\"400\" srcset=\"https:\/\/bolting.eu\/wp-content\/uploads\/2022\/08\/Edelrid-HMS-Bulletproof-Belay-FG-ECO-6-400x400.jpg 400w, https:\/\/bolting.eu\/wp-content\/uploads\/2022\/08\/Edelrid-HMS-Bulletproof-Belay-FG-ECO-6-100x100.jpg 100w, https:\/\/bolting.eu\/wp-content\/uploads\/2022\/08\/Edelrid-HMS-Bulletproof-Belay-FG-ECO-6-510x510.jpg 510w, https:\/\/bolting.eu\/wp-content\/uploads\/2022\/08\/Edelrid-HMS-Bulletproof-Belay-FG-ECO-6-280x280.jpg 280w, https:\/\/bolting.eu\/wp-content\/uploads\/2022\/08\/Edelrid-HMS-Bulletproof-Belay-FG-ECO-6-300x300.jpg 300w, https:\/\/bolting.eu\/wp-content\/uploads\/2022\/08\/Edelrid-HMS-Bulletproof-Belay-FG-ECO-6-600x600.jpg 600w, https:\/\/bolting.eu\/wp-content\/uploads\/2022\/08\/Edelrid-HMS-Bulletproof-Belay-FG-ECO-6.jpg 700w\" sizes=\"auto, (max-width: 400px) 100vw, 400px\" \/><\/a><figcaption id=\"caption-attachment-12963\" class=\"wp-caption-text\">Der unbehandelte Karabiner kommt in silberner Alu Optik daher. Gut f\u00fcr die Umwelt, gut f\u00fcr uns alle.<\/figcaption><\/figure>\n<h3>Edelrid HMS Bulletproof Belay FG ECO = Stahleinsatz<\/h3>\n<p>Wie alle Bulletproof Modelle, so hat auch auch dieser Sicherungskarabiner einen Stahleinsatz im gro\u00dfen Scheitel. Dieser ist extrem abriebfest und sorgt f\u00fcr eine lange Lebensdauer.<\/p>\n<p>Das macht gerade bei einem Karabiner, den man mit Sicherungsger\u00e4ten verwendet, absolut Sinn. Empfohlene Modelle sind alle <a href=\"https:\/\/bolting.eu\/produkt-kategorie\/kletterausruestung\/sicherungsgeraete-klettern\/edelrid-sicherungsgeraet\/\">Edelrid Sicherungsger\u00e4te<\/a> der Jul Serie!<\/p>\n","protected":false},"excerpt":{"rendered":"<p>Sicherungskarabiner aus unbehandelter Alu Legierung. D.h. hier werden keine toxischen Chemikalien f\u00fcr eine Eloxierung verwendet.<\/p>\n<p>Ein Sicherungsb\u00fcgel h\u00e4lt den Karabiner sicher in L\u00e4ngsposition an der Sicherungsschlaufe. Der praktische Slider Verschluss ist leicht einh\u00e4ndig zu bedienen.<\/p>\n","protected":false},"featured_media":12968,"comment_status":"closed","ping_status":"closed","template":"","meta":[],"product_brand":[],"product_cat":[4655,14193,29,44],"product_tag":[],"class_list":{"0":"post-12962","1":"product","2":"type-product","3":"status-publish","4":"has-post-thumbnail","6":"product_cat-edelrid","7":"product_cat-sicherungskarabiner","8":"product_cat-kletterausruestung","9":"product_cat-kletterkarabiner","11":"first","12":"instock","13":"taxable","14":"shipping-taxable","15":"purchasable","16":"product-type-simple"},"yoast_head":"<!-- This site is optimized with the Yoast SEO Premium plugin v26.9 (Yoast SEO v26.9) - https:\/\/yoast.com\/product\/yoast-seo-premium-wordpress\/ -->\n<title>Edelrid HMS Bulletproof Belay FG ECO | bolting.eu<\/title>\n<meta name=\"description\" content=\"Hier findest Du den Edelrid HMS Bulletproof Belay FG ECO. Einen Sicherungskarabiner ohne chemische Behandlung = ohne Eloxierung!\" \/>\n<meta name=\"robots\" content=\"index, follow, max-snippet:-1, max-image-preview:large, max-video-preview:-1\" \/>\n<link rel=\"canonical\" href=\"https:\/\/bolting.eu\/en\/shop\/edelrid-hms-bulletproof-belay-fg-eco\/\" \/>\n<meta property=\"og:locale\" content=\"en_US\" \/>\n<meta property=\"og:type\" content=\"article\" \/>\n<meta property=\"og:title\" content=\"Edelrid HMS Bulletproof Belay FG ECO\" \/>\n<meta property=\"og:description\" content=\"Hier findest Du den Edelrid HMS Bulletproof Belay FG ECO. Einen Sicherungskarabiner ohne chemische Behandlung = ohne Eloxierung!\" \/>\n<meta property=\"og:url\" content=\"https:\/\/bolting.eu\/en\/shop\/edelrid-hms-bulletproof-belay-fg-eco\/\" \/>\n<meta property=\"og:site_name\" content=\"bolting.eu\" \/>\n<meta property=\"article:publisher\" content=\"https:\/\/www.facebook.com\/bolting.eu\" \/>\n<meta property=\"article:modified_time\" content=\"2025-01-28T14:38:58+00:00\" \/>\n<meta property=\"og:image\" content=\"https:\/\/bolting.eu\/wp-content\/uploads\/2022\/08\/Edelrid-HMS-Bulletproof-Belay-FG-ECO-1.jpg\" \/>\n\t<meta property=\"og:image:width\" content=\"700\" \/>\n\t<meta property=\"og:image:height\" content=\"700\" \/>\n\t<meta property=\"og:image:type\" content=\"image\/jpeg\" \/>\n<meta name=\"twitter:card\" content=\"summary_large_image\" \/>\n<meta name=\"twitter:label1\" content=\"Price\" \/>\n\t<meta name=\"twitter:data1\" content=\"&euro;&nbsp;32,90\" \/>\n\t<meta name=\"twitter:label2\" content=\"Availability\" \/>\n\t<meta name=\"twitter:data2\" content=\"In stock\" \/>\n<script type=\"application\/ld+json\" class=\"yoast-schema-graph\">{\"@context\":\"https:\/\/schema.org\",\"@graph\":[{\"@type\":[\"WebPage\",\"ItemPage\"],\"@id\":\"https:\/\/bolting.eu\/en\/shop\/edelrid-hms-bulletproof-belay-fg-eco\/\",\"url\":\"https:\/\/bolting.eu\/en\/shop\/edelrid-hms-bulletproof-belay-fg-eco\/\",\"name\":\"Edelrid HMS Bulletproof Belay FG ECO | bolting.eu\",\"isPartOf\":{\"@id\":\"https:\/\/bolting.eu\/en\/#website\"},\"primaryImageOfPage\":{\"@id\":\"https:\/\/bolting.eu\/en\/shop\/edelrid-hms-bulletproof-belay-fg-eco\/#primaryimage\"},\"image\":{\"@id\":\"https:\/\/bolting.eu\/en\/shop\/edelrid-hms-bulletproof-belay-fg-eco\/#primaryimage\"},\"thumbnailUrl\":\"https:\/\/bolting.eu\/wp-content\/uploads\/2022\/08\/Edelrid-HMS-Bulletproof-Belay-FG-ECO-1.jpg\",\"datePublished\":\"2022-08-23T10:34:29+00:00\",\"dateModified\":\"2025-01-28T14:38:58+00:00\",\"description\":\"Hier findest Du den Edelrid HMS Bulletproof Belay FG ECO. Einen Sicherungskarabiner ohne chemische Behandlung = ohne Eloxierung!\",\"breadcrumb\":{\"@id\":\"https:\/\/bolting.eu\/en\/shop\/edelrid-hms-bulletproof-belay-fg-eco\/#breadcrumb\"},\"inLanguage\":\"en-US\",\"potentialAction\":[{\"@type\":\"ReadAction\",\"target\":[\"https:\/\/bolting.eu\/en\/shop\/edelrid-hms-bulletproof-belay-fg-eco\/\"]}]},{\"@type\":\"ImageObject\",\"inLanguage\":\"en-US\",\"@id\":\"https:\/\/bolting.eu\/en\/shop\/edelrid-hms-bulletproof-belay-fg-eco\/#primaryimage\",\"url\":\"https:\/\/bolting.eu\/wp-content\/uploads\/2022\/08\/Edelrid-HMS-Bulletproof-Belay-FG-ECO-1.jpg\",\"contentUrl\":\"https:\/\/bolting.eu\/wp-content\/uploads\/2022\/08\/Edelrid-HMS-Bulletproof-Belay-FG-ECO-1.jpg\",\"width\":700,\"height\":700,\"caption\":\"Das Bild zeigt den grauen Edelrid HMS Bulletproof Belay FG ECO Sicherungskarabiner. Der Schnapper schaut nach links.\"},{\"@type\":\"BreadcrumbList\",\"@id\":\"https:\/\/bolting.eu\/en\/shop\/edelrid-hms-bulletproof-belay-fg-eco\/#breadcrumb\",\"itemListElement\":[{\"@type\":\"ListItem\",\"position\":1,\"name\":\"Shop\",\"item\":\"https:\/\/bolting.eu\/en\/shop\/\"},{\"@type\":\"ListItem\",\"position\":2,\"name\":\"climbing equipment\",\"item\":\"https:\/\/bolting.eu\/en\/produkt-kategorie\/climbing-equipment\/\"},{\"@type\":\"ListItem\",\"position\":3,\"name\":\"Climbing carabiner\",\"item\":\"https:\/\/bolting.eu\/en\/produkt-kategorie\/climbing-carabiner\/\"},{\"@type\":\"ListItem\",\"position\":4,\"name\":\"Sicherungskarabiner\",\"item\":\"https:\/\/bolting.eu\/produkt-kategorie\/kletterausruestung\/kletterkarabiner\/sicherungskarabiner\/\"},{\"@type\":\"ListItem\",\"position\":5,\"name\":\"Edelrid HMS Bulletproof Belay FG ECO\"}]},{\"@type\":\"WebSite\",\"@id\":\"https:\/\/bolting.eu\/en\/#website\",\"url\":\"https:\/\/bolting.eu\/en\/\",\"name\":\"bolting.eu\",\"description\":\"we make climbs happen\",\"publisher\":{\"@id\":\"https:\/\/bolting.eu\/en\/#organization\"},\"potentialAction\":[{\"@type\":\"SearchAction\",\"target\":{\"@type\":\"EntryPoint\",\"urlTemplate\":\"https:\/\/bolting.eu\/en\/?s={search_term_string}\"},\"query-input\":{\"@type\":\"PropertyValueSpecification\",\"valueRequired\":true,\"valueName\":\"search_term_string\"}}],\"inLanguage\":\"en-US\"},{\"@type\":[\"Organization\",\"Place\",\"SportingGoodsStore\"],\"@id\":\"https:\/\/bolting.eu\/en\/#organization\",\"name\":\"bolting.eu\",\"url\":\"https:\/\/bolting.eu\/en\/\",\"logo\":{\"@id\":\"https:\/\/bolting.eu\/en\/shop\/edelrid-hms-bulletproof-belay-fg-eco\/#local-main-organization-logo\"},\"image\":{\"@id\":\"https:\/\/bolting.eu\/en\/shop\/edelrid-hms-bulletproof-belay-fg-eco\/#local-main-organization-logo\"},\"sameAs\":[\"https:\/\/www.facebook.com\/bolting.eu\",\"https:\/\/www.instagram.com\/bolting.eu\/\"],\"address\":{\"@id\":\"https:\/\/bolting.eu\/en\/shop\/edelrid-hms-bulletproof-belay-fg-eco\/#local-main-place-address\"},\"geo\":{\"@type\":\"GeoCoordinates\",\"latitude\":\"47.264176340396226\",\"longitude\":\"11.380109057672346\"},\"telephone\":[\"+43 699 19083372\"],\"openingHoursSpecification\":[{\"@type\":\"OpeningHoursSpecification\",\"dayOfWeek\":[\"Monday\",\"Wednesday\",\"Friday\"],\"opens\":\"14:00\",\"closes\":\"18:00\"},{\"@type\":\"OpeningHoursSpecification\",\"dayOfWeek\":[\"Tuesday\",\"Thursday\",\"Saturday\",\"Sunday\"],\"opens\":\"00:00\",\"closes\":\"00:00\"}],\"email\":\"office@bolting.eu\",\"vatID\":\"ATU59999728\",\"priceRange\":\"$$\",\"currenciesAccepted\":\"Euro\"},{\"@type\":\"PostalAddress\",\"@id\":\"https:\/\/bolting.eu\/en\/shop\/edelrid-hms-bulletproof-belay-fg-eco\/#local-main-place-address\",\"streetAddress\":\"Fischnalerstra\u00dfe 4\",\"addressLocality\":\"Innsbruck\",\"postalCode\":\"6020\",\"addressRegion\":\"Tirol\",\"addressCountry\":\"AT\"},{\"@type\":\"ImageObject\",\"inLanguage\":\"en-US\",\"@id\":\"https:\/\/bolting.eu\/en\/shop\/edelrid-hms-bulletproof-belay-fg-eco\/#local-main-organization-logo\",\"url\":\"https:\/\/bolting.eu\/wp-content\/uploads\/2019\/09\/bolting-logo.png\",\"contentUrl\":\"https:\/\/bolting.eu\/wp-content\/uploads\/2019\/09\/bolting-logo.png\",\"width\":400,\"height\":211,\"caption\":\"bolting.eu\"}]}<\/script>\n<meta property=\"product:price:amount\" content=\"32.90\" \/>\n<meta property=\"product:price:currency\" content=\"EUR\" \/>\n<meta property=\"og:availability\" content=\"instock\" \/>\n<meta property=\"product:availability\" content=\"instock\" \/>\n<meta property=\"product:retailer_item_id\" content=\"737570001070\" \/>\n<meta property=\"product:condition\" content=\"new\" \/>\n<meta name=\"geo.placename\" content=\"Innsbruck\" \/>\n<meta name=\"geo.position\" content=\"47.264176340396226;11.380109057672346\" \/>\n<meta name=\"geo.region\" content=\"Austria\" \/>\n<!-- \/ Yoast SEO Premium plugin. -->","yoast_head_json":{"title":"Edelrid HMS Bulletproof Belay FG ECO | bolting.eu","description":"Hier findest Du den Edelrid HMS Bulletproof Belay FG ECO. Einen Sicherungskarabiner ohne chemische Behandlung = ohne Eloxierung!","robots":{"index":"index","follow":"follow","max-snippet":"max-snippet:-1","max-image-preview":"max-image-preview:large","max-video-preview":"max-video-preview:-1"},"canonical":"https:\/\/bolting.eu\/en\/shop\/edelrid-hms-bulletproof-belay-fg-eco\/","og_locale":"en_US","og_type":"article","og_title":"Edelrid HMS Bulletproof Belay FG ECO","og_description":"Hier findest Du den Edelrid HMS Bulletproof Belay FG ECO. Einen Sicherungskarabiner ohne chemische Behandlung = ohne Eloxierung!","og_url":"https:\/\/bolting.eu\/en\/shop\/edelrid-hms-bulletproof-belay-fg-eco\/","og_site_name":"bolting.eu","article_publisher":"https:\/\/www.facebook.com\/bolting.eu","article_modified_time":"2025-01-28T14:38:58+00:00","og_image":[{"width":700,"height":700,"url":"https:\/\/bolting.eu\/wp-content\/uploads\/2022\/08\/Edelrid-HMS-Bulletproof-Belay-FG-ECO-1.jpg","type":"image\/jpeg"}],"twitter_card":"summary_large_image","twitter_misc":{"Price":"&euro;&nbsp;32,90","Availability":"In stock"},"schema":{"@context":"https:\/\/schema.org","@graph":[{"@type":["WebPage","ItemPage"],"@id":"https:\/\/bolting.eu\/en\/shop\/edelrid-hms-bulletproof-belay-fg-eco\/","url":"https:\/\/bolting.eu\/en\/shop\/edelrid-hms-bulletproof-belay-fg-eco\/","name":"Edelrid HMS Bulletproof Belay FG ECO | bolting.eu","isPartOf":{"@id":"https:\/\/bolting.eu\/en\/#website"},"primaryImageOfPage":{"@id":"https:\/\/bolting.eu\/en\/shop\/edelrid-hms-bulletproof-belay-fg-eco\/#primaryimage"},"image":{"@id":"https:\/\/bolting.eu\/en\/shop\/edelrid-hms-bulletproof-belay-fg-eco\/#primaryimage"},"thumbnailUrl":"https:\/\/bolting.eu\/wp-content\/uploads\/2022\/08\/Edelrid-HMS-Bulletproof-Belay-FG-ECO-1.jpg","datePublished":"2022-08-23T10:34:29+00:00","dateModified":"2025-01-28T14:38:58+00:00","description":"Hier findest Du den Edelrid HMS Bulletproof Belay FG ECO. Einen Sicherungskarabiner ohne chemische Behandlung = ohne Eloxierung!","breadcrumb":{"@id":"https:\/\/bolting.eu\/en\/shop\/edelrid-hms-bulletproof-belay-fg-eco\/#breadcrumb"},"inLanguage":"en-US","potentialAction":[{"@type":"ReadAction","target":["https:\/\/bolting.eu\/en\/shop\/edelrid-hms-bulletproof-belay-fg-eco\/"]}]},{"@type":"ImageObject","inLanguage":"en-US","@id":"https:\/\/bolting.eu\/en\/shop\/edelrid-hms-bulletproof-belay-fg-eco\/#primaryimage","url":"https:\/\/bolting.eu\/wp-content\/uploads\/2022\/08\/Edelrid-HMS-Bulletproof-Belay-FG-ECO-1.jpg","contentUrl":"https:\/\/bolting.eu\/wp-content\/uploads\/2022\/08\/Edelrid-HMS-Bulletproof-Belay-FG-ECO-1.jpg","width":700,"height":700,"caption":"Das Bild zeigt den grauen Edelrid HMS Bulletproof Belay FG ECO Sicherungskarabiner. Der Schnapper schaut nach links."},{"@type":"BreadcrumbList","@id":"https:\/\/bolting.eu\/en\/shop\/edelrid-hms-bulletproof-belay-fg-eco\/#breadcrumb","itemListElement":[{"@type":"ListItem","position":1,"name":"Shop","item":"https:\/\/bolting.eu\/en\/shop\/"},{"@type":"ListItem","position":2,"name":"climbing equipment","item":"https:\/\/bolting.eu\/en\/produkt-kategorie\/climbing-equipment\/"},{"@type":"ListItem","position":3,"name":"Climbing carabiner","item":"https:\/\/bolting.eu\/en\/produkt-kategorie\/climbing-carabiner\/"},{"@type":"ListItem","position":4,"name":"Sicherungskarabiner","item":"https:\/\/bolting.eu\/produkt-kategorie\/kletterausruestung\/kletterkarabiner\/sicherungskarabiner\/"},{"@type":"ListItem","position":5,"name":"Edelrid HMS Bulletproof Belay FG ECO"}]},{"@type":"WebSite","@id":"https:\/\/bolting.eu\/en\/#website","url":"https:\/\/bolting.eu\/en\/","name":"bolting.eu","description":"we make climbs happen","publisher":{"@id":"https:\/\/bolting.eu\/en\/#organization"},"potentialAction":[{"@type":"SearchAction","target":{"@type":"EntryPoint","urlTemplate":"https:\/\/bolting.eu\/en\/?s={search_term_string}"},"query-input":{"@type":"PropertyValueSpecification","valueRequired":true,"valueName":"search_term_string"}}],"inLanguage":"en-US"},{"@type":["Organization","Place","SportingGoodsStore"],"@id":"https:\/\/bolting.eu\/en\/#organization","name":"bolting.eu","url":"https:\/\/bolting.eu\/en\/","logo":{"@id":"https:\/\/bolting.eu\/en\/shop\/edelrid-hms-bulletproof-belay-fg-eco\/#local-main-organization-logo"},"image":{"@id":"https:\/\/bolting.eu\/en\/shop\/edelrid-hms-bulletproof-belay-fg-eco\/#local-main-organization-logo"},"sameAs":["https:\/\/www.facebook.com\/bolting.eu","https:\/\/www.instagram.com\/bolting.eu\/"],"address":{"@id":"https:\/\/bolting.eu\/en\/shop\/edelrid-hms-bulletproof-belay-fg-eco\/#local-main-place-address"},"geo":{"@type":"GeoCoordinates","latitude":"47.264176340396226","longitude":"11.380109057672346"},"telephone":["+43 699 19083372"],"openingHoursSpecification":[{"@type":"OpeningHoursSpecification","dayOfWeek":["Monday","Wednesday","Friday"],"opens":"14:00","closes":"18:00"},{"@type":"OpeningHoursSpecification","dayOfWeek":["Tuesday","Thursday","Saturday","Sunday"],"opens":"00:00","closes":"00:00"}],"email":"office@bolting.eu","vatID":"ATU59999728","priceRange":"$$","currenciesAccepted":"Euro"},{"@type":"PostalAddress","@id":"https:\/\/bolting.eu\/en\/shop\/edelrid-hms-bulletproof-belay-fg-eco\/#local-main-place-address","streetAddress":"Fischnalerstra\u00dfe 4","addressLocality":"Innsbruck","postalCode":"6020","addressRegion":"Tirol","addressCountry":"AT"},{"@type":"ImageObject","inLanguage":"en-US","@id":"https:\/\/bolting.eu\/en\/shop\/edelrid-hms-bulletproof-belay-fg-eco\/#local-main-organization-logo","url":"https:\/\/bolting.eu\/wp-content\/uploads\/2019\/09\/bolting-logo.png","contentUrl":"https:\/\/bolting.eu\/wp-content\/uploads\/2019\/09\/bolting-logo.png","width":400,"height":211,"caption":"bolting.eu"}]},"product_price_amount":"32.90","product_price_currency":"EUR","og_availability":"instock","product_availability":"instock","product_retailer_item_id":"737570001070","product_condition":"new","geo.placename":"Innsbruck","geo.position":{"lat":"47.264176340396226","long":"11.380109057672346"},"geo.region":"Austria"},"_links":{"self":[{"href":"https:\/\/bolting.eu\/en\/wp-json\/wp\/v2\/product\/12962","targetHints":{"allow":["GET"]}}],"collection":[{"href":"https:\/\/bolting.eu\/en\/wp-json\/wp\/v2\/product"}],"about":[{"href":"https:\/\/bolting.eu\/en\/wp-json\/wp\/v2\/types\/product"}],"replies":[{"embeddable":true,"href":"https:\/\/bolting.eu\/en\/wp-json\/wp\/v2\/comments?post=12962"}],"wp:featuredmedia":[{"embeddable":true,"href":"https:\/\/bolting.eu\/en\/wp-json\/wp\/v2\/media\/12968"}],"wp:attachment":[{"href":"https:\/\/bolting.eu\/en\/wp-json\/wp\/v2\/media?parent=12962"}],"wp:term":[{"taxonomy":"product_brand","embeddable":true,"href":"https:\/\/bolting.eu\/en\/wp-json\/wp\/v2\/product_brand?post=12962"},{"taxonomy":"product_cat","embeddable":true,"href":"https:\/\/bolting.eu\/en\/wp-json\/wp\/v2\/product_cat?post=12962"},{"taxonomy":"product_tag","embeddable":true,"href":"https:\/\/bolting.eu\/en\/wp-json\/wp\/v2\/product_tag?post=12962"}],"curies":[{"name":"wp","href":"https:\/\/api.w.org\/{rel}","templated":true}]}}