{"id":12954,"date":"2022-08-23T09:10:18","date_gmt":"2022-08-23T07:10:18","guid":{"rendered":"https:\/\/bolting.eu\/?post_type=product&#038;p=12954"},"modified":"2024-07-03T16:04:09","modified_gmt":"2024-07-03T14:04:09","slug":"black-diamond-hotforge-hybrid-quickdraw","status":"publish","type":"product","link":"https:\/\/bolting.eu\/en\/shop\/black-diamond-hotforge-hybrid-quickdraw\/","title":{"rendered":"Black Diamond HotForge Hybrid Quickdraw"},"content":{"rendered":"<p>Die Black Diamond HotForge Hybrid Quickdraw ist eine Allround Expressschlinge f\u00fcr alle Kletterdisziplinen. Denn sie ist eine gelungene Kombi mit einem Dratb\u00fchel-Schnapper seilseitig und einem Keylock-Schnapper hakenseitig.<\/p>\n<p>D.h. diese Express verbindet die Vorteile der reinen <a href=\"https:\/\/bolting.eu\/shop\/black-diamond-hotforge-quickdraw\/\">HotForge Express<\/a> mit jener der LiteWire Express.<\/p>\n<p>Folglich ist sie relativ leicht, bringt aber genug &#8220;Masse&#8221; mit, um &#8220;etwas in der Hand zu haben&#8221;. Das ist z.B. beim Sportklettern wichtig, wo man sich oft an der Schlinge einh\u00e4lt. Andererseits wirkt sie in alpinen Routen nie \u00fcberdimensioniert.<\/p>\n<p>Die 18mm Polyester <a href=\"https:\/\/bolting.eu\/produkt-kategorie\/kletterausruestung\/bandschlinge\/\">Bandschlinge<\/a> rundet dieses Produkt fein ab. Eine klasse Allround Express!<\/p>\n<h2>Eigenschaften Black Diamond HotForge Hybrid Quickdraw<\/h2>\n<ul>\n<li>Hersteller: <a href=\"https:\/\/bolting.eu\/produkt-kategorie\/black-diamond\/\">Black Diamond<\/a><\/li>\n<li>Material: Alu bzw. Polyester<\/li>\n<li>Schlinge 18mm x 12cm bzw. 18mm x 16cm<\/li>\n<li>Gewicht: 99 Gramm bzw. 109 Gramm<\/li>\n<li><a href=\"https:\/\/bolting.eu\/en-12275-norm\/\">Normen: EN 12275<\/a><\/li>\n<li><a href=\"https:\/\/bolting.eu\/bruchlast-karabiner\/\">Bruchlast Karabiner<\/a> l\u00e4ngs \u2013 offen \u2013 quer: 24kN \u2013 8kN \u2013 8kN<\/li>\n<li>Allround Express f\u00fcr Sport-, Alpin- und Trad Klettern<\/li>\n<li>hei\u00df geschmiedetes H-Profil<\/li>\n<li>seilseitiger Drahtschnapper = kein Peitschenlag Effekt<\/li>\n<li>Straightjack Einsatz = Fixierung des seilseitigen Karabiners<\/li>\n<li><a href=\"https:\/\/blackdiamond-web.cdn.prismic.io\/blackdiamond-web\/e0fb3ea1-58ce-4766-8f24-13b46be41544_M13290_E+Carabiner-QD+Hang+Card+IS-WEB.pdf\" target=\"_blank\" rel=\"noopener\">Bedienungsanleitung<\/a><\/li>\n<\/ul>\n<h3>Vorteile der Hybrid Expressen<\/h3>\n<p>Wozu gibt es &#8220;gemischte&#8221; Expressen wie die Black Diamond HotForge Hybrid Quickdraw?<\/p>\n<p>Das werden wir ganz oft von Kunden in unserem <a href=\"https:\/\/bolting.eu\/klettershop-startseite\/\">Klettershop in Innsbruck<\/a> gefragt. Die Antwort ist recht simpel.<\/p>\n<p>Sie versucht die Vorteile von Keylock-Schnappern und Drahtb\u00fcgel-Schnappern zu kombinieren. D.h. zum einen die soliden Eigenschaften des hakenseitiges Karabiners mit dickem Scheitel f\u00fcr lange Lebensdauer. Denn scharfe <a href=\"https:\/\/bolting.eu\/produkt-kategorie\/einbohrartikel\/bohrhakenlasche\/\">Bohrhakenlaschen<\/a>, <a href=\"https:\/\/bolting.eu\/produkt-kategorie\/einbohrartikel\/klebehaken-buehlerhaken\/\">Klebehaken<\/a> oder <a href=\"https:\/\/bolting.eu\/produkt-kategorie\/einbohrartikel\/felshaken-normalhaken\/\">Felshaken<\/a> setzen dem Alu im Laufe der Zeit ordentlich zu.<\/p>\n<p>Und seilseitig sorgt der Drahtb\u00fcgel daf\u00fcr, das es keinen &#8220;Peitschenlag Effekt&#8221; gibt. Also kein \u00d6ffnen des Schnappers bei einem Sturz durch seine Tr\u00e4gheit.<\/p>\n<p>Insgesamt also sehr ausgewogene Eigenschaften. Folglich ist diese Express genau das, ein sehr gutes Allround Modell!<\/p>\n<h3>HotForge = hei\u00df geschmidet<\/h3>\n<p>Wird bei der <a href=\"https:\/\/bolting.eu\/produkt-kategorie\/kletterausruestung\/kletterkarabiner\/\">Kletterkarabiner<\/a> Produktion das Material und die Pressform erhitzt, spricht man von &#8220;hei\u00df geschmiedet&#8221;.<\/p>\n<p>Stark erhitze Metalllegierungen lassen sich verst\u00e4ndlicher Weise ganz anders formen. D.h. sie k\u00f6nnen in detailliertere und kleiner Formen gepresst werden, wie eben bei der Black Diamond HotForge Hybrid Quickdraw.<\/p>\n<p>Somit ergibt sich bei kleinem Gewicht eine gro\u00dfe Auflagefl\u00e4che an den Fixpunkten bzw. f\u00fcr das Kletterseil.<\/p>\n","protected":false},"excerpt":{"rendered":"<p>Gelungene Allround Expressschlinge mit Keylock Schnapper hakenseitig und Drahtb\u00fcgel Schnapper seilseitig. Die 18mm breite Schlinge rundet dieses Modell perfekt ab.<\/p>\n<p>Ein ausgewogenes &#8220;Mittelgewicht&#8221; f\u00fcr alle Kletterdisziplinen!<\/p>\n","protected":false},"featured_media":12956,"comment_status":"closed","ping_status":"closed","template":"","meta":[],"product_brand":[],"product_cat":[29,220,4658],"product_tag":[],"class_list":{"0":"post-12954","1":"product","2":"type-product","3":"status-publish","4":"has-post-thumbnail","6":"product_cat-kletterausruestung","7":"product_cat-expressschlingen","8":"product_cat-black-diamond","10":"first","11":"instock","12":"taxable","13":"shipping-taxable","14":"purchasable","15":"product-type-variable"},"yoast_head":"<!-- This site is optimized with the Yoast SEO Premium plugin v26.9 (Yoast SEO v26.9) - https:\/\/yoast.com\/product\/yoast-seo-premium-wordpress\/ -->\n<title>Black Diamond HotForge Hybrid Quickdraw | bolting.eu<\/title>\n<meta name=\"description\" content=\"Black Diamond HotForge Hybrid Quickdraw beim Hardwareprofi kaufen ! Versandkostenfrei* \u2705 14 Tage R\u00fcckgaberecht \u2705 Co2 neutrale Zustellung \u2705\" \/>\n<meta name=\"robots\" content=\"index, follow, max-snippet:-1, max-image-preview:large, max-video-preview:-1\" \/>\n<link rel=\"canonical\" href=\"https:\/\/bolting.eu\/en\/shop\/black-diamond-hotforge-hybrid-quickdraw\/\" \/>\n<meta property=\"og:locale\" content=\"en_US\" \/>\n<meta property=\"og:type\" content=\"article\" \/>\n<meta property=\"og:title\" content=\"Black Diamond HotForge Hybrid Quickdraw\" \/>\n<meta property=\"og:description\" content=\"Black Diamond HotForge Hybrid Quickdraw beim Hardwareprofi kaufen ! Versandkostenfrei* \u2705 14 Tage R\u00fcckgaberecht \u2705 Co2 neutrale Zustellung \u2705\" \/>\n<meta property=\"og:url\" content=\"https:\/\/bolting.eu\/en\/shop\/black-diamond-hotforge-hybrid-quickdraw\/\" \/>\n<meta property=\"og:site_name\" content=\"bolting.eu\" \/>\n<meta property=\"article:publisher\" content=\"https:\/\/www.facebook.com\/bolting.eu\" \/>\n<meta property=\"article:modified_time\" content=\"2024-07-03T14:04:09+00:00\" \/>\n<meta property=\"og:image\" content=\"https:\/\/bolting.eu\/wp-content\/uploads\/2022\/08\/Black-Diamond-HotForge-Hybrid-Quickdraw-1.jpg\" \/>\n\t<meta property=\"og:image:width\" content=\"700\" \/>\n\t<meta property=\"og:image:height\" content=\"700\" \/>\n\t<meta property=\"og:image:type\" content=\"image\/jpeg\" \/>\n<meta name=\"twitter:card\" content=\"summary_large_image\" \/>\n<meta name=\"twitter:label1\" content=\"Availability\" \/>\n\t<meta name=\"twitter:data1\" content=\"In stock\" \/>\n<script type=\"application\/ld+json\" class=\"yoast-schema-graph\">{\"@context\":\"https:\/\/schema.org\",\"@graph\":[{\"@type\":[\"WebPage\",\"ItemPage\"],\"@id\":\"https:\/\/bolting.eu\/en\/shop\/black-diamond-hotforge-hybrid-quickdraw\/\",\"url\":\"https:\/\/bolting.eu\/en\/shop\/black-diamond-hotforge-hybrid-quickdraw\/\",\"name\":\"Black Diamond HotForge Hybrid Quickdraw | bolting.eu\",\"isPartOf\":{\"@id\":\"https:\/\/bolting.eu\/en\/#website\"},\"primaryImageOfPage\":{\"@id\":\"https:\/\/bolting.eu\/en\/shop\/black-diamond-hotforge-hybrid-quickdraw\/#primaryimage\"},\"image\":{\"@id\":\"https:\/\/bolting.eu\/en\/shop\/black-diamond-hotforge-hybrid-quickdraw\/#primaryimage\"},\"thumbnailUrl\":\"https:\/\/bolting.eu\/wp-content\/uploads\/2022\/08\/Black-Diamond-HotForge-Hybrid-Quickdraw-1.jpg\",\"datePublished\":\"2022-08-23T07:10:18+00:00\",\"dateModified\":\"2024-07-03T14:04:09+00:00\",\"description\":\"Black Diamond HotForge Hybrid Quickdraw beim Hardwareprofi kaufen ! Versandkostenfrei* \u2705 14 Tage R\u00fcckgaberecht \u2705 Co2 neutrale Zustellung \u2705\",\"breadcrumb\":{\"@id\":\"https:\/\/bolting.eu\/en\/shop\/black-diamond-hotforge-hybrid-quickdraw\/#breadcrumb\"},\"inLanguage\":\"en-US\",\"potentialAction\":[{\"@type\":\"ReadAction\",\"target\":[\"https:\/\/bolting.eu\/en\/shop\/black-diamond-hotforge-hybrid-quickdraw\/\"]}]},{\"@type\":\"ImageObject\",\"inLanguage\":\"en-US\",\"@id\":\"https:\/\/bolting.eu\/en\/shop\/black-diamond-hotforge-hybrid-quickdraw\/#primaryimage\",\"url\":\"https:\/\/bolting.eu\/wp-content\/uploads\/2022\/08\/Black-Diamond-HotForge-Hybrid-Quickdraw-1.jpg\",\"contentUrl\":\"https:\/\/bolting.eu\/wp-content\/uploads\/2022\/08\/Black-Diamond-HotForge-Hybrid-Quickdraw-1.jpg\",\"width\":700,\"height\":700,\"caption\":\"Das Bild zeigt die blau schwarze Black Diamond HotForge Hybrid Quickdraw in einem wei\u00dfem Quadrat. Die Schnapper schauen nach rechts.\"},{\"@type\":\"BreadcrumbList\",\"@id\":\"https:\/\/bolting.eu\/en\/shop\/black-diamond-hotforge-hybrid-quickdraw\/#breadcrumb\",\"itemListElement\":[{\"@type\":\"ListItem\",\"position\":1,\"name\":\"Shop\",\"item\":\"https:\/\/bolting.eu\/en\/shop\/\"},{\"@type\":\"ListItem\",\"position\":2,\"name\":\"climbing equipment\",\"item\":\"https:\/\/bolting.eu\/en\/produkt-kategorie\/climbing-equipment\/\"},{\"@type\":\"ListItem\",\"position\":3,\"name\":\"Quickdraws\",\"item\":\"https:\/\/bolting.eu\/en\/produkt-kategorie\/quickdraws\/\"},{\"@type\":\"ListItem\",\"position\":4,\"name\":\"Black Diamond HotForge Hybrid Quickdraw\"}]},{\"@type\":\"WebSite\",\"@id\":\"https:\/\/bolting.eu\/en\/#website\",\"url\":\"https:\/\/bolting.eu\/en\/\",\"name\":\"bolting.eu\",\"description\":\"we make climbs happen\",\"publisher\":{\"@id\":\"https:\/\/bolting.eu\/en\/#organization\"},\"potentialAction\":[{\"@type\":\"SearchAction\",\"target\":{\"@type\":\"EntryPoint\",\"urlTemplate\":\"https:\/\/bolting.eu\/en\/?s={search_term_string}\"},\"query-input\":{\"@type\":\"PropertyValueSpecification\",\"valueRequired\":true,\"valueName\":\"search_term_string\"}}],\"inLanguage\":\"en-US\"},{\"@type\":[\"Organization\",\"Place\",\"SportingGoodsStore\"],\"@id\":\"https:\/\/bolting.eu\/en\/#organization\",\"name\":\"bolting.eu\",\"url\":\"https:\/\/bolting.eu\/en\/\",\"logo\":{\"@id\":\"https:\/\/bolting.eu\/en\/shop\/black-diamond-hotforge-hybrid-quickdraw\/#local-main-organization-logo\"},\"image\":{\"@id\":\"https:\/\/bolting.eu\/en\/shop\/black-diamond-hotforge-hybrid-quickdraw\/#local-main-organization-logo\"},\"sameAs\":[\"https:\/\/www.facebook.com\/bolting.eu\",\"https:\/\/www.instagram.com\/bolting.eu\/\"],\"address\":{\"@id\":\"https:\/\/bolting.eu\/en\/shop\/black-diamond-hotforge-hybrid-quickdraw\/#local-main-place-address\"},\"geo\":{\"@type\":\"GeoCoordinates\",\"latitude\":\"47.264176340396226\",\"longitude\":\"11.380109057672346\"},\"telephone\":[\"+43 699 19083372\"],\"openingHoursSpecification\":[{\"@type\":\"OpeningHoursSpecification\",\"dayOfWeek\":[\"Monday\",\"Wednesday\",\"Friday\"],\"opens\":\"14:00\",\"closes\":\"18:00\"},{\"@type\":\"OpeningHoursSpecification\",\"dayOfWeek\":[\"Tuesday\",\"Thursday\",\"Saturday\",\"Sunday\"],\"opens\":\"00:00\",\"closes\":\"00:00\"}],\"email\":\"office@bolting.eu\",\"vatID\":\"ATU59999728\",\"priceRange\":\"$$\",\"currenciesAccepted\":\"Euro\"},{\"@type\":\"PostalAddress\",\"@id\":\"https:\/\/bolting.eu\/en\/shop\/black-diamond-hotforge-hybrid-quickdraw\/#local-main-place-address\",\"streetAddress\":\"Fischnalerstra\u00dfe 4\",\"addressLocality\":\"Innsbruck\",\"postalCode\":\"6020\",\"addressRegion\":\"Tirol\",\"addressCountry\":\"AT\"},{\"@type\":\"ImageObject\",\"inLanguage\":\"en-US\",\"@id\":\"https:\/\/bolting.eu\/en\/shop\/black-diamond-hotforge-hybrid-quickdraw\/#local-main-organization-logo\",\"url\":\"https:\/\/bolting.eu\/wp-content\/uploads\/2019\/09\/bolting-logo.png\",\"contentUrl\":\"https:\/\/bolting.eu\/wp-content\/uploads\/2019\/09\/bolting-logo.png\",\"width\":400,\"height\":211,\"caption\":\"bolting.eu\"}]}<\/script>\n<meta property=\"og:availability\" content=\"instock\" \/>\n<meta property=\"product:availability\" content=\"instock\" \/>\n<meta property=\"product:retailer_item_id\" content=\"381117\" \/>\n<meta property=\"product:condition\" content=\"new\" \/>\n<meta name=\"geo.placename\" content=\"Innsbruck\" \/>\n<meta name=\"geo.position\" content=\"47.264176340396226;11.380109057672346\" \/>\n<meta name=\"geo.region\" content=\"Austria\" \/>\n<!-- \/ Yoast SEO Premium plugin. -->","yoast_head_json":{"title":"Black Diamond HotForge Hybrid Quickdraw | bolting.eu","description":"Black Diamond HotForge Hybrid Quickdraw beim Hardwareprofi kaufen ! Versandkostenfrei* \u2705 14 Tage R\u00fcckgaberecht \u2705 Co2 neutrale Zustellung \u2705","robots":{"index":"index","follow":"follow","max-snippet":"max-snippet:-1","max-image-preview":"max-image-preview:large","max-video-preview":"max-video-preview:-1"},"canonical":"https:\/\/bolting.eu\/en\/shop\/black-diamond-hotforge-hybrid-quickdraw\/","og_locale":"en_US","og_type":"article","og_title":"Black Diamond HotForge Hybrid Quickdraw","og_description":"Black Diamond HotForge Hybrid Quickdraw beim Hardwareprofi kaufen ! Versandkostenfrei* \u2705 14 Tage R\u00fcckgaberecht \u2705 Co2 neutrale Zustellung \u2705","og_url":"https:\/\/bolting.eu\/en\/shop\/black-diamond-hotforge-hybrid-quickdraw\/","og_site_name":"bolting.eu","article_publisher":"https:\/\/www.facebook.com\/bolting.eu","article_modified_time":"2024-07-03T14:04:09+00:00","og_image":[{"width":700,"height":700,"url":"https:\/\/bolting.eu\/wp-content\/uploads\/2022\/08\/Black-Diamond-HotForge-Hybrid-Quickdraw-1.jpg","type":"image\/jpeg"}],"twitter_card":"summary_large_image","twitter_misc":{"Availability":"In stock"},"schema":{"@context":"https:\/\/schema.org","@graph":[{"@type":["WebPage","ItemPage"],"@id":"https:\/\/bolting.eu\/en\/shop\/black-diamond-hotforge-hybrid-quickdraw\/","url":"https:\/\/bolting.eu\/en\/shop\/black-diamond-hotforge-hybrid-quickdraw\/","name":"Black Diamond HotForge Hybrid Quickdraw | bolting.eu","isPartOf":{"@id":"https:\/\/bolting.eu\/en\/#website"},"primaryImageOfPage":{"@id":"https:\/\/bolting.eu\/en\/shop\/black-diamond-hotforge-hybrid-quickdraw\/#primaryimage"},"image":{"@id":"https:\/\/bolting.eu\/en\/shop\/black-diamond-hotforge-hybrid-quickdraw\/#primaryimage"},"thumbnailUrl":"https:\/\/bolting.eu\/wp-content\/uploads\/2022\/08\/Black-Diamond-HotForge-Hybrid-Quickdraw-1.jpg","datePublished":"2022-08-23T07:10:18+00:00","dateModified":"2024-07-03T14:04:09+00:00","description":"Black Diamond HotForge Hybrid Quickdraw beim Hardwareprofi kaufen ! Versandkostenfrei* \u2705 14 Tage R\u00fcckgaberecht \u2705 Co2 neutrale Zustellung \u2705","breadcrumb":{"@id":"https:\/\/bolting.eu\/en\/shop\/black-diamond-hotforge-hybrid-quickdraw\/#breadcrumb"},"inLanguage":"en-US","potentialAction":[{"@type":"ReadAction","target":["https:\/\/bolting.eu\/en\/shop\/black-diamond-hotforge-hybrid-quickdraw\/"]}]},{"@type":"ImageObject","inLanguage":"en-US","@id":"https:\/\/bolting.eu\/en\/shop\/black-diamond-hotforge-hybrid-quickdraw\/#primaryimage","url":"https:\/\/bolting.eu\/wp-content\/uploads\/2022\/08\/Black-Diamond-HotForge-Hybrid-Quickdraw-1.jpg","contentUrl":"https:\/\/bolting.eu\/wp-content\/uploads\/2022\/08\/Black-Diamond-HotForge-Hybrid-Quickdraw-1.jpg","width":700,"height":700,"caption":"Das Bild zeigt die blau schwarze Black Diamond HotForge Hybrid Quickdraw in einem wei\u00dfem Quadrat. Die Schnapper schauen nach rechts."},{"@type":"BreadcrumbList","@id":"https:\/\/bolting.eu\/en\/shop\/black-diamond-hotforge-hybrid-quickdraw\/#breadcrumb","itemListElement":[{"@type":"ListItem","position":1,"name":"Shop","item":"https:\/\/bolting.eu\/en\/shop\/"},{"@type":"ListItem","position":2,"name":"climbing equipment","item":"https:\/\/bolting.eu\/en\/produkt-kategorie\/climbing-equipment\/"},{"@type":"ListItem","position":3,"name":"Quickdraws","item":"https:\/\/bolting.eu\/en\/produkt-kategorie\/quickdraws\/"},{"@type":"ListItem","position":4,"name":"Black Diamond HotForge Hybrid Quickdraw"}]},{"@type":"WebSite","@id":"https:\/\/bolting.eu\/en\/#website","url":"https:\/\/bolting.eu\/en\/","name":"bolting.eu","description":"we make climbs happen","publisher":{"@id":"https:\/\/bolting.eu\/en\/#organization"},"potentialAction":[{"@type":"SearchAction","target":{"@type":"EntryPoint","urlTemplate":"https:\/\/bolting.eu\/en\/?s={search_term_string}"},"query-input":{"@type":"PropertyValueSpecification","valueRequired":true,"valueName":"search_term_string"}}],"inLanguage":"en-US"},{"@type":["Organization","Place","SportingGoodsStore"],"@id":"https:\/\/bolting.eu\/en\/#organization","name":"bolting.eu","url":"https:\/\/bolting.eu\/en\/","logo":{"@id":"https:\/\/bolting.eu\/en\/shop\/black-diamond-hotforge-hybrid-quickdraw\/#local-main-organization-logo"},"image":{"@id":"https:\/\/bolting.eu\/en\/shop\/black-diamond-hotforge-hybrid-quickdraw\/#local-main-organization-logo"},"sameAs":["https:\/\/www.facebook.com\/bolting.eu","https:\/\/www.instagram.com\/bolting.eu\/"],"address":{"@id":"https:\/\/bolting.eu\/en\/shop\/black-diamond-hotforge-hybrid-quickdraw\/#local-main-place-address"},"geo":{"@type":"GeoCoordinates","latitude":"47.264176340396226","longitude":"11.380109057672346"},"telephone":["+43 699 19083372"],"openingHoursSpecification":[{"@type":"OpeningHoursSpecification","dayOfWeek":["Monday","Wednesday","Friday"],"opens":"14:00","closes":"18:00"},{"@type":"OpeningHoursSpecification","dayOfWeek":["Tuesday","Thursday","Saturday","Sunday"],"opens":"00:00","closes":"00:00"}],"email":"office@bolting.eu","vatID":"ATU59999728","priceRange":"$$","currenciesAccepted":"Euro"},{"@type":"PostalAddress","@id":"https:\/\/bolting.eu\/en\/shop\/black-diamond-hotforge-hybrid-quickdraw\/#local-main-place-address","streetAddress":"Fischnalerstra\u00dfe 4","addressLocality":"Innsbruck","postalCode":"6020","addressRegion":"Tirol","addressCountry":"AT"},{"@type":"ImageObject","inLanguage":"en-US","@id":"https:\/\/bolting.eu\/en\/shop\/black-diamond-hotforge-hybrid-quickdraw\/#local-main-organization-logo","url":"https:\/\/bolting.eu\/wp-content\/uploads\/2019\/09\/bolting-logo.png","contentUrl":"https:\/\/bolting.eu\/wp-content\/uploads\/2019\/09\/bolting-logo.png","width":400,"height":211,"caption":"bolting.eu"}]},"og_availability":"instock","product_availability":"instock","product_retailer_item_id":"381117","product_condition":"new","geo.placename":"Innsbruck","geo.position":{"lat":"47.264176340396226","long":"11.380109057672346"},"geo.region":"Austria"},"_links":{"self":[{"href":"https:\/\/bolting.eu\/en\/wp-json\/wp\/v2\/product\/12954","targetHints":{"allow":["GET"]}}],"collection":[{"href":"https:\/\/bolting.eu\/en\/wp-json\/wp\/v2\/product"}],"about":[{"href":"https:\/\/bolting.eu\/en\/wp-json\/wp\/v2\/types\/product"}],"replies":[{"embeddable":true,"href":"https:\/\/bolting.eu\/en\/wp-json\/wp\/v2\/comments?post=12954"}],"wp:featuredmedia":[{"embeddable":true,"href":"https:\/\/bolting.eu\/en\/wp-json\/wp\/v2\/media\/12956"}],"wp:attachment":[{"href":"https:\/\/bolting.eu\/en\/wp-json\/wp\/v2\/media?parent=12954"}],"wp:term":[{"taxonomy":"product_brand","embeddable":true,"href":"https:\/\/bolting.eu\/en\/wp-json\/wp\/v2\/product_brand?post=12954"},{"taxonomy":"product_cat","embeddable":true,"href":"https:\/\/bolting.eu\/en\/wp-json\/wp\/v2\/product_cat?post=12954"},{"taxonomy":"product_tag","embeddable":true,"href":"https:\/\/bolting.eu\/en\/wp-json\/wp\/v2\/product_tag?post=12954"}],"curies":[{"name":"wp","href":"https:\/\/api.w.org\/{rel}","templated":true}]}}