{"id":12944,"date":"2022-08-22T20:33:19","date_gmt":"2022-08-22T18:33:19","guid":{"rendered":"https:\/\/bolting.eu\/?post_type=product&#038;p=12944"},"modified":"2025-08-27T08:44:14","modified_gmt":"2025-08-27T06:44:14","slug":"black-diamond-hotforge-quickdraw","status":"publish","type":"product","link":"https:\/\/bolting.eu\/en\/shop\/black-diamond-hotforge-quickdraw\/","title":{"rendered":"Black Diamond Hotforge Quickdraw"},"content":{"rendered":"<p>Die Black Diamond Hotforge Quickdraw ist eine hochwertige Expressschlinge zum Sportklettern. Hier findest Du sie mit 12cm bzw. 16cm Schlingen L\u00e4nge.<\/p>\n<p>Denn dieses Modell hat zum einen eine 18mm Polyester Schlinge, die man sehr gut zum Einhalten verwenden kann. Und zum anderen etwas st\u00e4rkere Positron <a href=\"https:\/\/bolting.eu\/produkt-kategorie\/kletterausruestung\/kletterkarabiner\/schnappkarabiner\/\">Schnappkarabiner<\/a>. Diese Schnappkarabiner sind hei\u00df geschmiedet und bieten eine gro\u00dfe Oberfl\u00e4che. Somit sch\u00fctzen sie vor allem das Kletterseil.<\/p>\n<p>Der markante &#8220;Knick&#8221; im seilseitigen Karabiner erm\u00f6glicht zudem ein leichteres Klippen.<\/p>\n<p>Fazit. Eine sehr gute Option f\u00fcr das Sportklettern mit tollem Design.<\/p>\n<h2>Eigenschaften Black Diamond Hotforge Quickdraw<\/h2>\n<ul>\n<li>Hersteller: <a href=\"https:\/\/bolting.eu\/produkt-kategorie\/black-diamond\/\">Black Diamond<\/a><\/li>\n<li>Material: Alu bzw. Polyester<\/li>\n<li>&#8220;Dogbone&#8221; Schlinge 18mm x 12cm bzw. 18mm x 16cm<\/li>\n<li>Gewicht: 103 Gramm bzw. 113 Gramm<\/li>\n<li><a href=\"https:\/\/bolting.eu\/en-12275-norm\/\">Normen: EN 12275<\/a><\/li>\n<li><a href=\"https:\/\/bolting.eu\/bruchlast-karabiner\/\">Bruchlast Karabiner<\/a> l\u00e4ngs \u2013 offen \u2013 quer: 24kN \u2013 8kN \u2013 8kN<\/li>\n<li>Express f\u00fcr\u00b4s Sportplettern<\/li>\n<li>hei\u00df geschmiedetes H-Profil<\/li>\n<li>Positron Karabiner mit Keylock Verschluss<\/li>\n<li>Straightjacket Einsatz = Fixierung des seilseitigen Karabiners<\/li>\n<li><a href=\"https:\/\/blackdiamond-web.cdn.prismic.io\/blackdiamond-web\/e0fb3ea1-58ce-4766-8f24-13b46be41544_M13290_E+Carabiner-QD+Hang+Card+IS-WEB.pdf\" target=\"_blank\" rel=\"noopener\">Bedienungsanleitung<\/a><\/li>\n<\/ul>\n<h3>Wieso schwerere Expressen zum Sportklettern?<\/h3>\n<p>Das werden wir ganz oft von vielen Kunden in unserem <a href=\"https:\/\/bolting.eu\/klettershop-startseite\/\">Klettershop in Innsbruck<\/a> gefragt.<\/p>\n<p>Die Antwort ist relativ einfach. Denn zum einen sind etwas schwerere Karabiner auch belastbarer. Das macht bei vielen und teilweise &#8220;harten&#8221; St\u00fcrzen also absolut Sinn.<\/p>\n<p>Zum anderen kann man sich an gr\u00f6\u00dferen Expressen wie der Black Diamond Hotforge Quickdraw aber auch besser festhalten.<\/p>\n<p>Z.B. wenn man in die Schlinge greift, um sich beim Projektieren an ihnen hoch zu ziehen.<\/p>\n<p>Und noch etwas geben wir zu bedenken. Gr\u00f6\u00dfere und damit auch schwerere Karabiner sind langlebiger. Sowohl die hakenseiteigen Karabiner als auch die seilseitigen Karabiner halten dem Abrieb mehr stand. Ob scharfe <a href=\"https:\/\/bolting.eu\/produkt-kategorie\/einbohrartikel\/bohrhakenlasche\/\">Bohrhakenlasche<\/a> oder andauernder Seilabrieb. Dickere Karabiner halten einfach mehr aus.<\/p>\n<h3>18mm &#8220;Dogbone&#8221; Polyester Schlinge<\/h3>\n<p>Die 18mm breite Schlinge der Black Diamond Hotforge Quickdraw kann man super mit der Hand umschlie\u00dfen. Somit l\u00e4sst sich perfekt daran ziehen, wenn man in die &#8220;Schlinge greift&#8221;.<\/p>\n<p>Mit den beiden gro\u00dfen Positron Karabinern bildet sich somit quasi ein &#8220;Henkel&#8221;. Dieser ist beim Projektieren nat\u00fcrlich eine gro\u00dfe Hilfe.<\/p>\n<p>Am seilseitigen Ende hat BD einen sogenannten Straightjacket Einsatz eingen\u00e4ht. Dieser fixiert den Karabiner sodass er sich nicht drehen kann.<\/p>\n","protected":false},"excerpt":{"rendered":"<p>12cm bzw. 16cm Sportkletter Express mit 18mm Schlinge und hei\u00df geschmiedeten Positron Karabinern.<\/p>\n<p>Ideal zum Festhalten beim Projektieren, sehr leicht zu Klippen und mit langer Lebensdauer dank der gro\u00dfen Auflagefl\u00e4chen seilseitig bzw. des dicken Scheitels hakenseitig.<\/p>\n<p>Tolles Design!<\/p>\n","protected":false},"featured_media":12947,"comment_status":"closed","ping_status":"closed","template":"","meta":[],"product_brand":[],"product_cat":[29,220,4658],"product_tag":[],"class_list":{"0":"post-12944","1":"product","2":"type-product","3":"status-publish","4":"has-post-thumbnail","6":"product_cat-kletterausruestung","7":"product_cat-expressschlingen","8":"product_cat-black-diamond","10":"first","11":"instock","12":"taxable","13":"shipping-taxable","14":"purchasable","15":"product-type-variable"},"yoast_head":"<!-- This site is optimized with the Yoast SEO Premium plugin v26.9 (Yoast SEO v26.9) - https:\/\/yoast.com\/product\/yoast-seo-premium-wordpress\/ -->\n<title>Black Diamond Hotforge Quickdraw - Sportkletter Express | bolting.eu<\/title>\n<meta name=\"description\" content=\"BLACK DIAMOND HOTFORGE QUICKDRAW beim Hardwareprofi kaufen! Versandkostenfrei* \u2705 14 Tage R\u00fcckgaberecht \u2705 Co2 neutrale Zustellung \u2705\" \/>\n<meta name=\"robots\" content=\"index, follow, max-snippet:-1, max-image-preview:large, max-video-preview:-1\" \/>\n<link rel=\"canonical\" href=\"https:\/\/bolting.eu\/en\/shop\/black-diamond-hotforge-quickdraw\/\" \/>\n<meta property=\"og:locale\" content=\"en_US\" \/>\n<meta property=\"og:type\" content=\"article\" \/>\n<meta property=\"og:title\" content=\"Black Diamond Hotforge Quickdraw\" \/>\n<meta property=\"og:description\" content=\"BLACK DIAMOND HOTFORGE QUICKDRAW beim Hardwareprofi kaufen! Versandkostenfrei* \u2705 14 Tage R\u00fcckgaberecht \u2705 Co2 neutrale Zustellung \u2705\" \/>\n<meta property=\"og:url\" content=\"https:\/\/bolting.eu\/en\/shop\/black-diamond-hotforge-quickdraw\/\" \/>\n<meta property=\"og:site_name\" content=\"bolting.eu\" \/>\n<meta property=\"article:publisher\" content=\"https:\/\/www.facebook.com\/bolting.eu\" \/>\n<meta property=\"article:modified_time\" content=\"2025-08-27T06:44:14+00:00\" \/>\n<meta property=\"og:image\" content=\"https:\/\/bolting.eu\/wp-content\/uploads\/2022\/08\/Black-Diamond-Hotforge-Quickdraw-1.jpg\" \/>\n\t<meta property=\"og:image:width\" content=\"700\" \/>\n\t<meta property=\"og:image:height\" content=\"700\" \/>\n\t<meta property=\"og:image:type\" content=\"image\/jpeg\" \/>\n<meta name=\"twitter:card\" content=\"summary_large_image\" \/>\n<meta name=\"twitter:label1\" content=\"Availability\" \/>\n\t<meta name=\"twitter:data1\" content=\"In stock\" \/>\n<script type=\"application\/ld+json\" class=\"yoast-schema-graph\">{\"@context\":\"https:\/\/schema.org\",\"@graph\":[{\"@type\":[\"WebPage\",\"ItemPage\"],\"@id\":\"https:\/\/bolting.eu\/en\/shop\/black-diamond-hotforge-quickdraw\/\",\"url\":\"https:\/\/bolting.eu\/en\/shop\/black-diamond-hotforge-quickdraw\/\",\"name\":\"Black Diamond Hotforge Quickdraw - Sportkletter Express | bolting.eu\",\"isPartOf\":{\"@id\":\"https:\/\/bolting.eu\/en\/#website\"},\"primaryImageOfPage\":{\"@id\":\"https:\/\/bolting.eu\/en\/shop\/black-diamond-hotforge-quickdraw\/#primaryimage\"},\"image\":{\"@id\":\"https:\/\/bolting.eu\/en\/shop\/black-diamond-hotforge-quickdraw\/#primaryimage\"},\"thumbnailUrl\":\"https:\/\/bolting.eu\/wp-content\/uploads\/2022\/08\/Black-Diamond-Hotforge-Quickdraw-1.jpg\",\"datePublished\":\"2022-08-22T18:33:19+00:00\",\"dateModified\":\"2025-08-27T06:44:14+00:00\",\"description\":\"BLACK DIAMOND HOTFORGE QUICKDRAW beim Hardwareprofi kaufen! Versandkostenfrei* \u2705 14 Tage R\u00fcckgaberecht \u2705 Co2 neutrale Zustellung \u2705\",\"breadcrumb\":{\"@id\":\"https:\/\/bolting.eu\/en\/shop\/black-diamond-hotforge-quickdraw\/#breadcrumb\"},\"inLanguage\":\"en-US\",\"potentialAction\":[{\"@type\":\"ReadAction\",\"target\":[\"https:\/\/bolting.eu\/en\/shop\/black-diamond-hotforge-quickdraw\/\"]}]},{\"@type\":\"ImageObject\",\"inLanguage\":\"en-US\",\"@id\":\"https:\/\/bolting.eu\/en\/shop\/black-diamond-hotforge-quickdraw\/#primaryimage\",\"url\":\"https:\/\/bolting.eu\/wp-content\/uploads\/2022\/08\/Black-Diamond-Hotforge-Quickdraw-1.jpg\",\"contentUrl\":\"https:\/\/bolting.eu\/wp-content\/uploads\/2022\/08\/Black-Diamond-Hotforge-Quickdraw-1.jpg\",\"width\":700,\"height\":700,\"caption\":\"Das Bild zeigt eine Black Diamond Hotforge Quickdraw Expresschlinge mit grauem und schwarzen Karabiner, sowie grauschwarzer Schlinge. Die KArabiner schauen nach rechts.\"},{\"@type\":\"BreadcrumbList\",\"@id\":\"https:\/\/bolting.eu\/en\/shop\/black-diamond-hotforge-quickdraw\/#breadcrumb\",\"itemListElement\":[{\"@type\":\"ListItem\",\"position\":1,\"name\":\"Shop\",\"item\":\"https:\/\/bolting.eu\/en\/shop\/\"},{\"@type\":\"ListItem\",\"position\":2,\"name\":\"climbing equipment\",\"item\":\"https:\/\/bolting.eu\/en\/produkt-kategorie\/climbing-equipment\/\"},{\"@type\":\"ListItem\",\"position\":3,\"name\":\"Quickdraws\",\"item\":\"https:\/\/bolting.eu\/en\/produkt-kategorie\/quickdraws\/\"},{\"@type\":\"ListItem\",\"position\":4,\"name\":\"Black Diamond Hotforge Quickdraw\"}]},{\"@type\":\"WebSite\",\"@id\":\"https:\/\/bolting.eu\/en\/#website\",\"url\":\"https:\/\/bolting.eu\/en\/\",\"name\":\"bolting.eu\",\"description\":\"we make climbs happen\",\"publisher\":{\"@id\":\"https:\/\/bolting.eu\/en\/#organization\"},\"potentialAction\":[{\"@type\":\"SearchAction\",\"target\":{\"@type\":\"EntryPoint\",\"urlTemplate\":\"https:\/\/bolting.eu\/en\/?s={search_term_string}\"},\"query-input\":{\"@type\":\"PropertyValueSpecification\",\"valueRequired\":true,\"valueName\":\"search_term_string\"}}],\"inLanguage\":\"en-US\"},{\"@type\":[\"Organization\",\"Place\",\"SportingGoodsStore\"],\"@id\":\"https:\/\/bolting.eu\/en\/#organization\",\"name\":\"bolting.eu\",\"url\":\"https:\/\/bolting.eu\/en\/\",\"logo\":{\"@id\":\"https:\/\/bolting.eu\/en\/shop\/black-diamond-hotforge-quickdraw\/#local-main-organization-logo\"},\"image\":{\"@id\":\"https:\/\/bolting.eu\/en\/shop\/black-diamond-hotforge-quickdraw\/#local-main-organization-logo\"},\"sameAs\":[\"https:\/\/www.facebook.com\/bolting.eu\",\"https:\/\/www.instagram.com\/bolting.eu\/\"],\"address\":{\"@id\":\"https:\/\/bolting.eu\/en\/shop\/black-diamond-hotforge-quickdraw\/#local-main-place-address\"},\"geo\":{\"@type\":\"GeoCoordinates\",\"latitude\":\"47.264176340396226\",\"longitude\":\"11.380109057672346\"},\"telephone\":[\"+43 699 19083372\"],\"openingHoursSpecification\":[{\"@type\":\"OpeningHoursSpecification\",\"dayOfWeek\":[\"Monday\",\"Wednesday\",\"Friday\"],\"opens\":\"14:00\",\"closes\":\"18:00\"},{\"@type\":\"OpeningHoursSpecification\",\"dayOfWeek\":[\"Tuesday\",\"Thursday\",\"Saturday\",\"Sunday\"],\"opens\":\"00:00\",\"closes\":\"00:00\"}],\"email\":\"office@bolting.eu\",\"vatID\":\"ATU59999728\",\"priceRange\":\"$$\",\"currenciesAccepted\":\"Euro\"},{\"@type\":\"PostalAddress\",\"@id\":\"https:\/\/bolting.eu\/en\/shop\/black-diamond-hotforge-quickdraw\/#local-main-place-address\",\"streetAddress\":\"Fischnalerstra\u00dfe 4\",\"addressLocality\":\"Innsbruck\",\"postalCode\":\"6020\",\"addressRegion\":\"Tirol\",\"addressCountry\":\"AT\"},{\"@type\":\"ImageObject\",\"inLanguage\":\"en-US\",\"@id\":\"https:\/\/bolting.eu\/en\/shop\/black-diamond-hotforge-quickdraw\/#local-main-organization-logo\",\"url\":\"https:\/\/bolting.eu\/wp-content\/uploads\/2019\/09\/bolting-logo.png\",\"contentUrl\":\"https:\/\/bolting.eu\/wp-content\/uploads\/2019\/09\/bolting-logo.png\",\"width\":400,\"height\":211,\"caption\":\"bolting.eu\"}]}<\/script>\n<meta property=\"og:availability\" content=\"instock\" \/>\n<meta property=\"product:availability\" content=\"instock\" \/>\n<meta property=\"product:retailer_item_id\" content=\"381115\" \/>\n<meta property=\"product:condition\" content=\"new\" \/>\n<meta name=\"geo.placename\" content=\"Innsbruck\" \/>\n<meta name=\"geo.position\" content=\"47.264176340396226;11.380109057672346\" \/>\n<meta name=\"geo.region\" content=\"Austria\" \/>\n<!-- \/ Yoast SEO Premium plugin. -->","yoast_head_json":{"title":"Black Diamond Hotforge Quickdraw - Sportkletter Express | bolting.eu","description":"BLACK DIAMOND HOTFORGE QUICKDRAW beim Hardwareprofi kaufen! Versandkostenfrei* \u2705 14 Tage R\u00fcckgaberecht \u2705 Co2 neutrale Zustellung \u2705","robots":{"index":"index","follow":"follow","max-snippet":"max-snippet:-1","max-image-preview":"max-image-preview:large","max-video-preview":"max-video-preview:-1"},"canonical":"https:\/\/bolting.eu\/en\/shop\/black-diamond-hotforge-quickdraw\/","og_locale":"en_US","og_type":"article","og_title":"Black Diamond Hotforge Quickdraw","og_description":"BLACK DIAMOND HOTFORGE QUICKDRAW beim Hardwareprofi kaufen! Versandkostenfrei* \u2705 14 Tage R\u00fcckgaberecht \u2705 Co2 neutrale Zustellung \u2705","og_url":"https:\/\/bolting.eu\/en\/shop\/black-diamond-hotforge-quickdraw\/","og_site_name":"bolting.eu","article_publisher":"https:\/\/www.facebook.com\/bolting.eu","article_modified_time":"2025-08-27T06:44:14+00:00","og_image":[{"width":700,"height":700,"url":"https:\/\/bolting.eu\/wp-content\/uploads\/2022\/08\/Black-Diamond-Hotforge-Quickdraw-1.jpg","type":"image\/jpeg"}],"twitter_card":"summary_large_image","twitter_misc":{"Availability":"In stock"},"schema":{"@context":"https:\/\/schema.org","@graph":[{"@type":["WebPage","ItemPage"],"@id":"https:\/\/bolting.eu\/en\/shop\/black-diamond-hotforge-quickdraw\/","url":"https:\/\/bolting.eu\/en\/shop\/black-diamond-hotforge-quickdraw\/","name":"Black Diamond Hotforge Quickdraw - Sportkletter Express | bolting.eu","isPartOf":{"@id":"https:\/\/bolting.eu\/en\/#website"},"primaryImageOfPage":{"@id":"https:\/\/bolting.eu\/en\/shop\/black-diamond-hotforge-quickdraw\/#primaryimage"},"image":{"@id":"https:\/\/bolting.eu\/en\/shop\/black-diamond-hotforge-quickdraw\/#primaryimage"},"thumbnailUrl":"https:\/\/bolting.eu\/wp-content\/uploads\/2022\/08\/Black-Diamond-Hotforge-Quickdraw-1.jpg","datePublished":"2022-08-22T18:33:19+00:00","dateModified":"2025-08-27T06:44:14+00:00","description":"BLACK DIAMOND HOTFORGE QUICKDRAW beim Hardwareprofi kaufen! Versandkostenfrei* \u2705 14 Tage R\u00fcckgaberecht \u2705 Co2 neutrale Zustellung \u2705","breadcrumb":{"@id":"https:\/\/bolting.eu\/en\/shop\/black-diamond-hotforge-quickdraw\/#breadcrumb"},"inLanguage":"en-US","potentialAction":[{"@type":"ReadAction","target":["https:\/\/bolting.eu\/en\/shop\/black-diamond-hotforge-quickdraw\/"]}]},{"@type":"ImageObject","inLanguage":"en-US","@id":"https:\/\/bolting.eu\/en\/shop\/black-diamond-hotforge-quickdraw\/#primaryimage","url":"https:\/\/bolting.eu\/wp-content\/uploads\/2022\/08\/Black-Diamond-Hotforge-Quickdraw-1.jpg","contentUrl":"https:\/\/bolting.eu\/wp-content\/uploads\/2022\/08\/Black-Diamond-Hotforge-Quickdraw-1.jpg","width":700,"height":700,"caption":"Das Bild zeigt eine Black Diamond Hotforge Quickdraw Expresschlinge mit grauem und schwarzen Karabiner, sowie grauschwarzer Schlinge. Die KArabiner schauen nach rechts."},{"@type":"BreadcrumbList","@id":"https:\/\/bolting.eu\/en\/shop\/black-diamond-hotforge-quickdraw\/#breadcrumb","itemListElement":[{"@type":"ListItem","position":1,"name":"Shop","item":"https:\/\/bolting.eu\/en\/shop\/"},{"@type":"ListItem","position":2,"name":"climbing equipment","item":"https:\/\/bolting.eu\/en\/produkt-kategorie\/climbing-equipment\/"},{"@type":"ListItem","position":3,"name":"Quickdraws","item":"https:\/\/bolting.eu\/en\/produkt-kategorie\/quickdraws\/"},{"@type":"ListItem","position":4,"name":"Black Diamond Hotforge Quickdraw"}]},{"@type":"WebSite","@id":"https:\/\/bolting.eu\/en\/#website","url":"https:\/\/bolting.eu\/en\/","name":"bolting.eu","description":"we make climbs happen","publisher":{"@id":"https:\/\/bolting.eu\/en\/#organization"},"potentialAction":[{"@type":"SearchAction","target":{"@type":"EntryPoint","urlTemplate":"https:\/\/bolting.eu\/en\/?s={search_term_string}"},"query-input":{"@type":"PropertyValueSpecification","valueRequired":true,"valueName":"search_term_string"}}],"inLanguage":"en-US"},{"@type":["Organization","Place","SportingGoodsStore"],"@id":"https:\/\/bolting.eu\/en\/#organization","name":"bolting.eu","url":"https:\/\/bolting.eu\/en\/","logo":{"@id":"https:\/\/bolting.eu\/en\/shop\/black-diamond-hotforge-quickdraw\/#local-main-organization-logo"},"image":{"@id":"https:\/\/bolting.eu\/en\/shop\/black-diamond-hotforge-quickdraw\/#local-main-organization-logo"},"sameAs":["https:\/\/www.facebook.com\/bolting.eu","https:\/\/www.instagram.com\/bolting.eu\/"],"address":{"@id":"https:\/\/bolting.eu\/en\/shop\/black-diamond-hotforge-quickdraw\/#local-main-place-address"},"geo":{"@type":"GeoCoordinates","latitude":"47.264176340396226","longitude":"11.380109057672346"},"telephone":["+43 699 19083372"],"openingHoursSpecification":[{"@type":"OpeningHoursSpecification","dayOfWeek":["Monday","Wednesday","Friday"],"opens":"14:00","closes":"18:00"},{"@type":"OpeningHoursSpecification","dayOfWeek":["Tuesday","Thursday","Saturday","Sunday"],"opens":"00:00","closes":"00:00"}],"email":"office@bolting.eu","vatID":"ATU59999728","priceRange":"$$","currenciesAccepted":"Euro"},{"@type":"PostalAddress","@id":"https:\/\/bolting.eu\/en\/shop\/black-diamond-hotforge-quickdraw\/#local-main-place-address","streetAddress":"Fischnalerstra\u00dfe 4","addressLocality":"Innsbruck","postalCode":"6020","addressRegion":"Tirol","addressCountry":"AT"},{"@type":"ImageObject","inLanguage":"en-US","@id":"https:\/\/bolting.eu\/en\/shop\/black-diamond-hotforge-quickdraw\/#local-main-organization-logo","url":"https:\/\/bolting.eu\/wp-content\/uploads\/2019\/09\/bolting-logo.png","contentUrl":"https:\/\/bolting.eu\/wp-content\/uploads\/2019\/09\/bolting-logo.png","width":400,"height":211,"caption":"bolting.eu"}]},"og_availability":"instock","product_availability":"instock","product_retailer_item_id":"381115","product_condition":"new","geo.placename":"Innsbruck","geo.position":{"lat":"47.264176340396226","long":"11.380109057672346"},"geo.region":"Austria"},"_links":{"self":[{"href":"https:\/\/bolting.eu\/en\/wp-json\/wp\/v2\/product\/12944","targetHints":{"allow":["GET"]}}],"collection":[{"href":"https:\/\/bolting.eu\/en\/wp-json\/wp\/v2\/product"}],"about":[{"href":"https:\/\/bolting.eu\/en\/wp-json\/wp\/v2\/types\/product"}],"replies":[{"embeddable":true,"href":"https:\/\/bolting.eu\/en\/wp-json\/wp\/v2\/comments?post=12944"}],"wp:featuredmedia":[{"embeddable":true,"href":"https:\/\/bolting.eu\/en\/wp-json\/wp\/v2\/media\/12947"}],"wp:attachment":[{"href":"https:\/\/bolting.eu\/en\/wp-json\/wp\/v2\/media?parent=12944"}],"wp:term":[{"taxonomy":"product_brand","embeddable":true,"href":"https:\/\/bolting.eu\/en\/wp-json\/wp\/v2\/product_brand?post=12944"},{"taxonomy":"product_cat","embeddable":true,"href":"https:\/\/bolting.eu\/en\/wp-json\/wp\/v2\/product_cat?post=12944"},{"taxonomy":"product_tag","embeddable":true,"href":"https:\/\/bolting.eu\/en\/wp-json\/wp\/v2\/product_tag?post=12944"}],"curies":[{"name":"wp","href":"https:\/\/api.w.org\/{rel}","templated":true}]}}