{"id":12933,"date":"2022-08-22T15:27:23","date_gmt":"2022-08-22T13:27:23","guid":{"rendered":"https:\/\/bolting.eu\/?post_type=product&#038;p=12933"},"modified":"2023-04-01T10:40:18","modified_gmt":"2023-04-01T08:40:18","slug":"black-diamond-litewire-quickdraw","status":"publish","type":"product","link":"https:\/\/bolting.eu\/en\/shop\/black-diamond-litewire-quickdraw\/","title":{"rendered":"Black Diamond LiteWire Quickdraw"},"content":{"rendered":"<p>Die Black Diamond LiteWire Quickdraw ist eine leichte Expressschlinge. Sie ist sowohl zum Sportklettern als auch Alpinklettern zu empfehlen.<\/p>\n<p>Denn sie hat eine 12mm starkes bzw. 12cm langes Dynex Schlinge mit zwei LiteWire Drahtschnappern. Somit kommt sie auf bescheidene 73 Gramm Gewicht. Ideal f\u00fcr alle, die kein Gramm zu viel in die Wand mitnehmen wollen.<\/p>\n<p>Wie bei allen Drahtschnappern gilt auch hier. Die geringe Masse der Schnapper verhindert den &#8220;Peitschenschlag Effekt&#8221;. D.h. es gibt hier kein \u00d6ffnen bei einem Sturz durch die Tr\u00e4gheit der Schnapper.<\/p>\n<p>Fazit. Eine Express f\u00fcr alle Performer unter euch. Hier treffen geringstes Gewicht und gleichzeitig absolute Sicherheit aufeinander!<\/p>\n<h2>Eigenschaften Black Diamond LiteWire Quickdraw<\/h2>\n<ul>\n<li>Hersteller: <a href=\"https:\/\/bolting.eu\/produkt-kategorie\/black-diamond\/\">Black Diamond<\/a><\/li>\n<li>Material: Alu bzw. Dynex<\/li>\n<li>Schlinge 12mm x 12cm<\/li>\n<li>Gewicht: 73 Gramm<\/li>\n<li><a href=\"https:\/\/bolting.eu\/en-12275-norm\/\">Normen: EN 12275<\/a><\/li>\n<li><a href=\"https:\/\/bolting.eu\/bruchlast-karabiner\/\">Bruchlast Karabiner<\/a> l\u00e4ngs \u2013 offen \u2013 quer: 24kN \u2013 8kN \u2013 8kN<\/li>\n<li>sehr leichte Express f\u00fcr Sport-, Alpin- und Trad Klettern<\/li>\n<li>hei\u00df geschmiedetes H-Profil<\/li>\n<li>Drahtschnapper = kein Peitschenlag Effekt<\/li>\n<li>Straightjack Einsatz = Fixierung des seilseitigen Karabiners<\/li>\n<li><a href=\"https:\/\/blackdiamond-web.cdn.prismic.io\/blackdiamond-web\/e0fb3ea1-58ce-4766-8f24-13b46be41544_M13290_E+Carabiner-QD+Hang+Card+IS-WEB.pdf\" target=\"_blank\" rel=\"noopener\">Bedienungsanleitung<\/a><\/li>\n<\/ul>\n<h3>Hei\u00df geschmiedeter LiteWire Karabiner<\/h3>\n<p>F\u00fcr die Black Diamond LiteWire Quickdraw werden die gleichnamigen Karabiner verwendet.<\/p>\n<p>Diese k\u00f6nnen so leicht bzw. klein dimensioniert werden, weil sie hei\u00df geschmiedet werden. D.h. hier werden sowohl die Pressform als auch die Alu Legierung stark erhitzt. Nach dem Formungsvorgang wird das Material extrem langsam abgek\u00fchlt und erst dann weiterverarbeitet.<\/p>\n<p>Somit ergeben sich sehr leichte Bauweisen mit dem typischen H-Profilen.<\/p>\n<h3>Kein Peitschenschlag Effekt<\/h3>\n<p>Schl\u00e4gt ein Schnappkarabiner bei einem Sturz auf den Fels, so kann sich sein Schnapper \u00f6ffnen. Das geschieht durch die Masse des Schnappers bzw. seine &#8220;Tr\u00e4gheit&#8221;.<\/p>\n<p>Karabiner Modelle mit Drahtschnappern, wie bei der Black Diamond LiteWire Quickdraw, verhindern diesen Effekt.<\/p>\n<p>Sie sind zu leicht, als dass sie sich bei St\u00fcrzen alleine durch die Tr\u00e4gheit \u00f6ffnen lassen. Somit tragen sie einen guten Teil zu mehr Sicherheit am Fels bei.<\/p>\n<p>Wer hier zum einen auf das geringere Gewicht setzt, erh\u00e4lt also \u00fcberdies auch mehr Sicherheit &#8220;kostenlos&#8221; dazu.<\/p>\n","protected":false},"excerpt":{"rendered":"<p>Leichte Express mit starken LiteWire Drahtschnappern, 12mm starker und 12cm langer &#8220;Dogbone&#8221; Dynex Schlinge.<\/p>\n<p>Der &#8220;Straightjack&#8221; Einsatz fixiert den seilseitigen Karabiner. Ideal zum Sport-, Alpin- und Tradklettern, wenn man geringes Gewicht sch\u00e4tzt!<\/p>\n","protected":false},"featured_media":12935,"comment_status":"closed","ping_status":"closed","template":"","meta":[],"product_brand":[],"product_cat":[29,220,4658],"product_tag":[],"class_list":{"0":"post-12933","1":"product","2":"type-product","3":"status-publish","4":"has-post-thumbnail","6":"product_cat-kletterausruestung","7":"product_cat-expressschlingen","8":"product_cat-black-diamond","10":"first","11":"instock","12":"taxable","13":"shipping-taxable","14":"purchasable","15":"product-type-simple"},"yoast_head":"<!-- This site is optimized with the Yoast SEO Premium plugin v26.9 (Yoast SEO v26.9) - https:\/\/yoast.com\/product\/yoast-seo-premium-wordpress\/ -->\n<title>Black Diamond LiteWire Quickdraw | bolting.eu<\/title>\n<meta name=\"description\" content=\"hier findest Du die Black Diamond LiteWire Quickdraw. Eine leichte Expressschlinge mit Drahtschnappern zum Sport-, Alpin und Trad Klettern!\" \/>\n<meta name=\"robots\" content=\"index, follow, max-snippet:-1, max-image-preview:large, max-video-preview:-1\" \/>\n<link rel=\"canonical\" href=\"https:\/\/bolting.eu\/en\/shop\/black-diamond-litewire-quickdraw\/\" \/>\n<meta property=\"og:locale\" content=\"en_US\" \/>\n<meta property=\"og:type\" content=\"article\" \/>\n<meta property=\"og:title\" content=\"Black Diamond LiteWire Quickdraw\" \/>\n<meta property=\"og:description\" content=\"hier findest Du die Black Diamond LiteWire Quickdraw. Eine leichte Expressschlinge mit Drahtschnappern zum Sport-, Alpin und Trad Klettern!\" \/>\n<meta property=\"og:url\" content=\"https:\/\/bolting.eu\/en\/shop\/black-diamond-litewire-quickdraw\/\" \/>\n<meta property=\"og:site_name\" content=\"bolting.eu\" \/>\n<meta property=\"article:publisher\" content=\"https:\/\/www.facebook.com\/bolting.eu\" \/>\n<meta property=\"article:modified_time\" content=\"2023-04-01T08:40:18+00:00\" \/>\n<meta property=\"og:image\" content=\"https:\/\/bolting.eu\/wp-content\/uploads\/2022\/08\/Black-Diamond-LiteWire-Quickdraw-1.jpg\" \/>\n\t<meta property=\"og:image:width\" content=\"700\" \/>\n\t<meta property=\"og:image:height\" content=\"700\" \/>\n\t<meta property=\"og:image:type\" content=\"image\/jpeg\" \/>\n<meta name=\"twitter:card\" content=\"summary_large_image\" \/>\n<meta name=\"twitter:label1\" content=\"Price\" \/>\n\t<meta name=\"twitter:data1\" content=\"&euro;&nbsp;19,00\" \/>\n\t<meta name=\"twitter:label2\" content=\"Availability\" \/>\n\t<meta name=\"twitter:data2\" content=\"In stock\" \/>\n<script type=\"application\/ld+json\" class=\"yoast-schema-graph\">{\"@context\":\"https:\/\/schema.org\",\"@graph\":[{\"@type\":[\"WebPage\",\"ItemPage\"],\"@id\":\"https:\/\/bolting.eu\/en\/shop\/black-diamond-litewire-quickdraw\/\",\"url\":\"https:\/\/bolting.eu\/en\/shop\/black-diamond-litewire-quickdraw\/\",\"name\":\"Black Diamond LiteWire Quickdraw | bolting.eu\",\"isPartOf\":{\"@id\":\"https:\/\/bolting.eu\/en\/#website\"},\"primaryImageOfPage\":{\"@id\":\"https:\/\/bolting.eu\/en\/shop\/black-diamond-litewire-quickdraw\/#primaryimage\"},\"image\":{\"@id\":\"https:\/\/bolting.eu\/en\/shop\/black-diamond-litewire-quickdraw\/#primaryimage\"},\"thumbnailUrl\":\"https:\/\/bolting.eu\/wp-content\/uploads\/2022\/08\/Black-Diamond-LiteWire-Quickdraw-1.jpg\",\"datePublished\":\"2022-08-22T13:27:23+00:00\",\"dateModified\":\"2023-04-01T08:40:18+00:00\",\"description\":\"hier findest Du die Black Diamond LiteWire Quickdraw. Eine leichte Expressschlinge mit Drahtschnappern zum Sport-, Alpin und Trad Klettern!\",\"breadcrumb\":{\"@id\":\"https:\/\/bolting.eu\/en\/shop\/black-diamond-litewire-quickdraw\/#breadcrumb\"},\"inLanguage\":\"en-US\",\"potentialAction\":[{\"@type\":\"ReadAction\",\"target\":[\"https:\/\/bolting.eu\/en\/shop\/black-diamond-litewire-quickdraw\/\"]}]},{\"@type\":\"ImageObject\",\"inLanguage\":\"en-US\",\"@id\":\"https:\/\/bolting.eu\/en\/shop\/black-diamond-litewire-quickdraw\/#primaryimage\",\"url\":\"https:\/\/bolting.eu\/wp-content\/uploads\/2022\/08\/Black-Diamond-LiteWire-Quickdraw-1.jpg\",\"contentUrl\":\"https:\/\/bolting.eu\/wp-content\/uploads\/2022\/08\/Black-Diamond-LiteWire-Quickdraw-1.jpg\",\"width\":700,\"height\":700,\"caption\":\"Das Bild zeigt die Black Diamond LiteWire Quickdraw aufrecht in einem wei\u00dfen Quadrat. Man erkentt den schwarzen und grauen Karabiner mit schwarzer Schlinge.\"},{\"@type\":\"BreadcrumbList\",\"@id\":\"https:\/\/bolting.eu\/en\/shop\/black-diamond-litewire-quickdraw\/#breadcrumb\",\"itemListElement\":[{\"@type\":\"ListItem\",\"position\":1,\"name\":\"Shop\",\"item\":\"https:\/\/bolting.eu\/en\/shop\/\"},{\"@type\":\"ListItem\",\"position\":2,\"name\":\"climbing equipment\",\"item\":\"https:\/\/bolting.eu\/en\/produkt-kategorie\/climbing-equipment\/\"},{\"@type\":\"ListItem\",\"position\":3,\"name\":\"Quickdraws\",\"item\":\"https:\/\/bolting.eu\/en\/produkt-kategorie\/quickdraws\/\"},{\"@type\":\"ListItem\",\"position\":4,\"name\":\"Black Diamond LiteWire Quickdraw\"}]},{\"@type\":\"WebSite\",\"@id\":\"https:\/\/bolting.eu\/en\/#website\",\"url\":\"https:\/\/bolting.eu\/en\/\",\"name\":\"bolting.eu\",\"description\":\"we make climbs happen\",\"publisher\":{\"@id\":\"https:\/\/bolting.eu\/en\/#organization\"},\"potentialAction\":[{\"@type\":\"SearchAction\",\"target\":{\"@type\":\"EntryPoint\",\"urlTemplate\":\"https:\/\/bolting.eu\/en\/?s={search_term_string}\"},\"query-input\":{\"@type\":\"PropertyValueSpecification\",\"valueRequired\":true,\"valueName\":\"search_term_string\"}}],\"inLanguage\":\"en-US\"},{\"@type\":[\"Organization\",\"Place\",\"SportingGoodsStore\"],\"@id\":\"https:\/\/bolting.eu\/en\/#organization\",\"name\":\"bolting.eu\",\"url\":\"https:\/\/bolting.eu\/en\/\",\"logo\":{\"@id\":\"https:\/\/bolting.eu\/en\/shop\/black-diamond-litewire-quickdraw\/#local-main-organization-logo\"},\"image\":{\"@id\":\"https:\/\/bolting.eu\/en\/shop\/black-diamond-litewire-quickdraw\/#local-main-organization-logo\"},\"sameAs\":[\"https:\/\/www.facebook.com\/bolting.eu\",\"https:\/\/www.instagram.com\/bolting.eu\/\"],\"address\":{\"@id\":\"https:\/\/bolting.eu\/en\/shop\/black-diamond-litewire-quickdraw\/#local-main-place-address\"},\"geo\":{\"@type\":\"GeoCoordinates\",\"latitude\":\"47.264176340396226\",\"longitude\":\"11.380109057672346\"},\"telephone\":[\"+43 699 19083372\"],\"openingHoursSpecification\":[{\"@type\":\"OpeningHoursSpecification\",\"dayOfWeek\":[\"Monday\",\"Wednesday\",\"Friday\"],\"opens\":\"14:00\",\"closes\":\"18:00\"},{\"@type\":\"OpeningHoursSpecification\",\"dayOfWeek\":[\"Tuesday\",\"Thursday\",\"Saturday\",\"Sunday\"],\"opens\":\"00:00\",\"closes\":\"00:00\"}],\"email\":\"office@bolting.eu\",\"vatID\":\"ATU59999728\",\"priceRange\":\"$$\",\"currenciesAccepted\":\"Euro\"},{\"@type\":\"PostalAddress\",\"@id\":\"https:\/\/bolting.eu\/en\/shop\/black-diamond-litewire-quickdraw\/#local-main-place-address\",\"streetAddress\":\"Fischnalerstra\u00dfe 4\",\"addressLocality\":\"Innsbruck\",\"postalCode\":\"6020\",\"addressRegion\":\"Tirol\",\"addressCountry\":\"AT\"},{\"@type\":\"ImageObject\",\"inLanguage\":\"en-US\",\"@id\":\"https:\/\/bolting.eu\/en\/shop\/black-diamond-litewire-quickdraw\/#local-main-organization-logo\",\"url\":\"https:\/\/bolting.eu\/wp-content\/uploads\/2019\/09\/bolting-logo.png\",\"contentUrl\":\"https:\/\/bolting.eu\/wp-content\/uploads\/2019\/09\/bolting-logo.png\",\"width\":400,\"height\":211,\"caption\":\"bolting.eu\"}]}<\/script>\n<meta property=\"product:price:amount\" content=\"19.00\" \/>\n<meta property=\"product:price:currency\" content=\"EUR\" \/>\n<meta property=\"og:availability\" content=\"instock\" \/>\n<meta property=\"product:availability\" content=\"instock\" \/>\n<meta property=\"product:retailer_item_id\" content=\"381128\" \/>\n<meta property=\"product:condition\" content=\"new\" \/>\n<meta name=\"geo.placename\" content=\"Innsbruck\" \/>\n<meta name=\"geo.position\" content=\"47.264176340396226;11.380109057672346\" \/>\n<meta name=\"geo.region\" content=\"Austria\" \/>\n<!-- \/ Yoast SEO Premium plugin. -->","yoast_head_json":{"title":"Black Diamond LiteWire Quickdraw | bolting.eu","description":"hier findest Du die Black Diamond LiteWire Quickdraw. Eine leichte Expressschlinge mit Drahtschnappern zum Sport-, Alpin und Trad Klettern!","robots":{"index":"index","follow":"follow","max-snippet":"max-snippet:-1","max-image-preview":"max-image-preview:large","max-video-preview":"max-video-preview:-1"},"canonical":"https:\/\/bolting.eu\/en\/shop\/black-diamond-litewire-quickdraw\/","og_locale":"en_US","og_type":"article","og_title":"Black Diamond LiteWire Quickdraw","og_description":"hier findest Du die Black Diamond LiteWire Quickdraw. Eine leichte Expressschlinge mit Drahtschnappern zum Sport-, Alpin und Trad Klettern!","og_url":"https:\/\/bolting.eu\/en\/shop\/black-diamond-litewire-quickdraw\/","og_site_name":"bolting.eu","article_publisher":"https:\/\/www.facebook.com\/bolting.eu","article_modified_time":"2023-04-01T08:40:18+00:00","og_image":[{"width":700,"height":700,"url":"https:\/\/bolting.eu\/wp-content\/uploads\/2022\/08\/Black-Diamond-LiteWire-Quickdraw-1.jpg","type":"image\/jpeg"}],"twitter_card":"summary_large_image","twitter_misc":{"Price":"&euro;&nbsp;19,00","Availability":"In stock"},"schema":{"@context":"https:\/\/schema.org","@graph":[{"@type":["WebPage","ItemPage"],"@id":"https:\/\/bolting.eu\/en\/shop\/black-diamond-litewire-quickdraw\/","url":"https:\/\/bolting.eu\/en\/shop\/black-diamond-litewire-quickdraw\/","name":"Black Diamond LiteWire Quickdraw | bolting.eu","isPartOf":{"@id":"https:\/\/bolting.eu\/en\/#website"},"primaryImageOfPage":{"@id":"https:\/\/bolting.eu\/en\/shop\/black-diamond-litewire-quickdraw\/#primaryimage"},"image":{"@id":"https:\/\/bolting.eu\/en\/shop\/black-diamond-litewire-quickdraw\/#primaryimage"},"thumbnailUrl":"https:\/\/bolting.eu\/wp-content\/uploads\/2022\/08\/Black-Diamond-LiteWire-Quickdraw-1.jpg","datePublished":"2022-08-22T13:27:23+00:00","dateModified":"2023-04-01T08:40:18+00:00","description":"hier findest Du die Black Diamond LiteWire Quickdraw. Eine leichte Expressschlinge mit Drahtschnappern zum Sport-, Alpin und Trad Klettern!","breadcrumb":{"@id":"https:\/\/bolting.eu\/en\/shop\/black-diamond-litewire-quickdraw\/#breadcrumb"},"inLanguage":"en-US","potentialAction":[{"@type":"ReadAction","target":["https:\/\/bolting.eu\/en\/shop\/black-diamond-litewire-quickdraw\/"]}]},{"@type":"ImageObject","inLanguage":"en-US","@id":"https:\/\/bolting.eu\/en\/shop\/black-diamond-litewire-quickdraw\/#primaryimage","url":"https:\/\/bolting.eu\/wp-content\/uploads\/2022\/08\/Black-Diamond-LiteWire-Quickdraw-1.jpg","contentUrl":"https:\/\/bolting.eu\/wp-content\/uploads\/2022\/08\/Black-Diamond-LiteWire-Quickdraw-1.jpg","width":700,"height":700,"caption":"Das Bild zeigt die Black Diamond LiteWire Quickdraw aufrecht in einem wei\u00dfen Quadrat. Man erkentt den schwarzen und grauen Karabiner mit schwarzer Schlinge."},{"@type":"BreadcrumbList","@id":"https:\/\/bolting.eu\/en\/shop\/black-diamond-litewire-quickdraw\/#breadcrumb","itemListElement":[{"@type":"ListItem","position":1,"name":"Shop","item":"https:\/\/bolting.eu\/en\/shop\/"},{"@type":"ListItem","position":2,"name":"climbing equipment","item":"https:\/\/bolting.eu\/en\/produkt-kategorie\/climbing-equipment\/"},{"@type":"ListItem","position":3,"name":"Quickdraws","item":"https:\/\/bolting.eu\/en\/produkt-kategorie\/quickdraws\/"},{"@type":"ListItem","position":4,"name":"Black Diamond LiteWire Quickdraw"}]},{"@type":"WebSite","@id":"https:\/\/bolting.eu\/en\/#website","url":"https:\/\/bolting.eu\/en\/","name":"bolting.eu","description":"we make climbs happen","publisher":{"@id":"https:\/\/bolting.eu\/en\/#organization"},"potentialAction":[{"@type":"SearchAction","target":{"@type":"EntryPoint","urlTemplate":"https:\/\/bolting.eu\/en\/?s={search_term_string}"},"query-input":{"@type":"PropertyValueSpecification","valueRequired":true,"valueName":"search_term_string"}}],"inLanguage":"en-US"},{"@type":["Organization","Place","SportingGoodsStore"],"@id":"https:\/\/bolting.eu\/en\/#organization","name":"bolting.eu","url":"https:\/\/bolting.eu\/en\/","logo":{"@id":"https:\/\/bolting.eu\/en\/shop\/black-diamond-litewire-quickdraw\/#local-main-organization-logo"},"image":{"@id":"https:\/\/bolting.eu\/en\/shop\/black-diamond-litewire-quickdraw\/#local-main-organization-logo"},"sameAs":["https:\/\/www.facebook.com\/bolting.eu","https:\/\/www.instagram.com\/bolting.eu\/"],"address":{"@id":"https:\/\/bolting.eu\/en\/shop\/black-diamond-litewire-quickdraw\/#local-main-place-address"},"geo":{"@type":"GeoCoordinates","latitude":"47.264176340396226","longitude":"11.380109057672346"},"telephone":["+43 699 19083372"],"openingHoursSpecification":[{"@type":"OpeningHoursSpecification","dayOfWeek":["Monday","Wednesday","Friday"],"opens":"14:00","closes":"18:00"},{"@type":"OpeningHoursSpecification","dayOfWeek":["Tuesday","Thursday","Saturday","Sunday"],"opens":"00:00","closes":"00:00"}],"email":"office@bolting.eu","vatID":"ATU59999728","priceRange":"$$","currenciesAccepted":"Euro"},{"@type":"PostalAddress","@id":"https:\/\/bolting.eu\/en\/shop\/black-diamond-litewire-quickdraw\/#local-main-place-address","streetAddress":"Fischnalerstra\u00dfe 4","addressLocality":"Innsbruck","postalCode":"6020","addressRegion":"Tirol","addressCountry":"AT"},{"@type":"ImageObject","inLanguage":"en-US","@id":"https:\/\/bolting.eu\/en\/shop\/black-diamond-litewire-quickdraw\/#local-main-organization-logo","url":"https:\/\/bolting.eu\/wp-content\/uploads\/2019\/09\/bolting-logo.png","contentUrl":"https:\/\/bolting.eu\/wp-content\/uploads\/2019\/09\/bolting-logo.png","width":400,"height":211,"caption":"bolting.eu"}]},"product_price_amount":"19.00","product_price_currency":"EUR","og_availability":"instock","product_availability":"instock","product_retailer_item_id":"381128","product_condition":"new","geo.placename":"Innsbruck","geo.position":{"lat":"47.264176340396226","long":"11.380109057672346"},"geo.region":"Austria"},"_links":{"self":[{"href":"https:\/\/bolting.eu\/en\/wp-json\/wp\/v2\/product\/12933","targetHints":{"allow":["GET"]}}],"collection":[{"href":"https:\/\/bolting.eu\/en\/wp-json\/wp\/v2\/product"}],"about":[{"href":"https:\/\/bolting.eu\/en\/wp-json\/wp\/v2\/types\/product"}],"replies":[{"embeddable":true,"href":"https:\/\/bolting.eu\/en\/wp-json\/wp\/v2\/comments?post=12933"}],"wp:featuredmedia":[{"embeddable":true,"href":"https:\/\/bolting.eu\/en\/wp-json\/wp\/v2\/media\/12935"}],"wp:attachment":[{"href":"https:\/\/bolting.eu\/en\/wp-json\/wp\/v2\/media?parent=12933"}],"wp:term":[{"taxonomy":"product_brand","embeddable":true,"href":"https:\/\/bolting.eu\/en\/wp-json\/wp\/v2\/product_brand?post=12933"},{"taxonomy":"product_cat","embeddable":true,"href":"https:\/\/bolting.eu\/en\/wp-json\/wp\/v2\/product_cat?post=12933"},{"taxonomy":"product_tag","embeddable":true,"href":"https:\/\/bolting.eu\/en\/wp-json\/wp\/v2\/product_tag?post=12933"}],"curies":[{"name":"wp","href":"https:\/\/api.w.org\/{rel}","templated":true}]}}