{"id":12929,"date":"2022-08-22T14:50:10","date_gmt":"2022-08-22T12:50:10","guid":{"rendered":"https:\/\/bolting.eu\/?post_type=product&#038;p=12929"},"modified":"2025-07-09T18:59:10","modified_gmt":"2025-07-09T16:59:10","slug":"black-diamond-miniwire-alpine-quickdraw","status":"publish","type":"product","link":"https:\/\/bolting.eu\/en\/shop\/black-diamond-miniwire-alpine-quickdraw\/","title":{"rendered":"Black Diamond MiniWire Alpine Express"},"content":{"rendered":"<p>Die Black Diamond MiniWire Alpine Quickdraw sind extrem leichte, verl\u00e4ngerbare Expressschlingen. Sie bestehen zum einen aus den namensgebenden Mini Wire Karabinern. Und zum anderen aus einer 60cm langen, 8mm d\u00fcnnen Dynex <a href=\"https:\/\/bolting.eu\/produkt-kategorie\/kletterausruestung\/bandschlinge\/\">Bandschlinge<\/a>.<\/p>\n<p>Diese Schlinge ist ideal f\u00fcr das alpine Gel\u00e4nde. Denn sie verhindert gro\u00dfe Seilreibung bei Zick-Zack Verl\u00e4ufen.<\/p>\n<p>Durch die kleinen <a href=\"https:\/\/bolting.eu\/produkt-kategorie\/kletterausruestung\/kletterkarabiner\/schnappkarabiner\/\">Drahtschnapper<\/a> bzw. d\u00fcnne Bandschlinge, wiegt diese Express gerade einmal 75 Gramm.<\/p>\n<p>Kurzum. Wer bei langen Routen auf jedes Gramm schaut ist hier richtig.<\/p>\n<h2>Eigenschaften Black Diamond MiniWire Alpine Express<\/h2>\n<ul>\n<li>Hersteller: <a href=\"https:\/\/bolting.eu\/produkt-kategorie\/black-diamond\/\">Black Diamond<\/a><\/li>\n<li>Material: Alu bzw. Dynex<\/li>\n<li>Gewicht: 75 Gramm<\/li>\n<li><a href=\"https:\/\/bolting.eu\/bruchlast-karabiner\/\">Bruchlast Karabiner<\/a> l\u00e4ngs &#8211; offen &#8211; quer: 20kN &#8211; 7 kN &#8211; 7kN<\/li>\n<li>verl\u00e4ngerbare Express f\u00fcr alpine Routen<\/li>\n<li>zusammengelegt (20cm) oder ausgezogen (60cm) zu verwenden<\/li>\n<li>extrem leicht<\/li>\n<li>ideal f\u00fcr \u00e4u\u00dferste Fixpunkte bei &#8220;zick-zack&#8221; Seilverl\u00e4ufen<\/li>\n<li><a href=\"https:\/\/blackdiamond-web.cdn.prismic.io\/blackdiamond-web\/e0fb3ea1-58ce-4766-8f24-13b46be41544_M13290_E+Carabiner-QD+Hang+Card+IS-WEB.pdf\" target=\"_blank\" rel=\"noopener\">Bedienungsanleitung<\/a><\/li>\n<\/ul>\n<h3>Kleine Drahtschnapper Karabiner<\/h3>\n<p>Namensgebend f\u00fcr die Black Diamond MiniWire Alpine Express sind die kleinen, extrem leichten Drahtschnapper Karabiner.<\/p>\n<p>Um diese minimale Gr\u00f6\u00dfe zu erm\u00f6glichen, muss dieses Modell hei\u00df geschmiedet werden. Nur so kann man das H-Profil bzw. die n\u00f6tigen Bruchwerte erreichen.<\/p>\n<p>Diese liegen mit 20kN bzw. 7kN (offen bzw. quer) in einem sehr guten Bereich f\u00fcr alpines Klettern. Und au\u00dferdem: hier steht das Gewicht im Mittelpunkt!<\/p>\n<p>Die HoodWire Technology bei den Schnappern garantiert reibungsfreies Ein- und Aush\u00e4ngen. Denn man kann sich nicht &#8220;verhedern&#8221;.<\/p>\n","protected":false},"excerpt":{"rendered":"<p>Extrem leichte, verl\u00e4ngerbare Express (60cm) mit Mini Wire Karabinern. Nur 75 Gramm.<\/p>\n<p>Ideal f\u00fcr alpine Routen um dort die Seilreibung zu verringern.<\/p>\n","protected":false},"featured_media":12931,"comment_status":"closed","ping_status":"closed","template":"","meta":[],"product_brand":[],"product_cat":[4658,220,29],"product_tag":[],"class_list":{"0":"post-12929","1":"product","2":"type-product","3":"status-publish","4":"has-post-thumbnail","6":"product_cat-black-diamond","7":"product_cat-expressschlingen","8":"product_cat-kletterausruestung","10":"first","11":"instock","12":"sale","13":"taxable","14":"shipping-taxable","15":"purchasable","16":"product-type-simple"},"yoast_head":"<!-- This site is optimized with the Yoast SEO Premium plugin v26.9 (Yoast SEO v26.9) - https:\/\/yoast.com\/product\/yoast-seo-premium-wordpress\/ -->\n<title>Black Diamond MiniWire Alpine Express | bolting.eu<\/title>\n<meta name=\"description\" content=\"Hier findest Du die Black Diamond MiniWire Alpine Express. Eine extrem leichte Express zum Verl\u00e4ngern um Seilreibung zu verhindern.\" \/>\n<meta name=\"robots\" content=\"index, follow, max-snippet:-1, max-image-preview:large, max-video-preview:-1\" \/>\n<link rel=\"canonical\" href=\"https:\/\/bolting.eu\/en\/shop\/black-diamond-miniwire-alpine-quickdraw\/\" \/>\n<meta property=\"og:locale\" content=\"en_US\" \/>\n<meta property=\"og:type\" content=\"article\" \/>\n<meta property=\"og:title\" content=\"Black Diamond MiniWire Alpine Express\" \/>\n<meta property=\"og:description\" content=\"Hier findest Du die Black Diamond MiniWire Alpine Express. Eine extrem leichte Express zum Verl\u00e4ngern um Seilreibung zu verhindern.\" \/>\n<meta property=\"og:url\" content=\"https:\/\/bolting.eu\/en\/shop\/black-diamond-miniwire-alpine-quickdraw\/\" \/>\n<meta property=\"og:site_name\" content=\"bolting.eu\" \/>\n<meta property=\"article:publisher\" content=\"https:\/\/www.facebook.com\/bolting.eu\" \/>\n<meta property=\"article:modified_time\" content=\"2025-07-09T16:59:10+00:00\" \/>\n<meta property=\"og:image\" content=\"https:\/\/bolting.eu\/wp-content\/uploads\/2022\/08\/Black-Diamond-MiniWire-Alpine-Express-1.jpg\" \/>\n\t<meta property=\"og:image:width\" content=\"700\" \/>\n\t<meta property=\"og:image:height\" content=\"700\" \/>\n\t<meta property=\"og:image:type\" content=\"image\/jpeg\" \/>\n<meta name=\"twitter:card\" content=\"summary_large_image\" \/>\n<meta name=\"twitter:label1\" content=\"Price\" \/>\n\t<meta name=\"twitter:data1\" content=\"&euro;&nbsp;23,50\" \/>\n\t<meta name=\"twitter:label2\" content=\"Availability\" \/>\n\t<meta name=\"twitter:data2\" content=\"In stock\" \/>\n<script type=\"application\/ld+json\" class=\"yoast-schema-graph\">{\"@context\":\"https:\/\/schema.org\",\"@graph\":[{\"@type\":[\"WebPage\",\"ItemPage\"],\"@id\":\"https:\/\/bolting.eu\/en\/shop\/black-diamond-miniwire-alpine-quickdraw\/\",\"url\":\"https:\/\/bolting.eu\/en\/shop\/black-diamond-miniwire-alpine-quickdraw\/\",\"name\":\"Black Diamond MiniWire Alpine Express | bolting.eu\",\"isPartOf\":{\"@id\":\"https:\/\/bolting.eu\/en\/#website\"},\"primaryImageOfPage\":{\"@id\":\"https:\/\/bolting.eu\/en\/shop\/black-diamond-miniwire-alpine-quickdraw\/#primaryimage\"},\"image\":{\"@id\":\"https:\/\/bolting.eu\/en\/shop\/black-diamond-miniwire-alpine-quickdraw\/#primaryimage\"},\"thumbnailUrl\":\"https:\/\/bolting.eu\/wp-content\/uploads\/2022\/08\/Black-Diamond-MiniWire-Alpine-Express-1.jpg\",\"datePublished\":\"2022-08-22T12:50:10+00:00\",\"dateModified\":\"2025-07-09T16:59:10+00:00\",\"description\":\"Hier findest Du die Black Diamond MiniWire Alpine Express. Eine extrem leichte Express zum Verl\u00e4ngern um Seilreibung zu verhindern.\",\"breadcrumb\":{\"@id\":\"https:\/\/bolting.eu\/en\/shop\/black-diamond-miniwire-alpine-quickdraw\/#breadcrumb\"},\"inLanguage\":\"en-US\",\"potentialAction\":[{\"@type\":\"ReadAction\",\"target\":[\"https:\/\/bolting.eu\/en\/shop\/black-diamond-miniwire-alpine-quickdraw\/\"]}]},{\"@type\":\"ImageObject\",\"inLanguage\":\"en-US\",\"@id\":\"https:\/\/bolting.eu\/en\/shop\/black-diamond-miniwire-alpine-quickdraw\/#primaryimage\",\"url\":\"https:\/\/bolting.eu\/wp-content\/uploads\/2022\/08\/Black-Diamond-MiniWire-Alpine-Express-1.jpg\",\"contentUrl\":\"https:\/\/bolting.eu\/wp-content\/uploads\/2022\/08\/Black-Diamond-MiniWire-Alpine-Express-1.jpg\",\"width\":700,\"height\":700,\"caption\":\"Das Bild zeigt eine Black Diamond MiniWire Alpine Express mit gelber Bandschlinge und kleinen, grauen Drahtschnappern.\"},{\"@type\":\"BreadcrumbList\",\"@id\":\"https:\/\/bolting.eu\/en\/shop\/black-diamond-miniwire-alpine-quickdraw\/#breadcrumb\",\"itemListElement\":[{\"@type\":\"ListItem\",\"position\":1,\"name\":\"Shop\",\"item\":\"https:\/\/bolting.eu\/en\/shop\/\"},{\"@type\":\"ListItem\",\"position\":2,\"name\":\"climbing equipment\",\"item\":\"https:\/\/bolting.eu\/en\/produkt-kategorie\/climbing-equipment\/\"},{\"@type\":\"ListItem\",\"position\":3,\"name\":\"Quickdraws\",\"item\":\"https:\/\/bolting.eu\/en\/produkt-kategorie\/quickdraws\/\"},{\"@type\":\"ListItem\",\"position\":4,\"name\":\"Black Diamond MiniWire Alpine Express\"}]},{\"@type\":\"WebSite\",\"@id\":\"https:\/\/bolting.eu\/en\/#website\",\"url\":\"https:\/\/bolting.eu\/en\/\",\"name\":\"bolting.eu\",\"description\":\"we make climbs happen\",\"publisher\":{\"@id\":\"https:\/\/bolting.eu\/en\/#organization\"},\"potentialAction\":[{\"@type\":\"SearchAction\",\"target\":{\"@type\":\"EntryPoint\",\"urlTemplate\":\"https:\/\/bolting.eu\/en\/?s={search_term_string}\"},\"query-input\":{\"@type\":\"PropertyValueSpecification\",\"valueRequired\":true,\"valueName\":\"search_term_string\"}}],\"inLanguage\":\"en-US\"},{\"@type\":[\"Organization\",\"Place\",\"SportingGoodsStore\"],\"@id\":\"https:\/\/bolting.eu\/en\/#organization\",\"name\":\"bolting.eu\",\"url\":\"https:\/\/bolting.eu\/en\/\",\"logo\":{\"@id\":\"https:\/\/bolting.eu\/en\/shop\/black-diamond-miniwire-alpine-quickdraw\/#local-main-organization-logo\"},\"image\":{\"@id\":\"https:\/\/bolting.eu\/en\/shop\/black-diamond-miniwire-alpine-quickdraw\/#local-main-organization-logo\"},\"sameAs\":[\"https:\/\/www.facebook.com\/bolting.eu\",\"https:\/\/www.instagram.com\/bolting.eu\/\"],\"address\":{\"@id\":\"https:\/\/bolting.eu\/en\/shop\/black-diamond-miniwire-alpine-quickdraw\/#local-main-place-address\"},\"geo\":{\"@type\":\"GeoCoordinates\",\"latitude\":\"47.264176340396226\",\"longitude\":\"11.380109057672346\"},\"telephone\":[\"+43 699 19083372\"],\"openingHoursSpecification\":[{\"@type\":\"OpeningHoursSpecification\",\"dayOfWeek\":[\"Monday\",\"Wednesday\",\"Friday\"],\"opens\":\"14:00\",\"closes\":\"18:00\"},{\"@type\":\"OpeningHoursSpecification\",\"dayOfWeek\":[\"Tuesday\",\"Thursday\",\"Saturday\",\"Sunday\"],\"opens\":\"00:00\",\"closes\":\"00:00\"}],\"email\":\"office@bolting.eu\",\"vatID\":\"ATU59999728\",\"priceRange\":\"$$\",\"currenciesAccepted\":\"Euro\"},{\"@type\":\"PostalAddress\",\"@id\":\"https:\/\/bolting.eu\/en\/shop\/black-diamond-miniwire-alpine-quickdraw\/#local-main-place-address\",\"streetAddress\":\"Fischnalerstra\u00dfe 4\",\"addressLocality\":\"Innsbruck\",\"postalCode\":\"6020\",\"addressRegion\":\"Tirol\",\"addressCountry\":\"AT\"},{\"@type\":\"ImageObject\",\"inLanguage\":\"en-US\",\"@id\":\"https:\/\/bolting.eu\/en\/shop\/black-diamond-miniwire-alpine-quickdraw\/#local-main-organization-logo\",\"url\":\"https:\/\/bolting.eu\/wp-content\/uploads\/2019\/09\/bolting-logo.png\",\"contentUrl\":\"https:\/\/bolting.eu\/wp-content\/uploads\/2019\/09\/bolting-logo.png\",\"width\":400,\"height\":211,\"caption\":\"bolting.eu\"}]}<\/script>\n<meta property=\"product:price:amount\" content=\"23.50\" \/>\n<meta property=\"product:price:currency\" content=\"EUR\" \/>\n<meta property=\"og:availability\" content=\"instock\" \/>\n<meta property=\"product:availability\" content=\"instock\" \/>\n<meta property=\"product:retailer_item_id\" content=\"381132\" \/>\n<meta property=\"product:condition\" content=\"new\" \/>\n<meta name=\"geo.placename\" content=\"Innsbruck\" \/>\n<meta name=\"geo.position\" content=\"47.264176340396226;11.380109057672346\" \/>\n<meta name=\"geo.region\" content=\"Austria\" \/>\n<!-- \/ Yoast SEO Premium plugin. -->","yoast_head_json":{"title":"Black Diamond MiniWire Alpine Express | bolting.eu","description":"Hier findest Du die Black Diamond MiniWire Alpine Express. Eine extrem leichte Express zum Verl\u00e4ngern um Seilreibung zu verhindern.","robots":{"index":"index","follow":"follow","max-snippet":"max-snippet:-1","max-image-preview":"max-image-preview:large","max-video-preview":"max-video-preview:-1"},"canonical":"https:\/\/bolting.eu\/en\/shop\/black-diamond-miniwire-alpine-quickdraw\/","og_locale":"en_US","og_type":"article","og_title":"Black Diamond MiniWire Alpine Express","og_description":"Hier findest Du die Black Diamond MiniWire Alpine Express. Eine extrem leichte Express zum Verl\u00e4ngern um Seilreibung zu verhindern.","og_url":"https:\/\/bolting.eu\/en\/shop\/black-diamond-miniwire-alpine-quickdraw\/","og_site_name":"bolting.eu","article_publisher":"https:\/\/www.facebook.com\/bolting.eu","article_modified_time":"2025-07-09T16:59:10+00:00","og_image":[{"width":700,"height":700,"url":"https:\/\/bolting.eu\/wp-content\/uploads\/2022\/08\/Black-Diamond-MiniWire-Alpine-Express-1.jpg","type":"image\/jpeg"}],"twitter_card":"summary_large_image","twitter_misc":{"Price":"&euro;&nbsp;23,50","Availability":"In stock"},"schema":{"@context":"https:\/\/schema.org","@graph":[{"@type":["WebPage","ItemPage"],"@id":"https:\/\/bolting.eu\/en\/shop\/black-diamond-miniwire-alpine-quickdraw\/","url":"https:\/\/bolting.eu\/en\/shop\/black-diamond-miniwire-alpine-quickdraw\/","name":"Black Diamond MiniWire Alpine Express | bolting.eu","isPartOf":{"@id":"https:\/\/bolting.eu\/en\/#website"},"primaryImageOfPage":{"@id":"https:\/\/bolting.eu\/en\/shop\/black-diamond-miniwire-alpine-quickdraw\/#primaryimage"},"image":{"@id":"https:\/\/bolting.eu\/en\/shop\/black-diamond-miniwire-alpine-quickdraw\/#primaryimage"},"thumbnailUrl":"https:\/\/bolting.eu\/wp-content\/uploads\/2022\/08\/Black-Diamond-MiniWire-Alpine-Express-1.jpg","datePublished":"2022-08-22T12:50:10+00:00","dateModified":"2025-07-09T16:59:10+00:00","description":"Hier findest Du die Black Diamond MiniWire Alpine Express. Eine extrem leichte Express zum Verl\u00e4ngern um Seilreibung zu verhindern.","breadcrumb":{"@id":"https:\/\/bolting.eu\/en\/shop\/black-diamond-miniwire-alpine-quickdraw\/#breadcrumb"},"inLanguage":"en-US","potentialAction":[{"@type":"ReadAction","target":["https:\/\/bolting.eu\/en\/shop\/black-diamond-miniwire-alpine-quickdraw\/"]}]},{"@type":"ImageObject","inLanguage":"en-US","@id":"https:\/\/bolting.eu\/en\/shop\/black-diamond-miniwire-alpine-quickdraw\/#primaryimage","url":"https:\/\/bolting.eu\/wp-content\/uploads\/2022\/08\/Black-Diamond-MiniWire-Alpine-Express-1.jpg","contentUrl":"https:\/\/bolting.eu\/wp-content\/uploads\/2022\/08\/Black-Diamond-MiniWire-Alpine-Express-1.jpg","width":700,"height":700,"caption":"Das Bild zeigt eine Black Diamond MiniWire Alpine Express mit gelber Bandschlinge und kleinen, grauen Drahtschnappern."},{"@type":"BreadcrumbList","@id":"https:\/\/bolting.eu\/en\/shop\/black-diamond-miniwire-alpine-quickdraw\/#breadcrumb","itemListElement":[{"@type":"ListItem","position":1,"name":"Shop","item":"https:\/\/bolting.eu\/en\/shop\/"},{"@type":"ListItem","position":2,"name":"climbing equipment","item":"https:\/\/bolting.eu\/en\/produkt-kategorie\/climbing-equipment\/"},{"@type":"ListItem","position":3,"name":"Quickdraws","item":"https:\/\/bolting.eu\/en\/produkt-kategorie\/quickdraws\/"},{"@type":"ListItem","position":4,"name":"Black Diamond MiniWire Alpine Express"}]},{"@type":"WebSite","@id":"https:\/\/bolting.eu\/en\/#website","url":"https:\/\/bolting.eu\/en\/","name":"bolting.eu","description":"we make climbs happen","publisher":{"@id":"https:\/\/bolting.eu\/en\/#organization"},"potentialAction":[{"@type":"SearchAction","target":{"@type":"EntryPoint","urlTemplate":"https:\/\/bolting.eu\/en\/?s={search_term_string}"},"query-input":{"@type":"PropertyValueSpecification","valueRequired":true,"valueName":"search_term_string"}}],"inLanguage":"en-US"},{"@type":["Organization","Place","SportingGoodsStore"],"@id":"https:\/\/bolting.eu\/en\/#organization","name":"bolting.eu","url":"https:\/\/bolting.eu\/en\/","logo":{"@id":"https:\/\/bolting.eu\/en\/shop\/black-diamond-miniwire-alpine-quickdraw\/#local-main-organization-logo"},"image":{"@id":"https:\/\/bolting.eu\/en\/shop\/black-diamond-miniwire-alpine-quickdraw\/#local-main-organization-logo"},"sameAs":["https:\/\/www.facebook.com\/bolting.eu","https:\/\/www.instagram.com\/bolting.eu\/"],"address":{"@id":"https:\/\/bolting.eu\/en\/shop\/black-diamond-miniwire-alpine-quickdraw\/#local-main-place-address"},"geo":{"@type":"GeoCoordinates","latitude":"47.264176340396226","longitude":"11.380109057672346"},"telephone":["+43 699 19083372"],"openingHoursSpecification":[{"@type":"OpeningHoursSpecification","dayOfWeek":["Monday","Wednesday","Friday"],"opens":"14:00","closes":"18:00"},{"@type":"OpeningHoursSpecification","dayOfWeek":["Tuesday","Thursday","Saturday","Sunday"],"opens":"00:00","closes":"00:00"}],"email":"office@bolting.eu","vatID":"ATU59999728","priceRange":"$$","currenciesAccepted":"Euro"},{"@type":"PostalAddress","@id":"https:\/\/bolting.eu\/en\/shop\/black-diamond-miniwire-alpine-quickdraw\/#local-main-place-address","streetAddress":"Fischnalerstra\u00dfe 4","addressLocality":"Innsbruck","postalCode":"6020","addressRegion":"Tirol","addressCountry":"AT"},{"@type":"ImageObject","inLanguage":"en-US","@id":"https:\/\/bolting.eu\/en\/shop\/black-diamond-miniwire-alpine-quickdraw\/#local-main-organization-logo","url":"https:\/\/bolting.eu\/wp-content\/uploads\/2019\/09\/bolting-logo.png","contentUrl":"https:\/\/bolting.eu\/wp-content\/uploads\/2019\/09\/bolting-logo.png","width":400,"height":211,"caption":"bolting.eu"}]},"product_price_amount":"23.50","product_price_currency":"EUR","og_availability":"instock","product_availability":"instock","product_retailer_item_id":"381132","product_condition":"new","geo.placename":"Innsbruck","geo.position":{"lat":"47.264176340396226","long":"11.380109057672346"},"geo.region":"Austria"},"_links":{"self":[{"href":"https:\/\/bolting.eu\/en\/wp-json\/wp\/v2\/product\/12929","targetHints":{"allow":["GET"]}}],"collection":[{"href":"https:\/\/bolting.eu\/en\/wp-json\/wp\/v2\/product"}],"about":[{"href":"https:\/\/bolting.eu\/en\/wp-json\/wp\/v2\/types\/product"}],"replies":[{"embeddable":true,"href":"https:\/\/bolting.eu\/en\/wp-json\/wp\/v2\/comments?post=12929"}],"wp:featuredmedia":[{"embeddable":true,"href":"https:\/\/bolting.eu\/en\/wp-json\/wp\/v2\/media\/12931"}],"wp:attachment":[{"href":"https:\/\/bolting.eu\/en\/wp-json\/wp\/v2\/media?parent=12929"}],"wp:term":[{"taxonomy":"product_brand","embeddable":true,"href":"https:\/\/bolting.eu\/en\/wp-json\/wp\/v2\/product_brand?post=12929"},{"taxonomy":"product_cat","embeddable":true,"href":"https:\/\/bolting.eu\/en\/wp-json\/wp\/v2\/product_cat?post=12929"},{"taxonomy":"product_tag","embeddable":true,"href":"https:\/\/bolting.eu\/en\/wp-json\/wp\/v2\/product_tag?post=12929"}],"curies":[{"name":"wp","href":"https:\/\/api.w.org\/{rel}","templated":true}]}}