{"id":12908,"date":"2022-08-21T18:10:37","date_gmt":"2022-08-21T16:10:37","guid":{"rendered":"https:\/\/bolting.eu\/?post_type=product&#038;p=12908"},"modified":"2026-03-20T17:00:31","modified_gmt":"2026-03-20T16:00:31","slug":"petzl-ergonomic-eisgeraet","status":"publish","type":"product","link":"https:\/\/bolting.eu\/en\/shop\/petzl-ergonomic-eisgeraet\/","title":{"rendered":"Petzl Ergonomic Eisger\u00e4t"},"content":{"rendered":"<p>Das Petzl Ergonomic ist ein Spitzen-<a href=\"https:\/\/bolting.eu\/produkt-kategorie\/bergsteiger-ausruestung\/eisgeraete\/\">Eisger\u00e4t<\/a> f\u00fcr anspruchsvolle Eis- und Dry Tooling Routen. Denn so ziemlich alles an diesem Produkt ist auf steiles schweres Gel\u00e4nde optimiert.<\/p>\n<p>Wie erstens die Neigung der Griffe. Diese haben eines idealen Winkel f\u00fcr kraftsparendes Halten und Ziehen. Zweitens die fixe Fingerauflage f\u00fcr den &#8220;Doppelgriff&#8221;. Dieser erm\u00f6glicht ein sicheres Umgreifen sowie mehrere Haltepositionen.<\/p>\n<p>Drittens ist das Ergonomic mit der extrem widerstandsf\u00e4higen Dry Haue ausgestattet. Diese erm\u00f6glicht in Kombination mit dem nylonverst\u00e4rkten Schaft extreme Belastungen, wie z.B. auch &#8220;Untergriffe&#8221;.<\/p>\n<p>Das modulare &#8220;Alpen Adapt System&#8221; bietet euch abschlie\u00dfend die M\u00f6glichkeit, die verschiedensten Aufs\u00e4tze und Hauen zu montieren. Somit kann man seine Ger\u00e4te ideal allen Bedingungen optimal anpassen.<\/p>\n<p>Kurzum. Nicht umsonst ist dieses Modell eines der meist verkauften Top Modelle!<\/p>\n<h2>Eigenschaften Petzl Ergonomic<\/h2>\n<ul>\n<li>Hersteller: <a href=\"https:\/\/bolting.eu\/produkt-kategorie\/petzl\/\">Petzl<\/a><\/li>\n<li>Material: Alu, Stahl, Kunststoff<\/li>\n<li>Gewicht: 635 Gramm<\/li>\n<li>optimales Schwungverhalten<\/li>\n<li>extrem belastbar durch glasfaserverst\u00e4rkten Schaft<\/li>\n<li>modulares System \u201eAlpen Adapt\u201c mit vielen optionalen Hauen &amp; Aufs\u00e4tzen<\/li>\n<li>inkl. spitz zulaufender 3,3mm <strong>Dry Haue<\/strong><\/li>\n<li>Doppelgriffe zum leichten Umgreifen und f\u00fcr viele Haltepositionen<\/li>\n<li>&#8220;unterer&#8221; Griff mit Griprest Handauflage idealem Winkel f\u00fcr kraftsparendes Halten<\/li>\n<li><strong>inkl. \u201eMasselottes\u201c Zusatzgewichten<\/strong> f\u00fcr mehr Schwungmasse<\/li>\n<li>Zusatzgewichte erm\u00f6glichen Verklemmen der Haue in Rissen<\/li>\n<li><strong>inkl. <a href=\"https:\/\/bolting.eu\/shop\/petzl-mini-marteau\/\">Mini Marteau Hammerkopf<\/a><\/strong><\/li>\n<li><strong>inkl. Inbusschl\u00fcssel<\/strong><\/li>\n<li>hydrogeformter Schaft f\u00fcr perfekten Halt beim \u201eStapfen\u201c im steilen Gel\u00e4nde<\/li>\n<li>ergonomische Griffe bzw. Griffauflagen<\/li>\n<li><a href=\"https:\/\/www.petzl.com\/sfc\/servlet.shepherd\/version\/download\/0686800000D6gszAAB\" target=\"_blank\" rel=\"noopener\">Bedienungsanleitung<\/a><\/li>\n<\/ul>\n<h3>Produktvideo<\/h3>\n<p>Im folgenden Video stellt euch der Hersteller das Petzl Ergonomic nochmals ausf\u00fchrlich vor.<\/p>\n<p>Damit wollen wir euch die Kaufentscheidung erleichtern. Zudem bleiben wenige Fragen unbeantwortet. D.h. man kennt sich danach super \u00fcber die Eigenschaften dieser Eisger\u00e4te aus.<\/p>\n<p><iframe loading=\"lazy\" title=\"Petzl ERGONOMIC Overview\" width=\"1020\" height=\"574\" src=\"https:\/\/www.youtube.com\/embed\/6_Epf6BBMWk?feature=oembed\" frameborder=\"0\" allow=\"accelerometer; autoplay; clipboard-write; encrypted-media; gyroscope; picture-in-picture; web-share\" referrerpolicy=\"strict-origin-when-cross-origin\" allowfullscreen><\/iframe><\/p>\n<h3>Dry Haue und Masselottes<\/h3>\n<p>Die Ausstattung des Eisger\u00e4tes ist auf extreme Belastungen ausgelegt. Deswegen hat das Petzl Ergonomic die 4mm Starke &#8220;Dry&#8221; Haue mit den fix montierten &#8220;<a href=\"https:\/\/bolting.eu\/shop\/petzl-masselottes\/\">Masselottes<\/a>&#8221; Zusatzgewichten.<\/p>\n<p>Die Haue l\u00e4uft dann zur Spitze hin auf 3,3mm zu. Der Schliff an der Oberkante ist zudem im 45\u00b0 Winkel angebracht.<\/p>\n<p>Das erh\u00f6ht die Widerstandsf\u00e4higkeit beim Verdrehen der Klinge sowie beim Verklemmen in schmalen Rissen. Weiterer Bonus. Die Zusatzgewichte erh\u00f6hen auch den Widerstand beim Ziehen im Schnee!<\/p>\n<figure id=\"attachment_12913\" aria-describedby=\"caption-attachment-12913\" style=\"width: 400px\" class=\"wp-caption alignnone\"><a href=\"https:\/\/bolting.eu\/wp-content\/uploads\/2022\/08\/Petzl-Ergonomic-1.jpg\"><img loading=\"lazy\" decoding=\"async\" class=\"wp-image-12913 size-medium\" src=\"https:\/\/bolting.eu\/wp-content\/uploads\/2022\/08\/Petzl-Ergonomic-1-400x400.jpg\" alt=\"Das Bild zeigt den Kopf mit HAue, Zusatzgewichten und Schaft des Petzl Ergonomic Eisger\u00e4t von schr\u00e4g vorne.\" width=\"400\" height=\"400\" srcset=\"https:\/\/bolting.eu\/wp-content\/uploads\/2022\/08\/Petzl-Ergonomic-1-400x400.jpg 400w, https:\/\/bolting.eu\/wp-content\/uploads\/2022\/08\/Petzl-Ergonomic-1-247x247.jpg 247w, https:\/\/bolting.eu\/wp-content\/uploads\/2022\/08\/Petzl-Ergonomic-1-100x100.jpg 100w, https:\/\/bolting.eu\/wp-content\/uploads\/2022\/08\/Petzl-Ergonomic-1-510x510.jpg 510w, https:\/\/bolting.eu\/wp-content\/uploads\/2022\/08\/Petzl-Ergonomic-1-280x280.jpg 280w, https:\/\/bolting.eu\/wp-content\/uploads\/2022\/08\/Petzl-Ergonomic-1-300x300.jpg 300w, https:\/\/bolting.eu\/wp-content\/uploads\/2022\/08\/Petzl-Ergonomic-1-600x600.jpg 600w, https:\/\/bolting.eu\/wp-content\/uploads\/2022\/08\/Petzl-Ergonomic-1.jpg 700w\" sizes=\"auto, (max-width: 400px) 100vw, 400px\" \/><\/a><figcaption id=\"caption-attachment-12913\" class=\"wp-caption-text\">Die vorinstallierten &#8220;Masselottes&#8221; Zusatzgewichte verst\u00e4rken die Klinge, stabilisieren das Schwungverhalten und lassen sich perfekt in Risse quetschen.<\/figcaption><\/figure>\n<h3>Idealer Schaft- und Griff Winkel<\/h3>\n<p>Der Schaft dieses Eisger\u00e4tes ist direkt unter dem Kopf gebogen, sodass man perfekt an den Hauen in Eis und Fels hooken kann.<\/p>\n<p>Bei den Griffen setzen sich die idealen Winkel des Petzl Ergonomic f\u00fcr eine kraftsparende Verwendung fort. Die obere Fingerauflage erm\u00f6glich z.B. ein sehr gutes Wechseln der Handhaltung bzw. der Hand \u00fcberhaupt.<\/p>\n<p>Der untere Griff ist stark geneigt, um optimalen Halt und eine perfekte Kraft\u00fcbertragung zu erreichen.<\/p>\n<figure id=\"attachment_12912\" aria-describedby=\"caption-attachment-12912\" style=\"width: 400px\" class=\"wp-caption alignnone\"><a href=\"https:\/\/bolting.eu\/wp-content\/uploads\/2022\/08\/Petzl-Ergonomic-2.jpg\"><img loading=\"lazy\" decoding=\"async\" class=\"wp-image-12912 size-medium\" src=\"https:\/\/bolting.eu\/wp-content\/uploads\/2022\/08\/Petzl-Ergonomic-2-400x400.jpg\" alt=\"Das Bild zeigt den orange schwarzen Griff eijes Petzl Eisger\u00e4t mit Gummi\u00fcberzug, Fingerauflage und Schrauben.\" width=\"400\" height=\"400\" srcset=\"https:\/\/bolting.eu\/wp-content\/uploads\/2022\/08\/Petzl-Ergonomic-2-400x400.jpg 400w, https:\/\/bolting.eu\/wp-content\/uploads\/2022\/08\/Petzl-Ergonomic-2-247x247.jpg 247w, https:\/\/bolting.eu\/wp-content\/uploads\/2022\/08\/Petzl-Ergonomic-2-100x100.jpg 100w, https:\/\/bolting.eu\/wp-content\/uploads\/2022\/08\/Petzl-Ergonomic-2-510x510.jpg 510w, https:\/\/bolting.eu\/wp-content\/uploads\/2022\/08\/Petzl-Ergonomic-2-280x280.jpg 280w, https:\/\/bolting.eu\/wp-content\/uploads\/2022\/08\/Petzl-Ergonomic-2-300x300.jpg 300w, https:\/\/bolting.eu\/wp-content\/uploads\/2022\/08\/Petzl-Ergonomic-2-600x600.jpg 600w, https:\/\/bolting.eu\/wp-content\/uploads\/2022\/08\/Petzl-Ergonomic-2.jpg 700w\" sizes=\"auto, (max-width: 400px) 100vw, 400px\" \/><\/a><figcaption id=\"caption-attachment-12912\" class=\"wp-caption-text\">Der obere und untere Griff haben perfekte Winkel f\u00fcr kraftsparendes Halten und leichtes Umgreifen.<\/figcaption><\/figure>\n<h3>Petzl Ergonomic = nylonverst\u00e4rkter Schaft<\/h3>\n<p>Das Problem der enormen Kr\u00e4fte am Schaft-Kopf, hat Petzl perfekt gel\u00f6st.<\/p>\n<p>Denn hier treten beim \u00dcbergang zu den Hauen, durch den extrem langen Hebel, ja enorme Belastungen auf. Das kann sowohl zum Verbiegen als auch Brechen des Schaftes f\u00fchren. Deswegen wurde dieser Bereich stark mit Nylonb\u00e4ndern verst\u00e4rkt.<\/p>\n<p>Somit kann dieser Bereich 50% mehr belastet werden als reines Alu!<\/p>\n<figure id=\"attachment_12911\" aria-describedby=\"caption-attachment-12911\" style=\"width: 400px\" class=\"wp-caption alignnone\"><a href=\"https:\/\/bolting.eu\/wp-content\/uploads\/2022\/08\/Petzl-Ergonomic-3.jpg\"><img loading=\"lazy\" decoding=\"async\" class=\"wp-image-12911 size-medium\" src=\"https:\/\/bolting.eu\/wp-content\/uploads\/2022\/08\/Petzl-Ergonomic-3-400x400.jpg\" alt=\"Das Bild zeigt den Schaft und die Haue des Petzl Ergonomic Eisger\u00e4t schr\u00e4g von oben. MAn sieht alle Details und die Befestigung der Aufs\u00e4tze.\" width=\"400\" height=\"400\" srcset=\"https:\/\/bolting.eu\/wp-content\/uploads\/2022\/08\/Petzl-Ergonomic-3-400x400.jpg 400w, https:\/\/bolting.eu\/wp-content\/uploads\/2022\/08\/Petzl-Ergonomic-3-247x247.jpg 247w, https:\/\/bolting.eu\/wp-content\/uploads\/2022\/08\/Petzl-Ergonomic-3-100x100.jpg 100w, https:\/\/bolting.eu\/wp-content\/uploads\/2022\/08\/Petzl-Ergonomic-3-510x510.jpg 510w, https:\/\/bolting.eu\/wp-content\/uploads\/2022\/08\/Petzl-Ergonomic-3-280x280.jpg 280w, https:\/\/bolting.eu\/wp-content\/uploads\/2022\/08\/Petzl-Ergonomic-3-300x300.jpg 300w, https:\/\/bolting.eu\/wp-content\/uploads\/2022\/08\/Petzl-Ergonomic-3-600x600.jpg 600w, https:\/\/bolting.eu\/wp-content\/uploads\/2022\/08\/Petzl-Ergonomic-3.jpg 700w\" sizes=\"auto, (max-width: 400px) 100vw, 400px\" \/><\/a><figcaption id=\"caption-attachment-12911\" class=\"wp-caption-text\">Der obere Schaftbereich ist innen massiv mit Nylonfasern verst\u00e4rkt. Das ergibt 50% mehr Belastbarkeit!<\/figcaption><\/figure>\n","protected":false},"excerpt":{"rendered":"<p>Perfekt ausbalanciertes Eisger\u00e4t mit optimalen Schwungverhalten. Ideal f\u00fcr anspruchsvolle Eis- und Dry Tooling Routen.<\/p>\n<p>Durch das &#8220;Alpen Adapt&#8221; System mit vielen Hauen und Aufs\u00e4tzen kombinierbar.<\/p>\n<p>DAS Top Eisger\u00e4t von Petzl und eines der am meisten verkauften Modelle am Markt!<\/p>\n","protected":false},"featured_media":12910,"comment_status":"closed","ping_status":"closed","template":"","meta":[],"product_brand":[],"product_cat":[13938,14093,14282],"product_tag":[],"class_list":{"0":"post-12908","1":"product","2":"type-product","3":"status-publish","4":"has-post-thumbnail","6":"product_cat-bergsteiger-ausruestung","7":"product_cat-petzl","8":"product_cat-eisgeraete","10":"first","11":"instock","12":"sale","13":"taxable","14":"shipping-taxable","15":"purchasable","16":"product-type-simple"},"yoast_head":"<!-- This site is optimized with the Yoast SEO Premium plugin v26.9 (Yoast SEO v26.9) - https:\/\/yoast.com\/product\/yoast-seo-premium-wordpress\/ -->\n<title>Petzl Ergonomic Eisger\u00e4t - Top Modell f\u00fcr Eis- &amp; Dry Tooling | bolting.eu<\/title>\n<meta name=\"description\" content=\"Hier findest Du das Petzl Ergonomic Eisger\u00e4t. DAS Top Modell von Petzl f\u00fcr reines Eisklettern und Dry Tooling beim Hardwareprofi aus \ud83c\udde6\ud83c\uddf9!\" \/>\n<meta name=\"robots\" content=\"index, follow, max-snippet:-1, max-image-preview:large, max-video-preview:-1\" \/>\n<link rel=\"canonical\" href=\"https:\/\/bolting.eu\/en\/shop\/petzl-ergonomic-eisgeraet\/\" \/>\n<meta property=\"og:locale\" content=\"en_US\" \/>\n<meta property=\"og:type\" content=\"article\" \/>\n<meta property=\"og:title\" content=\"Petzl Ergonomic Eisger\u00e4t\" \/>\n<meta property=\"og:description\" content=\"Hier findest Du das Petzl Ergonomic Eisger\u00e4t. DAS Top Modell von Petzl f\u00fcr reines Eisklettern und Dry Tooling beim Hardwareprofi aus \ud83c\udde6\ud83c\uddf9!\" \/>\n<meta property=\"og:url\" content=\"https:\/\/bolting.eu\/en\/shop\/petzl-ergonomic-eisgeraet\/\" \/>\n<meta property=\"og:site_name\" content=\"bolting.eu\" \/>\n<meta property=\"article:publisher\" content=\"https:\/\/www.facebook.com\/bolting.eu\" \/>\n<meta property=\"article:modified_time\" content=\"2026-03-20T16:00:31+00:00\" \/>\n<meta property=\"og:image\" content=\"https:\/\/bolting.eu\/wp-content\/uploads\/2022\/08\/Petzl-Ergonomic-4.jpg\" \/>\n\t<meta property=\"og:image:width\" content=\"700\" \/>\n\t<meta property=\"og:image:height\" content=\"700\" \/>\n\t<meta property=\"og:image:type\" content=\"image\/jpeg\" \/>\n<meta name=\"twitter:card\" content=\"summary_large_image\" \/>\n<meta name=\"twitter:label1\" content=\"Price\" \/>\n\t<meta name=\"twitter:data1\" content=\"&euro;&nbsp;300,00\" \/>\n\t<meta name=\"twitter:label2\" content=\"Availability\" \/>\n\t<meta name=\"twitter:data2\" content=\"In stock\" \/>\n<script type=\"application\/ld+json\" class=\"yoast-schema-graph\">{\"@context\":\"https:\/\/schema.org\",\"@graph\":[{\"@type\":[\"WebPage\",\"ItemPage\"],\"@id\":\"https:\/\/bolting.eu\/en\/shop\/petzl-ergonomic-eisgeraet\/\",\"url\":\"https:\/\/bolting.eu\/en\/shop\/petzl-ergonomic-eisgeraet\/\",\"name\":\"Petzl Ergonomic Eisger\u00e4t - Top Modell f\u00fcr Eis- & Dry Tooling | bolting.eu\",\"isPartOf\":{\"@id\":\"https:\/\/bolting.eu\/en\/#website\"},\"primaryImageOfPage\":{\"@id\":\"https:\/\/bolting.eu\/en\/shop\/petzl-ergonomic-eisgeraet\/#primaryimage\"},\"image\":{\"@id\":\"https:\/\/bolting.eu\/en\/shop\/petzl-ergonomic-eisgeraet\/#primaryimage\"},\"thumbnailUrl\":\"https:\/\/bolting.eu\/wp-content\/uploads\/2022\/08\/Petzl-Ergonomic-4.jpg\",\"datePublished\":\"2022-08-21T16:10:37+00:00\",\"dateModified\":\"2026-03-20T16:00:31+00:00\",\"description\":\"Hier findest Du das Petzl Ergonomic Eisger\u00e4t. DAS Top Modell von Petzl f\u00fcr reines Eisklettern und Dry Tooling beim Hardwareprofi aus \ud83c\udde6\ud83c\uddf9!\",\"breadcrumb\":{\"@id\":\"https:\/\/bolting.eu\/en\/shop\/petzl-ergonomic-eisgeraet\/#breadcrumb\"},\"inLanguage\":\"en-US\",\"potentialAction\":[{\"@type\":\"ReadAction\",\"target\":[\"https:\/\/bolting.eu\/en\/shop\/petzl-ergonomic-eisgeraet\/\"]}]},{\"@type\":\"ImageObject\",\"inLanguage\":\"en-US\",\"@id\":\"https:\/\/bolting.eu\/en\/shop\/petzl-ergonomic-eisgeraet\/#primaryimage\",\"url\":\"https:\/\/bolting.eu\/wp-content\/uploads\/2022\/08\/Petzl-Ergonomic-4.jpg\",\"contentUrl\":\"https:\/\/bolting.eu\/wp-content\/uploads\/2022\/08\/Petzl-Ergonomic-4.jpg\",\"width\":700,\"height\":700,\"caption\":\"Das Bild zeigt das orange schwarze Petzl Ergonomic Eisger\u00e4t mit der Haue nach rechts. Man erkennt perfekt die Form, Schaft und Griffe.,\"},{\"@type\":\"BreadcrumbList\",\"@id\":\"https:\/\/bolting.eu\/en\/shop\/petzl-ergonomic-eisgeraet\/#breadcrumb\",\"itemListElement\":[{\"@type\":\"ListItem\",\"position\":1,\"name\":\"Shop\",\"item\":\"https:\/\/bolting.eu\/en\/shop\/\"},{\"@type\":\"ListItem\",\"position\":2,\"name\":\"Bergsteiger Ausr\u00fcstung\",\"item\":\"https:\/\/bolting.eu\/produkt-kategorie\/bergsteiger-ausruestung\/\"},{\"@type\":\"ListItem\",\"position\":3,\"name\":\"Eisger\u00e4te\",\"item\":\"https:\/\/bolting.eu\/produkt-kategorie\/bergsteiger-ausruestung\/eisgeraete\/\"},{\"@type\":\"ListItem\",\"position\":4,\"name\":\"Petzl Ergonomic Eisger\u00e4t\"}]},{\"@type\":\"WebSite\",\"@id\":\"https:\/\/bolting.eu\/en\/#website\",\"url\":\"https:\/\/bolting.eu\/en\/\",\"name\":\"bolting.eu\",\"description\":\"we make climbs happen\",\"publisher\":{\"@id\":\"https:\/\/bolting.eu\/en\/#organization\"},\"potentialAction\":[{\"@type\":\"SearchAction\",\"target\":{\"@type\":\"EntryPoint\",\"urlTemplate\":\"https:\/\/bolting.eu\/en\/?s={search_term_string}\"},\"query-input\":{\"@type\":\"PropertyValueSpecification\",\"valueRequired\":true,\"valueName\":\"search_term_string\"}}],\"inLanguage\":\"en-US\"},{\"@type\":[\"Organization\",\"Place\",\"SportingGoodsStore\"],\"@id\":\"https:\/\/bolting.eu\/en\/#organization\",\"name\":\"bolting.eu\",\"url\":\"https:\/\/bolting.eu\/en\/\",\"logo\":{\"@id\":\"https:\/\/bolting.eu\/en\/shop\/petzl-ergonomic-eisgeraet\/#local-main-organization-logo\"},\"image\":{\"@id\":\"https:\/\/bolting.eu\/en\/shop\/petzl-ergonomic-eisgeraet\/#local-main-organization-logo\"},\"sameAs\":[\"https:\/\/www.facebook.com\/bolting.eu\",\"https:\/\/www.instagram.com\/bolting.eu\/\"],\"address\":{\"@id\":\"https:\/\/bolting.eu\/en\/shop\/petzl-ergonomic-eisgeraet\/#local-main-place-address\"},\"geo\":{\"@type\":\"GeoCoordinates\",\"latitude\":\"47.264176340396226\",\"longitude\":\"11.380109057672346\"},\"telephone\":[\"+43 699 19083372\"],\"openingHoursSpecification\":[{\"@type\":\"OpeningHoursSpecification\",\"dayOfWeek\":[\"Monday\",\"Wednesday\",\"Friday\"],\"opens\":\"14:00\",\"closes\":\"18:00\"},{\"@type\":\"OpeningHoursSpecification\",\"dayOfWeek\":[\"Tuesday\",\"Thursday\",\"Saturday\",\"Sunday\"],\"opens\":\"00:00\",\"closes\":\"00:00\"}],\"email\":\"office@bolting.eu\",\"vatID\":\"ATU59999728\",\"priceRange\":\"$$\",\"currenciesAccepted\":\"Euro\"},{\"@type\":\"PostalAddress\",\"@id\":\"https:\/\/bolting.eu\/en\/shop\/petzl-ergonomic-eisgeraet\/#local-main-place-address\",\"streetAddress\":\"Fischnalerstra\u00dfe 4\",\"addressLocality\":\"Innsbruck\",\"postalCode\":\"6020\",\"addressRegion\":\"Tirol\",\"addressCountry\":\"AT\"},{\"@type\":\"ImageObject\",\"inLanguage\":\"en-US\",\"@id\":\"https:\/\/bolting.eu\/en\/shop\/petzl-ergonomic-eisgeraet\/#local-main-organization-logo\",\"url\":\"https:\/\/bolting.eu\/wp-content\/uploads\/2019\/09\/bolting-logo.png\",\"contentUrl\":\"https:\/\/bolting.eu\/wp-content\/uploads\/2019\/09\/bolting-logo.png\",\"width\":400,\"height\":211,\"caption\":\"bolting.eu\"}]}<\/script>\n<meta property=\"og:video\" content=\"https:\/\/www.youtube.com\/embed\/6_Epf6BBMWk\" \/>\n<meta property=\"og:video:type\" content=\"text\/html\" \/>\n<meta property=\"og:video:duration\" content=\"232\" \/>\n<meta property=\"og:video:width\" content=\"480\" \/>\n<meta property=\"og:video:height\" content=\"270\" \/>\n<meta property=\"ya:ovs:adult\" content=\"false\" \/>\n<meta property=\"ya:ovs:upload_date\" content=\"2022-08-21T16:10:37+00:00\" \/>\n<meta property=\"ya:ovs:allow_embed\" content=\"true\" \/>\n<meta property=\"product:price:amount\" content=\"300.00\" \/>\n<meta property=\"product:price:currency\" content=\"EUR\" \/>\n<meta property=\"og:availability\" content=\"instock\" \/>\n<meta property=\"product:availability\" content=\"instock\" \/>\n<meta property=\"product:retailer_item_id\" content=\"U022AA00\" \/>\n<meta property=\"product:condition\" content=\"new\" \/>\n<meta name=\"geo.placename\" content=\"Innsbruck\" \/>\n<meta name=\"geo.position\" content=\"47.264176340396226;11.380109057672346\" \/>\n<meta name=\"geo.region\" content=\"Austria\" \/>\n<!-- \/ Yoast SEO Premium plugin. -->","yoast_head_json":{"title":"Petzl Ergonomic Eisger\u00e4t - Top Modell f\u00fcr Eis- & Dry Tooling | bolting.eu","description":"Hier findest Du das Petzl Ergonomic Eisger\u00e4t. DAS Top Modell von Petzl f\u00fcr reines Eisklettern und Dry Tooling beim Hardwareprofi aus \ud83c\udde6\ud83c\uddf9!","robots":{"index":"index","follow":"follow","max-snippet":"max-snippet:-1","max-image-preview":"max-image-preview:large","max-video-preview":"max-video-preview:-1"},"canonical":"https:\/\/bolting.eu\/en\/shop\/petzl-ergonomic-eisgeraet\/","og_locale":"en_US","og_type":"article","og_title":"Petzl Ergonomic Eisger\u00e4t","og_description":"Hier findest Du das Petzl Ergonomic Eisger\u00e4t. DAS Top Modell von Petzl f\u00fcr reines Eisklettern und Dry Tooling beim Hardwareprofi aus \ud83c\udde6\ud83c\uddf9!","og_url":"https:\/\/bolting.eu\/en\/shop\/petzl-ergonomic-eisgeraet\/","og_site_name":"bolting.eu","article_publisher":"https:\/\/www.facebook.com\/bolting.eu","article_modified_time":"2026-03-20T16:00:31+00:00","og_image":[{"width":700,"height":700,"url":"https:\/\/bolting.eu\/wp-content\/uploads\/2022\/08\/Petzl-Ergonomic-4.jpg","type":"image\/jpeg"}],"twitter_card":"summary_large_image","twitter_misc":{"Price":"&euro;&nbsp;300,00","Availability":"In stock"},"schema":{"@context":"https:\/\/schema.org","@graph":[{"@type":["WebPage","ItemPage"],"@id":"https:\/\/bolting.eu\/en\/shop\/petzl-ergonomic-eisgeraet\/","url":"https:\/\/bolting.eu\/en\/shop\/petzl-ergonomic-eisgeraet\/","name":"Petzl Ergonomic Eisger\u00e4t - Top Modell f\u00fcr Eis- & Dry Tooling | bolting.eu","isPartOf":{"@id":"https:\/\/bolting.eu\/en\/#website"},"primaryImageOfPage":{"@id":"https:\/\/bolting.eu\/en\/shop\/petzl-ergonomic-eisgeraet\/#primaryimage"},"image":{"@id":"https:\/\/bolting.eu\/en\/shop\/petzl-ergonomic-eisgeraet\/#primaryimage"},"thumbnailUrl":"https:\/\/bolting.eu\/wp-content\/uploads\/2022\/08\/Petzl-Ergonomic-4.jpg","datePublished":"2022-08-21T16:10:37+00:00","dateModified":"2026-03-20T16:00:31+00:00","description":"Hier findest Du das Petzl Ergonomic Eisger\u00e4t. DAS Top Modell von Petzl f\u00fcr reines Eisklettern und Dry Tooling beim Hardwareprofi aus \ud83c\udde6\ud83c\uddf9!","breadcrumb":{"@id":"https:\/\/bolting.eu\/en\/shop\/petzl-ergonomic-eisgeraet\/#breadcrumb"},"inLanguage":"en-US","potentialAction":[{"@type":"ReadAction","target":["https:\/\/bolting.eu\/en\/shop\/petzl-ergonomic-eisgeraet\/"]}]},{"@type":"ImageObject","inLanguage":"en-US","@id":"https:\/\/bolting.eu\/en\/shop\/petzl-ergonomic-eisgeraet\/#primaryimage","url":"https:\/\/bolting.eu\/wp-content\/uploads\/2022\/08\/Petzl-Ergonomic-4.jpg","contentUrl":"https:\/\/bolting.eu\/wp-content\/uploads\/2022\/08\/Petzl-Ergonomic-4.jpg","width":700,"height":700,"caption":"Das Bild zeigt das orange schwarze Petzl Ergonomic Eisger\u00e4t mit der Haue nach rechts. Man erkennt perfekt die Form, Schaft und Griffe.,"},{"@type":"BreadcrumbList","@id":"https:\/\/bolting.eu\/en\/shop\/petzl-ergonomic-eisgeraet\/#breadcrumb","itemListElement":[{"@type":"ListItem","position":1,"name":"Shop","item":"https:\/\/bolting.eu\/en\/shop\/"},{"@type":"ListItem","position":2,"name":"Bergsteiger Ausr\u00fcstung","item":"https:\/\/bolting.eu\/produkt-kategorie\/bergsteiger-ausruestung\/"},{"@type":"ListItem","position":3,"name":"Eisger\u00e4te","item":"https:\/\/bolting.eu\/produkt-kategorie\/bergsteiger-ausruestung\/eisgeraete\/"},{"@type":"ListItem","position":4,"name":"Petzl Ergonomic Eisger\u00e4t"}]},{"@type":"WebSite","@id":"https:\/\/bolting.eu\/en\/#website","url":"https:\/\/bolting.eu\/en\/","name":"bolting.eu","description":"we make climbs happen","publisher":{"@id":"https:\/\/bolting.eu\/en\/#organization"},"potentialAction":[{"@type":"SearchAction","target":{"@type":"EntryPoint","urlTemplate":"https:\/\/bolting.eu\/en\/?s={search_term_string}"},"query-input":{"@type":"PropertyValueSpecification","valueRequired":true,"valueName":"search_term_string"}}],"inLanguage":"en-US"},{"@type":["Organization","Place","SportingGoodsStore"],"@id":"https:\/\/bolting.eu\/en\/#organization","name":"bolting.eu","url":"https:\/\/bolting.eu\/en\/","logo":{"@id":"https:\/\/bolting.eu\/en\/shop\/petzl-ergonomic-eisgeraet\/#local-main-organization-logo"},"image":{"@id":"https:\/\/bolting.eu\/en\/shop\/petzl-ergonomic-eisgeraet\/#local-main-organization-logo"},"sameAs":["https:\/\/www.facebook.com\/bolting.eu","https:\/\/www.instagram.com\/bolting.eu\/"],"address":{"@id":"https:\/\/bolting.eu\/en\/shop\/petzl-ergonomic-eisgeraet\/#local-main-place-address"},"geo":{"@type":"GeoCoordinates","latitude":"47.264176340396226","longitude":"11.380109057672346"},"telephone":["+43 699 19083372"],"openingHoursSpecification":[{"@type":"OpeningHoursSpecification","dayOfWeek":["Monday","Wednesday","Friday"],"opens":"14:00","closes":"18:00"},{"@type":"OpeningHoursSpecification","dayOfWeek":["Tuesday","Thursday","Saturday","Sunday"],"opens":"00:00","closes":"00:00"}],"email":"office@bolting.eu","vatID":"ATU59999728","priceRange":"$$","currenciesAccepted":"Euro"},{"@type":"PostalAddress","@id":"https:\/\/bolting.eu\/en\/shop\/petzl-ergonomic-eisgeraet\/#local-main-place-address","streetAddress":"Fischnalerstra\u00dfe 4","addressLocality":"Innsbruck","postalCode":"6020","addressRegion":"Tirol","addressCountry":"AT"},{"@type":"ImageObject","inLanguage":"en-US","@id":"https:\/\/bolting.eu\/en\/shop\/petzl-ergonomic-eisgeraet\/#local-main-organization-logo","url":"https:\/\/bolting.eu\/wp-content\/uploads\/2019\/09\/bolting-logo.png","contentUrl":"https:\/\/bolting.eu\/wp-content\/uploads\/2019\/09\/bolting-logo.png","width":400,"height":211,"caption":"bolting.eu"}]},"og_video":"https:\/\/www.youtube.com\/embed\/6_Epf6BBMWk","og_video_type":"text\/html","og_video_duration":"232","og_video_width":"480","og_video_height":"270","ya_ovs_adult":"false","ya_ovs_upload_date":"2022-08-21T16:10:37+00:00","ya_ovs_allow_embed":"true","product_price_amount":"300.00","product_price_currency":"EUR","og_availability":"instock","product_availability":"instock","product_retailer_item_id":"U022AA00","product_condition":"new","geo.placename":"Innsbruck","geo.position":{"lat":"47.264176340396226","long":"11.380109057672346"},"geo.region":"Austria"},"_links":{"self":[{"href":"https:\/\/bolting.eu\/en\/wp-json\/wp\/v2\/product\/12908","targetHints":{"allow":["GET"]}}],"collection":[{"href":"https:\/\/bolting.eu\/en\/wp-json\/wp\/v2\/product"}],"about":[{"href":"https:\/\/bolting.eu\/en\/wp-json\/wp\/v2\/types\/product"}],"replies":[{"embeddable":true,"href":"https:\/\/bolting.eu\/en\/wp-json\/wp\/v2\/comments?post=12908"}],"wp:featuredmedia":[{"embeddable":true,"href":"https:\/\/bolting.eu\/en\/wp-json\/wp\/v2\/media\/12910"}],"wp:attachment":[{"href":"https:\/\/bolting.eu\/en\/wp-json\/wp\/v2\/media?parent=12908"}],"wp:term":[{"taxonomy":"product_brand","embeddable":true,"href":"https:\/\/bolting.eu\/en\/wp-json\/wp\/v2\/product_brand?post=12908"},{"taxonomy":"product_cat","embeddable":true,"href":"https:\/\/bolting.eu\/en\/wp-json\/wp\/v2\/product_cat?post=12908"},{"taxonomy":"product_tag","embeddable":true,"href":"https:\/\/bolting.eu\/en\/wp-json\/wp\/v2\/product_tag?post=12908"}],"curies":[{"name":"wp","href":"https:\/\/api.w.org\/{rel}","templated":true}]}}