{"id":12866,"date":"2022-08-19T08:20:44","date_gmt":"2022-08-19T06:20:44","guid":{"rendered":"https:\/\/bolting.eu\/?post_type=product&#038;p=12866"},"modified":"2026-04-28T08:26:16","modified_gmt":"2026-04-28T06:26:16","slug":"petzl-multihook","status":"publish","type":"product","link":"https:\/\/bolting.eu\/en\/shop\/petzl-multihook\/","title":{"rendered":"Petzl Multihook"},"content":{"rendered":"<p>Der Petzl Multihook ist ein super praktisches Zubeh\u00f6r zum Alpinklettern bzw. Eisklettern.<\/p>\n<p>Denn dieses einklappbare Tool hat erstens einen spitzen Haken. Damit lassen sich Reepschn\u00fcre leichter durch Sanduhren bzw. <a href=\"https:\/\/bolting.eu\/abalakov-eissanduhr\/\">Abalakov Eissanduhren<\/a> f\u00e4deln.<\/p>\n<p>Und zweitens hat der Hook auch eine kleine Schneide. Hiermit kann man Schn\u00fcre und <a href=\"https:\/\/bolting.eu\/produkt-kategorie\/kletterausruestung\/bandschlinge\/\">Bandschlingen<\/a> auch abschneiden.<\/p>\n<p>Abschlie\u00dfend k\u00f6nnt ihr mit diesem Teil aber auch die Eispfropfen aus den Sch\u00e4ften eurer <a href=\"https:\/\/bolting.eu\/produkt-kategorie\/bergsteiger-ausruestung\/eisschrauben\/\">Eisschrauben<\/a> entfernen.<\/p>\n<p>Kurzum. Ein super hilfreiches Zubeh\u00f6r f\u00fcr Alpinisten!<\/p>\n<h2>Eigenschaften Petzl Multihook<\/h2>\n<ul>\n<li>Hersteller: <a href=\"https:\/\/bolting.eu\/produkt-kategorie\/petzl\/\">Petzl<\/a><\/li>\n<li>Material: Kunststoff und Edelstahl<\/li>\n<li>L\u00e4nge eingeklappt: 16cm<\/li>\n<li>L\u00e4nge ausgeklappt: 28cm<\/li>\n<li>Gewicht: 40 Gramm<\/li>\n<li>zum &#8220;F\u00e4deln&#8221; von Reepschn\u00fcren<\/li>\n<li>zum Bau von Abakalov Eisuhren<\/li>\n<li>f\u00fcr Sanduhren wie z.B. Dolomiten<\/li>\n<li>kleine Schneide zum Durchtrennen von Schn\u00fcren &amp; B\u00e4ndern<\/li>\n<li>\u00d6se f\u00fcr <a href=\"https:\/\/bolting.eu\/produkt-kategorie\/kletterausruestung\/kletterkarabiner\/materialkarabiner\/\">Materialkarabiner<\/a><\/li>\n<\/ul>\n<h3>Produktvideo<\/h3>\n<p>Im Folgenden seht ihr ein kurzes Produktvideo, welche die Eigenschaften des Produktes nochmals ausf\u00fchrlich vorstellen. Wir hoffen das macht euch erstens die Verwendung ganz klar. Und das es euch zweitens eine Hilfe bei der Kaufentscheidung ist.<\/p>\n<p><iframe loading=\"lazy\" title=\"Petzl Multihook Main Features\" width=\"1020\" height=\"574\" src=\"https:\/\/www.youtube.com\/embed\/UAI6DSSs678?feature=oembed\" frameborder=\"0\" allow=\"accelerometer; autoplay; clipboard-write; encrypted-media; gyroscope; picture-in-picture; web-share\" referrerpolicy=\"strict-origin-when-cross-origin\" allowfullscreen><\/iframe><\/p>\n<p>&nbsp;<\/p>\n<h3>Auch ideal f\u00fcr die Dolomiten!<\/h3>\n<p>Wir finden den Petzl Multihook auch furchtbar praktisch f\u00fcr das Klettern in den Dolomiten. Denn hier findet man regelm\u00e4\u00dfig Sanduhren, bei denen dieses Zubeh\u00f6r extrem hilfreich sein kann.<\/p>\n<p>Vor allem beim F\u00e4deln von Sanduhren mit sehr kleinen Durchl\u00e4ssen, fungiert der Haken genau so wie beim Eisklettern. Man kann sich das Ende der Reepschnur perfekt aus L\u00f6chern &#8220;herauszupfen&#8221;.<\/p>\n<p>Gerade bei den eher steifen <a href=\"https:\/\/bolting.eu\/shop\/beal-55mm-kevlar-reepschnur\/\">Kevlar Reepschn\u00fcren<\/a>, die wir hier gerne verwenden, klappt das ausgezeichnet.<\/p>\n<h3>Gleich ausprobieren!<\/h3>\n<p>Nehmt euren Petzl Multihook doch gleich mal mit zum <a href=\"https:\/\/maltatal.rocks\/eisklettern-maltatal\/\" target=\"_blank\" rel=\"noopener\">Eisklettern im Maltatal<\/a>.<\/p>\n<p>S\u00fcdlich der Alpen warten dutzende Wasserf\u00e4lle von Wi3 bis WI7 in allen L\u00e4ngen auf Euch. Des weiteren findet ihr hier auch viele Mixed Linien und f\u00fcr Rasttage auch geniale Skitouren!<\/p>\n","protected":false},"excerpt":{"rendered":"<p>Ausklappbares Tool mit 28cm langen Haken zum &#8220;F\u00e4deln&#8221; von Reepschn\u00fcren durch Abalakov Eissanduhren bzw. normaler Fels Sanduhren.<\/p>\n<p>Kann auch zum Entfernen des &#8220;Eispfropfens&#8221; im Schaft eurer Eischrauben verwendet werden. Super praktisch!!!<\/p>\n","protected":false},"featured_media":12868,"comment_status":"closed","ping_status":"closed","template":"","meta":[],"product_brand":[],"product_cat":[29,5061,13938,14281],"product_tag":[],"class_list":{"0":"post-12866","1":"product","2":"type-product","3":"status-publish","4":"has-post-thumbnail","6":"product_cat-kletterausruestung","7":"product_cat-kletterzubehoer","8":"product_cat-bergsteiger-ausruestung","9":"product_cat-eisschrauben","11":"first","12":"instock","13":"sale","14":"taxable","15":"shipping-taxable","16":"purchasable","17":"product-type-simple"},"yoast_head":"<!-- This site is optimized with the Yoast SEO Premium plugin v26.9 (Yoast SEO v26.9) - https:\/\/yoast.com\/product\/yoast-seo-premium-wordpress\/ -->\n<title>Petzl Multihook - zum F\u00e4deln von Sand- und Eisuhren | bolting.eu<\/title>\n<meta name=\"description\" content=\"Hier findest Du den PETZL MULTIHOOK. Einen praktischen, einklappbaren Haken zum F\u00e4deln von Sand- und Eisuhren.\" \/>\n<meta name=\"robots\" content=\"index, follow, max-snippet:-1, max-image-preview:large, max-video-preview:-1\" \/>\n<link rel=\"canonical\" href=\"https:\/\/bolting.eu\/en\/shop\/petzl-multihook\/\" \/>\n<meta property=\"og:locale\" content=\"en_US\" \/>\n<meta property=\"og:type\" content=\"article\" \/>\n<meta property=\"og:title\" content=\"Petzl Multihook\" \/>\n<meta property=\"og:description\" content=\"Hier findest Du den PETZL MULTIHOOK. Einen praktischen, einklappbaren Haken zum F\u00e4deln von Sand- und Eisuhren.\" \/>\n<meta property=\"og:url\" content=\"https:\/\/bolting.eu\/en\/shop\/petzl-multihook\/\" \/>\n<meta property=\"og:site_name\" content=\"bolting.eu\" \/>\n<meta property=\"article:publisher\" content=\"https:\/\/www.facebook.com\/bolting.eu\" \/>\n<meta property=\"article:modified_time\" content=\"2026-04-28T06:26:16+00:00\" \/>\n<meta property=\"og:image\" content=\"https:\/\/bolting.eu\/wp-content\/uploads\/2022\/08\/Petzl-Multihook-4.jpg\" \/>\n\t<meta property=\"og:image:width\" content=\"700\" \/>\n\t<meta property=\"og:image:height\" content=\"700\" \/>\n\t<meta property=\"og:image:type\" content=\"image\/jpeg\" \/>\n<meta name=\"twitter:card\" content=\"summary_large_image\" \/>\n<meta name=\"twitter:label1\" content=\"Price\" \/>\n\t<meta name=\"twitter:data1\" content=\"&euro;&nbsp;32,00\" \/>\n\t<meta name=\"twitter:label2\" content=\"Availability\" \/>\n\t<meta name=\"twitter:data2\" content=\"In stock\" \/>\n<script type=\"application\/ld+json\" class=\"yoast-schema-graph\">{\"@context\":\"https:\/\/schema.org\",\"@graph\":[{\"@type\":[\"WebPage\",\"ItemPage\"],\"@id\":\"https:\/\/bolting.eu\/en\/shop\/petzl-multihook\/\",\"url\":\"https:\/\/bolting.eu\/en\/shop\/petzl-multihook\/\",\"name\":\"Petzl Multihook - zum F\u00e4deln von Sand- und Eisuhren | bolting.eu\",\"isPartOf\":{\"@id\":\"https:\/\/bolting.eu\/en\/#website\"},\"primaryImageOfPage\":{\"@id\":\"https:\/\/bolting.eu\/en\/shop\/petzl-multihook\/#primaryimage\"},\"image\":{\"@id\":\"https:\/\/bolting.eu\/en\/shop\/petzl-multihook\/#primaryimage\"},\"thumbnailUrl\":\"https:\/\/bolting.eu\/wp-content\/uploads\/2022\/08\/Petzl-Multihook-4.jpg\",\"datePublished\":\"2022-08-19T06:20:44+00:00\",\"dateModified\":\"2026-04-28T06:26:16+00:00\",\"description\":\"Hier findest Du den PETZL MULTIHOOK. Einen praktischen, einklappbaren Haken zum F\u00e4deln von Sand- und Eisuhren.\",\"breadcrumb\":{\"@id\":\"https:\/\/bolting.eu\/en\/shop\/petzl-multihook\/#breadcrumb\"},\"inLanguage\":\"en-US\",\"potentialAction\":[{\"@type\":\"ReadAction\",\"target\":[\"https:\/\/bolting.eu\/en\/shop\/petzl-multihook\/\"]}]},{\"@type\":\"ImageObject\",\"inLanguage\":\"en-US\",\"@id\":\"https:\/\/bolting.eu\/en\/shop\/petzl-multihook\/#primaryimage\",\"url\":\"https:\/\/bolting.eu\/wp-content\/uploads\/2022\/08\/Petzl-Multihook-4.jpg\",\"contentUrl\":\"https:\/\/bolting.eu\/wp-content\/uploads\/2022\/08\/Petzl-Multihook-4.jpg\",\"width\":700,\"height\":700,\"caption\":\"Das Bild zeigt den orange-silbernen Petzl Multihook in halb ausgeklapptem Zustand.\"},{\"@type\":\"BreadcrumbList\",\"@id\":\"https:\/\/bolting.eu\/en\/shop\/petzl-multihook\/#breadcrumb\",\"itemListElement\":[{\"@type\":\"ListItem\",\"position\":1,\"name\":\"Shop\",\"item\":\"https:\/\/bolting.eu\/en\/shop\/\"},{\"@type\":\"ListItem\",\"position\":2,\"name\":\"Bergsteiger Ausr\u00fcstung\",\"item\":\"https:\/\/bolting.eu\/produkt-kategorie\/bergsteiger-ausruestung\/\"},{\"@type\":\"ListItem\",\"position\":3,\"name\":\"Eisschrauben\",\"item\":\"https:\/\/bolting.eu\/produkt-kategorie\/bergsteiger-ausruestung\/eisschrauben\/\"},{\"@type\":\"ListItem\",\"position\":4,\"name\":\"Petzl Multihook\"}]},{\"@type\":\"WebSite\",\"@id\":\"https:\/\/bolting.eu\/en\/#website\",\"url\":\"https:\/\/bolting.eu\/en\/\",\"name\":\"bolting.eu\",\"description\":\"we make climbs happen\",\"publisher\":{\"@id\":\"https:\/\/bolting.eu\/en\/#organization\"},\"potentialAction\":[{\"@type\":\"SearchAction\",\"target\":{\"@type\":\"EntryPoint\",\"urlTemplate\":\"https:\/\/bolting.eu\/en\/?s={search_term_string}\"},\"query-input\":{\"@type\":\"PropertyValueSpecification\",\"valueRequired\":true,\"valueName\":\"search_term_string\"}}],\"inLanguage\":\"en-US\"},{\"@type\":[\"Organization\",\"Place\",\"SportingGoodsStore\"],\"@id\":\"https:\/\/bolting.eu\/en\/#organization\",\"name\":\"bolting.eu\",\"url\":\"https:\/\/bolting.eu\/en\/\",\"logo\":{\"@id\":\"https:\/\/bolting.eu\/en\/shop\/petzl-multihook\/#local-main-organization-logo\"},\"image\":{\"@id\":\"https:\/\/bolting.eu\/en\/shop\/petzl-multihook\/#local-main-organization-logo\"},\"sameAs\":[\"https:\/\/www.facebook.com\/bolting.eu\",\"https:\/\/www.instagram.com\/bolting.eu\/\"],\"address\":{\"@id\":\"https:\/\/bolting.eu\/en\/shop\/petzl-multihook\/#local-main-place-address\"},\"geo\":{\"@type\":\"GeoCoordinates\",\"latitude\":\"47.264176340396226\",\"longitude\":\"11.380109057672346\"},\"telephone\":[\"+43 699 19083372\"],\"openingHoursSpecification\":[{\"@type\":\"OpeningHoursSpecification\",\"dayOfWeek\":[\"Monday\",\"Wednesday\",\"Friday\"],\"opens\":\"14:00\",\"closes\":\"18:00\"},{\"@type\":\"OpeningHoursSpecification\",\"dayOfWeek\":[\"Tuesday\",\"Thursday\",\"Saturday\",\"Sunday\"],\"opens\":\"00:00\",\"closes\":\"00:00\"}],\"email\":\"office@bolting.eu\",\"vatID\":\"ATU59999728\",\"priceRange\":\"$$\",\"currenciesAccepted\":\"Euro\"},{\"@type\":\"PostalAddress\",\"@id\":\"https:\/\/bolting.eu\/en\/shop\/petzl-multihook\/#local-main-place-address\",\"streetAddress\":\"Fischnalerstra\u00dfe 4\",\"addressLocality\":\"Innsbruck\",\"postalCode\":\"6020\",\"addressRegion\":\"Tirol\",\"addressCountry\":\"AT\"},{\"@type\":\"ImageObject\",\"inLanguage\":\"en-US\",\"@id\":\"https:\/\/bolting.eu\/en\/shop\/petzl-multihook\/#local-main-organization-logo\",\"url\":\"https:\/\/bolting.eu\/wp-content\/uploads\/2019\/09\/bolting-logo.png\",\"contentUrl\":\"https:\/\/bolting.eu\/wp-content\/uploads\/2019\/09\/bolting-logo.png\",\"width\":400,\"height\":211,\"caption\":\"bolting.eu\"}]}<\/script>\n<meta property=\"og:video\" content=\"https:\/\/www.youtube.com\/embed\/UAI6DSSs678\" \/>\n<meta property=\"og:video:type\" content=\"text\/html\" \/>\n<meta property=\"og:video:duration\" content=\"52\" \/>\n<meta property=\"og:video:width\" content=\"480\" \/>\n<meta property=\"og:video:height\" content=\"270\" \/>\n<meta property=\"ya:ovs:adult\" content=\"false\" \/>\n<meta property=\"ya:ovs:upload_date\" content=\"2022-08-19T06:20:44+00:00\" \/>\n<meta property=\"ya:ovs:allow_embed\" content=\"true\" \/>\n<meta property=\"product:price:amount\" content=\"32.00\" \/>\n<meta property=\"product:price:currency\" content=\"EUR\" \/>\n<meta property=\"og:availability\" content=\"instock\" \/>\n<meta property=\"product:availability\" content=\"instock\" \/>\n<meta property=\"product:retailer_item_id\" content=\"U002AA00\" \/>\n<meta property=\"product:condition\" content=\"new\" \/>\n<meta name=\"geo.placename\" content=\"Innsbruck\" \/>\n<meta name=\"geo.position\" content=\"47.264176340396226;11.380109057672346\" \/>\n<meta name=\"geo.region\" content=\"Austria\" \/>\n<!-- \/ Yoast SEO Premium plugin. -->","yoast_head_json":{"title":"Petzl Multihook - zum F\u00e4deln von Sand- und Eisuhren | bolting.eu","description":"Hier findest Du den PETZL MULTIHOOK. Einen praktischen, einklappbaren Haken zum F\u00e4deln von Sand- und Eisuhren.","robots":{"index":"index","follow":"follow","max-snippet":"max-snippet:-1","max-image-preview":"max-image-preview:large","max-video-preview":"max-video-preview:-1"},"canonical":"https:\/\/bolting.eu\/en\/shop\/petzl-multihook\/","og_locale":"en_US","og_type":"article","og_title":"Petzl Multihook","og_description":"Hier findest Du den PETZL MULTIHOOK. Einen praktischen, einklappbaren Haken zum F\u00e4deln von Sand- und Eisuhren.","og_url":"https:\/\/bolting.eu\/en\/shop\/petzl-multihook\/","og_site_name":"bolting.eu","article_publisher":"https:\/\/www.facebook.com\/bolting.eu","article_modified_time":"2026-04-28T06:26:16+00:00","og_image":[{"width":700,"height":700,"url":"https:\/\/bolting.eu\/wp-content\/uploads\/2022\/08\/Petzl-Multihook-4.jpg","type":"image\/jpeg"}],"twitter_card":"summary_large_image","twitter_misc":{"Price":"&euro;&nbsp;32,00","Availability":"In stock"},"schema":{"@context":"https:\/\/schema.org","@graph":[{"@type":["WebPage","ItemPage"],"@id":"https:\/\/bolting.eu\/en\/shop\/petzl-multihook\/","url":"https:\/\/bolting.eu\/en\/shop\/petzl-multihook\/","name":"Petzl Multihook - zum F\u00e4deln von Sand- und Eisuhren | bolting.eu","isPartOf":{"@id":"https:\/\/bolting.eu\/en\/#website"},"primaryImageOfPage":{"@id":"https:\/\/bolting.eu\/en\/shop\/petzl-multihook\/#primaryimage"},"image":{"@id":"https:\/\/bolting.eu\/en\/shop\/petzl-multihook\/#primaryimage"},"thumbnailUrl":"https:\/\/bolting.eu\/wp-content\/uploads\/2022\/08\/Petzl-Multihook-4.jpg","datePublished":"2022-08-19T06:20:44+00:00","dateModified":"2026-04-28T06:26:16+00:00","description":"Hier findest Du den PETZL MULTIHOOK. Einen praktischen, einklappbaren Haken zum F\u00e4deln von Sand- und Eisuhren.","breadcrumb":{"@id":"https:\/\/bolting.eu\/en\/shop\/petzl-multihook\/#breadcrumb"},"inLanguage":"en-US","potentialAction":[{"@type":"ReadAction","target":["https:\/\/bolting.eu\/en\/shop\/petzl-multihook\/"]}]},{"@type":"ImageObject","inLanguage":"en-US","@id":"https:\/\/bolting.eu\/en\/shop\/petzl-multihook\/#primaryimage","url":"https:\/\/bolting.eu\/wp-content\/uploads\/2022\/08\/Petzl-Multihook-4.jpg","contentUrl":"https:\/\/bolting.eu\/wp-content\/uploads\/2022\/08\/Petzl-Multihook-4.jpg","width":700,"height":700,"caption":"Das Bild zeigt den orange-silbernen Petzl Multihook in halb ausgeklapptem Zustand."},{"@type":"BreadcrumbList","@id":"https:\/\/bolting.eu\/en\/shop\/petzl-multihook\/#breadcrumb","itemListElement":[{"@type":"ListItem","position":1,"name":"Shop","item":"https:\/\/bolting.eu\/en\/shop\/"},{"@type":"ListItem","position":2,"name":"Bergsteiger Ausr\u00fcstung","item":"https:\/\/bolting.eu\/produkt-kategorie\/bergsteiger-ausruestung\/"},{"@type":"ListItem","position":3,"name":"Eisschrauben","item":"https:\/\/bolting.eu\/produkt-kategorie\/bergsteiger-ausruestung\/eisschrauben\/"},{"@type":"ListItem","position":4,"name":"Petzl Multihook"}]},{"@type":"WebSite","@id":"https:\/\/bolting.eu\/en\/#website","url":"https:\/\/bolting.eu\/en\/","name":"bolting.eu","description":"we make climbs happen","publisher":{"@id":"https:\/\/bolting.eu\/en\/#organization"},"potentialAction":[{"@type":"SearchAction","target":{"@type":"EntryPoint","urlTemplate":"https:\/\/bolting.eu\/en\/?s={search_term_string}"},"query-input":{"@type":"PropertyValueSpecification","valueRequired":true,"valueName":"search_term_string"}}],"inLanguage":"en-US"},{"@type":["Organization","Place","SportingGoodsStore"],"@id":"https:\/\/bolting.eu\/en\/#organization","name":"bolting.eu","url":"https:\/\/bolting.eu\/en\/","logo":{"@id":"https:\/\/bolting.eu\/en\/shop\/petzl-multihook\/#local-main-organization-logo"},"image":{"@id":"https:\/\/bolting.eu\/en\/shop\/petzl-multihook\/#local-main-organization-logo"},"sameAs":["https:\/\/www.facebook.com\/bolting.eu","https:\/\/www.instagram.com\/bolting.eu\/"],"address":{"@id":"https:\/\/bolting.eu\/en\/shop\/petzl-multihook\/#local-main-place-address"},"geo":{"@type":"GeoCoordinates","latitude":"47.264176340396226","longitude":"11.380109057672346"},"telephone":["+43 699 19083372"],"openingHoursSpecification":[{"@type":"OpeningHoursSpecification","dayOfWeek":["Monday","Wednesday","Friday"],"opens":"14:00","closes":"18:00"},{"@type":"OpeningHoursSpecification","dayOfWeek":["Tuesday","Thursday","Saturday","Sunday"],"opens":"00:00","closes":"00:00"}],"email":"office@bolting.eu","vatID":"ATU59999728","priceRange":"$$","currenciesAccepted":"Euro"},{"@type":"PostalAddress","@id":"https:\/\/bolting.eu\/en\/shop\/petzl-multihook\/#local-main-place-address","streetAddress":"Fischnalerstra\u00dfe 4","addressLocality":"Innsbruck","postalCode":"6020","addressRegion":"Tirol","addressCountry":"AT"},{"@type":"ImageObject","inLanguage":"en-US","@id":"https:\/\/bolting.eu\/en\/shop\/petzl-multihook\/#local-main-organization-logo","url":"https:\/\/bolting.eu\/wp-content\/uploads\/2019\/09\/bolting-logo.png","contentUrl":"https:\/\/bolting.eu\/wp-content\/uploads\/2019\/09\/bolting-logo.png","width":400,"height":211,"caption":"bolting.eu"}]},"og_video":"https:\/\/www.youtube.com\/embed\/UAI6DSSs678","og_video_type":"text\/html","og_video_duration":"52","og_video_width":"480","og_video_height":"270","ya_ovs_adult":"false","ya_ovs_upload_date":"2022-08-19T06:20:44+00:00","ya_ovs_allow_embed":"true","product_price_amount":"32.00","product_price_currency":"EUR","og_availability":"instock","product_availability":"instock","product_retailer_item_id":"U002AA00","product_condition":"new","geo.placename":"Innsbruck","geo.position":{"lat":"47.264176340396226","long":"11.380109057672346"},"geo.region":"Austria"},"_links":{"self":[{"href":"https:\/\/bolting.eu\/en\/wp-json\/wp\/v2\/product\/12866","targetHints":{"allow":["GET"]}}],"collection":[{"href":"https:\/\/bolting.eu\/en\/wp-json\/wp\/v2\/product"}],"about":[{"href":"https:\/\/bolting.eu\/en\/wp-json\/wp\/v2\/types\/product"}],"replies":[{"embeddable":true,"href":"https:\/\/bolting.eu\/en\/wp-json\/wp\/v2\/comments?post=12866"}],"wp:featuredmedia":[{"embeddable":true,"href":"https:\/\/bolting.eu\/en\/wp-json\/wp\/v2\/media\/12868"}],"wp:attachment":[{"href":"https:\/\/bolting.eu\/en\/wp-json\/wp\/v2\/media?parent=12866"}],"wp:term":[{"taxonomy":"product_brand","embeddable":true,"href":"https:\/\/bolting.eu\/en\/wp-json\/wp\/v2\/product_brand?post=12866"},{"taxonomy":"product_cat","embeddable":true,"href":"https:\/\/bolting.eu\/en\/wp-json\/wp\/v2\/product_cat?post=12866"},{"taxonomy":"product_tag","embeddable":true,"href":"https:\/\/bolting.eu\/en\/wp-json\/wp\/v2\/product_tag?post=12866"}],"curies":[{"name":"wp","href":"https:\/\/api.w.org\/{rel}","templated":true}]}}