{"id":12851,"date":"2022-08-18T09:07:34","date_gmt":"2022-08-18T07:07:34","guid":{"rendered":"https:\/\/bolting.eu\/?post_type=product&#038;p=12851"},"modified":"2026-04-29T17:18:40","modified_gmt":"2026-04-29T15:18:40","slug":"singing-rock-piton-a5","status":"publish","type":"product","link":"https:\/\/bolting.eu\/en\/shop\/singing-rock-piton-a5\/","title":{"rendered":"Singing Rock Piton A5"},"content":{"rendered":"<p>Die Singing Rock Piton A5 sind 5mm d\u00fcnne &#8220;Knifeblades&#8221;, auch &#8220;Messerhaken&#8221; genannt. Sie sind folglich f\u00fcr sehr schmale Risse gedacht, sogenannte &#8220;seams&#8221;.<\/p>\n<p>Dieses Produkt ist in drei L\u00e4ngen verf\u00fcgbar: 5cm, 7cm und 9cm. Somit kann man f\u00fcr jede &#8220;Tiefe&#8221; das ideale Modell w\u00e4hlen.<\/p>\n<p>Um den Belastungen des Einschlagens und Ausschlagens stand zu halten, ist dieser <a href=\"https:\/\/bolting.eu\/produkt-kategorie\/einbohrartikel\/felshaken-normalhaken\/\">Felshaken<\/a> aus geh\u00e4rtetem Chrom Molybd\u00e4n Stahl gemacht. Eine d\u00fcnne Eloxierung sch\u00fctzt vor intensiver Korrosion.<\/p>\n<p>Wir empfehlen euch einen gr\u00f6\u00dferen <a href=\"https:\/\/bolting.eu\/produkt-kategorie\/einbohrartikel\/felshammer\/\">Felshammer<\/a>, wenn ihr diese Art von Haken regelm\u00e4\u00dfig verwendet.<\/p>\n<h2>Eigenschaften Singing Rock Piton A5<\/h2>\n<ul>\n<li>Hersteller: <a href=\"https:\/\/bolting.eu\/produkt-kategorie\/singing-rock\/\">Singing Rock<\/a><\/li>\n<li>Material: Chrom-Molybd\u00e4n Stahl<\/li>\n<li>St\u00e4rke Schaft: 1mm &#8211; 5mm<\/li>\n<li>Breite Schaft: 2,3cm<\/li>\n<li>Schaft L\u00e4ngen (Gesamtl\u00e4ngen): 5cm (9cm), 7cm (11cm), 9cm (13cm)<\/li>\n<li>Gewicht: 88 Gramm, 103 Gramm, 118 Gramm<\/li>\n<li>Normen: EN 569<\/li>\n<li><a href=\"https:\/\/www.singingrock.com\/data\/downloads\/pdf1\/IOU_16R61690004_PITON_180828.pdf\" target=\"_blank\" rel=\"noopener\">Bedienungsanleitung<\/a><\/li>\n<\/ul>\n<h3>Verwendungszweck = Techno Klettern<\/h3>\n<p>Der Singing Rock Piton A5 ist ein Modell zum Alpinklettern in hartem Gestein oder zum <a href=\"https:\/\/bolting.eu\/kletterroute-einbohren\/\">Kletterroute einbohren<\/a>.<\/p>\n<p>Die Dimensionen sind bereits so gro\u00df, dass diese Haken auch St\u00fcrze aushalten. Somit kann man sie getrost in die d\u00fcnnen Risse schlagen und kann sich in der Regel auf sie verlassen.<\/p>\n<p>Der Hartstahl macht sie ideal f\u00fcr Gesteine wie Granit, Gneis und Schiefer.<\/p>\n<h3>D\u00fcnne und dicke Variante<\/h3>\n<p>Von diesem Haken gibt es auch ein &#8220;Schwestermodell&#8221;. Der Singing Rock Piton A5 hei\u00dft so, weil der Schaft von 1mm auf 5mm zul\u00e4uft.<\/p>\n<p>Das &#8220;d\u00fcnnere&#8221; und auch kleinere Modell ist der <a href=\"https:\/\/bolting.eu\/shop\/singing-rock-piton-a3\/\">A3 Piton<\/a>, welcher folglich von 1mm auf 3m zul\u00e4uft. D.h. dieser ist f\u00fcr etwas schm\u00e4lere Risse und rein zum Techno Klettern.<\/p>\n<p>F\u00fcr ein ausgewogenes Techno-Rack braucht ihr nat\u00fcrlich sowohl unterschiedliche L\u00e4ngen, als auch St\u00e4rken. Diese beiden Modelle sind also perfekt, um eine stimmiges Arsenal an Messerhaken aufzubauen.<\/p>\n<h3>Singing Rock Piton A5 &#8211; kleine \u00d6sen<\/h3>\n<p>Im Vergleich zu anderen &#8220;Knifeblades&#8221;, hat der Singing Rock Piton A5 eher kleine \u00d6sen. Hier passt gerade ein <a href=\"https:\/\/bolting.eu\/produkt-kategorie\/kletterausruestung\/kletterkarabiner\/\">Karabiner<\/a> durch, wie den f\u00fcr Techno zu empfehlenden <a href=\"https:\/\/bolting.eu\/shop\/austrialpin-ovalo-schnapper\/\">Austrialpin Ovalo Schnapper<\/a>.<\/p>\n<p>Bei den <a href=\"https:\/\/bolting.eu\/produkt-kategorie\/kletterausruestung\/bandschlinge\/\">Bandschlingen<\/a> gehen nur d\u00fcnne Dyneema Bandschlingen. 16mm passen nur mit M\u00fche durch. 25mm breite Modelle gehen gar nicht.<\/p>\n<p><a href=\"https:\/\/bolting.eu\/produkt-kategorie\/kletterausruestung\/reepschnur\/\">Reepschn\u00fcre<\/a> sind kein Problem, wobei wir durch die etwas sch\u00e4rferen Kanten der \u00d6sen dringend zu <a href=\"https:\/\/bolting.eu\/produkt-kategorie\/kletterausruestung\/reepschnur\/kevlar-reepschnur\/\">Kevlar Reepschn\u00fcren<\/a> raten.<\/p>\n","protected":false},"excerpt":{"rendered":"<p>Messerhaken mit 5mm Schaft St\u00e4rke in den Schaftl\u00e4ngen 5cm, 7cm und 9cm. Ideal f\u00fcr\u00b4s Alpinklettern wenn es darum geht, sehr schmale Risse abzusichern.<\/p>\n","protected":false},"featured_media":12843,"comment_status":"closed","ping_status":"closed","template":"","meta":[],"product_brand":[],"product_cat":[1210,37,12141],"product_tag":[],"class_list":{"0":"post-12851","1":"product","2":"type-product","3":"status-publish","4":"has-post-thumbnail","6":"product_cat-einbohrartikel","7":"product_cat-felshaken-normalhaken","8":"product_cat-singing-rock","10":"first","11":"instock","12":"taxable","13":"shipping-taxable","14":"purchasable","15":"product-type-variable"},"yoast_head":"<!-- This site is optimized with the Yoast SEO Premium plugin v26.9 (Yoast SEO v26.9) - https:\/\/yoast.com\/product\/yoast-seo-premium-wordpress\/ -->\n<title>Singing Rock Piton A5 - 5mm Messerhaken | bolting.eu<\/title>\n<meta name=\"description\" content=\"Hier findest Du den SINGING ROCK A5 PITON. Einen 5mm starken Messerhaken mit 3cm, 5cm und 7cm L\u00e4nge f\u00fcr d\u00fcnne Risse bzw. alpine Routen.\" \/>\n<meta name=\"robots\" content=\"index, follow, max-snippet:-1, max-image-preview:large, max-video-preview:-1\" \/>\n<link rel=\"canonical\" href=\"https:\/\/bolting.eu\/en\/shop\/singing-rock-piton-a5\/\" \/>\n<meta property=\"og:locale\" content=\"en_US\" \/>\n<meta property=\"og:type\" content=\"article\" \/>\n<meta property=\"og:title\" content=\"Singing Rock Piton A5\" \/>\n<meta property=\"og:description\" content=\"Hier findest Du den SINGING ROCK A5 PITON. Einen 5mm starken Messerhaken mit 3cm, 5cm und 7cm L\u00e4nge f\u00fcr d\u00fcnne Risse bzw. alpine Routen.\" \/>\n<meta property=\"og:url\" content=\"https:\/\/bolting.eu\/en\/shop\/singing-rock-piton-a5\/\" \/>\n<meta property=\"og:site_name\" content=\"bolting.eu\" \/>\n<meta property=\"article:publisher\" content=\"https:\/\/www.facebook.com\/bolting.eu\" \/>\n<meta property=\"article:modified_time\" content=\"2026-04-29T15:18:40+00:00\" \/>\n<meta property=\"og:image\" content=\"https:\/\/bolting.eu\/wp-content\/uploads\/2022\/08\/SR-A3-Piton-2.jpg\" \/>\n\t<meta property=\"og:image:width\" content=\"700\" \/>\n\t<meta property=\"og:image:height\" content=\"700\" \/>\n\t<meta property=\"og:image:type\" content=\"image\/jpeg\" \/>\n<meta name=\"twitter:card\" content=\"summary_large_image\" \/>\n<meta name=\"twitter:label1\" content=\"Availability\" \/>\n\t<meta name=\"twitter:data1\" content=\"In stock\" \/>\n<script type=\"application\/ld+json\" class=\"yoast-schema-graph\">{\"@context\":\"https:\/\/schema.org\",\"@graph\":[{\"@type\":[\"WebPage\",\"ItemPage\"],\"@id\":\"https:\/\/bolting.eu\/en\/shop\/singing-rock-piton-a5\/\",\"url\":\"https:\/\/bolting.eu\/en\/shop\/singing-rock-piton-a5\/\",\"name\":\"Singing Rock Piton A5 - 5mm Messerhaken | bolting.eu\",\"isPartOf\":{\"@id\":\"https:\/\/bolting.eu\/en\/#website\"},\"primaryImageOfPage\":{\"@id\":\"https:\/\/bolting.eu\/en\/shop\/singing-rock-piton-a5\/#primaryimage\"},\"image\":{\"@id\":\"https:\/\/bolting.eu\/en\/shop\/singing-rock-piton-a5\/#primaryimage\"},\"thumbnailUrl\":\"https:\/\/bolting.eu\/wp-content\/uploads\/2022\/08\/SR-A3-Piton-2.jpg\",\"datePublished\":\"2022-08-18T07:07:34+00:00\",\"dateModified\":\"2026-04-29T15:18:40+00:00\",\"description\":\"Hier findest Du den SINGING ROCK A5 PITON. Einen 5mm starken Messerhaken mit 3cm, 5cm und 7cm L\u00e4nge f\u00fcr d\u00fcnne Risse bzw. alpine Routen.\",\"breadcrumb\":{\"@id\":\"https:\/\/bolting.eu\/en\/shop\/singing-rock-piton-a5\/#breadcrumb\"},\"inLanguage\":\"en-US\",\"potentialAction\":[{\"@type\":\"ReadAction\",\"target\":[\"https:\/\/bolting.eu\/en\/shop\/singing-rock-piton-a5\/\"]}]},{\"@type\":\"ImageObject\",\"inLanguage\":\"en-US\",\"@id\":\"https:\/\/bolting.eu\/en\/shop\/singing-rock-piton-a5\/#primaryimage\",\"url\":\"https:\/\/bolting.eu\/wp-content\/uploads\/2022\/08\/SR-A3-Piton-2.jpg\",\"contentUrl\":\"https:\/\/bolting.eu\/wp-content\/uploads\/2022\/08\/SR-A3-Piton-2.jpg\",\"width\":700,\"height\":700,\"caption\":\"Das Bild zeigt drei Singing Rock A3 Piton Messerhaken schr\u00e4g liegend nebeneinander. Die Haken\u00f6sen sind oben.\"},{\"@type\":\"BreadcrumbList\",\"@id\":\"https:\/\/bolting.eu\/en\/shop\/singing-rock-piton-a5\/#breadcrumb\",\"itemListElement\":[{\"@type\":\"ListItem\",\"position\":1,\"name\":\"Shop\",\"item\":\"https:\/\/bolting.eu\/en\/shop\/\"},{\"@type\":\"ListItem\",\"position\":2,\"name\":\"bolting products\",\"item\":\"https:\/\/bolting.eu\/en\/produkt-kategorie\/bolting-products\/\"},{\"@type\":\"ListItem\",\"position\":3,\"name\":\"piton - Normal hook\",\"item\":\"https:\/\/bolting.eu\/en\/produkt-kategorie\/piton-normal-hook\/\"},{\"@type\":\"ListItem\",\"position\":4,\"name\":\"Singing Rock Piton A5\"}]},{\"@type\":\"WebSite\",\"@id\":\"https:\/\/bolting.eu\/en\/#website\",\"url\":\"https:\/\/bolting.eu\/en\/\",\"name\":\"bolting.eu\",\"description\":\"we make climbs happen\",\"publisher\":{\"@id\":\"https:\/\/bolting.eu\/en\/#organization\"},\"potentialAction\":[{\"@type\":\"SearchAction\",\"target\":{\"@type\":\"EntryPoint\",\"urlTemplate\":\"https:\/\/bolting.eu\/en\/?s={search_term_string}\"},\"query-input\":{\"@type\":\"PropertyValueSpecification\",\"valueRequired\":true,\"valueName\":\"search_term_string\"}}],\"inLanguage\":\"en-US\"},{\"@type\":[\"Organization\",\"Place\",\"SportingGoodsStore\"],\"@id\":\"https:\/\/bolting.eu\/en\/#organization\",\"name\":\"bolting.eu\",\"url\":\"https:\/\/bolting.eu\/en\/\",\"logo\":{\"@id\":\"https:\/\/bolting.eu\/en\/shop\/singing-rock-piton-a5\/#local-main-organization-logo\"},\"image\":{\"@id\":\"https:\/\/bolting.eu\/en\/shop\/singing-rock-piton-a5\/#local-main-organization-logo\"},\"sameAs\":[\"https:\/\/www.facebook.com\/bolting.eu\",\"https:\/\/www.instagram.com\/bolting.eu\/\"],\"address\":{\"@id\":\"https:\/\/bolting.eu\/en\/shop\/singing-rock-piton-a5\/#local-main-place-address\"},\"geo\":{\"@type\":\"GeoCoordinates\",\"latitude\":\"47.264176340396226\",\"longitude\":\"11.380109057672346\"},\"telephone\":[\"+43 699 19083372\"],\"openingHoursSpecification\":[{\"@type\":\"OpeningHoursSpecification\",\"dayOfWeek\":[\"Monday\",\"Wednesday\",\"Friday\"],\"opens\":\"14:00\",\"closes\":\"18:00\"},{\"@type\":\"OpeningHoursSpecification\",\"dayOfWeek\":[\"Tuesday\",\"Thursday\",\"Saturday\",\"Sunday\"],\"opens\":\"00:00\",\"closes\":\"00:00\"}],\"email\":\"office@bolting.eu\",\"vatID\":\"ATU59999728\",\"priceRange\":\"$$\",\"currenciesAccepted\":\"Euro\"},{\"@type\":\"PostalAddress\",\"@id\":\"https:\/\/bolting.eu\/en\/shop\/singing-rock-piton-a5\/#local-main-place-address\",\"streetAddress\":\"Fischnalerstra\u00dfe 4\",\"addressLocality\":\"Innsbruck\",\"postalCode\":\"6020\",\"addressRegion\":\"Tirol\",\"addressCountry\":\"AT\"},{\"@type\":\"ImageObject\",\"inLanguage\":\"en-US\",\"@id\":\"https:\/\/bolting.eu\/en\/shop\/singing-rock-piton-a5\/#local-main-organization-logo\",\"url\":\"https:\/\/bolting.eu\/wp-content\/uploads\/2019\/09\/bolting-logo.png\",\"contentUrl\":\"https:\/\/bolting.eu\/wp-content\/uploads\/2019\/09\/bolting-logo.png\",\"width\":400,\"height\":211,\"caption\":\"bolting.eu\"}]}<\/script>\n<meta property=\"og:availability\" content=\"instock\" \/>\n<meta property=\"product:availability\" content=\"instock\" \/>\n<meta property=\"product:condition\" content=\"new\" \/>\n<meta name=\"geo.placename\" content=\"Innsbruck\" \/>\n<meta name=\"geo.position\" content=\"47.264176340396226;11.380109057672346\" \/>\n<meta name=\"geo.region\" content=\"Austria\" \/>\n<!-- \/ Yoast SEO Premium plugin. -->","yoast_head_json":{"title":"Singing Rock Piton A5 - 5mm Messerhaken | bolting.eu","description":"Hier findest Du den SINGING ROCK A5 PITON. Einen 5mm starken Messerhaken mit 3cm, 5cm und 7cm L\u00e4nge f\u00fcr d\u00fcnne Risse bzw. alpine Routen.","robots":{"index":"index","follow":"follow","max-snippet":"max-snippet:-1","max-image-preview":"max-image-preview:large","max-video-preview":"max-video-preview:-1"},"canonical":"https:\/\/bolting.eu\/en\/shop\/singing-rock-piton-a5\/","og_locale":"en_US","og_type":"article","og_title":"Singing Rock Piton A5","og_description":"Hier findest Du den SINGING ROCK A5 PITON. Einen 5mm starken Messerhaken mit 3cm, 5cm und 7cm L\u00e4nge f\u00fcr d\u00fcnne Risse bzw. alpine Routen.","og_url":"https:\/\/bolting.eu\/en\/shop\/singing-rock-piton-a5\/","og_site_name":"bolting.eu","article_publisher":"https:\/\/www.facebook.com\/bolting.eu","article_modified_time":"2026-04-29T15:18:40+00:00","og_image":[{"width":700,"height":700,"url":"https:\/\/bolting.eu\/wp-content\/uploads\/2022\/08\/SR-A3-Piton-2.jpg","type":"image\/jpeg"}],"twitter_card":"summary_large_image","twitter_misc":{"Availability":"In stock"},"schema":{"@context":"https:\/\/schema.org","@graph":[{"@type":["WebPage","ItemPage"],"@id":"https:\/\/bolting.eu\/en\/shop\/singing-rock-piton-a5\/","url":"https:\/\/bolting.eu\/en\/shop\/singing-rock-piton-a5\/","name":"Singing Rock Piton A5 - 5mm Messerhaken | bolting.eu","isPartOf":{"@id":"https:\/\/bolting.eu\/en\/#website"},"primaryImageOfPage":{"@id":"https:\/\/bolting.eu\/en\/shop\/singing-rock-piton-a5\/#primaryimage"},"image":{"@id":"https:\/\/bolting.eu\/en\/shop\/singing-rock-piton-a5\/#primaryimage"},"thumbnailUrl":"https:\/\/bolting.eu\/wp-content\/uploads\/2022\/08\/SR-A3-Piton-2.jpg","datePublished":"2022-08-18T07:07:34+00:00","dateModified":"2026-04-29T15:18:40+00:00","description":"Hier findest Du den SINGING ROCK A5 PITON. Einen 5mm starken Messerhaken mit 3cm, 5cm und 7cm L\u00e4nge f\u00fcr d\u00fcnne Risse bzw. alpine Routen.","breadcrumb":{"@id":"https:\/\/bolting.eu\/en\/shop\/singing-rock-piton-a5\/#breadcrumb"},"inLanguage":"en-US","potentialAction":[{"@type":"ReadAction","target":["https:\/\/bolting.eu\/en\/shop\/singing-rock-piton-a5\/"]}]},{"@type":"ImageObject","inLanguage":"en-US","@id":"https:\/\/bolting.eu\/en\/shop\/singing-rock-piton-a5\/#primaryimage","url":"https:\/\/bolting.eu\/wp-content\/uploads\/2022\/08\/SR-A3-Piton-2.jpg","contentUrl":"https:\/\/bolting.eu\/wp-content\/uploads\/2022\/08\/SR-A3-Piton-2.jpg","width":700,"height":700,"caption":"Das Bild zeigt drei Singing Rock A3 Piton Messerhaken schr\u00e4g liegend nebeneinander. Die Haken\u00f6sen sind oben."},{"@type":"BreadcrumbList","@id":"https:\/\/bolting.eu\/en\/shop\/singing-rock-piton-a5\/#breadcrumb","itemListElement":[{"@type":"ListItem","position":1,"name":"Shop","item":"https:\/\/bolting.eu\/en\/shop\/"},{"@type":"ListItem","position":2,"name":"bolting products","item":"https:\/\/bolting.eu\/en\/produkt-kategorie\/bolting-products\/"},{"@type":"ListItem","position":3,"name":"piton - Normal hook","item":"https:\/\/bolting.eu\/en\/produkt-kategorie\/piton-normal-hook\/"},{"@type":"ListItem","position":4,"name":"Singing Rock Piton A5"}]},{"@type":"WebSite","@id":"https:\/\/bolting.eu\/en\/#website","url":"https:\/\/bolting.eu\/en\/","name":"bolting.eu","description":"we make climbs happen","publisher":{"@id":"https:\/\/bolting.eu\/en\/#organization"},"potentialAction":[{"@type":"SearchAction","target":{"@type":"EntryPoint","urlTemplate":"https:\/\/bolting.eu\/en\/?s={search_term_string}"},"query-input":{"@type":"PropertyValueSpecification","valueRequired":true,"valueName":"search_term_string"}}],"inLanguage":"en-US"},{"@type":["Organization","Place","SportingGoodsStore"],"@id":"https:\/\/bolting.eu\/en\/#organization","name":"bolting.eu","url":"https:\/\/bolting.eu\/en\/","logo":{"@id":"https:\/\/bolting.eu\/en\/shop\/singing-rock-piton-a5\/#local-main-organization-logo"},"image":{"@id":"https:\/\/bolting.eu\/en\/shop\/singing-rock-piton-a5\/#local-main-organization-logo"},"sameAs":["https:\/\/www.facebook.com\/bolting.eu","https:\/\/www.instagram.com\/bolting.eu\/"],"address":{"@id":"https:\/\/bolting.eu\/en\/shop\/singing-rock-piton-a5\/#local-main-place-address"},"geo":{"@type":"GeoCoordinates","latitude":"47.264176340396226","longitude":"11.380109057672346"},"telephone":["+43 699 19083372"],"openingHoursSpecification":[{"@type":"OpeningHoursSpecification","dayOfWeek":["Monday","Wednesday","Friday"],"opens":"14:00","closes":"18:00"},{"@type":"OpeningHoursSpecification","dayOfWeek":["Tuesday","Thursday","Saturday","Sunday"],"opens":"00:00","closes":"00:00"}],"email":"office@bolting.eu","vatID":"ATU59999728","priceRange":"$$","currenciesAccepted":"Euro"},{"@type":"PostalAddress","@id":"https:\/\/bolting.eu\/en\/shop\/singing-rock-piton-a5\/#local-main-place-address","streetAddress":"Fischnalerstra\u00dfe 4","addressLocality":"Innsbruck","postalCode":"6020","addressRegion":"Tirol","addressCountry":"AT"},{"@type":"ImageObject","inLanguage":"en-US","@id":"https:\/\/bolting.eu\/en\/shop\/singing-rock-piton-a5\/#local-main-organization-logo","url":"https:\/\/bolting.eu\/wp-content\/uploads\/2019\/09\/bolting-logo.png","contentUrl":"https:\/\/bolting.eu\/wp-content\/uploads\/2019\/09\/bolting-logo.png","width":400,"height":211,"caption":"bolting.eu"}]},"og_availability":"instock","product_availability":"instock","product_condition":"new","geo.placename":"Innsbruck","geo.position":{"lat":"47.264176340396226","long":"11.380109057672346"},"geo.region":"Austria"},"_links":{"self":[{"href":"https:\/\/bolting.eu\/en\/wp-json\/wp\/v2\/product\/12851","targetHints":{"allow":["GET"]}}],"collection":[{"href":"https:\/\/bolting.eu\/en\/wp-json\/wp\/v2\/product"}],"about":[{"href":"https:\/\/bolting.eu\/en\/wp-json\/wp\/v2\/types\/product"}],"replies":[{"embeddable":true,"href":"https:\/\/bolting.eu\/en\/wp-json\/wp\/v2\/comments?post=12851"}],"wp:featuredmedia":[{"embeddable":true,"href":"https:\/\/bolting.eu\/en\/wp-json\/wp\/v2\/media\/12843"}],"wp:attachment":[{"href":"https:\/\/bolting.eu\/en\/wp-json\/wp\/v2\/media?parent=12851"}],"wp:term":[{"taxonomy":"product_brand","embeddable":true,"href":"https:\/\/bolting.eu\/en\/wp-json\/wp\/v2\/product_brand?post=12851"},{"taxonomy":"product_cat","embeddable":true,"href":"https:\/\/bolting.eu\/en\/wp-json\/wp\/v2\/product_cat?post=12851"},{"taxonomy":"product_tag","embeddable":true,"href":"https:\/\/bolting.eu\/en\/wp-json\/wp\/v2\/product_tag?post=12851"}],"curies":[{"name":"wp","href":"https:\/\/api.w.org\/{rel}","templated":true}]}}