{"id":12825,"date":"2022-08-15T17:43:36","date_gmt":"2022-08-15T15:43:36","guid":{"rendered":"https:\/\/bolting.eu\/?post_type=product&#038;p=12825"},"modified":"2025-12-31T20:07:05","modified_gmt":"2025-12-31T19:07:05","slug":"petzl-marteau-hammerkopf","status":"publish","type":"product","link":"https:\/\/bolting.eu\/en\/shop\/petzl-marteau-hammerkopf\/","title":{"rendered":"Petzl Marteau Hammerkopf"},"content":{"rendered":"<p>Der Petzl Marteau Hammerkopf ist ein Aufsatz f\u00fcr alle Pickel Modelle mit dem &#8220;Alpen Adapt&#8221; System. Mit diesem Aufsatz k\u00f6nnt ihr viel besser <a href=\"https:\/\/bolting.eu\/produkt-kategorie\/einbohrartikel\/felshaken-normalhaken\/\">Felshaken<\/a> einschlagen als mit dem &#8220;Mini Marteau&#8221; Standard Aufsatz der u.a. Modelle.<\/p>\n<p>D.h. f\u00fcr\u00a0<a href=\"https:\/\/bolting.eu\/shop\/petzl-quark-eisgeraet\/\">Quark<\/a>, <a href=\"https:\/\/bolting.eu\/shop\/petzl-sumtec\/\">Sum\u00b4Tec<\/a>, <a href=\"https:\/\/bolting.eu\/shop\/petzl-nomic-eisgeraet\/\">Nomic<\/a> und Ergonomic.<\/p>\n<p>Ein weiterer Zusatznutzen ist das Abschlagen von Eisplatten und lockeren Felsschuppen.<\/p>\n<p>Manche Kletterer nutzen das Gewicht des Hammerkopf auch, um mehr Schwungmasse zusammen zu bekommen. Dann hat das Ger\u00e4t mehr Stabilit\u00e4t bzw. bei hartem Eis mehr &#8220;Punch&#8221;.<\/p>\n<h2>Eigenschaft Petzl Marteau<\/h2>\n<ul>\n<li>Hersteller: <a href=\"https:\/\/bolting.eu\/shop\/coeur-stainless-petzl\/\">Petzl<\/a><\/li>\n<li>Material: Stahl<\/li>\n<li>Gewicht: 58 Gramm<\/li>\n<li>Lieferumfang: 1 Hammerkopf, 2 Senkkopfschrauben, 2 Muttern, kein Inbusschl\u00fcssel (ist immer bei Eisger\u00e4ten dabei!)<\/li>\n<li>f\u00fcr alle &#8220;Alpen Adapt&#8221; kompatiblen Modelle<\/li>\n<li>der Petzl Hammerkopf erleichtert das Einschlagen von Felshaken<\/li>\n<li>zum Abschlagen von Eisplatten und Felsschuppen<\/li>\n<li><a href=\"https:\/\/www.petzl.com\/sfc\/servlet.shepherd\/version\/download\/068w0000001O5CHAA0\" target=\"_blank\" rel=\"noopener\">Bedienungsanleitung<\/a><\/li>\n<\/ul>\n<h3>Immer ger\u00fcstet!<\/h3>\n<p>Mit dem Petzl Marteau Hammerkopf auf einem eurer Eisger\u00e4te seid ihr immer ger\u00fcstet. D.h. ihr k\u00f6nnt wenn n\u00f6tig leicht einen Felshaken einschlagen.<\/p>\n<p>Weiters tut man sich beim Abschlagen von Eisplatten oder Felsschuppen auch um einiges leichter.<\/p>\n<figure id=\"attachment_12812\" aria-describedby=\"caption-attachment-12812\" style=\"width: 400px\" class=\"wp-caption alignnone\"><a href=\"https:\/\/bolting.eu\/wp-content\/uploads\/2022\/08\/Petzl-Sum-Tec-Eispickel-1.jpg\"><img loading=\"lazy\" decoding=\"async\" class=\"wp-image-12812 size-medium\" src=\"https:\/\/bolting.eu\/wp-content\/uploads\/2022\/08\/Petzl-Sum-Tec-Eispickel-1-400x400.jpg\" alt=\"Das Bild zeigt den silbernen Petzl Sum\u00b4Tec Eispickel mit schwarzer HAue und einer Fingerauflage am Schaft. Die Haue steht nach rechts.\" width=\"400\" height=\"400\" srcset=\"https:\/\/bolting.eu\/wp-content\/uploads\/2022\/08\/Petzl-Sum-Tec-Eispickel-1-400x400.jpg 400w, https:\/\/bolting.eu\/wp-content\/uploads\/2022\/08\/Petzl-Sum-Tec-Eispickel-1-247x247.jpg 247w, https:\/\/bolting.eu\/wp-content\/uploads\/2022\/08\/Petzl-Sum-Tec-Eispickel-1-100x100.jpg 100w, https:\/\/bolting.eu\/wp-content\/uploads\/2022\/08\/Petzl-Sum-Tec-Eispickel-1-510x510.jpg 510w, https:\/\/bolting.eu\/wp-content\/uploads\/2022\/08\/Petzl-Sum-Tec-Eispickel-1-280x280.jpg 280w, https:\/\/bolting.eu\/wp-content\/uploads\/2022\/08\/Petzl-Sum-Tec-Eispickel-1-300x300.jpg 300w, https:\/\/bolting.eu\/wp-content\/uploads\/2022\/08\/Petzl-Sum-Tec-Eispickel-1-600x600.jpg 600w, https:\/\/bolting.eu\/wp-content\/uploads\/2022\/08\/Petzl-Sum-Tec-Eispickel-1.jpg 700w\" sizes=\"auto, (max-width: 400px) 100vw, 400px\" \/><\/a><figcaption id=\"caption-attachment-12812\" class=\"wp-caption-text\">Hier k\u00f6nnt ihr sehen, wie der Hammerkopf am Sum\u00b4Tec aussieht.<\/figcaption><\/figure>\n","protected":false},"excerpt":{"rendered":"<p>Hammeraufsatz f\u00fcr Petzl Eisger\u00e4te mit modularem &#8220;Alpen Adapt&#8221; System wie Quark, Sum\u00b4Tec, Nomic und Ergonomic.<\/p>\n<p>Erleichtert das Einschlagen von Felshaken. Kann dem Eisger\u00e4t auch mehr Masse geben.<\/p>\n<p>Versandkostenfrei bis 2kg in <img decoding=\"async\" class=\"emoji\" role=\"img\" draggable=\"false\" src=\"https:\/\/s.w.org\/images\/core\/emoji\/13.1.0\/svg\/1f1e6-1f1f9.svg\" alt=\"\ud83c\udde6\ud83c\uddf9\" \/> ab \u20ac 100,- und <img decoding=\"async\" class=\"emoji\" role=\"img\" draggable=\"false\" src=\"https:\/\/s.w.org\/images\/core\/emoji\/13.1.0\/svg\/1f1e9-1f1ea.svg\" alt=\"\ud83c\udde9\ud83c\uddea\" \/> ab \u20ac 200,-!<\/p>\n","protected":false},"featured_media":12827,"comment_status":"closed","ping_status":"closed","template":"","meta":[],"product_brand":[],"product_cat":[14093,14358,13938],"product_tag":[],"class_list":{"0":"post-12825","1":"product","2":"type-product","3":"status-publish","4":"has-post-thumbnail","6":"product_cat-petzl","7":"product_cat-zubehoer-eispickel-eisgeraete","8":"product_cat-bergsteiger-ausruestung","10":"first","11":"instock","12":"taxable","13":"shipping-taxable","14":"purchasable","15":"product-type-simple"},"yoast_head":"<!-- This site is optimized with the Yoast SEO Premium plugin v26.9 (Yoast SEO v26.9) - https:\/\/yoast.com\/product\/yoast-seo-premium-wordpress\/ -->\n<title>Petzl Marteau Hammerkopf - f\u00fcr Alpen Adapt System | bolting.eu<\/title>\n<meta name=\"description\" content=\"Hier findest Du den PETZL MARTEAU Hammerkopf f\u00fcr alle Petzl Eisger\u00e4te mit dem &quot;Alpen Adapt&quot; System wie z.B. Quark und Nomic.\" \/>\n<meta name=\"robots\" content=\"index, follow, max-snippet:-1, max-image-preview:large, max-video-preview:-1\" \/>\n<link rel=\"canonical\" href=\"https:\/\/bolting.eu\/en\/shop\/petzl-marteau-hammerkopf\/\" \/>\n<meta property=\"og:locale\" content=\"en_US\" \/>\n<meta property=\"og:type\" content=\"article\" \/>\n<meta property=\"og:title\" content=\"Petzl Marteau Hammerkopf\" \/>\n<meta property=\"og:description\" content=\"Hier findest Du den PETZL MARTEAU Hammerkopf f\u00fcr alle Petzl Eisger\u00e4te mit dem &quot;Alpen Adapt&quot; System wie z.B. Quark und Nomic.\" \/>\n<meta property=\"og:url\" content=\"https:\/\/bolting.eu\/en\/shop\/petzl-marteau-hammerkopf\/\" \/>\n<meta property=\"og:site_name\" content=\"bolting.eu\" \/>\n<meta property=\"article:publisher\" content=\"https:\/\/www.facebook.com\/bolting.eu\" \/>\n<meta property=\"article:modified_time\" content=\"2025-12-31T19:07:05+00:00\" \/>\n<meta property=\"og:image\" content=\"https:\/\/bolting.eu\/wp-content\/uploads\/2022\/08\/Petzl-Marteau-1.jpg\" \/>\n\t<meta property=\"og:image:width\" content=\"700\" \/>\n\t<meta property=\"og:image:height\" content=\"700\" \/>\n\t<meta property=\"og:image:type\" content=\"image\/jpeg\" \/>\n<meta name=\"twitter:card\" content=\"summary_large_image\" \/>\n<meta name=\"twitter:label1\" content=\"Price\" \/>\n\t<meta name=\"twitter:data1\" content=\"&euro;&nbsp;35,00\" \/>\n\t<meta name=\"twitter:label2\" content=\"Availability\" \/>\n\t<meta name=\"twitter:data2\" content=\"In stock\" \/>\n<script type=\"application\/ld+json\" class=\"yoast-schema-graph\">{\"@context\":\"https:\/\/schema.org\",\"@graph\":[{\"@type\":[\"WebPage\",\"ItemPage\"],\"@id\":\"https:\/\/bolting.eu\/en\/shop\/petzl-marteau-hammerkopf\/\",\"url\":\"https:\/\/bolting.eu\/en\/shop\/petzl-marteau-hammerkopf\/\",\"name\":\"Petzl Marteau Hammerkopf - f\u00fcr Alpen Adapt System | bolting.eu\",\"isPartOf\":{\"@id\":\"https:\/\/bolting.eu\/en\/#website\"},\"primaryImageOfPage\":{\"@id\":\"https:\/\/bolting.eu\/en\/shop\/petzl-marteau-hammerkopf\/#primaryimage\"},\"image\":{\"@id\":\"https:\/\/bolting.eu\/en\/shop\/petzl-marteau-hammerkopf\/#primaryimage\"},\"thumbnailUrl\":\"https:\/\/bolting.eu\/wp-content\/uploads\/2022\/08\/Petzl-Marteau-1.jpg\",\"datePublished\":\"2022-08-15T15:43:36+00:00\",\"dateModified\":\"2025-12-31T19:07:05+00:00\",\"description\":\"Hier findest Du den PETZL MARTEAU Hammerkopf f\u00fcr alle Petzl Eisger\u00e4te mit dem \\\"Alpen Adapt\\\" System wie z.B. Quark und Nomic.\",\"breadcrumb\":{\"@id\":\"https:\/\/bolting.eu\/en\/shop\/petzl-marteau-hammerkopf\/#breadcrumb\"},\"inLanguage\":\"en-US\",\"potentialAction\":[{\"@type\":\"ReadAction\",\"target\":[\"https:\/\/bolting.eu\/en\/shop\/petzl-marteau-hammerkopf\/\"]}]},{\"@type\":\"ImageObject\",\"inLanguage\":\"en-US\",\"@id\":\"https:\/\/bolting.eu\/en\/shop\/petzl-marteau-hammerkopf\/#primaryimage\",\"url\":\"https:\/\/bolting.eu\/wp-content\/uploads\/2022\/08\/Petzl-Marteau-1.jpg\",\"contentUrl\":\"https:\/\/bolting.eu\/wp-content\/uploads\/2022\/08\/Petzl-Marteau-1.jpg\",\"width\":700,\"height\":700,\"caption\":\"Das Bild zeigt den schwarzen Petzl Marteau Hammerkopf f\u00fcr Eisger\u00e4te schr\u00e4g im Bild liegend.\"},{\"@type\":\"BreadcrumbList\",\"@id\":\"https:\/\/bolting.eu\/en\/shop\/petzl-marteau-hammerkopf\/#breadcrumb\",\"itemListElement\":[{\"@type\":\"ListItem\",\"position\":1,\"name\":\"Shop\",\"item\":\"https:\/\/bolting.eu\/en\/shop\/\"},{\"@type\":\"ListItem\",\"position\":2,\"name\":\"Bergsteiger Ausr\u00fcstung\",\"item\":\"https:\/\/bolting.eu\/produkt-kategorie\/bergsteiger-ausruestung\/\"},{\"@type\":\"ListItem\",\"position\":3,\"name\":\"Zubeh\u00f6r Eispickel - Eisger\u00e4te\",\"item\":\"https:\/\/bolting.eu\/produkt-kategorie\/bergsteiger-ausruestung\/zubehoer-eispickel-eisgeraete\/\"},{\"@type\":\"ListItem\",\"position\":4,\"name\":\"Petzl Marteau Hammerkopf\"}]},{\"@type\":\"WebSite\",\"@id\":\"https:\/\/bolting.eu\/en\/#website\",\"url\":\"https:\/\/bolting.eu\/en\/\",\"name\":\"bolting.eu\",\"description\":\"we make climbs happen\",\"publisher\":{\"@id\":\"https:\/\/bolting.eu\/en\/#organization\"},\"potentialAction\":[{\"@type\":\"SearchAction\",\"target\":{\"@type\":\"EntryPoint\",\"urlTemplate\":\"https:\/\/bolting.eu\/en\/?s={search_term_string}\"},\"query-input\":{\"@type\":\"PropertyValueSpecification\",\"valueRequired\":true,\"valueName\":\"search_term_string\"}}],\"inLanguage\":\"en-US\"},{\"@type\":[\"Organization\",\"Place\",\"SportingGoodsStore\"],\"@id\":\"https:\/\/bolting.eu\/en\/#organization\",\"name\":\"bolting.eu\",\"url\":\"https:\/\/bolting.eu\/en\/\",\"logo\":{\"@id\":\"https:\/\/bolting.eu\/en\/shop\/petzl-marteau-hammerkopf\/#local-main-organization-logo\"},\"image\":{\"@id\":\"https:\/\/bolting.eu\/en\/shop\/petzl-marteau-hammerkopf\/#local-main-organization-logo\"},\"sameAs\":[\"https:\/\/www.facebook.com\/bolting.eu\",\"https:\/\/www.instagram.com\/bolting.eu\/\"],\"address\":{\"@id\":\"https:\/\/bolting.eu\/en\/shop\/petzl-marteau-hammerkopf\/#local-main-place-address\"},\"geo\":{\"@type\":\"GeoCoordinates\",\"latitude\":\"47.264176340396226\",\"longitude\":\"11.380109057672346\"},\"telephone\":[\"+43 699 19083372\"],\"openingHoursSpecification\":[{\"@type\":\"OpeningHoursSpecification\",\"dayOfWeek\":[\"Monday\",\"Wednesday\",\"Friday\"],\"opens\":\"14:00\",\"closes\":\"18:00\"},{\"@type\":\"OpeningHoursSpecification\",\"dayOfWeek\":[\"Tuesday\",\"Thursday\",\"Saturday\",\"Sunday\"],\"opens\":\"00:00\",\"closes\":\"00:00\"}],\"email\":\"office@bolting.eu\",\"vatID\":\"ATU59999728\",\"priceRange\":\"$$\",\"currenciesAccepted\":\"Euro\"},{\"@type\":\"PostalAddress\",\"@id\":\"https:\/\/bolting.eu\/en\/shop\/petzl-marteau-hammerkopf\/#local-main-place-address\",\"streetAddress\":\"Fischnalerstra\u00dfe 4\",\"addressLocality\":\"Innsbruck\",\"postalCode\":\"6020\",\"addressRegion\":\"Tirol\",\"addressCountry\":\"AT\"},{\"@type\":\"ImageObject\",\"inLanguage\":\"en-US\",\"@id\":\"https:\/\/bolting.eu\/en\/shop\/petzl-marteau-hammerkopf\/#local-main-organization-logo\",\"url\":\"https:\/\/bolting.eu\/wp-content\/uploads\/2019\/09\/bolting-logo.png\",\"contentUrl\":\"https:\/\/bolting.eu\/wp-content\/uploads\/2019\/09\/bolting-logo.png\",\"width\":400,\"height\":211,\"caption\":\"bolting.eu\"}]}<\/script>\n<meta property=\"product:price:amount\" content=\"35.00\" \/>\n<meta property=\"product:price:currency\" content=\"EUR\" \/>\n<meta property=\"og:availability\" content=\"instock\" \/>\n<meta property=\"product:availability\" content=\"instock\" \/>\n<meta property=\"product:retailer_item_id\" content=\"U19MAR\" \/>\n<meta property=\"product:condition\" content=\"new\" \/>\n<meta name=\"geo.placename\" content=\"Innsbruck\" \/>\n<meta name=\"geo.position\" content=\"47.264176340396226;11.380109057672346\" \/>\n<meta name=\"geo.region\" content=\"Austria\" \/>\n<!-- \/ Yoast SEO Premium plugin. -->","yoast_head_json":{"title":"Petzl Marteau Hammerkopf - f\u00fcr Alpen Adapt System | bolting.eu","description":"Hier findest Du den PETZL MARTEAU Hammerkopf f\u00fcr alle Petzl Eisger\u00e4te mit dem \"Alpen Adapt\" System wie z.B. Quark und Nomic.","robots":{"index":"index","follow":"follow","max-snippet":"max-snippet:-1","max-image-preview":"max-image-preview:large","max-video-preview":"max-video-preview:-1"},"canonical":"https:\/\/bolting.eu\/en\/shop\/petzl-marteau-hammerkopf\/","og_locale":"en_US","og_type":"article","og_title":"Petzl Marteau Hammerkopf","og_description":"Hier findest Du den PETZL MARTEAU Hammerkopf f\u00fcr alle Petzl Eisger\u00e4te mit dem \"Alpen Adapt\" System wie z.B. Quark und Nomic.","og_url":"https:\/\/bolting.eu\/en\/shop\/petzl-marteau-hammerkopf\/","og_site_name":"bolting.eu","article_publisher":"https:\/\/www.facebook.com\/bolting.eu","article_modified_time":"2025-12-31T19:07:05+00:00","og_image":[{"width":700,"height":700,"url":"https:\/\/bolting.eu\/wp-content\/uploads\/2022\/08\/Petzl-Marteau-1.jpg","type":"image\/jpeg"}],"twitter_card":"summary_large_image","twitter_misc":{"Price":"&euro;&nbsp;35,00","Availability":"In stock"},"schema":{"@context":"https:\/\/schema.org","@graph":[{"@type":["WebPage","ItemPage"],"@id":"https:\/\/bolting.eu\/en\/shop\/petzl-marteau-hammerkopf\/","url":"https:\/\/bolting.eu\/en\/shop\/petzl-marteau-hammerkopf\/","name":"Petzl Marteau Hammerkopf - f\u00fcr Alpen Adapt System | bolting.eu","isPartOf":{"@id":"https:\/\/bolting.eu\/en\/#website"},"primaryImageOfPage":{"@id":"https:\/\/bolting.eu\/en\/shop\/petzl-marteau-hammerkopf\/#primaryimage"},"image":{"@id":"https:\/\/bolting.eu\/en\/shop\/petzl-marteau-hammerkopf\/#primaryimage"},"thumbnailUrl":"https:\/\/bolting.eu\/wp-content\/uploads\/2022\/08\/Petzl-Marteau-1.jpg","datePublished":"2022-08-15T15:43:36+00:00","dateModified":"2025-12-31T19:07:05+00:00","description":"Hier findest Du den PETZL MARTEAU Hammerkopf f\u00fcr alle Petzl Eisger\u00e4te mit dem \"Alpen Adapt\" System wie z.B. Quark und Nomic.","breadcrumb":{"@id":"https:\/\/bolting.eu\/en\/shop\/petzl-marteau-hammerkopf\/#breadcrumb"},"inLanguage":"en-US","potentialAction":[{"@type":"ReadAction","target":["https:\/\/bolting.eu\/en\/shop\/petzl-marteau-hammerkopf\/"]}]},{"@type":"ImageObject","inLanguage":"en-US","@id":"https:\/\/bolting.eu\/en\/shop\/petzl-marteau-hammerkopf\/#primaryimage","url":"https:\/\/bolting.eu\/wp-content\/uploads\/2022\/08\/Petzl-Marteau-1.jpg","contentUrl":"https:\/\/bolting.eu\/wp-content\/uploads\/2022\/08\/Petzl-Marteau-1.jpg","width":700,"height":700,"caption":"Das Bild zeigt den schwarzen Petzl Marteau Hammerkopf f\u00fcr Eisger\u00e4te schr\u00e4g im Bild liegend."},{"@type":"BreadcrumbList","@id":"https:\/\/bolting.eu\/en\/shop\/petzl-marteau-hammerkopf\/#breadcrumb","itemListElement":[{"@type":"ListItem","position":1,"name":"Shop","item":"https:\/\/bolting.eu\/en\/shop\/"},{"@type":"ListItem","position":2,"name":"Bergsteiger Ausr\u00fcstung","item":"https:\/\/bolting.eu\/produkt-kategorie\/bergsteiger-ausruestung\/"},{"@type":"ListItem","position":3,"name":"Zubeh\u00f6r Eispickel - Eisger\u00e4te","item":"https:\/\/bolting.eu\/produkt-kategorie\/bergsteiger-ausruestung\/zubehoer-eispickel-eisgeraete\/"},{"@type":"ListItem","position":4,"name":"Petzl Marteau Hammerkopf"}]},{"@type":"WebSite","@id":"https:\/\/bolting.eu\/en\/#website","url":"https:\/\/bolting.eu\/en\/","name":"bolting.eu","description":"we make climbs happen","publisher":{"@id":"https:\/\/bolting.eu\/en\/#organization"},"potentialAction":[{"@type":"SearchAction","target":{"@type":"EntryPoint","urlTemplate":"https:\/\/bolting.eu\/en\/?s={search_term_string}"},"query-input":{"@type":"PropertyValueSpecification","valueRequired":true,"valueName":"search_term_string"}}],"inLanguage":"en-US"},{"@type":["Organization","Place","SportingGoodsStore"],"@id":"https:\/\/bolting.eu\/en\/#organization","name":"bolting.eu","url":"https:\/\/bolting.eu\/en\/","logo":{"@id":"https:\/\/bolting.eu\/en\/shop\/petzl-marteau-hammerkopf\/#local-main-organization-logo"},"image":{"@id":"https:\/\/bolting.eu\/en\/shop\/petzl-marteau-hammerkopf\/#local-main-organization-logo"},"sameAs":["https:\/\/www.facebook.com\/bolting.eu","https:\/\/www.instagram.com\/bolting.eu\/"],"address":{"@id":"https:\/\/bolting.eu\/en\/shop\/petzl-marteau-hammerkopf\/#local-main-place-address"},"geo":{"@type":"GeoCoordinates","latitude":"47.264176340396226","longitude":"11.380109057672346"},"telephone":["+43 699 19083372"],"openingHoursSpecification":[{"@type":"OpeningHoursSpecification","dayOfWeek":["Monday","Wednesday","Friday"],"opens":"14:00","closes":"18:00"},{"@type":"OpeningHoursSpecification","dayOfWeek":["Tuesday","Thursday","Saturday","Sunday"],"opens":"00:00","closes":"00:00"}],"email":"office@bolting.eu","vatID":"ATU59999728","priceRange":"$$","currenciesAccepted":"Euro"},{"@type":"PostalAddress","@id":"https:\/\/bolting.eu\/en\/shop\/petzl-marteau-hammerkopf\/#local-main-place-address","streetAddress":"Fischnalerstra\u00dfe 4","addressLocality":"Innsbruck","postalCode":"6020","addressRegion":"Tirol","addressCountry":"AT"},{"@type":"ImageObject","inLanguage":"en-US","@id":"https:\/\/bolting.eu\/en\/shop\/petzl-marteau-hammerkopf\/#local-main-organization-logo","url":"https:\/\/bolting.eu\/wp-content\/uploads\/2019\/09\/bolting-logo.png","contentUrl":"https:\/\/bolting.eu\/wp-content\/uploads\/2019\/09\/bolting-logo.png","width":400,"height":211,"caption":"bolting.eu"}]},"product_price_amount":"35.00","product_price_currency":"EUR","og_availability":"instock","product_availability":"instock","product_retailer_item_id":"U19MAR","product_condition":"new","geo.placename":"Innsbruck","geo.position":{"lat":"47.264176340396226","long":"11.380109057672346"},"geo.region":"Austria"},"_links":{"self":[{"href":"https:\/\/bolting.eu\/en\/wp-json\/wp\/v2\/product\/12825","targetHints":{"allow":["GET"]}}],"collection":[{"href":"https:\/\/bolting.eu\/en\/wp-json\/wp\/v2\/product"}],"about":[{"href":"https:\/\/bolting.eu\/en\/wp-json\/wp\/v2\/types\/product"}],"replies":[{"embeddable":true,"href":"https:\/\/bolting.eu\/en\/wp-json\/wp\/v2\/comments?post=12825"}],"wp:featuredmedia":[{"embeddable":true,"href":"https:\/\/bolting.eu\/en\/wp-json\/wp\/v2\/media\/12827"}],"wp:attachment":[{"href":"https:\/\/bolting.eu\/en\/wp-json\/wp\/v2\/media?parent=12825"}],"wp:term":[{"taxonomy":"product_brand","embeddable":true,"href":"https:\/\/bolting.eu\/en\/wp-json\/wp\/v2\/product_brand?post=12825"},{"taxonomy":"product_cat","embeddable":true,"href":"https:\/\/bolting.eu\/en\/wp-json\/wp\/v2\/product_cat?post=12825"},{"taxonomy":"product_tag","embeddable":true,"href":"https:\/\/bolting.eu\/en\/wp-json\/wp\/v2\/product_tag?post=12825"}],"curies":[{"name":"wp","href":"https:\/\/api.w.org\/{rel}","templated":true}]}}