{"id":12806,"date":"2022-08-15T15:55:40","date_gmt":"2022-08-15T13:55:40","guid":{"rendered":"https:\/\/bolting.eu\/?post_type=product&#038;p=12806"},"modified":"2026-03-20T16:44:20","modified_gmt":"2026-03-20T15:44:20","slug":"petzl-sumtec","status":"publish","type":"product","link":"https:\/\/bolting.eu\/en\/shop\/petzl-sumtec\/","title":{"rendered":"Petzl Sum\u00b4Tec"},"content":{"rendered":"<p>Der Petzl Sum\u00b4Tec Eispickel ist ein hervorragender Allrounder f\u00fcr klassische Bergtouren und technische Alpinrouten.<\/p>\n<p>Denn der Pickel ist, wie die Top Modelle <a href=\"https:\/\/bolting.eu\/shop\/petzl-nomic-eisgeraet\/\">Nomic<\/a> oder <a href=\"https:\/\/bolting.eu\/shop\/petzl-quark-eisgeraet\/\">Quark<\/a>, mit dem modularen &#8220;Alpen Adapt&#8221; System ausgestattet. D.h. mit verschiedensten Hauen und Aufs\u00e4tzen. Somit kann man dieses Produkt ideal an alle m\u00f6glichen Bedingungen und Terrains anpassen. Von \u00fcberwiegend Eis bis Schnee in steilen Rinnen, von klassischer Hochtour bis Mixed Terrain.<\/p>\n<p>M\u00f6glich wird das einerseits durch das modulare System. Und andererseits durch die gebogene Form. Diese hat einen Knick im oberen Bereich, sowie einen langen &#8220;geraden&#8221; unteren Teil.<\/p>\n<p>Folglich ist dieser Pickel sowohl im steilen Gel\u00e4nde ideal zu verwenden, als auch zum &#8220;Einstecken&#8221; in tiefen Schnee bzw. als Stock.<\/p>\n<p>Kurzum. Wer viele unterschiedliche Terrains und Bedingungen erwartet, ist hier am richtigen Ort!<\/p>\n<h2>Eigenschaften Sum\u00b4Tec<\/h2>\n<ul>\n<li>Hersteller: <a href=\"https:\/\/bolting.eu\/shop\/coeur-stainless-petzl\/\">Petzl<\/a><\/li>\n<li>Material: Schaft Alu, Hauen und Aufsatz Stahl, Fingerauflage Kunststoff<\/li>\n<li>L\u00e4nge: 55cm<\/li>\n<li>Gewicht: immer 470 Gramm<\/li>\n<li>modulares Alpen Adapt System<\/li>\n<li>Haue: Petzl Ice<\/li>\n<li>Aufs\u00e4tze: entweder Schaufel &#8220;Panne&#8221; oder Hammer &#8220;Marteau&#8221;<\/li>\n<li>verschiebbare Fingerauflage &#8220;Trigrest&#8221;<\/li>\n<li>gebogener Schaft<\/li>\n<li>Stahldorn am Schaftende mit \u00d6se f\u00fcr Karabine<\/li>\n<li>kompatibel mit Fangleine <a href=\"https:\/\/bolting.eu\/shop\/petzl-v-link-fangleine\/\">V-Link<\/a><\/li>\n<li><a href=\"https:\/\/www.petzl.com\/sfc\/servlet.shepherd\/version\/download\/068w0000003wuI1AAI\" target=\"_blank\" rel=\"noopener\">Bedinungsanleitung<\/a><\/li>\n<\/ul>\n<h3>Alpen Adapt System<\/h3>\n<p>Die Petzl Sum\u00b4Tec Eispickel sind mit diesem System ausgestattet. Dabei handelt es sich um einen fixen Sockel, der oben am Schaft befestigt ist. Hier k\u00f6nnen dann alle kompatiblen Hauen bzw. Aufs\u00e4tze von Petzl montiert werden.<\/p>\n<p>Die Standardhaue bei diesem Modell ist die spitz zulaufende &#8220;Ice&#8221; Haue f\u00fcr alle Eisarten. Die Standard Aufs\u00e4tze sind die Schaufel &#8220;Panne&#8221; oder der Hammer &#8220;Marteau&#8221;.<\/p>\n<p>Alternativ sind diese weiteren Produkte erh\u00e4ltlich.<\/p>\n<ul>\n<li>Haue \u201ePur`Ice<\/li>\n<li>Haue \u201eDry\u201c<\/li>\n<li>Haue \u201ePur \u00b4Dry\u201c<\/li>\n<li>Hammer \u201eMini Marteau\u201c<\/li>\n<li>Zusatzgewichte \u201eMasselottes\u201c zum Anpassen der Balance und Schwungmasse (Montage an der Haue!)<\/li>\n<\/ul>\n<p>Ihr seht, es gibt unz\u00e4hlige M\u00f6glichkeiten dieses Modell anzupassen!<\/p>\n<h3>Produktvideo<\/h3>\n<p>Im folgenden Video stellen wir euch den Eispickel noch etwas n\u00e4her vor:<\/p>\n<p><iframe loading=\"lazy\" title=\"Mountain Innovations: Petzl Sum&#039;Tec Adze &amp; Hammer\" width=\"1020\" height=\"574\" src=\"https:\/\/www.youtube.com\/embed\/00s7lK8G470?feature=oembed\" frameborder=\"0\" allow=\"accelerometer; autoplay; clipboard-write; encrypted-media; gyroscope; picture-in-picture; web-share\" referrerpolicy=\"strict-origin-when-cross-origin\" allowfullscreen><\/iframe><\/p>\n<h3>Petzl Sum\u00b4Tec = verschiebbare Fingerauflage<\/h3>\n<p>Eines der coolen Features dieses Modells ist die verschiebbare Fingerauflage &#8220;Trigrest&#8221;. Mit einem einfachen Handgriff kann man n\u00e4mlich die Fixierung l\u00f6sen und die Auflage entlang des Schafts beliebig verschieben.<\/p>\n<p>Daraus ergeben sich einige Vorteile.<\/p>\n<ul>\n<li>immer und schnell anpassbar<\/li>\n<li>Fixierung im oberen Bereich f\u00fcr &#8220;Stapfen&#8221; in steilen Rinnen<\/li>\n<li>Auflage ganz unten bei steilem Eis zum Einschlagen<\/li>\n<li>ganz oben wenn man Pickel in den Schnee stecken will<\/li>\n<\/ul>\n<figure id=\"attachment_12809\" aria-describedby=\"caption-attachment-12809\" style=\"width: 400px\" class=\"wp-caption alignnone\"><a href=\"https:\/\/bolting.eu\/wp-content\/uploads\/2022\/08\/Petzl-Sum-Tec-Eispickel-4.jpg\"><img loading=\"lazy\" decoding=\"async\" class=\"wp-image-12809 size-medium\" src=\"https:\/\/bolting.eu\/wp-content\/uploads\/2022\/08\/Petzl-Sum-Tec-Eispickel-4-400x400.jpg\" alt=\"Das Bild zeigt die verstellbare Fingerauflage des Petzl Sum\u00b4Tec Eispickels am Schaftende mit dem Stahldorn.\" width=\"400\" height=\"400\" srcset=\"https:\/\/bolting.eu\/wp-content\/uploads\/2022\/08\/Petzl-Sum-Tec-Eispickel-4-400x400.jpg 400w, https:\/\/bolting.eu\/wp-content\/uploads\/2022\/08\/Petzl-Sum-Tec-Eispickel-4-247x247.jpg 247w, https:\/\/bolting.eu\/wp-content\/uploads\/2022\/08\/Petzl-Sum-Tec-Eispickel-4-100x100.jpg 100w, https:\/\/bolting.eu\/wp-content\/uploads\/2022\/08\/Petzl-Sum-Tec-Eispickel-4-510x510.jpg 510w, https:\/\/bolting.eu\/wp-content\/uploads\/2022\/08\/Petzl-Sum-Tec-Eispickel-4-280x280.jpg 280w, https:\/\/bolting.eu\/wp-content\/uploads\/2022\/08\/Petzl-Sum-Tec-Eispickel-4-300x300.jpg 300w, https:\/\/bolting.eu\/wp-content\/uploads\/2022\/08\/Petzl-Sum-Tec-Eispickel-4-600x600.jpg 600w, https:\/\/bolting.eu\/wp-content\/uploads\/2022\/08\/Petzl-Sum-Tec-Eispickel-4.jpg 700w\" sizes=\"auto, (max-width: 400px) 100vw, 400px\" \/><\/a><figcaption id=\"caption-attachment-12809\" class=\"wp-caption-text\">Die Trigrest Fingerauflage ist super easy verstellbar und kann am gesamten Schaft rauf- und runter geschoben werden.<\/figcaption><\/figure>\n","protected":false},"excerpt":{"rendered":"<p>Technischer Eispickel mit 55cm L\u00e4nge f\u00fcr den modernen Alpinismus und dem modularen &#8220;Alpen Adapt&#8221; System. Kann mit vielen Hauen und Aufs\u00e4tzen kombiniert werden und passt sich so allen Terrains ideal an.<\/p>\n<p>Standard Haue ist die Petzl &#8220;Ice&#8221;, Aufsatz entweder Hammer oder Schaufel.<\/p>\n<p>Versandkostenfrei \u2705 bis 2kg in \ud83c\udde6\ud83c\uddf9 ab \u20ac 100,- und \ud83c\udde9\ud83c\uddea ab \u20ac 200,-!<\/p>\n","protected":false},"featured_media":12812,"comment_status":"closed","ping_status":"closed","template":"","meta":[],"product_brand":[],"product_cat":[11054,13938,14093],"product_tag":[],"class_list":{"0":"post-12806","1":"product","2":"type-product","3":"status-publish","4":"has-post-thumbnail","6":"product_cat-eispickel","7":"product_cat-bergsteiger-ausruestung","8":"product_cat-petzl","10":"first","11":"instock","12":"taxable","13":"shipping-taxable","14":"purchasable","15":"product-type-variable"},"yoast_head":"<!-- This site is optimized with the Yoast SEO Premium plugin v26.9 (Yoast SEO v26.9) - https:\/\/yoast.com\/product\/yoast-seo-premium-wordpress\/ -->\n<title>Petzl Sum\u00b4Tec - Top Allround Eispickel | bolting.eu<\/title>\n<meta name=\"description\" content=\"PETZL SUM\u00b4TEC Eispickel - Top Allround Ger\u00e4t beim Hardwareprofi kaufen. Versandkostenfrei \u2705 bis 2kg in \ud83c\udde6\ud83c\uddf9 ab \u20ac 100,- und \ud83c\udde9\ud83c\uddea ab \u20ac 200,-!\" \/>\n<meta name=\"robots\" content=\"index, follow, max-snippet:-1, max-image-preview:large, max-video-preview:-1\" \/>\n<link rel=\"canonical\" href=\"https:\/\/bolting.eu\/en\/shop\/petzl-sumtec\/\" \/>\n<meta property=\"og:locale\" content=\"en_US\" \/>\n<meta property=\"og:type\" content=\"article\" \/>\n<meta property=\"og:title\" content=\"Petzl Sum\u00b4Tec\" \/>\n<meta property=\"og:description\" content=\"PETZL SUM\u00b4TEC Eispickel - Top Allround Ger\u00e4t beim Hardwareprofi kaufen. Versandkostenfrei \u2705 bis 2kg in \ud83c\udde6\ud83c\uddf9 ab \u20ac 100,- und \ud83c\udde9\ud83c\uddea ab \u20ac 200,-!\" \/>\n<meta property=\"og:url\" content=\"https:\/\/bolting.eu\/en\/shop\/petzl-sumtec\/\" \/>\n<meta property=\"og:site_name\" content=\"bolting.eu\" \/>\n<meta property=\"article:publisher\" content=\"https:\/\/www.facebook.com\/bolting.eu\" \/>\n<meta property=\"article:modified_time\" content=\"2026-03-20T15:44:20+00:00\" \/>\n<meta property=\"og:image\" content=\"https:\/\/bolting.eu\/wp-content\/uploads\/2022\/08\/Petzl-Sum-Tec-Eispickel-1.jpg\" \/>\n\t<meta property=\"og:image:width\" content=\"700\" \/>\n\t<meta property=\"og:image:height\" content=\"700\" \/>\n\t<meta property=\"og:image:type\" content=\"image\/jpeg\" \/>\n<meta name=\"twitter:card\" content=\"summary_large_image\" \/>\n<meta name=\"twitter:label1\" content=\"Availability\" \/>\n\t<meta name=\"twitter:data1\" content=\"In stock\" \/>\n<script type=\"application\/ld+json\" class=\"yoast-schema-graph\">{\"@context\":\"https:\/\/schema.org\",\"@graph\":[{\"@type\":[\"WebPage\",\"ItemPage\"],\"@id\":\"https:\/\/bolting.eu\/en\/shop\/petzl-sumtec\/\",\"url\":\"https:\/\/bolting.eu\/en\/shop\/petzl-sumtec\/\",\"name\":\"Petzl Sum\u00b4Tec - Top Allround Eispickel | bolting.eu\",\"isPartOf\":{\"@id\":\"https:\/\/bolting.eu\/en\/#website\"},\"primaryImageOfPage\":{\"@id\":\"https:\/\/bolting.eu\/en\/shop\/petzl-sumtec\/#primaryimage\"},\"image\":{\"@id\":\"https:\/\/bolting.eu\/en\/shop\/petzl-sumtec\/#primaryimage\"},\"thumbnailUrl\":\"https:\/\/bolting.eu\/wp-content\/uploads\/2022\/08\/Petzl-Sum-Tec-Eispickel-1.jpg\",\"datePublished\":\"2022-08-15T13:55:40+00:00\",\"dateModified\":\"2026-03-20T15:44:20+00:00\",\"description\":\"PETZL SUM\u00b4TEC Eispickel - Top Allround Ger\u00e4t beim Hardwareprofi kaufen. Versandkostenfrei \u2705 bis 2kg in \ud83c\udde6\ud83c\uddf9 ab \u20ac 100,- und \ud83c\udde9\ud83c\uddea ab \u20ac 200,-!\",\"breadcrumb\":{\"@id\":\"https:\/\/bolting.eu\/en\/shop\/petzl-sumtec\/#breadcrumb\"},\"inLanguage\":\"en-US\",\"potentialAction\":[{\"@type\":\"ReadAction\",\"target\":[\"https:\/\/bolting.eu\/en\/shop\/petzl-sumtec\/\"]}]},{\"@type\":\"ImageObject\",\"inLanguage\":\"en-US\",\"@id\":\"https:\/\/bolting.eu\/en\/shop\/petzl-sumtec\/#primaryimage\",\"url\":\"https:\/\/bolting.eu\/wp-content\/uploads\/2022\/08\/Petzl-Sum-Tec-Eispickel-1.jpg\",\"contentUrl\":\"https:\/\/bolting.eu\/wp-content\/uploads\/2022\/08\/Petzl-Sum-Tec-Eispickel-1.jpg\",\"width\":700,\"height\":700,\"caption\":\"Das Bild zeigt den silbernen Petzl Sum\u00b4Tec Eispickel mit schwarzer HAue und einer Fingerauflage am Schaft. Die Haue steht nach rechts.\"},{\"@type\":\"BreadcrumbList\",\"@id\":\"https:\/\/bolting.eu\/en\/shop\/petzl-sumtec\/#breadcrumb\",\"itemListElement\":[{\"@type\":\"ListItem\",\"position\":1,\"name\":\"Shop\",\"item\":\"https:\/\/bolting.eu\/en\/shop\/\"},{\"@type\":\"ListItem\",\"position\":2,\"name\":\"Bergsteiger Ausr\u00fcstung\",\"item\":\"https:\/\/bolting.eu\/produkt-kategorie\/bergsteiger-ausruestung\/\"},{\"@type\":\"ListItem\",\"position\":3,\"name\":\"Eispickel\",\"item\":\"https:\/\/bolting.eu\/produkt-kategorie\/bergsteiger-ausruestung\/eispickel\/\"},{\"@type\":\"ListItem\",\"position\":4,\"name\":\"Petzl Sum\u00b4Tec\"}]},{\"@type\":\"WebSite\",\"@id\":\"https:\/\/bolting.eu\/en\/#website\",\"url\":\"https:\/\/bolting.eu\/en\/\",\"name\":\"bolting.eu\",\"description\":\"we make climbs happen\",\"publisher\":{\"@id\":\"https:\/\/bolting.eu\/en\/#organization\"},\"potentialAction\":[{\"@type\":\"SearchAction\",\"target\":{\"@type\":\"EntryPoint\",\"urlTemplate\":\"https:\/\/bolting.eu\/en\/?s={search_term_string}\"},\"query-input\":{\"@type\":\"PropertyValueSpecification\",\"valueRequired\":true,\"valueName\":\"search_term_string\"}}],\"inLanguage\":\"en-US\"},{\"@type\":[\"Organization\",\"Place\",\"SportingGoodsStore\"],\"@id\":\"https:\/\/bolting.eu\/en\/#organization\",\"name\":\"bolting.eu\",\"url\":\"https:\/\/bolting.eu\/en\/\",\"logo\":{\"@id\":\"https:\/\/bolting.eu\/en\/shop\/petzl-sumtec\/#local-main-organization-logo\"},\"image\":{\"@id\":\"https:\/\/bolting.eu\/en\/shop\/petzl-sumtec\/#local-main-organization-logo\"},\"sameAs\":[\"https:\/\/www.facebook.com\/bolting.eu\",\"https:\/\/www.instagram.com\/bolting.eu\/\"],\"address\":{\"@id\":\"https:\/\/bolting.eu\/en\/shop\/petzl-sumtec\/#local-main-place-address\"},\"geo\":{\"@type\":\"GeoCoordinates\",\"latitude\":\"47.264176340396226\",\"longitude\":\"11.380109057672346\"},\"telephone\":[\"+43 699 19083372\"],\"openingHoursSpecification\":[{\"@type\":\"OpeningHoursSpecification\",\"dayOfWeek\":[\"Monday\",\"Wednesday\",\"Friday\"],\"opens\":\"14:00\",\"closes\":\"18:00\"},{\"@type\":\"OpeningHoursSpecification\",\"dayOfWeek\":[\"Tuesday\",\"Thursday\",\"Saturday\",\"Sunday\"],\"opens\":\"00:00\",\"closes\":\"00:00\"}],\"email\":\"office@bolting.eu\",\"vatID\":\"ATU59999728\",\"priceRange\":\"$$\",\"currenciesAccepted\":\"Euro\"},{\"@type\":\"PostalAddress\",\"@id\":\"https:\/\/bolting.eu\/en\/shop\/petzl-sumtec\/#local-main-place-address\",\"streetAddress\":\"Fischnalerstra\u00dfe 4\",\"addressLocality\":\"Innsbruck\",\"postalCode\":\"6020\",\"addressRegion\":\"Tirol\",\"addressCountry\":\"AT\"},{\"@type\":\"ImageObject\",\"inLanguage\":\"en-US\",\"@id\":\"https:\/\/bolting.eu\/en\/shop\/petzl-sumtec\/#local-main-organization-logo\",\"url\":\"https:\/\/bolting.eu\/wp-content\/uploads\/2019\/09\/bolting-logo.png\",\"contentUrl\":\"https:\/\/bolting.eu\/wp-content\/uploads\/2019\/09\/bolting-logo.png\",\"width\":400,\"height\":211,\"caption\":\"bolting.eu\"}]}<\/script>\n<meta property=\"og:video\" content=\"https:\/\/www.youtube.com\/embed\/00s7lK8G470\" \/>\n<meta property=\"og:video:type\" content=\"text\/html\" \/>\n<meta property=\"og:video:duration\" content=\"60\" \/>\n<meta property=\"og:video:width\" content=\"480\" \/>\n<meta property=\"og:video:height\" content=\"270\" \/>\n<meta property=\"ya:ovs:adult\" content=\"false\" \/>\n<meta property=\"ya:ovs:upload_date\" content=\"2022-08-15T13:55:40+00:00\" \/>\n<meta property=\"ya:ovs:allow_embed\" content=\"true\" \/>\n<meta property=\"og:availability\" content=\"instock\" \/>\n<meta property=\"product:availability\" content=\"instock\" \/>\n<meta property=\"product:condition\" content=\"new\" \/>\n<meta name=\"geo.placename\" content=\"Innsbruck\" \/>\n<meta name=\"geo.position\" content=\"47.264176340396226;11.380109057672346\" \/>\n<meta name=\"geo.region\" content=\"Austria\" \/>\n<!-- \/ Yoast SEO Premium plugin. -->","yoast_head_json":{"title":"Petzl Sum\u00b4Tec - Top Allround Eispickel | bolting.eu","description":"PETZL SUM\u00b4TEC Eispickel - Top Allround Ger\u00e4t beim Hardwareprofi kaufen. Versandkostenfrei \u2705 bis 2kg in \ud83c\udde6\ud83c\uddf9 ab \u20ac 100,- und \ud83c\udde9\ud83c\uddea ab \u20ac 200,-!","robots":{"index":"index","follow":"follow","max-snippet":"max-snippet:-1","max-image-preview":"max-image-preview:large","max-video-preview":"max-video-preview:-1"},"canonical":"https:\/\/bolting.eu\/en\/shop\/petzl-sumtec\/","og_locale":"en_US","og_type":"article","og_title":"Petzl Sum\u00b4Tec","og_description":"PETZL SUM\u00b4TEC Eispickel - Top Allround Ger\u00e4t beim Hardwareprofi kaufen. Versandkostenfrei \u2705 bis 2kg in \ud83c\udde6\ud83c\uddf9 ab \u20ac 100,- und \ud83c\udde9\ud83c\uddea ab \u20ac 200,-!","og_url":"https:\/\/bolting.eu\/en\/shop\/petzl-sumtec\/","og_site_name":"bolting.eu","article_publisher":"https:\/\/www.facebook.com\/bolting.eu","article_modified_time":"2026-03-20T15:44:20+00:00","og_image":[{"width":700,"height":700,"url":"https:\/\/bolting.eu\/wp-content\/uploads\/2022\/08\/Petzl-Sum-Tec-Eispickel-1.jpg","type":"image\/jpeg"}],"twitter_card":"summary_large_image","twitter_misc":{"Availability":"In stock"},"schema":{"@context":"https:\/\/schema.org","@graph":[{"@type":["WebPage","ItemPage"],"@id":"https:\/\/bolting.eu\/en\/shop\/petzl-sumtec\/","url":"https:\/\/bolting.eu\/en\/shop\/petzl-sumtec\/","name":"Petzl Sum\u00b4Tec - Top Allround Eispickel | bolting.eu","isPartOf":{"@id":"https:\/\/bolting.eu\/en\/#website"},"primaryImageOfPage":{"@id":"https:\/\/bolting.eu\/en\/shop\/petzl-sumtec\/#primaryimage"},"image":{"@id":"https:\/\/bolting.eu\/en\/shop\/petzl-sumtec\/#primaryimage"},"thumbnailUrl":"https:\/\/bolting.eu\/wp-content\/uploads\/2022\/08\/Petzl-Sum-Tec-Eispickel-1.jpg","datePublished":"2022-08-15T13:55:40+00:00","dateModified":"2026-03-20T15:44:20+00:00","description":"PETZL SUM\u00b4TEC Eispickel - Top Allround Ger\u00e4t beim Hardwareprofi kaufen. Versandkostenfrei \u2705 bis 2kg in \ud83c\udde6\ud83c\uddf9 ab \u20ac 100,- und \ud83c\udde9\ud83c\uddea ab \u20ac 200,-!","breadcrumb":{"@id":"https:\/\/bolting.eu\/en\/shop\/petzl-sumtec\/#breadcrumb"},"inLanguage":"en-US","potentialAction":[{"@type":"ReadAction","target":["https:\/\/bolting.eu\/en\/shop\/petzl-sumtec\/"]}]},{"@type":"ImageObject","inLanguage":"en-US","@id":"https:\/\/bolting.eu\/en\/shop\/petzl-sumtec\/#primaryimage","url":"https:\/\/bolting.eu\/wp-content\/uploads\/2022\/08\/Petzl-Sum-Tec-Eispickel-1.jpg","contentUrl":"https:\/\/bolting.eu\/wp-content\/uploads\/2022\/08\/Petzl-Sum-Tec-Eispickel-1.jpg","width":700,"height":700,"caption":"Das Bild zeigt den silbernen Petzl Sum\u00b4Tec Eispickel mit schwarzer HAue und einer Fingerauflage am Schaft. Die Haue steht nach rechts."},{"@type":"BreadcrumbList","@id":"https:\/\/bolting.eu\/en\/shop\/petzl-sumtec\/#breadcrumb","itemListElement":[{"@type":"ListItem","position":1,"name":"Shop","item":"https:\/\/bolting.eu\/en\/shop\/"},{"@type":"ListItem","position":2,"name":"Bergsteiger Ausr\u00fcstung","item":"https:\/\/bolting.eu\/produkt-kategorie\/bergsteiger-ausruestung\/"},{"@type":"ListItem","position":3,"name":"Eispickel","item":"https:\/\/bolting.eu\/produkt-kategorie\/bergsteiger-ausruestung\/eispickel\/"},{"@type":"ListItem","position":4,"name":"Petzl Sum\u00b4Tec"}]},{"@type":"WebSite","@id":"https:\/\/bolting.eu\/en\/#website","url":"https:\/\/bolting.eu\/en\/","name":"bolting.eu","description":"we make climbs happen","publisher":{"@id":"https:\/\/bolting.eu\/en\/#organization"},"potentialAction":[{"@type":"SearchAction","target":{"@type":"EntryPoint","urlTemplate":"https:\/\/bolting.eu\/en\/?s={search_term_string}"},"query-input":{"@type":"PropertyValueSpecification","valueRequired":true,"valueName":"search_term_string"}}],"inLanguage":"en-US"},{"@type":["Organization","Place","SportingGoodsStore"],"@id":"https:\/\/bolting.eu\/en\/#organization","name":"bolting.eu","url":"https:\/\/bolting.eu\/en\/","logo":{"@id":"https:\/\/bolting.eu\/en\/shop\/petzl-sumtec\/#local-main-organization-logo"},"image":{"@id":"https:\/\/bolting.eu\/en\/shop\/petzl-sumtec\/#local-main-organization-logo"},"sameAs":["https:\/\/www.facebook.com\/bolting.eu","https:\/\/www.instagram.com\/bolting.eu\/"],"address":{"@id":"https:\/\/bolting.eu\/en\/shop\/petzl-sumtec\/#local-main-place-address"},"geo":{"@type":"GeoCoordinates","latitude":"47.264176340396226","longitude":"11.380109057672346"},"telephone":["+43 699 19083372"],"openingHoursSpecification":[{"@type":"OpeningHoursSpecification","dayOfWeek":["Monday","Wednesday","Friday"],"opens":"14:00","closes":"18:00"},{"@type":"OpeningHoursSpecification","dayOfWeek":["Tuesday","Thursday","Saturday","Sunday"],"opens":"00:00","closes":"00:00"}],"email":"office@bolting.eu","vatID":"ATU59999728","priceRange":"$$","currenciesAccepted":"Euro"},{"@type":"PostalAddress","@id":"https:\/\/bolting.eu\/en\/shop\/petzl-sumtec\/#local-main-place-address","streetAddress":"Fischnalerstra\u00dfe 4","addressLocality":"Innsbruck","postalCode":"6020","addressRegion":"Tirol","addressCountry":"AT"},{"@type":"ImageObject","inLanguage":"en-US","@id":"https:\/\/bolting.eu\/en\/shop\/petzl-sumtec\/#local-main-organization-logo","url":"https:\/\/bolting.eu\/wp-content\/uploads\/2019\/09\/bolting-logo.png","contentUrl":"https:\/\/bolting.eu\/wp-content\/uploads\/2019\/09\/bolting-logo.png","width":400,"height":211,"caption":"bolting.eu"}]},"og_video":"https:\/\/www.youtube.com\/embed\/00s7lK8G470","og_video_type":"text\/html","og_video_duration":"60","og_video_width":"480","og_video_height":"270","ya_ovs_adult":"false","ya_ovs_upload_date":"2022-08-15T13:55:40+00:00","ya_ovs_allow_embed":"true","og_availability":"instock","product_availability":"instock","product_condition":"new","geo.placename":"Innsbruck","geo.position":{"lat":"47.264176340396226","long":"11.380109057672346"},"geo.region":"Austria"},"_links":{"self":[{"href":"https:\/\/bolting.eu\/en\/wp-json\/wp\/v2\/product\/12806","targetHints":{"allow":["GET"]}}],"collection":[{"href":"https:\/\/bolting.eu\/en\/wp-json\/wp\/v2\/product"}],"about":[{"href":"https:\/\/bolting.eu\/en\/wp-json\/wp\/v2\/types\/product"}],"replies":[{"embeddable":true,"href":"https:\/\/bolting.eu\/en\/wp-json\/wp\/v2\/comments?post=12806"}],"wp:featuredmedia":[{"embeddable":true,"href":"https:\/\/bolting.eu\/en\/wp-json\/wp\/v2\/media\/12812"}],"wp:attachment":[{"href":"https:\/\/bolting.eu\/en\/wp-json\/wp\/v2\/media?parent=12806"}],"wp:term":[{"taxonomy":"product_brand","embeddable":true,"href":"https:\/\/bolting.eu\/en\/wp-json\/wp\/v2\/product_brand?post=12806"},{"taxonomy":"product_cat","embeddable":true,"href":"https:\/\/bolting.eu\/en\/wp-json\/wp\/v2\/product_cat?post=12806"},{"taxonomy":"product_tag","embeddable":true,"href":"https:\/\/bolting.eu\/en\/wp-json\/wp\/v2\/product_tag?post=12806"}],"curies":[{"name":"wp","href":"https:\/\/api.w.org\/{rel}","templated":true}]}}