{"id":12755,"date":"2022-08-11T09:53:10","date_gmt":"2022-08-11T07:53:10","guid":{"rendered":"https:\/\/bolting.eu\/?post_type=product&#038;p=12755"},"modified":"2026-02-13T18:49:31","modified_gmt":"2026-02-13T17:49:31","slug":"petzl-griptape","status":"publish","type":"product","link":"https:\/\/bolting.eu\/en\/shop\/petzl-griptape\/","title":{"rendered":"Petzl Griptape"},"content":{"rendered":"<p>Das Petzl Griptape ist ein leicht elastisches Klebeband, welches aus einem d\u00fcnnen Gummimaterial besteht. Es ist einerseits ideal, um die &#8220;Griffigkeit&#8221; von Sch\u00e4ften an Eispickeln und <a href=\"https:\/\/bolting.eu\/produkt-kategorie\/bergsteiger-ausruestung\/eisgeraete\/\">Eisger\u00e4ten<\/a> zu verbessern. Und andererseits verbessert es die Isolation. Somit werden die H\u00e4nde nicht so rasch kalt.<\/p>\n<p>Des weiteren kann man es auch f\u00fcr einen besseren Halt der Skitourenst\u00f6cke benutzen.<\/p>\n<p>Das Griffband kann auf jedem beliebigen Modell angebracht werden. Unserer Erfahrung nach h\u00e4lt es am besten direkt auf den Metall Oberfl\u00e4chen der Pickel. Wer das Tape auf bestehende Kunststoffgriffe montiert, muss es fr\u00fcher oder sp\u00e4ter austauschen.<\/p>\n<h2>Eigenschaften Petzl Griptape<\/h2>\n<ul>\n<li>Hersteller: <a href=\"https:\/\/bolting.eu\/frag-den-gerhard\/\">Petzl<\/a><\/li>\n<li>Ma\u00dfe: 1m lang &#8211; 1,9cm breit &#8211; 1mm dick<\/li>\n<li>Material: vulkanisierter Gummi &#8211; leicht dehnbar<\/li>\n<li>Innenseite mit selbstklebender Oberfl\u00e4che<\/li>\n<li>verbessert Grip an Pickeln und Eisger\u00e4ten<\/li>\n<li>bietet leichte Isolierung<\/li>\n<\/ul>\n<h4><strong><span style=\"font-size: 120%;\">Eiskletter Gebiet Tipp<\/span><\/strong><\/h4>\n<p>Am besten probiert ihr eure frisch aufm\u00f6blierten Eisger\u00e4te gleich mal bei einem Trip zum <a href=\"https:\/\/maltatal.rocks\/eisklettern-maltatal\/\" target=\"_blank\" rel=\"noopener\">Eisklettern im Maltatal<\/a> aus.<\/p>\n<p>Dort warten dutzende lohnende Eislinien von WI 3 bis WI 7 auf euch!<\/p>\n","protected":false},"excerpt":{"rendered":"<p>1mm dickes, leicht dehnbares Klebeband aus vulkanisiertem Gummi. Verbessert den Grip an den Sch\u00e4ften von Pickeln, Eisger\u00e4ten oder Skitourenst\u00f6cken.<\/p>\n<p>1m lang und 1,9cm breit.<\/p>\n","protected":false},"featured_media":12757,"comment_status":"closed","ping_status":"closed","template":"","meta":[],"product_brand":[],"product_cat":[14093,14358,13938],"product_tag":[],"class_list":{"0":"post-12755","1":"product","2":"type-product","3":"status-publish","4":"has-post-thumbnail","6":"product_cat-petzl","7":"product_cat-zubehoer-eispickel-eisgeraete","8":"product_cat-bergsteiger-ausruestung","10":"first","11":"instock","12":"sale","13":"taxable","14":"shipping-taxable","15":"purchasable","16":"product-type-simple"},"yoast_head":"<!-- This site is optimized with the Yoast SEO Premium plugin v26.9 (Yoast SEO v26.9) - https:\/\/yoast.com\/product\/yoast-seo-premium-wordpress\/ -->\n<title>Petzl Griptape - zum tunen von Eisger\u00e4ten und Pickeln | bolting.eu<\/title>\n<meta name=\"description\" content=\"Hier findest Du das PETZL GRIPTAPE. Ein 1mm dickes Klebeband aus vulkanisierten Gummi mit 1m L\u00e4nge. Verbessert den Grip und isoliert!\" \/>\n<meta name=\"robots\" content=\"index, follow, max-snippet:-1, max-image-preview:large, max-video-preview:-1\" \/>\n<link rel=\"canonical\" href=\"https:\/\/bolting.eu\/en\/shop\/petzl-griptape\/\" \/>\n<meta property=\"og:locale\" content=\"en_US\" \/>\n<meta property=\"og:type\" content=\"article\" \/>\n<meta property=\"og:title\" content=\"Petzl Griptape\" \/>\n<meta property=\"og:description\" content=\"Hier findest Du das PETZL GRIPTAPE. Ein 1mm dickes Klebeband aus vulkanisierten Gummi mit 1m L\u00e4nge. Verbessert den Grip und isoliert!\" \/>\n<meta property=\"og:url\" content=\"https:\/\/bolting.eu\/en\/shop\/petzl-griptape\/\" \/>\n<meta property=\"og:site_name\" content=\"bolting.eu\" \/>\n<meta property=\"article:publisher\" content=\"https:\/\/www.facebook.com\/bolting.eu\" \/>\n<meta property=\"article:modified_time\" content=\"2026-02-13T17:49:31+00:00\" \/>\n<meta property=\"og:image\" content=\"https:\/\/bolting.eu\/wp-content\/uploads\/2022\/08\/Petzl-Griptape-1.jpg\" \/>\n\t<meta property=\"og:image:width\" content=\"700\" \/>\n\t<meta property=\"og:image:height\" content=\"700\" \/>\n\t<meta property=\"og:image:type\" content=\"image\/jpeg\" \/>\n<meta name=\"twitter:card\" content=\"summary_large_image\" \/>\n<meta name=\"twitter:label1\" content=\"Price\" \/>\n\t<meta name=\"twitter:data1\" content=\"&euro;&nbsp;10,50\" \/>\n\t<meta name=\"twitter:label2\" content=\"Availability\" \/>\n\t<meta name=\"twitter:data2\" content=\"In stock\" \/>\n<script type=\"application\/ld+json\" class=\"yoast-schema-graph\">{\"@context\":\"https:\/\/schema.org\",\"@graph\":[{\"@type\":[\"WebPage\",\"ItemPage\"],\"@id\":\"https:\/\/bolting.eu\/en\/shop\/petzl-griptape\/\",\"url\":\"https:\/\/bolting.eu\/en\/shop\/petzl-griptape\/\",\"name\":\"Petzl Griptape - zum tunen von Eisger\u00e4ten und Pickeln | bolting.eu\",\"isPartOf\":{\"@id\":\"https:\/\/bolting.eu\/en\/#website\"},\"primaryImageOfPage\":{\"@id\":\"https:\/\/bolting.eu\/en\/shop\/petzl-griptape\/#primaryimage\"},\"image\":{\"@id\":\"https:\/\/bolting.eu\/en\/shop\/petzl-griptape\/#primaryimage\"},\"thumbnailUrl\":\"https:\/\/bolting.eu\/wp-content\/uploads\/2022\/08\/Petzl-Griptape-1.jpg\",\"datePublished\":\"2022-08-11T07:53:10+00:00\",\"dateModified\":\"2026-02-13T17:49:31+00:00\",\"description\":\"Hier findest Du das PETZL GRIPTAPE. Ein 1mm dickes Klebeband aus vulkanisierten Gummi mit 1m L\u00e4nge. Verbessert den Grip und isoliert!\",\"breadcrumb\":{\"@id\":\"https:\/\/bolting.eu\/en\/shop\/petzl-griptape\/#breadcrumb\"},\"inLanguage\":\"en-US\",\"potentialAction\":[{\"@type\":\"ReadAction\",\"target\":[\"https:\/\/bolting.eu\/en\/shop\/petzl-griptape\/\"]}]},{\"@type\":\"ImageObject\",\"inLanguage\":\"en-US\",\"@id\":\"https:\/\/bolting.eu\/en\/shop\/petzl-griptape\/#primaryimage\",\"url\":\"https:\/\/bolting.eu\/wp-content\/uploads\/2022\/08\/Petzl-Griptape-1.jpg\",\"contentUrl\":\"https:\/\/bolting.eu\/wp-content\/uploads\/2022\/08\/Petzl-Griptape-1.jpg\",\"width\":700,\"height\":700,\"caption\":\"Das Bild zeigt eine Rolle Petzl Grifftape mit wei\u00dfem Schutzband und schwarzen Gummi in einem wei\u00dfen Quadrat.\"},{\"@type\":\"BreadcrumbList\",\"@id\":\"https:\/\/bolting.eu\/en\/shop\/petzl-griptape\/#breadcrumb\",\"itemListElement\":[{\"@type\":\"ListItem\",\"position\":1,\"name\":\"Shop\",\"item\":\"https:\/\/bolting.eu\/en\/shop\/\"},{\"@type\":\"ListItem\",\"position\":2,\"name\":\"Bergsteiger Ausr\u00fcstung\",\"item\":\"https:\/\/bolting.eu\/produkt-kategorie\/bergsteiger-ausruestung\/\"},{\"@type\":\"ListItem\",\"position\":3,\"name\":\"Zubeh\u00f6r Eispickel - Eisger\u00e4te\",\"item\":\"https:\/\/bolting.eu\/produkt-kategorie\/bergsteiger-ausruestung\/zubehoer-eispickel-eisgeraete\/\"},{\"@type\":\"ListItem\",\"position\":4,\"name\":\"Petzl Griptape\"}]},{\"@type\":\"WebSite\",\"@id\":\"https:\/\/bolting.eu\/en\/#website\",\"url\":\"https:\/\/bolting.eu\/en\/\",\"name\":\"bolting.eu\",\"description\":\"we make climbs happen\",\"publisher\":{\"@id\":\"https:\/\/bolting.eu\/en\/#organization\"},\"potentialAction\":[{\"@type\":\"SearchAction\",\"target\":{\"@type\":\"EntryPoint\",\"urlTemplate\":\"https:\/\/bolting.eu\/en\/?s={search_term_string}\"},\"query-input\":{\"@type\":\"PropertyValueSpecification\",\"valueRequired\":true,\"valueName\":\"search_term_string\"}}],\"inLanguage\":\"en-US\"},{\"@type\":[\"Organization\",\"Place\",\"SportingGoodsStore\"],\"@id\":\"https:\/\/bolting.eu\/en\/#organization\",\"name\":\"bolting.eu\",\"url\":\"https:\/\/bolting.eu\/en\/\",\"logo\":{\"@id\":\"https:\/\/bolting.eu\/en\/shop\/petzl-griptape\/#local-main-organization-logo\"},\"image\":{\"@id\":\"https:\/\/bolting.eu\/en\/shop\/petzl-griptape\/#local-main-organization-logo\"},\"sameAs\":[\"https:\/\/www.facebook.com\/bolting.eu\",\"https:\/\/www.instagram.com\/bolting.eu\/\"],\"address\":{\"@id\":\"https:\/\/bolting.eu\/en\/shop\/petzl-griptape\/#local-main-place-address\"},\"geo\":{\"@type\":\"GeoCoordinates\",\"latitude\":\"47.264176340396226\",\"longitude\":\"11.380109057672346\"},\"telephone\":[\"+43 699 19083372\"],\"openingHoursSpecification\":[{\"@type\":\"OpeningHoursSpecification\",\"dayOfWeek\":[\"Monday\",\"Wednesday\",\"Friday\"],\"opens\":\"14:00\",\"closes\":\"18:00\"},{\"@type\":\"OpeningHoursSpecification\",\"dayOfWeek\":[\"Tuesday\",\"Thursday\",\"Saturday\",\"Sunday\"],\"opens\":\"00:00\",\"closes\":\"00:00\"}],\"email\":\"office@bolting.eu\",\"vatID\":\"ATU59999728\",\"priceRange\":\"$$\",\"currenciesAccepted\":\"Euro\"},{\"@type\":\"PostalAddress\",\"@id\":\"https:\/\/bolting.eu\/en\/shop\/petzl-griptape\/#local-main-place-address\",\"streetAddress\":\"Fischnalerstra\u00dfe 4\",\"addressLocality\":\"Innsbruck\",\"postalCode\":\"6020\",\"addressRegion\":\"Tirol\",\"addressCountry\":\"AT\"},{\"@type\":\"ImageObject\",\"inLanguage\":\"en-US\",\"@id\":\"https:\/\/bolting.eu\/en\/shop\/petzl-griptape\/#local-main-organization-logo\",\"url\":\"https:\/\/bolting.eu\/wp-content\/uploads\/2019\/09\/bolting-logo.png\",\"contentUrl\":\"https:\/\/bolting.eu\/wp-content\/uploads\/2019\/09\/bolting-logo.png\",\"width\":400,\"height\":211,\"caption\":\"bolting.eu\"}]}<\/script>\n<meta property=\"product:price:amount\" content=\"10.50\" \/>\n<meta property=\"product:price:currency\" content=\"EUR\" \/>\n<meta property=\"og:availability\" content=\"instock\" \/>\n<meta property=\"product:availability\" content=\"instock\" \/>\n<meta property=\"product:retailer_item_id\" content=\"U21700\" \/>\n<meta property=\"product:condition\" content=\"new\" \/>\n<meta name=\"geo.placename\" content=\"Innsbruck\" \/>\n<meta name=\"geo.position\" content=\"47.264176340396226;11.380109057672346\" \/>\n<meta name=\"geo.region\" content=\"Austria\" \/>\n<!-- \/ Yoast SEO Premium plugin. -->","yoast_head_json":{"title":"Petzl Griptape - zum tunen von Eisger\u00e4ten und Pickeln | bolting.eu","description":"Hier findest Du das PETZL GRIPTAPE. Ein 1mm dickes Klebeband aus vulkanisierten Gummi mit 1m L\u00e4nge. Verbessert den Grip und isoliert!","robots":{"index":"index","follow":"follow","max-snippet":"max-snippet:-1","max-image-preview":"max-image-preview:large","max-video-preview":"max-video-preview:-1"},"canonical":"https:\/\/bolting.eu\/en\/shop\/petzl-griptape\/","og_locale":"en_US","og_type":"article","og_title":"Petzl Griptape","og_description":"Hier findest Du das PETZL GRIPTAPE. Ein 1mm dickes Klebeband aus vulkanisierten Gummi mit 1m L\u00e4nge. Verbessert den Grip und isoliert!","og_url":"https:\/\/bolting.eu\/en\/shop\/petzl-griptape\/","og_site_name":"bolting.eu","article_publisher":"https:\/\/www.facebook.com\/bolting.eu","article_modified_time":"2026-02-13T17:49:31+00:00","og_image":[{"width":700,"height":700,"url":"https:\/\/bolting.eu\/wp-content\/uploads\/2022\/08\/Petzl-Griptape-1.jpg","type":"image\/jpeg"}],"twitter_card":"summary_large_image","twitter_misc":{"Price":"&euro;&nbsp;10,50","Availability":"In stock"},"schema":{"@context":"https:\/\/schema.org","@graph":[{"@type":["WebPage","ItemPage"],"@id":"https:\/\/bolting.eu\/en\/shop\/petzl-griptape\/","url":"https:\/\/bolting.eu\/en\/shop\/petzl-griptape\/","name":"Petzl Griptape - zum tunen von Eisger\u00e4ten und Pickeln | bolting.eu","isPartOf":{"@id":"https:\/\/bolting.eu\/en\/#website"},"primaryImageOfPage":{"@id":"https:\/\/bolting.eu\/en\/shop\/petzl-griptape\/#primaryimage"},"image":{"@id":"https:\/\/bolting.eu\/en\/shop\/petzl-griptape\/#primaryimage"},"thumbnailUrl":"https:\/\/bolting.eu\/wp-content\/uploads\/2022\/08\/Petzl-Griptape-1.jpg","datePublished":"2022-08-11T07:53:10+00:00","dateModified":"2026-02-13T17:49:31+00:00","description":"Hier findest Du das PETZL GRIPTAPE. Ein 1mm dickes Klebeband aus vulkanisierten Gummi mit 1m L\u00e4nge. Verbessert den Grip und isoliert!","breadcrumb":{"@id":"https:\/\/bolting.eu\/en\/shop\/petzl-griptape\/#breadcrumb"},"inLanguage":"en-US","potentialAction":[{"@type":"ReadAction","target":["https:\/\/bolting.eu\/en\/shop\/petzl-griptape\/"]}]},{"@type":"ImageObject","inLanguage":"en-US","@id":"https:\/\/bolting.eu\/en\/shop\/petzl-griptape\/#primaryimage","url":"https:\/\/bolting.eu\/wp-content\/uploads\/2022\/08\/Petzl-Griptape-1.jpg","contentUrl":"https:\/\/bolting.eu\/wp-content\/uploads\/2022\/08\/Petzl-Griptape-1.jpg","width":700,"height":700,"caption":"Das Bild zeigt eine Rolle Petzl Grifftape mit wei\u00dfem Schutzband und schwarzen Gummi in einem wei\u00dfen Quadrat."},{"@type":"BreadcrumbList","@id":"https:\/\/bolting.eu\/en\/shop\/petzl-griptape\/#breadcrumb","itemListElement":[{"@type":"ListItem","position":1,"name":"Shop","item":"https:\/\/bolting.eu\/en\/shop\/"},{"@type":"ListItem","position":2,"name":"Bergsteiger Ausr\u00fcstung","item":"https:\/\/bolting.eu\/produkt-kategorie\/bergsteiger-ausruestung\/"},{"@type":"ListItem","position":3,"name":"Zubeh\u00f6r Eispickel - Eisger\u00e4te","item":"https:\/\/bolting.eu\/produkt-kategorie\/bergsteiger-ausruestung\/zubehoer-eispickel-eisgeraete\/"},{"@type":"ListItem","position":4,"name":"Petzl Griptape"}]},{"@type":"WebSite","@id":"https:\/\/bolting.eu\/en\/#website","url":"https:\/\/bolting.eu\/en\/","name":"bolting.eu","description":"we make climbs happen","publisher":{"@id":"https:\/\/bolting.eu\/en\/#organization"},"potentialAction":[{"@type":"SearchAction","target":{"@type":"EntryPoint","urlTemplate":"https:\/\/bolting.eu\/en\/?s={search_term_string}"},"query-input":{"@type":"PropertyValueSpecification","valueRequired":true,"valueName":"search_term_string"}}],"inLanguage":"en-US"},{"@type":["Organization","Place","SportingGoodsStore"],"@id":"https:\/\/bolting.eu\/en\/#organization","name":"bolting.eu","url":"https:\/\/bolting.eu\/en\/","logo":{"@id":"https:\/\/bolting.eu\/en\/shop\/petzl-griptape\/#local-main-organization-logo"},"image":{"@id":"https:\/\/bolting.eu\/en\/shop\/petzl-griptape\/#local-main-organization-logo"},"sameAs":["https:\/\/www.facebook.com\/bolting.eu","https:\/\/www.instagram.com\/bolting.eu\/"],"address":{"@id":"https:\/\/bolting.eu\/en\/shop\/petzl-griptape\/#local-main-place-address"},"geo":{"@type":"GeoCoordinates","latitude":"47.264176340396226","longitude":"11.380109057672346"},"telephone":["+43 699 19083372"],"openingHoursSpecification":[{"@type":"OpeningHoursSpecification","dayOfWeek":["Monday","Wednesday","Friday"],"opens":"14:00","closes":"18:00"},{"@type":"OpeningHoursSpecification","dayOfWeek":["Tuesday","Thursday","Saturday","Sunday"],"opens":"00:00","closes":"00:00"}],"email":"office@bolting.eu","vatID":"ATU59999728","priceRange":"$$","currenciesAccepted":"Euro"},{"@type":"PostalAddress","@id":"https:\/\/bolting.eu\/en\/shop\/petzl-griptape\/#local-main-place-address","streetAddress":"Fischnalerstra\u00dfe 4","addressLocality":"Innsbruck","postalCode":"6020","addressRegion":"Tirol","addressCountry":"AT"},{"@type":"ImageObject","inLanguage":"en-US","@id":"https:\/\/bolting.eu\/en\/shop\/petzl-griptape\/#local-main-organization-logo","url":"https:\/\/bolting.eu\/wp-content\/uploads\/2019\/09\/bolting-logo.png","contentUrl":"https:\/\/bolting.eu\/wp-content\/uploads\/2019\/09\/bolting-logo.png","width":400,"height":211,"caption":"bolting.eu"}]},"product_price_amount":"10.50","product_price_currency":"EUR","og_availability":"instock","product_availability":"instock","product_retailer_item_id":"U21700","product_condition":"new","geo.placename":"Innsbruck","geo.position":{"lat":"47.264176340396226","long":"11.380109057672346"},"geo.region":"Austria"},"_links":{"self":[{"href":"https:\/\/bolting.eu\/en\/wp-json\/wp\/v2\/product\/12755","targetHints":{"allow":["GET"]}}],"collection":[{"href":"https:\/\/bolting.eu\/en\/wp-json\/wp\/v2\/product"}],"about":[{"href":"https:\/\/bolting.eu\/en\/wp-json\/wp\/v2\/types\/product"}],"replies":[{"embeddable":true,"href":"https:\/\/bolting.eu\/en\/wp-json\/wp\/v2\/comments?post=12755"}],"wp:featuredmedia":[{"embeddable":true,"href":"https:\/\/bolting.eu\/en\/wp-json\/wp\/v2\/media\/12757"}],"wp:attachment":[{"href":"https:\/\/bolting.eu\/en\/wp-json\/wp\/v2\/media?parent=12755"}],"wp:term":[{"taxonomy":"product_brand","embeddable":true,"href":"https:\/\/bolting.eu\/en\/wp-json\/wp\/v2\/product_brand?post=12755"},{"taxonomy":"product_cat","embeddable":true,"href":"https:\/\/bolting.eu\/en\/wp-json\/wp\/v2\/product_cat?post=12755"},{"taxonomy":"product_tag","embeddable":true,"href":"https:\/\/bolting.eu\/en\/wp-json\/wp\/v2\/product_tag?post=12755"}],"curies":[{"name":"wp","href":"https:\/\/api.w.org\/{rel}","templated":true}]}}