{"id":12749,"date":"2022-08-10T16:40:19","date_gmt":"2022-08-10T14:40:19","guid":{"rendered":"https:\/\/bolting.eu\/?post_type=product&#038;p=12749"},"modified":"2024-06-04T21:51:15","modified_gmt":"2024-06-04T19:51:15","slug":"eispickel-handschlaufe-ct-drag-tour","status":"publish","type":"product","link":"https:\/\/bolting.eu\/en\/shop\/eispickel-handschlaufe-ct-drag-tour\/","title":{"rendered":"Eispickel Handschlaufe CT Drag Tour"},"content":{"rendered":"<p>Die Eispickel Handschlaufe Climbing Technology ist ein praktisches Zubeh\u00f6r f\u00fcr klassische Eispickel. Wie z.B.den <a href=\"https:\/\/bolting.eu\/shop\/climbing-technology-dron-eispickel\/\">CT Dron +<\/a>.<\/p>\n<p>Es handelt sich dabei um eine Schlaufe, die an jedem beliebigen Eispickel montiert werden kann. Hierzu hat die schmale Schlaufe ein 67cm langes Band, welches mit einer einfachen Schnalle bequem fixiert werden kann. Es ist nur das korrekte &#8220;R\u00fcckf\u00e4deln&#8221; durch die Schnalle n\u00f6tig, und fertig!<\/p>\n<p>Kurzum. Wer eine Schlaufe f\u00fcr seinen Eispickel sucht, der ist hier genau richtig!<\/p>\n<h2>Eigenschaften Eispickel Handschlaufe CT Drag Tour<\/h2>\n<ul>\n<li>Hersteller: <a href=\"https:\/\/bolting.eu\/produkt-kategorie\/climbing-technology\/\">Climbing Technology<\/a><\/li>\n<li>Material: Polyamid, Schnalle Stahl<\/li>\n<li>Gesamtl\u00e4nge: 92cm<\/li>\n<li>L\u00e4nge Schlaufe zum R\u00fcckf\u00e4deln: 67cm<\/li>\n<li>L\u00e4nge eigentliche Handschlaufe: 15cm<\/li>\n<li>Geeignet f\u00fcr Eispickel von 45cm bis ca. 70cm<\/li>\n<li>wird durch die \u00d6se am Pickelkopf gef\u00e4delt<\/li>\n<li><a href=\"https:\/\/www.climbingtechnology.com\/wp-content\/uploads\/2017\/02\/IST36-SPARBCT_rev-1_04-21.pdf\" target=\"_blank\" rel=\"noopener\">Bedienungsanleitung<\/a><\/li>\n<\/ul>\n<h3>Empfohlene Modelle<\/h3>\n<p>Der Hersteller Climbing Technology empfiehlt diese Eispickel Handschlaufe f\u00fcr folgende Modelle:<\/p>\n<ul>\n<li>Drone +<\/li>\n<li>Hound +<\/li>\n<li><a href=\"https:\/\/bolting.eu\/shop\/climbing-technology-alpin-tour-l\/\">Alpine Tour L<\/a><\/li>\n<li>Alpine Tour +<\/li>\n<\/ul>\n<p>Diese Schlaufe kann aber nat\u00fcrlich f\u00fcr Modelle aller Hersteller verwendet werden. Achtet dabei auf eine maximale L\u00e4nge von ca. 55cm.<\/p>\n<p><strong>F\u00fcr lange Pickel ab ca. 70cm ist dieses Produkt nicht geeignet!<\/strong><\/p>\n<h3>Wo macht dieses Produkt Sinn?<\/h3>\n<p>Eine Eispickel Handschlaufe ist praktisch, weil sie einem ein gutes Gef\u00fchl beim Einhalten des Pickels gibt. Experten sind sich jedoch einig. Nicht \u00fcberall am Berg geht es um dieses &#8220;Sicherheitsgef\u00fchl&#8221;, sondern um praxisrelevante Inhalte.<\/p>\n<p><strong>D.h. nicht \u00fcberall macht diese Schlaufe Sinn.<\/strong> Wie z.B. in steilen Rinnen wenn man nur einen Pickel mit dabei hat. Auf Altschneefeldern wenn man ebenfalls nur einen Pickel hat.<\/p>\n<p><strong>Sinn macht die Schlaufe jedoch<\/strong> wenn man zwei Pickel gleichzeitig benutzt, wie z.B. in Firnrinnen, in steilen Abschnitten oder beim Gehen auf Gletschern mit Gefahr eines Spaltensturzes.<\/p>\n<h3>Installationsanleitung<\/h3>\n<p>Die folgende Grafik macht deutlich, wie man die CT Eispickel Handschlaufe anbringt.<\/p>\n<ol>\n<li>Die Schlaufe durch die \u00d6se am Pickelkopf f\u00e4deln<\/li>\n<li>Das Schlaufenende durch die Schnalle f\u00fchren<\/li>\n<li>Den Rest der Schlaufe unbedingt &#8220;r\u00fcckf\u00e4deln&#8221;!<\/li>\n<li>Hand in die Schlaufe geben<\/li>\n<li>Die passende L\u00e4nge einstellen<\/li>\n<\/ol>\n<p><a href=\"https:\/\/bolting.eu\/wp-content\/uploads\/2022\/08\/CT-Drag-Tour-1.jpg\"><img loading=\"lazy\" decoding=\"async\" class=\"alignnone size-full wp-image-12752\" src=\"https:\/\/bolting.eu\/wp-content\/uploads\/2022\/08\/CT-Drag-Tour-1.jpg\" alt=\"\" width=\"800\" height=\"458\" srcset=\"https:\/\/bolting.eu\/wp-content\/uploads\/2022\/08\/CT-Drag-Tour-1.jpg 800w, https:\/\/bolting.eu\/wp-content\/uploads\/2022\/08\/CT-Drag-Tour-1-510x292.jpg 510w, https:\/\/bolting.eu\/wp-content\/uploads\/2022\/08\/CT-Drag-Tour-1-699x400.jpg 699w, https:\/\/bolting.eu\/wp-content\/uploads\/2022\/08\/CT-Drag-Tour-1-768x440.jpg 768w, https:\/\/bolting.eu\/wp-content\/uploads\/2022\/08\/CT-Drag-Tour-1-600x344.jpg 600w\" sizes=\"auto, (max-width: 800px) 100vw, 800px\" \/><\/a><\/p>\n<p>&nbsp;<\/p>\n<p>&nbsp;<\/p>\n<p>&nbsp;<\/p>\n","protected":false},"excerpt":{"rendered":"<p>Praktische Eispickel Handschlaufe f\u00fcr alle Modelle aller Marken bis ca. 70cm L\u00e4nge.<\/p>\n<p>Einfach zu installieren.<\/p>\n<p>Versandkostenfrei bis 2kg in <img decoding=\"async\" class=\"emoji\" role=\"img\" draggable=\"false\" src=\"https:\/\/s.w.org\/images\/core\/emoji\/14.0.0\/svg\/1f1e6-1f1f9.svg\" alt=\"\ud83c\udde6\ud83c\uddf9\" \/> ab \u20ac 100,- und <img decoding=\"async\" class=\"emoji\" role=\"img\" draggable=\"false\" src=\"https:\/\/s.w.org\/images\/core\/emoji\/14.0.0\/svg\/1f1e9-1f1ea.svg\" alt=\"\ud83c\udde9\ud83c\uddea\" \/> ab \u20ac 200,- \u2705 Trusted Shop zertifiziert<\/p>\n","protected":false},"featured_media":12751,"comment_status":"closed","ping_status":"closed","template":"","meta":[],"product_brand":[],"product_cat":[14358,4662,13938],"product_tag":[],"class_list":{"0":"post-12749","1":"product","2":"type-product","3":"status-publish","4":"has-post-thumbnail","6":"product_cat-zubehoer-eispickel-eisgeraete","7":"product_cat-climbing-technology","8":"product_cat-bergsteiger-ausruestung","10":"first","11":"instock","12":"taxable","13":"shipping-taxable","14":"purchasable","15":"product-type-simple"},"yoast_head":"<!-- This site is optimized with the Yoast SEO Premium plugin v26.9 (Yoast SEO v26.9) - https:\/\/yoast.com\/product\/yoast-seo-premium-wordpress\/ -->\n<title>Eispickel Handschlaufe CT Drag Tour - f\u00fcr Pickel bis 70cm | bolting.eu<\/title>\n<meta name=\"description\" content=\"Eispickel Handschlaufe CT Drag Tour beim Kletterprofi kaufen \u2705 Trusted Shop \u2705 kostenloser Versand* \u2705 14 Tage R\u00fcckgaberecht \u2705 Co2 neutraler Versand\" \/>\n<meta name=\"robots\" content=\"index, follow, max-snippet:-1, max-image-preview:large, max-video-preview:-1\" \/>\n<link rel=\"canonical\" href=\"https:\/\/bolting.eu\/en\/shop\/eispickel-handschlaufe-ct-drag-tour\/\" \/>\n<meta property=\"og:locale\" content=\"en_US\" \/>\n<meta property=\"og:type\" content=\"article\" \/>\n<meta property=\"og:title\" content=\"Eispickel Handschlaufe CT Drag Tour\" \/>\n<meta property=\"og:description\" content=\"Eispickel Handschlaufe CT Drag Tour beim Kletterprofi kaufen \u2705 Trusted Shop \u2705 kostenloser Versand* \u2705 14 Tage R\u00fcckgaberecht \u2705 Co2 neutraler Versand\" \/>\n<meta property=\"og:url\" content=\"https:\/\/bolting.eu\/en\/shop\/eispickel-handschlaufe-ct-drag-tour\/\" \/>\n<meta property=\"og:site_name\" content=\"bolting.eu\" \/>\n<meta property=\"article:publisher\" content=\"https:\/\/www.facebook.com\/bolting.eu\" \/>\n<meta property=\"article:modified_time\" content=\"2024-06-04T19:51:15+00:00\" \/>\n<meta property=\"og:image\" content=\"https:\/\/bolting.eu\/wp-content\/uploads\/2022\/08\/CT-Drag-Tour-2.jpg\" \/>\n\t<meta property=\"og:image:width\" content=\"700\" \/>\n\t<meta property=\"og:image:height\" content=\"700\" \/>\n\t<meta property=\"og:image:type\" content=\"image\/jpeg\" \/>\n<meta name=\"twitter:card\" content=\"summary_large_image\" \/>\n<meta name=\"twitter:label1\" content=\"Price\" \/>\n\t<meta name=\"twitter:data1\" content=\"&euro;&nbsp;17,90\" \/>\n\t<meta name=\"twitter:label2\" content=\"Availability\" \/>\n\t<meta name=\"twitter:data2\" content=\"In stock\" \/>\n<script type=\"application\/ld+json\" class=\"yoast-schema-graph\">{\"@context\":\"https:\/\/schema.org\",\"@graph\":[{\"@type\":[\"WebPage\",\"ItemPage\"],\"@id\":\"https:\/\/bolting.eu\/en\/shop\/eispickel-handschlaufe-ct-drag-tour\/\",\"url\":\"https:\/\/bolting.eu\/en\/shop\/eispickel-handschlaufe-ct-drag-tour\/\",\"name\":\"Eispickel Handschlaufe CT Drag Tour - f\u00fcr Pickel bis 70cm | bolting.eu\",\"isPartOf\":{\"@id\":\"https:\/\/bolting.eu\/en\/#website\"},\"primaryImageOfPage\":{\"@id\":\"https:\/\/bolting.eu\/en\/shop\/eispickel-handschlaufe-ct-drag-tour\/#primaryimage\"},\"image\":{\"@id\":\"https:\/\/bolting.eu\/en\/shop\/eispickel-handschlaufe-ct-drag-tour\/#primaryimage\"},\"thumbnailUrl\":\"https:\/\/bolting.eu\/wp-content\/uploads\/2022\/08\/CT-Drag-Tour-2.jpg\",\"datePublished\":\"2022-08-10T14:40:19+00:00\",\"dateModified\":\"2024-06-04T19:51:15+00:00\",\"description\":\"Eispickel Handschlaufe CT Drag Tour beim Kletterprofi kaufen \u2705 Trusted Shop \u2705 kostenloser Versand* \u2705 14 Tage R\u00fcckgaberecht \u2705 Co2 neutraler Versand\",\"breadcrumb\":{\"@id\":\"https:\/\/bolting.eu\/en\/shop\/eispickel-handschlaufe-ct-drag-tour\/#breadcrumb\"},\"inLanguage\":\"en-US\",\"potentialAction\":[{\"@type\":\"ReadAction\",\"target\":[\"https:\/\/bolting.eu\/en\/shop\/eispickel-handschlaufe-ct-drag-tour\/\"]}]},{\"@type\":\"ImageObject\",\"inLanguage\":\"en-US\",\"@id\":\"https:\/\/bolting.eu\/en\/shop\/eispickel-handschlaufe-ct-drag-tour\/#primaryimage\",\"url\":\"https:\/\/bolting.eu\/wp-content\/uploads\/2022\/08\/CT-Drag-Tour-2.jpg\",\"contentUrl\":\"https:\/\/bolting.eu\/wp-content\/uploads\/2022\/08\/CT-Drag-Tour-2.jpg\",\"width\":700,\"height\":700,\"caption\":\"Das Bild zeigt die schwarze Eispickel Handschlaufe CT Drag Tour in einem wei\u00dfem Quadrat.\"},{\"@type\":\"BreadcrumbList\",\"@id\":\"https:\/\/bolting.eu\/en\/shop\/eispickel-handschlaufe-ct-drag-tour\/#breadcrumb\",\"itemListElement\":[{\"@type\":\"ListItem\",\"position\":1,\"name\":\"Shop\",\"item\":\"https:\/\/bolting.eu\/en\/shop\/\"},{\"@type\":\"ListItem\",\"position\":2,\"name\":\"Bergsteiger Ausr\u00fcstung\",\"item\":\"https:\/\/bolting.eu\/produkt-kategorie\/bergsteiger-ausruestung\/\"},{\"@type\":\"ListItem\",\"position\":3,\"name\":\"Zubeh\u00f6r Eispickel - Eisger\u00e4te\",\"item\":\"https:\/\/bolting.eu\/produkt-kategorie\/bergsteiger-ausruestung\/zubehoer-eispickel-eisgeraete\/\"},{\"@type\":\"ListItem\",\"position\":4,\"name\":\"Eispickel Handschlaufe CT Drag Tour\"}]},{\"@type\":\"WebSite\",\"@id\":\"https:\/\/bolting.eu\/en\/#website\",\"url\":\"https:\/\/bolting.eu\/en\/\",\"name\":\"bolting.eu\",\"description\":\"we make climbs happen\",\"publisher\":{\"@id\":\"https:\/\/bolting.eu\/en\/#organization\"},\"potentialAction\":[{\"@type\":\"SearchAction\",\"target\":{\"@type\":\"EntryPoint\",\"urlTemplate\":\"https:\/\/bolting.eu\/en\/?s={search_term_string}\"},\"query-input\":{\"@type\":\"PropertyValueSpecification\",\"valueRequired\":true,\"valueName\":\"search_term_string\"}}],\"inLanguage\":\"en-US\"},{\"@type\":[\"Organization\",\"Place\",\"SportingGoodsStore\"],\"@id\":\"https:\/\/bolting.eu\/en\/#organization\",\"name\":\"bolting.eu\",\"url\":\"https:\/\/bolting.eu\/en\/\",\"logo\":{\"@id\":\"https:\/\/bolting.eu\/en\/shop\/eispickel-handschlaufe-ct-drag-tour\/#local-main-organization-logo\"},\"image\":{\"@id\":\"https:\/\/bolting.eu\/en\/shop\/eispickel-handschlaufe-ct-drag-tour\/#local-main-organization-logo\"},\"sameAs\":[\"https:\/\/www.facebook.com\/bolting.eu\",\"https:\/\/www.instagram.com\/bolting.eu\/\"],\"address\":{\"@id\":\"https:\/\/bolting.eu\/en\/shop\/eispickel-handschlaufe-ct-drag-tour\/#local-main-place-address\"},\"geo\":{\"@type\":\"GeoCoordinates\",\"latitude\":\"47.264176340396226\",\"longitude\":\"11.380109057672346\"},\"telephone\":[\"+43 699 19083372\"],\"openingHoursSpecification\":[{\"@type\":\"OpeningHoursSpecification\",\"dayOfWeek\":[\"Monday\",\"Wednesday\",\"Friday\"],\"opens\":\"14:00\",\"closes\":\"18:00\"},{\"@type\":\"OpeningHoursSpecification\",\"dayOfWeek\":[\"Tuesday\",\"Thursday\",\"Saturday\",\"Sunday\"],\"opens\":\"00:00\",\"closes\":\"00:00\"}],\"email\":\"office@bolting.eu\",\"vatID\":\"ATU59999728\",\"priceRange\":\"$$\",\"currenciesAccepted\":\"Euro\"},{\"@type\":\"PostalAddress\",\"@id\":\"https:\/\/bolting.eu\/en\/shop\/eispickel-handschlaufe-ct-drag-tour\/#local-main-place-address\",\"streetAddress\":\"Fischnalerstra\u00dfe 4\",\"addressLocality\":\"Innsbruck\",\"postalCode\":\"6020\",\"addressRegion\":\"Tirol\",\"addressCountry\":\"AT\"},{\"@type\":\"ImageObject\",\"inLanguage\":\"en-US\",\"@id\":\"https:\/\/bolting.eu\/en\/shop\/eispickel-handschlaufe-ct-drag-tour\/#local-main-organization-logo\",\"url\":\"https:\/\/bolting.eu\/wp-content\/uploads\/2019\/09\/bolting-logo.png\",\"contentUrl\":\"https:\/\/bolting.eu\/wp-content\/uploads\/2019\/09\/bolting-logo.png\",\"width\":400,\"height\":211,\"caption\":\"bolting.eu\"}]}<\/script>\n<meta property=\"product:price:amount\" content=\"17.90\" \/>\n<meta property=\"product:price:currency\" content=\"EUR\" \/>\n<meta property=\"og:availability\" content=\"instock\" \/>\n<meta property=\"product:availability\" content=\"instock\" \/>\n<meta property=\"product:retailer_item_id\" content=\"DRAGON16\" \/>\n<meta property=\"product:condition\" content=\"new\" \/>\n<meta name=\"geo.placename\" content=\"Innsbruck\" \/>\n<meta name=\"geo.position\" content=\"47.264176340396226;11.380109057672346\" \/>\n<meta name=\"geo.region\" content=\"Austria\" \/>\n<!-- \/ Yoast SEO Premium plugin. -->","yoast_head_json":{"title":"Eispickel Handschlaufe CT Drag Tour - f\u00fcr Pickel bis 70cm | bolting.eu","description":"Eispickel Handschlaufe CT Drag Tour beim Kletterprofi kaufen \u2705 Trusted Shop \u2705 kostenloser Versand* \u2705 14 Tage R\u00fcckgaberecht \u2705 Co2 neutraler Versand","robots":{"index":"index","follow":"follow","max-snippet":"max-snippet:-1","max-image-preview":"max-image-preview:large","max-video-preview":"max-video-preview:-1"},"canonical":"https:\/\/bolting.eu\/en\/shop\/eispickel-handschlaufe-ct-drag-tour\/","og_locale":"en_US","og_type":"article","og_title":"Eispickel Handschlaufe CT Drag Tour","og_description":"Eispickel Handschlaufe CT Drag Tour beim Kletterprofi kaufen \u2705 Trusted Shop \u2705 kostenloser Versand* \u2705 14 Tage R\u00fcckgaberecht \u2705 Co2 neutraler Versand","og_url":"https:\/\/bolting.eu\/en\/shop\/eispickel-handschlaufe-ct-drag-tour\/","og_site_name":"bolting.eu","article_publisher":"https:\/\/www.facebook.com\/bolting.eu","article_modified_time":"2024-06-04T19:51:15+00:00","og_image":[{"width":700,"height":700,"url":"https:\/\/bolting.eu\/wp-content\/uploads\/2022\/08\/CT-Drag-Tour-2.jpg","type":"image\/jpeg"}],"twitter_card":"summary_large_image","twitter_misc":{"Price":"&euro;&nbsp;17,90","Availability":"In stock"},"schema":{"@context":"https:\/\/schema.org","@graph":[{"@type":["WebPage","ItemPage"],"@id":"https:\/\/bolting.eu\/en\/shop\/eispickel-handschlaufe-ct-drag-tour\/","url":"https:\/\/bolting.eu\/en\/shop\/eispickel-handschlaufe-ct-drag-tour\/","name":"Eispickel Handschlaufe CT Drag Tour - f\u00fcr Pickel bis 70cm | bolting.eu","isPartOf":{"@id":"https:\/\/bolting.eu\/en\/#website"},"primaryImageOfPage":{"@id":"https:\/\/bolting.eu\/en\/shop\/eispickel-handschlaufe-ct-drag-tour\/#primaryimage"},"image":{"@id":"https:\/\/bolting.eu\/en\/shop\/eispickel-handschlaufe-ct-drag-tour\/#primaryimage"},"thumbnailUrl":"https:\/\/bolting.eu\/wp-content\/uploads\/2022\/08\/CT-Drag-Tour-2.jpg","datePublished":"2022-08-10T14:40:19+00:00","dateModified":"2024-06-04T19:51:15+00:00","description":"Eispickel Handschlaufe CT Drag Tour beim Kletterprofi kaufen \u2705 Trusted Shop \u2705 kostenloser Versand* \u2705 14 Tage R\u00fcckgaberecht \u2705 Co2 neutraler Versand","breadcrumb":{"@id":"https:\/\/bolting.eu\/en\/shop\/eispickel-handschlaufe-ct-drag-tour\/#breadcrumb"},"inLanguage":"en-US","potentialAction":[{"@type":"ReadAction","target":["https:\/\/bolting.eu\/en\/shop\/eispickel-handschlaufe-ct-drag-tour\/"]}]},{"@type":"ImageObject","inLanguage":"en-US","@id":"https:\/\/bolting.eu\/en\/shop\/eispickel-handschlaufe-ct-drag-tour\/#primaryimage","url":"https:\/\/bolting.eu\/wp-content\/uploads\/2022\/08\/CT-Drag-Tour-2.jpg","contentUrl":"https:\/\/bolting.eu\/wp-content\/uploads\/2022\/08\/CT-Drag-Tour-2.jpg","width":700,"height":700,"caption":"Das Bild zeigt die schwarze Eispickel Handschlaufe CT Drag Tour in einem wei\u00dfem Quadrat."},{"@type":"BreadcrumbList","@id":"https:\/\/bolting.eu\/en\/shop\/eispickel-handschlaufe-ct-drag-tour\/#breadcrumb","itemListElement":[{"@type":"ListItem","position":1,"name":"Shop","item":"https:\/\/bolting.eu\/en\/shop\/"},{"@type":"ListItem","position":2,"name":"Bergsteiger Ausr\u00fcstung","item":"https:\/\/bolting.eu\/produkt-kategorie\/bergsteiger-ausruestung\/"},{"@type":"ListItem","position":3,"name":"Zubeh\u00f6r Eispickel - Eisger\u00e4te","item":"https:\/\/bolting.eu\/produkt-kategorie\/bergsteiger-ausruestung\/zubehoer-eispickel-eisgeraete\/"},{"@type":"ListItem","position":4,"name":"Eispickel Handschlaufe CT Drag Tour"}]},{"@type":"WebSite","@id":"https:\/\/bolting.eu\/en\/#website","url":"https:\/\/bolting.eu\/en\/","name":"bolting.eu","description":"we make climbs happen","publisher":{"@id":"https:\/\/bolting.eu\/en\/#organization"},"potentialAction":[{"@type":"SearchAction","target":{"@type":"EntryPoint","urlTemplate":"https:\/\/bolting.eu\/en\/?s={search_term_string}"},"query-input":{"@type":"PropertyValueSpecification","valueRequired":true,"valueName":"search_term_string"}}],"inLanguage":"en-US"},{"@type":["Organization","Place","SportingGoodsStore"],"@id":"https:\/\/bolting.eu\/en\/#organization","name":"bolting.eu","url":"https:\/\/bolting.eu\/en\/","logo":{"@id":"https:\/\/bolting.eu\/en\/shop\/eispickel-handschlaufe-ct-drag-tour\/#local-main-organization-logo"},"image":{"@id":"https:\/\/bolting.eu\/en\/shop\/eispickel-handschlaufe-ct-drag-tour\/#local-main-organization-logo"},"sameAs":["https:\/\/www.facebook.com\/bolting.eu","https:\/\/www.instagram.com\/bolting.eu\/"],"address":{"@id":"https:\/\/bolting.eu\/en\/shop\/eispickel-handschlaufe-ct-drag-tour\/#local-main-place-address"},"geo":{"@type":"GeoCoordinates","latitude":"47.264176340396226","longitude":"11.380109057672346"},"telephone":["+43 699 19083372"],"openingHoursSpecification":[{"@type":"OpeningHoursSpecification","dayOfWeek":["Monday","Wednesday","Friday"],"opens":"14:00","closes":"18:00"},{"@type":"OpeningHoursSpecification","dayOfWeek":["Tuesday","Thursday","Saturday","Sunday"],"opens":"00:00","closes":"00:00"}],"email":"office@bolting.eu","vatID":"ATU59999728","priceRange":"$$","currenciesAccepted":"Euro"},{"@type":"PostalAddress","@id":"https:\/\/bolting.eu\/en\/shop\/eispickel-handschlaufe-ct-drag-tour\/#local-main-place-address","streetAddress":"Fischnalerstra\u00dfe 4","addressLocality":"Innsbruck","postalCode":"6020","addressRegion":"Tirol","addressCountry":"AT"},{"@type":"ImageObject","inLanguage":"en-US","@id":"https:\/\/bolting.eu\/en\/shop\/eispickel-handschlaufe-ct-drag-tour\/#local-main-organization-logo","url":"https:\/\/bolting.eu\/wp-content\/uploads\/2019\/09\/bolting-logo.png","contentUrl":"https:\/\/bolting.eu\/wp-content\/uploads\/2019\/09\/bolting-logo.png","width":400,"height":211,"caption":"bolting.eu"}]},"product_price_amount":"17.90","product_price_currency":"EUR","og_availability":"instock","product_availability":"instock","product_retailer_item_id":"DRAGON16","product_condition":"new","geo.placename":"Innsbruck","geo.position":{"lat":"47.264176340396226","long":"11.380109057672346"},"geo.region":"Austria"},"_links":{"self":[{"href":"https:\/\/bolting.eu\/en\/wp-json\/wp\/v2\/product\/12749","targetHints":{"allow":["GET"]}}],"collection":[{"href":"https:\/\/bolting.eu\/en\/wp-json\/wp\/v2\/product"}],"about":[{"href":"https:\/\/bolting.eu\/en\/wp-json\/wp\/v2\/types\/product"}],"replies":[{"embeddable":true,"href":"https:\/\/bolting.eu\/en\/wp-json\/wp\/v2\/comments?post=12749"}],"wp:featuredmedia":[{"embeddable":true,"href":"https:\/\/bolting.eu\/en\/wp-json\/wp\/v2\/media\/12751"}],"wp:attachment":[{"href":"https:\/\/bolting.eu\/en\/wp-json\/wp\/v2\/media?parent=12749"}],"wp:term":[{"taxonomy":"product_brand","embeddable":true,"href":"https:\/\/bolting.eu\/en\/wp-json\/wp\/v2\/product_brand?post=12749"},{"taxonomy":"product_cat","embeddable":true,"href":"https:\/\/bolting.eu\/en\/wp-json\/wp\/v2\/product_cat?post=12749"},{"taxonomy":"product_tag","embeddable":true,"href":"https:\/\/bolting.eu\/en\/wp-json\/wp\/v2\/product_tag?post=12749"}],"curies":[{"name":"wp","href":"https:\/\/api.w.org\/{rel}","templated":true}]}}