{"id":12743,"date":"2022-08-10T13:49:43","date_gmt":"2022-08-10T11:49:43","guid":{"rendered":"https:\/\/bolting.eu\/?post_type=product&#038;p=12743"},"modified":"2025-03-10T14:07:59","modified_gmt":"2025-03-10T13:07:59","slug":"climbing-technology-swhippy-fangleine","status":"publish","type":"product","link":"https:\/\/bolting.eu\/en\/shop\/climbing-technology-swhippy-fangleine\/","title":{"rendered":"Climbing Technology Swhippy Fangleine"},"content":{"rendered":"<p>Die Climbing Technology Swhippy Fangleine ist f\u00fcr die Verwendung von Eisger\u00e4ten im alpinen Gel\u00e4nde gedacht. Dort darf nach M\u00f6glichkeit n\u00e4mlich kein Absturz der Ausr\u00fcstung passieren.<\/p>\n<p>Deshalb werden wie die Steigeisen mit ihren Riemen, auch die Pickel mit Fangleinen gesichert. Hierzu bietet dieses Produkt eine klasse Option.<\/p>\n<p>Denn dieses Modell ist zum einen mit einem kleinen Wirbel ausgestattet. Dieser verhindert, dass sich die elastischen Arme gegenseitig umwickeln. Und an den Enden der Arme sind kleine Karabiner angebracht, um diese in die \u00d6sen der Dorne zu h\u00e4ngen. Ideal f\u00fcr die CT Produkte <a href=\"https:\/\/bolting.eu\/shop\/climbing-technology-north-couloir\/\">North Couloir<\/a> und <a href=\"https:\/\/bolting.eu\/shop\/climbing-technology-dron-eispickel\/\">Dron+<\/a><\/p>\n<h2>Eigenschaften Climbing Technology Swhippy Fangleine<\/h2>\n<ul>\n<li>Hersteller: <a href=\"https:\/\/bolting.eu\/produkt-kategorie\/climbing-technology\/\">Climbing Technology<\/a><\/li>\n<li>Material: Alu, Polyamid, Gummi;<\/li>\n<li>Gewicht: 100 Gramm<\/li>\n<li>L\u00e4nge: 85cm &#8211; 135cm ausgestreckt<\/li>\n<li>verhindert Absturz der Eisger\u00e4te<\/li>\n<li>ideal f\u00fcr lange, alpine Routen und Eisrinnen<\/li>\n<li>inkl. Wirbel &#8211; verhindert gegenseitiges Umwickeln der Arme<\/li>\n<li>inkl. 2 Mini Karabinern mit Drahtschnapper<\/li>\n<li><a href=\"https:\/\/www.climbingtechnology.com\/wp-content\/uploads\/2017\/02\/IST36-SPARBCT_rev-1_04-21.pdf\" target=\"_blank\" rel=\"noopener\">Bedienungsanleitung<\/a><\/li>\n<\/ul>\n<h3>Achtung bei Eisger\u00e4ten ohne \u00d6sen!<\/h3>\n<p>Bitte beachtet! Diese Climbing Technology Fangleine Swhippy kann man nur an Ger\u00e4ten befestigen, welche eine \u00d6se im Dorn am Schaftende haben.<\/p>\n<p>Einige moderne Eisger\u00e4te f\u00fcr Dry Tooling oder Mixed Routen besitzen keine solche \u00d6se mehr. Dort kann man ausschlie\u00dflich eine Leine wie z.B. Camp X-Gyro Leash verwenden. Denn diese funktionieren mit einem Ankerstich!<\/p>\n","protected":false},"excerpt":{"rendered":"<p>Fangleine f\u00fcr Eisger\u00e4te mit integriertem Wirbel. Verhindert das gegenseitige Umwickeln der elastischen Arme.<\/p>\n<p>L\u00e4nge ca. 85cm bis 135cm in ausgestrecktem Zustand. Inkl. zwei Mini Karabinern.<\/p>\n<p>Versandkostenfrei bis 2kg in <img decoding=\"async\" class=\"emoji\" role=\"img\" draggable=\"false\" src=\"https:\/\/s.w.org\/images\/core\/emoji\/13.1.0\/svg\/1f1e6-1f1f9.svg\" alt=\"\ud83c\udde6\ud83c\uddf9\" \/> ab \u20ac 100,- und <img decoding=\"async\" class=\"emoji\" role=\"img\" draggable=\"false\" src=\"https:\/\/s.w.org\/images\/core\/emoji\/13.1.0\/svg\/1f1e9-1f1ea.svg\" alt=\"\ud83c\udde9\ud83c\uddea\" \/> ab \u20ac 200,-!<\/p>\n","protected":false},"featured_media":12745,"comment_status":"closed","ping_status":"closed","template":"","meta":[],"product_brand":[],"product_cat":[14358,4662,13938],"product_tag":[],"class_list":{"0":"post-12743","1":"product","2":"type-product","3":"status-publish","4":"has-post-thumbnail","6":"product_cat-zubehoer-eispickel-eisgeraete","7":"product_cat-climbing-technology","8":"product_cat-bergsteiger-ausruestung","10":"first","11":"instock","12":"taxable","13":"shipping-taxable","14":"purchasable","15":"product-type-simple"},"yoast_head":"<!-- This site is optimized with the Yoast SEO Premium plugin v26.9 (Yoast SEO v26.9) - https:\/\/yoast.com\/product\/yoast-seo-premium-wordpress\/ -->\n<title>Climbing Technology Swhippy Fangleine mit Wirbel | bolting.eu<\/title>\n<meta name=\"description\" content=\"Hier findest Du die CLIMBING TECHNOLOGY SWHIPPY FANGLEINE f\u00fcr Eisger\u00e4te. Eine klasse Leash mit Wirbel f\u00fcr den Einsatz im alpinen Gel\u00e4nde.\" \/>\n<meta name=\"robots\" content=\"index, follow, max-snippet:-1, max-image-preview:large, max-video-preview:-1\" \/>\n<link rel=\"canonical\" href=\"https:\/\/bolting.eu\/en\/shop\/climbing-technology-swhippy-fangleine\/\" \/>\n<meta property=\"og:locale\" content=\"en_US\" \/>\n<meta property=\"og:type\" content=\"article\" \/>\n<meta property=\"og:title\" content=\"Climbing Technology Swhippy Fangleine\" \/>\n<meta property=\"og:description\" content=\"Hier findest Du die CLIMBING TECHNOLOGY SWHIPPY FANGLEINE f\u00fcr Eisger\u00e4te. Eine klasse Leash mit Wirbel f\u00fcr den Einsatz im alpinen Gel\u00e4nde.\" \/>\n<meta property=\"og:url\" content=\"https:\/\/bolting.eu\/en\/shop\/climbing-technology-swhippy-fangleine\/\" \/>\n<meta property=\"og:site_name\" content=\"bolting.eu\" \/>\n<meta property=\"article:publisher\" content=\"https:\/\/www.facebook.com\/bolting.eu\" \/>\n<meta property=\"article:modified_time\" content=\"2025-03-10T13:07:59+00:00\" \/>\n<meta property=\"og:image\" content=\"https:\/\/bolting.eu\/wp-content\/uploads\/2022\/08\/CT-Swhippy-LEash-2.jpg\" \/>\n\t<meta property=\"og:image:width\" content=\"700\" \/>\n\t<meta property=\"og:image:height\" content=\"700\" \/>\n\t<meta property=\"og:image:type\" content=\"image\/jpeg\" \/>\n<meta name=\"twitter:card\" content=\"summary_large_image\" \/>\n<meta name=\"twitter:label1\" content=\"Price\" \/>\n\t<meta name=\"twitter:data1\" content=\"&euro;&nbsp;44,90\" \/>\n\t<meta name=\"twitter:label2\" content=\"Availability\" \/>\n\t<meta name=\"twitter:data2\" content=\"In stock\" \/>\n<script type=\"application\/ld+json\" class=\"yoast-schema-graph\">{\"@context\":\"https:\/\/schema.org\",\"@graph\":[{\"@type\":[\"WebPage\",\"ItemPage\"],\"@id\":\"https:\/\/bolting.eu\/en\/shop\/climbing-technology-swhippy-fangleine\/\",\"url\":\"https:\/\/bolting.eu\/en\/shop\/climbing-technology-swhippy-fangleine\/\",\"name\":\"Climbing Technology Swhippy Fangleine mit Wirbel | bolting.eu\",\"isPartOf\":{\"@id\":\"https:\/\/bolting.eu\/en\/#website\"},\"primaryImageOfPage\":{\"@id\":\"https:\/\/bolting.eu\/en\/shop\/climbing-technology-swhippy-fangleine\/#primaryimage\"},\"image\":{\"@id\":\"https:\/\/bolting.eu\/en\/shop\/climbing-technology-swhippy-fangleine\/#primaryimage\"},\"thumbnailUrl\":\"https:\/\/bolting.eu\/wp-content\/uploads\/2022\/08\/CT-Swhippy-LEash-2.jpg\",\"datePublished\":\"2022-08-10T11:49:43+00:00\",\"dateModified\":\"2025-03-10T13:07:59+00:00\",\"description\":\"Hier findest Du die CLIMBING TECHNOLOGY SWHIPPY FANGLEINE f\u00fcr Eisger\u00e4te. Eine klasse Leash mit Wirbel f\u00fcr den Einsatz im alpinen Gel\u00e4nde.\",\"breadcrumb\":{\"@id\":\"https:\/\/bolting.eu\/en\/shop\/climbing-technology-swhippy-fangleine\/#breadcrumb\"},\"inLanguage\":\"en-US\",\"potentialAction\":[{\"@type\":\"ReadAction\",\"target\":[\"https:\/\/bolting.eu\/en\/shop\/climbing-technology-swhippy-fangleine\/\"]}]},{\"@type\":\"ImageObject\",\"inLanguage\":\"en-US\",\"@id\":\"https:\/\/bolting.eu\/en\/shop\/climbing-technology-swhippy-fangleine\/#primaryimage\",\"url\":\"https:\/\/bolting.eu\/wp-content\/uploads\/2022\/08\/CT-Swhippy-LEash-2.jpg\",\"contentUrl\":\"https:\/\/bolting.eu\/wp-content\/uploads\/2022\/08\/CT-Swhippy-LEash-2.jpg\",\"width\":700,\"height\":700,\"caption\":\"Das Bild zeigt die orange schwarze Climbing tEchnology Swhippy Fangleine f\u00fcr Eisger\u00e4te in einem Halbkreis gelegt.\"},{\"@type\":\"BreadcrumbList\",\"@id\":\"https:\/\/bolting.eu\/en\/shop\/climbing-technology-swhippy-fangleine\/#breadcrumb\",\"itemListElement\":[{\"@type\":\"ListItem\",\"position\":1,\"name\":\"Shop\",\"item\":\"https:\/\/bolting.eu\/en\/shop\/\"},{\"@type\":\"ListItem\",\"position\":2,\"name\":\"Bergsteiger Ausr\u00fcstung\",\"item\":\"https:\/\/bolting.eu\/produkt-kategorie\/bergsteiger-ausruestung\/\"},{\"@type\":\"ListItem\",\"position\":3,\"name\":\"Zubeh\u00f6r Eispickel - Eisger\u00e4te\",\"item\":\"https:\/\/bolting.eu\/produkt-kategorie\/bergsteiger-ausruestung\/zubehoer-eispickel-eisgeraete\/\"},{\"@type\":\"ListItem\",\"position\":4,\"name\":\"Climbing Technology Swhippy Fangleine\"}]},{\"@type\":\"WebSite\",\"@id\":\"https:\/\/bolting.eu\/en\/#website\",\"url\":\"https:\/\/bolting.eu\/en\/\",\"name\":\"bolting.eu\",\"description\":\"we make climbs happen\",\"publisher\":{\"@id\":\"https:\/\/bolting.eu\/en\/#organization\"},\"potentialAction\":[{\"@type\":\"SearchAction\",\"target\":{\"@type\":\"EntryPoint\",\"urlTemplate\":\"https:\/\/bolting.eu\/en\/?s={search_term_string}\"},\"query-input\":{\"@type\":\"PropertyValueSpecification\",\"valueRequired\":true,\"valueName\":\"search_term_string\"}}],\"inLanguage\":\"en-US\"},{\"@type\":[\"Organization\",\"Place\",\"SportingGoodsStore\"],\"@id\":\"https:\/\/bolting.eu\/en\/#organization\",\"name\":\"bolting.eu\",\"url\":\"https:\/\/bolting.eu\/en\/\",\"logo\":{\"@id\":\"https:\/\/bolting.eu\/en\/shop\/climbing-technology-swhippy-fangleine\/#local-main-organization-logo\"},\"image\":{\"@id\":\"https:\/\/bolting.eu\/en\/shop\/climbing-technology-swhippy-fangleine\/#local-main-organization-logo\"},\"sameAs\":[\"https:\/\/www.facebook.com\/bolting.eu\",\"https:\/\/www.instagram.com\/bolting.eu\/\"],\"address\":{\"@id\":\"https:\/\/bolting.eu\/en\/shop\/climbing-technology-swhippy-fangleine\/#local-main-place-address\"},\"geo\":{\"@type\":\"GeoCoordinates\",\"latitude\":\"47.264176340396226\",\"longitude\":\"11.380109057672346\"},\"telephone\":[\"+43 699 19083372\"],\"openingHoursSpecification\":[{\"@type\":\"OpeningHoursSpecification\",\"dayOfWeek\":[\"Monday\",\"Wednesday\",\"Friday\"],\"opens\":\"14:00\",\"closes\":\"18:00\"},{\"@type\":\"OpeningHoursSpecification\",\"dayOfWeek\":[\"Tuesday\",\"Thursday\",\"Saturday\",\"Sunday\"],\"opens\":\"00:00\",\"closes\":\"00:00\"}],\"email\":\"office@bolting.eu\",\"vatID\":\"ATU59999728\",\"priceRange\":\"$$\",\"currenciesAccepted\":\"Euro\"},{\"@type\":\"PostalAddress\",\"@id\":\"https:\/\/bolting.eu\/en\/shop\/climbing-technology-swhippy-fangleine\/#local-main-place-address\",\"streetAddress\":\"Fischnalerstra\u00dfe 4\",\"addressLocality\":\"Innsbruck\",\"postalCode\":\"6020\",\"addressRegion\":\"Tirol\",\"addressCountry\":\"AT\"},{\"@type\":\"ImageObject\",\"inLanguage\":\"en-US\",\"@id\":\"https:\/\/bolting.eu\/en\/shop\/climbing-technology-swhippy-fangleine\/#local-main-organization-logo\",\"url\":\"https:\/\/bolting.eu\/wp-content\/uploads\/2019\/09\/bolting-logo.png\",\"contentUrl\":\"https:\/\/bolting.eu\/wp-content\/uploads\/2019\/09\/bolting-logo.png\",\"width\":400,\"height\":211,\"caption\":\"bolting.eu\"}]}<\/script>\n<meta property=\"product:price:amount\" content=\"44.90\" \/>\n<meta property=\"product:price:currency\" content=\"EUR\" \/>\n<meta property=\"og:availability\" content=\"instock\" \/>\n<meta property=\"product:availability\" content=\"instock\" \/>\n<meta property=\"product:retailer_item_id\" content=\"7W141\" \/>\n<meta property=\"product:condition\" content=\"new\" \/>\n<meta name=\"geo.placename\" content=\"Innsbruck\" \/>\n<meta name=\"geo.position\" content=\"47.264176340396226;11.380109057672346\" \/>\n<meta name=\"geo.region\" content=\"Austria\" \/>\n<!-- \/ Yoast SEO Premium plugin. -->","yoast_head_json":{"title":"Climbing Technology Swhippy Fangleine mit Wirbel | bolting.eu","description":"Hier findest Du die CLIMBING TECHNOLOGY SWHIPPY FANGLEINE f\u00fcr Eisger\u00e4te. Eine klasse Leash mit Wirbel f\u00fcr den Einsatz im alpinen Gel\u00e4nde.","robots":{"index":"index","follow":"follow","max-snippet":"max-snippet:-1","max-image-preview":"max-image-preview:large","max-video-preview":"max-video-preview:-1"},"canonical":"https:\/\/bolting.eu\/en\/shop\/climbing-technology-swhippy-fangleine\/","og_locale":"en_US","og_type":"article","og_title":"Climbing Technology Swhippy Fangleine","og_description":"Hier findest Du die CLIMBING TECHNOLOGY SWHIPPY FANGLEINE f\u00fcr Eisger\u00e4te. Eine klasse Leash mit Wirbel f\u00fcr den Einsatz im alpinen Gel\u00e4nde.","og_url":"https:\/\/bolting.eu\/en\/shop\/climbing-technology-swhippy-fangleine\/","og_site_name":"bolting.eu","article_publisher":"https:\/\/www.facebook.com\/bolting.eu","article_modified_time":"2025-03-10T13:07:59+00:00","og_image":[{"width":700,"height":700,"url":"https:\/\/bolting.eu\/wp-content\/uploads\/2022\/08\/CT-Swhippy-LEash-2.jpg","type":"image\/jpeg"}],"twitter_card":"summary_large_image","twitter_misc":{"Price":"&euro;&nbsp;44,90","Availability":"In stock"},"schema":{"@context":"https:\/\/schema.org","@graph":[{"@type":["WebPage","ItemPage"],"@id":"https:\/\/bolting.eu\/en\/shop\/climbing-technology-swhippy-fangleine\/","url":"https:\/\/bolting.eu\/en\/shop\/climbing-technology-swhippy-fangleine\/","name":"Climbing Technology Swhippy Fangleine mit Wirbel | bolting.eu","isPartOf":{"@id":"https:\/\/bolting.eu\/en\/#website"},"primaryImageOfPage":{"@id":"https:\/\/bolting.eu\/en\/shop\/climbing-technology-swhippy-fangleine\/#primaryimage"},"image":{"@id":"https:\/\/bolting.eu\/en\/shop\/climbing-technology-swhippy-fangleine\/#primaryimage"},"thumbnailUrl":"https:\/\/bolting.eu\/wp-content\/uploads\/2022\/08\/CT-Swhippy-LEash-2.jpg","datePublished":"2022-08-10T11:49:43+00:00","dateModified":"2025-03-10T13:07:59+00:00","description":"Hier findest Du die CLIMBING TECHNOLOGY SWHIPPY FANGLEINE f\u00fcr Eisger\u00e4te. Eine klasse Leash mit Wirbel f\u00fcr den Einsatz im alpinen Gel\u00e4nde.","breadcrumb":{"@id":"https:\/\/bolting.eu\/en\/shop\/climbing-technology-swhippy-fangleine\/#breadcrumb"},"inLanguage":"en-US","potentialAction":[{"@type":"ReadAction","target":["https:\/\/bolting.eu\/en\/shop\/climbing-technology-swhippy-fangleine\/"]}]},{"@type":"ImageObject","inLanguage":"en-US","@id":"https:\/\/bolting.eu\/en\/shop\/climbing-technology-swhippy-fangleine\/#primaryimage","url":"https:\/\/bolting.eu\/wp-content\/uploads\/2022\/08\/CT-Swhippy-LEash-2.jpg","contentUrl":"https:\/\/bolting.eu\/wp-content\/uploads\/2022\/08\/CT-Swhippy-LEash-2.jpg","width":700,"height":700,"caption":"Das Bild zeigt die orange schwarze Climbing tEchnology Swhippy Fangleine f\u00fcr Eisger\u00e4te in einem Halbkreis gelegt."},{"@type":"BreadcrumbList","@id":"https:\/\/bolting.eu\/en\/shop\/climbing-technology-swhippy-fangleine\/#breadcrumb","itemListElement":[{"@type":"ListItem","position":1,"name":"Shop","item":"https:\/\/bolting.eu\/en\/shop\/"},{"@type":"ListItem","position":2,"name":"Bergsteiger Ausr\u00fcstung","item":"https:\/\/bolting.eu\/produkt-kategorie\/bergsteiger-ausruestung\/"},{"@type":"ListItem","position":3,"name":"Zubeh\u00f6r Eispickel - Eisger\u00e4te","item":"https:\/\/bolting.eu\/produkt-kategorie\/bergsteiger-ausruestung\/zubehoer-eispickel-eisgeraete\/"},{"@type":"ListItem","position":4,"name":"Climbing Technology Swhippy Fangleine"}]},{"@type":"WebSite","@id":"https:\/\/bolting.eu\/en\/#website","url":"https:\/\/bolting.eu\/en\/","name":"bolting.eu","description":"we make climbs happen","publisher":{"@id":"https:\/\/bolting.eu\/en\/#organization"},"potentialAction":[{"@type":"SearchAction","target":{"@type":"EntryPoint","urlTemplate":"https:\/\/bolting.eu\/en\/?s={search_term_string}"},"query-input":{"@type":"PropertyValueSpecification","valueRequired":true,"valueName":"search_term_string"}}],"inLanguage":"en-US"},{"@type":["Organization","Place","SportingGoodsStore"],"@id":"https:\/\/bolting.eu\/en\/#organization","name":"bolting.eu","url":"https:\/\/bolting.eu\/en\/","logo":{"@id":"https:\/\/bolting.eu\/en\/shop\/climbing-technology-swhippy-fangleine\/#local-main-organization-logo"},"image":{"@id":"https:\/\/bolting.eu\/en\/shop\/climbing-technology-swhippy-fangleine\/#local-main-organization-logo"},"sameAs":["https:\/\/www.facebook.com\/bolting.eu","https:\/\/www.instagram.com\/bolting.eu\/"],"address":{"@id":"https:\/\/bolting.eu\/en\/shop\/climbing-technology-swhippy-fangleine\/#local-main-place-address"},"geo":{"@type":"GeoCoordinates","latitude":"47.264176340396226","longitude":"11.380109057672346"},"telephone":["+43 699 19083372"],"openingHoursSpecification":[{"@type":"OpeningHoursSpecification","dayOfWeek":["Monday","Wednesday","Friday"],"opens":"14:00","closes":"18:00"},{"@type":"OpeningHoursSpecification","dayOfWeek":["Tuesday","Thursday","Saturday","Sunday"],"opens":"00:00","closes":"00:00"}],"email":"office@bolting.eu","vatID":"ATU59999728","priceRange":"$$","currenciesAccepted":"Euro"},{"@type":"PostalAddress","@id":"https:\/\/bolting.eu\/en\/shop\/climbing-technology-swhippy-fangleine\/#local-main-place-address","streetAddress":"Fischnalerstra\u00dfe 4","addressLocality":"Innsbruck","postalCode":"6020","addressRegion":"Tirol","addressCountry":"AT"},{"@type":"ImageObject","inLanguage":"en-US","@id":"https:\/\/bolting.eu\/en\/shop\/climbing-technology-swhippy-fangleine\/#local-main-organization-logo","url":"https:\/\/bolting.eu\/wp-content\/uploads\/2019\/09\/bolting-logo.png","contentUrl":"https:\/\/bolting.eu\/wp-content\/uploads\/2019\/09\/bolting-logo.png","width":400,"height":211,"caption":"bolting.eu"}]},"product_price_amount":"44.90","product_price_currency":"EUR","og_availability":"instock","product_availability":"instock","product_retailer_item_id":"7W141","product_condition":"new","geo.placename":"Innsbruck","geo.position":{"lat":"47.264176340396226","long":"11.380109057672346"},"geo.region":"Austria"},"_links":{"self":[{"href":"https:\/\/bolting.eu\/en\/wp-json\/wp\/v2\/product\/12743","targetHints":{"allow":["GET"]}}],"collection":[{"href":"https:\/\/bolting.eu\/en\/wp-json\/wp\/v2\/product"}],"about":[{"href":"https:\/\/bolting.eu\/en\/wp-json\/wp\/v2\/types\/product"}],"replies":[{"embeddable":true,"href":"https:\/\/bolting.eu\/en\/wp-json\/wp\/v2\/comments?post=12743"}],"wp:featuredmedia":[{"embeddable":true,"href":"https:\/\/bolting.eu\/en\/wp-json\/wp\/v2\/media\/12745"}],"wp:attachment":[{"href":"https:\/\/bolting.eu\/en\/wp-json\/wp\/v2\/media?parent=12743"}],"wp:term":[{"taxonomy":"product_brand","embeddable":true,"href":"https:\/\/bolting.eu\/en\/wp-json\/wp\/v2\/product_brand?post=12743"},{"taxonomy":"product_cat","embeddable":true,"href":"https:\/\/bolting.eu\/en\/wp-json\/wp\/v2\/product_cat?post=12743"},{"taxonomy":"product_tag","embeddable":true,"href":"https:\/\/bolting.eu\/en\/wp-json\/wp\/v2\/product_tag?post=12743"}],"curies":[{"name":"wp","href":"https:\/\/api.w.org\/{rel}","templated":true}]}}