{"id":12738,"date":"2022-08-10T12:34:05","date_gmt":"2022-08-10T10:34:05","guid":{"rendered":"https:\/\/bolting.eu\/?post_type=product&#038;p=12738"},"modified":"2025-02-05T16:39:16","modified_gmt":"2025-02-05T15:39:16","slug":"camp-x-gyro-leash","status":"publish","type":"product","link":"https:\/\/bolting.eu\/en\/shop\/camp-x-gyro-leash\/","title":{"rendered":"Camp X-Gyro Leash"},"content":{"rendered":"<p>Die Camp Camp X-Gyro Leash ist eine Fangleine f\u00fcr <a href=\"https:\/\/bolting.eu\/produkt-kategorie\/bergsteiger-ausruestung\/eisgeraete\/\">Eisger\u00e4te<\/a>. Was dieses Produkt auszeichnet, ist der drehbare Wirbel an der Basis der Leine. Somit k\u00f6nnen sich die elastischen Arme &#8211; wie bei herk\u00f6mmlichen Modellen &#8211; nicht umwickeln.<\/p>\n<p>Diese Fangleine bietet zwei M\u00f6glichkeiten, seine Pickel zu montieren. Erstens mit den mitgelieferten kleinen Karabinern. Oder alternativ auch mit den inkludierten, kleinen Schlingen, welche das Festmachen der Ger\u00e4te mit Ankerstich erlauben. In diesem Falle h\u00e4ngt man die Karabiner aus.<\/p>\n<p>ideal f\u00fcr den alpinen Einsatz mit z.B. dem X-All Mountain oder X-Dream Alpine Eisger\u00e4ten.<\/p>\n<h2>Eigenschaften Camp X-Gyro Leash<\/h2>\n<ul>\n<li>Hersteller: <a href=\"https:\/\/bolting.eu\/produkt-kategorie\/camp-cassin\/\">CAMP<\/a><\/li>\n<li>Material: Polyamid, Gummi, Alu;<\/li>\n<li>Gewicht: 133 Gramm<\/li>\n<li>L\u00e4nge normal &#8211; ausgestreckt: 92cm &#8211; 147cm<\/li>\n<li>inkl. Gyro Wirbel<\/li>\n<li>kein Umwickeln der elastischen Arme mehr m\u00f6glich<\/li>\n<li>erh\u00f6ht Handlingkomfort der Eisger\u00e4te ganz enorm<\/li>\n<li>verhindert Absturz der Eisger\u00e4te<\/li>\n<li>optional am Eisger\u00e4t mit Karabiner oder Reepschnur (Ankerstich) zu befestigen<\/li>\n<li><a href=\"https:\/\/www.camp.it\">zum Hersteller<\/a><\/li>\n<\/ul>\n<h3>Produktvideo<\/h3>\n<p>Im Folgenden k\u00f6nnt ihr euch einige der Vorteile der Camp X-Gyro Leash in einem Video anschauen.<\/p>\n<p>Was sehr sch\u00f6n heraus kommt, ist zum einen der Vorteil des Drehgelenks. Und zum anderen die Option, Eisger\u00e4te auch mit dem Ankerstich anzuh\u00e4ngen.<\/p>\n<p><iframe loading=\"lazy\" title=\"CAMP Gyro Leash\" width=\"1020\" height=\"574\" src=\"https:\/\/www.youtube.com\/embed\/R7xoMZcD8r0?feature=oembed\" frameborder=\"0\" allow=\"accelerometer; autoplay; clipboard-write; encrypted-media; gyroscope; picture-in-picture; web-share\" referrerpolicy=\"strict-origin-when-cross-origin\" allowfullscreen><\/iframe><\/p>\n<h3>Kein Umwickeln der elastischen Arme mehr!<\/h3>\n<p>Der Wirbel der X-Gyro Leash hat gleich drei Gelenke. D.h. erstens, die Arme der Fangleine k\u00f6nnen sich nicht um sich selbst wickeln. Und zweitens auch nich gegeneinander umwickeln.<\/p>\n<p>Somit kann diese Fangleine eine wesentliche Erleichterung gegen\u00fcber herk\u00f6mmlichen Produkten bieten. Denn das &#8220;Entflechten&#8221; der umwickelten Arme entf\u00e4llt zur G\u00e4nze!<\/p>\n","protected":false},"excerpt":{"rendered":"<p>Hochwertige Leash f\u00fcr zwei Eisger\u00e4te mit einem Wirbel. Verhindert das gegenseitige Umwickeln der elastischen Arme und vermeidet Abst\u00fcrze der Eisger\u00e4te.<\/p>\n<p>L\u00e4nge 85cm bzw. 129cm ausgestreckt.<\/p>\n<p>Versandkostenfrei bis 2kg in <img decoding=\"async\" class=\"emoji\" role=\"img\" draggable=\"false\" src=\"https:\/\/s.w.org\/images\/core\/emoji\/13.1.0\/svg\/1f1e6-1f1f9.svg\" alt=\"\ud83c\udde6\ud83c\uddf9\" \/> ab \u20ac 100,- und <img decoding=\"async\" class=\"emoji\" role=\"img\" draggable=\"false\" src=\"https:\/\/s.w.org\/images\/core\/emoji\/13.1.0\/svg\/1f1e9-1f1ea.svg\" alt=\"\ud83c\udde9\ud83c\uddea\" \/> ab \u20ac 200,-!<\/p>\n","protected":false},"featured_media":12741,"comment_status":"closed","ping_status":"closed","template":"","meta":[],"product_brand":[],"product_cat":[14358,4653,13938],"product_tag":[],"class_list":{"0":"post-12738","1":"product","2":"type-product","3":"status-publish","4":"has-post-thumbnail","6":"product_cat-zubehoer-eispickel-eisgeraete","7":"product_cat-camp-cassin","8":"product_cat-bergsteiger-ausruestung","10":"first","11":"instock","12":"taxable","13":"shipping-taxable","14":"purchasable","15":"product-type-simple"},"yoast_head":"<!-- This site is optimized with the Yoast SEO Premium plugin v26.9 (Yoast SEO v26.9) - https:\/\/yoast.com\/product\/yoast-seo-premium-wordpress\/ -->\n<title>Camp X-Gyro Leash - Fangleine mit Wirbel f\u00fcr Eisger\u00e4te | bolting.eu<\/title>\n<meta name=\"description\" content=\"Hier findest Du die CAMP X-GYRO LEASH. Eine Fangleine mit Wirbel welche das gegenseitige Umwickeln der elastischen Arme verhindert.\" \/>\n<meta name=\"robots\" content=\"index, follow, max-snippet:-1, max-image-preview:large, max-video-preview:-1\" \/>\n<link rel=\"canonical\" href=\"https:\/\/bolting.eu\/en\/shop\/camp-x-gyro-leash\/\" \/>\n<meta property=\"og:locale\" content=\"en_US\" \/>\n<meta property=\"og:type\" content=\"article\" \/>\n<meta property=\"og:title\" content=\"Camp X-Gyro Leash\" \/>\n<meta property=\"og:description\" content=\"Hier findest Du die CAMP X-GYRO LEASH. Eine Fangleine mit Wirbel welche das gegenseitige Umwickeln der elastischen Arme verhindert.\" \/>\n<meta property=\"og:url\" content=\"https:\/\/bolting.eu\/en\/shop\/camp-x-gyro-leash\/\" \/>\n<meta property=\"og:site_name\" content=\"bolting.eu\" \/>\n<meta property=\"article:publisher\" content=\"https:\/\/www.facebook.com\/bolting.eu\" \/>\n<meta property=\"article:modified_time\" content=\"2025-02-05T15:39:16+00:00\" \/>\n<meta property=\"og:image\" content=\"https:\/\/bolting.eu\/wp-content\/uploads\/2022\/08\/Camp-X-Gyro-Leash-1.jpg\" \/>\n\t<meta property=\"og:image:width\" content=\"700\" \/>\n\t<meta property=\"og:image:height\" content=\"700\" \/>\n\t<meta property=\"og:image:type\" content=\"image\/jpeg\" \/>\n<meta name=\"twitter:card\" content=\"summary_large_image\" \/>\n<meta name=\"twitter:label1\" content=\"Price\" \/>\n\t<meta name=\"twitter:data1\" content=\"&euro;&nbsp;54,90\" \/>\n\t<meta name=\"twitter:label2\" content=\"Availability\" \/>\n\t<meta name=\"twitter:data2\" content=\"In stock\" \/>\n<script type=\"application\/ld+json\" class=\"yoast-schema-graph\">{\"@context\":\"https:\/\/schema.org\",\"@graph\":[{\"@type\":[\"WebPage\",\"ItemPage\"],\"@id\":\"https:\/\/bolting.eu\/en\/shop\/camp-x-gyro-leash\/\",\"url\":\"https:\/\/bolting.eu\/en\/shop\/camp-x-gyro-leash\/\",\"name\":\"Camp X-Gyro Leash - Fangleine mit Wirbel f\u00fcr Eisger\u00e4te | bolting.eu\",\"isPartOf\":{\"@id\":\"https:\/\/bolting.eu\/en\/#website\"},\"primaryImageOfPage\":{\"@id\":\"https:\/\/bolting.eu\/en\/shop\/camp-x-gyro-leash\/#primaryimage\"},\"image\":{\"@id\":\"https:\/\/bolting.eu\/en\/shop\/camp-x-gyro-leash\/#primaryimage\"},\"thumbnailUrl\":\"https:\/\/bolting.eu\/wp-content\/uploads\/2022\/08\/Camp-X-Gyro-Leash-1.jpg\",\"datePublished\":\"2022-08-10T10:34:05+00:00\",\"dateModified\":\"2025-02-05T15:39:16+00:00\",\"description\":\"Hier findest Du die CAMP X-GYRO LEASH. Eine Fangleine mit Wirbel welche das gegenseitige Umwickeln der elastischen Arme verhindert.\",\"breadcrumb\":{\"@id\":\"https:\/\/bolting.eu\/en\/shop\/camp-x-gyro-leash\/#breadcrumb\"},\"inLanguage\":\"en-US\",\"potentialAction\":[{\"@type\":\"ReadAction\",\"target\":[\"https:\/\/bolting.eu\/en\/shop\/camp-x-gyro-leash\/\"]}]},{\"@type\":\"ImageObject\",\"inLanguage\":\"en-US\",\"@id\":\"https:\/\/bolting.eu\/en\/shop\/camp-x-gyro-leash\/#primaryimage\",\"url\":\"https:\/\/bolting.eu\/wp-content\/uploads\/2022\/08\/Camp-X-Gyro-Leash-1.jpg\",\"contentUrl\":\"https:\/\/bolting.eu\/wp-content\/uploads\/2022\/08\/Camp-X-Gyro-Leash-1.jpg\",\"width\":700,\"height\":700},{\"@type\":\"BreadcrumbList\",\"@id\":\"https:\/\/bolting.eu\/en\/shop\/camp-x-gyro-leash\/#breadcrumb\",\"itemListElement\":[{\"@type\":\"ListItem\",\"position\":1,\"name\":\"Shop\",\"item\":\"https:\/\/bolting.eu\/en\/shop\/\"},{\"@type\":\"ListItem\",\"position\":2,\"name\":\"Bergsteiger Ausr\u00fcstung\",\"item\":\"https:\/\/bolting.eu\/produkt-kategorie\/bergsteiger-ausruestung\/\"},{\"@type\":\"ListItem\",\"position\":3,\"name\":\"Zubeh\u00f6r Eispickel - Eisger\u00e4te\",\"item\":\"https:\/\/bolting.eu\/produkt-kategorie\/bergsteiger-ausruestung\/zubehoer-eispickel-eisgeraete\/\"},{\"@type\":\"ListItem\",\"position\":4,\"name\":\"Camp X-Gyro Leash\"}]},{\"@type\":\"WebSite\",\"@id\":\"https:\/\/bolting.eu\/en\/#website\",\"url\":\"https:\/\/bolting.eu\/en\/\",\"name\":\"bolting.eu\",\"description\":\"we make climbs happen\",\"publisher\":{\"@id\":\"https:\/\/bolting.eu\/en\/#organization\"},\"potentialAction\":[{\"@type\":\"SearchAction\",\"target\":{\"@type\":\"EntryPoint\",\"urlTemplate\":\"https:\/\/bolting.eu\/en\/?s={search_term_string}\"},\"query-input\":{\"@type\":\"PropertyValueSpecification\",\"valueRequired\":true,\"valueName\":\"search_term_string\"}}],\"inLanguage\":\"en-US\"},{\"@type\":[\"Organization\",\"Place\",\"SportingGoodsStore\"],\"@id\":\"https:\/\/bolting.eu\/en\/#organization\",\"name\":\"bolting.eu\",\"url\":\"https:\/\/bolting.eu\/en\/\",\"logo\":{\"@id\":\"https:\/\/bolting.eu\/en\/shop\/camp-x-gyro-leash\/#local-main-organization-logo\"},\"image\":{\"@id\":\"https:\/\/bolting.eu\/en\/shop\/camp-x-gyro-leash\/#local-main-organization-logo\"},\"sameAs\":[\"https:\/\/www.facebook.com\/bolting.eu\",\"https:\/\/www.instagram.com\/bolting.eu\/\"],\"address\":{\"@id\":\"https:\/\/bolting.eu\/en\/shop\/camp-x-gyro-leash\/#local-main-place-address\"},\"geo\":{\"@type\":\"GeoCoordinates\",\"latitude\":\"47.264176340396226\",\"longitude\":\"11.380109057672346\"},\"telephone\":[\"+43 699 19083372\"],\"openingHoursSpecification\":[{\"@type\":\"OpeningHoursSpecification\",\"dayOfWeek\":[\"Monday\",\"Wednesday\",\"Friday\"],\"opens\":\"14:00\",\"closes\":\"18:00\"},{\"@type\":\"OpeningHoursSpecification\",\"dayOfWeek\":[\"Tuesday\",\"Thursday\",\"Saturday\",\"Sunday\"],\"opens\":\"00:00\",\"closes\":\"00:00\"}],\"email\":\"office@bolting.eu\",\"vatID\":\"ATU59999728\",\"priceRange\":\"$$\",\"currenciesAccepted\":\"Euro\"},{\"@type\":\"PostalAddress\",\"@id\":\"https:\/\/bolting.eu\/en\/shop\/camp-x-gyro-leash\/#local-main-place-address\",\"streetAddress\":\"Fischnalerstra\u00dfe 4\",\"addressLocality\":\"Innsbruck\",\"postalCode\":\"6020\",\"addressRegion\":\"Tirol\",\"addressCountry\":\"AT\"},{\"@type\":\"ImageObject\",\"inLanguage\":\"en-US\",\"@id\":\"https:\/\/bolting.eu\/en\/shop\/camp-x-gyro-leash\/#local-main-organization-logo\",\"url\":\"https:\/\/bolting.eu\/wp-content\/uploads\/2019\/09\/bolting-logo.png\",\"contentUrl\":\"https:\/\/bolting.eu\/wp-content\/uploads\/2019\/09\/bolting-logo.png\",\"width\":400,\"height\":211,\"caption\":\"bolting.eu\"}]}<\/script>\n<meta property=\"og:video\" content=\"https:\/\/www.youtube.com\/embed\/R7xoMZcD8r0\" \/>\n<meta property=\"og:video:type\" content=\"text\/html\" \/>\n<meta property=\"og:video:duration\" content=\"128\" \/>\n<meta property=\"og:video:width\" content=\"480\" \/>\n<meta property=\"og:video:height\" content=\"270\" \/>\n<meta property=\"ya:ovs:adult\" content=\"false\" \/>\n<meta property=\"ya:ovs:upload_date\" content=\"2022-08-10T10:34:05+00:00\" \/>\n<meta property=\"ya:ovs:allow_embed\" content=\"true\" \/>\n<meta property=\"product:price:amount\" content=\"54.90\" \/>\n<meta property=\"product:price:currency\" content=\"EUR\" \/>\n<meta property=\"og:availability\" content=\"instock\" \/>\n<meta property=\"product:availability\" content=\"instock\" \/>\n<meta property=\"product:retailer_item_id\" content=\"012602C\" \/>\n<meta property=\"product:condition\" content=\"new\" \/>\n<meta name=\"geo.placename\" content=\"Innsbruck\" \/>\n<meta name=\"geo.position\" content=\"47.264176340396226;11.380109057672346\" \/>\n<meta name=\"geo.region\" content=\"Austria\" \/>\n<!-- \/ Yoast SEO Premium plugin. -->","yoast_head_json":{"title":"Camp X-Gyro Leash - Fangleine mit Wirbel f\u00fcr Eisger\u00e4te | bolting.eu","description":"Hier findest Du die CAMP X-GYRO LEASH. Eine Fangleine mit Wirbel welche das gegenseitige Umwickeln der elastischen Arme verhindert.","robots":{"index":"index","follow":"follow","max-snippet":"max-snippet:-1","max-image-preview":"max-image-preview:large","max-video-preview":"max-video-preview:-1"},"canonical":"https:\/\/bolting.eu\/en\/shop\/camp-x-gyro-leash\/","og_locale":"en_US","og_type":"article","og_title":"Camp X-Gyro Leash","og_description":"Hier findest Du die CAMP X-GYRO LEASH. Eine Fangleine mit Wirbel welche das gegenseitige Umwickeln der elastischen Arme verhindert.","og_url":"https:\/\/bolting.eu\/en\/shop\/camp-x-gyro-leash\/","og_site_name":"bolting.eu","article_publisher":"https:\/\/www.facebook.com\/bolting.eu","article_modified_time":"2025-02-05T15:39:16+00:00","og_image":[{"width":700,"height":700,"url":"https:\/\/bolting.eu\/wp-content\/uploads\/2022\/08\/Camp-X-Gyro-Leash-1.jpg","type":"image\/jpeg"}],"twitter_card":"summary_large_image","twitter_misc":{"Price":"&euro;&nbsp;54,90","Availability":"In stock"},"schema":{"@context":"https:\/\/schema.org","@graph":[{"@type":["WebPage","ItemPage"],"@id":"https:\/\/bolting.eu\/en\/shop\/camp-x-gyro-leash\/","url":"https:\/\/bolting.eu\/en\/shop\/camp-x-gyro-leash\/","name":"Camp X-Gyro Leash - Fangleine mit Wirbel f\u00fcr Eisger\u00e4te | bolting.eu","isPartOf":{"@id":"https:\/\/bolting.eu\/en\/#website"},"primaryImageOfPage":{"@id":"https:\/\/bolting.eu\/en\/shop\/camp-x-gyro-leash\/#primaryimage"},"image":{"@id":"https:\/\/bolting.eu\/en\/shop\/camp-x-gyro-leash\/#primaryimage"},"thumbnailUrl":"https:\/\/bolting.eu\/wp-content\/uploads\/2022\/08\/Camp-X-Gyro-Leash-1.jpg","datePublished":"2022-08-10T10:34:05+00:00","dateModified":"2025-02-05T15:39:16+00:00","description":"Hier findest Du die CAMP X-GYRO LEASH. Eine Fangleine mit Wirbel welche das gegenseitige Umwickeln der elastischen Arme verhindert.","breadcrumb":{"@id":"https:\/\/bolting.eu\/en\/shop\/camp-x-gyro-leash\/#breadcrumb"},"inLanguage":"en-US","potentialAction":[{"@type":"ReadAction","target":["https:\/\/bolting.eu\/en\/shop\/camp-x-gyro-leash\/"]}]},{"@type":"ImageObject","inLanguage":"en-US","@id":"https:\/\/bolting.eu\/en\/shop\/camp-x-gyro-leash\/#primaryimage","url":"https:\/\/bolting.eu\/wp-content\/uploads\/2022\/08\/Camp-X-Gyro-Leash-1.jpg","contentUrl":"https:\/\/bolting.eu\/wp-content\/uploads\/2022\/08\/Camp-X-Gyro-Leash-1.jpg","width":700,"height":700},{"@type":"BreadcrumbList","@id":"https:\/\/bolting.eu\/en\/shop\/camp-x-gyro-leash\/#breadcrumb","itemListElement":[{"@type":"ListItem","position":1,"name":"Shop","item":"https:\/\/bolting.eu\/en\/shop\/"},{"@type":"ListItem","position":2,"name":"Bergsteiger Ausr\u00fcstung","item":"https:\/\/bolting.eu\/produkt-kategorie\/bergsteiger-ausruestung\/"},{"@type":"ListItem","position":3,"name":"Zubeh\u00f6r Eispickel - Eisger\u00e4te","item":"https:\/\/bolting.eu\/produkt-kategorie\/bergsteiger-ausruestung\/zubehoer-eispickel-eisgeraete\/"},{"@type":"ListItem","position":4,"name":"Camp X-Gyro Leash"}]},{"@type":"WebSite","@id":"https:\/\/bolting.eu\/en\/#website","url":"https:\/\/bolting.eu\/en\/","name":"bolting.eu","description":"we make climbs happen","publisher":{"@id":"https:\/\/bolting.eu\/en\/#organization"},"potentialAction":[{"@type":"SearchAction","target":{"@type":"EntryPoint","urlTemplate":"https:\/\/bolting.eu\/en\/?s={search_term_string}"},"query-input":{"@type":"PropertyValueSpecification","valueRequired":true,"valueName":"search_term_string"}}],"inLanguage":"en-US"},{"@type":["Organization","Place","SportingGoodsStore"],"@id":"https:\/\/bolting.eu\/en\/#organization","name":"bolting.eu","url":"https:\/\/bolting.eu\/en\/","logo":{"@id":"https:\/\/bolting.eu\/en\/shop\/camp-x-gyro-leash\/#local-main-organization-logo"},"image":{"@id":"https:\/\/bolting.eu\/en\/shop\/camp-x-gyro-leash\/#local-main-organization-logo"},"sameAs":["https:\/\/www.facebook.com\/bolting.eu","https:\/\/www.instagram.com\/bolting.eu\/"],"address":{"@id":"https:\/\/bolting.eu\/en\/shop\/camp-x-gyro-leash\/#local-main-place-address"},"geo":{"@type":"GeoCoordinates","latitude":"47.264176340396226","longitude":"11.380109057672346"},"telephone":["+43 699 19083372"],"openingHoursSpecification":[{"@type":"OpeningHoursSpecification","dayOfWeek":["Monday","Wednesday","Friday"],"opens":"14:00","closes":"18:00"},{"@type":"OpeningHoursSpecification","dayOfWeek":["Tuesday","Thursday","Saturday","Sunday"],"opens":"00:00","closes":"00:00"}],"email":"office@bolting.eu","vatID":"ATU59999728","priceRange":"$$","currenciesAccepted":"Euro"},{"@type":"PostalAddress","@id":"https:\/\/bolting.eu\/en\/shop\/camp-x-gyro-leash\/#local-main-place-address","streetAddress":"Fischnalerstra\u00dfe 4","addressLocality":"Innsbruck","postalCode":"6020","addressRegion":"Tirol","addressCountry":"AT"},{"@type":"ImageObject","inLanguage":"en-US","@id":"https:\/\/bolting.eu\/en\/shop\/camp-x-gyro-leash\/#local-main-organization-logo","url":"https:\/\/bolting.eu\/wp-content\/uploads\/2019\/09\/bolting-logo.png","contentUrl":"https:\/\/bolting.eu\/wp-content\/uploads\/2019\/09\/bolting-logo.png","width":400,"height":211,"caption":"bolting.eu"}]},"og_video":"https:\/\/www.youtube.com\/embed\/R7xoMZcD8r0","og_video_type":"text\/html","og_video_duration":"128","og_video_width":"480","og_video_height":"270","ya_ovs_adult":"false","ya_ovs_upload_date":"2022-08-10T10:34:05+00:00","ya_ovs_allow_embed":"true","product_price_amount":"54.90","product_price_currency":"EUR","og_availability":"instock","product_availability":"instock","product_retailer_item_id":"012602C","product_condition":"new","geo.placename":"Innsbruck","geo.position":{"lat":"47.264176340396226","long":"11.380109057672346"},"geo.region":"Austria"},"_links":{"self":[{"href":"https:\/\/bolting.eu\/en\/wp-json\/wp\/v2\/product\/12738","targetHints":{"allow":["GET"]}}],"collection":[{"href":"https:\/\/bolting.eu\/en\/wp-json\/wp\/v2\/product"}],"about":[{"href":"https:\/\/bolting.eu\/en\/wp-json\/wp\/v2\/types\/product"}],"replies":[{"embeddable":true,"href":"https:\/\/bolting.eu\/en\/wp-json\/wp\/v2\/comments?post=12738"}],"wp:featuredmedia":[{"embeddable":true,"href":"https:\/\/bolting.eu\/en\/wp-json\/wp\/v2\/media\/12741"}],"wp:attachment":[{"href":"https:\/\/bolting.eu\/en\/wp-json\/wp\/v2\/media?parent=12738"}],"wp:term":[{"taxonomy":"product_brand","embeddable":true,"href":"https:\/\/bolting.eu\/en\/wp-json\/wp\/v2\/product_brand?post=12738"},{"taxonomy":"product_cat","embeddable":true,"href":"https:\/\/bolting.eu\/en\/wp-json\/wp\/v2\/product_cat?post=12738"},{"taxonomy":"product_tag","embeddable":true,"href":"https:\/\/bolting.eu\/en\/wp-json\/wp\/v2\/product_tag?post=12738"}],"curies":[{"name":"wp","href":"https:\/\/api.w.org\/{rel}","templated":true}]}}