{"id":12715,"date":"2022-08-10T11:00:21","date_gmt":"2022-08-10T09:00:21","guid":{"rendered":"https:\/\/bolting.eu\/?post_type=product&#038;p=12715"},"modified":"2026-02-25T11:55:50","modified_gmt":"2026-02-25T10:55:50","slug":"petzl-quark-eisgeraet","status":"publish","type":"product","link":"https:\/\/bolting.eu\/en\/shop\/petzl-quark-eisgeraet\/","title":{"rendered":"Petzl Quark Eisger\u00e4t"},"content":{"rendered":"<p>Das Petzl Quark Eisger\u00e4t ist das wohl <strong>meist verkaufte Allround Modell f\u00fcr Alpinisten<\/strong>. Denn es ist perfekt zum technischen Bergsteigen, harte alpine Eins\u00e4tze sowie zum <a href=\"https:\/\/bolting.eu\/eisklettern\/\">Eisklettern<\/a>.<\/p>\n<p>Den hervorragenden Ruf bzw. seine exzellenten Eigenschaften, basieren auf dem perfekt ausbalancierten Eigenschaften.<\/p>\n<p>Das w\u00e4re erstens die Ergonomie. Dieses Produkt l\u00e4sst sich n\u00e4mlich sowohl ideal als Pickel verwenden, als auch Ger\u00e4t zum Schlagen. Die Proportionen sind extrem gelungen mit dem Knick weit oben am Schaft. Das bedeutet idealen \u201eZug\u201c und zeitgleich die M\u00f6glichkeit, den Rest des geraden Schaftes im Firn einstecken zu k\u00f6nnen.<\/p>\n<p>Zweitens ist das Quark modular aufgebaut. D.h. beim Quark kann man wie bei den Top Modellen Nomic und Ergonomic sowie Sum\u00b4Tec am Kopf unterschiedlichste Module bzw. Hauen und Aufs\u00e4tze anbringen.<\/p>\n<p>Und drittens bietet dieses Eisger\u00e4t perfekten Halt. Dank des ideal geformten Griffes sowie der Griffauflage \u201eGriprest\u201c am Ende des Schaftes, die sogar eingeklappt werden kann. Die Fingerauflage \u201eTrigrest\u201c ist etwas weiter oben am Schaft und erm\u00f6glicht ein problemloses \u201eUmgreifen\u201c. Diese Auflage ist zudem verstellbar, je nach Gel\u00e4nde finden sich so die besten Einstellungen daf\u00fcr.<\/p>\n<p>Kurzum. Dieses Eisger\u00e4t hat sich seine herausragende Stellung am Markt redlich verdient.<\/p>\n<h2>Eigenschaften Petzl Quark Eisger\u00e4t<\/h2>\n<ul>\n<li>Hersteller: <a href=\"https:\/\/bolting.eu\/shop\/coeur-stainless-petzl\/\">Petzl<\/a><\/li>\n<li>Material: Schaft \u2013 Alu, Haue \u2013 geh\u00e4rteter Stahl, Aufs\u00e4tze Kunststoff<\/li>\n<li>L\u00e4nge: 50cm<\/li>\n<li>Gewicht: 550 Gramm<\/li>\n<li>Normen: EN 13089<\/li>\n<li>meist verkauftes Allround Eisger\u00e4t am Markt<\/li>\n<li>Varianten: Kopf mit Hammer oder Schaufel<\/li>\n<li>f\u00fcr Eis- und Mixed Klettern sowie Dry Tooling<\/li>\n<li>spitz zulaufende Haue (3,3mm) Haue &#8220;Ice&#8221;<\/li>\n<li>&#8220;Knick&#8221; im oberen Schaft bereich f\u00fcr steiles Gel\u00e4nde<\/li>\n<li>gerader unterer Schaft zum &#8220;Einstecken&#8221; in den Schnee<\/li>\n<li>&#8220;Griprest&#8221; Handauflage einklappbar<\/li>\n<li>&#8220;Trigrest&#8221; Fingerauflage<\/li>\n<li>perfekt geformter Griff<\/li>\n<li>Stahl Dorn mit \u00d6se am Schaftende f\u00fcr Verwendung als Stock<\/li>\n<li>Kopf mit modularem &#8220;Alpen Adapt&#8221; System<\/li>\n<li>kann an alle Bedingungen angepasst werden<\/li>\n<li>Kopf inkl. Karabiner \u00d6se<\/li>\n<li>kompatibel mit Fangleine <a href=\"https:\/\/bolting.eu\/shop\/petzl-v-link-fangleine\/\">V-Link<\/a><\/li>\n<li><a href=\"https:\/\/www.petzl.com\/sfc\/servlet.shepherd\/version\/download\/0686800000D6gwNAAR\" target=\"_blank\" rel=\"noopener\">Bedienungsanleitung<\/a><\/li>\n<\/ul>\n<h3>Produktvideo<\/h3>\n<p>Im Folgenden erkl\u00e4rt euch Petzl America selber die vielen Details dieses tollen Eisger\u00e4tes. Was sehr gut herauskommt, sind die vielen, unkomplizierten Verstellm\u00f6glichkeiten des Petzl Quark f\u00fcr die unterschiedlichsten Terrains.<\/p>\n<p><iframe loading=\"lazy\" title=\"Petzl QUARK Overview\" width=\"1020\" height=\"574\" src=\"https:\/\/www.youtube.com\/embed\/qMhuNLf2ejQ?feature=oembed\" frameborder=\"0\" allow=\"accelerometer; autoplay; clipboard-write; encrypted-media; gyroscope; picture-in-picture; web-share\" referrerpolicy=\"strict-origin-when-cross-origin\" allowfullscreen><\/iframe><\/p>\n<h3>Perfekter Halt<\/h3>\n<p>Von einem \u201eperfekten Halt\u201c reden viele Hersteller. Im Falle des Petzl Quark Eisger\u00e4t darf man aber sagen, dass man sicher ganz nahe an der Ideall\u00f6sung ist.<\/p>\n<p>Denn dieses Modell ist nicht umsonst das meist verkaufte Allround Ger\u00e4t in der Geschichte des Alpinismus. Das ist dem seit fast 20 Jahren, stets weiterentwickelten Griff mit den Aufs\u00e4tzen zu verdanken.<\/p>\n<p>Dieser besteht aus weichem Kunststoff auf der Fingerseite, sowie hartem Kunststoff auf der Handfl\u00e4chen Seite. Unten liegt der kleine Finger auf der Griffauflage \u201eGriprest\u201c auf. Diese kann beim Einsatz im Schnee eingeklappt werden und erm\u00f6glicht ein leichtes \u201eEinstecken\u201c.<\/p>\n<p>Oben begrenzt die Fingerauflage \u201eTrigrest\u201c den eigentlichen Griff. Der kleine Haken ist dabei f\u00fcr den Zeigefinger gedacht. Der gro\u00dfe Haken bildet die Auflage f\u00fcr die Finger wenn man die H\u00e4nde am Eisger\u00e4t wechseln m\u00f6chte.<\/p>\n<figure id=\"attachment_12718\" aria-describedby=\"caption-attachment-12718\" style=\"width: 400px\" class=\"wp-caption alignnone\"><a href=\"https:\/\/bolting.eu\/wp-content\/uploads\/2022\/08\/Petzl-Quark-Eisgera\u0308t-5.jpg\"><img loading=\"lazy\" decoding=\"async\" class=\"wp-image-12718 size-medium\" src=\"https:\/\/bolting.eu\/wp-content\/uploads\/2022\/08\/Petzl-Quark-Eisgera\u0308t-5-400x400.jpg\" alt=\"Das Bild zeigt den schwarzen Griff sowie die Hand- und Fingerauflagen des Petzl Quark Eisger\u00e4tes.\" width=\"400\" height=\"400\" srcset=\"https:\/\/bolting.eu\/wp-content\/uploads\/2022\/08\/Petzl-Quark-Eisgera\u0308t-5-400x400.jpg 400w, https:\/\/bolting.eu\/wp-content\/uploads\/2022\/08\/Petzl-Quark-Eisgera\u0308t-5-247x247.jpg 247w, https:\/\/bolting.eu\/wp-content\/uploads\/2022\/08\/Petzl-Quark-Eisgera\u0308t-5-100x100.jpg 100w, https:\/\/bolting.eu\/wp-content\/uploads\/2022\/08\/Petzl-Quark-Eisgera\u0308t-5-510x510.jpg 510w, https:\/\/bolting.eu\/wp-content\/uploads\/2022\/08\/Petzl-Quark-Eisgera\u0308t-5-280x280.jpg 280w, https:\/\/bolting.eu\/wp-content\/uploads\/2022\/08\/Petzl-Quark-Eisgera\u0308t-5-300x300.jpg 300w, https:\/\/bolting.eu\/wp-content\/uploads\/2022\/08\/Petzl-Quark-Eisgera\u0308t-5-600x600.jpg 600w, https:\/\/bolting.eu\/wp-content\/uploads\/2022\/08\/Petzl-Quark-Eisgera\u0308t-5.jpg 700w\" sizes=\"auto, (max-width: 400px) 100vw, 400px\" \/><\/a><figcaption id=\"caption-attachment-12718\" class=\"wp-caption-text\">Ein perfekter Griff mit der passenden Finger- bzw. Handauflage rundet dieses Eisger\u00e4t perfekt ab!<\/figcaption><\/figure>\n<h3>Modularer Aufbau<\/h3>\n<p>Das Petzl Quark Eisger\u00e4t bietet die M\u00f6glichkeit, verschiedenste Aufs\u00e4tze zu installieren. Somit kann man das Modell ideal an die zu erwarteten Bedingungen anpassen. Dieses System nennt Petzl \u201eAlpen Adapt\u201c und bietet es auch bei den weiteren Top Ger\u00e4ten Nomic und Ergonomic.<\/p>\n<p>Diese Optionen stehen zur Auswahl:<\/p>\n<ul>\n<li>Haue \u201eIce\u201c (Standard Haue im Lieferumfang)<\/li>\n<li>Haue \u201ePur`Ice<\/li>\n<li>Haue \u201eDry\u201c<\/li>\n<li>Haue \u201ePur \u00b4Dry\u201c<\/li>\n<li>Hammer \u201eMarteau (Standard bei Modell \u201eHammer\u201c)<\/li>\n<li>Schaufel \u201ePane\u201c (Standard bei Modell \u201eSchaufel)<\/li>\n<li>Hammer \u201eMini Marteau\u201c<\/li>\n<li>Zusatzgewichte \u201eMasselottes\u201c zum Anpassen der Balance und Schwungmasse (Montage an der Haue!)<\/li>\n<\/ul>\n<p>Mit diesen Optionen kann man das Quark ideal \u201etunen\u201c. Egal ob hartes Mixed Terrain, reines Eis oder Dry Tooling. F\u00fcr jeden Einsatz besteht die M\u00f6glichkeit der optimierten Ausstattung.<\/p>\n<h3>Standard Haue \u201eIce\u201c<\/h3>\n<p>Die Standard Haue des Petzl Quark Eisger\u00e4t ist die \u201eIce\u201c Klinge. Diese Haue kennzeichnet sich durch sehr gute Allroundeigenschaften aus. D.h. sie ist sowohl im Eis, als auch bei Mixed Passagen oder kurzen Dry Tooling Sections ein perfekter Kompromiss.<\/p>\n<p>Die Haue hat vorne eine 3,3mm breite Basis, welche dann spitz zul\u00e4uft. An den \u00d6sen kann man die Zusatzgewichte \u201eMasselottes\u201c anbringen, f\u00fcr bessere Balance bzw. mehr Schwungmasse.<\/p>\n<h3>Petzl Quark Eisger\u00e4t mit besonderem Schaft<\/h3>\n<p>Der Schaft dieses Modells ist besonders geformt sowie gebaut.<\/p>\n<p>Denn erstens ist der Schaft &#8220;hydrogeformt&#8221;. D.h. das Alu wurde hier so gepresst, wie ein Wasserstahl sich formen w\u00fcrde. Oder besser formuliert. Anstatt durchg\u00e4ngig oval zu sein, hat der Schaft eine &#8220;geschwungene&#8221;, unregelm\u00e4\u00dfige Form.<\/p>\n<p>Das bedeutet eine viel bessere Ergonomie, wenn man den Schaft im oberen Bereich einh\u00e4lt. Wie z.B. beim &#8220;Stapfen&#8221; in steilen Rinnen mit viel Neuschnee.<\/p>\n<p>Und zweitens ist die Spitze des Schaftes mit Glasfasern verst\u00e4rkt. Das gibt dem Ger\u00e4t um ca. 50% mehr Widerstandskraft beim Schlagen, Dr\u00fccken und Ziehen.<\/p>\n<figure id=\"attachment_12721\" aria-describedby=\"caption-attachment-12721\" style=\"width: 400px\" class=\"wp-caption alignnone\"><a href=\"https:\/\/bolting.eu\/wp-content\/uploads\/2022\/08\/Petzl-Quark-Eisgera\u0308t-1.jpg\"><img loading=\"lazy\" decoding=\"async\" class=\"wp-image-12721 size-medium\" src=\"https:\/\/bolting.eu\/wp-content\/uploads\/2022\/08\/Petzl-Quark-Eisgera\u0308t-1-400x400.jpg\" alt=\"Das Bild zeigt ein graues Eisger\u00e4t mit schwarzer Haue und Schaufel.\" width=\"400\" height=\"400\" srcset=\"https:\/\/bolting.eu\/wp-content\/uploads\/2022\/08\/Petzl-Quark-Eisgera\u0308t-1-400x400.jpg 400w, https:\/\/bolting.eu\/wp-content\/uploads\/2022\/08\/Petzl-Quark-Eisgera\u0308t-1-247x247.jpg 247w, https:\/\/bolting.eu\/wp-content\/uploads\/2022\/08\/Petzl-Quark-Eisgera\u0308t-1-100x100.jpg 100w, https:\/\/bolting.eu\/wp-content\/uploads\/2022\/08\/Petzl-Quark-Eisgera\u0308t-1-510x510.jpg 510w, https:\/\/bolting.eu\/wp-content\/uploads\/2022\/08\/Petzl-Quark-Eisgera\u0308t-1-280x280.jpg 280w, https:\/\/bolting.eu\/wp-content\/uploads\/2022\/08\/Petzl-Quark-Eisgera\u0308t-1-300x300.jpg 300w, https:\/\/bolting.eu\/wp-content\/uploads\/2022\/08\/Petzl-Quark-Eisgera\u0308t-1-600x600.jpg 600w, https:\/\/bolting.eu\/wp-content\/uploads\/2022\/08\/Petzl-Quark-Eisgera\u0308t-1.jpg 700w\" sizes=\"auto, (max-width: 400px) 100vw, 400px\" \/><\/a><figcaption id=\"caption-attachment-12721\" class=\"wp-caption-text\">Perfekt zu erkennen: der &#8220;hydrogeformte&#8221; Schaft mit seiner &#8220;geschwungenen&#8221; Form f\u00fcr optimalen Halt beim &#8220;Stapfen&#8221; im schneereichen Terrain.<\/figcaption><\/figure>\n<h3>Made in France<\/h3>\n<p>Wer dieses Modell kauft, der erwirbt ein Qualit\u00e4tsprodukt des Weltmarktf\u00fchrers f\u00fcr Bergsport Hardware aus Frankreich. Das bedeutet zum einen ordentliche soziale Standards f\u00fcr alle Mitarbeiter als auch \u00f6kologische Standards bei der Produktion.<\/p>\n<p>Und zum anderen hei\u00dft das Wertsch\u00f6pfung in der EU bei zeitgleich k\u00fcrzeren Lieferwegen.<\/p>\n<p>Wer dieses Produkt erwirbt, vermeidet also viele der negativen Folgen einer Produktion in Fernost!<\/p>\n","protected":false},"excerpt":{"rendered":"<p>Perfektes Allround Eisger\u00e4t f\u00fcr Eis- und Mixed Klettern sowie Dry Tooling. Das am meisten verkaufte Modell f\u00fcr anspruchsvolle Alpinisten die keine Kompromisse eingehen wollen.<\/p>\n<p>Mit modularem &#8220;Alpen Adapt&#8221; System zum Anpassen an alle Bedingungen mit vielen Hauen und Aufs\u00e4tzen.<\/p>\n","protected":false},"featured_media":12717,"comment_status":"closed","ping_status":"closed","template":"","meta":[],"product_brand":[],"product_cat":[13938,14093,14282],"product_tag":[],"class_list":{"0":"post-12715","1":"product","2":"type-product","3":"status-publish","4":"has-post-thumbnail","6":"product_cat-bergsteiger-ausruestung","7":"product_cat-petzl","8":"product_cat-eisgeraete","10":"first","11":"instock","12":"sale","13":"taxable","14":"shipping-taxable","15":"purchasable","16":"product-type-variable"},"yoast_head":"<!-- This site is optimized with the Yoast SEO Premium plugin v26.9 (Yoast SEO v26.9) - https:\/\/yoast.com\/product\/yoast-seo-premium-wordpress\/ -->\n<title>Petzl Quark Eisger\u00e4t - TOP Allround Modell | bolting.eu<\/title>\n<meta name=\"description\" content=\"Hier findest Du das PETZL QUARK EISGER\u00c4T. Das am meisten verkaufte Allround Modell am Markt f\u00fcr Eis- und Mixed Klettern sowie Dry Tooling.\" \/>\n<meta name=\"robots\" content=\"index, follow, max-snippet:-1, max-image-preview:large, max-video-preview:-1\" \/>\n<link rel=\"canonical\" href=\"https:\/\/bolting.eu\/en\/shop\/petzl-quark-eisgeraet\/\" \/>\n<meta property=\"og:locale\" content=\"en_US\" \/>\n<meta property=\"og:type\" content=\"article\" \/>\n<meta property=\"og:title\" content=\"Petzl Quark Eisger\u00e4t\" \/>\n<meta property=\"og:description\" content=\"Hier findest Du das PETZL QUARK EISGER\u00c4T. Das am meisten verkaufte Allround Modell am Markt f\u00fcr Eis- und Mixed Klettern sowie Dry Tooling.\" \/>\n<meta property=\"og:url\" content=\"https:\/\/bolting.eu\/en\/shop\/petzl-quark-eisgeraet\/\" \/>\n<meta property=\"og:site_name\" content=\"bolting.eu\" \/>\n<meta property=\"article:publisher\" content=\"https:\/\/www.facebook.com\/bolting.eu\" \/>\n<meta property=\"article:modified_time\" content=\"2026-02-25T10:55:50+00:00\" \/>\n<meta property=\"og:image\" content=\"https:\/\/bolting.eu\/wp-content\/uploads\/2022\/08\/Petzl-Quark-Eisgera\u0308t-3.jpg\" \/>\n\t<meta property=\"og:image:width\" content=\"700\" \/>\n\t<meta property=\"og:image:height\" content=\"700\" \/>\n\t<meta property=\"og:image:type\" content=\"image\/jpeg\" \/>\n<meta name=\"twitter:card\" content=\"summary_large_image\" \/>\n<meta name=\"twitter:label1\" content=\"Availability\" \/>\n\t<meta name=\"twitter:data1\" content=\"In stock\" \/>\n<script type=\"application\/ld+json\" class=\"yoast-schema-graph\">{\"@context\":\"https:\/\/schema.org\",\"@graph\":[{\"@type\":[\"WebPage\",\"ItemPage\"],\"@id\":\"https:\/\/bolting.eu\/en\/shop\/petzl-quark-eisgeraet\/\",\"url\":\"https:\/\/bolting.eu\/en\/shop\/petzl-quark-eisgeraet\/\",\"name\":\"Petzl Quark Eisger\u00e4t - TOP Allround Modell | bolting.eu\",\"isPartOf\":{\"@id\":\"https:\/\/bolting.eu\/en\/#website\"},\"primaryImageOfPage\":{\"@id\":\"https:\/\/bolting.eu\/en\/shop\/petzl-quark-eisgeraet\/#primaryimage\"},\"image\":{\"@id\":\"https:\/\/bolting.eu\/en\/shop\/petzl-quark-eisgeraet\/#primaryimage\"},\"thumbnailUrl\":\"https:\/\/bolting.eu\/wp-content\/uploads\/2022\/08\/Petzl-Quark-Eisgera\u0308t-3.jpg\",\"datePublished\":\"2022-08-10T09:00:21+00:00\",\"dateModified\":\"2026-02-25T10:55:50+00:00\",\"description\":\"Hier findest Du das PETZL QUARK EISGER\u00c4T. Das am meisten verkaufte Allround Modell am Markt f\u00fcr Eis- und Mixed Klettern sowie Dry Tooling.\",\"breadcrumb\":{\"@id\":\"https:\/\/bolting.eu\/en\/shop\/petzl-quark-eisgeraet\/#breadcrumb\"},\"inLanguage\":\"en-US\",\"potentialAction\":[{\"@type\":\"ReadAction\",\"target\":[\"https:\/\/bolting.eu\/en\/shop\/petzl-quark-eisgeraet\/\"]}]},{\"@type\":\"ImageObject\",\"inLanguage\":\"en-US\",\"@id\":\"https:\/\/bolting.eu\/en\/shop\/petzl-quark-eisgeraet\/#primaryimage\",\"url\":\"https:\/\/bolting.eu\/wp-content\/uploads\/2022\/08\/Petzl-Quark-Eisgera\u0308t-3.jpg\",\"contentUrl\":\"https:\/\/bolting.eu\/wp-content\/uploads\/2022\/08\/Petzl-Quark-Eisgera\u0308t-3.jpg\",\"width\":700,\"height\":700,\"caption\":\"Das Bild zeigt das grau-schwarze Petzl Quark Eisger\u00e4t mit Hammerkopf aufrecht in einem wei\u00dfem Quadrat.\"},{\"@type\":\"BreadcrumbList\",\"@id\":\"https:\/\/bolting.eu\/en\/shop\/petzl-quark-eisgeraet\/#breadcrumb\",\"itemListElement\":[{\"@type\":\"ListItem\",\"position\":1,\"name\":\"Shop\",\"item\":\"https:\/\/bolting.eu\/en\/shop\/\"},{\"@type\":\"ListItem\",\"position\":2,\"name\":\"Bergsteiger Ausr\u00fcstung\",\"item\":\"https:\/\/bolting.eu\/produkt-kategorie\/bergsteiger-ausruestung\/\"},{\"@type\":\"ListItem\",\"position\":3,\"name\":\"Eisger\u00e4te\",\"item\":\"https:\/\/bolting.eu\/produkt-kategorie\/bergsteiger-ausruestung\/eisgeraete\/\"},{\"@type\":\"ListItem\",\"position\":4,\"name\":\"Petzl Quark Eisger\u00e4t\"}]},{\"@type\":\"WebSite\",\"@id\":\"https:\/\/bolting.eu\/en\/#website\",\"url\":\"https:\/\/bolting.eu\/en\/\",\"name\":\"bolting.eu\",\"description\":\"we make climbs happen\",\"publisher\":{\"@id\":\"https:\/\/bolting.eu\/en\/#organization\"},\"potentialAction\":[{\"@type\":\"SearchAction\",\"target\":{\"@type\":\"EntryPoint\",\"urlTemplate\":\"https:\/\/bolting.eu\/en\/?s={search_term_string}\"},\"query-input\":{\"@type\":\"PropertyValueSpecification\",\"valueRequired\":true,\"valueName\":\"search_term_string\"}}],\"inLanguage\":\"en-US\"},{\"@type\":[\"Organization\",\"Place\",\"SportingGoodsStore\"],\"@id\":\"https:\/\/bolting.eu\/en\/#organization\",\"name\":\"bolting.eu\",\"url\":\"https:\/\/bolting.eu\/en\/\",\"logo\":{\"@id\":\"https:\/\/bolting.eu\/en\/shop\/petzl-quark-eisgeraet\/#local-main-organization-logo\"},\"image\":{\"@id\":\"https:\/\/bolting.eu\/en\/shop\/petzl-quark-eisgeraet\/#local-main-organization-logo\"},\"sameAs\":[\"https:\/\/www.facebook.com\/bolting.eu\",\"https:\/\/www.instagram.com\/bolting.eu\/\"],\"address\":{\"@id\":\"https:\/\/bolting.eu\/en\/shop\/petzl-quark-eisgeraet\/#local-main-place-address\"},\"geo\":{\"@type\":\"GeoCoordinates\",\"latitude\":\"47.264176340396226\",\"longitude\":\"11.380109057672346\"},\"telephone\":[\"+43 699 19083372\"],\"openingHoursSpecification\":[{\"@type\":\"OpeningHoursSpecification\",\"dayOfWeek\":[\"Monday\",\"Wednesday\",\"Friday\"],\"opens\":\"14:00\",\"closes\":\"18:00\"},{\"@type\":\"OpeningHoursSpecification\",\"dayOfWeek\":[\"Tuesday\",\"Thursday\",\"Saturday\",\"Sunday\"],\"opens\":\"00:00\",\"closes\":\"00:00\"}],\"email\":\"office@bolting.eu\",\"vatID\":\"ATU59999728\",\"priceRange\":\"$$\",\"currenciesAccepted\":\"Euro\"},{\"@type\":\"PostalAddress\",\"@id\":\"https:\/\/bolting.eu\/en\/shop\/petzl-quark-eisgeraet\/#local-main-place-address\",\"streetAddress\":\"Fischnalerstra\u00dfe 4\",\"addressLocality\":\"Innsbruck\",\"postalCode\":\"6020\",\"addressRegion\":\"Tirol\",\"addressCountry\":\"AT\"},{\"@type\":\"ImageObject\",\"inLanguage\":\"en-US\",\"@id\":\"https:\/\/bolting.eu\/en\/shop\/petzl-quark-eisgeraet\/#local-main-organization-logo\",\"url\":\"https:\/\/bolting.eu\/wp-content\/uploads\/2019\/09\/bolting-logo.png\",\"contentUrl\":\"https:\/\/bolting.eu\/wp-content\/uploads\/2019\/09\/bolting-logo.png\",\"width\":400,\"height\":211,\"caption\":\"bolting.eu\"}]}<\/script>\n<meta property=\"og:video\" content=\"https:\/\/www.youtube.com\/embed\/qMhuNLf2ejQ\" \/>\n<meta property=\"og:video:type\" content=\"text\/html\" \/>\n<meta property=\"og:video:duration\" content=\"107\" \/>\n<meta property=\"og:video:width\" content=\"480\" \/>\n<meta property=\"og:video:height\" content=\"270\" \/>\n<meta property=\"ya:ovs:adult\" content=\"false\" \/>\n<meta property=\"ya:ovs:upload_date\" content=\"2022-08-10T09:00:21+00:00\" \/>\n<meta property=\"ya:ovs:allow_embed\" content=\"true\" \/>\n<meta property=\"og:availability\" content=\"instock\" \/>\n<meta property=\"product:availability\" content=\"instock\" \/>\n<meta property=\"product:condition\" content=\"new\" \/>\n<meta name=\"geo.placename\" content=\"Innsbruck\" \/>\n<meta name=\"geo.position\" content=\"47.264176340396226;11.380109057672346\" \/>\n<meta name=\"geo.region\" content=\"Austria\" \/>\n<!-- \/ Yoast SEO Premium plugin. -->","yoast_head_json":{"title":"Petzl Quark Eisger\u00e4t - TOP Allround Modell | bolting.eu","description":"Hier findest Du das PETZL QUARK EISGER\u00c4T. Das am meisten verkaufte Allround Modell am Markt f\u00fcr Eis- und Mixed Klettern sowie Dry Tooling.","robots":{"index":"index","follow":"follow","max-snippet":"max-snippet:-1","max-image-preview":"max-image-preview:large","max-video-preview":"max-video-preview:-1"},"canonical":"https:\/\/bolting.eu\/en\/shop\/petzl-quark-eisgeraet\/","og_locale":"en_US","og_type":"article","og_title":"Petzl Quark Eisger\u00e4t","og_description":"Hier findest Du das PETZL QUARK EISGER\u00c4T. Das am meisten verkaufte Allround Modell am Markt f\u00fcr Eis- und Mixed Klettern sowie Dry Tooling.","og_url":"https:\/\/bolting.eu\/en\/shop\/petzl-quark-eisgeraet\/","og_site_name":"bolting.eu","article_publisher":"https:\/\/www.facebook.com\/bolting.eu","article_modified_time":"2026-02-25T10:55:50+00:00","og_image":[{"width":700,"height":700,"url":"https:\/\/bolting.eu\/wp-content\/uploads\/2022\/08\/Petzl-Quark-Eisgera\u0308t-3.jpg","type":"image\/jpeg"}],"twitter_card":"summary_large_image","twitter_misc":{"Availability":"In stock"},"schema":{"@context":"https:\/\/schema.org","@graph":[{"@type":["WebPage","ItemPage"],"@id":"https:\/\/bolting.eu\/en\/shop\/petzl-quark-eisgeraet\/","url":"https:\/\/bolting.eu\/en\/shop\/petzl-quark-eisgeraet\/","name":"Petzl Quark Eisger\u00e4t - TOP Allround Modell | bolting.eu","isPartOf":{"@id":"https:\/\/bolting.eu\/en\/#website"},"primaryImageOfPage":{"@id":"https:\/\/bolting.eu\/en\/shop\/petzl-quark-eisgeraet\/#primaryimage"},"image":{"@id":"https:\/\/bolting.eu\/en\/shop\/petzl-quark-eisgeraet\/#primaryimage"},"thumbnailUrl":"https:\/\/bolting.eu\/wp-content\/uploads\/2022\/08\/Petzl-Quark-Eisgera\u0308t-3.jpg","datePublished":"2022-08-10T09:00:21+00:00","dateModified":"2026-02-25T10:55:50+00:00","description":"Hier findest Du das PETZL QUARK EISGER\u00c4T. Das am meisten verkaufte Allround Modell am Markt f\u00fcr Eis- und Mixed Klettern sowie Dry Tooling.","breadcrumb":{"@id":"https:\/\/bolting.eu\/en\/shop\/petzl-quark-eisgeraet\/#breadcrumb"},"inLanguage":"en-US","potentialAction":[{"@type":"ReadAction","target":["https:\/\/bolting.eu\/en\/shop\/petzl-quark-eisgeraet\/"]}]},{"@type":"ImageObject","inLanguage":"en-US","@id":"https:\/\/bolting.eu\/en\/shop\/petzl-quark-eisgeraet\/#primaryimage","url":"https:\/\/bolting.eu\/wp-content\/uploads\/2022\/08\/Petzl-Quark-Eisgera\u0308t-3.jpg","contentUrl":"https:\/\/bolting.eu\/wp-content\/uploads\/2022\/08\/Petzl-Quark-Eisgera\u0308t-3.jpg","width":700,"height":700,"caption":"Das Bild zeigt das grau-schwarze Petzl Quark Eisger\u00e4t mit Hammerkopf aufrecht in einem wei\u00dfem Quadrat."},{"@type":"BreadcrumbList","@id":"https:\/\/bolting.eu\/en\/shop\/petzl-quark-eisgeraet\/#breadcrumb","itemListElement":[{"@type":"ListItem","position":1,"name":"Shop","item":"https:\/\/bolting.eu\/en\/shop\/"},{"@type":"ListItem","position":2,"name":"Bergsteiger Ausr\u00fcstung","item":"https:\/\/bolting.eu\/produkt-kategorie\/bergsteiger-ausruestung\/"},{"@type":"ListItem","position":3,"name":"Eisger\u00e4te","item":"https:\/\/bolting.eu\/produkt-kategorie\/bergsteiger-ausruestung\/eisgeraete\/"},{"@type":"ListItem","position":4,"name":"Petzl Quark Eisger\u00e4t"}]},{"@type":"WebSite","@id":"https:\/\/bolting.eu\/en\/#website","url":"https:\/\/bolting.eu\/en\/","name":"bolting.eu","description":"we make climbs happen","publisher":{"@id":"https:\/\/bolting.eu\/en\/#organization"},"potentialAction":[{"@type":"SearchAction","target":{"@type":"EntryPoint","urlTemplate":"https:\/\/bolting.eu\/en\/?s={search_term_string}"},"query-input":{"@type":"PropertyValueSpecification","valueRequired":true,"valueName":"search_term_string"}}],"inLanguage":"en-US"},{"@type":["Organization","Place","SportingGoodsStore"],"@id":"https:\/\/bolting.eu\/en\/#organization","name":"bolting.eu","url":"https:\/\/bolting.eu\/en\/","logo":{"@id":"https:\/\/bolting.eu\/en\/shop\/petzl-quark-eisgeraet\/#local-main-organization-logo"},"image":{"@id":"https:\/\/bolting.eu\/en\/shop\/petzl-quark-eisgeraet\/#local-main-organization-logo"},"sameAs":["https:\/\/www.facebook.com\/bolting.eu","https:\/\/www.instagram.com\/bolting.eu\/"],"address":{"@id":"https:\/\/bolting.eu\/en\/shop\/petzl-quark-eisgeraet\/#local-main-place-address"},"geo":{"@type":"GeoCoordinates","latitude":"47.264176340396226","longitude":"11.380109057672346"},"telephone":["+43 699 19083372"],"openingHoursSpecification":[{"@type":"OpeningHoursSpecification","dayOfWeek":["Monday","Wednesday","Friday"],"opens":"14:00","closes":"18:00"},{"@type":"OpeningHoursSpecification","dayOfWeek":["Tuesday","Thursday","Saturday","Sunday"],"opens":"00:00","closes":"00:00"}],"email":"office@bolting.eu","vatID":"ATU59999728","priceRange":"$$","currenciesAccepted":"Euro"},{"@type":"PostalAddress","@id":"https:\/\/bolting.eu\/en\/shop\/petzl-quark-eisgeraet\/#local-main-place-address","streetAddress":"Fischnalerstra\u00dfe 4","addressLocality":"Innsbruck","postalCode":"6020","addressRegion":"Tirol","addressCountry":"AT"},{"@type":"ImageObject","inLanguage":"en-US","@id":"https:\/\/bolting.eu\/en\/shop\/petzl-quark-eisgeraet\/#local-main-organization-logo","url":"https:\/\/bolting.eu\/wp-content\/uploads\/2019\/09\/bolting-logo.png","contentUrl":"https:\/\/bolting.eu\/wp-content\/uploads\/2019\/09\/bolting-logo.png","width":400,"height":211,"caption":"bolting.eu"}]},"og_video":"https:\/\/www.youtube.com\/embed\/qMhuNLf2ejQ","og_video_type":"text\/html","og_video_duration":"107","og_video_width":"480","og_video_height":"270","ya_ovs_adult":"false","ya_ovs_upload_date":"2022-08-10T09:00:21+00:00","ya_ovs_allow_embed":"true","og_availability":"instock","product_availability":"instock","product_condition":"new","geo.placename":"Innsbruck","geo.position":{"lat":"47.264176340396226","long":"11.380109057672346"},"geo.region":"Austria"},"_links":{"self":[{"href":"https:\/\/bolting.eu\/en\/wp-json\/wp\/v2\/product\/12715","targetHints":{"allow":["GET"]}}],"collection":[{"href":"https:\/\/bolting.eu\/en\/wp-json\/wp\/v2\/product"}],"about":[{"href":"https:\/\/bolting.eu\/en\/wp-json\/wp\/v2\/types\/product"}],"replies":[{"embeddable":true,"href":"https:\/\/bolting.eu\/en\/wp-json\/wp\/v2\/comments?post=12715"}],"wp:featuredmedia":[{"embeddable":true,"href":"https:\/\/bolting.eu\/en\/wp-json\/wp\/v2\/media\/12717"}],"wp:attachment":[{"href":"https:\/\/bolting.eu\/en\/wp-json\/wp\/v2\/media?parent=12715"}],"wp:term":[{"taxonomy":"product_brand","embeddable":true,"href":"https:\/\/bolting.eu\/en\/wp-json\/wp\/v2\/product_brand?post=12715"},{"taxonomy":"product_cat","embeddable":true,"href":"https:\/\/bolting.eu\/en\/wp-json\/wp\/v2\/product_cat?post=12715"},{"taxonomy":"product_tag","embeddable":true,"href":"https:\/\/bolting.eu\/en\/wp-json\/wp\/v2\/product_tag?post=12715"}],"curies":[{"name":"wp","href":"https:\/\/api.w.org\/{rel}","templated":true}]}}