{"id":12703,"date":"2022-08-10T10:09:11","date_gmt":"2022-08-10T08:09:11","guid":{"rendered":"https:\/\/bolting.eu\/?post_type=product&#038;p=12703"},"modified":"2026-03-09T13:17:37","modified_gmt":"2026-03-09T12:17:37","slug":"petzl-laser-eisschraube","status":"publish","type":"product","link":"https:\/\/bolting.eu\/en\/shop\/petzl-laser-eisschraube\/","title":{"rendered":"Petzl Laser Eisschraube"},"content":{"rendered":"<p>Die Petzl Laser Eisschraube ist eine simples und g\u00fcnstiges Modell aus Stahl. Es kennzeichnet sich einerseits durch eine scharfe Bohrkrone mit drei Z\u00e4hnen f\u00fcr schnelles \u201eGreifen\u201c aus. Und zum anderen durch eine optimierte Form des Schaftes bzw. des Gewindes f\u00fcr optimales Eindrehen.<\/p>\n<p>Die Kurbel dieser Schraube besteht zudem aus Aluminium. Das spart erstens Gewicht und zweitens ist sie durch seine Form leicht zu drehen.<\/p>\n<p>Insgesamt ein super solides Modell vom Marktf\u00fchrer, das ideal zum Einstieg ins Eisklettern ist sowie f\u00fcr sporadische Verwendung beim Bergsteigen.<\/p>\n<p>Wer noch hochwertigere Eisschrauben haben will, kann auf die <a href=\"https:\/\/bolting.eu\/shop\/petzl-laser-speed-light-eisschraube\/\">Laser Speed Light<\/a> aus Alu mit Stahl Krone bzw. auf die <a href=\"https:\/\/bolting.eu\/shop\/petzl-laser-speed-eisschrauben\/\">Laser Speed<\/a> mit Drehkurbel ausweichen.<\/p>\n<h2>Eigenschaften Petzl Laser Eisschraube<\/h2>\n<ul>\n<li>Hersteller: <a href=\"https:\/\/bolting.eu\/produkt-kategorie\/petzl\/\">Petzl<\/a><\/li>\n<li>Material: Schaft geh\u00e4rteter Stahl; Lasche: Aluminium<\/li>\n<li>L\u00e4ngen: 13cm, 17cm, 21cm;<\/li>\n<li>Gewicht: 120 Gramm, 135 Gramm, 153 Gramm<\/li>\n<li>Normen: EN 568 bzw. UIAA151<\/li>\n<li>leichte, robuste Allround Eisschraube<\/li>\n<li>Kopf mit drei Z\u00e4hnen zum raschen &#8220;Greifen&#8221;<\/li>\n<li>Spezialgewinde f\u00fcr leichtes Eindrehen<\/li>\n<li>Lieferumfang: inkl. Kunststoff Schutz Schaft und Spitze<\/li>\n<li><a href=\"https:\/\/www.petzl.com\/sfc\/servlet.shepherd\/version\/download\/0685I000003fgIYQAY\" target=\"_blank\" rel=\"noopener\">Bedienungsanleitung<\/a><\/li>\n<\/ul>\n<h3>Robustes Modell aus Stahl<\/h3>\n<p>Die Petzl Laser Eisschraube hat einen Schaft inkl. Der Krone aus geh\u00e4rtetem Karbonstahl. Das erm\u00f6glicht eine spezielle Form der drei Z\u00e4hne auf der Krone. Somit greifen diese auch rasch und man kann in kurzer Zeit zum eigentlichen Eindrehen \u00fcbergeben.<\/p>\n<p>Hierbei unterst\u00fctzt die optimale Form des Schaftes mit dem Spezialgewinde das Handling perfekt. Durch den Stahl bleiben sowohl die Z\u00e4hne als auch das Gewinde lange scharf.<\/p>\n<figure id=\"attachment_12707\" aria-describedby=\"caption-attachment-12707\" style=\"width: 400px\" class=\"wp-caption alignnone\"><a href=\"https:\/\/bolting.eu\/wp-content\/uploads\/2022\/08\/Petzl-Laser-Eisschraube-4.jpg\"><img loading=\"lazy\" decoding=\"async\" class=\"wp-image-12707 size-medium\" src=\"https:\/\/bolting.eu\/wp-content\/uploads\/2022\/08\/Petzl-Laser-Eisschraube-4-400x400.jpg\" alt=\"Das Bild zeigt den Schaft mit GEwinde sowie die Z\u00e4hne einer Petzl Laser Eisschraube.\" width=\"400\" height=\"400\" srcset=\"https:\/\/bolting.eu\/wp-content\/uploads\/2022\/08\/Petzl-Laser-Eisschraube-4-400x400.jpg 400w, https:\/\/bolting.eu\/wp-content\/uploads\/2022\/08\/Petzl-Laser-Eisschraube-4-247x247.jpg 247w, https:\/\/bolting.eu\/wp-content\/uploads\/2022\/08\/Petzl-Laser-Eisschraube-4-100x100.jpg 100w, https:\/\/bolting.eu\/wp-content\/uploads\/2022\/08\/Petzl-Laser-Eisschraube-4-510x510.jpg 510w, https:\/\/bolting.eu\/wp-content\/uploads\/2022\/08\/Petzl-Laser-Eisschraube-4-280x280.jpg 280w, https:\/\/bolting.eu\/wp-content\/uploads\/2022\/08\/Petzl-Laser-Eisschraube-4-300x300.jpg 300w, https:\/\/bolting.eu\/wp-content\/uploads\/2022\/08\/Petzl-Laser-Eisschraube-4-600x600.jpg 600w, https:\/\/bolting.eu\/wp-content\/uploads\/2022\/08\/Petzl-Laser-Eisschraube-4.jpg 700w\" sizes=\"auto, (max-width: 400px) 100vw, 400px\" \/><\/a><figcaption id=\"caption-attachment-12707\" class=\"wp-caption-text\">Die optimierten Stahlz\u00e4hne f\u00fcr rasches &#8220;Greifen&#8221; und das Spezialgewinde sorgen f\u00fcr ein sehr gutes Handling dieser Eisschraube.<\/figcaption><\/figure>\n<h3>Drei L\u00e4ngen f\u00fcr alle Einsatzbereiche<\/h3>\n<p>Egal ob d\u00fcnner Eispanzer, festes Wassereis oder l\u00f6chrigeres Eis am Gletscher. Mit der Petzl Laser Eisschraube ist man immer richtig beraten. Denn dieses Modell gibt es in drei praktischen L\u00e4ngen.<\/p>\n<p>13cm f\u00fcr alle d\u00fcnnen Eisplatten oder wenn technisch klettern will. 17cm als Standardl\u00e4nge bei allen Disziplinen. Und schlie\u00dflich 21cm wenn man es mit Blumenkohleis, mit Firnauflage am Gletscher oder hohlem Eis zu tun hat. Diese L\u00e4nge ist auch perfekt, um <a href=\"https:\/\/bolting.eu\/abalakov-eissanduhr\/\">Abalakov Eissanduhren<\/a> zu bauen.<\/p>\n<p>Folglich raten wir euch bei der Zusammenstellung eures Eiskletter Racks auch unterschiedliche L\u00e4ngen zusammen zu stellen.<\/p>\n<p>&nbsp;<\/p>\n<h3>Petzl Laser Eisschraube = Made in France<\/h3>\n<p>Wer dieses Modell kauft, der erwirbt ein Qualit\u00e4tsprodukt des Weltmarktf\u00fchrers f\u00fcr Bergsport Hardware aus Frankreich.<\/p>\n<p>Denn Petzl produziert all seine Hardware in S\u00fcdfrankreich, wie z.B. auch die Top Eisger\u00e4te <a href=\"https:\/\/bolting.eu\/shop\/petzl-ergonomic-eisgeraet\/\">Ergonomic<\/a>, <a href=\"https:\/\/bolting.eu\/shop\/petzl-nomic-eisgeraet\/\">Nomic<\/a> und <a href=\"https:\/\/bolting.eu\/shop\/petzl-quark-eisgeraet\/\">Quark<\/a>.<\/p>\n<p>Das bedeutet zum einen ordentliche soziale Standards f\u00fcr alle Mitarbeiter als auch \u00f6kologische Standards bei der Produktion.<\/p>\n<p>Und zum anderen hei\u00dft das Wertsch\u00f6pfung in der EU bei zeitgleich k\u00fcrzeren Lieferwegen.<\/p>\n","protected":false},"excerpt":{"rendered":"<p>Leichte, robuste Eischraube mit optimierten Kopf. Drei Z\u00e4hne sorgen f\u00fcr rasches &#8220;Greifen&#8221;. Die spezielle Bauform des Schaftes erm\u00f6glicht ein rasches Eindrehen.<\/p>\n<p>Erh\u00e4ltlich in 13cm, 17cm und 21cm. Ein top Allround Modell!<\/p>\n","protected":false},"featured_media":12710,"comment_status":"closed","ping_status":"closed","template":"","meta":[],"product_brand":[],"product_cat":[13938,14093,14281],"product_tag":[],"class_list":{"0":"post-12703","1":"product","2":"type-product","3":"status-publish","4":"has-post-thumbnail","6":"product_cat-bergsteiger-ausruestung","7":"product_cat-petzl","8":"product_cat-eisschrauben","10":"first","11":"instock","12":"sale","13":"taxable","14":"shipping-taxable","15":"purchasable","16":"product-type-variable"},"yoast_head":"<!-- This site is optimized with the Yoast SEO Premium plugin v26.9 (Yoast SEO v26.9) - https:\/\/yoast.com\/product\/yoast-seo-premium-wordpress\/ -->\n<title>Petzl Laser Eisschraube - leichtes Allround Modell in 3 L\u00e4ngen | bolting.eu<\/title>\n<meta name=\"description\" content=\"PETZL LASER EISSCHRAUBE beim Kletter Hardware Profi kaufen \u2705 Trusted Shop \u2705 kostenloser Versand* \u2705 14 Tage R\u00fcckgaberecht \u2705 Co2 neutrale Zustellung\" \/>\n<meta name=\"robots\" content=\"index, follow, max-snippet:-1, max-image-preview:large, max-video-preview:-1\" \/>\n<link rel=\"canonical\" href=\"https:\/\/bolting.eu\/en\/shop\/petzl-laser-eisschraube\/\" \/>\n<meta property=\"og:locale\" content=\"en_US\" \/>\n<meta property=\"og:type\" content=\"article\" \/>\n<meta property=\"og:title\" content=\"Petzl Laser Eisschraube\" \/>\n<meta property=\"og:description\" content=\"PETZL LASER EISSCHRAUBE beim Kletter Hardware Profi kaufen \u2705 Trusted Shop \u2705 kostenloser Versand* \u2705 14 Tage R\u00fcckgaberecht \u2705 Co2 neutrale Zustellung\" \/>\n<meta property=\"og:url\" content=\"https:\/\/bolting.eu\/en\/shop\/petzl-laser-eisschraube\/\" \/>\n<meta property=\"og:site_name\" content=\"bolting.eu\" \/>\n<meta property=\"article:publisher\" content=\"https:\/\/www.facebook.com\/bolting.eu\" \/>\n<meta property=\"article:modified_time\" content=\"2026-03-09T12:17:37+00:00\" \/>\n<meta property=\"og:image\" content=\"https:\/\/bolting.eu\/wp-content\/uploads\/2022\/08\/Petzl-Laser-Eisschraube-1.jpg\" \/>\n\t<meta property=\"og:image:width\" content=\"700\" \/>\n\t<meta property=\"og:image:height\" content=\"700\" \/>\n\t<meta property=\"og:image:type\" content=\"image\/jpeg\" \/>\n<meta name=\"twitter:card\" content=\"summary_large_image\" \/>\n<meta name=\"twitter:label1\" content=\"Availability\" \/>\n\t<meta name=\"twitter:data1\" content=\"In stock\" \/>\n<script type=\"application\/ld+json\" class=\"yoast-schema-graph\">{\"@context\":\"https:\/\/schema.org\",\"@graph\":[{\"@type\":[\"WebPage\",\"ItemPage\"],\"@id\":\"https:\/\/bolting.eu\/en\/shop\/petzl-laser-eisschraube\/\",\"url\":\"https:\/\/bolting.eu\/en\/shop\/petzl-laser-eisschraube\/\",\"name\":\"Petzl Laser Eisschraube - leichtes Allround Modell in 3 L\u00e4ngen | bolting.eu\",\"isPartOf\":{\"@id\":\"https:\/\/bolting.eu\/en\/#website\"},\"primaryImageOfPage\":{\"@id\":\"https:\/\/bolting.eu\/en\/shop\/petzl-laser-eisschraube\/#primaryimage\"},\"image\":{\"@id\":\"https:\/\/bolting.eu\/en\/shop\/petzl-laser-eisschraube\/#primaryimage\"},\"thumbnailUrl\":\"https:\/\/bolting.eu\/wp-content\/uploads\/2022\/08\/Petzl-Laser-Eisschraube-1.jpg\",\"datePublished\":\"2022-08-10T08:09:11+00:00\",\"dateModified\":\"2026-03-09T12:17:37+00:00\",\"description\":\"PETZL LASER EISSCHRAUBE beim Kletter Hardware Profi kaufen \u2705 Trusted Shop \u2705 kostenloser Versand* \u2705 14 Tage R\u00fcckgaberecht \u2705 Co2 neutrale Zustellung\",\"breadcrumb\":{\"@id\":\"https:\/\/bolting.eu\/en\/shop\/petzl-laser-eisschraube\/#breadcrumb\"},\"inLanguage\":\"en-US\",\"potentialAction\":[{\"@type\":\"ReadAction\",\"target\":[\"https:\/\/bolting.eu\/en\/shop\/petzl-laser-eisschraube\/\"]}]},{\"@type\":\"ImageObject\",\"inLanguage\":\"en-US\",\"@id\":\"https:\/\/bolting.eu\/en\/shop\/petzl-laser-eisschraube\/#primaryimage\",\"url\":\"https:\/\/bolting.eu\/wp-content\/uploads\/2022\/08\/Petzl-Laser-Eisschraube-1.jpg\",\"contentUrl\":\"https:\/\/bolting.eu\/wp-content\/uploads\/2022\/08\/Petzl-Laser-Eisschraube-1.jpg\",\"width\":700,\"height\":700,\"caption\":\"Das Bild zeigt drei unterschiedlich lange, silberne Petzl Laser Eisschrauben nebeneinander. Die LAschen sind obern, die Spitzen unten.\"},{\"@type\":\"BreadcrumbList\",\"@id\":\"https:\/\/bolting.eu\/en\/shop\/petzl-laser-eisschraube\/#breadcrumb\",\"itemListElement\":[{\"@type\":\"ListItem\",\"position\":1,\"name\":\"Shop\",\"item\":\"https:\/\/bolting.eu\/en\/shop\/\"},{\"@type\":\"ListItem\",\"position\":2,\"name\":\"Bergsteiger Ausr\u00fcstung\",\"item\":\"https:\/\/bolting.eu\/produkt-kategorie\/bergsteiger-ausruestung\/\"},{\"@type\":\"ListItem\",\"position\":3,\"name\":\"Eisschrauben\",\"item\":\"https:\/\/bolting.eu\/produkt-kategorie\/bergsteiger-ausruestung\/eisschrauben\/\"},{\"@type\":\"ListItem\",\"position\":4,\"name\":\"Petzl Laser Eisschraube\"}]},{\"@type\":\"WebSite\",\"@id\":\"https:\/\/bolting.eu\/en\/#website\",\"url\":\"https:\/\/bolting.eu\/en\/\",\"name\":\"bolting.eu\",\"description\":\"we make climbs happen\",\"publisher\":{\"@id\":\"https:\/\/bolting.eu\/en\/#organization\"},\"potentialAction\":[{\"@type\":\"SearchAction\",\"target\":{\"@type\":\"EntryPoint\",\"urlTemplate\":\"https:\/\/bolting.eu\/en\/?s={search_term_string}\"},\"query-input\":{\"@type\":\"PropertyValueSpecification\",\"valueRequired\":true,\"valueName\":\"search_term_string\"}}],\"inLanguage\":\"en-US\"},{\"@type\":[\"Organization\",\"Place\",\"SportingGoodsStore\"],\"@id\":\"https:\/\/bolting.eu\/en\/#organization\",\"name\":\"bolting.eu\",\"url\":\"https:\/\/bolting.eu\/en\/\",\"logo\":{\"@id\":\"https:\/\/bolting.eu\/en\/shop\/petzl-laser-eisschraube\/#local-main-organization-logo\"},\"image\":{\"@id\":\"https:\/\/bolting.eu\/en\/shop\/petzl-laser-eisschraube\/#local-main-organization-logo\"},\"sameAs\":[\"https:\/\/www.facebook.com\/bolting.eu\",\"https:\/\/www.instagram.com\/bolting.eu\/\"],\"address\":{\"@id\":\"https:\/\/bolting.eu\/en\/shop\/petzl-laser-eisschraube\/#local-main-place-address\"},\"geo\":{\"@type\":\"GeoCoordinates\",\"latitude\":\"47.264176340396226\",\"longitude\":\"11.380109057672346\"},\"telephone\":[\"+43 699 19083372\"],\"openingHoursSpecification\":[{\"@type\":\"OpeningHoursSpecification\",\"dayOfWeek\":[\"Monday\",\"Wednesday\",\"Friday\"],\"opens\":\"14:00\",\"closes\":\"18:00\"},{\"@type\":\"OpeningHoursSpecification\",\"dayOfWeek\":[\"Tuesday\",\"Thursday\",\"Saturday\",\"Sunday\"],\"opens\":\"00:00\",\"closes\":\"00:00\"}],\"email\":\"office@bolting.eu\",\"vatID\":\"ATU59999728\",\"priceRange\":\"$$\",\"currenciesAccepted\":\"Euro\"},{\"@type\":\"PostalAddress\",\"@id\":\"https:\/\/bolting.eu\/en\/shop\/petzl-laser-eisschraube\/#local-main-place-address\",\"streetAddress\":\"Fischnalerstra\u00dfe 4\",\"addressLocality\":\"Innsbruck\",\"postalCode\":\"6020\",\"addressRegion\":\"Tirol\",\"addressCountry\":\"AT\"},{\"@type\":\"ImageObject\",\"inLanguage\":\"en-US\",\"@id\":\"https:\/\/bolting.eu\/en\/shop\/petzl-laser-eisschraube\/#local-main-organization-logo\",\"url\":\"https:\/\/bolting.eu\/wp-content\/uploads\/2019\/09\/bolting-logo.png\",\"contentUrl\":\"https:\/\/bolting.eu\/wp-content\/uploads\/2019\/09\/bolting-logo.png\",\"width\":400,\"height\":211,\"caption\":\"bolting.eu\"}]}<\/script>\n<meta property=\"og:availability\" content=\"instock\" \/>\n<meta property=\"product:availability\" content=\"instock\" \/>\n<meta property=\"product:condition\" content=\"new\" \/>\n<meta name=\"geo.placename\" content=\"Innsbruck\" \/>\n<meta name=\"geo.position\" content=\"47.264176340396226;11.380109057672346\" \/>\n<meta name=\"geo.region\" content=\"Austria\" \/>\n<!-- \/ Yoast SEO Premium plugin. -->","yoast_head_json":{"title":"Petzl Laser Eisschraube - leichtes Allround Modell in 3 L\u00e4ngen | bolting.eu","description":"PETZL LASER EISSCHRAUBE beim Kletter Hardware Profi kaufen \u2705 Trusted Shop \u2705 kostenloser Versand* \u2705 14 Tage R\u00fcckgaberecht \u2705 Co2 neutrale Zustellung","robots":{"index":"index","follow":"follow","max-snippet":"max-snippet:-1","max-image-preview":"max-image-preview:large","max-video-preview":"max-video-preview:-1"},"canonical":"https:\/\/bolting.eu\/en\/shop\/petzl-laser-eisschraube\/","og_locale":"en_US","og_type":"article","og_title":"Petzl Laser Eisschraube","og_description":"PETZL LASER EISSCHRAUBE beim Kletter Hardware Profi kaufen \u2705 Trusted Shop \u2705 kostenloser Versand* \u2705 14 Tage R\u00fcckgaberecht \u2705 Co2 neutrale Zustellung","og_url":"https:\/\/bolting.eu\/en\/shop\/petzl-laser-eisschraube\/","og_site_name":"bolting.eu","article_publisher":"https:\/\/www.facebook.com\/bolting.eu","article_modified_time":"2026-03-09T12:17:37+00:00","og_image":[{"width":700,"height":700,"url":"https:\/\/bolting.eu\/wp-content\/uploads\/2022\/08\/Petzl-Laser-Eisschraube-1.jpg","type":"image\/jpeg"}],"twitter_card":"summary_large_image","twitter_misc":{"Availability":"In stock"},"schema":{"@context":"https:\/\/schema.org","@graph":[{"@type":["WebPage","ItemPage"],"@id":"https:\/\/bolting.eu\/en\/shop\/petzl-laser-eisschraube\/","url":"https:\/\/bolting.eu\/en\/shop\/petzl-laser-eisschraube\/","name":"Petzl Laser Eisschraube - leichtes Allround Modell in 3 L\u00e4ngen | bolting.eu","isPartOf":{"@id":"https:\/\/bolting.eu\/en\/#website"},"primaryImageOfPage":{"@id":"https:\/\/bolting.eu\/en\/shop\/petzl-laser-eisschraube\/#primaryimage"},"image":{"@id":"https:\/\/bolting.eu\/en\/shop\/petzl-laser-eisschraube\/#primaryimage"},"thumbnailUrl":"https:\/\/bolting.eu\/wp-content\/uploads\/2022\/08\/Petzl-Laser-Eisschraube-1.jpg","datePublished":"2022-08-10T08:09:11+00:00","dateModified":"2026-03-09T12:17:37+00:00","description":"PETZL LASER EISSCHRAUBE beim Kletter Hardware Profi kaufen \u2705 Trusted Shop \u2705 kostenloser Versand* \u2705 14 Tage R\u00fcckgaberecht \u2705 Co2 neutrale Zustellung","breadcrumb":{"@id":"https:\/\/bolting.eu\/en\/shop\/petzl-laser-eisschraube\/#breadcrumb"},"inLanguage":"en-US","potentialAction":[{"@type":"ReadAction","target":["https:\/\/bolting.eu\/en\/shop\/petzl-laser-eisschraube\/"]}]},{"@type":"ImageObject","inLanguage":"en-US","@id":"https:\/\/bolting.eu\/en\/shop\/petzl-laser-eisschraube\/#primaryimage","url":"https:\/\/bolting.eu\/wp-content\/uploads\/2022\/08\/Petzl-Laser-Eisschraube-1.jpg","contentUrl":"https:\/\/bolting.eu\/wp-content\/uploads\/2022\/08\/Petzl-Laser-Eisschraube-1.jpg","width":700,"height":700,"caption":"Das Bild zeigt drei unterschiedlich lange, silberne Petzl Laser Eisschrauben nebeneinander. Die LAschen sind obern, die Spitzen unten."},{"@type":"BreadcrumbList","@id":"https:\/\/bolting.eu\/en\/shop\/petzl-laser-eisschraube\/#breadcrumb","itemListElement":[{"@type":"ListItem","position":1,"name":"Shop","item":"https:\/\/bolting.eu\/en\/shop\/"},{"@type":"ListItem","position":2,"name":"Bergsteiger Ausr\u00fcstung","item":"https:\/\/bolting.eu\/produkt-kategorie\/bergsteiger-ausruestung\/"},{"@type":"ListItem","position":3,"name":"Eisschrauben","item":"https:\/\/bolting.eu\/produkt-kategorie\/bergsteiger-ausruestung\/eisschrauben\/"},{"@type":"ListItem","position":4,"name":"Petzl Laser Eisschraube"}]},{"@type":"WebSite","@id":"https:\/\/bolting.eu\/en\/#website","url":"https:\/\/bolting.eu\/en\/","name":"bolting.eu","description":"we make climbs happen","publisher":{"@id":"https:\/\/bolting.eu\/en\/#organization"},"potentialAction":[{"@type":"SearchAction","target":{"@type":"EntryPoint","urlTemplate":"https:\/\/bolting.eu\/en\/?s={search_term_string}"},"query-input":{"@type":"PropertyValueSpecification","valueRequired":true,"valueName":"search_term_string"}}],"inLanguage":"en-US"},{"@type":["Organization","Place","SportingGoodsStore"],"@id":"https:\/\/bolting.eu\/en\/#organization","name":"bolting.eu","url":"https:\/\/bolting.eu\/en\/","logo":{"@id":"https:\/\/bolting.eu\/en\/shop\/petzl-laser-eisschraube\/#local-main-organization-logo"},"image":{"@id":"https:\/\/bolting.eu\/en\/shop\/petzl-laser-eisschraube\/#local-main-organization-logo"},"sameAs":["https:\/\/www.facebook.com\/bolting.eu","https:\/\/www.instagram.com\/bolting.eu\/"],"address":{"@id":"https:\/\/bolting.eu\/en\/shop\/petzl-laser-eisschraube\/#local-main-place-address"},"geo":{"@type":"GeoCoordinates","latitude":"47.264176340396226","longitude":"11.380109057672346"},"telephone":["+43 699 19083372"],"openingHoursSpecification":[{"@type":"OpeningHoursSpecification","dayOfWeek":["Monday","Wednesday","Friday"],"opens":"14:00","closes":"18:00"},{"@type":"OpeningHoursSpecification","dayOfWeek":["Tuesday","Thursday","Saturday","Sunday"],"opens":"00:00","closes":"00:00"}],"email":"office@bolting.eu","vatID":"ATU59999728","priceRange":"$$","currenciesAccepted":"Euro"},{"@type":"PostalAddress","@id":"https:\/\/bolting.eu\/en\/shop\/petzl-laser-eisschraube\/#local-main-place-address","streetAddress":"Fischnalerstra\u00dfe 4","addressLocality":"Innsbruck","postalCode":"6020","addressRegion":"Tirol","addressCountry":"AT"},{"@type":"ImageObject","inLanguage":"en-US","@id":"https:\/\/bolting.eu\/en\/shop\/petzl-laser-eisschraube\/#local-main-organization-logo","url":"https:\/\/bolting.eu\/wp-content\/uploads\/2019\/09\/bolting-logo.png","contentUrl":"https:\/\/bolting.eu\/wp-content\/uploads\/2019\/09\/bolting-logo.png","width":400,"height":211,"caption":"bolting.eu"}]},"og_availability":"instock","product_availability":"instock","product_condition":"new","geo.placename":"Innsbruck","geo.position":{"lat":"47.264176340396226","long":"11.380109057672346"},"geo.region":"Austria"},"_links":{"self":[{"href":"https:\/\/bolting.eu\/en\/wp-json\/wp\/v2\/product\/12703","targetHints":{"allow":["GET"]}}],"collection":[{"href":"https:\/\/bolting.eu\/en\/wp-json\/wp\/v2\/product"}],"about":[{"href":"https:\/\/bolting.eu\/en\/wp-json\/wp\/v2\/types\/product"}],"replies":[{"embeddable":true,"href":"https:\/\/bolting.eu\/en\/wp-json\/wp\/v2\/comments?post=12703"}],"wp:featuredmedia":[{"embeddable":true,"href":"https:\/\/bolting.eu\/en\/wp-json\/wp\/v2\/media\/12710"}],"wp:attachment":[{"href":"https:\/\/bolting.eu\/en\/wp-json\/wp\/v2\/media?parent=12703"}],"wp:term":[{"taxonomy":"product_brand","embeddable":true,"href":"https:\/\/bolting.eu\/en\/wp-json\/wp\/v2\/product_brand?post=12703"},{"taxonomy":"product_cat","embeddable":true,"href":"https:\/\/bolting.eu\/en\/wp-json\/wp\/v2\/product_cat?post=12703"},{"taxonomy":"product_tag","embeddable":true,"href":"https:\/\/bolting.eu\/en\/wp-json\/wp\/v2\/product_tag?post=12703"}],"curies":[{"name":"wp","href":"https:\/\/api.w.org\/{rel}","templated":true}]}}