{"id":12687,"date":"2022-08-09T16:37:09","date_gmt":"2022-08-09T14:37:09","guid":{"rendered":"https:\/\/bolting.eu\/?post_type=product&#038;p=12687"},"modified":"2026-01-09T16:36:19","modified_gmt":"2026-01-09T15:36:19","slug":"petzl-djinn-schnappkarabiner","status":"publish","type":"product","link":"https:\/\/bolting.eu\/en\/shop\/petzl-djinn-schnappkarabiner\/","title":{"rendered":"Petzl Djinn Schnappkarabiner"},"content":{"rendered":"<p>Der Petzl Djinn Schnappkarabiuner ist der passende Karabiner f\u00fcr die\u00a0<a href=\"https:\/\/bolting.eu\/shop\/petzl-djinn-axess\/\">Djinn Axess Expressschlinge<\/a>. D.h. mit diesem Modell kann man perfekt die abgenutzten Karabiner ersetzen.<\/p>\n<p>Hierzu findet ihr hier drei Modelle:<\/p>\n<ul>\n<li><strong>in grau mit geradem Schnapper<\/strong><\/li>\n<li><strong>in blau mit gebogenem Schnapper<\/strong><\/li>\n<li><strong>in violett mit gebogenem Schnapper<\/strong><\/li>\n<\/ul>\n<p>Zum einen w\u00e4re das seilseitig das Modell mit dem gebogenen Schnapper. Dieses gibt es bei uns in beiden verf\u00fcgbaren Farben, blau und violett. Und zum anderen gibt es den grauen, geraden Schnapper f\u00fcr die Hakenseite.<\/p>\n<p>Was diesen Karabiner auszeichnet sind drei Dinge.<\/p>\n<p>Erstens die sehr gute Ergonomie durch die angenehmer Gr\u00f6\u00dfe. Diese f\u00e4llt gro\u00df aus, somit hat man hier \u201eetwas in der Hand\u201c. Zweitens ist dieses Modell hei\u00df geschmiedet. Folglich hat es ein klassisches \u201ePetzl\u201c H \u2013 Profil mit gro\u00dfer Auflagefl\u00e4che f\u00fcr das\u00a0<a href=\"https:\/\/bolting.eu\/produkt-kategorie\/kletterausruestung\/kletterseil\/\">Kletterseil<\/a>. Und drittens die einzigartige Form f\u00fcr leichtes Klippen. Sowohl in eine Bohrhakenlasche oder einen\u00a0<a href=\"https:\/\/bolting.eu\/produkt-kategorie\/einbohrartikel\/klebehaken-buehlerhaken\/\">Klebehaken<\/a>, als auch das Seil in den \u201eunteren\u201c Karabiner.<\/p>\n<h2>Eigenschaften Petzl Djinn Schnappkarabiner<\/h2>\n<ul>\n<li>Hersteller:\u00a0<a href=\"https:\/\/bolting.eu\/produkt-kategorie\/petzl\/\">Petzl<\/a><\/li>\n<li>Material: Alu<\/li>\n<li>Gewicht:\u00a0 45 Gramm<\/li>\n<li><a href=\"https:\/\/bolting.eu\/bruchlast-karabiner\/\">Bruchlasten Karabiner<\/a>l\u00e4ngs \u2013 quer \u2013 offen: 23 kN \u2013 8 kN \u2013 9 kN<\/li>\n<li>\u00d6ffnung Schnapper gerade: 24mm<\/li>\n<li>\u00d6ffnung Schnapper gebogen: 27mm<\/li>\n<li>Farben: gerader Schnapper grau, gebogener Schnapper blau oder violett<\/li>\n<li>Normen:\u00a0<a href=\"https:\/\/bolting.eu\/en-362-norm\/\">EN 362<\/a>,\u00a0<a href=\"https:\/\/bolting.eu\/en-12275-norm\/\">EN 12275<\/a><\/li>\n<li>Keylock System = kein \u201eVerheddern\u201c<\/li>\n<li>ideal zum Nachbesetzen der Djinn Express<\/li>\n<li>hei\u00df geschmiedet<\/li>\n<li>geringes Gewicht<\/li>\n<li>sehr gute Ergonomie<\/li>\n<li><a href=\"https:\/\/www.petzl.com\/sfc\/servlet.shepherd\/version\/download\/06868000002FggPAAS\">Bedienungsanleitung<\/a><\/li>\n<\/ul>\n<h3>Ideal f\u00fcr die gleichnamige Express<\/h3>\n<p>Die Petzl Djinn Schnappkarabiner sind ideal, um seine gleichnamigen <a href=\"https:\/\/bolting.eu\/produkt-kategorie\/kletterausruestung\/expressschlingen\/\">Expressen<\/a> wieder sauber nach zu besetzen. Denn sowohl die hakenseitigen als auch seilseitigen Karabiner sind einer Abn\u00fctzung unterworfen.<\/p>\n<p>Somit muss man, je nach H\u00e4ufigkeit und Intensit\u00e4t der Verwendung, einzelne Karabiner austauschen. Eher betroffen sind die hakenseitigen Verbindungsmittel, besonders wenn man viel in bohrhakengesicherten Gebieten, also an\u00a0<a href=\"https:\/\/bolting.eu\/produkt-kategorie\/einbohrartikel\/bohrhakenlasche\/\">Bohrhakenlaschen<\/a>\u00a0klettert.<\/p>\n<p>Hier schneiden sich die Laschen oft in den Scheitel ein und sorgen f\u00fcr scharfe Gr\u00e4ten. Seilseitig kann der Scheitel ebenso abgen\u00fctzt werden. Vor allem wenn die Express als Fixschlinge h\u00e4ngen bleibt. Beachte in diesem Fall vor allem die Gefahr der eingeschliffenen Karabiner bzw. eines potentiellen Seilrisses.<\/p>\n<h3>Made in France<\/h3>\n<p>Der Hersteller Petzl fertigt alle seine Karabiner in Frankreich. Somit auch den Petzl Spirit Schnappkarabiner.<\/p>\n<p>Das bedeutet erstens hohe Produktqualit\u00e4t, weil der gesamte Produktionsprozess \u00fcbersehen werden kann. Zweitens bedeutet es ordentliche soziale Standards plus Umweltstandards. Drittens gibt es hier keinen \u00dcbersee Transport wie aus Fernost. Viertens findet die gesamte Wertsch\u00f6pfung in der EU statt.<\/p>\n","protected":false},"excerpt":{"rendered":"<p>Robuster, hei\u00df geschmiedeter Karabiner zum Nachbesetzen der gleichnamigen Express. Kann gerne auch einzeln verwendet werden.<\/p>\n<p>Erh\u00e4ltlich mit geradem Schnapper in grau, oder mit gebogenem Schnapper in blau oder violett.<\/p>\n","protected":false},"featured_media":12690,"comment_status":"closed","ping_status":"closed","template":"","meta":[],"product_brand":[],"product_cat":[14093,29,44,3004],"product_tag":[],"class_list":{"0":"post-12687","1":"product","2":"type-product","3":"status-publish","4":"has-post-thumbnail","6":"product_cat-petzl","7":"product_cat-kletterausruestung","8":"product_cat-kletterkarabiner","9":"product_cat-schnappkarabiner","11":"first","12":"instock","13":"taxable","14":"shipping-taxable","15":"purchasable","16":"product-type-variable"},"yoast_head":"<!-- This site is optimized with the Yoast SEO Premium plugin v26.9 (Yoast SEO v26.9) - https:\/\/yoast.com\/product\/yoast-seo-premium-wordpress\/ -->\n<title>Petzl Djinn Schnappkarabiner - in 3 Varianten kaufen | bolting.eu<\/title>\n<meta name=\"description\" content=\"Hier findest Du den PETZL DJINN Schnappkarabiner in 3 Varianten: Grau mit geradem Schnapper und blau bzw. violett und gebogenem Schnapper.\" \/>\n<meta name=\"robots\" content=\"index, follow, max-snippet:-1, max-image-preview:large, max-video-preview:-1\" \/>\n<link rel=\"canonical\" href=\"https:\/\/bolting.eu\/en\/shop\/petzl-djinn-schnappkarabiner\/\" \/>\n<meta property=\"og:locale\" content=\"en_US\" \/>\n<meta property=\"og:type\" content=\"article\" \/>\n<meta property=\"og:title\" content=\"Petzl Djinn Schnappkarabiner\" \/>\n<meta property=\"og:description\" content=\"Hier findest Du den PETZL DJINN Schnappkarabiner in 3 Varianten: Grau mit geradem Schnapper und blau bzw. violett und gebogenem Schnapper.\" \/>\n<meta property=\"og:url\" content=\"https:\/\/bolting.eu\/en\/shop\/petzl-djinn-schnappkarabiner\/\" \/>\n<meta property=\"og:site_name\" content=\"bolting.eu\" \/>\n<meta property=\"article:publisher\" content=\"https:\/\/www.facebook.com\/bolting.eu\" \/>\n<meta property=\"article:modified_time\" content=\"2026-01-09T15:36:19+00:00\" \/>\n<meta property=\"og:image\" content=\"https:\/\/bolting.eu\/wp-content\/uploads\/2022\/08\/Petzl-Djinn-grau.jpg\" \/>\n\t<meta property=\"og:image:width\" content=\"700\" \/>\n\t<meta property=\"og:image:height\" content=\"700\" \/>\n\t<meta property=\"og:image:type\" content=\"image\/jpeg\" \/>\n<meta name=\"twitter:card\" content=\"summary_large_image\" \/>\n<meta name=\"twitter:label1\" content=\"Availability\" \/>\n\t<meta name=\"twitter:data1\" content=\"In stock\" \/>\n<script type=\"application\/ld+json\" class=\"yoast-schema-graph\">{\"@context\":\"https:\/\/schema.org\",\"@graph\":[{\"@type\":[\"WebPage\",\"ItemPage\"],\"@id\":\"https:\/\/bolting.eu\/en\/shop\/petzl-djinn-schnappkarabiner\/\",\"url\":\"https:\/\/bolting.eu\/en\/shop\/petzl-djinn-schnappkarabiner\/\",\"name\":\"Petzl Djinn Schnappkarabiner - in 3 Varianten kaufen | bolting.eu\",\"isPartOf\":{\"@id\":\"https:\/\/bolting.eu\/en\/#website\"},\"primaryImageOfPage\":{\"@id\":\"https:\/\/bolting.eu\/en\/shop\/petzl-djinn-schnappkarabiner\/#primaryimage\"},\"image\":{\"@id\":\"https:\/\/bolting.eu\/en\/shop\/petzl-djinn-schnappkarabiner\/#primaryimage\"},\"thumbnailUrl\":\"https:\/\/bolting.eu\/wp-content\/uploads\/2022\/08\/Petzl-Djinn-grau.jpg\",\"datePublished\":\"2022-08-09T14:37:09+00:00\",\"dateModified\":\"2026-01-09T15:36:19+00:00\",\"description\":\"Hier findest Du den PETZL DJINN Schnappkarabiner in 3 Varianten: Grau mit geradem Schnapper und blau bzw. violett und gebogenem Schnapper.\",\"breadcrumb\":{\"@id\":\"https:\/\/bolting.eu\/en\/shop\/petzl-djinn-schnappkarabiner\/#breadcrumb\"},\"inLanguage\":\"en-US\",\"potentialAction\":[{\"@type\":\"ReadAction\",\"target\":[\"https:\/\/bolting.eu\/en\/shop\/petzl-djinn-schnappkarabiner\/\"]}]},{\"@type\":\"ImageObject\",\"inLanguage\":\"en-US\",\"@id\":\"https:\/\/bolting.eu\/en\/shop\/petzl-djinn-schnappkarabiner\/#primaryimage\",\"url\":\"https:\/\/bolting.eu\/wp-content\/uploads\/2022\/08\/Petzl-Djinn-grau.jpg\",\"contentUrl\":\"https:\/\/bolting.eu\/wp-content\/uploads\/2022\/08\/Petzl-Djinn-grau.jpg\",\"width\":700,\"height\":700,\"caption\":\"Das Bild zeigt den grauen Petzl Djinn Schnappkarabiner mit dem geraden Schnapper rechts.\"},{\"@type\":\"BreadcrumbList\",\"@id\":\"https:\/\/bolting.eu\/en\/shop\/petzl-djinn-schnappkarabiner\/#breadcrumb\",\"itemListElement\":[{\"@type\":\"ListItem\",\"position\":1,\"name\":\"Shop\",\"item\":\"https:\/\/bolting.eu\/en\/shop\/\"},{\"@type\":\"ListItem\",\"position\":2,\"name\":\"climbing equipment\",\"item\":\"https:\/\/bolting.eu\/en\/produkt-kategorie\/climbing-equipment\/\"},{\"@type\":\"ListItem\",\"position\":3,\"name\":\"Climbing carabiner\",\"item\":\"https:\/\/bolting.eu\/en\/produkt-kategorie\/climbing-carabiner\/\"},{\"@type\":\"ListItem\",\"position\":4,\"name\":\"snapgate carabiner\",\"item\":\"https:\/\/bolting.eu\/en\/produkt-kategorie\/snapgate-carabiner\/\"},{\"@type\":\"ListItem\",\"position\":5,\"name\":\"Petzl Djinn Schnappkarabiner\"}]},{\"@type\":\"WebSite\",\"@id\":\"https:\/\/bolting.eu\/en\/#website\",\"url\":\"https:\/\/bolting.eu\/en\/\",\"name\":\"bolting.eu\",\"description\":\"we make climbs happen\",\"publisher\":{\"@id\":\"https:\/\/bolting.eu\/en\/#organization\"},\"potentialAction\":[{\"@type\":\"SearchAction\",\"target\":{\"@type\":\"EntryPoint\",\"urlTemplate\":\"https:\/\/bolting.eu\/en\/?s={search_term_string}\"},\"query-input\":{\"@type\":\"PropertyValueSpecification\",\"valueRequired\":true,\"valueName\":\"search_term_string\"}}],\"inLanguage\":\"en-US\"},{\"@type\":[\"Organization\",\"Place\",\"SportingGoodsStore\"],\"@id\":\"https:\/\/bolting.eu\/en\/#organization\",\"name\":\"bolting.eu\",\"url\":\"https:\/\/bolting.eu\/en\/\",\"logo\":{\"@id\":\"https:\/\/bolting.eu\/en\/shop\/petzl-djinn-schnappkarabiner\/#local-main-organization-logo\"},\"image\":{\"@id\":\"https:\/\/bolting.eu\/en\/shop\/petzl-djinn-schnappkarabiner\/#local-main-organization-logo\"},\"sameAs\":[\"https:\/\/www.facebook.com\/bolting.eu\",\"https:\/\/www.instagram.com\/bolting.eu\/\"],\"address\":{\"@id\":\"https:\/\/bolting.eu\/en\/shop\/petzl-djinn-schnappkarabiner\/#local-main-place-address\"},\"geo\":{\"@type\":\"GeoCoordinates\",\"latitude\":\"47.264176340396226\",\"longitude\":\"11.380109057672346\"},\"telephone\":[\"+43 699 19083372\"],\"openingHoursSpecification\":[{\"@type\":\"OpeningHoursSpecification\",\"dayOfWeek\":[\"Monday\",\"Wednesday\",\"Friday\"],\"opens\":\"14:00\",\"closes\":\"18:00\"},{\"@type\":\"OpeningHoursSpecification\",\"dayOfWeek\":[\"Tuesday\",\"Thursday\",\"Saturday\",\"Sunday\"],\"opens\":\"00:00\",\"closes\":\"00:00\"}],\"email\":\"office@bolting.eu\",\"vatID\":\"ATU59999728\",\"priceRange\":\"$$\",\"currenciesAccepted\":\"Euro\"},{\"@type\":\"PostalAddress\",\"@id\":\"https:\/\/bolting.eu\/en\/shop\/petzl-djinn-schnappkarabiner\/#local-main-place-address\",\"streetAddress\":\"Fischnalerstra\u00dfe 4\",\"addressLocality\":\"Innsbruck\",\"postalCode\":\"6020\",\"addressRegion\":\"Tirol\",\"addressCountry\":\"AT\"},{\"@type\":\"ImageObject\",\"inLanguage\":\"en-US\",\"@id\":\"https:\/\/bolting.eu\/en\/shop\/petzl-djinn-schnappkarabiner\/#local-main-organization-logo\",\"url\":\"https:\/\/bolting.eu\/wp-content\/uploads\/2019\/09\/bolting-logo.png\",\"contentUrl\":\"https:\/\/bolting.eu\/wp-content\/uploads\/2019\/09\/bolting-logo.png\",\"width\":400,\"height\":211,\"caption\":\"bolting.eu\"}]}<\/script>\n<meta property=\"og:availability\" content=\"instock\" \/>\n<meta property=\"product:availability\" content=\"instock\" \/>\n<meta property=\"product:condition\" content=\"new\" \/>\n<meta name=\"geo.placename\" content=\"Innsbruck\" \/>\n<meta name=\"geo.position\" content=\"47.264176340396226;11.380109057672346\" \/>\n<meta name=\"geo.region\" content=\"Austria\" \/>\n<!-- \/ Yoast SEO Premium plugin. -->","yoast_head_json":{"title":"Petzl Djinn Schnappkarabiner - in 3 Varianten kaufen | bolting.eu","description":"Hier findest Du den PETZL DJINN Schnappkarabiner in 3 Varianten: Grau mit geradem Schnapper und blau bzw. violett und gebogenem Schnapper.","robots":{"index":"index","follow":"follow","max-snippet":"max-snippet:-1","max-image-preview":"max-image-preview:large","max-video-preview":"max-video-preview:-1"},"canonical":"https:\/\/bolting.eu\/en\/shop\/petzl-djinn-schnappkarabiner\/","og_locale":"en_US","og_type":"article","og_title":"Petzl Djinn Schnappkarabiner","og_description":"Hier findest Du den PETZL DJINN Schnappkarabiner in 3 Varianten: Grau mit geradem Schnapper und blau bzw. violett und gebogenem Schnapper.","og_url":"https:\/\/bolting.eu\/en\/shop\/petzl-djinn-schnappkarabiner\/","og_site_name":"bolting.eu","article_publisher":"https:\/\/www.facebook.com\/bolting.eu","article_modified_time":"2026-01-09T15:36:19+00:00","og_image":[{"width":700,"height":700,"url":"https:\/\/bolting.eu\/wp-content\/uploads\/2022\/08\/Petzl-Djinn-grau.jpg","type":"image\/jpeg"}],"twitter_card":"summary_large_image","twitter_misc":{"Availability":"In stock"},"schema":{"@context":"https:\/\/schema.org","@graph":[{"@type":["WebPage","ItemPage"],"@id":"https:\/\/bolting.eu\/en\/shop\/petzl-djinn-schnappkarabiner\/","url":"https:\/\/bolting.eu\/en\/shop\/petzl-djinn-schnappkarabiner\/","name":"Petzl Djinn Schnappkarabiner - in 3 Varianten kaufen | bolting.eu","isPartOf":{"@id":"https:\/\/bolting.eu\/en\/#website"},"primaryImageOfPage":{"@id":"https:\/\/bolting.eu\/en\/shop\/petzl-djinn-schnappkarabiner\/#primaryimage"},"image":{"@id":"https:\/\/bolting.eu\/en\/shop\/petzl-djinn-schnappkarabiner\/#primaryimage"},"thumbnailUrl":"https:\/\/bolting.eu\/wp-content\/uploads\/2022\/08\/Petzl-Djinn-grau.jpg","datePublished":"2022-08-09T14:37:09+00:00","dateModified":"2026-01-09T15:36:19+00:00","description":"Hier findest Du den PETZL DJINN Schnappkarabiner in 3 Varianten: Grau mit geradem Schnapper und blau bzw. violett und gebogenem Schnapper.","breadcrumb":{"@id":"https:\/\/bolting.eu\/en\/shop\/petzl-djinn-schnappkarabiner\/#breadcrumb"},"inLanguage":"en-US","potentialAction":[{"@type":"ReadAction","target":["https:\/\/bolting.eu\/en\/shop\/petzl-djinn-schnappkarabiner\/"]}]},{"@type":"ImageObject","inLanguage":"en-US","@id":"https:\/\/bolting.eu\/en\/shop\/petzl-djinn-schnappkarabiner\/#primaryimage","url":"https:\/\/bolting.eu\/wp-content\/uploads\/2022\/08\/Petzl-Djinn-grau.jpg","contentUrl":"https:\/\/bolting.eu\/wp-content\/uploads\/2022\/08\/Petzl-Djinn-grau.jpg","width":700,"height":700,"caption":"Das Bild zeigt den grauen Petzl Djinn Schnappkarabiner mit dem geraden Schnapper rechts."},{"@type":"BreadcrumbList","@id":"https:\/\/bolting.eu\/en\/shop\/petzl-djinn-schnappkarabiner\/#breadcrumb","itemListElement":[{"@type":"ListItem","position":1,"name":"Shop","item":"https:\/\/bolting.eu\/en\/shop\/"},{"@type":"ListItem","position":2,"name":"climbing equipment","item":"https:\/\/bolting.eu\/en\/produkt-kategorie\/climbing-equipment\/"},{"@type":"ListItem","position":3,"name":"Climbing carabiner","item":"https:\/\/bolting.eu\/en\/produkt-kategorie\/climbing-carabiner\/"},{"@type":"ListItem","position":4,"name":"snapgate carabiner","item":"https:\/\/bolting.eu\/en\/produkt-kategorie\/snapgate-carabiner\/"},{"@type":"ListItem","position":5,"name":"Petzl Djinn Schnappkarabiner"}]},{"@type":"WebSite","@id":"https:\/\/bolting.eu\/en\/#website","url":"https:\/\/bolting.eu\/en\/","name":"bolting.eu","description":"we make climbs happen","publisher":{"@id":"https:\/\/bolting.eu\/en\/#organization"},"potentialAction":[{"@type":"SearchAction","target":{"@type":"EntryPoint","urlTemplate":"https:\/\/bolting.eu\/en\/?s={search_term_string}"},"query-input":{"@type":"PropertyValueSpecification","valueRequired":true,"valueName":"search_term_string"}}],"inLanguage":"en-US"},{"@type":["Organization","Place","SportingGoodsStore"],"@id":"https:\/\/bolting.eu\/en\/#organization","name":"bolting.eu","url":"https:\/\/bolting.eu\/en\/","logo":{"@id":"https:\/\/bolting.eu\/en\/shop\/petzl-djinn-schnappkarabiner\/#local-main-organization-logo"},"image":{"@id":"https:\/\/bolting.eu\/en\/shop\/petzl-djinn-schnappkarabiner\/#local-main-organization-logo"},"sameAs":["https:\/\/www.facebook.com\/bolting.eu","https:\/\/www.instagram.com\/bolting.eu\/"],"address":{"@id":"https:\/\/bolting.eu\/en\/shop\/petzl-djinn-schnappkarabiner\/#local-main-place-address"},"geo":{"@type":"GeoCoordinates","latitude":"47.264176340396226","longitude":"11.380109057672346"},"telephone":["+43 699 19083372"],"openingHoursSpecification":[{"@type":"OpeningHoursSpecification","dayOfWeek":["Monday","Wednesday","Friday"],"opens":"14:00","closes":"18:00"},{"@type":"OpeningHoursSpecification","dayOfWeek":["Tuesday","Thursday","Saturday","Sunday"],"opens":"00:00","closes":"00:00"}],"email":"office@bolting.eu","vatID":"ATU59999728","priceRange":"$$","currenciesAccepted":"Euro"},{"@type":"PostalAddress","@id":"https:\/\/bolting.eu\/en\/shop\/petzl-djinn-schnappkarabiner\/#local-main-place-address","streetAddress":"Fischnalerstra\u00dfe 4","addressLocality":"Innsbruck","postalCode":"6020","addressRegion":"Tirol","addressCountry":"AT"},{"@type":"ImageObject","inLanguage":"en-US","@id":"https:\/\/bolting.eu\/en\/shop\/petzl-djinn-schnappkarabiner\/#local-main-organization-logo","url":"https:\/\/bolting.eu\/wp-content\/uploads\/2019\/09\/bolting-logo.png","contentUrl":"https:\/\/bolting.eu\/wp-content\/uploads\/2019\/09\/bolting-logo.png","width":400,"height":211,"caption":"bolting.eu"}]},"og_availability":"instock","product_availability":"instock","product_condition":"new","geo.placename":"Innsbruck","geo.position":{"lat":"47.264176340396226","long":"11.380109057672346"},"geo.region":"Austria"},"_links":{"self":[{"href":"https:\/\/bolting.eu\/en\/wp-json\/wp\/v2\/product\/12687","targetHints":{"allow":["GET"]}}],"collection":[{"href":"https:\/\/bolting.eu\/en\/wp-json\/wp\/v2\/product"}],"about":[{"href":"https:\/\/bolting.eu\/en\/wp-json\/wp\/v2\/types\/product"}],"replies":[{"embeddable":true,"href":"https:\/\/bolting.eu\/en\/wp-json\/wp\/v2\/comments?post=12687"}],"wp:featuredmedia":[{"embeddable":true,"href":"https:\/\/bolting.eu\/en\/wp-json\/wp\/v2\/media\/12690"}],"wp:attachment":[{"href":"https:\/\/bolting.eu\/en\/wp-json\/wp\/v2\/media?parent=12687"}],"wp:term":[{"taxonomy":"product_brand","embeddable":true,"href":"https:\/\/bolting.eu\/en\/wp-json\/wp\/v2\/product_brand?post=12687"},{"taxonomy":"product_cat","embeddable":true,"href":"https:\/\/bolting.eu\/en\/wp-json\/wp\/v2\/product_cat?post=12687"},{"taxonomy":"product_tag","embeddable":true,"href":"https:\/\/bolting.eu\/en\/wp-json\/wp\/v2\/product_tag?post=12687"}],"curies":[{"name":"wp","href":"https:\/\/api.w.org\/{rel}","templated":true}]}}