{"id":12679,"date":"2022-08-09T16:10:18","date_gmt":"2022-08-09T14:10:18","guid":{"rendered":"https:\/\/bolting.eu\/?post_type=product&#038;p=12679"},"modified":"2026-04-01T13:42:24","modified_gmt":"2026-04-01T11:42:24","slug":"petzl-spirit-schnappkarabiner","status":"publish","type":"product","link":"https:\/\/bolting.eu\/en\/shop\/petzl-spirit-schnappkarabiner\/","title":{"rendered":"Petzl Spirit Schnappkarabiner"},"content":{"rendered":"<p>Die Petzl Spirit Schnappkarabiner sind die Modelle der legenden\u00a0<a href=\"https:\/\/bolting.eu\/shop\/petzl-spirit-express\/\">Spirit Expressschlinge<\/a>. Diese hei\u00df geschmiedeten Schnapper geh\u00f6ren seit gut 30 Jahren zu den Top Modellen am Markt.<\/p>\n<p>Hier findet ihr die beiden Varianten, d.h. sowohl mit <strong>geradem<\/strong>\u00a0als auch <strong>gebogenem Schnapper<\/strong>.<\/p>\n<p>Ihre Beliebtheit ist rasch erkl\u00e4rt. Denn zum einen sind sie so etwas wie der Standard f\u00fcr Expressen geworden. Die Latte, nach der sich viele Hersteller orientieren. Zum anderen sind es die soliden Eigenschaften dieses Bestsellers.<\/p>\n<p>Erstens sind sie hei\u00df geschmiedet und erm\u00f6glichen eine gro\u00dfe Auflagefl\u00e4che f\u00fcr das\u00a0<a href=\"https:\/\/bolting.eu\/produkt-kategorie\/kletterausruestung\/kletterseil\/\">Kletterseil<\/a>\u00a0durch das H-Profil. Zweitens die zeitlose Form mit toller Ergonomie und bestem Klipp Verhalten. Und drittens das Proportions \u2013 Gewichtsverh\u00e4ltnis. Der ordentlich gro\u00df gehaltene Karabiner bringt zwar etwas mehr Gewicht, daf\u00fcr hat man hier aber auch \u201eetwas in der Hand\u201c.<\/p>\n<h2>Eigenschaften Petzl Spirit Schnappkarabiner<\/h2>\n<ul>\n<li>Hersteller:\u00a0<a href=\"https:\/\/bolting.eu\/produkt-kategorie\/petzl\/\">Petzl<\/a><\/li>\n<li>Material: Alu<\/li>\n<li>Gewicht: 39 Gramm<\/li>\n<li><a href=\"https:\/\/bolting.eu\/bruchlast-karabiner\/\">Bruchlast Karabiner<\/a>l\u00e4ngs \u2013 quer \u2013 offen : 23kN \u2013 8 kN \u2013 9 kN<\/li>\n<li>\u00d6ffnung gerader Schnapper : 21mm<\/li>\n<li>\u00d6ffnung gebogener Schnapper: 25mm<\/li>\n<li>Normen:\u00a0<a href=\"https:\/\/bolting.eu\/en-362-norm\/\">EN 362<\/a>,\u00a0<a href=\"https:\/\/bolting.eu\/en-12275-norm\/\">EN 12275<\/a><\/li>\n<li>ideal zum Nachbesetzen der Spirit Express<\/li>\n<li>gerader oder gebogener Schnapper<\/li>\n<li>hei\u00df geschmiedet<\/li>\n<li>tolle Ernomie<\/li>\n<li>Absoluter Klassiker &amp; Bestseller<\/li>\n<li><a href=\"https:\/\/www.petzl.com\/sfc\/servlet.shepherd\/version\/download\/06868000002FggPAAS\">Bedienungsanleitung<\/a><\/li>\n<\/ul>\n<h3>Karabiner der Original Exe nachbesetzten<\/h3>\n<p>Die Petzl Spirit Schnappkarabiner sind nat\u00fcrlich perfekt, um die original\u00a0<a href=\"https:\/\/bolting.eu\/produkt-kategorie\/kletterausruestung\/expressschlingen\/\">Expressschlinge<\/a>\u00a0nach zu besetzen. Zum einen in erster Linie den seilseitigen Karabiner.<\/p>\n<p>D.h. das Modell mit gebogenem Schnapper. Denn durch die intensive Verwendung k\u00f6nnen die seilseitigen Verbindungsmittel eingeschliffen werden und scharfe Kanten bekommen. Dies geschieht vor allem durch die Spannung beim Ablassen und einen parallelen Abrieb zum Scheitel.<\/p>\n<p>Zum anderen kann es aber auch den hakenseitigen Karabiner betreffen. Wer viel in Gebieten mit\u00a0<a href=\"https:\/\/bolting.eu\/produkt-kategorie\/einbohrartikel\/bohrhaken\/\">Bohrhaken<\/a>\u00a0bzw.\u00a0<a href=\"https:\/\/bolting.eu\/produkt-kategorie\/einbohrartikel\/bohrhakenlasche\/\">Bohrhakenlaschen<\/a>gesicherten Routen klettert, muss im Laufe der Zeit mit tiefen Kerben rechnen. In beiden F\u00e4llen sollte man die Karabiner irgendwann einmal tauschen.<\/p>\n<h3>Petzl Spirit Schnappkarabiner mit H-Profil<\/h3>\n<p>Der unglaubliche Erfolg dieses Modells ist durch sein innovatives H-Profil zu erkl\u00e4ren. Was heute ganz normal ist f\u00fcr hei\u00df geschmiedete Karabiner, war Anfang der 1990er Jahre ein absolutes Novum.<\/p>\n<p>Karabiner mit breiter Auflagefl\u00e4che f\u00fcr das Seil, aber ein schlankes H-Profil. M\u00f6glich wurde dies durch die Einf\u00fchrung der Hei\u00dfschmiedetechnik durch Petzl vor nun bereits 30 Jahren.<\/p>\n<p>Der verh\u00e4ltnism\u00e4\u00dfig gro\u00dfe, aber leichte Karabiner, revolutionierte damals den Markt. Denn er brachte erstmals eine derart gro\u00dfe Auflagefl\u00e4che f\u00fcr das Kletterseil mit sich. Ein derartige gutes Verh\u00e4ltnis von Gewicht zu Auflagefl\u00e4che katapultierte diesen Karabiner quasi in die \u201eHall of Fame\u201c.<\/p>\n<h3>Made in France<\/h3>\n<p>Der Hersteller Petzl fertigt alle seine Karabiner in Frankreich. Somit auch den Petzl Spirit Schnappkarabiner.<\/p>\n<p>Das bedeutet erstens hohe Produktqualit\u00e4t, weil der gesamte Produktionsprozess \u00fcbersehen werden kann. Zweitens bedeutet es ordentliche soziale Standards plus Umweltstandards. Drittens gibt es hier keinen \u00dcbersee Transport wie aus Fernost. Viertens findet die gesamte Wertsch\u00f6pfung in der EU statt.<\/p>\n","protected":false},"excerpt":{"rendered":"<p>Legend\u00e4re Schnappkarabiner mit H-Profil und toller Ergonomie. Seit gut 30 Jahren DER Standard f\u00fcr robuste Schnappkarabiner.<\/p>\n<p>Ideal zum Nachbesetzen der gleichnamigen Petzl Expressschlinge.<\/p>\n","protected":false},"featured_media":12681,"comment_status":"closed","ping_status":"closed","template":"","meta":[],"product_brand":[],"product_cat":[15064,15067,14795,15030],"product_tag":[],"class_list":{"0":"post-12679","1":"product","2":"type-product","3":"status-publish","4":"has-post-thumbnail","6":"product_cat-climbing-carabiner","7":"product_cat-snapgate-carabiner","8":"product_cat-petzl-en","9":"product_cat-climbing-equipment","11":"first","12":"instock","13":"taxable","14":"shipping-taxable","15":"purchasable","16":"product-type-variable"},"yoast_head":"<!-- This site is optimized with the Yoast SEO Premium plugin v26.9 (Yoast SEO v26.9) - https:\/\/yoast.com\/product\/yoast-seo-premium-wordpress\/ -->\n<title>Petzl Spirit Schnappkarabiner - gerade &amp; gebogen | bolting.eu<\/title>\n<meta name=\"description\" content=\"Hier findest Du den PETZL SPIRIT SCHNAPPKARABINER mit geradem oder gebogenem Schnapper. DER legend\u00e4re Standard Schnapper von Petzl!\" \/>\n<meta name=\"robots\" content=\"index, follow, max-snippet:-1, max-image-preview:large, max-video-preview:-1\" \/>\n<link rel=\"canonical\" href=\"https:\/\/bolting.eu\/en\/shop\/petzl-spirit-schnappkarabiner\/\" \/>\n<meta property=\"og:locale\" content=\"en_US\" \/>\n<meta property=\"og:type\" content=\"article\" \/>\n<meta property=\"og:title\" content=\"Petzl Spirit Schnappkarabiner\" \/>\n<meta property=\"og:description\" content=\"Hier findest Du den PETZL SPIRIT SCHNAPPKARABINER mit geradem oder gebogenem Schnapper. DER legend\u00e4re Standard Schnapper von Petzl!\" \/>\n<meta property=\"og:url\" content=\"https:\/\/bolting.eu\/en\/shop\/petzl-spirit-schnappkarabiner\/\" \/>\n<meta property=\"og:site_name\" content=\"bolting.eu\" \/>\n<meta property=\"article:publisher\" content=\"https:\/\/www.facebook.com\/bolting.eu\" \/>\n<meta property=\"article:modified_time\" content=\"2026-04-01T11:42:24+00:00\" \/>\n<meta property=\"og:image\" content=\"https:\/\/bolting.eu\/wp-content\/uploads\/2022\/08\/Petzl-Spirit-gerader-Schnapper.jpg\" \/>\n\t<meta property=\"og:image:width\" content=\"700\" \/>\n\t<meta property=\"og:image:height\" content=\"700\" \/>\n\t<meta property=\"og:image:type\" content=\"image\/jpeg\" \/>\n<meta name=\"twitter:card\" content=\"summary_large_image\" \/>\n<meta name=\"twitter:label1\" content=\"Availability\" \/>\n\t<meta name=\"twitter:data1\" content=\"In stock\" \/>\n<script type=\"application\/ld+json\" class=\"yoast-schema-graph\">{\"@context\":\"https:\/\/schema.org\",\"@graph\":[{\"@type\":[\"WebPage\",\"ItemPage\"],\"@id\":\"https:\/\/bolting.eu\/en\/shop\/petzl-spirit-schnappkarabiner\/\",\"url\":\"https:\/\/bolting.eu\/en\/shop\/petzl-spirit-schnappkarabiner\/\",\"name\":\"Petzl Spirit Schnappkarabiner - gerade & gebogen | bolting.eu\",\"isPartOf\":{\"@id\":\"https:\/\/bolting.eu\/en\/#website\"},\"primaryImageOfPage\":{\"@id\":\"https:\/\/bolting.eu\/en\/shop\/petzl-spirit-schnappkarabiner\/#primaryimage\"},\"image\":{\"@id\":\"https:\/\/bolting.eu\/en\/shop\/petzl-spirit-schnappkarabiner\/#primaryimage\"},\"thumbnailUrl\":\"https:\/\/bolting.eu\/wp-content\/uploads\/2022\/08\/Petzl-Spirit-gerader-Schnapper.jpg\",\"datePublished\":\"2022-08-09T14:10:18+00:00\",\"dateModified\":\"2026-04-01T11:42:24+00:00\",\"description\":\"Hier findest Du den PETZL SPIRIT SCHNAPPKARABINER mit geradem oder gebogenem Schnapper. DER legend\u00e4re Standard Schnapper von Petzl!\",\"breadcrumb\":{\"@id\":\"https:\/\/bolting.eu\/en\/shop\/petzl-spirit-schnappkarabiner\/#breadcrumb\"},\"inLanguage\":\"en-US\",\"potentialAction\":[{\"@type\":\"ReadAction\",\"target\":[\"https:\/\/bolting.eu\/en\/shop\/petzl-spirit-schnappkarabiner\/\"]}]},{\"@type\":\"ImageObject\",\"inLanguage\":\"en-US\",\"@id\":\"https:\/\/bolting.eu\/en\/shop\/petzl-spirit-schnappkarabiner\/#primaryimage\",\"url\":\"https:\/\/bolting.eu\/wp-content\/uploads\/2022\/08\/Petzl-Spirit-gerader-Schnapper.jpg\",\"contentUrl\":\"https:\/\/bolting.eu\/wp-content\/uploads\/2022\/08\/Petzl-Spirit-gerader-Schnapper.jpg\",\"width\":700,\"height\":700,\"caption\":\"Das Bild zeigt den grauen Petzl Spirit Schnappkarabiner mit geradem Schnapper auf der rechten Seite.\"},{\"@type\":\"BreadcrumbList\",\"@id\":\"https:\/\/bolting.eu\/en\/shop\/petzl-spirit-schnappkarabiner\/#breadcrumb\",\"itemListElement\":[{\"@type\":\"ListItem\",\"position\":1,\"name\":\"Shop\",\"item\":\"https:\/\/bolting.eu\/en\/shop\/\"},{\"@type\":\"ListItem\",\"position\":2,\"name\":\"climbing equipment\",\"item\":\"https:\/\/bolting.eu\/en\/produkt-kategorie\/climbing-equipment\/\"},{\"@type\":\"ListItem\",\"position\":3,\"name\":\"Climbing carabiner\",\"item\":\"https:\/\/bolting.eu\/en\/produkt-kategorie\/climbing-carabiner\/\"},{\"@type\":\"ListItem\",\"position\":4,\"name\":\"snapgate carabiner\",\"item\":\"https:\/\/bolting.eu\/en\/produkt-kategorie\/snapgate-carabiner\/\"},{\"@type\":\"ListItem\",\"position\":5,\"name\":\"Petzl Spirit Schnappkarabiner\"}]},{\"@type\":\"WebSite\",\"@id\":\"https:\/\/bolting.eu\/en\/#website\",\"url\":\"https:\/\/bolting.eu\/en\/\",\"name\":\"bolting.eu\",\"description\":\"we make climbs happen\",\"publisher\":{\"@id\":\"https:\/\/bolting.eu\/en\/#organization\"},\"potentialAction\":[{\"@type\":\"SearchAction\",\"target\":{\"@type\":\"EntryPoint\",\"urlTemplate\":\"https:\/\/bolting.eu\/en\/?s={search_term_string}\"},\"query-input\":{\"@type\":\"PropertyValueSpecification\",\"valueRequired\":true,\"valueName\":\"search_term_string\"}}],\"inLanguage\":\"en-US\"},{\"@type\":[\"Organization\",\"Place\",\"SportingGoodsStore\"],\"@id\":\"https:\/\/bolting.eu\/en\/#organization\",\"name\":\"bolting.eu\",\"url\":\"https:\/\/bolting.eu\/en\/\",\"logo\":{\"@id\":\"https:\/\/bolting.eu\/en\/shop\/petzl-spirit-schnappkarabiner\/#local-main-organization-logo\"},\"image\":{\"@id\":\"https:\/\/bolting.eu\/en\/shop\/petzl-spirit-schnappkarabiner\/#local-main-organization-logo\"},\"sameAs\":[\"https:\/\/www.facebook.com\/bolting.eu\",\"https:\/\/www.instagram.com\/bolting.eu\/\"],\"address\":{\"@id\":\"https:\/\/bolting.eu\/en\/shop\/petzl-spirit-schnappkarabiner\/#local-main-place-address\"},\"geo\":{\"@type\":\"GeoCoordinates\",\"latitude\":\"47.264176340396226\",\"longitude\":\"11.380109057672346\"},\"telephone\":[\"+43 699 19083372\"],\"openingHoursSpecification\":[{\"@type\":\"OpeningHoursSpecification\",\"dayOfWeek\":[\"Monday\",\"Wednesday\",\"Friday\"],\"opens\":\"14:00\",\"closes\":\"18:00\"},{\"@type\":\"OpeningHoursSpecification\",\"dayOfWeek\":[\"Tuesday\",\"Thursday\",\"Saturday\",\"Sunday\"],\"opens\":\"00:00\",\"closes\":\"00:00\"}],\"email\":\"office@bolting.eu\",\"vatID\":\"ATU59999728\",\"priceRange\":\"$$\",\"currenciesAccepted\":\"Euro\"},{\"@type\":\"PostalAddress\",\"@id\":\"https:\/\/bolting.eu\/en\/shop\/petzl-spirit-schnappkarabiner\/#local-main-place-address\",\"streetAddress\":\"Fischnalerstra\u00dfe 4\",\"addressLocality\":\"Innsbruck\",\"postalCode\":\"6020\",\"addressRegion\":\"Tirol\",\"addressCountry\":\"AT\"},{\"@type\":\"ImageObject\",\"inLanguage\":\"en-US\",\"@id\":\"https:\/\/bolting.eu\/en\/shop\/petzl-spirit-schnappkarabiner\/#local-main-organization-logo\",\"url\":\"https:\/\/bolting.eu\/wp-content\/uploads\/2019\/09\/bolting-logo.png\",\"contentUrl\":\"https:\/\/bolting.eu\/wp-content\/uploads\/2019\/09\/bolting-logo.png\",\"width\":400,\"height\":211,\"caption\":\"bolting.eu\"}]}<\/script>\n<meta property=\"og:availability\" content=\"instock\" \/>\n<meta property=\"product:availability\" content=\"instock\" \/>\n<meta property=\"product:condition\" content=\"new\" \/>\n<meta name=\"geo.placename\" content=\"Innsbruck\" \/>\n<meta name=\"geo.position\" content=\"47.264176340396226;11.380109057672346\" \/>\n<meta name=\"geo.region\" content=\"Austria\" \/>\n<!-- \/ Yoast SEO Premium plugin. -->","yoast_head_json":{"title":"Petzl Spirit Schnappkarabiner - gerade & gebogen | bolting.eu","description":"Hier findest Du den PETZL SPIRIT SCHNAPPKARABINER mit geradem oder gebogenem Schnapper. DER legend\u00e4re Standard Schnapper von Petzl!","robots":{"index":"index","follow":"follow","max-snippet":"max-snippet:-1","max-image-preview":"max-image-preview:large","max-video-preview":"max-video-preview:-1"},"canonical":"https:\/\/bolting.eu\/en\/shop\/petzl-spirit-schnappkarabiner\/","og_locale":"en_US","og_type":"article","og_title":"Petzl Spirit Schnappkarabiner","og_description":"Hier findest Du den PETZL SPIRIT SCHNAPPKARABINER mit geradem oder gebogenem Schnapper. DER legend\u00e4re Standard Schnapper von Petzl!","og_url":"https:\/\/bolting.eu\/en\/shop\/petzl-spirit-schnappkarabiner\/","og_site_name":"bolting.eu","article_publisher":"https:\/\/www.facebook.com\/bolting.eu","article_modified_time":"2026-04-01T11:42:24+00:00","og_image":[{"width":700,"height":700,"url":"https:\/\/bolting.eu\/wp-content\/uploads\/2022\/08\/Petzl-Spirit-gerader-Schnapper.jpg","type":"image\/jpeg"}],"twitter_card":"summary_large_image","twitter_misc":{"Availability":"In stock"},"schema":{"@context":"https:\/\/schema.org","@graph":[{"@type":["WebPage","ItemPage"],"@id":"https:\/\/bolting.eu\/en\/shop\/petzl-spirit-schnappkarabiner\/","url":"https:\/\/bolting.eu\/en\/shop\/petzl-spirit-schnappkarabiner\/","name":"Petzl Spirit Schnappkarabiner - gerade & gebogen | bolting.eu","isPartOf":{"@id":"https:\/\/bolting.eu\/en\/#website"},"primaryImageOfPage":{"@id":"https:\/\/bolting.eu\/en\/shop\/petzl-spirit-schnappkarabiner\/#primaryimage"},"image":{"@id":"https:\/\/bolting.eu\/en\/shop\/petzl-spirit-schnappkarabiner\/#primaryimage"},"thumbnailUrl":"https:\/\/bolting.eu\/wp-content\/uploads\/2022\/08\/Petzl-Spirit-gerader-Schnapper.jpg","datePublished":"2022-08-09T14:10:18+00:00","dateModified":"2026-04-01T11:42:24+00:00","description":"Hier findest Du den PETZL SPIRIT SCHNAPPKARABINER mit geradem oder gebogenem Schnapper. DER legend\u00e4re Standard Schnapper von Petzl!","breadcrumb":{"@id":"https:\/\/bolting.eu\/en\/shop\/petzl-spirit-schnappkarabiner\/#breadcrumb"},"inLanguage":"en-US","potentialAction":[{"@type":"ReadAction","target":["https:\/\/bolting.eu\/en\/shop\/petzl-spirit-schnappkarabiner\/"]}]},{"@type":"ImageObject","inLanguage":"en-US","@id":"https:\/\/bolting.eu\/en\/shop\/petzl-spirit-schnappkarabiner\/#primaryimage","url":"https:\/\/bolting.eu\/wp-content\/uploads\/2022\/08\/Petzl-Spirit-gerader-Schnapper.jpg","contentUrl":"https:\/\/bolting.eu\/wp-content\/uploads\/2022\/08\/Petzl-Spirit-gerader-Schnapper.jpg","width":700,"height":700,"caption":"Das Bild zeigt den grauen Petzl Spirit Schnappkarabiner mit geradem Schnapper auf der rechten Seite."},{"@type":"BreadcrumbList","@id":"https:\/\/bolting.eu\/en\/shop\/petzl-spirit-schnappkarabiner\/#breadcrumb","itemListElement":[{"@type":"ListItem","position":1,"name":"Shop","item":"https:\/\/bolting.eu\/en\/shop\/"},{"@type":"ListItem","position":2,"name":"climbing equipment","item":"https:\/\/bolting.eu\/en\/produkt-kategorie\/climbing-equipment\/"},{"@type":"ListItem","position":3,"name":"Climbing carabiner","item":"https:\/\/bolting.eu\/en\/produkt-kategorie\/climbing-carabiner\/"},{"@type":"ListItem","position":4,"name":"snapgate carabiner","item":"https:\/\/bolting.eu\/en\/produkt-kategorie\/snapgate-carabiner\/"},{"@type":"ListItem","position":5,"name":"Petzl Spirit Schnappkarabiner"}]},{"@type":"WebSite","@id":"https:\/\/bolting.eu\/en\/#website","url":"https:\/\/bolting.eu\/en\/","name":"bolting.eu","description":"we make climbs happen","publisher":{"@id":"https:\/\/bolting.eu\/en\/#organization"},"potentialAction":[{"@type":"SearchAction","target":{"@type":"EntryPoint","urlTemplate":"https:\/\/bolting.eu\/en\/?s={search_term_string}"},"query-input":{"@type":"PropertyValueSpecification","valueRequired":true,"valueName":"search_term_string"}}],"inLanguage":"en-US"},{"@type":["Organization","Place","SportingGoodsStore"],"@id":"https:\/\/bolting.eu\/en\/#organization","name":"bolting.eu","url":"https:\/\/bolting.eu\/en\/","logo":{"@id":"https:\/\/bolting.eu\/en\/shop\/petzl-spirit-schnappkarabiner\/#local-main-organization-logo"},"image":{"@id":"https:\/\/bolting.eu\/en\/shop\/petzl-spirit-schnappkarabiner\/#local-main-organization-logo"},"sameAs":["https:\/\/www.facebook.com\/bolting.eu","https:\/\/www.instagram.com\/bolting.eu\/"],"address":{"@id":"https:\/\/bolting.eu\/en\/shop\/petzl-spirit-schnappkarabiner\/#local-main-place-address"},"geo":{"@type":"GeoCoordinates","latitude":"47.264176340396226","longitude":"11.380109057672346"},"telephone":["+43 699 19083372"],"openingHoursSpecification":[{"@type":"OpeningHoursSpecification","dayOfWeek":["Monday","Wednesday","Friday"],"opens":"14:00","closes":"18:00"},{"@type":"OpeningHoursSpecification","dayOfWeek":["Tuesday","Thursday","Saturday","Sunday"],"opens":"00:00","closes":"00:00"}],"email":"office@bolting.eu","vatID":"ATU59999728","priceRange":"$$","currenciesAccepted":"Euro"},{"@type":"PostalAddress","@id":"https:\/\/bolting.eu\/en\/shop\/petzl-spirit-schnappkarabiner\/#local-main-place-address","streetAddress":"Fischnalerstra\u00dfe 4","addressLocality":"Innsbruck","postalCode":"6020","addressRegion":"Tirol","addressCountry":"AT"},{"@type":"ImageObject","inLanguage":"en-US","@id":"https:\/\/bolting.eu\/en\/shop\/petzl-spirit-schnappkarabiner\/#local-main-organization-logo","url":"https:\/\/bolting.eu\/wp-content\/uploads\/2019\/09\/bolting-logo.png","contentUrl":"https:\/\/bolting.eu\/wp-content\/uploads\/2019\/09\/bolting-logo.png","width":400,"height":211,"caption":"bolting.eu"}]},"og_availability":"instock","product_availability":"instock","product_condition":"new","geo.placename":"Innsbruck","geo.position":{"lat":"47.264176340396226","long":"11.380109057672346"},"geo.region":"Austria"},"_links":{"self":[{"href":"https:\/\/bolting.eu\/en\/wp-json\/wp\/v2\/product\/12679","targetHints":{"allow":["GET"]}}],"collection":[{"href":"https:\/\/bolting.eu\/en\/wp-json\/wp\/v2\/product"}],"about":[{"href":"https:\/\/bolting.eu\/en\/wp-json\/wp\/v2\/types\/product"}],"replies":[{"embeddable":true,"href":"https:\/\/bolting.eu\/en\/wp-json\/wp\/v2\/comments?post=12679"}],"wp:featuredmedia":[{"embeddable":true,"href":"https:\/\/bolting.eu\/en\/wp-json\/wp\/v2\/media\/12681"}],"wp:attachment":[{"href":"https:\/\/bolting.eu\/en\/wp-json\/wp\/v2\/media?parent=12679"}],"wp:term":[{"taxonomy":"product_brand","embeddable":true,"href":"https:\/\/bolting.eu\/en\/wp-json\/wp\/v2\/product_brand?post=12679"},{"taxonomy":"product_cat","embeddable":true,"href":"https:\/\/bolting.eu\/en\/wp-json\/wp\/v2\/product_cat?post=12679"},{"taxonomy":"product_tag","embeddable":true,"href":"https:\/\/bolting.eu\/en\/wp-json\/wp\/v2\/product_tag?post=12679"}],"curies":[{"name":"wp","href":"https:\/\/api.w.org\/{rel}","templated":true}]}}