{"id":12641,"date":"2022-08-05T15:11:44","date_gmt":"2022-08-05T13:11:44","guid":{"rendered":"https:\/\/bolting.eu\/?post_type=product&#038;p=12641"},"modified":"2026-01-19T18:26:44","modified_gmt":"2026-01-19T17:26:44","slug":"climbing-technology-north-couloir","status":"publish","type":"product","link":"https:\/\/bolting.eu\/en\/shop\/climbing-technology-north-couloir\/","title":{"rendered":"Climbing Technology North Couloir"},"content":{"rendered":"<p>Die Climbing Technology North Couloir Eisger\u00e4te sind top Modelle f\u00fcr den modernen Alpinisten. Denn sie k\u00f6nnen sowohl f\u00fcr steiles Eis, rassige Nordw\u00e4nde, Mixed Klettern und Dry Tooling verwendet werden.<\/p>\n<p>Wie bei seinen <a href=\"https:\/\/bolting.eu\/produkt-kategorie\/bergsteiger-ausruestung\/eisschrauben\/\">Eisschrauben<\/a> und <a href=\"https:\/\/bolting.eu\/produkt-kategorie\/bergsteiger-ausruestung\/steigeisen\/\">Steigeisen<\/a> sollte man auch bei seinen Eisger\u00e4ten auf hohe Qualit\u00e4t achten.<\/p>\n<p>Was dieses Ger\u00e4t so vielseitig macht, ist zum einen das ausgewogene Design. Es erm\u00f6glicht durch seine Kr\u00fcmmung den Einsatz in den unterschiedlichsten Disziplinen.<\/p>\n<p>Und zum anderen ist es seine vollst\u00e4ndige Modulierbarkeit. D.h. die Konfiguration mit unterschiedlichen Aufs\u00e4tzen am Kopf. Also die Kombination aus Haue und Hammer bzw. Schaufel oder einfach nur Zusatzgewichte. Des weiteren sind die Handauflage und die Handwechselvorrichtung abnehmbar.<\/p>\n<p>Kurzum. Ein komplett vielseitiges Top Modell!<\/p>\n<h2>Eigenschaften Climbing Technology North Couloir<\/h2>\n<ul>\n<li>Hersteller: Climbing Technology<\/li>\n<li>Material: Hauen aus Stahl, Schaft aus Aluminium, Griff aus Kunststoff<\/li>\n<li>Gewicht &#8220;Hammer&#8221; Modell: 560 Gramm<\/li>\n<li>Gewicht &#8220;Adze&#8221; = Schaufel Modell: 540 Gramm<\/li>\n<li>Gewicht Zusatzgewichte Modell: 530 Gramm<\/li>\n<li>top Eisger\u00e4t f\u00fcr Alpinisten<\/li>\n<li>f\u00fcr steiles Eis, Mixed-Klettern und Dry Tooling<\/li>\n<li>Karabiner\u00f6sen f\u00fcr Leash bzw. Karabiner<\/li>\n<li>Eisger\u00e4t mit modularem System<\/li>\n<li>inkl. Haue Modell &#8220;Ice&#8221;<\/li>\n<li>inkl. &#8220;Change Over&#8221; Handwechsel Auflage<\/li>\n<li>inkl. &#8220;Bumper&#8221; Handauflage am Schaft Ende<\/li>\n<li>inkl. &#8220;Impact Hammer&#8221; Aufsatz<\/li>\n<li>inkl. Schutzkappen f\u00fcr Haue, Schaufel und Dorn<\/li>\n<li><a href=\"https:\/\/www.climbingtechnology.com\/wp-content\/uploads\/2021\/05\/IST32-ICEXECTS_rev-0_12-21.pdf\" target=\"_blank\" rel=\"noopener\">Bedienungsanleitung<\/a><\/li>\n<\/ul>\n<h3>Top Option f\u00fcr vielseitigen Einsatz<\/h3>\n<p>Das Climbing Technology North Couloir ist eine wirklich gute Wahl, wenn man ein Modell f\u00fcr vielseitigen Einsatz sucht. D.h. wer sowohl im Eis, als auch Mixed sowie Dry Tooling Gel\u00e4nde unterwegs ist, findet hier ein passendes Produkt.<\/p>\n<p>Folglich ist dieses Eisger\u00e4t f\u00fcr Alpinisten mit hohen Anspr\u00fcchen eine sehr gute Wahl. Das bereits erw\u00e4hnte modulare System erm\u00f6glicht zudem spezifische Konfigurationen f\u00fcr jedes Terrain.<\/p>\n<h3>Erh\u00e4ltliches Zubeh\u00f6r<\/h3>\n<p>F\u00fcr das Climbing Technology North Couloir sind diese Zubeh\u00f6r \/ Ersatzprodukte erh\u00e4ltlich:<\/p>\n<ul>\n<li>Haue Ice<\/li>\n<li>Haue Mixte<\/li>\n<li>&#8220;Change Over&#8221; Handwechsel Auflage<\/li>\n<li>&#8220;Bumper&#8221; Handauflage am Schaft Ende<\/li>\n<li>Zusatgewichte &#8220;Impact Hammer&#8221;<\/li>\n<li>Hammer = kleines Hammer Modell<\/li>\n<li>Adze = Schaufel<\/li>\n<li>Swhippy elastische Leash<\/li>\n<\/ul>\n<h3>Made in Italy<\/h3>\n<p>Dieses Modell kommt, wie die <a href=\"https:\/\/bolting.eu\/produkt-kategorie\/kletterausruestung\/kletterkarabiner\/\">Karabiner<\/a> oder <a href=\"https:\/\/bolting.eu\/produkt-kategorie\/kletterausruestung\/expressschlingen\/\">Expressschlingen<\/a> dieses Herstellers, aus Italien. Genau gesagt wird der Climbing Technology North Couloir zur G\u00e4nze in der Provinz Bergamo hergestellt.<\/p>\n<p>Das bedeutet kurze Lieferwege f\u00fcr Kunden im Alpenraum, ordentliche soziale Standards und vern\u00fcnftige Umweltauflagen. Zudem bleibt die Wertsch\u00f6pfung in der EU.<\/p>\n<p>Der Kauf eines solchen Produktes verhindert somit viele Nachteile von Importen aus Fernost.<\/p>\n","protected":false},"excerpt":{"rendered":"<p>Top Eisger\u00e4t vom italienischen Edelhersteller. Ein ideales Modell f\u00fcr steiles Eis, Mixed Klettern und Dry Tooling. Perfekt f\u00fcr hammerharte Nordw\u00e4nde und Mixed Gullys.<\/p>\n<p>Erh\u00e4ltlich mit mehreren unterschiedlichen Klingen, Hammer, Schaufel oder nur Zusatzgewichten.<\/p>\n","protected":false},"featured_media":12651,"comment_status":"closed","ping_status":"closed","template":"","meta":[],"product_brand":[],"product_cat":[14282,4662,14319,13938],"product_tag":[],"class_list":{"0":"post-12641","1":"product","2":"type-product","3":"status-publish","4":"has-post-thumbnail","6":"product_cat-eisgeraete","7":"product_cat-climbing-technology","8":"product_cat-sale-klettern","9":"product_cat-bergsteiger-ausruestung","11":"first","12":"instock","13":"sale","14":"taxable","15":"shipping-taxable","16":"purchasable","17":"product-type-variable"},"yoast_head":"<!-- This site is optimized with the Yoast SEO Premium plugin v26.9 (Yoast SEO v26.9) - https:\/\/yoast.com\/product\/yoast-seo-premium-wordpress\/ -->\n<title>Climbing Technology North Couloir - Eisger\u00e4t f\u00fcr Alpinisten | bolting.eu<\/title>\n<meta name=\"description\" content=\"Hier findest Du das Climbing Technology North Couloir. Ein Spitzen Eisger\u00e4t f\u00fcr den modernen Alpinismus, reines Eis, Mixed und Dry Tooling!\" \/>\n<meta name=\"robots\" content=\"index, follow, max-snippet:-1, max-image-preview:large, max-video-preview:-1\" \/>\n<link rel=\"canonical\" href=\"https:\/\/bolting.eu\/en\/shop\/climbing-technology-north-couloir\/\" \/>\n<meta property=\"og:locale\" content=\"en_US\" \/>\n<meta property=\"og:type\" content=\"article\" \/>\n<meta property=\"og:title\" content=\"Climbing Technology North Couloir\" \/>\n<meta property=\"og:description\" content=\"Hier findest Du das Climbing Technology North Couloir. Ein Spitzen Eisger\u00e4t f\u00fcr den modernen Alpinismus, reines Eis, Mixed und Dry Tooling!\" \/>\n<meta property=\"og:url\" content=\"https:\/\/bolting.eu\/en\/shop\/climbing-technology-north-couloir\/\" \/>\n<meta property=\"og:site_name\" content=\"bolting.eu\" \/>\n<meta property=\"article:publisher\" content=\"https:\/\/www.facebook.com\/bolting.eu\" \/>\n<meta property=\"article:modified_time\" content=\"2026-01-19T17:26:44+00:00\" \/>\n<meta property=\"og:image\" content=\"https:\/\/bolting.eu\/wp-content\/uploads\/2022\/08\/CT-North-Couloir-Adze-1.jpg\" \/>\n\t<meta property=\"og:image:width\" content=\"700\" \/>\n\t<meta property=\"og:image:height\" content=\"700\" \/>\n\t<meta property=\"og:image:type\" content=\"image\/jpeg\" \/>\n<meta name=\"twitter:card\" content=\"summary_large_image\" \/>\n<meta name=\"twitter:label1\" content=\"Availability\" \/>\n\t<meta name=\"twitter:data1\" content=\"In stock\" \/>\n<script type=\"application\/ld+json\" class=\"yoast-schema-graph\">{\"@context\":\"https:\/\/schema.org\",\"@graph\":[{\"@type\":[\"WebPage\",\"ItemPage\"],\"@id\":\"https:\/\/bolting.eu\/en\/shop\/climbing-technology-north-couloir\/\",\"url\":\"https:\/\/bolting.eu\/en\/shop\/climbing-technology-north-couloir\/\",\"name\":\"Climbing Technology North Couloir - Eisger\u00e4t f\u00fcr Alpinisten | bolting.eu\",\"isPartOf\":{\"@id\":\"https:\/\/bolting.eu\/en\/#website\"},\"primaryImageOfPage\":{\"@id\":\"https:\/\/bolting.eu\/en\/shop\/climbing-technology-north-couloir\/#primaryimage\"},\"image\":{\"@id\":\"https:\/\/bolting.eu\/en\/shop\/climbing-technology-north-couloir\/#primaryimage\"},\"thumbnailUrl\":\"https:\/\/bolting.eu\/wp-content\/uploads\/2022\/08\/CT-North-Couloir-Adze-1.jpg\",\"datePublished\":\"2022-08-05T13:11:44+00:00\",\"dateModified\":\"2026-01-19T17:26:44+00:00\",\"description\":\"Hier findest Du das Climbing Technology North Couloir. Ein Spitzen Eisger\u00e4t f\u00fcr den modernen Alpinismus, reines Eis, Mixed und Dry Tooling!\",\"breadcrumb\":{\"@id\":\"https:\/\/bolting.eu\/en\/shop\/climbing-technology-north-couloir\/#breadcrumb\"},\"inLanguage\":\"en-US\",\"potentialAction\":[{\"@type\":\"ReadAction\",\"target\":[\"https:\/\/bolting.eu\/en\/shop\/climbing-technology-north-couloir\/\"]}]},{\"@type\":\"ImageObject\",\"inLanguage\":\"en-US\",\"@id\":\"https:\/\/bolting.eu\/en\/shop\/climbing-technology-north-couloir\/#primaryimage\",\"url\":\"https:\/\/bolting.eu\/wp-content\/uploads\/2022\/08\/CT-North-Couloir-Adze-1.jpg\",\"contentUrl\":\"https:\/\/bolting.eu\/wp-content\/uploads\/2022\/08\/CT-North-Couloir-Adze-1.jpg\",\"width\":700,\"height\":700,\"caption\":\"Das Bild zeigt das Climbing TEchnologie North Couloir Eisger\u00e4t mit blauem Schaft, schwarzer Haue und kleiner Schaufel.\"},{\"@type\":\"BreadcrumbList\",\"@id\":\"https:\/\/bolting.eu\/en\/shop\/climbing-technology-north-couloir\/#breadcrumb\",\"itemListElement\":[{\"@type\":\"ListItem\",\"position\":1,\"name\":\"Shop\",\"item\":\"https:\/\/bolting.eu\/en\/shop\/\"},{\"@type\":\"ListItem\",\"position\":2,\"name\":\"Bergsteiger Ausr\u00fcstung\",\"item\":\"https:\/\/bolting.eu\/produkt-kategorie\/bergsteiger-ausruestung\/\"},{\"@type\":\"ListItem\",\"position\":3,\"name\":\"Eisger\u00e4te\",\"item\":\"https:\/\/bolting.eu\/produkt-kategorie\/bergsteiger-ausruestung\/eisgeraete\/\"},{\"@type\":\"ListItem\",\"position\":4,\"name\":\"Climbing Technology North Couloir\"}]},{\"@type\":\"WebSite\",\"@id\":\"https:\/\/bolting.eu\/en\/#website\",\"url\":\"https:\/\/bolting.eu\/en\/\",\"name\":\"bolting.eu\",\"description\":\"we make climbs happen\",\"publisher\":{\"@id\":\"https:\/\/bolting.eu\/en\/#organization\"},\"potentialAction\":[{\"@type\":\"SearchAction\",\"target\":{\"@type\":\"EntryPoint\",\"urlTemplate\":\"https:\/\/bolting.eu\/en\/?s={search_term_string}\"},\"query-input\":{\"@type\":\"PropertyValueSpecification\",\"valueRequired\":true,\"valueName\":\"search_term_string\"}}],\"inLanguage\":\"en-US\"},{\"@type\":[\"Organization\",\"Place\",\"SportingGoodsStore\"],\"@id\":\"https:\/\/bolting.eu\/en\/#organization\",\"name\":\"bolting.eu\",\"url\":\"https:\/\/bolting.eu\/en\/\",\"logo\":{\"@id\":\"https:\/\/bolting.eu\/en\/shop\/climbing-technology-north-couloir\/#local-main-organization-logo\"},\"image\":{\"@id\":\"https:\/\/bolting.eu\/en\/shop\/climbing-technology-north-couloir\/#local-main-organization-logo\"},\"sameAs\":[\"https:\/\/www.facebook.com\/bolting.eu\",\"https:\/\/www.instagram.com\/bolting.eu\/\"],\"address\":{\"@id\":\"https:\/\/bolting.eu\/en\/shop\/climbing-technology-north-couloir\/#local-main-place-address\"},\"geo\":{\"@type\":\"GeoCoordinates\",\"latitude\":\"47.264176340396226\",\"longitude\":\"11.380109057672346\"},\"telephone\":[\"+43 699 19083372\"],\"openingHoursSpecification\":[{\"@type\":\"OpeningHoursSpecification\",\"dayOfWeek\":[\"Monday\",\"Wednesday\",\"Friday\"],\"opens\":\"14:00\",\"closes\":\"18:00\"},{\"@type\":\"OpeningHoursSpecification\",\"dayOfWeek\":[\"Tuesday\",\"Thursday\",\"Saturday\",\"Sunday\"],\"opens\":\"00:00\",\"closes\":\"00:00\"}],\"email\":\"office@bolting.eu\",\"vatID\":\"ATU59999728\",\"priceRange\":\"$$\",\"currenciesAccepted\":\"Euro\"},{\"@type\":\"PostalAddress\",\"@id\":\"https:\/\/bolting.eu\/en\/shop\/climbing-technology-north-couloir\/#local-main-place-address\",\"streetAddress\":\"Fischnalerstra\u00dfe 4\",\"addressLocality\":\"Innsbruck\",\"postalCode\":\"6020\",\"addressRegion\":\"Tirol\",\"addressCountry\":\"AT\"},{\"@type\":\"ImageObject\",\"inLanguage\":\"en-US\",\"@id\":\"https:\/\/bolting.eu\/en\/shop\/climbing-technology-north-couloir\/#local-main-organization-logo\",\"url\":\"https:\/\/bolting.eu\/wp-content\/uploads\/2019\/09\/bolting-logo.png\",\"contentUrl\":\"https:\/\/bolting.eu\/wp-content\/uploads\/2019\/09\/bolting-logo.png\",\"width\":400,\"height\":211,\"caption\":\"bolting.eu\"}]}<\/script>\n<meta property=\"og:availability\" content=\"instock\" \/>\n<meta property=\"product:availability\" content=\"instock\" \/>\n<meta property=\"product:condition\" content=\"new\" \/>\n<meta name=\"geo.placename\" content=\"Innsbruck\" \/>\n<meta name=\"geo.position\" content=\"47.264176340396226;11.380109057672346\" \/>\n<meta name=\"geo.region\" content=\"Austria\" \/>\n<!-- \/ Yoast SEO Premium plugin. -->","yoast_head_json":{"title":"Climbing Technology North Couloir - Eisger\u00e4t f\u00fcr Alpinisten | bolting.eu","description":"Hier findest Du das Climbing Technology North Couloir. Ein Spitzen Eisger\u00e4t f\u00fcr den modernen Alpinismus, reines Eis, Mixed und Dry Tooling!","robots":{"index":"index","follow":"follow","max-snippet":"max-snippet:-1","max-image-preview":"max-image-preview:large","max-video-preview":"max-video-preview:-1"},"canonical":"https:\/\/bolting.eu\/en\/shop\/climbing-technology-north-couloir\/","og_locale":"en_US","og_type":"article","og_title":"Climbing Technology North Couloir","og_description":"Hier findest Du das Climbing Technology North Couloir. Ein Spitzen Eisger\u00e4t f\u00fcr den modernen Alpinismus, reines Eis, Mixed und Dry Tooling!","og_url":"https:\/\/bolting.eu\/en\/shop\/climbing-technology-north-couloir\/","og_site_name":"bolting.eu","article_publisher":"https:\/\/www.facebook.com\/bolting.eu","article_modified_time":"2026-01-19T17:26:44+00:00","og_image":[{"width":700,"height":700,"url":"https:\/\/bolting.eu\/wp-content\/uploads\/2022\/08\/CT-North-Couloir-Adze-1.jpg","type":"image\/jpeg"}],"twitter_card":"summary_large_image","twitter_misc":{"Availability":"In stock"},"schema":{"@context":"https:\/\/schema.org","@graph":[{"@type":["WebPage","ItemPage"],"@id":"https:\/\/bolting.eu\/en\/shop\/climbing-technology-north-couloir\/","url":"https:\/\/bolting.eu\/en\/shop\/climbing-technology-north-couloir\/","name":"Climbing Technology North Couloir - Eisger\u00e4t f\u00fcr Alpinisten | bolting.eu","isPartOf":{"@id":"https:\/\/bolting.eu\/en\/#website"},"primaryImageOfPage":{"@id":"https:\/\/bolting.eu\/en\/shop\/climbing-technology-north-couloir\/#primaryimage"},"image":{"@id":"https:\/\/bolting.eu\/en\/shop\/climbing-technology-north-couloir\/#primaryimage"},"thumbnailUrl":"https:\/\/bolting.eu\/wp-content\/uploads\/2022\/08\/CT-North-Couloir-Adze-1.jpg","datePublished":"2022-08-05T13:11:44+00:00","dateModified":"2026-01-19T17:26:44+00:00","description":"Hier findest Du das Climbing Technology North Couloir. Ein Spitzen Eisger\u00e4t f\u00fcr den modernen Alpinismus, reines Eis, Mixed und Dry Tooling!","breadcrumb":{"@id":"https:\/\/bolting.eu\/en\/shop\/climbing-technology-north-couloir\/#breadcrumb"},"inLanguage":"en-US","potentialAction":[{"@type":"ReadAction","target":["https:\/\/bolting.eu\/en\/shop\/climbing-technology-north-couloir\/"]}]},{"@type":"ImageObject","inLanguage":"en-US","@id":"https:\/\/bolting.eu\/en\/shop\/climbing-technology-north-couloir\/#primaryimage","url":"https:\/\/bolting.eu\/wp-content\/uploads\/2022\/08\/CT-North-Couloir-Adze-1.jpg","contentUrl":"https:\/\/bolting.eu\/wp-content\/uploads\/2022\/08\/CT-North-Couloir-Adze-1.jpg","width":700,"height":700,"caption":"Das Bild zeigt das Climbing TEchnologie North Couloir Eisger\u00e4t mit blauem Schaft, schwarzer Haue und kleiner Schaufel."},{"@type":"BreadcrumbList","@id":"https:\/\/bolting.eu\/en\/shop\/climbing-technology-north-couloir\/#breadcrumb","itemListElement":[{"@type":"ListItem","position":1,"name":"Shop","item":"https:\/\/bolting.eu\/en\/shop\/"},{"@type":"ListItem","position":2,"name":"Bergsteiger Ausr\u00fcstung","item":"https:\/\/bolting.eu\/produkt-kategorie\/bergsteiger-ausruestung\/"},{"@type":"ListItem","position":3,"name":"Eisger\u00e4te","item":"https:\/\/bolting.eu\/produkt-kategorie\/bergsteiger-ausruestung\/eisgeraete\/"},{"@type":"ListItem","position":4,"name":"Climbing Technology North Couloir"}]},{"@type":"WebSite","@id":"https:\/\/bolting.eu\/en\/#website","url":"https:\/\/bolting.eu\/en\/","name":"bolting.eu","description":"we make climbs happen","publisher":{"@id":"https:\/\/bolting.eu\/en\/#organization"},"potentialAction":[{"@type":"SearchAction","target":{"@type":"EntryPoint","urlTemplate":"https:\/\/bolting.eu\/en\/?s={search_term_string}"},"query-input":{"@type":"PropertyValueSpecification","valueRequired":true,"valueName":"search_term_string"}}],"inLanguage":"en-US"},{"@type":["Organization","Place","SportingGoodsStore"],"@id":"https:\/\/bolting.eu\/en\/#organization","name":"bolting.eu","url":"https:\/\/bolting.eu\/en\/","logo":{"@id":"https:\/\/bolting.eu\/en\/shop\/climbing-technology-north-couloir\/#local-main-organization-logo"},"image":{"@id":"https:\/\/bolting.eu\/en\/shop\/climbing-technology-north-couloir\/#local-main-organization-logo"},"sameAs":["https:\/\/www.facebook.com\/bolting.eu","https:\/\/www.instagram.com\/bolting.eu\/"],"address":{"@id":"https:\/\/bolting.eu\/en\/shop\/climbing-technology-north-couloir\/#local-main-place-address"},"geo":{"@type":"GeoCoordinates","latitude":"47.264176340396226","longitude":"11.380109057672346"},"telephone":["+43 699 19083372"],"openingHoursSpecification":[{"@type":"OpeningHoursSpecification","dayOfWeek":["Monday","Wednesday","Friday"],"opens":"14:00","closes":"18:00"},{"@type":"OpeningHoursSpecification","dayOfWeek":["Tuesday","Thursday","Saturday","Sunday"],"opens":"00:00","closes":"00:00"}],"email":"office@bolting.eu","vatID":"ATU59999728","priceRange":"$$","currenciesAccepted":"Euro"},{"@type":"PostalAddress","@id":"https:\/\/bolting.eu\/en\/shop\/climbing-technology-north-couloir\/#local-main-place-address","streetAddress":"Fischnalerstra\u00dfe 4","addressLocality":"Innsbruck","postalCode":"6020","addressRegion":"Tirol","addressCountry":"AT"},{"@type":"ImageObject","inLanguage":"en-US","@id":"https:\/\/bolting.eu\/en\/shop\/climbing-technology-north-couloir\/#local-main-organization-logo","url":"https:\/\/bolting.eu\/wp-content\/uploads\/2019\/09\/bolting-logo.png","contentUrl":"https:\/\/bolting.eu\/wp-content\/uploads\/2019\/09\/bolting-logo.png","width":400,"height":211,"caption":"bolting.eu"}]},"og_availability":"instock","product_availability":"instock","product_condition":"new","geo.placename":"Innsbruck","geo.position":{"lat":"47.264176340396226","long":"11.380109057672346"},"geo.region":"Austria"},"_links":{"self":[{"href":"https:\/\/bolting.eu\/en\/wp-json\/wp\/v2\/product\/12641","targetHints":{"allow":["GET"]}}],"collection":[{"href":"https:\/\/bolting.eu\/en\/wp-json\/wp\/v2\/product"}],"about":[{"href":"https:\/\/bolting.eu\/en\/wp-json\/wp\/v2\/types\/product"}],"replies":[{"embeddable":true,"href":"https:\/\/bolting.eu\/en\/wp-json\/wp\/v2\/comments?post=12641"}],"wp:featuredmedia":[{"embeddable":true,"href":"https:\/\/bolting.eu\/en\/wp-json\/wp\/v2\/media\/12651"}],"wp:attachment":[{"href":"https:\/\/bolting.eu\/en\/wp-json\/wp\/v2\/media?parent=12641"}],"wp:term":[{"taxonomy":"product_brand","embeddable":true,"href":"https:\/\/bolting.eu\/en\/wp-json\/wp\/v2\/product_brand?post=12641"},{"taxonomy":"product_cat","embeddable":true,"href":"https:\/\/bolting.eu\/en\/wp-json\/wp\/v2\/product_cat?post=12641"},{"taxonomy":"product_tag","embeddable":true,"href":"https:\/\/bolting.eu\/en\/wp-json\/wp\/v2\/product_tag?post=12641"}],"curies":[{"name":"wp","href":"https:\/\/api.w.org\/{rel}","templated":true}]}}