{"id":12628,"date":"2022-08-03T11:20:21","date_gmt":"2022-08-03T09:20:21","guid":{"rendered":"https:\/\/bolting.eu\/?post_type=product&#038;p=12628"},"modified":"2022-08-25T09:59:23","modified_gmt":"2022-08-25T07:59:23","slug":"climbing-technology-alpin-tour-l","status":"publish","type":"product","link":"https:\/\/bolting.eu\/en\/shop\/climbing-technology-alpin-tour-l\/","title":{"rendered":"Climbing Technology Alpin Tour L"},"content":{"rendered":"<p>Der Climbing Technology Alpin Tour L ist ein Eispickel f\u00fcr das Skibergsteigen und lange Hochtouren. Er ist ideal, wenn man in einer schneereichem Umgebung unterwegs ist.<\/p>\n<p>Denn dieses Modell ist zum einen sehr leicht. Und zum anderen ist es aufgrund der 60cm L\u00e4nge ideal f\u00fcr die \u201eKopfst\u00fctzpickeltechnik\u201c.<\/p>\n<p>Hierf\u00fcr ist der lange gerade Schaft mit dem zus\u00e4tzlichen Dorn deal. Er dringt super in den Schnee ein und gibt festen Halt.<\/p>\n<p>Die Ergonomie ist wie immer bei CT Produkten sehr gut. Ebenso das Finishing. Schaft und Haue sind eloxiert und somit langlebig und gut gegen Rost gesch\u00fctzt.<\/p>\n<p>Kurzum. Sollte in einer modernen Bergsteigerausr\u00fcstung so wie leichte Alu <a href=\"https:\/\/bolting.eu\/produkt-kategorie\/bergsteiger-ausruestung\/steigeisen\/\">Steigeisen<\/a> nicht fehlen.<\/p>\n<h2>Eigenschaften Climbing Technology Alpin Tour L<\/h2>\n<ul>\n<li>Hersteller: <a href=\"https:\/\/bolting.eu\/produkt-kategorie\/climbing-technology\/\">Climbing Technology<\/a><\/li>\n<li>Material: eloxiertes Alu<\/li>\n<li>Gewicht: 340 Gramm<\/li>\n<li>L\u00e4nge: 60cm<\/li>\n<li>Normen: EN 13089:2011<\/li>\n<li>inkl. Pickel und Hauen Schutzkappe<\/li>\n<li>Farbe: orange \u2013 grau<\/li>\n<li>sehr eicht<\/li>\n<li>f\u00fcr schneereiche Umgebung<\/li>\n<li>kompakt und strapazierf\u00e4hig<\/li>\n<li>inkl. zus\u00e4tzlichem Dorn<\/li>\n<li>\u00d6se f\u00fcr Bandschlinge oder Eispickel Handschlaufe<\/li>\n<li>Ergonomie bzw. L\u00e4nge ideal f\u00fcr \u201eKopfst\u00fctzpickeltechnik\u201c<\/li>\n<li>Made in Italy<\/li>\n<li><a href=\"https:\/\/www.climbingtechnology.com\/wp-content\/uploads\/2021\/05\/IST32-ICEXECTS_rev-0_12-21.pdf\" target=\"_blank\" rel=\"noopener\">Bedienungsanleitung<\/a><\/li>\n<\/ul>\n<h3>Perfekt, wo viel Schnee ist!<\/h3>\n<p>Der Climbing Technology Alpin Tour L ist eine sehr gute Wahl, wenn man mit schneereichen Bedingungen auseinandergesetzt ist.<\/p>\n<p>Denn dieser Eispickel ist genau f\u00fcr diese Bedingungen konzipiert.<\/p>\n<p>Erstens durch den langen, geraden Schaft mit dem extra Dorn. Er kann tief in den Schnee oder Firn gesteckt werden, wo der Dorn sich in den (Eis)Untergrund bohrt.<\/p>\n<p>Zweitens durch die tolle Ergonomie am Kopfteil. Dieses l\u00e4sst sich perfekt mit der Hand umschlie\u00dfen. Somit werden lange M\u00e4rsche etwas ertr\u00e4glicher, der Pickel dabei zum &#8220;Stock&#8221;.<\/p>\n<h3>Made in Italy<\/h3>\n<p>Dieser Eispickel kommt, wie die <a href=\"https:\/\/bolting.eu\/produkt-kategorie\/kletterausruestung\/kletterkarabiner\/\">Karabiner<\/a> oder <a href=\"https:\/\/bolting.eu\/produkt-kategorie\/kletterausruestung\/expressschlingen\/\">Expressschlingen<\/a> dieses Herstellers, aus Italien. Genau gesagt wird der Climbing Technology Alpine Tour L zur G\u00e4nze in der Provinz Bergamo hergestellt.<\/p>\n<p>Das bedeutet kurze Lieferwege f\u00fcr Kunden im Alpenraum, ordentliche soziale Standards und vern\u00fcnftige Umweltauflagen. Zudem bleibt die Wertsch\u00f6pfung in der EU.<\/p>\n<p>Der Kauf eines solchen Produktes verhindert somit viele Nachteile von Importen aus Fernost.<\/p>\n<p>&nbsp;<\/p>\n","protected":false},"excerpt":{"rendered":"<p>Leichter 60cm Pickel f\u00fcr schneereiche Umgebung wie Skibergsteigen und Hochtouren.<\/p>\n<p>Nur 340 Gramm, eloxiertes Alu und gerader Schaft zum Eindringen in den Schnee. Klasse Ergonomie zur Verwendung als &#8220;Stock&#8221; bei langen M\u00e4rschen.<\/p>\n<p>Versandkostenfrei \u2705 bis 2kg in \ud83c\udde6\ud83c\uddf9 ab \u20ac 100,- und \ud83c\udde9\ud83c\uddea ab \u20ac 200,-!<\/p>\n","protected":false},"featured_media":12630,"comment_status":"closed","ping_status":"closed","template":"","meta":[],"product_brand":[],"product_cat":[11054,13938,4662],"product_tag":[],"class_list":{"0":"post-12628","1":"product","2":"type-product","3":"status-publish","4":"has-post-thumbnail","6":"product_cat-eispickel","7":"product_cat-bergsteiger-ausruestung","8":"product_cat-climbing-technology","10":"first","11":"instock","12":"taxable","13":"shipping-taxable","14":"purchasable","15":"product-type-simple"},"yoast_head":"<!-- This site is optimized with the Yoast SEO Premium plugin v26.9 (Yoast SEO v26.9) - https:\/\/yoast.com\/product\/yoast-seo-premium-wordpress\/ -->\n<title>Climbing Technology Alpin Tour L - Eispickel f\u00fcr Ski-Alpinismus | bolting.eu<\/title>\n<meta name=\"description\" content=\"CLIMBING TECHNOLOGY ALPIN TOUR L Leichtpickel beim Hardwareprofi kaufen. Versandkostenfrei \u2705 bis 2kg in \ud83c\udde6\ud83c\uddf9 ab \u20ac 100,- und \ud83c\udde9\ud83c\uddea ab \u20ac 200,-!\" \/>\n<meta name=\"robots\" content=\"index, follow, max-snippet:-1, max-image-preview:large, max-video-preview:-1\" \/>\n<link rel=\"canonical\" href=\"https:\/\/bolting.eu\/en\/shop\/climbing-technology-alpin-tour-l\/\" \/>\n<meta property=\"og:locale\" content=\"en_US\" \/>\n<meta property=\"og:type\" content=\"article\" \/>\n<meta property=\"og:title\" content=\"Climbing Technology Alpin Tour L\" \/>\n<meta property=\"og:description\" content=\"CLIMBING TECHNOLOGY ALPIN TOUR L Leichtpickel beim Hardwareprofi kaufen. Versandkostenfrei \u2705 bis 2kg in \ud83c\udde6\ud83c\uddf9 ab \u20ac 100,- und \ud83c\udde9\ud83c\uddea ab \u20ac 200,-!\" \/>\n<meta property=\"og:url\" content=\"https:\/\/bolting.eu\/en\/shop\/climbing-technology-alpin-tour-l\/\" \/>\n<meta property=\"og:site_name\" content=\"bolting.eu\" \/>\n<meta property=\"article:publisher\" content=\"https:\/\/www.facebook.com\/bolting.eu\" \/>\n<meta property=\"article:modified_time\" content=\"2022-08-25T07:59:23+00:00\" \/>\n<meta property=\"og:image\" content=\"https:\/\/bolting.eu\/wp-content\/uploads\/2022\/08\/CT-Alpine-Tour-L-1.jpg\" \/>\n\t<meta property=\"og:image:width\" content=\"700\" \/>\n\t<meta property=\"og:image:height\" content=\"700\" \/>\n\t<meta property=\"og:image:type\" content=\"image\/jpeg\" \/>\n<meta name=\"twitter:card\" content=\"summary_large_image\" \/>\n<meta name=\"twitter:label1\" content=\"Price\" \/>\n\t<meta name=\"twitter:data1\" content=\"&euro;&nbsp;89,90\" \/>\n\t<meta name=\"twitter:label2\" content=\"Availability\" \/>\n\t<meta name=\"twitter:data2\" content=\"In stock\" \/>\n<script type=\"application\/ld+json\" class=\"yoast-schema-graph\">{\"@context\":\"https:\/\/schema.org\",\"@graph\":[{\"@type\":[\"WebPage\",\"ItemPage\"],\"@id\":\"https:\/\/bolting.eu\/en\/shop\/climbing-technology-alpin-tour-l\/\",\"url\":\"https:\/\/bolting.eu\/en\/shop\/climbing-technology-alpin-tour-l\/\",\"name\":\"Climbing Technology Alpin Tour L - Eispickel f\u00fcr Ski-Alpinismus | bolting.eu\",\"isPartOf\":{\"@id\":\"https:\/\/bolting.eu\/en\/#website\"},\"primaryImageOfPage\":{\"@id\":\"https:\/\/bolting.eu\/en\/shop\/climbing-technology-alpin-tour-l\/#primaryimage\"},\"image\":{\"@id\":\"https:\/\/bolting.eu\/en\/shop\/climbing-technology-alpin-tour-l\/#primaryimage\"},\"thumbnailUrl\":\"https:\/\/bolting.eu\/wp-content\/uploads\/2022\/08\/CT-Alpine-Tour-L-1.jpg\",\"datePublished\":\"2022-08-03T09:20:21+00:00\",\"dateModified\":\"2022-08-25T07:59:23+00:00\",\"description\":\"CLIMBING TECHNOLOGY ALPIN TOUR L Leichtpickel beim Hardwareprofi kaufen. Versandkostenfrei \u2705 bis 2kg in \ud83c\udde6\ud83c\uddf9 ab \u20ac 100,- und \ud83c\udde9\ud83c\uddea ab \u20ac 200,-!\",\"breadcrumb\":{\"@id\":\"https:\/\/bolting.eu\/en\/shop\/climbing-technology-alpin-tour-l\/#breadcrumb\"},\"inLanguage\":\"en-US\",\"potentialAction\":[{\"@type\":\"ReadAction\",\"target\":[\"https:\/\/bolting.eu\/en\/shop\/climbing-technology-alpin-tour-l\/\"]}]},{\"@type\":\"ImageObject\",\"inLanguage\":\"en-US\",\"@id\":\"https:\/\/bolting.eu\/en\/shop\/climbing-technology-alpin-tour-l\/#primaryimage\",\"url\":\"https:\/\/bolting.eu\/wp-content\/uploads\/2022\/08\/CT-Alpine-Tour-L-1.jpg\",\"contentUrl\":\"https:\/\/bolting.eu\/wp-content\/uploads\/2022\/08\/CT-Alpine-Tour-L-1.jpg\",\"width\":700,\"height\":700,\"caption\":\"Das Bild zeigt den Climbing Technology Alpin Tour L Eispickel mit grauem Schaft und oranger HAue in einem wei\u00dfem Quadrat.\"},{\"@type\":\"BreadcrumbList\",\"@id\":\"https:\/\/bolting.eu\/en\/shop\/climbing-technology-alpin-tour-l\/#breadcrumb\",\"itemListElement\":[{\"@type\":\"ListItem\",\"position\":1,\"name\":\"Shop\",\"item\":\"https:\/\/bolting.eu\/en\/shop\/\"},{\"@type\":\"ListItem\",\"position\":2,\"name\":\"Bergsteiger Ausr\u00fcstung\",\"item\":\"https:\/\/bolting.eu\/produkt-kategorie\/bergsteiger-ausruestung\/\"},{\"@type\":\"ListItem\",\"position\":3,\"name\":\"Eispickel\",\"item\":\"https:\/\/bolting.eu\/produkt-kategorie\/bergsteiger-ausruestung\/eispickel\/\"},{\"@type\":\"ListItem\",\"position\":4,\"name\":\"Climbing Technology Alpin Tour L\"}]},{\"@type\":\"WebSite\",\"@id\":\"https:\/\/bolting.eu\/en\/#website\",\"url\":\"https:\/\/bolting.eu\/en\/\",\"name\":\"bolting.eu\",\"description\":\"we make climbs happen\",\"publisher\":{\"@id\":\"https:\/\/bolting.eu\/en\/#organization\"},\"potentialAction\":[{\"@type\":\"SearchAction\",\"target\":{\"@type\":\"EntryPoint\",\"urlTemplate\":\"https:\/\/bolting.eu\/en\/?s={search_term_string}\"},\"query-input\":{\"@type\":\"PropertyValueSpecification\",\"valueRequired\":true,\"valueName\":\"search_term_string\"}}],\"inLanguage\":\"en-US\"},{\"@type\":[\"Organization\",\"Place\",\"SportingGoodsStore\"],\"@id\":\"https:\/\/bolting.eu\/en\/#organization\",\"name\":\"bolting.eu\",\"url\":\"https:\/\/bolting.eu\/en\/\",\"logo\":{\"@id\":\"https:\/\/bolting.eu\/en\/shop\/climbing-technology-alpin-tour-l\/#local-main-organization-logo\"},\"image\":{\"@id\":\"https:\/\/bolting.eu\/en\/shop\/climbing-technology-alpin-tour-l\/#local-main-organization-logo\"},\"sameAs\":[\"https:\/\/www.facebook.com\/bolting.eu\",\"https:\/\/www.instagram.com\/bolting.eu\/\"],\"address\":{\"@id\":\"https:\/\/bolting.eu\/en\/shop\/climbing-technology-alpin-tour-l\/#local-main-place-address\"},\"geo\":{\"@type\":\"GeoCoordinates\",\"latitude\":\"47.264176340396226\",\"longitude\":\"11.380109057672346\"},\"telephone\":[\"+43 699 19083372\"],\"openingHoursSpecification\":[{\"@type\":\"OpeningHoursSpecification\",\"dayOfWeek\":[\"Monday\",\"Wednesday\",\"Friday\"],\"opens\":\"14:00\",\"closes\":\"18:00\"},{\"@type\":\"OpeningHoursSpecification\",\"dayOfWeek\":[\"Tuesday\",\"Thursday\",\"Saturday\",\"Sunday\"],\"opens\":\"00:00\",\"closes\":\"00:00\"}],\"email\":\"office@bolting.eu\",\"vatID\":\"ATU59999728\",\"priceRange\":\"$$\",\"currenciesAccepted\":\"Euro\"},{\"@type\":\"PostalAddress\",\"@id\":\"https:\/\/bolting.eu\/en\/shop\/climbing-technology-alpin-tour-l\/#local-main-place-address\",\"streetAddress\":\"Fischnalerstra\u00dfe 4\",\"addressLocality\":\"Innsbruck\",\"postalCode\":\"6020\",\"addressRegion\":\"Tirol\",\"addressCountry\":\"AT\"},{\"@type\":\"ImageObject\",\"inLanguage\":\"en-US\",\"@id\":\"https:\/\/bolting.eu\/en\/shop\/climbing-technology-alpin-tour-l\/#local-main-organization-logo\",\"url\":\"https:\/\/bolting.eu\/wp-content\/uploads\/2019\/09\/bolting-logo.png\",\"contentUrl\":\"https:\/\/bolting.eu\/wp-content\/uploads\/2019\/09\/bolting-logo.png\",\"width\":400,\"height\":211,\"caption\":\"bolting.eu\"}]}<\/script>\n<meta property=\"product:price:amount\" content=\"89.90\" \/>\n<meta property=\"product:price:currency\" content=\"EUR\" \/>\n<meta property=\"og:availability\" content=\"instock\" \/>\n<meta property=\"product:availability\" content=\"instock\" \/>\n<meta property=\"product:retailer_item_id\" content=\"2I871\" \/>\n<meta property=\"product:condition\" content=\"new\" \/>\n<meta name=\"geo.placename\" content=\"Innsbruck\" \/>\n<meta name=\"geo.position\" content=\"47.264176340396226;11.380109057672346\" \/>\n<meta name=\"geo.region\" content=\"Austria\" \/>\n<!-- \/ Yoast SEO Premium plugin. -->","yoast_head_json":{"title":"Climbing Technology Alpin Tour L - Eispickel f\u00fcr Ski-Alpinismus | bolting.eu","description":"CLIMBING TECHNOLOGY ALPIN TOUR L Leichtpickel beim Hardwareprofi kaufen. Versandkostenfrei \u2705 bis 2kg in \ud83c\udde6\ud83c\uddf9 ab \u20ac 100,- und \ud83c\udde9\ud83c\uddea ab \u20ac 200,-!","robots":{"index":"index","follow":"follow","max-snippet":"max-snippet:-1","max-image-preview":"max-image-preview:large","max-video-preview":"max-video-preview:-1"},"canonical":"https:\/\/bolting.eu\/en\/shop\/climbing-technology-alpin-tour-l\/","og_locale":"en_US","og_type":"article","og_title":"Climbing Technology Alpin Tour L","og_description":"CLIMBING TECHNOLOGY ALPIN TOUR L Leichtpickel beim Hardwareprofi kaufen. Versandkostenfrei \u2705 bis 2kg in \ud83c\udde6\ud83c\uddf9 ab \u20ac 100,- und \ud83c\udde9\ud83c\uddea ab \u20ac 200,-!","og_url":"https:\/\/bolting.eu\/en\/shop\/climbing-technology-alpin-tour-l\/","og_site_name":"bolting.eu","article_publisher":"https:\/\/www.facebook.com\/bolting.eu","article_modified_time":"2022-08-25T07:59:23+00:00","og_image":[{"width":700,"height":700,"url":"https:\/\/bolting.eu\/wp-content\/uploads\/2022\/08\/CT-Alpine-Tour-L-1.jpg","type":"image\/jpeg"}],"twitter_card":"summary_large_image","twitter_misc":{"Price":"&euro;&nbsp;89,90","Availability":"In stock"},"schema":{"@context":"https:\/\/schema.org","@graph":[{"@type":["WebPage","ItemPage"],"@id":"https:\/\/bolting.eu\/en\/shop\/climbing-technology-alpin-tour-l\/","url":"https:\/\/bolting.eu\/en\/shop\/climbing-technology-alpin-tour-l\/","name":"Climbing Technology Alpin Tour L - Eispickel f\u00fcr Ski-Alpinismus | bolting.eu","isPartOf":{"@id":"https:\/\/bolting.eu\/en\/#website"},"primaryImageOfPage":{"@id":"https:\/\/bolting.eu\/en\/shop\/climbing-technology-alpin-tour-l\/#primaryimage"},"image":{"@id":"https:\/\/bolting.eu\/en\/shop\/climbing-technology-alpin-tour-l\/#primaryimage"},"thumbnailUrl":"https:\/\/bolting.eu\/wp-content\/uploads\/2022\/08\/CT-Alpine-Tour-L-1.jpg","datePublished":"2022-08-03T09:20:21+00:00","dateModified":"2022-08-25T07:59:23+00:00","description":"CLIMBING TECHNOLOGY ALPIN TOUR L Leichtpickel beim Hardwareprofi kaufen. Versandkostenfrei \u2705 bis 2kg in \ud83c\udde6\ud83c\uddf9 ab \u20ac 100,- und \ud83c\udde9\ud83c\uddea ab \u20ac 200,-!","breadcrumb":{"@id":"https:\/\/bolting.eu\/en\/shop\/climbing-technology-alpin-tour-l\/#breadcrumb"},"inLanguage":"en-US","potentialAction":[{"@type":"ReadAction","target":["https:\/\/bolting.eu\/en\/shop\/climbing-technology-alpin-tour-l\/"]}]},{"@type":"ImageObject","inLanguage":"en-US","@id":"https:\/\/bolting.eu\/en\/shop\/climbing-technology-alpin-tour-l\/#primaryimage","url":"https:\/\/bolting.eu\/wp-content\/uploads\/2022\/08\/CT-Alpine-Tour-L-1.jpg","contentUrl":"https:\/\/bolting.eu\/wp-content\/uploads\/2022\/08\/CT-Alpine-Tour-L-1.jpg","width":700,"height":700,"caption":"Das Bild zeigt den Climbing Technology Alpin Tour L Eispickel mit grauem Schaft und oranger HAue in einem wei\u00dfem Quadrat."},{"@type":"BreadcrumbList","@id":"https:\/\/bolting.eu\/en\/shop\/climbing-technology-alpin-tour-l\/#breadcrumb","itemListElement":[{"@type":"ListItem","position":1,"name":"Shop","item":"https:\/\/bolting.eu\/en\/shop\/"},{"@type":"ListItem","position":2,"name":"Bergsteiger Ausr\u00fcstung","item":"https:\/\/bolting.eu\/produkt-kategorie\/bergsteiger-ausruestung\/"},{"@type":"ListItem","position":3,"name":"Eispickel","item":"https:\/\/bolting.eu\/produkt-kategorie\/bergsteiger-ausruestung\/eispickel\/"},{"@type":"ListItem","position":4,"name":"Climbing Technology Alpin Tour L"}]},{"@type":"WebSite","@id":"https:\/\/bolting.eu\/en\/#website","url":"https:\/\/bolting.eu\/en\/","name":"bolting.eu","description":"we make climbs happen","publisher":{"@id":"https:\/\/bolting.eu\/en\/#organization"},"potentialAction":[{"@type":"SearchAction","target":{"@type":"EntryPoint","urlTemplate":"https:\/\/bolting.eu\/en\/?s={search_term_string}"},"query-input":{"@type":"PropertyValueSpecification","valueRequired":true,"valueName":"search_term_string"}}],"inLanguage":"en-US"},{"@type":["Organization","Place","SportingGoodsStore"],"@id":"https:\/\/bolting.eu\/en\/#organization","name":"bolting.eu","url":"https:\/\/bolting.eu\/en\/","logo":{"@id":"https:\/\/bolting.eu\/en\/shop\/climbing-technology-alpin-tour-l\/#local-main-organization-logo"},"image":{"@id":"https:\/\/bolting.eu\/en\/shop\/climbing-technology-alpin-tour-l\/#local-main-organization-logo"},"sameAs":["https:\/\/www.facebook.com\/bolting.eu","https:\/\/www.instagram.com\/bolting.eu\/"],"address":{"@id":"https:\/\/bolting.eu\/en\/shop\/climbing-technology-alpin-tour-l\/#local-main-place-address"},"geo":{"@type":"GeoCoordinates","latitude":"47.264176340396226","longitude":"11.380109057672346"},"telephone":["+43 699 19083372"],"openingHoursSpecification":[{"@type":"OpeningHoursSpecification","dayOfWeek":["Monday","Wednesday","Friday"],"opens":"14:00","closes":"18:00"},{"@type":"OpeningHoursSpecification","dayOfWeek":["Tuesday","Thursday","Saturday","Sunday"],"opens":"00:00","closes":"00:00"}],"email":"office@bolting.eu","vatID":"ATU59999728","priceRange":"$$","currenciesAccepted":"Euro"},{"@type":"PostalAddress","@id":"https:\/\/bolting.eu\/en\/shop\/climbing-technology-alpin-tour-l\/#local-main-place-address","streetAddress":"Fischnalerstra\u00dfe 4","addressLocality":"Innsbruck","postalCode":"6020","addressRegion":"Tirol","addressCountry":"AT"},{"@type":"ImageObject","inLanguage":"en-US","@id":"https:\/\/bolting.eu\/en\/shop\/climbing-technology-alpin-tour-l\/#local-main-organization-logo","url":"https:\/\/bolting.eu\/wp-content\/uploads\/2019\/09\/bolting-logo.png","contentUrl":"https:\/\/bolting.eu\/wp-content\/uploads\/2019\/09\/bolting-logo.png","width":400,"height":211,"caption":"bolting.eu"}]},"product_price_amount":"89.90","product_price_currency":"EUR","og_availability":"instock","product_availability":"instock","product_retailer_item_id":"2I871","product_condition":"new","geo.placename":"Innsbruck","geo.position":{"lat":"47.264176340396226","long":"11.380109057672346"},"geo.region":"Austria"},"_links":{"self":[{"href":"https:\/\/bolting.eu\/en\/wp-json\/wp\/v2\/product\/12628","targetHints":{"allow":["GET"]}}],"collection":[{"href":"https:\/\/bolting.eu\/en\/wp-json\/wp\/v2\/product"}],"about":[{"href":"https:\/\/bolting.eu\/en\/wp-json\/wp\/v2\/types\/product"}],"replies":[{"embeddable":true,"href":"https:\/\/bolting.eu\/en\/wp-json\/wp\/v2\/comments?post=12628"}],"wp:featuredmedia":[{"embeddable":true,"href":"https:\/\/bolting.eu\/en\/wp-json\/wp\/v2\/media\/12630"}],"wp:attachment":[{"href":"https:\/\/bolting.eu\/en\/wp-json\/wp\/v2\/media?parent=12628"}],"wp:term":[{"taxonomy":"product_brand","embeddable":true,"href":"https:\/\/bolting.eu\/en\/wp-json\/wp\/v2\/product_brand?post=12628"},{"taxonomy":"product_cat","embeddable":true,"href":"https:\/\/bolting.eu\/en\/wp-json\/wp\/v2\/product_cat?post=12628"},{"taxonomy":"product_tag","embeddable":true,"href":"https:\/\/bolting.eu\/en\/wp-json\/wp\/v2\/product_tag?post=12628"}],"curies":[{"name":"wp","href":"https:\/\/api.w.org\/{rel}","templated":true}]}}