{"id":12609,"date":"2022-08-03T09:12:13","date_gmt":"2022-08-03T07:12:13","guid":{"rendered":"https:\/\/bolting.eu\/?post_type=product&#038;p=12609"},"modified":"2022-08-03T10:56:08","modified_gmt":"2022-08-03T08:56:08","slug":"climbing-technology-agile-eispickel","status":"publish","type":"product","link":"https:\/\/bolting.eu\/en\/shop\/climbing-technology-agile-eispickel\/","title":{"rendered":"Climbing Technology Agile Eispickel"},"content":{"rendered":"<p>Der Climbing Technology Agile Eispickel ist ein extrem leichtes Modell f\u00fcr Minimalisten, Ski Alpinisten und Expeditionen.<\/p>\n<p>Er ist 45cm lang, besteht komplett aus eloxiertem Aluminium und wiegt gerade einmal 220 Gramm. Somit ist er ein absolutes Fliegengewicht!<\/p>\n<p>Ein solcher Pickel ist nat\u00fcrlich auch in den Westalpen und auf Hochtouren eine legitime Option. Insbesondere, wenn man nicht wei\u00df ob man \u00fcberhaupt einen Pickel braucht oder nicht. F\u00fcr solche sporadische Eins\u00e4tze an kurzen Plankeis, Firn oder Schneefeldern, ist ein derart leichter Pickel, ebenso wie Alu <a href=\"https:\/\/bolting.eu\/produkt-kategorie\/bergsteiger-ausruestung\/steigeisen\/\">Steigeisen<\/a>,\u00a0 eine gute Wahl.<\/p>\n<p>Wer eine etwas l\u00e4ngere Variante mit Stahl Haue haben m\u00f6chte, kann das Modell <a href=\"https:\/\/bolting.eu\/shop\/climbing-technology-agile\/\">Agile +<\/a> w\u00e4hlen.<\/p>\n<h2>Eigenschaften Climbing Technology Agile<\/h2>\n<ul>\n<li>Hersteller: <a href=\"https:\/\/bolting.eu\/produkt-kategorie\/climbing-technology\/\">Climbing Technology<\/a><\/li>\n<li>Material: eloxiertes Alu<\/li>\n<li>Gewicht: 220 Gramm<\/li>\n<li>L\u00e4nge: 45cm<\/li>\n<li>Normen: EN 13089:2011<\/li>\n<li>inkl. Pickel und Hauen Schutzkappe<\/li>\n<li>Farbe: orange &#8211; silber<\/li>\n<li>extrem leicht<\/li>\n<li>kompakt und strapazierf\u00e4hig<\/li>\n<li>Made in Italy<\/li>\n<li><a href=\"https:\/\/www.climbingtechnology.com\/wp-content\/uploads\/2021\/05\/IST32-ICEXECTS_rev-0_12-21.pdf\" target=\"_blank\" rel=\"noopener\">Bedienungsanleitung<\/a><\/li>\n<\/ul>\n<h3>Made in Italy<\/h3>\n<p>Dieser Eispickel kommt, wie die <a href=\"https:\/\/bolting.eu\/produkt-kategorie\/kletterausruestung\/kletterkarabiner\/\">Karabiner<\/a> oder <a href=\"https:\/\/bolting.eu\/produkt-kategorie\/kletterausruestung\/expressschlingen\/\">Expressschlingen<\/a> dieses Herstellers, aus Italien. Genau gesagt wird der Climbing Technology Agile zur G\u00e4nze in der Provinz Bergamo hergestellt.<\/p>\n<p>Das bedeutet kurze Lieferwege f\u00fcr Kunden im Alpenraum, ordentliche soziale Standards und vern\u00fcnftige Umweltauflagen. Zudem bleibt die Wertsch\u00f6pfung in der EU.<\/p>\n<p>Der Kauf eines solchen Produktes verhindert somit viele Nachteile von Importen aus Fernost.<\/p>\n","protected":false},"excerpt":{"rendered":"<p>Extrem leichter Eispickel f\u00fcr Minimalisten, Ski Alpinisten und sporadische Eins\u00e4tze mit nur 220 Gramm.<\/p>\n<p>45cm lang, komplett aus eloxiertem Alu hergestellt hat man es hier mit einem italienischen Qualit\u00e4tsprodukt zu tun.<\/p>\n","protected":false},"featured_media":12610,"comment_status":"closed","ping_status":"closed","template":"","meta":[],"product_brand":[],"product_cat":[4662,11054,13938],"product_tag":[],"class_list":{"0":"post-12609","1":"product","2":"type-product","3":"status-publish","4":"has-post-thumbnail","6":"product_cat-climbing-technology","7":"product_cat-eispickel","8":"product_cat-bergsteiger-ausruestung","10":"first","11":"instock","12":"taxable","13":"shipping-taxable","14":"purchasable","15":"product-type-simple"},"yoast_head":"<!-- This site is optimized with the Yoast SEO Premium plugin v26.9 (Yoast SEO v26.9) - https:\/\/yoast.com\/product\/yoast-seo-premium-wordpress\/ -->\n<title>Climbing Technology Agile Eispickel | bolting.eu<\/title>\n<meta name=\"description\" content=\"Hier findest du den Climbing Technology Agile Eispickel. Einen extrem leichten Pickel mit nur 220 Gramm f\u00fcr Minimalisten und Ski Alpinisten.\" \/>\n<meta name=\"robots\" content=\"index, follow, max-snippet:-1, max-image-preview:large, max-video-preview:-1\" \/>\n<link rel=\"canonical\" href=\"https:\/\/bolting.eu\/en\/shop\/climbing-technology-agile-eispickel\/\" \/>\n<meta property=\"og:locale\" content=\"en_US\" \/>\n<meta property=\"og:type\" content=\"article\" \/>\n<meta property=\"og:title\" content=\"Climbing Technology Agile Eispickel\" \/>\n<meta property=\"og:description\" content=\"Hier findest du den Climbing Technology Agile Eispickel. Einen extrem leichten Pickel mit nur 220 Gramm f\u00fcr Minimalisten und Ski Alpinisten.\" \/>\n<meta property=\"og:url\" content=\"https:\/\/bolting.eu\/en\/shop\/climbing-technology-agile-eispickel\/\" \/>\n<meta property=\"og:site_name\" content=\"bolting.eu\" \/>\n<meta property=\"article:publisher\" content=\"https:\/\/www.facebook.com\/bolting.eu\" \/>\n<meta property=\"article:modified_time\" content=\"2022-08-03T08:56:08+00:00\" \/>\n<meta property=\"og:image\" content=\"https:\/\/bolting.eu\/wp-content\/uploads\/2022\/08\/CT-Agile-Eispickel-1.jpg\" \/>\n\t<meta property=\"og:image:width\" content=\"700\" \/>\n\t<meta property=\"og:image:height\" content=\"700\" \/>\n\t<meta property=\"og:image:type\" content=\"image\/jpeg\" \/>\n<meta name=\"twitter:card\" content=\"summary_large_image\" \/>\n<meta name=\"twitter:label1\" content=\"Price\" \/>\n\t<meta name=\"twitter:data1\" content=\"&euro;&nbsp;84,90\" \/>\n\t<meta name=\"twitter:label2\" content=\"Availability\" \/>\n\t<meta name=\"twitter:data2\" content=\"In stock\" \/>\n<script type=\"application\/ld+json\" class=\"yoast-schema-graph\">{\"@context\":\"https:\/\/schema.org\",\"@graph\":[{\"@type\":[\"WebPage\",\"ItemPage\"],\"@id\":\"https:\/\/bolting.eu\/en\/shop\/climbing-technology-agile-eispickel\/\",\"url\":\"https:\/\/bolting.eu\/en\/shop\/climbing-technology-agile-eispickel\/\",\"name\":\"Climbing Technology Agile Eispickel | bolting.eu\",\"isPartOf\":{\"@id\":\"https:\/\/bolting.eu\/en\/#website\"},\"primaryImageOfPage\":{\"@id\":\"https:\/\/bolting.eu\/en\/shop\/climbing-technology-agile-eispickel\/#primaryimage\"},\"image\":{\"@id\":\"https:\/\/bolting.eu\/en\/shop\/climbing-technology-agile-eispickel\/#primaryimage\"},\"thumbnailUrl\":\"https:\/\/bolting.eu\/wp-content\/uploads\/2022\/08\/CT-Agile-Eispickel-1.jpg\",\"datePublished\":\"2022-08-03T07:12:13+00:00\",\"dateModified\":\"2022-08-03T08:56:08+00:00\",\"description\":\"Hier findest du den Climbing Technology Agile Eispickel. Einen extrem leichten Pickel mit nur 220 Gramm f\u00fcr Minimalisten und Ski Alpinisten.\",\"breadcrumb\":{\"@id\":\"https:\/\/bolting.eu\/en\/shop\/climbing-technology-agile-eispickel\/#breadcrumb\"},\"inLanguage\":\"en-US\",\"potentialAction\":[{\"@type\":\"ReadAction\",\"target\":[\"https:\/\/bolting.eu\/en\/shop\/climbing-technology-agile-eispickel\/\"]}]},{\"@type\":\"ImageObject\",\"inLanguage\":\"en-US\",\"@id\":\"https:\/\/bolting.eu\/en\/shop\/climbing-technology-agile-eispickel\/#primaryimage\",\"url\":\"https:\/\/bolting.eu\/wp-content\/uploads\/2022\/08\/CT-Agile-Eispickel-1.jpg\",\"contentUrl\":\"https:\/\/bolting.eu\/wp-content\/uploads\/2022\/08\/CT-Agile-Eispickel-1.jpg\",\"width\":700,\"height\":700,\"caption\":\"Das Bild zeigt den Climbing TEchnology Agile Eispickel mit orangem Schaft und silberner Haue in einem wei\u00dfem Quadrat.\"},{\"@type\":\"BreadcrumbList\",\"@id\":\"https:\/\/bolting.eu\/en\/shop\/climbing-technology-agile-eispickel\/#breadcrumb\",\"itemListElement\":[{\"@type\":\"ListItem\",\"position\":1,\"name\":\"Shop\",\"item\":\"https:\/\/bolting.eu\/en\/shop\/\"},{\"@type\":\"ListItem\",\"position\":2,\"name\":\"Bergsteiger Ausr\u00fcstung\",\"item\":\"https:\/\/bolting.eu\/produkt-kategorie\/bergsteiger-ausruestung\/\"},{\"@type\":\"ListItem\",\"position\":3,\"name\":\"Eispickel\",\"item\":\"https:\/\/bolting.eu\/produkt-kategorie\/bergsteiger-ausruestung\/eispickel\/\"},{\"@type\":\"ListItem\",\"position\":4,\"name\":\"Climbing Technology Agile Eispickel\"}]},{\"@type\":\"WebSite\",\"@id\":\"https:\/\/bolting.eu\/en\/#website\",\"url\":\"https:\/\/bolting.eu\/en\/\",\"name\":\"bolting.eu\",\"description\":\"we make climbs happen\",\"publisher\":{\"@id\":\"https:\/\/bolting.eu\/en\/#organization\"},\"potentialAction\":[{\"@type\":\"SearchAction\",\"target\":{\"@type\":\"EntryPoint\",\"urlTemplate\":\"https:\/\/bolting.eu\/en\/?s={search_term_string}\"},\"query-input\":{\"@type\":\"PropertyValueSpecification\",\"valueRequired\":true,\"valueName\":\"search_term_string\"}}],\"inLanguage\":\"en-US\"},{\"@type\":[\"Organization\",\"Place\",\"SportingGoodsStore\"],\"@id\":\"https:\/\/bolting.eu\/en\/#organization\",\"name\":\"bolting.eu\",\"url\":\"https:\/\/bolting.eu\/en\/\",\"logo\":{\"@id\":\"https:\/\/bolting.eu\/en\/shop\/climbing-technology-agile-eispickel\/#local-main-organization-logo\"},\"image\":{\"@id\":\"https:\/\/bolting.eu\/en\/shop\/climbing-technology-agile-eispickel\/#local-main-organization-logo\"},\"sameAs\":[\"https:\/\/www.facebook.com\/bolting.eu\",\"https:\/\/www.instagram.com\/bolting.eu\/\"],\"address\":{\"@id\":\"https:\/\/bolting.eu\/en\/shop\/climbing-technology-agile-eispickel\/#local-main-place-address\"},\"geo\":{\"@type\":\"GeoCoordinates\",\"latitude\":\"47.264176340396226\",\"longitude\":\"11.380109057672346\"},\"telephone\":[\"+43 699 19083372\"],\"openingHoursSpecification\":[{\"@type\":\"OpeningHoursSpecification\",\"dayOfWeek\":[\"Monday\",\"Wednesday\",\"Friday\"],\"opens\":\"14:00\",\"closes\":\"18:00\"},{\"@type\":\"OpeningHoursSpecification\",\"dayOfWeek\":[\"Tuesday\",\"Thursday\",\"Saturday\",\"Sunday\"],\"opens\":\"00:00\",\"closes\":\"00:00\"}],\"email\":\"office@bolting.eu\",\"vatID\":\"ATU59999728\",\"priceRange\":\"$$\",\"currenciesAccepted\":\"Euro\"},{\"@type\":\"PostalAddress\",\"@id\":\"https:\/\/bolting.eu\/en\/shop\/climbing-technology-agile-eispickel\/#local-main-place-address\",\"streetAddress\":\"Fischnalerstra\u00dfe 4\",\"addressLocality\":\"Innsbruck\",\"postalCode\":\"6020\",\"addressRegion\":\"Tirol\",\"addressCountry\":\"AT\"},{\"@type\":\"ImageObject\",\"inLanguage\":\"en-US\",\"@id\":\"https:\/\/bolting.eu\/en\/shop\/climbing-technology-agile-eispickel\/#local-main-organization-logo\",\"url\":\"https:\/\/bolting.eu\/wp-content\/uploads\/2019\/09\/bolting-logo.png\",\"contentUrl\":\"https:\/\/bolting.eu\/wp-content\/uploads\/2019\/09\/bolting-logo.png\",\"width\":400,\"height\":211,\"caption\":\"bolting.eu\"}]}<\/script>\n<meta property=\"product:price:amount\" content=\"84.90\" \/>\n<meta property=\"product:price:currency\" content=\"EUR\" \/>\n<meta property=\"og:availability\" content=\"instock\" \/>\n<meta property=\"product:availability\" content=\"instock\" \/>\n<meta property=\"product:retailer_item_id\" content=\"2I873\" \/>\n<meta property=\"product:condition\" content=\"new\" \/>\n<meta name=\"geo.placename\" content=\"Innsbruck\" \/>\n<meta name=\"geo.position\" content=\"47.264176340396226;11.380109057672346\" \/>\n<meta name=\"geo.region\" content=\"Austria\" \/>\n<!-- \/ Yoast SEO Premium plugin. -->","yoast_head_json":{"title":"Climbing Technology Agile Eispickel | bolting.eu","description":"Hier findest du den Climbing Technology Agile Eispickel. Einen extrem leichten Pickel mit nur 220 Gramm f\u00fcr Minimalisten und Ski Alpinisten.","robots":{"index":"index","follow":"follow","max-snippet":"max-snippet:-1","max-image-preview":"max-image-preview:large","max-video-preview":"max-video-preview:-1"},"canonical":"https:\/\/bolting.eu\/en\/shop\/climbing-technology-agile-eispickel\/","og_locale":"en_US","og_type":"article","og_title":"Climbing Technology Agile Eispickel","og_description":"Hier findest du den Climbing Technology Agile Eispickel. Einen extrem leichten Pickel mit nur 220 Gramm f\u00fcr Minimalisten und Ski Alpinisten.","og_url":"https:\/\/bolting.eu\/en\/shop\/climbing-technology-agile-eispickel\/","og_site_name":"bolting.eu","article_publisher":"https:\/\/www.facebook.com\/bolting.eu","article_modified_time":"2022-08-03T08:56:08+00:00","og_image":[{"width":700,"height":700,"url":"https:\/\/bolting.eu\/wp-content\/uploads\/2022\/08\/CT-Agile-Eispickel-1.jpg","type":"image\/jpeg"}],"twitter_card":"summary_large_image","twitter_misc":{"Price":"&euro;&nbsp;84,90","Availability":"In stock"},"schema":{"@context":"https:\/\/schema.org","@graph":[{"@type":["WebPage","ItemPage"],"@id":"https:\/\/bolting.eu\/en\/shop\/climbing-technology-agile-eispickel\/","url":"https:\/\/bolting.eu\/en\/shop\/climbing-technology-agile-eispickel\/","name":"Climbing Technology Agile Eispickel | bolting.eu","isPartOf":{"@id":"https:\/\/bolting.eu\/en\/#website"},"primaryImageOfPage":{"@id":"https:\/\/bolting.eu\/en\/shop\/climbing-technology-agile-eispickel\/#primaryimage"},"image":{"@id":"https:\/\/bolting.eu\/en\/shop\/climbing-technology-agile-eispickel\/#primaryimage"},"thumbnailUrl":"https:\/\/bolting.eu\/wp-content\/uploads\/2022\/08\/CT-Agile-Eispickel-1.jpg","datePublished":"2022-08-03T07:12:13+00:00","dateModified":"2022-08-03T08:56:08+00:00","description":"Hier findest du den Climbing Technology Agile Eispickel. Einen extrem leichten Pickel mit nur 220 Gramm f\u00fcr Minimalisten und Ski Alpinisten.","breadcrumb":{"@id":"https:\/\/bolting.eu\/en\/shop\/climbing-technology-agile-eispickel\/#breadcrumb"},"inLanguage":"en-US","potentialAction":[{"@type":"ReadAction","target":["https:\/\/bolting.eu\/en\/shop\/climbing-technology-agile-eispickel\/"]}]},{"@type":"ImageObject","inLanguage":"en-US","@id":"https:\/\/bolting.eu\/en\/shop\/climbing-technology-agile-eispickel\/#primaryimage","url":"https:\/\/bolting.eu\/wp-content\/uploads\/2022\/08\/CT-Agile-Eispickel-1.jpg","contentUrl":"https:\/\/bolting.eu\/wp-content\/uploads\/2022\/08\/CT-Agile-Eispickel-1.jpg","width":700,"height":700,"caption":"Das Bild zeigt den Climbing TEchnology Agile Eispickel mit orangem Schaft und silberner Haue in einem wei\u00dfem Quadrat."},{"@type":"BreadcrumbList","@id":"https:\/\/bolting.eu\/en\/shop\/climbing-technology-agile-eispickel\/#breadcrumb","itemListElement":[{"@type":"ListItem","position":1,"name":"Shop","item":"https:\/\/bolting.eu\/en\/shop\/"},{"@type":"ListItem","position":2,"name":"Bergsteiger Ausr\u00fcstung","item":"https:\/\/bolting.eu\/produkt-kategorie\/bergsteiger-ausruestung\/"},{"@type":"ListItem","position":3,"name":"Eispickel","item":"https:\/\/bolting.eu\/produkt-kategorie\/bergsteiger-ausruestung\/eispickel\/"},{"@type":"ListItem","position":4,"name":"Climbing Technology Agile Eispickel"}]},{"@type":"WebSite","@id":"https:\/\/bolting.eu\/en\/#website","url":"https:\/\/bolting.eu\/en\/","name":"bolting.eu","description":"we make climbs happen","publisher":{"@id":"https:\/\/bolting.eu\/en\/#organization"},"potentialAction":[{"@type":"SearchAction","target":{"@type":"EntryPoint","urlTemplate":"https:\/\/bolting.eu\/en\/?s={search_term_string}"},"query-input":{"@type":"PropertyValueSpecification","valueRequired":true,"valueName":"search_term_string"}}],"inLanguage":"en-US"},{"@type":["Organization","Place","SportingGoodsStore"],"@id":"https:\/\/bolting.eu\/en\/#organization","name":"bolting.eu","url":"https:\/\/bolting.eu\/en\/","logo":{"@id":"https:\/\/bolting.eu\/en\/shop\/climbing-technology-agile-eispickel\/#local-main-organization-logo"},"image":{"@id":"https:\/\/bolting.eu\/en\/shop\/climbing-technology-agile-eispickel\/#local-main-organization-logo"},"sameAs":["https:\/\/www.facebook.com\/bolting.eu","https:\/\/www.instagram.com\/bolting.eu\/"],"address":{"@id":"https:\/\/bolting.eu\/en\/shop\/climbing-technology-agile-eispickel\/#local-main-place-address"},"geo":{"@type":"GeoCoordinates","latitude":"47.264176340396226","longitude":"11.380109057672346"},"telephone":["+43 699 19083372"],"openingHoursSpecification":[{"@type":"OpeningHoursSpecification","dayOfWeek":["Monday","Wednesday","Friday"],"opens":"14:00","closes":"18:00"},{"@type":"OpeningHoursSpecification","dayOfWeek":["Tuesday","Thursday","Saturday","Sunday"],"opens":"00:00","closes":"00:00"}],"email":"office@bolting.eu","vatID":"ATU59999728","priceRange":"$$","currenciesAccepted":"Euro"},{"@type":"PostalAddress","@id":"https:\/\/bolting.eu\/en\/shop\/climbing-technology-agile-eispickel\/#local-main-place-address","streetAddress":"Fischnalerstra\u00dfe 4","addressLocality":"Innsbruck","postalCode":"6020","addressRegion":"Tirol","addressCountry":"AT"},{"@type":"ImageObject","inLanguage":"en-US","@id":"https:\/\/bolting.eu\/en\/shop\/climbing-technology-agile-eispickel\/#local-main-organization-logo","url":"https:\/\/bolting.eu\/wp-content\/uploads\/2019\/09\/bolting-logo.png","contentUrl":"https:\/\/bolting.eu\/wp-content\/uploads\/2019\/09\/bolting-logo.png","width":400,"height":211,"caption":"bolting.eu"}]},"product_price_amount":"84.90","product_price_currency":"EUR","og_availability":"instock","product_availability":"instock","product_retailer_item_id":"2I873","product_condition":"new","geo.placename":"Innsbruck","geo.position":{"lat":"47.264176340396226","long":"11.380109057672346"},"geo.region":"Austria"},"_links":{"self":[{"href":"https:\/\/bolting.eu\/en\/wp-json\/wp\/v2\/product\/12609","targetHints":{"allow":["GET"]}}],"collection":[{"href":"https:\/\/bolting.eu\/en\/wp-json\/wp\/v2\/product"}],"about":[{"href":"https:\/\/bolting.eu\/en\/wp-json\/wp\/v2\/types\/product"}],"replies":[{"embeddable":true,"href":"https:\/\/bolting.eu\/en\/wp-json\/wp\/v2\/comments?post=12609"}],"wp:featuredmedia":[{"embeddable":true,"href":"https:\/\/bolting.eu\/en\/wp-json\/wp\/v2\/media\/12610"}],"wp:attachment":[{"href":"https:\/\/bolting.eu\/en\/wp-json\/wp\/v2\/media?parent=12609"}],"wp:term":[{"taxonomy":"product_brand","embeddable":true,"href":"https:\/\/bolting.eu\/en\/wp-json\/wp\/v2\/product_brand?post=12609"},{"taxonomy":"product_cat","embeddable":true,"href":"https:\/\/bolting.eu\/en\/wp-json\/wp\/v2\/product_cat?post=12609"},{"taxonomy":"product_tag","embeddable":true,"href":"https:\/\/bolting.eu\/en\/wp-json\/wp\/v2\/product_tag?post=12609"}],"curies":[{"name":"wp","href":"https:\/\/api.w.org\/{rel}","templated":true}]}}