{"id":12589,"date":"2022-07-31T11:43:33","date_gmt":"2022-07-31T09:43:33","guid":{"rendered":"https:\/\/bolting.eu\/?post_type=product&#038;p=12589"},"modified":"2026-03-20T16:47:50","modified_gmt":"2026-03-20T15:47:50","slug":"petzl-freelock-handschlaufe","status":"publish","type":"product","link":"https:\/\/bolting.eu\/en\/shop\/petzl-freelock-handschlaufe\/","title":{"rendered":"Petzl Freelock Handschlaufe"},"content":{"rendered":"<p>Die Petzl Freelock Handschlaufe ist zum Eisklettern im alpinen Gel\u00e4nde gedacht. Denn zum einen darf man hier sein <a href=\"https:\/\/bolting.eu\/produkt-kategorie\/bergsteiger-ausruestung\/eisgeraete\/\">Eisger\u00e4t<\/a> nicht verlieren. Und zum anderen bietet die Schlaufe die M\u00f6glichkeit zum Rasten. Bei langen, schweren Seill\u00e4ngen kann das eine willkommene Hilfe sein.<\/p>\n<p>Letzteres macht dieses Produkt auch zu einem super Zubeh\u00f6r bei Eiskletterkursen. Denn es ist methodisch einfacher, mit dieser Hilfe des Rastens zu beginnen.<\/p>\n<p>Dieses Modell ist l\u00e4ngenverstellbar, dank der <a href=\"https:\/\/bolting.eu\/produkt-kategorie\/kletterausruestung\/bandschlinge\/\">Bandschlinge<\/a> oberhalb der eigentlichen Schlaufe. Das Modell ist speziell f\u00fcr die Petzl Ger\u00e4te wie Nomic, Quark und Ergonomic gedacht. Aber es kann nat\u00fcrlich auch auf die Modelle anderer Hersteller montiert werden.<\/p>\n<h2>Eigenschaften Petzl Freelock<\/h2>\n<ul>\n<li>Hersteller: Petzl<\/li>\n<li>Handschlaufe f\u00fcr Eisger\u00e4te<\/li>\n<li>Material: Polyamid<\/li>\n<li>Gewicht: 40 Gramm<\/li>\n<li>l\u00e4ngenverstellbar bis 50cm<\/li>\n<li>f\u00fcr das Alpine Gel\u00e4nde<\/li>\n<li>gute Hilfestellung bei Eiskletter Anf\u00e4ngerkursen<\/li>\n<li><strong>Lieferumfang: 1 Stk. Handschlaufe<\/strong><\/li>\n<li><a href=\"https:\/\/www.petzl.com\/AT\/de\/Sport\/Eispickel---Eisgerate\/FREELOCK#:~:text=Das%20PDF%20herunterladen%20%3A%20technical%2Dnotice%2DFREELOCK%2D1%20%2D%200.39%20MB\" target=\"_blank\" rel=\"noopener\">Bedienungsanleitung<\/a><\/li>\n<\/ul>\n<h3>Richtig montieren und &#8220;einsteigen&#8221;<\/h3>\n<p>Im Folgenden zeigen wir euch, wie ihr die Handschlaufe f\u00fcr Eisger\u00e4te richtig montiert bzw. in sie einsteigt. Denn es ist nicht egal, wie ihr die Petzl Freelock nutzt.<\/p>\n<p>Entscheidend sind zwei Dinge.<\/p>\n<p>Erstens die richtig eingestellte L\u00e4nge. Und zweitens der sich daraus ergebende Winkel von der Hand-Unterarm Achse zum Schaft. Dabei soll die Hand die gerade Verl\u00e4ngerung des Unterarmes sein.\u00a0 Siehe hierzu die Grafik unten!<\/p>\n<figure id=\"attachment_12590\" aria-describedby=\"caption-attachment-12590\" style=\"width: 800px\" class=\"wp-caption alignnone\"><a href=\"https:\/\/bolting.eu\/wp-content\/uploads\/2022\/07\/Petzl-Freelock-HAndschlaufe-fu\u0308r-Eisgera\u0308te-1.jpg\"><img loading=\"lazy\" decoding=\"async\" class=\"wp-image-12590 size-full\" src=\"https:\/\/bolting.eu\/wp-content\/uploads\/2022\/07\/Petzl-Freelock-HAndschlaufe-fu\u0308r-Eisgera\u0308te-1.jpg\" alt=\"Das Bild zeigt eine Grafik mit sechs Abbildungen zur richtigen Montage der Petzl Freelock Handschlaufe f\u00fcr Eisger\u00e4te.\" width=\"800\" height=\"653\" srcset=\"https:\/\/bolting.eu\/wp-content\/uploads\/2022\/07\/Petzl-Freelock-HAndschlaufe-fu\u0308r-Eisgera\u0308te-1.jpg 800w, https:\/\/bolting.eu\/wp-content\/uploads\/2022\/07\/Petzl-Freelock-HAndschlaufe-fu\u0308r-Eisgera\u0308te-1-510x416.jpg 510w, https:\/\/bolting.eu\/wp-content\/uploads\/2022\/07\/Petzl-Freelock-HAndschlaufe-fu\u0308r-Eisgera\u0308te-1-490x400.jpg 490w, https:\/\/bolting.eu\/wp-content\/uploads\/2022\/07\/Petzl-Freelock-HAndschlaufe-fu\u0308r-Eisgera\u0308te-1-768x627.jpg 768w, https:\/\/bolting.eu\/wp-content\/uploads\/2022\/07\/Petzl-Freelock-HAndschlaufe-fu\u0308r-Eisgera\u0308te-1-600x490.jpg 600w\" sizes=\"auto, (max-width: 800px) 100vw, 800px\" \/><\/a><figcaption id=\"caption-attachment-12590\" class=\"wp-caption-text\">Beachtet die richtige Montage bzw. das richtige &#8220;Einsteigen&#8221; .<\/figcaption><\/figure>\n<h3>Handschlaufe f\u00fcr Eisger\u00e4te &#8211; ja oder nein?<\/h3>\n<p>Das ist f\u00fcr uns eine kletterethische Frage, welche nur jeder f\u00fcr sich selber beantworten kann.<\/p>\n<p>Wir selber finden es beim Eisklettern fairer, wenn sie nicht benutzt werden. Denn sie stellen definitiv eine zus\u00e4tzliche Rastm\u00f6glichkeit dar.<\/p>\n<p>Im alpinen Gel\u00e4nde und bei Kursen sehen wir das anders. Das Sch\u00f6ne am Klettern ist, dass es f\u00fcr diese Dinge keine verbindlichen Regeln gibt. Jeder kann sich den Bezugsrahmen selber abstecken.<\/p>\n<p>Wenn es euch nur um die Absturzsicherung geht, so k\u00f6nnt ihr alternativ auch auf eine Leash wie die <a href=\"https:\/\/bolting.eu\/shop\/petzl-v-link-fangleine\/\">Petzl V-Link<\/a> ausweichen.<\/p>\n<p>&nbsp;<\/p>\n","protected":false},"excerpt":{"rendered":"<p>Optionale Handschlaufe f\u00fcr Eisger\u00e4te, welche ein Abst\u00fcrzen verhindert sowie eine Rastm\u00f6glichkeit bietet.<\/p>\n<p>F\u00fcr alle Petzl Modelle bzw. Eisger\u00e4te aller beliebigen Hersteller. L\u00e4ngenverstellbar und somit f\u00fcr unterschiedliche Pickel L\u00e4ngen bzw. Handgr\u00f6\u00dfen.<\/p>\n<div class=\"product-short-description\">\n<p>Versandkostenfrei bis 2kg in <img decoding=\"async\" class=\"emoji\" role=\"img\" draggable=\"false\" src=\"https:\/\/s.w.org\/images\/core\/emoji\/13.1.0\/svg\/1f1e6-1f1f9.svg\" alt=\"\ud83c\udde6\ud83c\uddf9\" \/> ab \u20ac 100,- und <img decoding=\"async\" class=\"emoji\" role=\"img\" draggable=\"false\" src=\"https:\/\/s.w.org\/images\/core\/emoji\/13.1.0\/svg\/1f1e9-1f1ea.svg\" alt=\"\ud83c\udde9\ud83c\uddea\" \/> ab \u20ac 200,-!<\/p>\n<\/div>\n","protected":false},"featured_media":12591,"comment_status":"closed","ping_status":"closed","template":"","meta":[],"product_brand":[],"product_cat":[13938,14093,14358],"product_tag":[],"class_list":{"0":"post-12589","1":"product","2":"type-product","3":"status-publish","4":"has-post-thumbnail","6":"product_cat-bergsteiger-ausruestung","7":"product_cat-petzl","8":"product_cat-zubehoer-eispickel-eisgeraete","10":"first","11":"instock","12":"taxable","13":"shipping-taxable","14":"purchasable","15":"product-type-simple"},"yoast_head":"<!-- This site is optimized with the Yoast SEO Premium plugin v26.9 (Yoast SEO v26.9) - https:\/\/yoast.com\/product\/yoast-seo-premium-wordpress\/ -->\n<title>Petzl Freelock Handschlaufe f\u00fcr Eisger\u00e4te | bolting.eu<\/title>\n<meta name=\"description\" content=\"Hier findest Du die Petzl Freelock Handschlaufe f\u00fcr Eisger\u00e4te. Ein l\u00e4ngenverstellbares Modell f\u00fcr alle Petzl Ger\u00e4te bzw. andere Hersteller.\" \/>\n<meta name=\"robots\" content=\"index, follow, max-snippet:-1, max-image-preview:large, max-video-preview:-1\" \/>\n<link rel=\"canonical\" href=\"https:\/\/bolting.eu\/en\/shop\/petzl-freelock-handschlaufe\/\" \/>\n<meta property=\"og:locale\" content=\"en_US\" \/>\n<meta property=\"og:type\" content=\"article\" \/>\n<meta property=\"og:title\" content=\"Petzl Freelock Handschlaufe\" \/>\n<meta property=\"og:description\" content=\"Hier findest Du die Petzl Freelock Handschlaufe f\u00fcr Eisger\u00e4te. Ein l\u00e4ngenverstellbares Modell f\u00fcr alle Petzl Ger\u00e4te bzw. andere Hersteller.\" \/>\n<meta property=\"og:url\" content=\"https:\/\/bolting.eu\/en\/shop\/petzl-freelock-handschlaufe\/\" \/>\n<meta property=\"og:site_name\" content=\"bolting.eu\" \/>\n<meta property=\"article:publisher\" content=\"https:\/\/www.facebook.com\/bolting.eu\" \/>\n<meta property=\"article:modified_time\" content=\"2026-03-20T15:47:50+00:00\" \/>\n<meta property=\"og:image\" content=\"https:\/\/bolting.eu\/wp-content\/uploads\/2022\/07\/Petzl-Freelock-HAndschlaufe-fu\u0308r-Eisgera\u0308te-2.jpg\" \/>\n\t<meta property=\"og:image:width\" content=\"700\" \/>\n\t<meta property=\"og:image:height\" content=\"700\" \/>\n\t<meta property=\"og:image:type\" content=\"image\/jpeg\" \/>\n<meta name=\"twitter:card\" content=\"summary_large_image\" \/>\n<meta name=\"twitter:label1\" content=\"Price\" \/>\n\t<meta name=\"twitter:data1\" content=\"&euro;&nbsp;27,00\" \/>\n\t<meta name=\"twitter:label2\" content=\"Availability\" \/>\n\t<meta name=\"twitter:data2\" content=\"In stock\" \/>\n<script type=\"application\/ld+json\" class=\"yoast-schema-graph\">{\"@context\":\"https:\/\/schema.org\",\"@graph\":[{\"@type\":[\"WebPage\",\"ItemPage\"],\"@id\":\"https:\/\/bolting.eu\/en\/shop\/petzl-freelock-handschlaufe\/\",\"url\":\"https:\/\/bolting.eu\/en\/shop\/petzl-freelock-handschlaufe\/\",\"name\":\"Petzl Freelock Handschlaufe f\u00fcr Eisger\u00e4te | bolting.eu\",\"isPartOf\":{\"@id\":\"https:\/\/bolting.eu\/en\/#website\"},\"primaryImageOfPage\":{\"@id\":\"https:\/\/bolting.eu\/en\/shop\/petzl-freelock-handschlaufe\/#primaryimage\"},\"image\":{\"@id\":\"https:\/\/bolting.eu\/en\/shop\/petzl-freelock-handschlaufe\/#primaryimage\"},\"thumbnailUrl\":\"https:\/\/bolting.eu\/wp-content\/uploads\/2022\/07\/Petzl-Freelock-HAndschlaufe-fu\u0308r-Eisgera\u0308te-2.jpg\",\"datePublished\":\"2022-07-31T09:43:33+00:00\",\"dateModified\":\"2026-03-20T15:47:50+00:00\",\"description\":\"Hier findest Du die Petzl Freelock Handschlaufe f\u00fcr Eisger\u00e4te. Ein l\u00e4ngenverstellbares Modell f\u00fcr alle Petzl Ger\u00e4te bzw. andere Hersteller.\",\"breadcrumb\":{\"@id\":\"https:\/\/bolting.eu\/en\/shop\/petzl-freelock-handschlaufe\/#breadcrumb\"},\"inLanguage\":\"en-US\",\"potentialAction\":[{\"@type\":\"ReadAction\",\"target\":[\"https:\/\/bolting.eu\/en\/shop\/petzl-freelock-handschlaufe\/\"]}]},{\"@type\":\"ImageObject\",\"inLanguage\":\"en-US\",\"@id\":\"https:\/\/bolting.eu\/en\/shop\/petzl-freelock-handschlaufe\/#primaryimage\",\"url\":\"https:\/\/bolting.eu\/wp-content\/uploads\/2022\/07\/Petzl-Freelock-HAndschlaufe-fu\u0308r-Eisgera\u0308te-2.jpg\",\"contentUrl\":\"https:\/\/bolting.eu\/wp-content\/uploads\/2022\/07\/Petzl-Freelock-HAndschlaufe-fu\u0308r-Eisgera\u0308te-2.jpg\",\"width\":700,\"height\":700,\"caption\":\"Das Bild zeigt die schwarze Petzl Freelock Handschlaufe auf einem wei\u00dfem Quadrat.\"},{\"@type\":\"BreadcrumbList\",\"@id\":\"https:\/\/bolting.eu\/en\/shop\/petzl-freelock-handschlaufe\/#breadcrumb\",\"itemListElement\":[{\"@type\":\"ListItem\",\"position\":1,\"name\":\"Shop\",\"item\":\"https:\/\/bolting.eu\/en\/shop\/\"},{\"@type\":\"ListItem\",\"position\":2,\"name\":\"Bergsteiger Ausr\u00fcstung\",\"item\":\"https:\/\/bolting.eu\/produkt-kategorie\/bergsteiger-ausruestung\/\"},{\"@type\":\"ListItem\",\"position\":3,\"name\":\"Zubeh\u00f6r Eispickel - Eisger\u00e4te\",\"item\":\"https:\/\/bolting.eu\/produkt-kategorie\/bergsteiger-ausruestung\/zubehoer-eispickel-eisgeraete\/\"},{\"@type\":\"ListItem\",\"position\":4,\"name\":\"Petzl Freelock Handschlaufe\"}]},{\"@type\":\"WebSite\",\"@id\":\"https:\/\/bolting.eu\/en\/#website\",\"url\":\"https:\/\/bolting.eu\/en\/\",\"name\":\"bolting.eu\",\"description\":\"we make climbs happen\",\"publisher\":{\"@id\":\"https:\/\/bolting.eu\/en\/#organization\"},\"potentialAction\":[{\"@type\":\"SearchAction\",\"target\":{\"@type\":\"EntryPoint\",\"urlTemplate\":\"https:\/\/bolting.eu\/en\/?s={search_term_string}\"},\"query-input\":{\"@type\":\"PropertyValueSpecification\",\"valueRequired\":true,\"valueName\":\"search_term_string\"}}],\"inLanguage\":\"en-US\"},{\"@type\":[\"Organization\",\"Place\",\"SportingGoodsStore\"],\"@id\":\"https:\/\/bolting.eu\/en\/#organization\",\"name\":\"bolting.eu\",\"url\":\"https:\/\/bolting.eu\/en\/\",\"logo\":{\"@id\":\"https:\/\/bolting.eu\/en\/shop\/petzl-freelock-handschlaufe\/#local-main-organization-logo\"},\"image\":{\"@id\":\"https:\/\/bolting.eu\/en\/shop\/petzl-freelock-handschlaufe\/#local-main-organization-logo\"},\"sameAs\":[\"https:\/\/www.facebook.com\/bolting.eu\",\"https:\/\/www.instagram.com\/bolting.eu\/\"],\"address\":{\"@id\":\"https:\/\/bolting.eu\/en\/shop\/petzl-freelock-handschlaufe\/#local-main-place-address\"},\"geo\":{\"@type\":\"GeoCoordinates\",\"latitude\":\"47.264176340396226\",\"longitude\":\"11.380109057672346\"},\"telephone\":[\"+43 699 19083372\"],\"openingHoursSpecification\":[{\"@type\":\"OpeningHoursSpecification\",\"dayOfWeek\":[\"Monday\",\"Wednesday\",\"Friday\"],\"opens\":\"14:00\",\"closes\":\"18:00\"},{\"@type\":\"OpeningHoursSpecification\",\"dayOfWeek\":[\"Tuesday\",\"Thursday\",\"Saturday\",\"Sunday\"],\"opens\":\"00:00\",\"closes\":\"00:00\"}],\"email\":\"office@bolting.eu\",\"vatID\":\"ATU59999728\",\"priceRange\":\"$$\",\"currenciesAccepted\":\"Euro\"},{\"@type\":\"PostalAddress\",\"@id\":\"https:\/\/bolting.eu\/en\/shop\/petzl-freelock-handschlaufe\/#local-main-place-address\",\"streetAddress\":\"Fischnalerstra\u00dfe 4\",\"addressLocality\":\"Innsbruck\",\"postalCode\":\"6020\",\"addressRegion\":\"Tirol\",\"addressCountry\":\"AT\"},{\"@type\":\"ImageObject\",\"inLanguage\":\"en-US\",\"@id\":\"https:\/\/bolting.eu\/en\/shop\/petzl-freelock-handschlaufe\/#local-main-organization-logo\",\"url\":\"https:\/\/bolting.eu\/wp-content\/uploads\/2019\/09\/bolting-logo.png\",\"contentUrl\":\"https:\/\/bolting.eu\/wp-content\/uploads\/2019\/09\/bolting-logo.png\",\"width\":400,\"height\":211,\"caption\":\"bolting.eu\"}]}<\/script>\n<meta property=\"product:price:amount\" content=\"27.00\" \/>\n<meta property=\"product:price:currency\" content=\"EUR\" \/>\n<meta property=\"og:availability\" content=\"instock\" \/>\n<meta property=\"product:availability\" content=\"instock\" \/>\n<meta property=\"product:retailer_item_id\" content=\"U81000\" \/>\n<meta property=\"product:condition\" content=\"new\" \/>\n<meta name=\"geo.placename\" content=\"Innsbruck\" \/>\n<meta name=\"geo.position\" content=\"47.264176340396226;11.380109057672346\" \/>\n<meta name=\"geo.region\" content=\"Austria\" \/>\n<!-- \/ Yoast SEO Premium plugin. -->","yoast_head_json":{"title":"Petzl Freelock Handschlaufe f\u00fcr Eisger\u00e4te | bolting.eu","description":"Hier findest Du die Petzl Freelock Handschlaufe f\u00fcr Eisger\u00e4te. Ein l\u00e4ngenverstellbares Modell f\u00fcr alle Petzl Ger\u00e4te bzw. andere Hersteller.","robots":{"index":"index","follow":"follow","max-snippet":"max-snippet:-1","max-image-preview":"max-image-preview:large","max-video-preview":"max-video-preview:-1"},"canonical":"https:\/\/bolting.eu\/en\/shop\/petzl-freelock-handschlaufe\/","og_locale":"en_US","og_type":"article","og_title":"Petzl Freelock Handschlaufe","og_description":"Hier findest Du die Petzl Freelock Handschlaufe f\u00fcr Eisger\u00e4te. Ein l\u00e4ngenverstellbares Modell f\u00fcr alle Petzl Ger\u00e4te bzw. andere Hersteller.","og_url":"https:\/\/bolting.eu\/en\/shop\/petzl-freelock-handschlaufe\/","og_site_name":"bolting.eu","article_publisher":"https:\/\/www.facebook.com\/bolting.eu","article_modified_time":"2026-03-20T15:47:50+00:00","og_image":[{"width":700,"height":700,"url":"https:\/\/bolting.eu\/wp-content\/uploads\/2022\/07\/Petzl-Freelock-HAndschlaufe-fu\u0308r-Eisgera\u0308te-2.jpg","type":"image\/jpeg"}],"twitter_card":"summary_large_image","twitter_misc":{"Price":"&euro;&nbsp;27,00","Availability":"In stock"},"schema":{"@context":"https:\/\/schema.org","@graph":[{"@type":["WebPage","ItemPage"],"@id":"https:\/\/bolting.eu\/en\/shop\/petzl-freelock-handschlaufe\/","url":"https:\/\/bolting.eu\/en\/shop\/petzl-freelock-handschlaufe\/","name":"Petzl Freelock Handschlaufe f\u00fcr Eisger\u00e4te | bolting.eu","isPartOf":{"@id":"https:\/\/bolting.eu\/en\/#website"},"primaryImageOfPage":{"@id":"https:\/\/bolting.eu\/en\/shop\/petzl-freelock-handschlaufe\/#primaryimage"},"image":{"@id":"https:\/\/bolting.eu\/en\/shop\/petzl-freelock-handschlaufe\/#primaryimage"},"thumbnailUrl":"https:\/\/bolting.eu\/wp-content\/uploads\/2022\/07\/Petzl-Freelock-HAndschlaufe-fu\u0308r-Eisgera\u0308te-2.jpg","datePublished":"2022-07-31T09:43:33+00:00","dateModified":"2026-03-20T15:47:50+00:00","description":"Hier findest Du die Petzl Freelock Handschlaufe f\u00fcr Eisger\u00e4te. Ein l\u00e4ngenverstellbares Modell f\u00fcr alle Petzl Ger\u00e4te bzw. andere Hersteller.","breadcrumb":{"@id":"https:\/\/bolting.eu\/en\/shop\/petzl-freelock-handschlaufe\/#breadcrumb"},"inLanguage":"en-US","potentialAction":[{"@type":"ReadAction","target":["https:\/\/bolting.eu\/en\/shop\/petzl-freelock-handschlaufe\/"]}]},{"@type":"ImageObject","inLanguage":"en-US","@id":"https:\/\/bolting.eu\/en\/shop\/petzl-freelock-handschlaufe\/#primaryimage","url":"https:\/\/bolting.eu\/wp-content\/uploads\/2022\/07\/Petzl-Freelock-HAndschlaufe-fu\u0308r-Eisgera\u0308te-2.jpg","contentUrl":"https:\/\/bolting.eu\/wp-content\/uploads\/2022\/07\/Petzl-Freelock-HAndschlaufe-fu\u0308r-Eisgera\u0308te-2.jpg","width":700,"height":700,"caption":"Das Bild zeigt die schwarze Petzl Freelock Handschlaufe auf einem wei\u00dfem Quadrat."},{"@type":"BreadcrumbList","@id":"https:\/\/bolting.eu\/en\/shop\/petzl-freelock-handschlaufe\/#breadcrumb","itemListElement":[{"@type":"ListItem","position":1,"name":"Shop","item":"https:\/\/bolting.eu\/en\/shop\/"},{"@type":"ListItem","position":2,"name":"Bergsteiger Ausr\u00fcstung","item":"https:\/\/bolting.eu\/produkt-kategorie\/bergsteiger-ausruestung\/"},{"@type":"ListItem","position":3,"name":"Zubeh\u00f6r Eispickel - Eisger\u00e4te","item":"https:\/\/bolting.eu\/produkt-kategorie\/bergsteiger-ausruestung\/zubehoer-eispickel-eisgeraete\/"},{"@type":"ListItem","position":4,"name":"Petzl Freelock Handschlaufe"}]},{"@type":"WebSite","@id":"https:\/\/bolting.eu\/en\/#website","url":"https:\/\/bolting.eu\/en\/","name":"bolting.eu","description":"we make climbs happen","publisher":{"@id":"https:\/\/bolting.eu\/en\/#organization"},"potentialAction":[{"@type":"SearchAction","target":{"@type":"EntryPoint","urlTemplate":"https:\/\/bolting.eu\/en\/?s={search_term_string}"},"query-input":{"@type":"PropertyValueSpecification","valueRequired":true,"valueName":"search_term_string"}}],"inLanguage":"en-US"},{"@type":["Organization","Place","SportingGoodsStore"],"@id":"https:\/\/bolting.eu\/en\/#organization","name":"bolting.eu","url":"https:\/\/bolting.eu\/en\/","logo":{"@id":"https:\/\/bolting.eu\/en\/shop\/petzl-freelock-handschlaufe\/#local-main-organization-logo"},"image":{"@id":"https:\/\/bolting.eu\/en\/shop\/petzl-freelock-handschlaufe\/#local-main-organization-logo"},"sameAs":["https:\/\/www.facebook.com\/bolting.eu","https:\/\/www.instagram.com\/bolting.eu\/"],"address":{"@id":"https:\/\/bolting.eu\/en\/shop\/petzl-freelock-handschlaufe\/#local-main-place-address"},"geo":{"@type":"GeoCoordinates","latitude":"47.264176340396226","longitude":"11.380109057672346"},"telephone":["+43 699 19083372"],"openingHoursSpecification":[{"@type":"OpeningHoursSpecification","dayOfWeek":["Monday","Wednesday","Friday"],"opens":"14:00","closes":"18:00"},{"@type":"OpeningHoursSpecification","dayOfWeek":["Tuesday","Thursday","Saturday","Sunday"],"opens":"00:00","closes":"00:00"}],"email":"office@bolting.eu","vatID":"ATU59999728","priceRange":"$$","currenciesAccepted":"Euro"},{"@type":"PostalAddress","@id":"https:\/\/bolting.eu\/en\/shop\/petzl-freelock-handschlaufe\/#local-main-place-address","streetAddress":"Fischnalerstra\u00dfe 4","addressLocality":"Innsbruck","postalCode":"6020","addressRegion":"Tirol","addressCountry":"AT"},{"@type":"ImageObject","inLanguage":"en-US","@id":"https:\/\/bolting.eu\/en\/shop\/petzl-freelock-handschlaufe\/#local-main-organization-logo","url":"https:\/\/bolting.eu\/wp-content\/uploads\/2019\/09\/bolting-logo.png","contentUrl":"https:\/\/bolting.eu\/wp-content\/uploads\/2019\/09\/bolting-logo.png","width":400,"height":211,"caption":"bolting.eu"}]},"product_price_amount":"27.00","product_price_currency":"EUR","og_availability":"instock","product_availability":"instock","product_retailer_item_id":"U81000","product_condition":"new","geo.placename":"Innsbruck","geo.position":{"lat":"47.264176340396226","long":"11.380109057672346"},"geo.region":"Austria"},"_links":{"self":[{"href":"https:\/\/bolting.eu\/en\/wp-json\/wp\/v2\/product\/12589","targetHints":{"allow":["GET"]}}],"collection":[{"href":"https:\/\/bolting.eu\/en\/wp-json\/wp\/v2\/product"}],"about":[{"href":"https:\/\/bolting.eu\/en\/wp-json\/wp\/v2\/types\/product"}],"replies":[{"embeddable":true,"href":"https:\/\/bolting.eu\/en\/wp-json\/wp\/v2\/comments?post=12589"}],"wp:featuredmedia":[{"embeddable":true,"href":"https:\/\/bolting.eu\/en\/wp-json\/wp\/v2\/media\/12591"}],"wp:attachment":[{"href":"https:\/\/bolting.eu\/en\/wp-json\/wp\/v2\/media?parent=12589"}],"wp:term":[{"taxonomy":"product_brand","embeddable":true,"href":"https:\/\/bolting.eu\/en\/wp-json\/wp\/v2\/product_brand?post=12589"},{"taxonomy":"product_cat","embeddable":true,"href":"https:\/\/bolting.eu\/en\/wp-json\/wp\/v2\/product_cat?post=12589"},{"taxonomy":"product_tag","embeddable":true,"href":"https:\/\/bolting.eu\/en\/wp-json\/wp\/v2\/product_tag?post=12589"}],"curies":[{"name":"wp","href":"https:\/\/api.w.org\/{rel}","templated":true}]}}