{"id":1258,"date":"2020-02-02T18:08:55","date_gmt":"2020-02-02T17:08:55","guid":{"rendered":"https:\/\/bolting.eu\/?post_type=product&#038;p=1258"},"modified":"2026-05-04T15:55:30","modified_gmt":"2026-05-04T13:55:30","slug":"injetionsmoertel-fischer-fis-ab-300-t","status":"publish","type":"product","link":"https:\/\/bolting.eu\/en\/shop\/injetionsmoertel-fischer-fis-ab-300-t\/","title":{"rendered":"Injektionsm\u00f6rtel Fischer FIS AB 300T"},"content":{"rendered":"<p>Der Injektionsm\u00f6rtel Fischer FIS AB 300T ist ein leistungsstarker Hybridm\u00f6rtel. Er ist perfekt zum Einkleben von <a href=\"https:\/\/bolting.eu\/produkt-kategorie\/klebehaken-buehlerhaken\/\">Klebehaken<\/a>, <a href=\"https:\/\/bolting.eu\/produkt-kategorie\/klettersteigmaterial\/\">Klettersteigmaterialien<\/a> sowie Ankleben von Kunstgriffen oder Steinen usw&#8230; Kurzum. Der perfekte Verbundm\u00f6rtel f\u00fcr den alpinen Bereich.<\/p>\n<p>Denn erstens h\u00e4rtet der M\u00f6rtel rasch aus. D.h. die verarbeiteten Bauteile k\u00f6nnen innerhalb vern\u00fcnftiger Zeiten bereits belastet werden. Zweitens erm\u00f6glichen die mitgelieferten Statikmischer eine genaue F\u00fcllung des Bohrlochs. Drittens kann die Kartusche solange weiterverwendet werden, bis sie leer ist. Die Statikmischer sind dabei jedes mal neu anzubringen.<\/p>\n<h3>Eigenschaften Injektionsm\u00f6rtel Fischer FIS AB 300T<\/h3>\n<ul>\n<li>Material: 2K Injektionsm\u00f6rtel auf Vinylester-Hybrid-Basis<\/li>\n<li>Verpackung: 300 ml Kartusche<\/li>\n<li>inkl. 2 Statikmischern<\/li>\n<li>nicht aufgebrauchte Kartuschen k\u00f6nnen weiterverwendet werden<br \/>\n(Wechsel Statikmischer erforderlich!)<\/li>\n<li>nicht im Lieferumfang: Auspresspistole<\/li>\n<li>kann mit allen Standard Auspresspistolen oder Auspresspistole Fischer KPM 2 verarbeitet werden!<\/li>\n<\/ul>\n<h3>Produktvorteile Injektionsm\u00f6rtel Fischer FIS AB 300T<\/h3>\n<ul class=\"formatierung-ul\">\n<li class=\"formatierung-li\">ETA (Europ\u00e4ische Technische Zulassung) Zulassung f\u00fcr gerissenen und ungerissenen Beton, Mauerwerk und nachtr\u00e4gliche Bewehrungsanschl\u00fcsse<\/li>\n<li class=\"formatierung-li\">D\u00fcbelbefestigungen jeder Art an jeder Stelle des Tragwerkes unabh\u00e4ngig vom Untergrund<\/li>\n<li class=\"formatierung-li\">Durchsteck-, Vorsteck- und Abstandsmontage m\u00f6glich<\/li>\n<li class=\"formatierung-li\">Zugelassene Untergrundtemperatur bei Verarbeitung von -10\u00b0C bis 40\u00b0C, nach Aush\u00e4rtung von -40\u00b0C bis 120\u00b0C<\/li>\n<li class=\"formatierung-li\">Verarbeitung in trockenen, nassen und wassergef\u00fcllten (mit Coaxial Kartuschen f\u00fcr Durchmesser M12 bis M30) Bohrl\u00f6chern<\/li>\n<\/ul>\n<h3>Verarbeitung bei alpinen Sportarten<\/h3>\n<p>Der M\u00f6rtel eignet sich einerseits perfekt zum Einrichten von Kletterrouten mit Klebehaken. Andererseits ist der Injektionsm\u00f6rtel Injektionsm\u00f6rtel Fischer FIS AB 300T auch top bei der Verarbeitung von Klettersteigmaterialien. Im Folgenden unsere Praxis Tipps damit man sich bei der Verarbeitung etwas leichter tut.<\/p>\n<p>Erstens sollte man alle L\u00f6cher bereits gebohrt und ordentlich ges\u00e4ubert haben.<\/p>\n<p>Zweitens zahlt es sich vor allem im Sommer aus, seinen Injektionsm\u00f6rtel zu k\u00fchlen.<\/p>\n<p>Drittens m\u00fcsst ihr immer den Vorlauf wegwerfen. D.h. die ersten ca. 5-10 cm des ausgepressten Klebers nicht zum F\u00fcllen eines Bohrlochs verwenden!<\/p>\n<p>Viertens m\u00fcsst ihr beim F\u00fcllen der L\u00f6cher sorgsam vorgehen. Das Bohrloch muss nach dem Setzen zur G\u00e4nze gef\u00fcllt sein!<\/p>\n<h3>Injektionsm\u00f6rtel Fischer FIS AB 300T- Video<\/h3>\n<p><iframe loading=\"lazy\" src=\"https:\/\/www.youtube.com\/embed\/xc4IK3O4SBI\" width=\"100%\" height=\"372\" frameborder=\"0\" allowfullscreen=\"allowfullscreen\" data-mce-fragment=\"1\"><span data-mce-type=\"bookmark\" style=\"display: inline-block; width: 0px; overflow: hidden; line-height: 0;\" class=\"mce_SELRES_start\">\ufeff<\/span><\/iframe><\/p>\n<p>&nbsp;<\/p>\n<p>Link Tipp: <a href=\"https:\/\/www.fischer.at\" target=\"_blank\" rel=\"noopener noreferrer\">zum Hersteller<\/a><\/p>\n","protected":false},"excerpt":{"rendered":"<ul>\n<li>perfekt zum Einkleben von <a href=\"https:\/\/bolting.eu\/produkt-kategorie\/klebehaken-buehlerhaken\/\">Klebehaken<\/a> und <a href=\"https:\/\/bolting.eu\/produkt-kategorie\/klettersteigmaterial\/\">Klettersteigmaterialien<\/a><\/li>\n<li>Material: 2K Injektionsm\u00f6rtel auf Vinylester-Hybrid-Basis<\/li>\n<li>Verpackung: 300 ml Kartusche<\/li>\n<li>inkl. 2 Statikmischern<\/li>\n<li>nicht aufgebrauchte Kartuschen k\u00f6nnen weiterverwendet werden<\/li>\n<li>nicht im Lieferumfang: Auspresspistole<\/li>\n<\/ul>\n","protected":false},"featured_media":1259,"comment_status":"closed","ping_status":"closed","template":"","meta":[],"product_brand":[],"product_cat":[1210,4652,59],"product_tag":[],"class_list":{"0":"post-1258","1":"product","2":"type-product","3":"status-publish","4":"has-post-thumbnail","6":"product_cat-einbohrartikel","7":"product_cat-fischer","8":"product_cat-injektionsmoertel","10":"first","11":"instock","12":"taxable","13":"shipping-taxable","14":"purchasable","15":"product-type-simple"},"yoast_head":"<!-- This site is optimized with the Yoast SEO Premium plugin v26.9 (Yoast SEO v26.9) - https:\/\/yoast.com\/product\/yoast-seo-premium-wordpress\/ -->\n<title>Injektionsm\u00f6rtel Fischer FIS AB 300T online kaufen | bolting.eu<\/title>\n<meta name=\"description\" content=\"Injektionsm\u00f6rtel Fischer FIS AB 300T beim Einbohrprofi aus Innsbruck kaufen \u2705 kostenloser Versand* \u2705 14 Tage R\u00fcckgaberecht \u2705 Co2 neutraler Versand\" \/>\n<meta name=\"robots\" content=\"index, follow, max-snippet:-1, max-image-preview:large, max-video-preview:-1\" \/>\n<link rel=\"canonical\" href=\"https:\/\/bolting.eu\/en\/shop\/injetionsmoertel-fischer-fis-ab-300-t\/\" \/>\n<meta property=\"og:locale\" content=\"en_US\" \/>\n<meta property=\"og:type\" content=\"article\" \/>\n<meta property=\"og:title\" content=\"Injektionsm\u00f6rtel Fischer FIS AB 300T\" \/>\n<meta property=\"og:description\" content=\"Injektionsm\u00f6rtel Fischer FIS AB 300T beim Einbohrprofi aus Innsbruck kaufen \u2705 kostenloser Versand* \u2705 14 Tage R\u00fcckgaberecht \u2705 Co2 neutraler Versand\" \/>\n<meta property=\"og:url\" content=\"https:\/\/bolting.eu\/en\/shop\/injetionsmoertel-fischer-fis-ab-300-t\/\" \/>\n<meta property=\"og:site_name\" content=\"bolting.eu\" \/>\n<meta property=\"article:publisher\" content=\"https:\/\/www.facebook.com\/bolting.eu\" \/>\n<meta property=\"article:modified_time\" content=\"2026-05-04T13:55:30+00:00\" \/>\n<meta property=\"og:image\" content=\"https:\/\/bolting.eu\/wp-content\/uploads\/2020\/02\/Injektionsmoertel-Fischer-FIS-AB-300T-web.jpg\" \/>\n\t<meta property=\"og:image:width\" content=\"700\" \/>\n\t<meta property=\"og:image:height\" content=\"700\" \/>\n\t<meta property=\"og:image:type\" content=\"image\/jpeg\" \/>\n<meta name=\"twitter:card\" content=\"summary_large_image\" \/>\n<meta name=\"twitter:label1\" content=\"Price\" \/>\n\t<meta name=\"twitter:data1\" content=\"&euro;&nbsp;19,90\" \/>\n\t<meta name=\"twitter:label2\" content=\"Availability\" \/>\n\t<meta name=\"twitter:data2\" content=\"In stock\" \/>\n<script type=\"application\/ld+json\" class=\"yoast-schema-graph\">{\"@context\":\"https:\/\/schema.org\",\"@graph\":[{\"@type\":[\"WebPage\",\"ItemPage\"],\"@id\":\"https:\/\/bolting.eu\/en\/shop\/injetionsmoertel-fischer-fis-ab-300-t\/\",\"url\":\"https:\/\/bolting.eu\/en\/shop\/injetionsmoertel-fischer-fis-ab-300-t\/\",\"name\":\"Injektionsm\u00f6rtel Fischer FIS AB 300T online kaufen | bolting.eu\",\"isPartOf\":{\"@id\":\"https:\/\/bolting.eu\/en\/#website\"},\"primaryImageOfPage\":{\"@id\":\"https:\/\/bolting.eu\/en\/shop\/injetionsmoertel-fischer-fis-ab-300-t\/#primaryimage\"},\"image\":{\"@id\":\"https:\/\/bolting.eu\/en\/shop\/injetionsmoertel-fischer-fis-ab-300-t\/#primaryimage\"},\"thumbnailUrl\":\"https:\/\/bolting.eu\/wp-content\/uploads\/2020\/02\/Injektionsmoertel-Fischer-FIS-AB-300T-web.jpg\",\"datePublished\":\"2020-02-02T17:08:55+00:00\",\"dateModified\":\"2026-05-04T13:55:30+00:00\",\"description\":\"Injektionsm\u00f6rtel Fischer FIS AB 300T beim Einbohrprofi aus Innsbruck kaufen \u2705 kostenloser Versand* \u2705 14 Tage R\u00fcckgaberecht \u2705 Co2 neutraler Versand\",\"breadcrumb\":{\"@id\":\"https:\/\/bolting.eu\/en\/shop\/injetionsmoertel-fischer-fis-ab-300-t\/#breadcrumb\"},\"inLanguage\":\"en-US\",\"potentialAction\":[{\"@type\":\"ReadAction\",\"target\":[\"https:\/\/bolting.eu\/en\/shop\/injetionsmoertel-fischer-fis-ab-300-t\/\"]}]},{\"@type\":\"ImageObject\",\"inLanguage\":\"en-US\",\"@id\":\"https:\/\/bolting.eu\/en\/shop\/injetionsmoertel-fischer-fis-ab-300-t\/#primaryimage\",\"url\":\"https:\/\/bolting.eu\/wp-content\/uploads\/2020\/02\/Injektionsmoertel-Fischer-FIS-AB-300T-web.jpg\",\"contentUrl\":\"https:\/\/bolting.eu\/wp-content\/uploads\/2020\/02\/Injektionsmoertel-Fischer-FIS-AB-300T-web.jpg\",\"width\":700,\"height\":700,\"caption\":\"Das Bild zeigt die Kartusche des Injektionsmoertel Fischer FIS AB 300T. Die rote Kartusche mit dem Front Label steht aufrecht in Bildmitte auf wei\u00dfem Grund.\"},{\"@type\":\"BreadcrumbList\",\"@id\":\"https:\/\/bolting.eu\/en\/shop\/injetionsmoertel-fischer-fis-ab-300-t\/#breadcrumb\",\"itemListElement\":[{\"@type\":\"ListItem\",\"position\":1,\"name\":\"Shop\",\"item\":\"https:\/\/bolting.eu\/en\/shop\/\"},{\"@type\":\"ListItem\",\"position\":2,\"name\":\"bolting products\",\"item\":\"https:\/\/bolting.eu\/en\/produkt-kategorie\/bolting-products\/\"},{\"@type\":\"ListItem\",\"position\":3,\"name\":\"injection mortar\",\"item\":\"https:\/\/bolting.eu\/en\/produkt-kategorie\/injection-mortar\/\"},{\"@type\":\"ListItem\",\"position\":4,\"name\":\"Injektionsm\u00f6rtel Fischer FIS AB 300T\"}]},{\"@type\":\"WebSite\",\"@id\":\"https:\/\/bolting.eu\/en\/#website\",\"url\":\"https:\/\/bolting.eu\/en\/\",\"name\":\"bolting.eu\",\"description\":\"we make climbs happen\",\"publisher\":{\"@id\":\"https:\/\/bolting.eu\/en\/#organization\"},\"potentialAction\":[{\"@type\":\"SearchAction\",\"target\":{\"@type\":\"EntryPoint\",\"urlTemplate\":\"https:\/\/bolting.eu\/en\/?s={search_term_string}\"},\"query-input\":{\"@type\":\"PropertyValueSpecification\",\"valueRequired\":true,\"valueName\":\"search_term_string\"}}],\"inLanguage\":\"en-US\"},{\"@type\":[\"Organization\",\"Place\",\"SportingGoodsStore\"],\"@id\":\"https:\/\/bolting.eu\/en\/#organization\",\"name\":\"bolting.eu\",\"url\":\"https:\/\/bolting.eu\/en\/\",\"logo\":{\"@id\":\"https:\/\/bolting.eu\/en\/shop\/injetionsmoertel-fischer-fis-ab-300-t\/#local-main-organization-logo\"},\"image\":{\"@id\":\"https:\/\/bolting.eu\/en\/shop\/injetionsmoertel-fischer-fis-ab-300-t\/#local-main-organization-logo\"},\"sameAs\":[\"https:\/\/www.facebook.com\/bolting.eu\",\"https:\/\/www.instagram.com\/bolting.eu\/\"],\"address\":{\"@id\":\"https:\/\/bolting.eu\/en\/shop\/injetionsmoertel-fischer-fis-ab-300-t\/#local-main-place-address\"},\"geo\":{\"@type\":\"GeoCoordinates\",\"latitude\":\"47.264176340396226\",\"longitude\":\"11.380109057672346\"},\"telephone\":[\"+43 699 19083372\"],\"openingHoursSpecification\":[{\"@type\":\"OpeningHoursSpecification\",\"dayOfWeek\":[\"Monday\",\"Wednesday\",\"Friday\"],\"opens\":\"14:00\",\"closes\":\"18:00\"},{\"@type\":\"OpeningHoursSpecification\",\"dayOfWeek\":[\"Tuesday\",\"Thursday\",\"Saturday\",\"Sunday\"],\"opens\":\"00:00\",\"closes\":\"00:00\"}],\"email\":\"office@bolting.eu\",\"vatID\":\"ATU59999728\",\"priceRange\":\"$$\",\"currenciesAccepted\":\"Euro\"},{\"@type\":\"PostalAddress\",\"@id\":\"https:\/\/bolting.eu\/en\/shop\/injetionsmoertel-fischer-fis-ab-300-t\/#local-main-place-address\",\"streetAddress\":\"Fischnalerstra\u00dfe 4\",\"addressLocality\":\"Innsbruck\",\"postalCode\":\"6020\",\"addressRegion\":\"Tirol\",\"addressCountry\":\"AT\"},{\"@type\":\"ImageObject\",\"inLanguage\":\"en-US\",\"@id\":\"https:\/\/bolting.eu\/en\/shop\/injetionsmoertel-fischer-fis-ab-300-t\/#local-main-organization-logo\",\"url\":\"https:\/\/bolting.eu\/wp-content\/uploads\/2019\/09\/bolting-logo.png\",\"contentUrl\":\"https:\/\/bolting.eu\/wp-content\/uploads\/2019\/09\/bolting-logo.png\",\"width\":400,\"height\":211,\"caption\":\"bolting.eu\"}]}<\/script>\n<meta property=\"og:video\" content=\"https:\/\/www.youtube.com\/embed\/xc4IK3O4SBI\" \/>\n<meta property=\"og:video:type\" content=\"text\/html\" \/>\n<meta property=\"og:video:duration\" content=\"280\" \/>\n<meta property=\"og:video:width\" content=\"480\" \/>\n<meta property=\"og:video:height\" content=\"270\" \/>\n<meta property=\"ya:ovs:adult\" content=\"false\" \/>\n<meta property=\"ya:ovs:upload_date\" content=\"2020-02-02T17:08:55+00:00\" \/>\n<meta property=\"ya:ovs:allow_embed\" content=\"true\" \/>\n<meta property=\"product:price:amount\" content=\"19.90\" \/>\n<meta property=\"product:price:currency\" content=\"EUR\" \/>\n<meta property=\"og:availability\" content=\"instock\" \/>\n<meta property=\"product:availability\" content=\"instock\" \/>\n<meta property=\"product:retailer_item_id\" content=\"535646\" \/>\n<meta property=\"product:condition\" content=\"new\" \/>\n<meta name=\"geo.placename\" content=\"Innsbruck\" \/>\n<meta name=\"geo.position\" content=\"47.264176340396226;11.380109057672346\" \/>\n<meta name=\"geo.region\" content=\"Austria\" \/>\n<!-- \/ Yoast SEO Premium plugin. -->","yoast_head_json":{"title":"Injektionsm\u00f6rtel Fischer FIS AB 300T online kaufen | bolting.eu","description":"Injektionsm\u00f6rtel Fischer FIS AB 300T beim Einbohrprofi aus Innsbruck kaufen \u2705 kostenloser Versand* \u2705 14 Tage R\u00fcckgaberecht \u2705 Co2 neutraler Versand","robots":{"index":"index","follow":"follow","max-snippet":"max-snippet:-1","max-image-preview":"max-image-preview:large","max-video-preview":"max-video-preview:-1"},"canonical":"https:\/\/bolting.eu\/en\/shop\/injetionsmoertel-fischer-fis-ab-300-t\/","og_locale":"en_US","og_type":"article","og_title":"Injektionsm\u00f6rtel Fischer FIS AB 300T","og_description":"Injektionsm\u00f6rtel Fischer FIS AB 300T beim Einbohrprofi aus Innsbruck kaufen \u2705 kostenloser Versand* \u2705 14 Tage R\u00fcckgaberecht \u2705 Co2 neutraler Versand","og_url":"https:\/\/bolting.eu\/en\/shop\/injetionsmoertel-fischer-fis-ab-300-t\/","og_site_name":"bolting.eu","article_publisher":"https:\/\/www.facebook.com\/bolting.eu","article_modified_time":"2026-05-04T13:55:30+00:00","og_image":[{"width":700,"height":700,"url":"https:\/\/bolting.eu\/wp-content\/uploads\/2020\/02\/Injektionsmoertel-Fischer-FIS-AB-300T-web.jpg","type":"image\/jpeg"}],"twitter_card":"summary_large_image","twitter_misc":{"Price":"&euro;&nbsp;19,90","Availability":"In stock"},"schema":{"@context":"https:\/\/schema.org","@graph":[{"@type":["WebPage","ItemPage"],"@id":"https:\/\/bolting.eu\/en\/shop\/injetionsmoertel-fischer-fis-ab-300-t\/","url":"https:\/\/bolting.eu\/en\/shop\/injetionsmoertel-fischer-fis-ab-300-t\/","name":"Injektionsm\u00f6rtel Fischer FIS AB 300T online kaufen | bolting.eu","isPartOf":{"@id":"https:\/\/bolting.eu\/en\/#website"},"primaryImageOfPage":{"@id":"https:\/\/bolting.eu\/en\/shop\/injetionsmoertel-fischer-fis-ab-300-t\/#primaryimage"},"image":{"@id":"https:\/\/bolting.eu\/en\/shop\/injetionsmoertel-fischer-fis-ab-300-t\/#primaryimage"},"thumbnailUrl":"https:\/\/bolting.eu\/wp-content\/uploads\/2020\/02\/Injektionsmoertel-Fischer-FIS-AB-300T-web.jpg","datePublished":"2020-02-02T17:08:55+00:00","dateModified":"2026-05-04T13:55:30+00:00","description":"Injektionsm\u00f6rtel Fischer FIS AB 300T beim Einbohrprofi aus Innsbruck kaufen \u2705 kostenloser Versand* \u2705 14 Tage R\u00fcckgaberecht \u2705 Co2 neutraler Versand","breadcrumb":{"@id":"https:\/\/bolting.eu\/en\/shop\/injetionsmoertel-fischer-fis-ab-300-t\/#breadcrumb"},"inLanguage":"en-US","potentialAction":[{"@type":"ReadAction","target":["https:\/\/bolting.eu\/en\/shop\/injetionsmoertel-fischer-fis-ab-300-t\/"]}]},{"@type":"ImageObject","inLanguage":"en-US","@id":"https:\/\/bolting.eu\/en\/shop\/injetionsmoertel-fischer-fis-ab-300-t\/#primaryimage","url":"https:\/\/bolting.eu\/wp-content\/uploads\/2020\/02\/Injektionsmoertel-Fischer-FIS-AB-300T-web.jpg","contentUrl":"https:\/\/bolting.eu\/wp-content\/uploads\/2020\/02\/Injektionsmoertel-Fischer-FIS-AB-300T-web.jpg","width":700,"height":700,"caption":"Das Bild zeigt die Kartusche des Injektionsmoertel Fischer FIS AB 300T. Die rote Kartusche mit dem Front Label steht aufrecht in Bildmitte auf wei\u00dfem Grund."},{"@type":"BreadcrumbList","@id":"https:\/\/bolting.eu\/en\/shop\/injetionsmoertel-fischer-fis-ab-300-t\/#breadcrumb","itemListElement":[{"@type":"ListItem","position":1,"name":"Shop","item":"https:\/\/bolting.eu\/en\/shop\/"},{"@type":"ListItem","position":2,"name":"bolting products","item":"https:\/\/bolting.eu\/en\/produkt-kategorie\/bolting-products\/"},{"@type":"ListItem","position":3,"name":"injection mortar","item":"https:\/\/bolting.eu\/en\/produkt-kategorie\/injection-mortar\/"},{"@type":"ListItem","position":4,"name":"Injektionsm\u00f6rtel Fischer FIS AB 300T"}]},{"@type":"WebSite","@id":"https:\/\/bolting.eu\/en\/#website","url":"https:\/\/bolting.eu\/en\/","name":"bolting.eu","description":"we make climbs happen","publisher":{"@id":"https:\/\/bolting.eu\/en\/#organization"},"potentialAction":[{"@type":"SearchAction","target":{"@type":"EntryPoint","urlTemplate":"https:\/\/bolting.eu\/en\/?s={search_term_string}"},"query-input":{"@type":"PropertyValueSpecification","valueRequired":true,"valueName":"search_term_string"}}],"inLanguage":"en-US"},{"@type":["Organization","Place","SportingGoodsStore"],"@id":"https:\/\/bolting.eu\/en\/#organization","name":"bolting.eu","url":"https:\/\/bolting.eu\/en\/","logo":{"@id":"https:\/\/bolting.eu\/en\/shop\/injetionsmoertel-fischer-fis-ab-300-t\/#local-main-organization-logo"},"image":{"@id":"https:\/\/bolting.eu\/en\/shop\/injetionsmoertel-fischer-fis-ab-300-t\/#local-main-organization-logo"},"sameAs":["https:\/\/www.facebook.com\/bolting.eu","https:\/\/www.instagram.com\/bolting.eu\/"],"address":{"@id":"https:\/\/bolting.eu\/en\/shop\/injetionsmoertel-fischer-fis-ab-300-t\/#local-main-place-address"},"geo":{"@type":"GeoCoordinates","latitude":"47.264176340396226","longitude":"11.380109057672346"},"telephone":["+43 699 19083372"],"openingHoursSpecification":[{"@type":"OpeningHoursSpecification","dayOfWeek":["Monday","Wednesday","Friday"],"opens":"14:00","closes":"18:00"},{"@type":"OpeningHoursSpecification","dayOfWeek":["Tuesday","Thursday","Saturday","Sunday"],"opens":"00:00","closes":"00:00"}],"email":"office@bolting.eu","vatID":"ATU59999728","priceRange":"$$","currenciesAccepted":"Euro"},{"@type":"PostalAddress","@id":"https:\/\/bolting.eu\/en\/shop\/injetionsmoertel-fischer-fis-ab-300-t\/#local-main-place-address","streetAddress":"Fischnalerstra\u00dfe 4","addressLocality":"Innsbruck","postalCode":"6020","addressRegion":"Tirol","addressCountry":"AT"},{"@type":"ImageObject","inLanguage":"en-US","@id":"https:\/\/bolting.eu\/en\/shop\/injetionsmoertel-fischer-fis-ab-300-t\/#local-main-organization-logo","url":"https:\/\/bolting.eu\/wp-content\/uploads\/2019\/09\/bolting-logo.png","contentUrl":"https:\/\/bolting.eu\/wp-content\/uploads\/2019\/09\/bolting-logo.png","width":400,"height":211,"caption":"bolting.eu"}]},"og_video":"https:\/\/www.youtube.com\/embed\/xc4IK3O4SBI","og_video_type":"text\/html","og_video_duration":"280","og_video_width":"480","og_video_height":"270","ya_ovs_adult":"false","ya_ovs_upload_date":"2020-02-02T17:08:55+00:00","ya_ovs_allow_embed":"true","product_price_amount":"19.90","product_price_currency":"EUR","og_availability":"instock","product_availability":"instock","product_retailer_item_id":"535646","product_condition":"new","geo.placename":"Innsbruck","geo.position":{"lat":"47.264176340396226","long":"11.380109057672346"},"geo.region":"Austria"},"_links":{"self":[{"href":"https:\/\/bolting.eu\/en\/wp-json\/wp\/v2\/product\/1258","targetHints":{"allow":["GET"]}}],"collection":[{"href":"https:\/\/bolting.eu\/en\/wp-json\/wp\/v2\/product"}],"about":[{"href":"https:\/\/bolting.eu\/en\/wp-json\/wp\/v2\/types\/product"}],"replies":[{"embeddable":true,"href":"https:\/\/bolting.eu\/en\/wp-json\/wp\/v2\/comments?post=1258"}],"wp:featuredmedia":[{"embeddable":true,"href":"https:\/\/bolting.eu\/en\/wp-json\/wp\/v2\/media\/1259"}],"wp:attachment":[{"href":"https:\/\/bolting.eu\/en\/wp-json\/wp\/v2\/media?parent=1258"}],"wp:term":[{"taxonomy":"product_brand","embeddable":true,"href":"https:\/\/bolting.eu\/en\/wp-json\/wp\/v2\/product_brand?post=1258"},{"taxonomy":"product_cat","embeddable":true,"href":"https:\/\/bolting.eu\/en\/wp-json\/wp\/v2\/product_cat?post=1258"},{"taxonomy":"product_tag","embeddable":true,"href":"https:\/\/bolting.eu\/en\/wp-json\/wp\/v2\/product_tag?post=1258"}],"curies":[{"name":"wp","href":"https:\/\/api.w.org\/{rel}","templated":true}]}}