{"id":12573,"date":"2022-07-31T10:06:21","date_gmt":"2022-07-31T08:06:21","guid":{"rendered":"https:\/\/bolting.eu\/?post_type=product&#038;p=12573"},"modified":"2026-01-23T14:52:39","modified_gmt":"2026-01-23T13:52:39","slug":"petzl-v-link-fangleine","status":"publish","type":"product","link":"https:\/\/bolting.eu\/en\/shop\/petzl-v-link-fangleine\/","title":{"rendered":"Petzl V-Link Fangleine"},"content":{"rendered":"<p>Die Petzl V-Link ist eine elastische Fangleine f\u00fcr <a href=\"https:\/\/bolting.eu\/produkt-kategorie\/bergsteiger-ausruestung\/eisgeraete\/\">Eisger\u00e4te<\/a>. Es handelt sich dabei um zwei V-f\u00f6rmige, elastische Arme, welche durch ein Drehgelenk verbunden sind.<\/p>\n<p>Somit ist zum einen jeder Arm individuell nutzbar. Und zum anderen umwickeln sich sich die Arme nicht. Denn das Drehgelenk sorgt f\u00fcr die n\u00f6tige Rotation, alles bleibt wunderbar &#8220;hedderfrei&#8221;.<\/p>\n<p>Folglich ist die Fangleine \u00fcberall sinnvoll, wo man sein Eisger\u00e4t in keinem Fall verlieren darf. Wie z.B. in Nordw\u00e4nden, alpinen Routen, schweren und langen Mixed Routen.<\/p>\n<p>Wir empfehlen sie bei dieser Anwendung bei den Modellen <a href=\"https:\/\/bolting.eu\/shop\/petzl-quark-eisgeraet\/\">Quark<\/a>, <a href=\"https:\/\/bolting.eu\/shop\/petzl-nomic-eisgeraet\/\">Nomic<\/a> und <a href=\"https:\/\/bolting.eu\/shop\/petzl-sumtec\/\">Sum\u00b4Tec<\/a>.<\/p>\n<h2>Eigenchaften Petzl V-Link &#8211; Fangleine f\u00fcr Eisger\u00e4te<\/h2>\n<ul>\n<li>Hersteller: <a href=\"https:\/\/bolting.eu\/produkt-kategorie\/petzl\/\">Petzl<\/a><\/li>\n<li>Material: Alu, Polyamid<\/li>\n<li>Gewicht: 80 Gramm<\/li>\n<li>zwei elastische Arme 46 cm<\/li>\n<li>Arme dehnbar bis ca. 102 cm<\/li>\n<li>zwei kleine Alu <a href=\"https:\/\/bolting.eu\/produkt-kategorie\/kletterausruestung\/kletterkarabiner\/schnappkarabiner\/\">Schnappkarabiner<\/a><\/li>\n<li>auch mit Handschuhen gut bedienbar<\/li>\n<li>Drehgelenk &#8211; verhindert umwickeln der Arme<\/li>\n<li>Befestigung einfach mit &#8220;Ankerstich&#8221;<\/li>\n<li>verhindert Verlust der Eisger\u00e4te<\/li>\n<li><a href=\"https:\/\/www.petzl.com\/AT\/de\/Sport\/Eispickel---Eisgerate\/V-LINK#:~:text=Technische%20Informationen-,H%C3%A4ufige%20Fragen,-Verwandte%20Produkte\" target=\"_blank\" rel=\"noopener\">FAQ\u00b4s<\/a><\/li>\n<\/ul>\n<h3>Wo sinnvoll?<\/h3>\n<p>Wir empfehlen diese Fangleine f\u00fcr Eisger\u00e4te dort, wo es einfach keinen Verlust eurer Pickel geben darf. Wie z.B. in langen alpinen Routen, auf Expeditionen oder schwierigen Nordw\u00e4nden.<\/p>\n<p>Hier machen sLeinen wie die Petzl V-Link absolut Sinn, weil ein Abst\u00fcrzen des Ger\u00e4tes schwerwiegende (Sicherheits)Folgen haben w\u00fcrde. Denk einfach nur daran, dass ja auch jedes <a href=\"https:\/\/bolting.eu\/produkt-kategorie\/bergsteiger-ausruestung\/steigeisen\/\">Steigeisen<\/a> mit einem Riemen am Fu\u00dfgelenk gesichert ist!<\/p>\n<blockquote><p>Bergf\u00fchrer Armin Fuchs von der Alpinschule Animont: &#8220;F\u00fcr mich gibt es in meinen langen, schweren Routen keine Alternative zur Fangleine. Ob privat oder mit G\u00e4sten. Ein Verlust eines Eiger\u00e4tes ist ein echtes Problem. Deshalb werden diese bei entsprechenden Unternehmungen immer angeh\u00e4ngt!&#8221;<\/p><\/blockquote>\n<h3>Petzl V-Link in der Praxis<\/h3>\n<p>Schaut euch das folgende Video von Uli Steck an der winterlichen Drus an. Hier k\u00f6nnt ihr sehen, wie sich die Fangleine f\u00fcr Eisger\u00e4te in der Praxis verh\u00e4lt, bzw. wie die einfache Verwendung aussieht.<\/p>\n<p>Im Grunde wird die Leine angeschnallt, die Pickel eingeh\u00e4ngt und fertig. Danach wird einfach nurmehr geklettert.<\/p>\n<p><iframe loading=\"lazy\" title=\"Ueli Steck in Les Drus &quot;North Couloir Direct&quot; (VI, Al 6+, M8)\" width=\"1020\" height=\"574\" src=\"https:\/\/www.youtube.com\/embed\/tT3hyLvYNNo?feature=oembed\" frameborder=\"0\" allow=\"accelerometer; autoplay; clipboard-write; encrypted-media; gyroscope; picture-in-picture; web-share\" referrerpolicy=\"strict-origin-when-cross-origin\" allowfullscreen><\/iframe><\/p>\n<p>&nbsp;<\/p>\n<h3>Fangleine f\u00fcr Eisger\u00e4te ohne Umwickeln!<\/h3>\n<p>Die Petzl V-Link ist aus unserer Sicht einer der hochwertigsten Alternativen am Markt. Denn sie ist mit einem kleinen Wirbel ausgestattet. Dieser verhindert, dass sich die Arme umwickeln.<\/p>\n<p>D.h. es ist NICHT m\u00f6glich, dass irgendwann einmal ein unpraktisches bis gef\u00e4hrliches &#8220;Kuddel-Muddel&#8221; entsteht. Denn die Arme drehen sich immer automatisch mit,<\/p>\n<p>&nbsp;<\/p>\n","protected":false},"excerpt":{"rendered":"<p>Praktische Fangleine mit zwei elastischen Armen f\u00fcr technische Eisger\u00e4te bei langen alpinen Touren, Nordw\u00e4nden und Eisklettern Mehrseill\u00e4ngen.<\/p>\n<p>Die Leine hat einen Wirbel, der das Umwickeln der Arme um sich selber verhindert.<\/p>\n<p>Versandkostenfrei bis 2kg in <img decoding=\"async\" class=\"emoji\" role=\"img\" draggable=\"false\" src=\"https:\/\/s.w.org\/images\/core\/emoji\/13.1.0\/svg\/1f1e6-1f1f9.svg\" alt=\"\ud83c\udde6\ud83c\uddf9\" \/> ab \u20ac 100,- und <img decoding=\"async\" class=\"emoji\" role=\"img\" draggable=\"false\" src=\"https:\/\/s.w.org\/images\/core\/emoji\/13.1.0\/svg\/1f1e9-1f1ea.svg\" alt=\"\ud83c\udde9\ud83c\uddea\" \/> ab \u20ac 200,-!<\/p>\n","protected":false},"featured_media":12577,"comment_status":"closed","ping_status":"closed","template":"","meta":[],"product_brand":[],"product_cat":[14358,13938,14093],"product_tag":[],"class_list":{"0":"post-12573","1":"product","2":"type-product","3":"status-publish","4":"has-post-thumbnail","6":"product_cat-zubehoer-eispickel-eisgeraete","7":"product_cat-bergsteiger-ausruestung","8":"product_cat-petzl","10":"first","11":"instock","12":"taxable","13":"shipping-taxable","14":"purchasable","15":"product-type-simple"},"yoast_head":"<!-- This site is optimized with the Yoast SEO Premium plugin v26.9 (Yoast SEO v26.9) - https:\/\/yoast.com\/product\/yoast-seo-premium-wordpress\/ -->\n<title>Petzl V-Link Fangleine f\u00fcr Eisger\u00e4te | bolting.eu<\/title>\n<meta name=\"description\" content=\"Hier findest du die PETZL V-LINK Fangleine f\u00fcr Eisger\u00e4te. Zwei elastische Arme mit Alu Karabinern und Wirbelgelenk als Absturzsicherung!\" \/>\n<meta name=\"robots\" content=\"index, follow, max-snippet:-1, max-image-preview:large, max-video-preview:-1\" \/>\n<link rel=\"canonical\" href=\"https:\/\/bolting.eu\/en\/shop\/petzl-v-link-fangleine\/\" \/>\n<meta property=\"og:locale\" content=\"en_US\" \/>\n<meta property=\"og:type\" content=\"article\" \/>\n<meta property=\"og:title\" content=\"Petzl V-Link Fangleine\" \/>\n<meta property=\"og:description\" content=\"Hier findest du die PETZL V-LINK Fangleine f\u00fcr Eisger\u00e4te. Zwei elastische Arme mit Alu Karabinern und Wirbelgelenk als Absturzsicherung!\" \/>\n<meta property=\"og:url\" content=\"https:\/\/bolting.eu\/en\/shop\/petzl-v-link-fangleine\/\" \/>\n<meta property=\"og:site_name\" content=\"bolting.eu\" \/>\n<meta property=\"article:publisher\" content=\"https:\/\/www.facebook.com\/bolting.eu\" \/>\n<meta property=\"article:modified_time\" content=\"2026-01-23T13:52:39+00:00\" \/>\n<meta property=\"og:image\" content=\"https:\/\/bolting.eu\/wp-content\/uploads\/2022\/07\/Petzl-V-Link-Fangleine-fuer-Eisgeraete-1.jpg\" \/>\n\t<meta property=\"og:image:width\" content=\"700\" \/>\n\t<meta property=\"og:image:height\" content=\"700\" \/>\n\t<meta property=\"og:image:type\" content=\"image\/jpeg\" \/>\n<meta name=\"twitter:card\" content=\"summary_large_image\" \/>\n<meta name=\"twitter:label1\" content=\"Price\" \/>\n\t<meta name=\"twitter:data1\" content=\"&euro;&nbsp;58,00\" \/>\n\t<meta name=\"twitter:label2\" content=\"Availability\" \/>\n\t<meta name=\"twitter:data2\" content=\"In stock\" \/>\n<script type=\"application\/ld+json\" class=\"yoast-schema-graph\">{\"@context\":\"https:\/\/schema.org\",\"@graph\":[{\"@type\":[\"WebPage\",\"ItemPage\"],\"@id\":\"https:\/\/bolting.eu\/en\/shop\/petzl-v-link-fangleine\/\",\"url\":\"https:\/\/bolting.eu\/en\/shop\/petzl-v-link-fangleine\/\",\"name\":\"Petzl V-Link Fangleine f\u00fcr Eisger\u00e4te | bolting.eu\",\"isPartOf\":{\"@id\":\"https:\/\/bolting.eu\/en\/#website\"},\"primaryImageOfPage\":{\"@id\":\"https:\/\/bolting.eu\/en\/shop\/petzl-v-link-fangleine\/#primaryimage\"},\"image\":{\"@id\":\"https:\/\/bolting.eu\/en\/shop\/petzl-v-link-fangleine\/#primaryimage\"},\"thumbnailUrl\":\"https:\/\/bolting.eu\/wp-content\/uploads\/2022\/07\/Petzl-V-Link-Fangleine-fuer-Eisgeraete-1.jpg\",\"datePublished\":\"2022-07-31T08:06:21+00:00\",\"dateModified\":\"2026-01-23T13:52:39+00:00\",\"description\":\"Hier findest du die PETZL V-LINK Fangleine f\u00fcr Eisger\u00e4te. Zwei elastische Arme mit Alu Karabinern und Wirbelgelenk als Absturzsicherung!\",\"breadcrumb\":{\"@id\":\"https:\/\/bolting.eu\/en\/shop\/petzl-v-link-fangleine\/#breadcrumb\"},\"inLanguage\":\"en-US\",\"potentialAction\":[{\"@type\":\"ReadAction\",\"target\":[\"https:\/\/bolting.eu\/en\/shop\/petzl-v-link-fangleine\/\"]}]},{\"@type\":\"ImageObject\",\"inLanguage\":\"en-US\",\"@id\":\"https:\/\/bolting.eu\/en\/shop\/petzl-v-link-fangleine\/#primaryimage\",\"url\":\"https:\/\/bolting.eu\/wp-content\/uploads\/2022\/07\/Petzl-V-Link-Fangleine-fuer-Eisgeraete-1.jpg\",\"contentUrl\":\"https:\/\/bolting.eu\/wp-content\/uploads\/2022\/07\/Petzl-V-Link-Fangleine-fuer-Eisgeraete-1.jpg\",\"width\":700,\"height\":700,\"caption\":\"Das Bild zeigt die Petzl V-Link FAngleine f\u00fcr Eisger\u00e4te mit zwei dehnbaren Armen, Karabinern und Drehgelenk.\"},{\"@type\":\"BreadcrumbList\",\"@id\":\"https:\/\/bolting.eu\/en\/shop\/petzl-v-link-fangleine\/#breadcrumb\",\"itemListElement\":[{\"@type\":\"ListItem\",\"position\":1,\"name\":\"Shop\",\"item\":\"https:\/\/bolting.eu\/en\/shop\/\"},{\"@type\":\"ListItem\",\"position\":2,\"name\":\"Bergsteiger Ausr\u00fcstung\",\"item\":\"https:\/\/bolting.eu\/produkt-kategorie\/bergsteiger-ausruestung\/\"},{\"@type\":\"ListItem\",\"position\":3,\"name\":\"Zubeh\u00f6r Eispickel - Eisger\u00e4te\",\"item\":\"https:\/\/bolting.eu\/produkt-kategorie\/bergsteiger-ausruestung\/zubehoer-eispickel-eisgeraete\/\"},{\"@type\":\"ListItem\",\"position\":4,\"name\":\"Petzl V-Link Fangleine\"}]},{\"@type\":\"WebSite\",\"@id\":\"https:\/\/bolting.eu\/en\/#website\",\"url\":\"https:\/\/bolting.eu\/en\/\",\"name\":\"bolting.eu\",\"description\":\"we make climbs happen\",\"publisher\":{\"@id\":\"https:\/\/bolting.eu\/en\/#organization\"},\"potentialAction\":[{\"@type\":\"SearchAction\",\"target\":{\"@type\":\"EntryPoint\",\"urlTemplate\":\"https:\/\/bolting.eu\/en\/?s={search_term_string}\"},\"query-input\":{\"@type\":\"PropertyValueSpecification\",\"valueRequired\":true,\"valueName\":\"search_term_string\"}}],\"inLanguage\":\"en-US\"},{\"@type\":[\"Organization\",\"Place\",\"SportingGoodsStore\"],\"@id\":\"https:\/\/bolting.eu\/en\/#organization\",\"name\":\"bolting.eu\",\"url\":\"https:\/\/bolting.eu\/en\/\",\"logo\":{\"@id\":\"https:\/\/bolting.eu\/en\/shop\/petzl-v-link-fangleine\/#local-main-organization-logo\"},\"image\":{\"@id\":\"https:\/\/bolting.eu\/en\/shop\/petzl-v-link-fangleine\/#local-main-organization-logo\"},\"sameAs\":[\"https:\/\/www.facebook.com\/bolting.eu\",\"https:\/\/www.instagram.com\/bolting.eu\/\"],\"address\":{\"@id\":\"https:\/\/bolting.eu\/en\/shop\/petzl-v-link-fangleine\/#local-main-place-address\"},\"geo\":{\"@type\":\"GeoCoordinates\",\"latitude\":\"47.264176340396226\",\"longitude\":\"11.380109057672346\"},\"telephone\":[\"+43 699 19083372\"],\"openingHoursSpecification\":[{\"@type\":\"OpeningHoursSpecification\",\"dayOfWeek\":[\"Monday\",\"Wednesday\",\"Friday\"],\"opens\":\"14:00\",\"closes\":\"18:00\"},{\"@type\":\"OpeningHoursSpecification\",\"dayOfWeek\":[\"Tuesday\",\"Thursday\",\"Saturday\",\"Sunday\"],\"opens\":\"00:00\",\"closes\":\"00:00\"}],\"email\":\"office@bolting.eu\",\"vatID\":\"ATU59999728\",\"priceRange\":\"$$\",\"currenciesAccepted\":\"Euro\"},{\"@type\":\"PostalAddress\",\"@id\":\"https:\/\/bolting.eu\/en\/shop\/petzl-v-link-fangleine\/#local-main-place-address\",\"streetAddress\":\"Fischnalerstra\u00dfe 4\",\"addressLocality\":\"Innsbruck\",\"postalCode\":\"6020\",\"addressRegion\":\"Tirol\",\"addressCountry\":\"AT\"},{\"@type\":\"ImageObject\",\"inLanguage\":\"en-US\",\"@id\":\"https:\/\/bolting.eu\/en\/shop\/petzl-v-link-fangleine\/#local-main-organization-logo\",\"url\":\"https:\/\/bolting.eu\/wp-content\/uploads\/2019\/09\/bolting-logo.png\",\"contentUrl\":\"https:\/\/bolting.eu\/wp-content\/uploads\/2019\/09\/bolting-logo.png\",\"width\":400,\"height\":211,\"caption\":\"bolting.eu\"}]}<\/script>\n<meta property=\"og:video\" content=\"https:\/\/www.youtube.com\/embed\/tT3hyLvYNNo\" \/>\n<meta property=\"og:video:type\" content=\"text\/html\" \/>\n<meta property=\"og:video:duration\" content=\"184\" \/>\n<meta property=\"og:video:width\" content=\"480\" \/>\n<meta property=\"og:video:height\" content=\"270\" \/>\n<meta property=\"ya:ovs:adult\" content=\"false\" \/>\n<meta property=\"ya:ovs:upload_date\" content=\"2022-07-31T08:06:21+00:00\" \/>\n<meta property=\"ya:ovs:allow_embed\" content=\"true\" \/>\n<meta property=\"product:price:amount\" content=\"58.00\" \/>\n<meta property=\"product:price:currency\" content=\"EUR\" \/>\n<meta property=\"og:availability\" content=\"instock\" \/>\n<meta property=\"product:availability\" content=\"instock\" \/>\n<meta property=\"product:retailer_item_id\" content=\"U083AA00\" \/>\n<meta property=\"product:condition\" content=\"new\" \/>\n<meta name=\"geo.placename\" content=\"Innsbruck\" \/>\n<meta name=\"geo.position\" content=\"47.264176340396226;11.380109057672346\" \/>\n<meta name=\"geo.region\" content=\"Austria\" \/>\n<!-- \/ Yoast SEO Premium plugin. -->","yoast_head_json":{"title":"Petzl V-Link Fangleine f\u00fcr Eisger\u00e4te | bolting.eu","description":"Hier findest du die PETZL V-LINK Fangleine f\u00fcr Eisger\u00e4te. Zwei elastische Arme mit Alu Karabinern und Wirbelgelenk als Absturzsicherung!","robots":{"index":"index","follow":"follow","max-snippet":"max-snippet:-1","max-image-preview":"max-image-preview:large","max-video-preview":"max-video-preview:-1"},"canonical":"https:\/\/bolting.eu\/en\/shop\/petzl-v-link-fangleine\/","og_locale":"en_US","og_type":"article","og_title":"Petzl V-Link Fangleine","og_description":"Hier findest du die PETZL V-LINK Fangleine f\u00fcr Eisger\u00e4te. Zwei elastische Arme mit Alu Karabinern und Wirbelgelenk als Absturzsicherung!","og_url":"https:\/\/bolting.eu\/en\/shop\/petzl-v-link-fangleine\/","og_site_name":"bolting.eu","article_publisher":"https:\/\/www.facebook.com\/bolting.eu","article_modified_time":"2026-01-23T13:52:39+00:00","og_image":[{"width":700,"height":700,"url":"https:\/\/bolting.eu\/wp-content\/uploads\/2022\/07\/Petzl-V-Link-Fangleine-fuer-Eisgeraete-1.jpg","type":"image\/jpeg"}],"twitter_card":"summary_large_image","twitter_misc":{"Price":"&euro;&nbsp;58,00","Availability":"In stock"},"schema":{"@context":"https:\/\/schema.org","@graph":[{"@type":["WebPage","ItemPage"],"@id":"https:\/\/bolting.eu\/en\/shop\/petzl-v-link-fangleine\/","url":"https:\/\/bolting.eu\/en\/shop\/petzl-v-link-fangleine\/","name":"Petzl V-Link Fangleine f\u00fcr Eisger\u00e4te | bolting.eu","isPartOf":{"@id":"https:\/\/bolting.eu\/en\/#website"},"primaryImageOfPage":{"@id":"https:\/\/bolting.eu\/en\/shop\/petzl-v-link-fangleine\/#primaryimage"},"image":{"@id":"https:\/\/bolting.eu\/en\/shop\/petzl-v-link-fangleine\/#primaryimage"},"thumbnailUrl":"https:\/\/bolting.eu\/wp-content\/uploads\/2022\/07\/Petzl-V-Link-Fangleine-fuer-Eisgeraete-1.jpg","datePublished":"2022-07-31T08:06:21+00:00","dateModified":"2026-01-23T13:52:39+00:00","description":"Hier findest du die PETZL V-LINK Fangleine f\u00fcr Eisger\u00e4te. Zwei elastische Arme mit Alu Karabinern und Wirbelgelenk als Absturzsicherung!","breadcrumb":{"@id":"https:\/\/bolting.eu\/en\/shop\/petzl-v-link-fangleine\/#breadcrumb"},"inLanguage":"en-US","potentialAction":[{"@type":"ReadAction","target":["https:\/\/bolting.eu\/en\/shop\/petzl-v-link-fangleine\/"]}]},{"@type":"ImageObject","inLanguage":"en-US","@id":"https:\/\/bolting.eu\/en\/shop\/petzl-v-link-fangleine\/#primaryimage","url":"https:\/\/bolting.eu\/wp-content\/uploads\/2022\/07\/Petzl-V-Link-Fangleine-fuer-Eisgeraete-1.jpg","contentUrl":"https:\/\/bolting.eu\/wp-content\/uploads\/2022\/07\/Petzl-V-Link-Fangleine-fuer-Eisgeraete-1.jpg","width":700,"height":700,"caption":"Das Bild zeigt die Petzl V-Link FAngleine f\u00fcr Eisger\u00e4te mit zwei dehnbaren Armen, Karabinern und Drehgelenk."},{"@type":"BreadcrumbList","@id":"https:\/\/bolting.eu\/en\/shop\/petzl-v-link-fangleine\/#breadcrumb","itemListElement":[{"@type":"ListItem","position":1,"name":"Shop","item":"https:\/\/bolting.eu\/en\/shop\/"},{"@type":"ListItem","position":2,"name":"Bergsteiger Ausr\u00fcstung","item":"https:\/\/bolting.eu\/produkt-kategorie\/bergsteiger-ausruestung\/"},{"@type":"ListItem","position":3,"name":"Zubeh\u00f6r Eispickel - Eisger\u00e4te","item":"https:\/\/bolting.eu\/produkt-kategorie\/bergsteiger-ausruestung\/zubehoer-eispickel-eisgeraete\/"},{"@type":"ListItem","position":4,"name":"Petzl V-Link Fangleine"}]},{"@type":"WebSite","@id":"https:\/\/bolting.eu\/en\/#website","url":"https:\/\/bolting.eu\/en\/","name":"bolting.eu","description":"we make climbs happen","publisher":{"@id":"https:\/\/bolting.eu\/en\/#organization"},"potentialAction":[{"@type":"SearchAction","target":{"@type":"EntryPoint","urlTemplate":"https:\/\/bolting.eu\/en\/?s={search_term_string}"},"query-input":{"@type":"PropertyValueSpecification","valueRequired":true,"valueName":"search_term_string"}}],"inLanguage":"en-US"},{"@type":["Organization","Place","SportingGoodsStore"],"@id":"https:\/\/bolting.eu\/en\/#organization","name":"bolting.eu","url":"https:\/\/bolting.eu\/en\/","logo":{"@id":"https:\/\/bolting.eu\/en\/shop\/petzl-v-link-fangleine\/#local-main-organization-logo"},"image":{"@id":"https:\/\/bolting.eu\/en\/shop\/petzl-v-link-fangleine\/#local-main-organization-logo"},"sameAs":["https:\/\/www.facebook.com\/bolting.eu","https:\/\/www.instagram.com\/bolting.eu\/"],"address":{"@id":"https:\/\/bolting.eu\/en\/shop\/petzl-v-link-fangleine\/#local-main-place-address"},"geo":{"@type":"GeoCoordinates","latitude":"47.264176340396226","longitude":"11.380109057672346"},"telephone":["+43 699 19083372"],"openingHoursSpecification":[{"@type":"OpeningHoursSpecification","dayOfWeek":["Monday","Wednesday","Friday"],"opens":"14:00","closes":"18:00"},{"@type":"OpeningHoursSpecification","dayOfWeek":["Tuesday","Thursday","Saturday","Sunday"],"opens":"00:00","closes":"00:00"}],"email":"office@bolting.eu","vatID":"ATU59999728","priceRange":"$$","currenciesAccepted":"Euro"},{"@type":"PostalAddress","@id":"https:\/\/bolting.eu\/en\/shop\/petzl-v-link-fangleine\/#local-main-place-address","streetAddress":"Fischnalerstra\u00dfe 4","addressLocality":"Innsbruck","postalCode":"6020","addressRegion":"Tirol","addressCountry":"AT"},{"@type":"ImageObject","inLanguage":"en-US","@id":"https:\/\/bolting.eu\/en\/shop\/petzl-v-link-fangleine\/#local-main-organization-logo","url":"https:\/\/bolting.eu\/wp-content\/uploads\/2019\/09\/bolting-logo.png","contentUrl":"https:\/\/bolting.eu\/wp-content\/uploads\/2019\/09\/bolting-logo.png","width":400,"height":211,"caption":"bolting.eu"}]},"og_video":"https:\/\/www.youtube.com\/embed\/tT3hyLvYNNo","og_video_type":"text\/html","og_video_duration":"184","og_video_width":"480","og_video_height":"270","ya_ovs_adult":"false","ya_ovs_upload_date":"2022-07-31T08:06:21+00:00","ya_ovs_allow_embed":"true","product_price_amount":"58.00","product_price_currency":"EUR","og_availability":"instock","product_availability":"instock","product_retailer_item_id":"U083AA00","product_condition":"new","geo.placename":"Innsbruck","geo.position":{"lat":"47.264176340396226","long":"11.380109057672346"},"geo.region":"Austria"},"_links":{"self":[{"href":"https:\/\/bolting.eu\/en\/wp-json\/wp\/v2\/product\/12573","targetHints":{"allow":["GET"]}}],"collection":[{"href":"https:\/\/bolting.eu\/en\/wp-json\/wp\/v2\/product"}],"about":[{"href":"https:\/\/bolting.eu\/en\/wp-json\/wp\/v2\/types\/product"}],"replies":[{"embeddable":true,"href":"https:\/\/bolting.eu\/en\/wp-json\/wp\/v2\/comments?post=12573"}],"wp:featuredmedia":[{"embeddable":true,"href":"https:\/\/bolting.eu\/en\/wp-json\/wp\/v2\/media\/12577"}],"wp:attachment":[{"href":"https:\/\/bolting.eu\/en\/wp-json\/wp\/v2\/media?parent=12573"}],"wp:term":[{"taxonomy":"product_brand","embeddable":true,"href":"https:\/\/bolting.eu\/en\/wp-json\/wp\/v2\/product_brand?post=12573"},{"taxonomy":"product_cat","embeddable":true,"href":"https:\/\/bolting.eu\/en\/wp-json\/wp\/v2\/product_cat?post=12573"},{"taxonomy":"product_tag","embeddable":true,"href":"https:\/\/bolting.eu\/en\/wp-json\/wp\/v2\/product_tag?post=12573"}],"curies":[{"name":"wp","href":"https:\/\/api.w.org\/{rel}","templated":true}]}}