{"id":12529,"date":"2022-07-30T12:30:49","date_gmt":"2022-07-30T10:30:49","guid":{"rendered":"https:\/\/bolting.eu\/?post_type=product&#038;p=12529"},"modified":"2026-04-10T09:29:57","modified_gmt":"2026-04-10T07:29:57","slug":"kong-big-8-abseilachter","status":"publish","type":"product","link":"https:\/\/bolting.eu\/en\/shop\/kong-big-8-abseilachter\/","title":{"rendered":"Kong Big 8 Abseilachter"},"content":{"rendered":"<p>Der Kong Big 8 <a href=\"https:\/\/bolting.eu\/produkt-kategorie\/kletterausruestung\/sicherungsgeraete-klettern\/abseilachter\/\">Abseilachter<\/a> ist ein Modell speziell f\u00fcr dicke Seile. Denn dieser Achter kann mit Seildurchmessern von 9 &#8211; 16mm bedient werden.<\/p>\n<p>Folglich ist es ein Produkt, welches meist von Spezialisten und Professionisten ben\u00f6tigt wird. Wie z.B. H\u00f6henarbeitern oder Rettungskr\u00e4ften. Im normalen Bergsport kommt ein solch gro\u00dfer bzw. schwerer Achter in der Regel nicht zum Einsatz.<\/p>\n<p>Kurzum. Ein Spezialprodukt das wir als Hardware Experte gerne f\u00fcr Euch im Sortiment f\u00fchren!<\/p>\n<h2>Eigenschaften Kong Big 8 Abseilachter<\/h2>\n<ul>\n<li>Hersteller: Kong Italy<\/li>\n<li>Material: Aluminium<\/li>\n<li>Gewicht: 260 Gramm<\/li>\n<li>Bruchlast: 40 kN<\/li>\n<li>WLL 10kN (Working Load Limit)<\/li>\n<li>Ma\u00dfe: 16,5 x 16,5 cm<\/li>\n<li>Farbe: rot<\/li>\n<li>\u00dcberfahren eines Knoten m\u00f6glich<\/li>\n<li>F\u00fcr <a href=\"https:\/\/bolting.eu\/produkt-kategorie\/kletterausruestung\/kletterseil\/\">Kletterseile<\/a> 9 &#8211; 16mm Durchmesser<\/li>\n<li>Modell aus EDELSTAHL auf Bestellung m\u00f6glich!<\/li>\n<li><a href=\"https:\/\/www.kong.it\/upload\/files\/KONG_GENERAL_INFO.pdf\" target=\"_blank\" rel=\"noopener\">Bedienungsanleitung<\/a><\/li>\n<\/ul>\n<h3>Sehr groooo\u00df!<\/h3>\n<p>Der folgende Gr\u00f6\u00dfenvergleich zwischen dem Kong Big 8 und dem Kong Mini 8 macht die Dimension sichtbar. Dieses Modell ist wirklich sehr gro\u00df. N\u00e4mlich 16,5 x 16,5 cm.<\/p>\n<p>Folglich bringt dieser Achter auch ordentlich etwas auf die Waage: 270 Gramm!<\/p>\n<figure id=\"attachment_12178\" aria-describedby=\"caption-attachment-12178\" style=\"width: 400px\" class=\"wp-caption alignnone\"><a href=\"https:\/\/bolting.eu\/wp-content\/uploads\/2022\/06\/Kong-Mini-8-Abseilachter-Edelstahl-3.jpg\"><img loading=\"lazy\" decoding=\"async\" class=\"wp-image-12178 size-medium\" src=\"https:\/\/bolting.eu\/wp-content\/uploads\/2022\/06\/Kong-Mini-8-Abseilachter-Edelstahl-3-400x400.jpg\" alt=\"Das Bild zeigt den Gr\u00f6\u00dfenvergleich zwischen einem silbernen Abseilachter Edelstahl und einem gro\u00dfen, roten Aluminium Achter.\" width=\"400\" height=\"400\" srcset=\"https:\/\/bolting.eu\/wp-content\/uploads\/2022\/06\/Kong-Mini-8-Abseilachter-Edelstahl-3-400x400.jpg 400w, https:\/\/bolting.eu\/wp-content\/uploads\/2022\/06\/Kong-Mini-8-Abseilachter-Edelstahl-3-100x100.jpg 100w, https:\/\/bolting.eu\/wp-content\/uploads\/2022\/06\/Kong-Mini-8-Abseilachter-Edelstahl-3-510x510.jpg 510w, https:\/\/bolting.eu\/wp-content\/uploads\/2022\/06\/Kong-Mini-8-Abseilachter-Edelstahl-3-280x280.jpg 280w, https:\/\/bolting.eu\/wp-content\/uploads\/2022\/06\/Kong-Mini-8-Abseilachter-Edelstahl-3-300x300.jpg 300w, https:\/\/bolting.eu\/wp-content\/uploads\/2022\/06\/Kong-Mini-8-Abseilachter-Edelstahl-3-600x600.jpg 600w, https:\/\/bolting.eu\/wp-content\/uploads\/2022\/06\/Kong-Mini-8-Abseilachter-Edelstahl-3.jpg 700w\" sizes=\"auto, (max-width: 400px) 100vw, 400px\" \/><\/a><figcaption id=\"caption-attachment-12178\" class=\"wp-caption-text\">Der Big 8 ist gut 50% gr\u00f6\u00dfer als das Standard Modell Mini 8!<\/figcaption><\/figure>\n","protected":false},"excerpt":{"rendered":"<p>Sehr gro\u00dfer Abseilachter mit 16,5 x 16,5cm f\u00fcr Spezialisten wie Rettungskr\u00e4fte oder H\u00f6henarbeiten.<\/p>\n<p>Dieses gro\u00dfe Modell bietet viele Einlegem\u00f6glichkeiten von Seilen mit 9 &#8211; 16mm Durchmesser.<\/p>\n","protected":false},"featured_media":12530,"comment_status":"closed","ping_status":"closed","template":"","meta":[],"product_brand":[],"product_cat":[14447,29,3711,4651,14249],"product_tag":[],"class_list":{"0":"post-12529","1":"product","2":"type-product","3":"status-publish","4":"has-post-thumbnail","6":"product_cat-abseilgeraete","7":"product_cat-kletterausruestung","8":"product_cat-sicherungsgeraete-klettern","9":"product_cat-kong","10":"product_cat-abseilachter","12":"first","13":"instock","14":"sale","15":"taxable","16":"shipping-taxable","17":"purchasable","18":"product-type-simple"},"yoast_head":"<!-- This site is optimized with the Yoast SEO Premium plugin v26.9 (Yoast SEO v26.9) - https:\/\/yoast.com\/product\/yoast-seo-premium-wordpress\/ -->\n<title>Kong Big 8 Abseilachter - f\u00fcr 9-16mm Seildurchmesser | bolting.eu<\/title>\n<meta name=\"description\" content=\"Hier findest Du den Kong Big 8 Abseilachter. Ein sehr gro\u00dfes Modell f\u00fcr Professionisten wie Bergf\u00fchrer, H\u00f6henarbeiter und Rettungskr\u00e4fte.\" \/>\n<meta name=\"robots\" content=\"index, follow, max-snippet:-1, max-image-preview:large, max-video-preview:-1\" \/>\n<link rel=\"canonical\" href=\"https:\/\/bolting.eu\/en\/shop\/kong-big-8-abseilachter\/\" \/>\n<meta property=\"og:locale\" content=\"en_US\" \/>\n<meta property=\"og:type\" content=\"article\" \/>\n<meta property=\"og:title\" content=\"Kong Big 8 Abseilachter\" \/>\n<meta property=\"og:description\" content=\"Hier findest Du den Kong Big 8 Abseilachter. Ein sehr gro\u00dfes Modell f\u00fcr Professionisten wie Bergf\u00fchrer, H\u00f6henarbeiter und Rettungskr\u00e4fte.\" \/>\n<meta property=\"og:url\" content=\"https:\/\/bolting.eu\/en\/shop\/kong-big-8-abseilachter\/\" \/>\n<meta property=\"og:site_name\" content=\"bolting.eu\" \/>\n<meta property=\"article:publisher\" content=\"https:\/\/www.facebook.com\/bolting.eu\" \/>\n<meta property=\"article:modified_time\" content=\"2026-04-10T07:29:57+00:00\" \/>\n<meta property=\"og:image\" content=\"https:\/\/bolting.eu\/wp-content\/uploads\/2022\/07\/Kong-Big-8-Abseilachter.jpg\" \/>\n\t<meta property=\"og:image:width\" content=\"700\" \/>\n\t<meta property=\"og:image:height\" content=\"700\" \/>\n\t<meta property=\"og:image:type\" content=\"image\/jpeg\" \/>\n<meta name=\"twitter:card\" content=\"summary_large_image\" \/>\n<meta name=\"twitter:label1\" content=\"Price\" \/>\n\t<meta name=\"twitter:data1\" content=\"&euro;&nbsp;31,50\" \/>\n\t<meta name=\"twitter:label2\" content=\"Availability\" \/>\n\t<meta name=\"twitter:data2\" content=\"In stock\" \/>\n<script type=\"application\/ld+json\" class=\"yoast-schema-graph\">{\"@context\":\"https:\/\/schema.org\",\"@graph\":[{\"@type\":[\"WebPage\",\"ItemPage\"],\"@id\":\"https:\/\/bolting.eu\/en\/shop\/kong-big-8-abseilachter\/\",\"url\":\"https:\/\/bolting.eu\/en\/shop\/kong-big-8-abseilachter\/\",\"name\":\"Kong Big 8 Abseilachter - f\u00fcr 9-16mm Seildurchmesser | bolting.eu\",\"isPartOf\":{\"@id\":\"https:\/\/bolting.eu\/en\/#website\"},\"primaryImageOfPage\":{\"@id\":\"https:\/\/bolting.eu\/en\/shop\/kong-big-8-abseilachter\/#primaryimage\"},\"image\":{\"@id\":\"https:\/\/bolting.eu\/en\/shop\/kong-big-8-abseilachter\/#primaryimage\"},\"thumbnailUrl\":\"https:\/\/bolting.eu\/wp-content\/uploads\/2022\/07\/Kong-Big-8-Abseilachter.jpg\",\"datePublished\":\"2022-07-30T10:30:49+00:00\",\"dateModified\":\"2026-04-10T07:29:57+00:00\",\"description\":\"Hier findest Du den Kong Big 8 Abseilachter. Ein sehr gro\u00dfes Modell f\u00fcr Professionisten wie Bergf\u00fchrer, H\u00f6henarbeiter und Rettungskr\u00e4fte.\",\"breadcrumb\":{\"@id\":\"https:\/\/bolting.eu\/en\/shop\/kong-big-8-abseilachter\/#breadcrumb\"},\"inLanguage\":\"en-US\",\"potentialAction\":[{\"@type\":\"ReadAction\",\"target\":[\"https:\/\/bolting.eu\/en\/shop\/kong-big-8-abseilachter\/\"]}]},{\"@type\":\"ImageObject\",\"inLanguage\":\"en-US\",\"@id\":\"https:\/\/bolting.eu\/en\/shop\/kong-big-8-abseilachter\/#primaryimage\",\"url\":\"https:\/\/bolting.eu\/wp-content\/uploads\/2022\/07\/Kong-Big-8-Abseilachter.jpg\",\"contentUrl\":\"https:\/\/bolting.eu\/wp-content\/uploads\/2022\/07\/Kong-Big-8-Abseilachter.jpg\",\"width\":700,\"height\":700,\"caption\":\"Das Bild zeigt den roten Kong Big 8 Abseilachter stehend in einem wei\u00dfem Quadrat.\"},{\"@type\":\"BreadcrumbList\",\"@id\":\"https:\/\/bolting.eu\/en\/shop\/kong-big-8-abseilachter\/#breadcrumb\",\"itemListElement\":[{\"@type\":\"ListItem\",\"position\":1,\"name\":\"Shop\",\"item\":\"https:\/\/bolting.eu\/en\/shop\/\"},{\"@type\":\"ListItem\",\"position\":2,\"name\":\"climbing equipment\",\"item\":\"https:\/\/bolting.eu\/en\/produkt-kategorie\/climbing-equipment\/\"},{\"@type\":\"ListItem\",\"position\":3,\"name\":\"Sicherungsger\u00e4te Klettern\",\"item\":\"https:\/\/bolting.eu\/produkt-kategorie\/kletterausruestung\/sicherungsgeraete-klettern\/\"},{\"@type\":\"ListItem\",\"position\":4,\"name\":\"Abseilachter\",\"item\":\"https:\/\/bolting.eu\/produkt-kategorie\/kletterausruestung\/sicherungsgeraete-klettern\/abseilachter\/\"},{\"@type\":\"ListItem\",\"position\":5,\"name\":\"Kong Big 8 Abseilachter\"}]},{\"@type\":\"WebSite\",\"@id\":\"https:\/\/bolting.eu\/en\/#website\",\"url\":\"https:\/\/bolting.eu\/en\/\",\"name\":\"bolting.eu\",\"description\":\"we make climbs happen\",\"publisher\":{\"@id\":\"https:\/\/bolting.eu\/en\/#organization\"},\"potentialAction\":[{\"@type\":\"SearchAction\",\"target\":{\"@type\":\"EntryPoint\",\"urlTemplate\":\"https:\/\/bolting.eu\/en\/?s={search_term_string}\"},\"query-input\":{\"@type\":\"PropertyValueSpecification\",\"valueRequired\":true,\"valueName\":\"search_term_string\"}}],\"inLanguage\":\"en-US\"},{\"@type\":[\"Organization\",\"Place\",\"SportingGoodsStore\"],\"@id\":\"https:\/\/bolting.eu\/en\/#organization\",\"name\":\"bolting.eu\",\"url\":\"https:\/\/bolting.eu\/en\/\",\"logo\":{\"@id\":\"https:\/\/bolting.eu\/en\/shop\/kong-big-8-abseilachter\/#local-main-organization-logo\"},\"image\":{\"@id\":\"https:\/\/bolting.eu\/en\/shop\/kong-big-8-abseilachter\/#local-main-organization-logo\"},\"sameAs\":[\"https:\/\/www.facebook.com\/bolting.eu\",\"https:\/\/www.instagram.com\/bolting.eu\/\"],\"address\":{\"@id\":\"https:\/\/bolting.eu\/en\/shop\/kong-big-8-abseilachter\/#local-main-place-address\"},\"geo\":{\"@type\":\"GeoCoordinates\",\"latitude\":\"47.264176340396226\",\"longitude\":\"11.380109057672346\"},\"telephone\":[\"+43 699 19083372\"],\"openingHoursSpecification\":[{\"@type\":\"OpeningHoursSpecification\",\"dayOfWeek\":[\"Monday\",\"Wednesday\",\"Friday\"],\"opens\":\"14:00\",\"closes\":\"18:00\"},{\"@type\":\"OpeningHoursSpecification\",\"dayOfWeek\":[\"Tuesday\",\"Thursday\",\"Saturday\",\"Sunday\"],\"opens\":\"00:00\",\"closes\":\"00:00\"}],\"email\":\"office@bolting.eu\",\"vatID\":\"ATU59999728\",\"priceRange\":\"$$\",\"currenciesAccepted\":\"Euro\"},{\"@type\":\"PostalAddress\",\"@id\":\"https:\/\/bolting.eu\/en\/shop\/kong-big-8-abseilachter\/#local-main-place-address\",\"streetAddress\":\"Fischnalerstra\u00dfe 4\",\"addressLocality\":\"Innsbruck\",\"postalCode\":\"6020\",\"addressRegion\":\"Tirol\",\"addressCountry\":\"AT\"},{\"@type\":\"ImageObject\",\"inLanguage\":\"en-US\",\"@id\":\"https:\/\/bolting.eu\/en\/shop\/kong-big-8-abseilachter\/#local-main-organization-logo\",\"url\":\"https:\/\/bolting.eu\/wp-content\/uploads\/2019\/09\/bolting-logo.png\",\"contentUrl\":\"https:\/\/bolting.eu\/wp-content\/uploads\/2019\/09\/bolting-logo.png\",\"width\":400,\"height\":211,\"caption\":\"bolting.eu\"}]}<\/script>\n<meta property=\"product:price:amount\" content=\"31.50\" \/>\n<meta property=\"product:price:currency\" content=\"EUR\" \/>\n<meta property=\"og:availability\" content=\"instock\" \/>\n<meta property=\"product:availability\" content=\"instock\" \/>\n<meta property=\"product:retailer_item_id\" content=\"80506R400KK\" \/>\n<meta property=\"product:condition\" content=\"new\" \/>\n<meta name=\"geo.placename\" content=\"Innsbruck\" \/>\n<meta name=\"geo.position\" content=\"47.264176340396226;11.380109057672346\" \/>\n<meta name=\"geo.region\" content=\"Austria\" \/>\n<!-- \/ Yoast SEO Premium plugin. -->","yoast_head_json":{"title":"Kong Big 8 Abseilachter - f\u00fcr 9-16mm Seildurchmesser | bolting.eu","description":"Hier findest Du den Kong Big 8 Abseilachter. Ein sehr gro\u00dfes Modell f\u00fcr Professionisten wie Bergf\u00fchrer, H\u00f6henarbeiter und Rettungskr\u00e4fte.","robots":{"index":"index","follow":"follow","max-snippet":"max-snippet:-1","max-image-preview":"max-image-preview:large","max-video-preview":"max-video-preview:-1"},"canonical":"https:\/\/bolting.eu\/en\/shop\/kong-big-8-abseilachter\/","og_locale":"en_US","og_type":"article","og_title":"Kong Big 8 Abseilachter","og_description":"Hier findest Du den Kong Big 8 Abseilachter. Ein sehr gro\u00dfes Modell f\u00fcr Professionisten wie Bergf\u00fchrer, H\u00f6henarbeiter und Rettungskr\u00e4fte.","og_url":"https:\/\/bolting.eu\/en\/shop\/kong-big-8-abseilachter\/","og_site_name":"bolting.eu","article_publisher":"https:\/\/www.facebook.com\/bolting.eu","article_modified_time":"2026-04-10T07:29:57+00:00","og_image":[{"width":700,"height":700,"url":"https:\/\/bolting.eu\/wp-content\/uploads\/2022\/07\/Kong-Big-8-Abseilachter.jpg","type":"image\/jpeg"}],"twitter_card":"summary_large_image","twitter_misc":{"Price":"&euro;&nbsp;31,50","Availability":"In stock"},"schema":{"@context":"https:\/\/schema.org","@graph":[{"@type":["WebPage","ItemPage"],"@id":"https:\/\/bolting.eu\/en\/shop\/kong-big-8-abseilachter\/","url":"https:\/\/bolting.eu\/en\/shop\/kong-big-8-abseilachter\/","name":"Kong Big 8 Abseilachter - f\u00fcr 9-16mm Seildurchmesser | bolting.eu","isPartOf":{"@id":"https:\/\/bolting.eu\/en\/#website"},"primaryImageOfPage":{"@id":"https:\/\/bolting.eu\/en\/shop\/kong-big-8-abseilachter\/#primaryimage"},"image":{"@id":"https:\/\/bolting.eu\/en\/shop\/kong-big-8-abseilachter\/#primaryimage"},"thumbnailUrl":"https:\/\/bolting.eu\/wp-content\/uploads\/2022\/07\/Kong-Big-8-Abseilachter.jpg","datePublished":"2022-07-30T10:30:49+00:00","dateModified":"2026-04-10T07:29:57+00:00","description":"Hier findest Du den Kong Big 8 Abseilachter. Ein sehr gro\u00dfes Modell f\u00fcr Professionisten wie Bergf\u00fchrer, H\u00f6henarbeiter und Rettungskr\u00e4fte.","breadcrumb":{"@id":"https:\/\/bolting.eu\/en\/shop\/kong-big-8-abseilachter\/#breadcrumb"},"inLanguage":"en-US","potentialAction":[{"@type":"ReadAction","target":["https:\/\/bolting.eu\/en\/shop\/kong-big-8-abseilachter\/"]}]},{"@type":"ImageObject","inLanguage":"en-US","@id":"https:\/\/bolting.eu\/en\/shop\/kong-big-8-abseilachter\/#primaryimage","url":"https:\/\/bolting.eu\/wp-content\/uploads\/2022\/07\/Kong-Big-8-Abseilachter.jpg","contentUrl":"https:\/\/bolting.eu\/wp-content\/uploads\/2022\/07\/Kong-Big-8-Abseilachter.jpg","width":700,"height":700,"caption":"Das Bild zeigt den roten Kong Big 8 Abseilachter stehend in einem wei\u00dfem Quadrat."},{"@type":"BreadcrumbList","@id":"https:\/\/bolting.eu\/en\/shop\/kong-big-8-abseilachter\/#breadcrumb","itemListElement":[{"@type":"ListItem","position":1,"name":"Shop","item":"https:\/\/bolting.eu\/en\/shop\/"},{"@type":"ListItem","position":2,"name":"climbing equipment","item":"https:\/\/bolting.eu\/en\/produkt-kategorie\/climbing-equipment\/"},{"@type":"ListItem","position":3,"name":"Sicherungsger\u00e4te Klettern","item":"https:\/\/bolting.eu\/produkt-kategorie\/kletterausruestung\/sicherungsgeraete-klettern\/"},{"@type":"ListItem","position":4,"name":"Abseilachter","item":"https:\/\/bolting.eu\/produkt-kategorie\/kletterausruestung\/sicherungsgeraete-klettern\/abseilachter\/"},{"@type":"ListItem","position":5,"name":"Kong Big 8 Abseilachter"}]},{"@type":"WebSite","@id":"https:\/\/bolting.eu\/en\/#website","url":"https:\/\/bolting.eu\/en\/","name":"bolting.eu","description":"we make climbs happen","publisher":{"@id":"https:\/\/bolting.eu\/en\/#organization"},"potentialAction":[{"@type":"SearchAction","target":{"@type":"EntryPoint","urlTemplate":"https:\/\/bolting.eu\/en\/?s={search_term_string}"},"query-input":{"@type":"PropertyValueSpecification","valueRequired":true,"valueName":"search_term_string"}}],"inLanguage":"en-US"},{"@type":["Organization","Place","SportingGoodsStore"],"@id":"https:\/\/bolting.eu\/en\/#organization","name":"bolting.eu","url":"https:\/\/bolting.eu\/en\/","logo":{"@id":"https:\/\/bolting.eu\/en\/shop\/kong-big-8-abseilachter\/#local-main-organization-logo"},"image":{"@id":"https:\/\/bolting.eu\/en\/shop\/kong-big-8-abseilachter\/#local-main-organization-logo"},"sameAs":["https:\/\/www.facebook.com\/bolting.eu","https:\/\/www.instagram.com\/bolting.eu\/"],"address":{"@id":"https:\/\/bolting.eu\/en\/shop\/kong-big-8-abseilachter\/#local-main-place-address"},"geo":{"@type":"GeoCoordinates","latitude":"47.264176340396226","longitude":"11.380109057672346"},"telephone":["+43 699 19083372"],"openingHoursSpecification":[{"@type":"OpeningHoursSpecification","dayOfWeek":["Monday","Wednesday","Friday"],"opens":"14:00","closes":"18:00"},{"@type":"OpeningHoursSpecification","dayOfWeek":["Tuesday","Thursday","Saturday","Sunday"],"opens":"00:00","closes":"00:00"}],"email":"office@bolting.eu","vatID":"ATU59999728","priceRange":"$$","currenciesAccepted":"Euro"},{"@type":"PostalAddress","@id":"https:\/\/bolting.eu\/en\/shop\/kong-big-8-abseilachter\/#local-main-place-address","streetAddress":"Fischnalerstra\u00dfe 4","addressLocality":"Innsbruck","postalCode":"6020","addressRegion":"Tirol","addressCountry":"AT"},{"@type":"ImageObject","inLanguage":"en-US","@id":"https:\/\/bolting.eu\/en\/shop\/kong-big-8-abseilachter\/#local-main-organization-logo","url":"https:\/\/bolting.eu\/wp-content\/uploads\/2019\/09\/bolting-logo.png","contentUrl":"https:\/\/bolting.eu\/wp-content\/uploads\/2019\/09\/bolting-logo.png","width":400,"height":211,"caption":"bolting.eu"}]},"product_price_amount":"31.50","product_price_currency":"EUR","og_availability":"instock","product_availability":"instock","product_retailer_item_id":"80506R400KK","product_condition":"new","geo.placename":"Innsbruck","geo.position":{"lat":"47.264176340396226","long":"11.380109057672346"},"geo.region":"Austria"},"_links":{"self":[{"href":"https:\/\/bolting.eu\/en\/wp-json\/wp\/v2\/product\/12529","targetHints":{"allow":["GET"]}}],"collection":[{"href":"https:\/\/bolting.eu\/en\/wp-json\/wp\/v2\/product"}],"about":[{"href":"https:\/\/bolting.eu\/en\/wp-json\/wp\/v2\/types\/product"}],"replies":[{"embeddable":true,"href":"https:\/\/bolting.eu\/en\/wp-json\/wp\/v2\/comments?post=12529"}],"wp:featuredmedia":[{"embeddable":true,"href":"https:\/\/bolting.eu\/en\/wp-json\/wp\/v2\/media\/12530"}],"wp:attachment":[{"href":"https:\/\/bolting.eu\/en\/wp-json\/wp\/v2\/media?parent=12529"}],"wp:term":[{"taxonomy":"product_brand","embeddable":true,"href":"https:\/\/bolting.eu\/en\/wp-json\/wp\/v2\/product_brand?post=12529"},{"taxonomy":"product_cat","embeddable":true,"href":"https:\/\/bolting.eu\/en\/wp-json\/wp\/v2\/product_cat?post=12529"},{"taxonomy":"product_tag","embeddable":true,"href":"https:\/\/bolting.eu\/en\/wp-json\/wp\/v2\/product_tag?post=12529"}],"curies":[{"name":"wp","href":"https:\/\/api.w.org\/{rel}","templated":true}]}}