{"id":12523,"date":"2022-07-30T12:00:08","date_gmt":"2022-07-30T10:00:08","guid":{"rendered":"https:\/\/bolting.eu\/?post_type=product&#038;p=12523"},"modified":"2026-03-20T18:49:46","modified_gmt":"2026-03-20T17:49:46","slug":"petzl-pirana-club-canyoning-abseilachter","status":"publish","type":"product","link":"https:\/\/bolting.eu\/en\/shop\/petzl-pirana-club-canyoning-abseilachter\/","title":{"rendered":"Petzl Pirana Club &#8211; Canyoning Abseilachter"},"content":{"rendered":"<p>Der Petzl Pirana Club ist ein bedienungsfreundlicher Canyoning Abseilachter. Denn er bietet speziell f\u00fcr Einsteiger und\u00a0 Gruppen drei unterschiedliche Abseilmodi.<\/p>\n<p>Je nach Seilverlauf, kann man damit also die Seilreibung ideal dosieren. Folglich ist dies f\u00fcr unerfahrene Personen eine gro\u00dfe Erleichterung.<\/p>\n<p>Dieser Abseilachter ist sowohl f\u00fcr Rechts- als auch Linksh\u00e4nder geeignet. Zudem erleichtert ein Kunststoffring das Einh\u00e4ngen des Seils. Denn damit fixiert man den <a href=\"https:\/\/bolting.eu\/produkt-kategorie\/kletterausruestung\/kletterkarabiner\/hms-karabiner\/\">HMS Karabiner<\/a> im Abseilger\u00e4t, welches nicht verrutschen kann.<\/p>\n<h2>Eigenschaften Petzl Pirana Club &#8211; Canyoning Abseilachter<\/h2>\n<ul>\n<li>Hersteller: <a href=\"https:\/\/bolting.eu\/produkt-kategorie\/petzl\/\">Petzl<\/a><\/li>\n<li>Material: Aluminium, Kunststoff (TPE)<\/li>\n<li>Gewicht: 90 Gramm<\/li>\n<li>f\u00fcr Seile 8 &#8211; 13mm<\/li>\n<li>Normen: EN 15151-2<\/li>\n<li>3 unterschiedliche Abseilmodi = 3 Bermsstufen<\/li>\n<li>extrem bedienungsfreundlich f\u00fcr Canyoning Einsteiger<\/li>\n<li>Kunststoffring fixiert Karabiner beim Einh\u00e4ngen des Seiles<\/li>\n<li><a href=\"https:\/\/www.petzl.com\/AT\/de\/Betreiber\/Sicherungs--und-Abseilgerate\/PIRANA-CLUB#:~:text=Das%20PDF%20herunterladen%20%3A%20technical%2Dnotice%2DPIRANA%2DCLUB%2D1%20%2D%202.20%20MB\">Bedienungsanleitung<\/a><\/li>\n<\/ul>\n<h3>Bremsmodi vor dem Abseilen w\u00e4hlbar!<\/h3>\n<p>Der Petzl Pirana Club ist vor allem deshalb ein sehr beliebter Canyoning Abseilachter, weil er drei Bremsmodi bietet. Diese sind zudem optisch leicht kontrollierbar, weshalb Schluchtenf\u00fchrer sehr gerne dieses Produkt verwenden.<\/p>\n<p>D.h. je nachdem, welchen Modi man vor dem Abseilen ausw\u00e4hlt, ist die Bremswirkung etwas h\u00f6her oder kleiner. Ein sehr gro\u00dfer Vorteil wenn man es beim Canyoning mit unerfahrenen G\u00e4sten zu tun hat.<\/p>\n<figure id=\"attachment_12526\" aria-describedby=\"caption-attachment-12526\" style=\"width: 800px\" class=\"wp-caption alignnone\"><a href=\"https:\/\/bolting.eu\/wp-content\/uploads\/2022\/07\/Petzl-Pirana-Club-Canyoning-Abseilachter-3.jpg\"><img loading=\"lazy\" decoding=\"async\" class=\"wp-image-12526 size-full\" src=\"https:\/\/bolting.eu\/wp-content\/uploads\/2022\/07\/Petzl-Pirana-Club-Canyoning-Abseilachter-3.jpg\" alt=\"Das Bild zeigt eine schwarz weiss Grafik zun den drei Abseilmodi des Petzl Canyoning Abseilachters.\" width=\"800\" height=\"574\" srcset=\"https:\/\/bolting.eu\/wp-content\/uploads\/2022\/07\/Petzl-Pirana-Club-Canyoning-Abseilachter-3.jpg 800w, https:\/\/bolting.eu\/wp-content\/uploads\/2022\/07\/Petzl-Pirana-Club-Canyoning-Abseilachter-3-510x366.jpg 510w, https:\/\/bolting.eu\/wp-content\/uploads\/2022\/07\/Petzl-Pirana-Club-Canyoning-Abseilachter-3-557x400.jpg 557w, https:\/\/bolting.eu\/wp-content\/uploads\/2022\/07\/Petzl-Pirana-Club-Canyoning-Abseilachter-3-768x551.jpg 768w, https:\/\/bolting.eu\/wp-content\/uploads\/2022\/07\/Petzl-Pirana-Club-Canyoning-Abseilachter-3-600x431.jpg 600w\" sizes=\"auto, (max-width: 800px) 100vw, 800px\" \/><\/a><figcaption id=\"caption-attachment-12526\" class=\"wp-caption-text\">Je nach Seilverlauf bietet dieses Modell 3 unterschiedliche Bremsmodi.<\/figcaption><\/figure>\n<h3>Kunststoffring f\u00fcr die Karabinerfixierung<\/h3>\n<p>Der kleine Kunststoffring beim Petzl Pirana Club ist furchtbar praktisch. Denn er hilft dabei, den <a href=\"https:\/\/bolting.eu\/produkt-kategorie\/kletterausruestung\/kletterkarabiner\/sicherungskarabiner\/\">Sicherungskarabiner<\/a> fest am Canyoning Abseilachter zu fixieren.<\/p>\n<p>Somit kann man den Achter eigentlich niemals verlieren. Denn man kann das Seil einh\u00e4ngen, wenn der Achter schon mit Karabiner am Gurt h\u00e4ngt. Das bleibt dann auch so beim laufenden Ein- und Aush\u00e4ngen.<\/p>\n<figure id=\"attachment_12525\" aria-describedby=\"caption-attachment-12525\" style=\"width: 700px\" class=\"wp-caption alignnone\"><a href=\"https:\/\/bolting.eu\/wp-content\/uploads\/2022\/07\/Petzl-Pirana-Club-Canyoning-Abseilachter-4.jpg\"><img loading=\"lazy\" decoding=\"async\" class=\"wp-image-12525 size-full\" src=\"https:\/\/bolting.eu\/wp-content\/uploads\/2022\/07\/Petzl-Pirana-Club-Canyoning-Abseilachter-4.jpg\" alt=\"Das Bild zeigt eine Grafik zur Installation des Petzl Piana Club Abseilachters.\" width=\"700\" height=\"700\" srcset=\"https:\/\/bolting.eu\/wp-content\/uploads\/2022\/07\/Petzl-Pirana-Club-Canyoning-Abseilachter-4.jpg 700w, https:\/\/bolting.eu\/wp-content\/uploads\/2022\/07\/Petzl-Pirana-Club-Canyoning-Abseilachter-4-100x100.jpg 100w, https:\/\/bolting.eu\/wp-content\/uploads\/2022\/07\/Petzl-Pirana-Club-Canyoning-Abseilachter-4-510x510.jpg 510w, https:\/\/bolting.eu\/wp-content\/uploads\/2022\/07\/Petzl-Pirana-Club-Canyoning-Abseilachter-4-400x400.jpg 400w, https:\/\/bolting.eu\/wp-content\/uploads\/2022\/07\/Petzl-Pirana-Club-Canyoning-Abseilachter-4-280x280.jpg 280w, https:\/\/bolting.eu\/wp-content\/uploads\/2022\/07\/Petzl-Pirana-Club-Canyoning-Abseilachter-4-300x300.jpg 300w, https:\/\/bolting.eu\/wp-content\/uploads\/2022\/07\/Petzl-Pirana-Club-Canyoning-Abseilachter-4-600x600.jpg 600w\" sizes=\"auto, (max-width: 700px) 100vw, 700px\" \/><\/a><figcaption id=\"caption-attachment-12525\" class=\"wp-caption-text\">Der Kunststoffring fixiert den Achter am Karabiner. Somit kann er am Gurt h\u00e4ngen bleiben und das Seil Einh\u00e4ngen wird stark vereinfacht.<\/figcaption><\/figure>\n","protected":false},"excerpt":{"rendered":"<p>Bedienungsfreundlicher Canyoning Abseilachter mit drei Seilmodi = 3 Bremswirkungen. Das Dosieren der Bremswirkung ist ideal f\u00fcr Einsteiger und Gruppen.<\/p>\n<p>Ein Kunststoffring fixiert den Achter am Karabiner. Somit ist das Einh\u00e4ngen des Seils direkt am Gurt leicht m\u00f6glich.<\/p>\n","protected":false},"featured_media":12528,"comment_status":"closed","ping_status":"closed","template":"","meta":[],"product_brand":[],"product_cat":[14249,14447,29,3711,14093],"product_tag":[],"class_list":{"0":"post-12523","1":"product","2":"type-product","3":"status-publish","4":"has-post-thumbnail","6":"product_cat-abseilachter","7":"product_cat-abseilgeraete","8":"product_cat-kletterausruestung","9":"product_cat-sicherungsgeraete-klettern","10":"product_cat-petzl","12":"first","13":"instock","14":"taxable","15":"shipping-taxable","16":"purchasable","17":"product-type-simple"},"yoast_head":"<!-- This site is optimized with the Yoast SEO Premium plugin v26.9 (Yoast SEO v26.9) - https:\/\/yoast.com\/product\/yoast-seo-premium-wordpress\/ -->\n<title>Petzl Pirana Club - Canyoning Abseilachter | bolting.eu<\/title>\n<meta name=\"description\" content=\"Hier findest Du den PETZL PIRANA CLUB - CANYONING ABSEILACHTER. Ein bedienungsfreundliches Modell mit 3 Bremsmodi f\u00fcr Einsteiger!\" \/>\n<meta name=\"robots\" content=\"index, follow, max-snippet:-1, max-image-preview:large, max-video-preview:-1\" \/>\n<link rel=\"canonical\" href=\"https:\/\/bolting.eu\/en\/shop\/petzl-pirana-club-canyoning-abseilachter\/\" \/>\n<meta property=\"og:locale\" content=\"en_US\" \/>\n<meta property=\"og:type\" content=\"article\" \/>\n<meta property=\"og:title\" content=\"Petzl Pirana Club - Canyoning Abseilachter\" \/>\n<meta property=\"og:description\" content=\"Hier findest Du den PETZL PIRANA CLUB - CANYONING ABSEILACHTER. Ein bedienungsfreundliches Modell mit 3 Bremsmodi f\u00fcr Einsteiger!\" \/>\n<meta property=\"og:url\" content=\"https:\/\/bolting.eu\/en\/shop\/petzl-pirana-club-canyoning-abseilachter\/\" \/>\n<meta property=\"og:site_name\" content=\"bolting.eu\" \/>\n<meta property=\"article:publisher\" content=\"https:\/\/www.facebook.com\/bolting.eu\" \/>\n<meta property=\"article:modified_time\" content=\"2026-03-20T17:49:46+00:00\" \/>\n<meta property=\"og:image\" content=\"https:\/\/bolting.eu\/wp-content\/uploads\/2022\/07\/Petzl-Pirana-Club-Canyoning-ABseilachter-1.jpg\" \/>\n\t<meta property=\"og:image:width\" content=\"700\" \/>\n\t<meta property=\"og:image:height\" content=\"700\" \/>\n\t<meta property=\"og:image:type\" content=\"image\/jpeg\" \/>\n<meta name=\"twitter:card\" content=\"summary_large_image\" \/>\n<meta name=\"twitter:label1\" content=\"Price\" \/>\n\t<meta name=\"twitter:data1\" content=\"&euro;&nbsp;30,00\" \/>\n\t<meta name=\"twitter:label2\" content=\"Availability\" \/>\n\t<meta name=\"twitter:data2\" content=\"In stock\" \/>\n<script type=\"application\/ld+json\" class=\"yoast-schema-graph\">{\"@context\":\"https:\/\/schema.org\",\"@graph\":[{\"@type\":[\"WebPage\",\"ItemPage\"],\"@id\":\"https:\/\/bolting.eu\/en\/shop\/petzl-pirana-club-canyoning-abseilachter\/\",\"url\":\"https:\/\/bolting.eu\/en\/shop\/petzl-pirana-club-canyoning-abseilachter\/\",\"name\":\"Petzl Pirana Club - Canyoning Abseilachter | bolting.eu\",\"isPartOf\":{\"@id\":\"https:\/\/bolting.eu\/en\/#website\"},\"primaryImageOfPage\":{\"@id\":\"https:\/\/bolting.eu\/en\/shop\/petzl-pirana-club-canyoning-abseilachter\/#primaryimage\"},\"image\":{\"@id\":\"https:\/\/bolting.eu\/en\/shop\/petzl-pirana-club-canyoning-abseilachter\/#primaryimage\"},\"thumbnailUrl\":\"https:\/\/bolting.eu\/wp-content\/uploads\/2022\/07\/Petzl-Pirana-Club-Canyoning-ABseilachter-1.jpg\",\"datePublished\":\"2022-07-30T10:00:08+00:00\",\"dateModified\":\"2026-03-20T17:49:46+00:00\",\"description\":\"Hier findest Du den PETZL PIRANA CLUB - CANYONING ABSEILACHTER. Ein bedienungsfreundliches Modell mit 3 Bremsmodi f\u00fcr Einsteiger!\",\"breadcrumb\":{\"@id\":\"https:\/\/bolting.eu\/en\/shop\/petzl-pirana-club-canyoning-abseilachter\/#breadcrumb\"},\"inLanguage\":\"en-US\",\"potentialAction\":[{\"@type\":\"ReadAction\",\"target\":[\"https:\/\/bolting.eu\/en\/shop\/petzl-pirana-club-canyoning-abseilachter\/\"]}]},{\"@type\":\"ImageObject\",\"inLanguage\":\"en-US\",\"@id\":\"https:\/\/bolting.eu\/en\/shop\/petzl-pirana-club-canyoning-abseilachter\/#primaryimage\",\"url\":\"https:\/\/bolting.eu\/wp-content\/uploads\/2022\/07\/Petzl-Pirana-Club-Canyoning-ABseilachter-1.jpg\",\"contentUrl\":\"https:\/\/bolting.eu\/wp-content\/uploads\/2022\/07\/Petzl-Pirana-Club-Canyoning-ABseilachter-1.jpg\",\"width\":700,\"height\":700,\"caption\":\"Das Bild zeigt den gr\u00fcnen Petzl Piana Club Canyoning Abseilachter auf einem wei\u00dfem Quadrat. Der gro\u00dfe Ring ist oben.\"},{\"@type\":\"BreadcrumbList\",\"@id\":\"https:\/\/bolting.eu\/en\/shop\/petzl-pirana-club-canyoning-abseilachter\/#breadcrumb\",\"itemListElement\":[{\"@type\":\"ListItem\",\"position\":1,\"name\":\"Shop\",\"item\":\"https:\/\/bolting.eu\/en\/shop\/\"},{\"@type\":\"ListItem\",\"position\":2,\"name\":\"climbing equipment\",\"item\":\"https:\/\/bolting.eu\/en\/produkt-kategorie\/climbing-equipment\/\"},{\"@type\":\"ListItem\",\"position\":3,\"name\":\"Sicherungsger\u00e4te Klettern\",\"item\":\"https:\/\/bolting.eu\/produkt-kategorie\/kletterausruestung\/sicherungsgeraete-klettern\/\"},{\"@type\":\"ListItem\",\"position\":4,\"name\":\"Abseilachter\",\"item\":\"https:\/\/bolting.eu\/produkt-kategorie\/kletterausruestung\/sicherungsgeraete-klettern\/abseilachter\/\"},{\"@type\":\"ListItem\",\"position\":5,\"name\":\"Petzl Pirana Club &#8211; Canyoning Abseilachter\"}]},{\"@type\":\"WebSite\",\"@id\":\"https:\/\/bolting.eu\/en\/#website\",\"url\":\"https:\/\/bolting.eu\/en\/\",\"name\":\"bolting.eu\",\"description\":\"we make climbs happen\",\"publisher\":{\"@id\":\"https:\/\/bolting.eu\/en\/#organization\"},\"potentialAction\":[{\"@type\":\"SearchAction\",\"target\":{\"@type\":\"EntryPoint\",\"urlTemplate\":\"https:\/\/bolting.eu\/en\/?s={search_term_string}\"},\"query-input\":{\"@type\":\"PropertyValueSpecification\",\"valueRequired\":true,\"valueName\":\"search_term_string\"}}],\"inLanguage\":\"en-US\"},{\"@type\":[\"Organization\",\"Place\",\"SportingGoodsStore\"],\"@id\":\"https:\/\/bolting.eu\/en\/#organization\",\"name\":\"bolting.eu\",\"url\":\"https:\/\/bolting.eu\/en\/\",\"logo\":{\"@id\":\"https:\/\/bolting.eu\/en\/shop\/petzl-pirana-club-canyoning-abseilachter\/#local-main-organization-logo\"},\"image\":{\"@id\":\"https:\/\/bolting.eu\/en\/shop\/petzl-pirana-club-canyoning-abseilachter\/#local-main-organization-logo\"},\"sameAs\":[\"https:\/\/www.facebook.com\/bolting.eu\",\"https:\/\/www.instagram.com\/bolting.eu\/\"],\"address\":{\"@id\":\"https:\/\/bolting.eu\/en\/shop\/petzl-pirana-club-canyoning-abseilachter\/#local-main-place-address\"},\"geo\":{\"@type\":\"GeoCoordinates\",\"latitude\":\"47.264176340396226\",\"longitude\":\"11.380109057672346\"},\"telephone\":[\"+43 699 19083372\"],\"openingHoursSpecification\":[{\"@type\":\"OpeningHoursSpecification\",\"dayOfWeek\":[\"Monday\",\"Wednesday\",\"Friday\"],\"opens\":\"14:00\",\"closes\":\"18:00\"},{\"@type\":\"OpeningHoursSpecification\",\"dayOfWeek\":[\"Tuesday\",\"Thursday\",\"Saturday\",\"Sunday\"],\"opens\":\"00:00\",\"closes\":\"00:00\"}],\"email\":\"office@bolting.eu\",\"vatID\":\"ATU59999728\",\"priceRange\":\"$$\",\"currenciesAccepted\":\"Euro\"},{\"@type\":\"PostalAddress\",\"@id\":\"https:\/\/bolting.eu\/en\/shop\/petzl-pirana-club-canyoning-abseilachter\/#local-main-place-address\",\"streetAddress\":\"Fischnalerstra\u00dfe 4\",\"addressLocality\":\"Innsbruck\",\"postalCode\":\"6020\",\"addressRegion\":\"Tirol\",\"addressCountry\":\"AT\"},{\"@type\":\"ImageObject\",\"inLanguage\":\"en-US\",\"@id\":\"https:\/\/bolting.eu\/en\/shop\/petzl-pirana-club-canyoning-abseilachter\/#local-main-organization-logo\",\"url\":\"https:\/\/bolting.eu\/wp-content\/uploads\/2019\/09\/bolting-logo.png\",\"contentUrl\":\"https:\/\/bolting.eu\/wp-content\/uploads\/2019\/09\/bolting-logo.png\",\"width\":400,\"height\":211,\"caption\":\"bolting.eu\"}]}<\/script>\n<meta property=\"product:price:amount\" content=\"30.00\" \/>\n<meta property=\"product:price:currency\" content=\"EUR\" \/>\n<meta property=\"og:availability\" content=\"instock\" \/>\n<meta property=\"product:availability\" content=\"instock\" \/>\n<meta property=\"product:retailer_item_id\" content=\"D005BA00\" \/>\n<meta property=\"product:condition\" content=\"new\" \/>\n<meta name=\"geo.placename\" content=\"Innsbruck\" \/>\n<meta name=\"geo.position\" content=\"47.264176340396226;11.380109057672346\" \/>\n<meta name=\"geo.region\" content=\"Austria\" \/>\n<!-- \/ Yoast SEO Premium plugin. -->","yoast_head_json":{"title":"Petzl Pirana Club - Canyoning Abseilachter | bolting.eu","description":"Hier findest Du den PETZL PIRANA CLUB - CANYONING ABSEILACHTER. Ein bedienungsfreundliches Modell mit 3 Bremsmodi f\u00fcr Einsteiger!","robots":{"index":"index","follow":"follow","max-snippet":"max-snippet:-1","max-image-preview":"max-image-preview:large","max-video-preview":"max-video-preview:-1"},"canonical":"https:\/\/bolting.eu\/en\/shop\/petzl-pirana-club-canyoning-abseilachter\/","og_locale":"en_US","og_type":"article","og_title":"Petzl Pirana Club - Canyoning Abseilachter","og_description":"Hier findest Du den PETZL PIRANA CLUB - CANYONING ABSEILACHTER. Ein bedienungsfreundliches Modell mit 3 Bremsmodi f\u00fcr Einsteiger!","og_url":"https:\/\/bolting.eu\/en\/shop\/petzl-pirana-club-canyoning-abseilachter\/","og_site_name":"bolting.eu","article_publisher":"https:\/\/www.facebook.com\/bolting.eu","article_modified_time":"2026-03-20T17:49:46+00:00","og_image":[{"width":700,"height":700,"url":"https:\/\/bolting.eu\/wp-content\/uploads\/2022\/07\/Petzl-Pirana-Club-Canyoning-ABseilachter-1.jpg","type":"image\/jpeg"}],"twitter_card":"summary_large_image","twitter_misc":{"Price":"&euro;&nbsp;30,00","Availability":"In stock"},"schema":{"@context":"https:\/\/schema.org","@graph":[{"@type":["WebPage","ItemPage"],"@id":"https:\/\/bolting.eu\/en\/shop\/petzl-pirana-club-canyoning-abseilachter\/","url":"https:\/\/bolting.eu\/en\/shop\/petzl-pirana-club-canyoning-abseilachter\/","name":"Petzl Pirana Club - Canyoning Abseilachter | bolting.eu","isPartOf":{"@id":"https:\/\/bolting.eu\/en\/#website"},"primaryImageOfPage":{"@id":"https:\/\/bolting.eu\/en\/shop\/petzl-pirana-club-canyoning-abseilachter\/#primaryimage"},"image":{"@id":"https:\/\/bolting.eu\/en\/shop\/petzl-pirana-club-canyoning-abseilachter\/#primaryimage"},"thumbnailUrl":"https:\/\/bolting.eu\/wp-content\/uploads\/2022\/07\/Petzl-Pirana-Club-Canyoning-ABseilachter-1.jpg","datePublished":"2022-07-30T10:00:08+00:00","dateModified":"2026-03-20T17:49:46+00:00","description":"Hier findest Du den PETZL PIRANA CLUB - CANYONING ABSEILACHTER. Ein bedienungsfreundliches Modell mit 3 Bremsmodi f\u00fcr Einsteiger!","breadcrumb":{"@id":"https:\/\/bolting.eu\/en\/shop\/petzl-pirana-club-canyoning-abseilachter\/#breadcrumb"},"inLanguage":"en-US","potentialAction":[{"@type":"ReadAction","target":["https:\/\/bolting.eu\/en\/shop\/petzl-pirana-club-canyoning-abseilachter\/"]}]},{"@type":"ImageObject","inLanguage":"en-US","@id":"https:\/\/bolting.eu\/en\/shop\/petzl-pirana-club-canyoning-abseilachter\/#primaryimage","url":"https:\/\/bolting.eu\/wp-content\/uploads\/2022\/07\/Petzl-Pirana-Club-Canyoning-ABseilachter-1.jpg","contentUrl":"https:\/\/bolting.eu\/wp-content\/uploads\/2022\/07\/Petzl-Pirana-Club-Canyoning-ABseilachter-1.jpg","width":700,"height":700,"caption":"Das Bild zeigt den gr\u00fcnen Petzl Piana Club Canyoning Abseilachter auf einem wei\u00dfem Quadrat. Der gro\u00dfe Ring ist oben."},{"@type":"BreadcrumbList","@id":"https:\/\/bolting.eu\/en\/shop\/petzl-pirana-club-canyoning-abseilachter\/#breadcrumb","itemListElement":[{"@type":"ListItem","position":1,"name":"Shop","item":"https:\/\/bolting.eu\/en\/shop\/"},{"@type":"ListItem","position":2,"name":"climbing equipment","item":"https:\/\/bolting.eu\/en\/produkt-kategorie\/climbing-equipment\/"},{"@type":"ListItem","position":3,"name":"Sicherungsger\u00e4te Klettern","item":"https:\/\/bolting.eu\/produkt-kategorie\/kletterausruestung\/sicherungsgeraete-klettern\/"},{"@type":"ListItem","position":4,"name":"Abseilachter","item":"https:\/\/bolting.eu\/produkt-kategorie\/kletterausruestung\/sicherungsgeraete-klettern\/abseilachter\/"},{"@type":"ListItem","position":5,"name":"Petzl Pirana Club &#8211; Canyoning Abseilachter"}]},{"@type":"WebSite","@id":"https:\/\/bolting.eu\/en\/#website","url":"https:\/\/bolting.eu\/en\/","name":"bolting.eu","description":"we make climbs happen","publisher":{"@id":"https:\/\/bolting.eu\/en\/#organization"},"potentialAction":[{"@type":"SearchAction","target":{"@type":"EntryPoint","urlTemplate":"https:\/\/bolting.eu\/en\/?s={search_term_string}"},"query-input":{"@type":"PropertyValueSpecification","valueRequired":true,"valueName":"search_term_string"}}],"inLanguage":"en-US"},{"@type":["Organization","Place","SportingGoodsStore"],"@id":"https:\/\/bolting.eu\/en\/#organization","name":"bolting.eu","url":"https:\/\/bolting.eu\/en\/","logo":{"@id":"https:\/\/bolting.eu\/en\/shop\/petzl-pirana-club-canyoning-abseilachter\/#local-main-organization-logo"},"image":{"@id":"https:\/\/bolting.eu\/en\/shop\/petzl-pirana-club-canyoning-abseilachter\/#local-main-organization-logo"},"sameAs":["https:\/\/www.facebook.com\/bolting.eu","https:\/\/www.instagram.com\/bolting.eu\/"],"address":{"@id":"https:\/\/bolting.eu\/en\/shop\/petzl-pirana-club-canyoning-abseilachter\/#local-main-place-address"},"geo":{"@type":"GeoCoordinates","latitude":"47.264176340396226","longitude":"11.380109057672346"},"telephone":["+43 699 19083372"],"openingHoursSpecification":[{"@type":"OpeningHoursSpecification","dayOfWeek":["Monday","Wednesday","Friday"],"opens":"14:00","closes":"18:00"},{"@type":"OpeningHoursSpecification","dayOfWeek":["Tuesday","Thursday","Saturday","Sunday"],"opens":"00:00","closes":"00:00"}],"email":"office@bolting.eu","vatID":"ATU59999728","priceRange":"$$","currenciesAccepted":"Euro"},{"@type":"PostalAddress","@id":"https:\/\/bolting.eu\/en\/shop\/petzl-pirana-club-canyoning-abseilachter\/#local-main-place-address","streetAddress":"Fischnalerstra\u00dfe 4","addressLocality":"Innsbruck","postalCode":"6020","addressRegion":"Tirol","addressCountry":"AT"},{"@type":"ImageObject","inLanguage":"en-US","@id":"https:\/\/bolting.eu\/en\/shop\/petzl-pirana-club-canyoning-abseilachter\/#local-main-organization-logo","url":"https:\/\/bolting.eu\/wp-content\/uploads\/2019\/09\/bolting-logo.png","contentUrl":"https:\/\/bolting.eu\/wp-content\/uploads\/2019\/09\/bolting-logo.png","width":400,"height":211,"caption":"bolting.eu"}]},"product_price_amount":"30.00","product_price_currency":"EUR","og_availability":"instock","product_availability":"instock","product_retailer_item_id":"D005BA00","product_condition":"new","geo.placename":"Innsbruck","geo.position":{"lat":"47.264176340396226","long":"11.380109057672346"},"geo.region":"Austria"},"_links":{"self":[{"href":"https:\/\/bolting.eu\/en\/wp-json\/wp\/v2\/product\/12523","targetHints":{"allow":["GET"]}}],"collection":[{"href":"https:\/\/bolting.eu\/en\/wp-json\/wp\/v2\/product"}],"about":[{"href":"https:\/\/bolting.eu\/en\/wp-json\/wp\/v2\/types\/product"}],"replies":[{"embeddable":true,"href":"https:\/\/bolting.eu\/en\/wp-json\/wp\/v2\/comments?post=12523"}],"wp:featuredmedia":[{"embeddable":true,"href":"https:\/\/bolting.eu\/en\/wp-json\/wp\/v2\/media\/12528"}],"wp:attachment":[{"href":"https:\/\/bolting.eu\/en\/wp-json\/wp\/v2\/media?parent=12523"}],"wp:term":[{"taxonomy":"product_brand","embeddable":true,"href":"https:\/\/bolting.eu\/en\/wp-json\/wp\/v2\/product_brand?post=12523"},{"taxonomy":"product_cat","embeddable":true,"href":"https:\/\/bolting.eu\/en\/wp-json\/wp\/v2\/product_cat?post=12523"},{"taxonomy":"product_tag","embeddable":true,"href":"https:\/\/bolting.eu\/en\/wp-json\/wp\/v2\/product_tag?post=12523"}],"curies":[{"name":"wp","href":"https:\/\/api.w.org\/{rel}","templated":true}]}}