{"id":12448,"date":"2022-07-15T17:15:42","date_gmt":"2022-07-15T15:15:42","guid":{"rendered":"https:\/\/bolting.eu\/?post_type=product&#038;p=12448"},"modified":"2026-01-25T17:02:20","modified_gmt":"2026-01-25T16:02:20","slug":"black-diamond-express-ice-screw","status":"publish","type":"product","link":"https:\/\/bolting.eu\/en\/shop\/black-diamond-express-ice-screw\/","title":{"rendered":"Black Diamond Express Ice Screw"},"content":{"rendered":"<p>Die Black Diamond Express Ice Screw ist einer DER Standard Eisschrauben am Markt. Denn dieses Model befindet sich zum einen in der mittleren Preiskategorie.<\/p>\n<p>Und zum anderen hat sich dieses Schraube einen hervorragenden Ruf erarbeitet, was ihr Handling angeht. Hier muss das rasche &#8220;Setzen&#8221; und das leichte Eindrehen ebenso erw\u00e4hnt werden, wie die robuste Ausf\u00fchrung aus Stahl. \u00dcberdies sind die ausklappbaren Kurbeln furchtbar praktisch.<\/p>\n<p>Die BD Express Eisschraube gibt es gleich in vier L\u00e4ngen, die farblich markiert sind.<\/p>\n<ul>\n<li>13cm &#8211; gelb<\/li>\n<li>16cm &#8211; blau<\/li>\n<li>19cm &#8211; grau<\/li>\n<li>22cm &#8211; violett<\/li>\n<\/ul>\n<p>Dieses Produkt ist eine sehr gute Wahl f\u00fcr alle Eiskletterer und Alpinisten, die eine Top Standard Schraube suchen. Wer es wesentlich leichter haben will, sollte die <a href=\"https:\/\/bolting.eu\/shop\/black-diamond-ultralight-ice-screw\/\">BD Ultralight Ice Screw<\/a> ins Auge fassen.<\/p>\n<h2>Eigenschaften Black Diamond Express Ice Screw<\/h2>\n<ul>\n<li>Hersteller: <a href=\"https:\/\/bolting.eu\/produkt-kategorie\/black-diamond\/\">Black Diamond<\/a><\/li>\n<li>Material: Schaft aus Stahl. Lasche aus Edelstahl<\/li>\n<li>Normen: <a href=\"https:\/\/bolting.eu\/en-568-uiaa-151-eisschrauben-norm\/\">EN 568 &#8211; UIAA 151<\/a><\/li>\n<li>Gewicht: 13cm \u2013 138 Gramm, 16cm \u2013 146 Gramm, 19cm \u2013 159 Gramm, 22cm \u2013 175 Gramm<\/li>\n<li>Bruchlast; 10 kN<\/li>\n<li>2 separate Karabiner\u00f6sen<\/li>\n<li>4 Z\u00e4hnen zum raschen \u201eanbei\u00dfen\u201c<\/li>\n<li>ausklappbare Kurbel<\/li>\n<li>Lieferumfang inkl. Kunststoff Strumpf um Schaft bzw. Gummikappe<\/li>\n<li>ideal f\u00fcr Eisklettern<\/li>\n<li><a href=\"https:\/\/blackdiamond-web.cdn.prismic.io\/blackdiamond-web\/59bb7d5c-1e04-4ca7-b2d0-78b758c6934b_M13360_C_REGULATION_Ice_Pro_IS-REF.pdf\" target=\"_blank\" rel=\"noopener\">Bedienungsanleitung<\/a><\/li>\n<\/ul>\n<h3>Vorteile einer Stahl Eisschraube<\/h3>\n<p>Die BD Express Eisschraube besteht aus Stahl. Genau genommen aus Molybd\u00e4n Stahl (Schaft) und Chrom-Stahl a.k.a. Edelstahl (Lasche).<\/p>\n<p>Diese Materialien geben den Schrauben die n\u00f6tige Robustheit die es im Eis braucht. Denn so &#8220;bei\u00dfen&#8221; die Z\u00e4hne beim <a href=\"https:\/\/bolting.eu\/eisschrauben-setzen\/\">Eisschrauben setzen<\/a> nicht nur richtig schnell. Der etwas d\u00fcnnere Schaft l\u00e4sst sich auch super leicht eindrehen.<\/p>\n<p>Weiters bietet dieses Material auch deutliche Vorteile bei der Haltbarkeit. Denn Stahl Eisschrauben k\u00f6nnen einerseits beliebig oft nachgeschliffen werden. Und andererseits sind sie unempfindlicher gegen\u00fcber anderen Ausr\u00fcstungsteilen aus Metall, wie z.B. eure <a href=\"https:\/\/bolting.eu\/produkt-kategorie\/bergsteiger-ausruestung\/eisgeraete\/\">Eisger\u00e4te<\/a>.<\/p>\n<h3>Gleich vier L\u00e4ngen<\/h3>\n<p>Es gibt gleich f\u00fcnf (!) Black Diamond Express Ice Screw Modelle.<\/p>\n<p>Erstens die 13cm langen Modelle f\u00fcr d\u00fcnnes Eis und gewichtsbewusste Kletterer bei l\u00e4ngeren Eisrinnen. Zweitens die 16cm Variante, welche als &#8220;Standard L\u00e4nge&#8221; bezeichnet werden darf.<\/p>\n<p>Drittens gibt es dann die 19cm Variante, die eine gute Standplatz Schraube im Steileis macht. Und viertens die 22cm Variante, die vor allem am Gletscher Sinn macht, wenn der Untergrund nicht gleich hartes Plankeis ist. Zudem empfiehlt sich in jedem Rack eine ganz lange Schraube, um eine <a href=\"https:\/\/bolting.eu\/abalakov-eissanduhr\/\">Abalakov Eissanduhr<\/a> bauen zu k\u00f6nnen.<\/p>\n<h3>BD Express Eisschrauben Pflegetipps<\/h3>\n<p>Wie alle Produkte aus Stahl muss man auch die Pflege im Hinterkopf behalten.<\/p>\n<ul>\n<li>immer gut trocknen<\/li>\n<li>in einer Transporttasche im Rucksack tragen bzw. lagern<\/li>\n<li>regelm\u00e4\u00dfig nachsch\u00e4rfen<\/li>\n<li>nie mit der Spitze auf\u00b4s Eis schlagen<\/li>\n<li>nicht mit der Lasche auf den Fels klopfen<\/li>\n<\/ul>\n<p>Einige Regeln gelten folglich auch f\u00fcr die Eispickel und Eisger\u00e4te von Black Diamond, wie z.B. das <a href=\"https:\/\/bolting.eu\/shop\/black-diamond-reactor-ice-tool\/\">Reactor Ice Tool<\/a> oder das <a href=\"https:\/\/bolting.eu\/shop\/black-diamond-viper-eisgeraet\/\">Viper Eisger\u00e4t<\/a>.<\/p>\n","protected":false},"excerpt":{"rendered":"<p>DIE Standard Eisschraube von Black Diamond aus Stahl. Robust, vielseitig und gleich in 4 L\u00e4ngen erh\u00e4ltlich.<\/p>\n<p>13cm, 16cm, 19cm und 22cm farblich markiert durch einklappbare Kurbel.<\/p>\n<p>&#8220;Bei\u00dft&#8221; sehr schnell und l\u00e4sst sich ganz leicht eindrehen.<\/p>\n","protected":false},"featured_media":12455,"comment_status":"closed","ping_status":"closed","template":"","meta":[],"product_brand":[],"product_cat":[13938,4658,14281],"product_tag":[],"class_list":{"0":"post-12448","1":"product","2":"type-product","3":"status-publish","4":"has-post-thumbnail","6":"product_cat-bergsteiger-ausruestung","7":"product_cat-black-diamond","8":"product_cat-eisschrauben","10":"first","11":"instock","12":"sale","13":"taxable","14":"shipping-taxable","15":"purchasable","16":"product-type-variable"},"yoast_head":"<!-- This site is optimized with the Yoast SEO Premium plugin v26.9 (Yoast SEO v26.9) - https:\/\/yoast.com\/product\/yoast-seo-premium-wordpress\/ -->\n<title>Black Diamond Express Ice Screw - aus Stahl in 5 L\u00e4ngen | bolting.eu<\/title>\n<meta name=\"description\" content=\"Hier findest Du die Black Diamond Express Ice Screw. Eine robuste Eisschraube aus Stahl in 10cm, 13cm, 16cm, 19cm und 22cm L\u00e4nge.\" \/>\n<meta name=\"robots\" content=\"index, follow, max-snippet:-1, max-image-preview:large, max-video-preview:-1\" \/>\n<link rel=\"canonical\" href=\"https:\/\/bolting.eu\/en\/shop\/black-diamond-express-ice-screw\/\" \/>\n<meta property=\"og:locale\" content=\"en_US\" \/>\n<meta property=\"og:type\" content=\"article\" \/>\n<meta property=\"og:title\" content=\"Black Diamond Express Ice Screw\" \/>\n<meta property=\"og:description\" content=\"Hier findest Du die Black Diamond Express Ice Screw. Eine robuste Eisschraube aus Stahl in 10cm, 13cm, 16cm, 19cm und 22cm L\u00e4nge.\" \/>\n<meta property=\"og:url\" content=\"https:\/\/bolting.eu\/en\/shop\/black-diamond-express-ice-screw\/\" \/>\n<meta property=\"og:site_name\" content=\"bolting.eu\" \/>\n<meta property=\"article:publisher\" content=\"https:\/\/www.facebook.com\/bolting.eu\" \/>\n<meta property=\"article:modified_time\" content=\"2026-01-25T16:02:20+00:00\" \/>\n<meta property=\"og:image\" content=\"https:\/\/bolting.eu\/wp-content\/uploads\/2022\/07\/Black-Diamond-Express-Ice-Screw-5.jpg\" \/>\n\t<meta property=\"og:image:width\" content=\"700\" \/>\n\t<meta property=\"og:image:height\" content=\"700\" \/>\n\t<meta property=\"og:image:type\" content=\"image\/jpeg\" \/>\n<meta name=\"twitter:card\" content=\"summary_large_image\" \/>\n<meta name=\"twitter:label1\" content=\"Availability\" \/>\n\t<meta name=\"twitter:data1\" content=\"In stock\" \/>\n<script type=\"application\/ld+json\" class=\"yoast-schema-graph\">{\"@context\":\"https:\/\/schema.org\",\"@graph\":[{\"@type\":[\"WebPage\",\"ItemPage\"],\"@id\":\"https:\/\/bolting.eu\/en\/shop\/black-diamond-express-ice-screw\/\",\"url\":\"https:\/\/bolting.eu\/en\/shop\/black-diamond-express-ice-screw\/\",\"name\":\"Black Diamond Express Ice Screw - aus Stahl in 5 L\u00e4ngen | bolting.eu\",\"isPartOf\":{\"@id\":\"https:\/\/bolting.eu\/en\/#website\"},\"primaryImageOfPage\":{\"@id\":\"https:\/\/bolting.eu\/en\/shop\/black-diamond-express-ice-screw\/#primaryimage\"},\"image\":{\"@id\":\"https:\/\/bolting.eu\/en\/shop\/black-diamond-express-ice-screw\/#primaryimage\"},\"thumbnailUrl\":\"https:\/\/bolting.eu\/wp-content\/uploads\/2022\/07\/Black-Diamond-Express-Ice-Screw-5.jpg\",\"datePublished\":\"2022-07-15T15:15:42+00:00\",\"dateModified\":\"2026-01-25T16:02:20+00:00\",\"description\":\"Hier findest Du die Black Diamond Express Ice Screw. Eine robuste Eisschraube aus Stahl in 10cm, 13cm, 16cm, 19cm und 22cm L\u00e4nge.\",\"breadcrumb\":{\"@id\":\"https:\/\/bolting.eu\/en\/shop\/black-diamond-express-ice-screw\/#breadcrumb\"},\"inLanguage\":\"en-US\",\"potentialAction\":[{\"@type\":\"ReadAction\",\"target\":[\"https:\/\/bolting.eu\/en\/shop\/black-diamond-express-ice-screw\/\"]}]},{\"@type\":\"ImageObject\",\"inLanguage\":\"en-US\",\"@id\":\"https:\/\/bolting.eu\/en\/shop\/black-diamond-express-ice-screw\/#primaryimage\",\"url\":\"https:\/\/bolting.eu\/wp-content\/uploads\/2022\/07\/Black-Diamond-Express-Ice-Screw-5.jpg\",\"contentUrl\":\"https:\/\/bolting.eu\/wp-content\/uploads\/2022\/07\/Black-Diamond-Express-Ice-Screw-5.jpg\",\"width\":700,\"height\":700,\"caption\":\"Das Bild zeigt f\u00fcnf silberne Black Diamond Express Ice Screw Modelle nebeneinander, die Kurbeln sind oben.\"},{\"@type\":\"BreadcrumbList\",\"@id\":\"https:\/\/bolting.eu\/en\/shop\/black-diamond-express-ice-screw\/#breadcrumb\",\"itemListElement\":[{\"@type\":\"ListItem\",\"position\":1,\"name\":\"Shop\",\"item\":\"https:\/\/bolting.eu\/en\/shop\/\"},{\"@type\":\"ListItem\",\"position\":2,\"name\":\"Bergsteiger Ausr\u00fcstung\",\"item\":\"https:\/\/bolting.eu\/produkt-kategorie\/bergsteiger-ausruestung\/\"},{\"@type\":\"ListItem\",\"position\":3,\"name\":\"Eisschrauben\",\"item\":\"https:\/\/bolting.eu\/produkt-kategorie\/bergsteiger-ausruestung\/eisschrauben\/\"},{\"@type\":\"ListItem\",\"position\":4,\"name\":\"Black Diamond Express Ice Screw\"}]},{\"@type\":\"WebSite\",\"@id\":\"https:\/\/bolting.eu\/en\/#website\",\"url\":\"https:\/\/bolting.eu\/en\/\",\"name\":\"bolting.eu\",\"description\":\"we make climbs happen\",\"publisher\":{\"@id\":\"https:\/\/bolting.eu\/en\/#organization\"},\"potentialAction\":[{\"@type\":\"SearchAction\",\"target\":{\"@type\":\"EntryPoint\",\"urlTemplate\":\"https:\/\/bolting.eu\/en\/?s={search_term_string}\"},\"query-input\":{\"@type\":\"PropertyValueSpecification\",\"valueRequired\":true,\"valueName\":\"search_term_string\"}}],\"inLanguage\":\"en-US\"},{\"@type\":[\"Organization\",\"Place\",\"SportingGoodsStore\"],\"@id\":\"https:\/\/bolting.eu\/en\/#organization\",\"name\":\"bolting.eu\",\"url\":\"https:\/\/bolting.eu\/en\/\",\"logo\":{\"@id\":\"https:\/\/bolting.eu\/en\/shop\/black-diamond-express-ice-screw\/#local-main-organization-logo\"},\"image\":{\"@id\":\"https:\/\/bolting.eu\/en\/shop\/black-diamond-express-ice-screw\/#local-main-organization-logo\"},\"sameAs\":[\"https:\/\/www.facebook.com\/bolting.eu\",\"https:\/\/www.instagram.com\/bolting.eu\/\"],\"address\":{\"@id\":\"https:\/\/bolting.eu\/en\/shop\/black-diamond-express-ice-screw\/#local-main-place-address\"},\"geo\":{\"@type\":\"GeoCoordinates\",\"latitude\":\"47.264176340396226\",\"longitude\":\"11.380109057672346\"},\"telephone\":[\"+43 699 19083372\"],\"openingHoursSpecification\":[{\"@type\":\"OpeningHoursSpecification\",\"dayOfWeek\":[\"Monday\",\"Wednesday\",\"Friday\"],\"opens\":\"14:00\",\"closes\":\"18:00\"},{\"@type\":\"OpeningHoursSpecification\",\"dayOfWeek\":[\"Tuesday\",\"Thursday\",\"Saturday\",\"Sunday\"],\"opens\":\"00:00\",\"closes\":\"00:00\"}],\"email\":\"office@bolting.eu\",\"vatID\":\"ATU59999728\",\"priceRange\":\"$$\",\"currenciesAccepted\":\"Euro\"},{\"@type\":\"PostalAddress\",\"@id\":\"https:\/\/bolting.eu\/en\/shop\/black-diamond-express-ice-screw\/#local-main-place-address\",\"streetAddress\":\"Fischnalerstra\u00dfe 4\",\"addressLocality\":\"Innsbruck\",\"postalCode\":\"6020\",\"addressRegion\":\"Tirol\",\"addressCountry\":\"AT\"},{\"@type\":\"ImageObject\",\"inLanguage\":\"en-US\",\"@id\":\"https:\/\/bolting.eu\/en\/shop\/black-diamond-express-ice-screw\/#local-main-organization-logo\",\"url\":\"https:\/\/bolting.eu\/wp-content\/uploads\/2019\/09\/bolting-logo.png\",\"contentUrl\":\"https:\/\/bolting.eu\/wp-content\/uploads\/2019\/09\/bolting-logo.png\",\"width\":400,\"height\":211,\"caption\":\"bolting.eu\"}]}<\/script>\n<meta property=\"og:availability\" content=\"instock\" \/>\n<meta property=\"product:availability\" content=\"instock\" \/>\n<meta property=\"product:condition\" content=\"new\" \/>\n<meta name=\"geo.placename\" content=\"Innsbruck\" \/>\n<meta name=\"geo.position\" content=\"47.264176340396226;11.380109057672346\" \/>\n<meta name=\"geo.region\" content=\"Austria\" \/>\n<!-- \/ Yoast SEO Premium plugin. -->","yoast_head_json":{"title":"Black Diamond Express Ice Screw - aus Stahl in 5 L\u00e4ngen | bolting.eu","description":"Hier findest Du die Black Diamond Express Ice Screw. Eine robuste Eisschraube aus Stahl in 10cm, 13cm, 16cm, 19cm und 22cm L\u00e4nge.","robots":{"index":"index","follow":"follow","max-snippet":"max-snippet:-1","max-image-preview":"max-image-preview:large","max-video-preview":"max-video-preview:-1"},"canonical":"https:\/\/bolting.eu\/en\/shop\/black-diamond-express-ice-screw\/","og_locale":"en_US","og_type":"article","og_title":"Black Diamond Express Ice Screw","og_description":"Hier findest Du die Black Diamond Express Ice Screw. Eine robuste Eisschraube aus Stahl in 10cm, 13cm, 16cm, 19cm und 22cm L\u00e4nge.","og_url":"https:\/\/bolting.eu\/en\/shop\/black-diamond-express-ice-screw\/","og_site_name":"bolting.eu","article_publisher":"https:\/\/www.facebook.com\/bolting.eu","article_modified_time":"2026-01-25T16:02:20+00:00","og_image":[{"width":700,"height":700,"url":"https:\/\/bolting.eu\/wp-content\/uploads\/2022\/07\/Black-Diamond-Express-Ice-Screw-5.jpg","type":"image\/jpeg"}],"twitter_card":"summary_large_image","twitter_misc":{"Availability":"In stock"},"schema":{"@context":"https:\/\/schema.org","@graph":[{"@type":["WebPage","ItemPage"],"@id":"https:\/\/bolting.eu\/en\/shop\/black-diamond-express-ice-screw\/","url":"https:\/\/bolting.eu\/en\/shop\/black-diamond-express-ice-screw\/","name":"Black Diamond Express Ice Screw - aus Stahl in 5 L\u00e4ngen | bolting.eu","isPartOf":{"@id":"https:\/\/bolting.eu\/en\/#website"},"primaryImageOfPage":{"@id":"https:\/\/bolting.eu\/en\/shop\/black-diamond-express-ice-screw\/#primaryimage"},"image":{"@id":"https:\/\/bolting.eu\/en\/shop\/black-diamond-express-ice-screw\/#primaryimage"},"thumbnailUrl":"https:\/\/bolting.eu\/wp-content\/uploads\/2022\/07\/Black-Diamond-Express-Ice-Screw-5.jpg","datePublished":"2022-07-15T15:15:42+00:00","dateModified":"2026-01-25T16:02:20+00:00","description":"Hier findest Du die Black Diamond Express Ice Screw. Eine robuste Eisschraube aus Stahl in 10cm, 13cm, 16cm, 19cm und 22cm L\u00e4nge.","breadcrumb":{"@id":"https:\/\/bolting.eu\/en\/shop\/black-diamond-express-ice-screw\/#breadcrumb"},"inLanguage":"en-US","potentialAction":[{"@type":"ReadAction","target":["https:\/\/bolting.eu\/en\/shop\/black-diamond-express-ice-screw\/"]}]},{"@type":"ImageObject","inLanguage":"en-US","@id":"https:\/\/bolting.eu\/en\/shop\/black-diamond-express-ice-screw\/#primaryimage","url":"https:\/\/bolting.eu\/wp-content\/uploads\/2022\/07\/Black-Diamond-Express-Ice-Screw-5.jpg","contentUrl":"https:\/\/bolting.eu\/wp-content\/uploads\/2022\/07\/Black-Diamond-Express-Ice-Screw-5.jpg","width":700,"height":700,"caption":"Das Bild zeigt f\u00fcnf silberne Black Diamond Express Ice Screw Modelle nebeneinander, die Kurbeln sind oben."},{"@type":"BreadcrumbList","@id":"https:\/\/bolting.eu\/en\/shop\/black-diamond-express-ice-screw\/#breadcrumb","itemListElement":[{"@type":"ListItem","position":1,"name":"Shop","item":"https:\/\/bolting.eu\/en\/shop\/"},{"@type":"ListItem","position":2,"name":"Bergsteiger Ausr\u00fcstung","item":"https:\/\/bolting.eu\/produkt-kategorie\/bergsteiger-ausruestung\/"},{"@type":"ListItem","position":3,"name":"Eisschrauben","item":"https:\/\/bolting.eu\/produkt-kategorie\/bergsteiger-ausruestung\/eisschrauben\/"},{"@type":"ListItem","position":4,"name":"Black Diamond Express Ice Screw"}]},{"@type":"WebSite","@id":"https:\/\/bolting.eu\/en\/#website","url":"https:\/\/bolting.eu\/en\/","name":"bolting.eu","description":"we make climbs happen","publisher":{"@id":"https:\/\/bolting.eu\/en\/#organization"},"potentialAction":[{"@type":"SearchAction","target":{"@type":"EntryPoint","urlTemplate":"https:\/\/bolting.eu\/en\/?s={search_term_string}"},"query-input":{"@type":"PropertyValueSpecification","valueRequired":true,"valueName":"search_term_string"}}],"inLanguage":"en-US"},{"@type":["Organization","Place","SportingGoodsStore"],"@id":"https:\/\/bolting.eu\/en\/#organization","name":"bolting.eu","url":"https:\/\/bolting.eu\/en\/","logo":{"@id":"https:\/\/bolting.eu\/en\/shop\/black-diamond-express-ice-screw\/#local-main-organization-logo"},"image":{"@id":"https:\/\/bolting.eu\/en\/shop\/black-diamond-express-ice-screw\/#local-main-organization-logo"},"sameAs":["https:\/\/www.facebook.com\/bolting.eu","https:\/\/www.instagram.com\/bolting.eu\/"],"address":{"@id":"https:\/\/bolting.eu\/en\/shop\/black-diamond-express-ice-screw\/#local-main-place-address"},"geo":{"@type":"GeoCoordinates","latitude":"47.264176340396226","longitude":"11.380109057672346"},"telephone":["+43 699 19083372"],"openingHoursSpecification":[{"@type":"OpeningHoursSpecification","dayOfWeek":["Monday","Wednesday","Friday"],"opens":"14:00","closes":"18:00"},{"@type":"OpeningHoursSpecification","dayOfWeek":["Tuesday","Thursday","Saturday","Sunday"],"opens":"00:00","closes":"00:00"}],"email":"office@bolting.eu","vatID":"ATU59999728","priceRange":"$$","currenciesAccepted":"Euro"},{"@type":"PostalAddress","@id":"https:\/\/bolting.eu\/en\/shop\/black-diamond-express-ice-screw\/#local-main-place-address","streetAddress":"Fischnalerstra\u00dfe 4","addressLocality":"Innsbruck","postalCode":"6020","addressRegion":"Tirol","addressCountry":"AT"},{"@type":"ImageObject","inLanguage":"en-US","@id":"https:\/\/bolting.eu\/en\/shop\/black-diamond-express-ice-screw\/#local-main-organization-logo","url":"https:\/\/bolting.eu\/wp-content\/uploads\/2019\/09\/bolting-logo.png","contentUrl":"https:\/\/bolting.eu\/wp-content\/uploads\/2019\/09\/bolting-logo.png","width":400,"height":211,"caption":"bolting.eu"}]},"og_availability":"instock","product_availability":"instock","product_condition":"new","geo.placename":"Innsbruck","geo.position":{"lat":"47.264176340396226","long":"11.380109057672346"},"geo.region":"Austria"},"_links":{"self":[{"href":"https:\/\/bolting.eu\/en\/wp-json\/wp\/v2\/product\/12448","targetHints":{"allow":["GET"]}}],"collection":[{"href":"https:\/\/bolting.eu\/en\/wp-json\/wp\/v2\/product"}],"about":[{"href":"https:\/\/bolting.eu\/en\/wp-json\/wp\/v2\/types\/product"}],"replies":[{"embeddable":true,"href":"https:\/\/bolting.eu\/en\/wp-json\/wp\/v2\/comments?post=12448"}],"wp:featuredmedia":[{"embeddable":true,"href":"https:\/\/bolting.eu\/en\/wp-json\/wp\/v2\/media\/12455"}],"wp:attachment":[{"href":"https:\/\/bolting.eu\/en\/wp-json\/wp\/v2\/media?parent=12448"}],"wp:term":[{"taxonomy":"product_brand","embeddable":true,"href":"https:\/\/bolting.eu\/en\/wp-json\/wp\/v2\/product_brand?post=12448"},{"taxonomy":"product_cat","embeddable":true,"href":"https:\/\/bolting.eu\/en\/wp-json\/wp\/v2\/product_cat?post=12448"},{"taxonomy":"product_tag","embeddable":true,"href":"https:\/\/bolting.eu\/en\/wp-json\/wp\/v2\/product_tag?post=12448"}],"curies":[{"name":"wp","href":"https:\/\/api.w.org\/{rel}","templated":true}]}}