{"id":12438,"date":"2022-07-15T16:18:03","date_gmt":"2022-07-15T14:18:03","guid":{"rendered":"https:\/\/bolting.eu\/?post_type=product&#038;p=12438"},"modified":"2026-04-28T08:26:17","modified_gmt":"2026-04-28T06:26:17","slug":"black-diamond-ultralight-ice-screw","status":"publish","type":"product","link":"https:\/\/bolting.eu\/en\/shop\/black-diamond-ultralight-ice-screw\/","title":{"rendered":"Black Diamond Ultralight Ice Screw"},"content":{"rendered":"<p>Die Black Diamond Ultralight Ice Screw ist eine ganz besonders leichte <a href=\"https:\/\/bolting.eu\/produkt-kategorie\/bergsteiger-ausruestung\/eisschrauben\/\">Eisschraube<\/a>. Denn sie besteht, bis auf die Spitze mit vier Z\u00e4hnen, zur G\u00e4nze aus Aluminium.<\/p>\n<p>Folglich ist dieses Modell ideal f\u00fcr alle Unternehmungen, bei denen es auf geringes Gewicht ankommt. Wie z.B. alpine Nordw\u00e4nde, Expeditionen oder laaaaange Hochtouren. \u00dcberdies k\u00f6nnen die ultraleichten Eisschrauben, wie leichte Steigeisen oder <a href=\"https:\/\/bolting.eu\/produkt-kategorie\/kletterausruestung\/expressschlingen\/\">Expressen<\/a>, auch beim Eisklettern von gro\u00dfem Vorteil sein.<\/p>\n<p>Ein absolutes High End Produkt!<\/p>\n<h2>Eigenschaften Ultralight Ice Screw<\/h2>\n<ul>\n<li>Hersteller: <a href=\"https:\/\/bolting.eu\/produkt-kategorie\/black-diamond\/\">Black Diamond<\/a><\/li>\n<li>Material: Alu, Spitze aus Edelstahl<\/li>\n<li>Normen: <a href=\"https:\/\/bolting.eu\/en-568-uiaa-151-eisschrauben-norm\/\">EN 568 &#8211; UIAA 151<\/a><\/li>\n<li>Gewicht: 13cm &#8211; 74 Gramm, 16cm &#8211; 81 Gramm, 19cm &#8211; 89 Gramm, 22cm &#8211; 96 Gramm<\/li>\n<li>Bruchlast; 10 kN<\/li>\n<li>2 separate Karabiner\u00f6sen<\/li>\n<li>4 Z\u00e4hnen zum raschen &#8220;anbei\u00dfen&#8221;<\/li>\n<li>Kurbel mit Drahtschnapper Vorrichtung &#8220;einklappbar&#8221;<\/li>\n<li>vier Z\u00e4hne<\/li>\n<li>Lieferumfang inkl. Kunststoff Strumpf um Schaft bzw. Gummikappe<\/li>\n<li>ideal f\u00fcr lange Unternehmungen bzw. wo jedes Gramm z\u00e4hlt<\/li>\n<li><a href=\"https:\/\/blackdiamond-web.cdn.prismic.io\/blackdiamond-web\/59bb7d5c-1e04-4ca7-b2d0-78b758c6934b_M13360_C_REGULATION_Ice_Pro_IS-REF.pdf\" target=\"_blank\" rel=\"noopener\">Bedienungsanleitung<\/a><\/li>\n<\/ul>\n<h3>Modell\u00fcbersicht BD Ultraleicht Eisschrauben<\/h3>\n<table style=\"border-collapse: collapse; width: 260pt;\" border=\"0\" width=\"348\" cellspacing=\"0\" cellpadding=\"0\">\n<tbody>\n<tr style=\"height: 16.0pt;\">\n<td class=\"xl63\" style=\"height: 16pt; width: 260pt; text-align: center;\" colspan=\"4\" width=\"348\" height=\"21\"><strong><span style=\"font-size: 120%;\">\u00dcbersicht BD Ultralight Ice Screw<\/span><\/strong><\/td>\n<\/tr>\n<tr style=\"height: 16.0pt;\">\n<td class=\"xl64\" style=\"height: 16pt; border-top: none; text-align: center;\" height=\"21\"><strong>L\u00e4nge<\/strong><\/td>\n<td class=\"xl64\" style=\"border-top: none; border-left: none; text-align: center;\"><strong>Gewicht<\/strong><\/td>\n<td class=\"xl64\" style=\"border-top: none; border-left: none; text-align: center;\"><strong>Farbe<\/strong><\/td>\n<td class=\"xl64\" style=\"border-top: none; border-left: none; text-align: center;\"><strong>Bruchlast<\/strong><\/td>\n<\/tr>\n<tr style=\"height: 16.0pt;\">\n<td class=\"xl64\" style=\"height: 16pt; border-top: none; text-align: center;\" height=\"21\">13cm<\/td>\n<td class=\"xl64\" style=\"border-top: none; border-left: none; text-align: center;\">74 Gramm<\/td>\n<td class=\"xl64\" style=\"border-top: none; border-left: none; text-align: center;\">gelb<\/td>\n<td class=\"xl64\" style=\"border-top: none; border-left: none; text-align: center;\">10kN<\/td>\n<\/tr>\n<tr style=\"height: 16.0pt;\">\n<td class=\"xl64\" style=\"height: 16pt; border-top: none; text-align: center;\" height=\"21\">16cm<\/td>\n<td class=\"xl64\" style=\"border-top: none; border-left: none; text-align: center;\">81 Gramm<\/td>\n<td class=\"xl64\" style=\"border-top: none; border-left: none; text-align: center;\">blau<\/td>\n<td class=\"xl64\" style=\"border-top: none; border-left: none; text-align: center;\">10kN<\/td>\n<\/tr>\n<tr style=\"height: 16.0pt;\">\n<td class=\"xl64\" style=\"height: 16pt; border-top: none; text-align: center;\" height=\"21\">19cm<\/td>\n<td class=\"xl64\" style=\"border-top: none; border-left: none; text-align: center;\">89 Gramm<\/td>\n<td class=\"xl64\" style=\"border-top: none; border-left: none; text-align: center;\">grau<\/td>\n<td class=\"xl64\" style=\"border-top: none; border-left: none; text-align: center;\">10kN<\/td>\n<\/tr>\n<tr style=\"height: 16.0pt;\">\n<td class=\"xl64\" style=\"height: 16pt; border-top: none; text-align: center;\" height=\"21\">22cm<\/td>\n<td class=\"xl64\" style=\"border-top: none; border-left: none; text-align: center;\">96 Gramm<\/td>\n<td class=\"xl64\" style=\"border-top: none; border-left: none; text-align: center;\">violett<\/td>\n<td class=\"xl64\" style=\"border-top: none; border-left: none; text-align: center;\">10kN<\/td>\n<\/tr>\n<\/tbody>\n<\/table>\n<h3>Produktvideo<\/h3>\n<p>Im Folgenden stellt euch BD seine Schrauben selber vor:<\/p>\n<p>&nbsp;<\/p>\n<p><iframe loading=\"lazy\" title=\"The Black Diamond Ultralight Ice Screw\" width=\"1020\" height=\"574\" src=\"https:\/\/www.youtube.com\/embed\/elK99tidYUM?feature=oembed\" frameborder=\"0\" allow=\"accelerometer; autoplay; clipboard-write; encrypted-media; gyroscope; picture-in-picture; web-share\" allowfullscreen><\/iframe><\/p>\n<p>&nbsp;<\/p>\n<h3>40% weniger Gewicht als Express Modell<\/h3>\n<p>Die Ultralight Ice Screw von Black Diamond hat ganze 40% weniger Gewicht als das Standard Modell. Denn das Express Modell ist zur G\u00e4nze aus Stahl.<\/p>\n<p>Erstaunlich, was alleine die Auswahl des Werkstoffs f\u00fcr\u00b4s Gewicht bedeutet. Dadurch kann man z.B. gerne auch immer eine lange Schraube mitnehmen, um eine <a href=\"https:\/\/bolting.eu\/abalakov-eissanduhr\/\">Abakalov Eissanduhr<\/a> bauen zu k\u00f6nnen. Das Gewicht wird zweitrangig.<\/p>\n<p>Durch das weichere Alu sollte man deshalb aber beim Handlich aufpassen. Diese Dinge nie machen:<\/p>\n<ul>\n<li>mit der Spitze gegen das Eis schlagen<\/li>\n<li>mit der Lasche gegen den Fels schlagen<\/li>\n<li>die Schrauben im Rucksack ungesch\u00fctzt neben Ausr\u00fcstung aus Metall packen, wie z.B. Steigeisen oder <a href=\"https:\/\/bolting.eu\/produkt-kategorie\/kletterausruestung\/klemmgeraete-friends\/\">Friends &#8211; Klemmger\u00e4te<\/a><\/li>\n<li>\u00fcber der Heizung oder Herd trocknen<\/li>\n<\/ul>\n<h3>Trocknen bzw. trocken lagern<\/h3>\n<p>Bevor ihr die Ultralight Ice Screws einlagert, vergewissert euch. Sind sie sch\u00f6n trocken?<\/p>\n<p>Denn wie alle Ausr\u00fcstungsgegenst\u00e4nde aus Metall, rosten sie leichter wenn sie feucht sind. Das gilt folglich auch f\u00fcr die <a href=\"https:\/\/bolting.eu\/produkt-kategorie\/bergsteiger-ausruestung\/eisgeraete\/\">Eisger\u00e4te<\/a> wie das <a href=\"https:\/\/bolting.eu\/shop\/black-diamond-reactor-ice-tool\/\">BD Reactor Ice Tool<\/a>, das <a href=\"https:\/\/bolting.eu\/shop\/black-diamond-fuel-ice-tool\/\">Fuel Eisger\u00e4t<\/a> oder das <a href=\"https:\/\/bolting.eu\/shop\/black-diamond-viper-eisgeraet\/\">Viper Eisger\u00e4t<\/a>.<\/p>\n<p>Also immer sch\u00f6n trocknen und dann auch an einem trockenen Ort einlagern.<\/p>\n<p>Zu gro\u00dfe Hitze m\u00f6gen die Schrauben auch nicht. Wer ihnen zu oft sehr hei\u00df &#8211; sehr kalt einschenkt, kann Probleme mit der Festigkeit der Stahl Spitze bekommen. Wie z.B.dem Trocknen \u00fcber einem Herd oder auf einer Heizung.<\/p>\n","protected":false},"excerpt":{"rendered":"<p>Top Produkt der BD Eisschrauben, mit geringstem Gewicht.<\/p>\n<p>Erh\u00e4ltlich in 13cm, 16cm, 19cm und 22cm ist dieses Produkt ideal f\u00fcr lange Unternehmungen, bei denen jedes Gramm z\u00e4hlt.<\/p>\n<p>Schaft und Lasche aus Alu, Spitze aus Edelstahl.<\/p>\n<p>Versandkostenfrei bis 2kg in <img decoding=\"async\" class=\"emoji\" role=\"img\" draggable=\"false\" src=\"https:\/\/s.w.org\/images\/core\/emoji\/14.0.0\/svg\/1f1e6-1f1f9.svg\" alt=\"\ud83c\udde6\ud83c\uddf9\" \/> ab \u20ac 100,- und <img decoding=\"async\" class=\"emoji\" role=\"img\" draggable=\"false\" src=\"https:\/\/s.w.org\/images\/core\/emoji\/14.0.0\/svg\/1f1e9-1f1ea.svg\" alt=\"\ud83c\udde9\ud83c\uddea\" \/> ab \u20ac 200,-!<\/p>\n","protected":false},"featured_media":12442,"comment_status":"closed","ping_status":"closed","template":"","meta":[],"product_brand":[],"product_cat":[14281,4658,13938],"product_tag":[],"class_list":{"0":"post-12438","1":"product","2":"type-product","3":"status-publish","4":"has-post-thumbnail","6":"product_cat-eisschrauben","7":"product_cat-black-diamond","8":"product_cat-bergsteiger-ausruestung","10":"first","11":"instock","12":"sale","13":"taxable","14":"shipping-taxable","15":"purchasable","16":"product-type-variable"},"yoast_head":"<!-- This site is optimized with the Yoast SEO Premium plugin v26.9 (Yoast SEO v26.9) - https:\/\/yoast.com\/product\/yoast-seo-premium-wordpress\/ -->\n<title>Black Diamond Ultralight Ice Screw g\u00fcnstig online kaufen | bolting.eu<\/title>\n<meta name=\"description\" content=\"BLACK DIAMOND ULTRALIGHT ICE SCREW beim Kletter Hardwareprofi aus Innsbruck kaufen \u2705 kostenloser Versand* \u2705 14 Tage R\u00fcckgaberecht \u2705 Co2 neutraler Versand\" \/>\n<meta name=\"robots\" content=\"index, follow, max-snippet:-1, max-image-preview:large, max-video-preview:-1\" \/>\n<link rel=\"canonical\" href=\"https:\/\/bolting.eu\/en\/shop\/black-diamond-ultralight-ice-screw\/\" \/>\n<meta property=\"og:locale\" content=\"en_US\" \/>\n<meta property=\"og:type\" content=\"article\" \/>\n<meta property=\"og:title\" content=\"Black Diamond Ultralight Ice Screw\" \/>\n<meta property=\"og:description\" content=\"BLACK DIAMOND ULTRALIGHT ICE SCREW beim Kletter Hardwareprofi aus Innsbruck kaufen \u2705 kostenloser Versand* \u2705 14 Tage R\u00fcckgaberecht \u2705 Co2 neutraler Versand\" \/>\n<meta property=\"og:url\" content=\"https:\/\/bolting.eu\/en\/shop\/black-diamond-ultralight-ice-screw\/\" \/>\n<meta property=\"og:site_name\" content=\"bolting.eu\" \/>\n<meta property=\"article:publisher\" content=\"https:\/\/www.facebook.com\/bolting.eu\" \/>\n<meta property=\"article:modified_time\" content=\"2026-04-28T06:26:17+00:00\" \/>\n<meta property=\"og:image\" content=\"https:\/\/bolting.eu\/wp-content\/uploads\/2022\/07\/Black-Diamond-Ultralight-Ice-Screw-2.jpg\" \/>\n\t<meta property=\"og:image:width\" content=\"700\" \/>\n\t<meta property=\"og:image:height\" content=\"700\" \/>\n\t<meta property=\"og:image:type\" content=\"image\/jpeg\" \/>\n<meta name=\"twitter:card\" content=\"summary_large_image\" \/>\n<meta name=\"twitter:label1\" content=\"Availability\" \/>\n\t<meta name=\"twitter:data1\" content=\"In stock\" \/>\n<script type=\"application\/ld+json\" class=\"yoast-schema-graph\">{\"@context\":\"https:\/\/schema.org\",\"@graph\":[{\"@type\":[\"WebPage\",\"ItemPage\"],\"@id\":\"https:\/\/bolting.eu\/en\/shop\/black-diamond-ultralight-ice-screw\/\",\"url\":\"https:\/\/bolting.eu\/en\/shop\/black-diamond-ultralight-ice-screw\/\",\"name\":\"Black Diamond Ultralight Ice Screw g\u00fcnstig online kaufen | bolting.eu\",\"isPartOf\":{\"@id\":\"https:\/\/bolting.eu\/en\/#website\"},\"primaryImageOfPage\":{\"@id\":\"https:\/\/bolting.eu\/en\/shop\/black-diamond-ultralight-ice-screw\/#primaryimage\"},\"image\":{\"@id\":\"https:\/\/bolting.eu\/en\/shop\/black-diamond-ultralight-ice-screw\/#primaryimage\"},\"thumbnailUrl\":\"https:\/\/bolting.eu\/wp-content\/uploads\/2022\/07\/Black-Diamond-Ultralight-Ice-Screw-2.jpg\",\"datePublished\":\"2022-07-15T14:18:03+00:00\",\"dateModified\":\"2026-04-28T06:26:17+00:00\",\"description\":\"BLACK DIAMOND ULTRALIGHT ICE SCREW beim Kletter Hardwareprofi aus Innsbruck kaufen \u2705 kostenloser Versand* \u2705 14 Tage R\u00fcckgaberecht \u2705 Co2 neutraler Versand\",\"breadcrumb\":{\"@id\":\"https:\/\/bolting.eu\/en\/shop\/black-diamond-ultralight-ice-screw\/#breadcrumb\"},\"inLanguage\":\"en-US\",\"potentialAction\":[{\"@type\":\"ReadAction\",\"target\":[\"https:\/\/bolting.eu\/en\/shop\/black-diamond-ultralight-ice-screw\/\"]}]},{\"@type\":\"ImageObject\",\"inLanguage\":\"en-US\",\"@id\":\"https:\/\/bolting.eu\/en\/shop\/black-diamond-ultralight-ice-screw\/#primaryimage\",\"url\":\"https:\/\/bolting.eu\/wp-content\/uploads\/2022\/07\/Black-Diamond-Ultralight-Ice-Screw-2.jpg\",\"contentUrl\":\"https:\/\/bolting.eu\/wp-content\/uploads\/2022\/07\/Black-Diamond-Ultralight-Ice-Screw-2.jpg\",\"width\":700,\"height\":700,\"caption\":\"Das Bild zeigt die vier gelben Black Diamond Ultralight Ice Screw Modelle mit silberner Lasche und bunten Kurbeln nebeneinender.\"},{\"@type\":\"BreadcrumbList\",\"@id\":\"https:\/\/bolting.eu\/en\/shop\/black-diamond-ultralight-ice-screw\/#breadcrumb\",\"itemListElement\":[{\"@type\":\"ListItem\",\"position\":1,\"name\":\"Shop\",\"item\":\"https:\/\/bolting.eu\/en\/shop\/\"},{\"@type\":\"ListItem\",\"position\":2,\"name\":\"Bergsteiger Ausr\u00fcstung\",\"item\":\"https:\/\/bolting.eu\/produkt-kategorie\/bergsteiger-ausruestung\/\"},{\"@type\":\"ListItem\",\"position\":3,\"name\":\"Eisschrauben\",\"item\":\"https:\/\/bolting.eu\/produkt-kategorie\/bergsteiger-ausruestung\/eisschrauben\/\"},{\"@type\":\"ListItem\",\"position\":4,\"name\":\"Black Diamond Ultralight Ice Screw\"}]},{\"@type\":\"WebSite\",\"@id\":\"https:\/\/bolting.eu\/en\/#website\",\"url\":\"https:\/\/bolting.eu\/en\/\",\"name\":\"bolting.eu\",\"description\":\"we make climbs happen\",\"publisher\":{\"@id\":\"https:\/\/bolting.eu\/en\/#organization\"},\"potentialAction\":[{\"@type\":\"SearchAction\",\"target\":{\"@type\":\"EntryPoint\",\"urlTemplate\":\"https:\/\/bolting.eu\/en\/?s={search_term_string}\"},\"query-input\":{\"@type\":\"PropertyValueSpecification\",\"valueRequired\":true,\"valueName\":\"search_term_string\"}}],\"inLanguage\":\"en-US\"},{\"@type\":[\"Organization\",\"Place\",\"SportingGoodsStore\"],\"@id\":\"https:\/\/bolting.eu\/en\/#organization\",\"name\":\"bolting.eu\",\"url\":\"https:\/\/bolting.eu\/en\/\",\"logo\":{\"@id\":\"https:\/\/bolting.eu\/en\/shop\/black-diamond-ultralight-ice-screw\/#local-main-organization-logo\"},\"image\":{\"@id\":\"https:\/\/bolting.eu\/en\/shop\/black-diamond-ultralight-ice-screw\/#local-main-organization-logo\"},\"sameAs\":[\"https:\/\/www.facebook.com\/bolting.eu\",\"https:\/\/www.instagram.com\/bolting.eu\/\"],\"address\":{\"@id\":\"https:\/\/bolting.eu\/en\/shop\/black-diamond-ultralight-ice-screw\/#local-main-place-address\"},\"geo\":{\"@type\":\"GeoCoordinates\",\"latitude\":\"47.264176340396226\",\"longitude\":\"11.380109057672346\"},\"telephone\":[\"+43 699 19083372\"],\"openingHoursSpecification\":[{\"@type\":\"OpeningHoursSpecification\",\"dayOfWeek\":[\"Monday\",\"Wednesday\",\"Friday\"],\"opens\":\"14:00\",\"closes\":\"18:00\"},{\"@type\":\"OpeningHoursSpecification\",\"dayOfWeek\":[\"Tuesday\",\"Thursday\",\"Saturday\",\"Sunday\"],\"opens\":\"00:00\",\"closes\":\"00:00\"}],\"email\":\"office@bolting.eu\",\"vatID\":\"ATU59999728\",\"priceRange\":\"$$\",\"currenciesAccepted\":\"Euro\"},{\"@type\":\"PostalAddress\",\"@id\":\"https:\/\/bolting.eu\/en\/shop\/black-diamond-ultralight-ice-screw\/#local-main-place-address\",\"streetAddress\":\"Fischnalerstra\u00dfe 4\",\"addressLocality\":\"Innsbruck\",\"postalCode\":\"6020\",\"addressRegion\":\"Tirol\",\"addressCountry\":\"AT\"},{\"@type\":\"ImageObject\",\"inLanguage\":\"en-US\",\"@id\":\"https:\/\/bolting.eu\/en\/shop\/black-diamond-ultralight-ice-screw\/#local-main-organization-logo\",\"url\":\"https:\/\/bolting.eu\/wp-content\/uploads\/2019\/09\/bolting-logo.png\",\"contentUrl\":\"https:\/\/bolting.eu\/wp-content\/uploads\/2019\/09\/bolting-logo.png\",\"width\":400,\"height\":211,\"caption\":\"bolting.eu\"}]}<\/script>\n<meta property=\"og:video\" content=\"https:\/\/www.youtube.com\/embed\/elK99tidYUM\" \/>\n<meta property=\"og:video:type\" content=\"text\/html\" \/>\n<meta property=\"og:video:duration\" content=\"82\" \/>\n<meta property=\"og:video:width\" content=\"480\" \/>\n<meta property=\"og:video:height\" content=\"270\" \/>\n<meta property=\"ya:ovs:adult\" content=\"false\" \/>\n<meta property=\"ya:ovs:upload_date\" content=\"2022-07-15T14:18:03+00:00\" \/>\n<meta property=\"ya:ovs:allow_embed\" content=\"true\" \/>\n<meta property=\"og:availability\" content=\"instock\" \/>\n<meta property=\"product:availability\" content=\"instock\" \/>\n<meta property=\"product:condition\" content=\"new\" \/>\n<meta name=\"geo.placename\" content=\"Innsbruck\" \/>\n<meta name=\"geo.position\" content=\"47.264176340396226;11.380109057672346\" \/>\n<meta name=\"geo.region\" content=\"Austria\" \/>\n<!-- \/ Yoast SEO Premium plugin. -->","yoast_head_json":{"title":"Black Diamond Ultralight Ice Screw g\u00fcnstig online kaufen | bolting.eu","description":"BLACK DIAMOND ULTRALIGHT ICE SCREW beim Kletter Hardwareprofi aus Innsbruck kaufen \u2705 kostenloser Versand* \u2705 14 Tage R\u00fcckgaberecht \u2705 Co2 neutraler Versand","robots":{"index":"index","follow":"follow","max-snippet":"max-snippet:-1","max-image-preview":"max-image-preview:large","max-video-preview":"max-video-preview:-1"},"canonical":"https:\/\/bolting.eu\/en\/shop\/black-diamond-ultralight-ice-screw\/","og_locale":"en_US","og_type":"article","og_title":"Black Diamond Ultralight Ice Screw","og_description":"BLACK DIAMOND ULTRALIGHT ICE SCREW beim Kletter Hardwareprofi aus Innsbruck kaufen \u2705 kostenloser Versand* \u2705 14 Tage R\u00fcckgaberecht \u2705 Co2 neutraler Versand","og_url":"https:\/\/bolting.eu\/en\/shop\/black-diamond-ultralight-ice-screw\/","og_site_name":"bolting.eu","article_publisher":"https:\/\/www.facebook.com\/bolting.eu","article_modified_time":"2026-04-28T06:26:17+00:00","og_image":[{"width":700,"height":700,"url":"https:\/\/bolting.eu\/wp-content\/uploads\/2022\/07\/Black-Diamond-Ultralight-Ice-Screw-2.jpg","type":"image\/jpeg"}],"twitter_card":"summary_large_image","twitter_misc":{"Availability":"In stock"},"schema":{"@context":"https:\/\/schema.org","@graph":[{"@type":["WebPage","ItemPage"],"@id":"https:\/\/bolting.eu\/en\/shop\/black-diamond-ultralight-ice-screw\/","url":"https:\/\/bolting.eu\/en\/shop\/black-diamond-ultralight-ice-screw\/","name":"Black Diamond Ultralight Ice Screw g\u00fcnstig online kaufen | bolting.eu","isPartOf":{"@id":"https:\/\/bolting.eu\/en\/#website"},"primaryImageOfPage":{"@id":"https:\/\/bolting.eu\/en\/shop\/black-diamond-ultralight-ice-screw\/#primaryimage"},"image":{"@id":"https:\/\/bolting.eu\/en\/shop\/black-diamond-ultralight-ice-screw\/#primaryimage"},"thumbnailUrl":"https:\/\/bolting.eu\/wp-content\/uploads\/2022\/07\/Black-Diamond-Ultralight-Ice-Screw-2.jpg","datePublished":"2022-07-15T14:18:03+00:00","dateModified":"2026-04-28T06:26:17+00:00","description":"BLACK DIAMOND ULTRALIGHT ICE SCREW beim Kletter Hardwareprofi aus Innsbruck kaufen \u2705 kostenloser Versand* \u2705 14 Tage R\u00fcckgaberecht \u2705 Co2 neutraler Versand","breadcrumb":{"@id":"https:\/\/bolting.eu\/en\/shop\/black-diamond-ultralight-ice-screw\/#breadcrumb"},"inLanguage":"en-US","potentialAction":[{"@type":"ReadAction","target":["https:\/\/bolting.eu\/en\/shop\/black-diamond-ultralight-ice-screw\/"]}]},{"@type":"ImageObject","inLanguage":"en-US","@id":"https:\/\/bolting.eu\/en\/shop\/black-diamond-ultralight-ice-screw\/#primaryimage","url":"https:\/\/bolting.eu\/wp-content\/uploads\/2022\/07\/Black-Diamond-Ultralight-Ice-Screw-2.jpg","contentUrl":"https:\/\/bolting.eu\/wp-content\/uploads\/2022\/07\/Black-Diamond-Ultralight-Ice-Screw-2.jpg","width":700,"height":700,"caption":"Das Bild zeigt die vier gelben Black Diamond Ultralight Ice Screw Modelle mit silberner Lasche und bunten Kurbeln nebeneinender."},{"@type":"BreadcrumbList","@id":"https:\/\/bolting.eu\/en\/shop\/black-diamond-ultralight-ice-screw\/#breadcrumb","itemListElement":[{"@type":"ListItem","position":1,"name":"Shop","item":"https:\/\/bolting.eu\/en\/shop\/"},{"@type":"ListItem","position":2,"name":"Bergsteiger Ausr\u00fcstung","item":"https:\/\/bolting.eu\/produkt-kategorie\/bergsteiger-ausruestung\/"},{"@type":"ListItem","position":3,"name":"Eisschrauben","item":"https:\/\/bolting.eu\/produkt-kategorie\/bergsteiger-ausruestung\/eisschrauben\/"},{"@type":"ListItem","position":4,"name":"Black Diamond Ultralight Ice Screw"}]},{"@type":"WebSite","@id":"https:\/\/bolting.eu\/en\/#website","url":"https:\/\/bolting.eu\/en\/","name":"bolting.eu","description":"we make climbs happen","publisher":{"@id":"https:\/\/bolting.eu\/en\/#organization"},"potentialAction":[{"@type":"SearchAction","target":{"@type":"EntryPoint","urlTemplate":"https:\/\/bolting.eu\/en\/?s={search_term_string}"},"query-input":{"@type":"PropertyValueSpecification","valueRequired":true,"valueName":"search_term_string"}}],"inLanguage":"en-US"},{"@type":["Organization","Place","SportingGoodsStore"],"@id":"https:\/\/bolting.eu\/en\/#organization","name":"bolting.eu","url":"https:\/\/bolting.eu\/en\/","logo":{"@id":"https:\/\/bolting.eu\/en\/shop\/black-diamond-ultralight-ice-screw\/#local-main-organization-logo"},"image":{"@id":"https:\/\/bolting.eu\/en\/shop\/black-diamond-ultralight-ice-screw\/#local-main-organization-logo"},"sameAs":["https:\/\/www.facebook.com\/bolting.eu","https:\/\/www.instagram.com\/bolting.eu\/"],"address":{"@id":"https:\/\/bolting.eu\/en\/shop\/black-diamond-ultralight-ice-screw\/#local-main-place-address"},"geo":{"@type":"GeoCoordinates","latitude":"47.264176340396226","longitude":"11.380109057672346"},"telephone":["+43 699 19083372"],"openingHoursSpecification":[{"@type":"OpeningHoursSpecification","dayOfWeek":["Monday","Wednesday","Friday"],"opens":"14:00","closes":"18:00"},{"@type":"OpeningHoursSpecification","dayOfWeek":["Tuesday","Thursday","Saturday","Sunday"],"opens":"00:00","closes":"00:00"}],"email":"office@bolting.eu","vatID":"ATU59999728","priceRange":"$$","currenciesAccepted":"Euro"},{"@type":"PostalAddress","@id":"https:\/\/bolting.eu\/en\/shop\/black-diamond-ultralight-ice-screw\/#local-main-place-address","streetAddress":"Fischnalerstra\u00dfe 4","addressLocality":"Innsbruck","postalCode":"6020","addressRegion":"Tirol","addressCountry":"AT"},{"@type":"ImageObject","inLanguage":"en-US","@id":"https:\/\/bolting.eu\/en\/shop\/black-diamond-ultralight-ice-screw\/#local-main-organization-logo","url":"https:\/\/bolting.eu\/wp-content\/uploads\/2019\/09\/bolting-logo.png","contentUrl":"https:\/\/bolting.eu\/wp-content\/uploads\/2019\/09\/bolting-logo.png","width":400,"height":211,"caption":"bolting.eu"}]},"og_video":"https:\/\/www.youtube.com\/embed\/elK99tidYUM","og_video_type":"text\/html","og_video_duration":"82","og_video_width":"480","og_video_height":"270","ya_ovs_adult":"false","ya_ovs_upload_date":"2022-07-15T14:18:03+00:00","ya_ovs_allow_embed":"true","og_availability":"instock","product_availability":"instock","product_condition":"new","geo.placename":"Innsbruck","geo.position":{"lat":"47.264176340396226","long":"11.380109057672346"},"geo.region":"Austria"},"_links":{"self":[{"href":"https:\/\/bolting.eu\/en\/wp-json\/wp\/v2\/product\/12438","targetHints":{"allow":["GET"]}}],"collection":[{"href":"https:\/\/bolting.eu\/en\/wp-json\/wp\/v2\/product"}],"about":[{"href":"https:\/\/bolting.eu\/en\/wp-json\/wp\/v2\/types\/product"}],"replies":[{"embeddable":true,"href":"https:\/\/bolting.eu\/en\/wp-json\/wp\/v2\/comments?post=12438"}],"wp:featuredmedia":[{"embeddable":true,"href":"https:\/\/bolting.eu\/en\/wp-json\/wp\/v2\/media\/12442"}],"wp:attachment":[{"href":"https:\/\/bolting.eu\/en\/wp-json\/wp\/v2\/media?parent=12438"}],"wp:term":[{"taxonomy":"product_brand","embeddable":true,"href":"https:\/\/bolting.eu\/en\/wp-json\/wp\/v2\/product_brand?post=12438"},{"taxonomy":"product_cat","embeddable":true,"href":"https:\/\/bolting.eu\/en\/wp-json\/wp\/v2\/product_cat?post=12438"},{"taxonomy":"product_tag","embeddable":true,"href":"https:\/\/bolting.eu\/en\/wp-json\/wp\/v2\/product_tag?post=12438"}],"curies":[{"name":"wp","href":"https:\/\/api.w.org\/{rel}","templated":true}]}}