{"id":12315,"date":"2022-07-05T15:43:31","date_gmt":"2022-07-05T13:43:31","guid":{"rendered":"https:\/\/bolting.eu\/?post_type=product&#038;p=12315"},"modified":"2026-01-05T13:18:58","modified_gmt":"2026-01-05T12:18:58","slug":"petzl-nano-traxion","status":"publish","type":"product","link":"https:\/\/bolting.eu\/en\/shop\/petzl-nano-traxion\/","title":{"rendered":"Petzl Nano Traxion"},"content":{"rendered":"<p>Die Petzl Nano Traxion ist eine ultraleichte <a href=\"https:\/\/bolting.eu\/produkt-kategorie\/kletterausruestung\/steigklemmen-seilklemmen\/\">Seilklemme<\/a> mit R\u00fccklaufsperre. Denn diese kleine Rolle bringt gerade einmal 53 Gramm auf die Waage.<\/p>\n<p>Folglich ist dieses Produkt f\u00fcr den Einsatz in Rettungssituationen gedacht. Wie z.B. bei Flaschenz\u00fcgen in der Spaltenbergung oder im Fels.<\/p>\n<p>Diese Rolle ist f\u00fcr Seile von 7 &#8211; 11mm geeignet. Zum Einh\u00e4ngen wird ein <a href=\"https:\/\/bolting.eu\/shop\/petzl-smd-screw-lock\/\">Sm\u00b4D Karabiner<\/a> empfohlen. So kann man eine kleine Reepschnur zwischen Karabiner und der <a href=\"https:\/\/bolting.eu\/produkt-kategorie\/kletterausruestung\/seilrollen\/\">Seilrolle<\/a> fixieren, damit sie nicht verloren geht.<\/p>\n<p>Kurzum. Wer am Berg f\u00fcr alle F\u00e4lle vorbereitet sein will, ist hier an der richtigen Stelle.<\/p>\n<h2>Eigenschaften Nano Traxion<\/h2>\n<ul>\n<li>Hersteller: <a href=\"https:\/\/bolting.eu\/produkt-kategorie\/petzl\/\">Petzl<\/a><\/li>\n<li>Material: Alu und Edelstahl<\/li>\n<li>Gewicht: nur 53 Gramm<\/li>\n<li>Normen: EN 567<\/li>\n<li>Seildurchmesser: 7 &#8211; 11mm<\/li>\n<li>Seilscheibe: gekapseltes Kugellager<\/li>\n<li>Wirkungsgrad: 91%<\/li>\n<li>Bruchlast Rolle: 2 x 7,5 kN = 15 kN<\/li>\n<li>Bruchlast Rolle mit R\u00fccklaufsperre: 4 kN<\/li>\n<li>blockiert auch an verschmutzten Seilen<\/li>\n<li>Installationsanleitung eingepr\u00e4gt auf Innenseite der Rolle<\/li>\n<li><a href=\"https:\/\/www.petzldealer.com\/de\/Sport\/Product\/NANO-TRAXION?isB2B=false&amp;l=AT#:~:text=PDF%20runterladen%20%3A%20technical%2Dnotice%2DNANO%2DTRAXION%2D1\">Bedienungsanleitung<\/a><\/li>\n<\/ul>\n<h3>Petzl Modelle in allen Gr\u00f6\u00dfen<\/h3>\n<p>Die Nano Traxion ist die kleinste der drei einfachen Umlenkrollen mit R\u00fccklaufsperre des franz\u00f6sischen Herstellers.<\/p>\n<p>Zum Vergleich das Gewicht der drei Rollen nebeneinander:<\/p>\n<p>Nano: 53 Gramm<br \/>\nMicro: 85 Gramm<br \/>\nPro: 265 Gramm<\/p>\n<p>Mit diesem Modell verf\u00fcgt man eine ultraleichte Option f\u00fcr alpine Abenteuer. Denn 53 Gramm sind wirklich nicht mehr erw\u00e4hnenswert. Daf\u00fcr erh\u00e4lt man im Notfall aber einen perfekten Ausr\u00fcstungsgegenstand, wenn man einen Flaschenzug braucht.<\/p>\n<h3>Was diese Rolle nicht kann!<\/h3>\n<p>Diese Rolle ist nicht f\u00fcr extreme Lasten geeignet, wenn die R\u00fccklaufsperre zum Einsatz kommt.<\/p>\n<p>D.h. beispielsweise beim Haulen von Haulbags, f\u00fcr das Sichern schwerer Lasten, Spannen von <a href=\"https:\/\/bolting.eu\/shop\/halbstatisches-seil-pensum-105mm\/\">halbstatischen Seilen<\/a> bei Flying Foxes, usw.<\/p>\n<h3>Was die Petzl Nano Traxion kann!<\/h3>\n<p>Diese Seilrolle &#8211; Seilklemme mit R\u00fccklaufsperre ist perfekt zum Haulen von kleinen Lasten bei H\u00f6henarbeiten oder beim Kletterroute einbohren.<\/p>\n<p>Ideal ist auch die Verbindung mit dem Beal Genius Bucket bzw. einer Steigklemme wie der <a href=\"https:\/\/bolting.eu\/shop\/petzl-ascension-handsteigklemme\/\">Ascension<\/a> f\u00fcr Routensetzer.<\/p>\n<p>Am Berg spielt die kleine Rolle dann ihre St\u00e4rken wie bereits erw\u00e4hnt bei Rettungsaktionen aus. D.h. Flaschenz\u00fcge f\u00fcr die Spaltenbergung und im Fels.<\/p>\n<p>Unser Tipp! Wie vorgesehen von Petzl mit Reepschnur an einem Sm\u00b4D Karabiner sichern.<\/p>\n<p><a href=\"https:\/\/bolting.eu\/wp-content\/uploads\/2022\/07\/Petzl-Nano-Traxion-1.jpg\"><img loading=\"lazy\" decoding=\"async\" class=\"alignnone wp-image-12319 size-medium\" src=\"https:\/\/bolting.eu\/wp-content\/uploads\/2022\/07\/Petzl-Nano-Traxion-1-400x400.jpg\" alt=\"Das Bild zeigt eine Grafik zur Sicherung einer Seilrolle an einem Karabiner mittels Reepschnur.\" width=\"400\" height=\"400\" srcset=\"https:\/\/bolting.eu\/wp-content\/uploads\/2022\/07\/Petzl-Nano-Traxion-1-400x400.jpg 400w, https:\/\/bolting.eu\/wp-content\/uploads\/2022\/07\/Petzl-Nano-Traxion-1-100x100.jpg 100w, https:\/\/bolting.eu\/wp-content\/uploads\/2022\/07\/Petzl-Nano-Traxion-1-510x510.jpg 510w, https:\/\/bolting.eu\/wp-content\/uploads\/2022\/07\/Petzl-Nano-Traxion-1-280x280.jpg 280w, https:\/\/bolting.eu\/wp-content\/uploads\/2022\/07\/Petzl-Nano-Traxion-1-300x300.jpg 300w, https:\/\/bolting.eu\/wp-content\/uploads\/2022\/07\/Petzl-Nano-Traxion-1-600x600.jpg 600w, https:\/\/bolting.eu\/wp-content\/uploads\/2022\/07\/Petzl-Nano-Traxion-1.jpg 700w\" sizes=\"auto, (max-width: 400px) 100vw, 400px\" \/><\/a><\/p>\n<h4><strong>Auch als Aufstiegshilfe verwendbar<\/strong><\/h4>\n<p>Die Nano Traxion von Petzl kann auch als Aufstiegshilfe verwendet werden. Die folgende Grafik veranschaulicht die richtige Installation und einfache Anwendung.<\/p>\n<p>Auch hier gilt. Eine super Notfall Hilfe wenn man keinen Prusik verwenden will!<\/p>\n<figure id=\"attachment_12320\" aria-describedby=\"caption-attachment-12320\" style=\"width: 677px\" class=\"wp-caption alignnone\"><a href=\"https:\/\/bolting.eu\/wp-content\/uploads\/2022\/07\/Petzl-Nano-Traxion-5.jpg\"><img loading=\"lazy\" decoding=\"async\" class=\"wp-image-12320 size-medium\" src=\"https:\/\/bolting.eu\/wp-content\/uploads\/2022\/07\/Petzl-Nano-Traxion-5-677x400.jpg\" alt=\"Das Bild zeigt eine Grafik zur VErwendung der Petzl Nano Traxion Seilrolle als Aufstiegshilfe.\" width=\"677\" height=\"400\" srcset=\"https:\/\/bolting.eu\/wp-content\/uploads\/2022\/07\/Petzl-Nano-Traxion-5-677x400.jpg 677w, https:\/\/bolting.eu\/wp-content\/uploads\/2022\/07\/Petzl-Nano-Traxion-5-510x302.jpg 510w, https:\/\/bolting.eu\/wp-content\/uploads\/2022\/07\/Petzl-Nano-Traxion-5-768x454.jpg 768w, https:\/\/bolting.eu\/wp-content\/uploads\/2022\/07\/Petzl-Nano-Traxion-5-600x355.jpg 600w, https:\/\/bolting.eu\/wp-content\/uploads\/2022\/07\/Petzl-Nano-Traxion-5.jpg 800w\" sizes=\"auto, (max-width: 677px) 100vw, 677px\" \/><\/a><figcaption id=\"caption-attachment-12320\" class=\"wp-caption-text\">So funktioniert der Aufstieg am Seil mit der Rolle.<\/figcaption><\/figure>\n","protected":false},"excerpt":{"rendered":"<p>Super kleine und leichte Seilrolle &#8211; Seilklemme mit R\u00fccklaufsperre.<\/p>\n<p>Ideal f\u00fcr Alpinisten und H\u00f6henarbeiter. \u00dcberall handy, wo rasch ein Flaschenzug her soll bzw. am Seil aufgestiegen werden soll.<\/p>\n<p>Versandkostenfrei bis 2kg in <img decoding=\"async\" class=\"emoji\" role=\"img\" draggable=\"false\" src=\"https:\/\/s.w.org\/images\/core\/emoji\/13.1.0\/svg\/1f1e6-1f1f9.svg\" alt=\"\ud83c\udde6\ud83c\uddf9\" \/> ab \u20ac 100,- und <img decoding=\"async\" class=\"emoji\" role=\"img\" draggable=\"false\" src=\"https:\/\/s.w.org\/images\/core\/emoji\/13.1.0\/svg\/1f1e9-1f1ea.svg\" alt=\"\ud83c\udde9\ud83c\uddea\" \/> ab \u20ac 200,-!<\/p>\n","protected":false},"featured_media":12318,"comment_status":"open","ping_status":"closed","template":"","meta":[],"product_brand":[],"product_cat":[11051,13938,14093,35,1210,3660,4586],"product_tag":[],"class_list":{"0":"post-12315","1":"product","2":"type-product","3":"status-publish","4":"has-post-thumbnail","6":"product_cat-spaltenbergung","7":"product_cat-bergsteiger-ausruestung","8":"product_cat-petzl","9":"product_cat-einbohr-zubehoer","10":"product_cat-einbohrartikel","11":"product_cat-steigklemmen-seilklemmen","12":"product_cat-seilrollen","14":"first","15":"instock","16":"sale","17":"taxable","18":"shipping-taxable","19":"purchasable","20":"product-type-simple"},"yoast_head":"<!-- This site is optimized with the Yoast SEO Premium plugin v26.9 (Yoast SEO v26.9) - https:\/\/yoast.com\/product\/yoast-seo-premium-wordpress\/ -->\n<title>Petzl Nano Traxion - Seilrolle mit R\u00fccklaufsperre | bolting.eu<\/title>\n<meta name=\"description\" content=\"PETZL NANO TRAXION - ultraleichte Seilrolle mit R\u00fccklaufsperre \u2705 kostenloser Versand* \u2705 14 Tage R\u00fcckgaberecht \u2705 Co2 neutraler Versand\" \/>\n<meta name=\"robots\" content=\"index, follow, max-snippet:-1, max-image-preview:large, max-video-preview:-1\" \/>\n<link rel=\"canonical\" href=\"https:\/\/bolting.eu\/en\/shop\/petzl-nano-traxion\/\" \/>\n<meta property=\"og:locale\" content=\"en_US\" \/>\n<meta property=\"og:type\" content=\"article\" \/>\n<meta property=\"og:title\" content=\"Petzl Nano Traxion\" \/>\n<meta property=\"og:description\" content=\"PETZL NANO TRAXION - ultraleichte Seilrolle mit R\u00fccklaufsperre \u2705 kostenloser Versand* \u2705 14 Tage R\u00fcckgaberecht \u2705 Co2 neutraler Versand\" \/>\n<meta property=\"og:url\" content=\"https:\/\/bolting.eu\/en\/shop\/petzl-nano-traxion\/\" \/>\n<meta property=\"og:site_name\" content=\"bolting.eu\" \/>\n<meta property=\"article:publisher\" content=\"https:\/\/www.facebook.com\/bolting.eu\" \/>\n<meta property=\"article:modified_time\" content=\"2026-01-05T12:18:58+00:00\" \/>\n<meta property=\"og:image\" content=\"https:\/\/bolting.eu\/wp-content\/uploads\/2022\/07\/Petzl-Nano-Traxion-2.jpg\" \/>\n\t<meta property=\"og:image:width\" content=\"700\" \/>\n\t<meta property=\"og:image:height\" content=\"700\" \/>\n\t<meta property=\"og:image:type\" content=\"image\/jpeg\" \/>\n<meta name=\"twitter:card\" content=\"summary_large_image\" \/>\n<meta name=\"twitter:label1\" content=\"Price\" \/>\n\t<meta name=\"twitter:data1\" content=\"&euro;&nbsp;80,00\" \/>\n\t<meta name=\"twitter:label2\" content=\"Availability\" \/>\n\t<meta name=\"twitter:data2\" content=\"In stock\" \/>\n<script type=\"application\/ld+json\" class=\"yoast-schema-graph\">{\"@context\":\"https:\/\/schema.org\",\"@graph\":[{\"@type\":[\"WebPage\",\"ItemPage\"],\"@id\":\"https:\/\/bolting.eu\/en\/shop\/petzl-nano-traxion\/\",\"url\":\"https:\/\/bolting.eu\/en\/shop\/petzl-nano-traxion\/\",\"name\":\"Petzl Nano Traxion - Seilrolle mit R\u00fccklaufsperre | bolting.eu\",\"isPartOf\":{\"@id\":\"https:\/\/bolting.eu\/en\/#website\"},\"primaryImageOfPage\":{\"@id\":\"https:\/\/bolting.eu\/en\/shop\/petzl-nano-traxion\/#primaryimage\"},\"image\":{\"@id\":\"https:\/\/bolting.eu\/en\/shop\/petzl-nano-traxion\/#primaryimage\"},\"thumbnailUrl\":\"https:\/\/bolting.eu\/wp-content\/uploads\/2022\/07\/Petzl-Nano-Traxion-2.jpg\",\"datePublished\":\"2022-07-05T13:43:31+00:00\",\"dateModified\":\"2026-01-05T12:18:58+00:00\",\"description\":\"PETZL NANO TRAXION - ultraleichte Seilrolle mit R\u00fccklaufsperre \u2705 kostenloser Versand* \u2705 14 Tage R\u00fcckgaberecht \u2705 Co2 neutraler Versand\",\"breadcrumb\":{\"@id\":\"https:\/\/bolting.eu\/en\/shop\/petzl-nano-traxion\/#breadcrumb\"},\"inLanguage\":\"en-US\",\"potentialAction\":[{\"@type\":\"ReadAction\",\"target\":[\"https:\/\/bolting.eu\/en\/shop\/petzl-nano-traxion\/\"]}]},{\"@type\":\"ImageObject\",\"inLanguage\":\"en-US\",\"@id\":\"https:\/\/bolting.eu\/en\/shop\/petzl-nano-traxion\/#primaryimage\",\"url\":\"https:\/\/bolting.eu\/wp-content\/uploads\/2022\/07\/Petzl-Nano-Traxion-2.jpg\",\"contentUrl\":\"https:\/\/bolting.eu\/wp-content\/uploads\/2022\/07\/Petzl-Nano-Traxion-2.jpg\",\"width\":700,\"height\":700,\"caption\":\"Das Bild zeigt die gelb-schwarze Petzl Nano Traxion Seilrolle von der Seite.\"},{\"@type\":\"BreadcrumbList\",\"@id\":\"https:\/\/bolting.eu\/en\/shop\/petzl-nano-traxion\/#breadcrumb\",\"itemListElement\":[{\"@type\":\"ListItem\",\"position\":1,\"name\":\"Shop\",\"item\":\"https:\/\/bolting.eu\/en\/shop\/\"},{\"@type\":\"ListItem\",\"position\":2,\"name\":\"climbing equipment\",\"item\":\"https:\/\/bolting.eu\/en\/produkt-kategorie\/climbing-equipment\/\"},{\"@type\":\"ListItem\",\"position\":3,\"name\":\"Seilrollen\",\"item\":\"https:\/\/bolting.eu\/produkt-kategorie\/kletterausruestung\/seilrollen\/\"},{\"@type\":\"ListItem\",\"position\":4,\"name\":\"Petzl Nano Traxion\"}]},{\"@type\":\"WebSite\",\"@id\":\"https:\/\/bolting.eu\/en\/#website\",\"url\":\"https:\/\/bolting.eu\/en\/\",\"name\":\"bolting.eu\",\"description\":\"we make climbs happen\",\"publisher\":{\"@id\":\"https:\/\/bolting.eu\/en\/#organization\"},\"potentialAction\":[{\"@type\":\"SearchAction\",\"target\":{\"@type\":\"EntryPoint\",\"urlTemplate\":\"https:\/\/bolting.eu\/en\/?s={search_term_string}\"},\"query-input\":{\"@type\":\"PropertyValueSpecification\",\"valueRequired\":true,\"valueName\":\"search_term_string\"}}],\"inLanguage\":\"en-US\"},{\"@type\":[\"Organization\",\"Place\",\"SportingGoodsStore\"],\"@id\":\"https:\/\/bolting.eu\/en\/#organization\",\"name\":\"bolting.eu\",\"url\":\"https:\/\/bolting.eu\/en\/\",\"logo\":{\"@id\":\"https:\/\/bolting.eu\/en\/shop\/petzl-nano-traxion\/#local-main-organization-logo\"},\"image\":{\"@id\":\"https:\/\/bolting.eu\/en\/shop\/petzl-nano-traxion\/#local-main-organization-logo\"},\"sameAs\":[\"https:\/\/www.facebook.com\/bolting.eu\",\"https:\/\/www.instagram.com\/bolting.eu\/\"],\"address\":{\"@id\":\"https:\/\/bolting.eu\/en\/shop\/petzl-nano-traxion\/#local-main-place-address\"},\"geo\":{\"@type\":\"GeoCoordinates\",\"latitude\":\"47.264176340396226\",\"longitude\":\"11.380109057672346\"},\"telephone\":[\"+43 699 19083372\"],\"openingHoursSpecification\":[{\"@type\":\"OpeningHoursSpecification\",\"dayOfWeek\":[\"Monday\",\"Wednesday\",\"Friday\"],\"opens\":\"14:00\",\"closes\":\"18:00\"},{\"@type\":\"OpeningHoursSpecification\",\"dayOfWeek\":[\"Tuesday\",\"Thursday\",\"Saturday\",\"Sunday\"],\"opens\":\"00:00\",\"closes\":\"00:00\"}],\"email\":\"office@bolting.eu\",\"vatID\":\"ATU59999728\",\"priceRange\":\"$$\",\"currenciesAccepted\":\"Euro\"},{\"@type\":\"PostalAddress\",\"@id\":\"https:\/\/bolting.eu\/en\/shop\/petzl-nano-traxion\/#local-main-place-address\",\"streetAddress\":\"Fischnalerstra\u00dfe 4\",\"addressLocality\":\"Innsbruck\",\"postalCode\":\"6020\",\"addressRegion\":\"Tirol\",\"addressCountry\":\"AT\"},{\"@type\":\"ImageObject\",\"inLanguage\":\"en-US\",\"@id\":\"https:\/\/bolting.eu\/en\/shop\/petzl-nano-traxion\/#local-main-organization-logo\",\"url\":\"https:\/\/bolting.eu\/wp-content\/uploads\/2019\/09\/bolting-logo.png\",\"contentUrl\":\"https:\/\/bolting.eu\/wp-content\/uploads\/2019\/09\/bolting-logo.png\",\"width\":400,\"height\":211,\"caption\":\"bolting.eu\"}]}<\/script>\n<meta property=\"product:price:amount\" content=\"80.00\" \/>\n<meta property=\"product:price:currency\" content=\"EUR\" \/>\n<meta property=\"og:availability\" content=\"instock\" \/>\n<meta property=\"product:availability\" content=\"instock\" \/>\n<meta property=\"product:retailer_item_id\" content=\"P053AA00\" \/>\n<meta property=\"product:condition\" content=\"new\" \/>\n<meta name=\"geo.placename\" content=\"Innsbruck\" \/>\n<meta name=\"geo.position\" content=\"47.264176340396226;11.380109057672346\" \/>\n<meta name=\"geo.region\" content=\"Austria\" \/>\n<!-- \/ Yoast SEO Premium plugin. -->","yoast_head_json":{"title":"Petzl Nano Traxion - Seilrolle mit R\u00fccklaufsperre | bolting.eu","description":"PETZL NANO TRAXION - ultraleichte Seilrolle mit R\u00fccklaufsperre \u2705 kostenloser Versand* \u2705 14 Tage R\u00fcckgaberecht \u2705 Co2 neutraler Versand","robots":{"index":"index","follow":"follow","max-snippet":"max-snippet:-1","max-image-preview":"max-image-preview:large","max-video-preview":"max-video-preview:-1"},"canonical":"https:\/\/bolting.eu\/en\/shop\/petzl-nano-traxion\/","og_locale":"en_US","og_type":"article","og_title":"Petzl Nano Traxion","og_description":"PETZL NANO TRAXION - ultraleichte Seilrolle mit R\u00fccklaufsperre \u2705 kostenloser Versand* \u2705 14 Tage R\u00fcckgaberecht \u2705 Co2 neutraler Versand","og_url":"https:\/\/bolting.eu\/en\/shop\/petzl-nano-traxion\/","og_site_name":"bolting.eu","article_publisher":"https:\/\/www.facebook.com\/bolting.eu","article_modified_time":"2026-01-05T12:18:58+00:00","og_image":[{"width":700,"height":700,"url":"https:\/\/bolting.eu\/wp-content\/uploads\/2022\/07\/Petzl-Nano-Traxion-2.jpg","type":"image\/jpeg"}],"twitter_card":"summary_large_image","twitter_misc":{"Price":"&euro;&nbsp;80,00","Availability":"In stock"},"schema":{"@context":"https:\/\/schema.org","@graph":[{"@type":["WebPage","ItemPage"],"@id":"https:\/\/bolting.eu\/en\/shop\/petzl-nano-traxion\/","url":"https:\/\/bolting.eu\/en\/shop\/petzl-nano-traxion\/","name":"Petzl Nano Traxion - Seilrolle mit R\u00fccklaufsperre | bolting.eu","isPartOf":{"@id":"https:\/\/bolting.eu\/en\/#website"},"primaryImageOfPage":{"@id":"https:\/\/bolting.eu\/en\/shop\/petzl-nano-traxion\/#primaryimage"},"image":{"@id":"https:\/\/bolting.eu\/en\/shop\/petzl-nano-traxion\/#primaryimage"},"thumbnailUrl":"https:\/\/bolting.eu\/wp-content\/uploads\/2022\/07\/Petzl-Nano-Traxion-2.jpg","datePublished":"2022-07-05T13:43:31+00:00","dateModified":"2026-01-05T12:18:58+00:00","description":"PETZL NANO TRAXION - ultraleichte Seilrolle mit R\u00fccklaufsperre \u2705 kostenloser Versand* \u2705 14 Tage R\u00fcckgaberecht \u2705 Co2 neutraler Versand","breadcrumb":{"@id":"https:\/\/bolting.eu\/en\/shop\/petzl-nano-traxion\/#breadcrumb"},"inLanguage":"en-US","potentialAction":[{"@type":"ReadAction","target":["https:\/\/bolting.eu\/en\/shop\/petzl-nano-traxion\/"]}]},{"@type":"ImageObject","inLanguage":"en-US","@id":"https:\/\/bolting.eu\/en\/shop\/petzl-nano-traxion\/#primaryimage","url":"https:\/\/bolting.eu\/wp-content\/uploads\/2022\/07\/Petzl-Nano-Traxion-2.jpg","contentUrl":"https:\/\/bolting.eu\/wp-content\/uploads\/2022\/07\/Petzl-Nano-Traxion-2.jpg","width":700,"height":700,"caption":"Das Bild zeigt die gelb-schwarze Petzl Nano Traxion Seilrolle von der Seite."},{"@type":"BreadcrumbList","@id":"https:\/\/bolting.eu\/en\/shop\/petzl-nano-traxion\/#breadcrumb","itemListElement":[{"@type":"ListItem","position":1,"name":"Shop","item":"https:\/\/bolting.eu\/en\/shop\/"},{"@type":"ListItem","position":2,"name":"climbing equipment","item":"https:\/\/bolting.eu\/en\/produkt-kategorie\/climbing-equipment\/"},{"@type":"ListItem","position":3,"name":"Seilrollen","item":"https:\/\/bolting.eu\/produkt-kategorie\/kletterausruestung\/seilrollen\/"},{"@type":"ListItem","position":4,"name":"Petzl Nano Traxion"}]},{"@type":"WebSite","@id":"https:\/\/bolting.eu\/en\/#website","url":"https:\/\/bolting.eu\/en\/","name":"bolting.eu","description":"we make climbs happen","publisher":{"@id":"https:\/\/bolting.eu\/en\/#organization"},"potentialAction":[{"@type":"SearchAction","target":{"@type":"EntryPoint","urlTemplate":"https:\/\/bolting.eu\/en\/?s={search_term_string}"},"query-input":{"@type":"PropertyValueSpecification","valueRequired":true,"valueName":"search_term_string"}}],"inLanguage":"en-US"},{"@type":["Organization","Place","SportingGoodsStore"],"@id":"https:\/\/bolting.eu\/en\/#organization","name":"bolting.eu","url":"https:\/\/bolting.eu\/en\/","logo":{"@id":"https:\/\/bolting.eu\/en\/shop\/petzl-nano-traxion\/#local-main-organization-logo"},"image":{"@id":"https:\/\/bolting.eu\/en\/shop\/petzl-nano-traxion\/#local-main-organization-logo"},"sameAs":["https:\/\/www.facebook.com\/bolting.eu","https:\/\/www.instagram.com\/bolting.eu\/"],"address":{"@id":"https:\/\/bolting.eu\/en\/shop\/petzl-nano-traxion\/#local-main-place-address"},"geo":{"@type":"GeoCoordinates","latitude":"47.264176340396226","longitude":"11.380109057672346"},"telephone":["+43 699 19083372"],"openingHoursSpecification":[{"@type":"OpeningHoursSpecification","dayOfWeek":["Monday","Wednesday","Friday"],"opens":"14:00","closes":"18:00"},{"@type":"OpeningHoursSpecification","dayOfWeek":["Tuesday","Thursday","Saturday","Sunday"],"opens":"00:00","closes":"00:00"}],"email":"office@bolting.eu","vatID":"ATU59999728","priceRange":"$$","currenciesAccepted":"Euro"},{"@type":"PostalAddress","@id":"https:\/\/bolting.eu\/en\/shop\/petzl-nano-traxion\/#local-main-place-address","streetAddress":"Fischnalerstra\u00dfe 4","addressLocality":"Innsbruck","postalCode":"6020","addressRegion":"Tirol","addressCountry":"AT"},{"@type":"ImageObject","inLanguage":"en-US","@id":"https:\/\/bolting.eu\/en\/shop\/petzl-nano-traxion\/#local-main-organization-logo","url":"https:\/\/bolting.eu\/wp-content\/uploads\/2019\/09\/bolting-logo.png","contentUrl":"https:\/\/bolting.eu\/wp-content\/uploads\/2019\/09\/bolting-logo.png","width":400,"height":211,"caption":"bolting.eu"}]},"product_price_amount":"80.00","product_price_currency":"EUR","og_availability":"instock","product_availability":"instock","product_retailer_item_id":"P053AA00","product_condition":"new","geo.placename":"Innsbruck","geo.position":{"lat":"47.264176340396226","long":"11.380109057672346"},"geo.region":"Austria"},"_links":{"self":[{"href":"https:\/\/bolting.eu\/en\/wp-json\/wp\/v2\/product\/12315","targetHints":{"allow":["GET"]}}],"collection":[{"href":"https:\/\/bolting.eu\/en\/wp-json\/wp\/v2\/product"}],"about":[{"href":"https:\/\/bolting.eu\/en\/wp-json\/wp\/v2\/types\/product"}],"replies":[{"embeddable":true,"href":"https:\/\/bolting.eu\/en\/wp-json\/wp\/v2\/comments?post=12315"}],"wp:featuredmedia":[{"embeddable":true,"href":"https:\/\/bolting.eu\/en\/wp-json\/wp\/v2\/media\/12318"}],"wp:attachment":[{"href":"https:\/\/bolting.eu\/en\/wp-json\/wp\/v2\/media?parent=12315"}],"wp:term":[{"taxonomy":"product_brand","embeddable":true,"href":"https:\/\/bolting.eu\/en\/wp-json\/wp\/v2\/product_brand?post=12315"},{"taxonomy":"product_cat","embeddable":true,"href":"https:\/\/bolting.eu\/en\/wp-json\/wp\/v2\/product_cat?post=12315"},{"taxonomy":"product_tag","embeddable":true,"href":"https:\/\/bolting.eu\/en\/wp-json\/wp\/v2\/product_tag?post=12315"}],"curies":[{"name":"wp","href":"https:\/\/api.w.org\/{rel}","templated":true}]}}