{"id":12307,"date":"2022-07-05T14:30:05","date_gmt":"2022-07-05T12:30:05","guid":{"rendered":"https:\/\/bolting.eu\/?post_type=product&#038;p=12307"},"modified":"2026-04-22T16:14:33","modified_gmt":"2026-04-22T14:14:33","slug":"petzl-string-karabinerfixierung","status":"publish","type":"product","link":"https:\/\/bolting.eu\/en\/shop\/petzl-string-karabinerfixierung\/","title":{"rendered":"Petzl String Karabinerfixierung"},"content":{"rendered":"<p>Die Petzl String Karabinerfixierung ist ein super praktisches Zubeh\u00f6r. Denn der kleine Kautschuk Stecker sorgt f\u00fcr eine Fixierung von Karabinern auf Bandfalld\u00e4mpfern, <a href=\"https:\/\/bolting.eu\/produkt-kategorie\/kletterausruestung\/bandschlinge\/\">Bandschlingen<\/a> und <a href=\"https:\/\/bolting.eu\/produkt-kategorie\/kletterausruestung\/expressschlingen\/\">Expressschlingen<\/a>.<\/p>\n<p>Das Produkt ist in drei Gr\u00f6\u00dfen verf\u00fcgbar. Erstens in &#8220;M&#8221; f\u00fcr die Petzl Expressen. Zweitens f\u00fcr 15-20mm breite B\u00e4nder. Und drittens f\u00fcr 25-30mm breite B\u00e4nder wie beim Bandfalld\u00e4mfer <a href=\"https:\/\/bolting.eu\/shop\/petzl-asapsorber\/\">ASAP\u00b4sorber<\/a> bzw. <a href=\"https:\/\/bolting.eu\/shop\/petzl-asapsorber-axess\/\">ASAP\u00b4sorber Axess\u00a0<\/a><\/p>\n<p>Durch den String k\u00f6nnen sich die Karabiner nicht verdrehen. D.h. die Karabiner sind sowohl leichter zu klippen und richten sich der starken L\u00e4ngsachse nach aus. \u00dcberdies k\u00f6nnen so gef\u00e4hrliche Querbelastungen vermieden werden und die B\u00e4nder Enden werden gesch\u00fctzt.<\/p>\n<h2>Eigenschaften String Karabinerfixierung<\/h2>\n<ul>\n<li>Hersteller: <a href=\"https:\/\/bolting.eu\/produkt-kategorie\/petzl\/\">Petzl<\/a><\/li>\n<li>Material: TPE (thermoplastisches Elastomer)<\/li>\n<li><strong>Gr\u00f6\u00dfe M (M090BA00) f\u00fcr Spirit, Djinn und Ange Finesse<\/strong><\/li>\n<li><strong>Gr\u00f6\u00dfe L (M090AA00)<\/strong>: f\u00fcr 15 &#8211; 20mm B\u00e4nder<\/li>\n<li><strong>Gr\u00f6\u00dfe XL (M090AA01)<\/strong>\u00a0f\u00fcr 25 &#8211; 30mm breite B\u00e4nder<\/li>\n<li>Gewicht:\u00a0 2 bzw. 4 Gramm<\/li>\n<li>fixiert Karabiner an Band- und Expressschlingen<\/li>\n<li>sch\u00fctzt die Enden der B\u00e4nder<\/li>\n<li>verhindert gef\u00e4hrliche Querbelastungen<\/li>\n<li>richtet Karabiner nach starker L\u00e4ngsachse aus<\/li>\n<li>mit vielen Petzl Produkten kompatibel<\/li>\n<li>erh\u00f6ht deutlich die Sicherheit<\/li>\n<\/ul>\n<h3>Kompatible Produkte<\/h3>\n<p>In unserem Shop sind f\u00fcr die <strong>Gr\u00f6\u00dfe M<\/strong> z.B. diese Produkte kompatibel:<\/p>\n<ul>\n<li><a href=\"https:\/\/bolting.eu\/shop\/petzl-spirit-express\/\">Spirit Express<\/a><\/li>\n<li><a href=\"https:\/\/bolting.eu\/shop\/petzl-djinn-axess\/\">Djinn Axess Express<\/a><\/li>\n<li><a href=\"https:\/\/bolting.eu\/shop\/petzl-ange-finesse\/\">Ange Finess Express<\/a><\/li>\n<\/ul>\n<p><a href=\"https:\/\/bolting.eu\/wp-content\/uploads\/2021\/07\/Petzl-Spirit-Express-12cm-1.jpg\"><img loading=\"lazy\" decoding=\"async\" class=\"alignnone size-full wp-image-18334\" src=\"https:\/\/bolting.eu\/wp-content\/uploads\/2021\/07\/Petzl-Spirit-Express-12cm-1.jpg\" alt=\"12cm lange Petzl Spirit Expressschlinge mit silbernen und orangem Karabiner bzw. schwarzer Bandschlinge.\" width=\"700\" height=\"700\" srcset=\"https:\/\/bolting.eu\/wp-content\/uploads\/2021\/07\/Petzl-Spirit-Express-12cm-1.jpg 700w, https:\/\/bolting.eu\/wp-content\/uploads\/2021\/07\/Petzl-Spirit-Express-12cm-1-400x400.jpg 400w, https:\/\/bolting.eu\/wp-content\/uploads\/2021\/07\/Petzl-Spirit-Express-12cm-1-280x280.jpg 280w, https:\/\/bolting.eu\/wp-content\/uploads\/2021\/07\/Petzl-Spirit-Express-12cm-1-247x247.jpg 247w, https:\/\/bolting.eu\/wp-content\/uploads\/2021\/07\/Petzl-Spirit-Express-12cm-1-510x510.jpg 510w, https:\/\/bolting.eu\/wp-content\/uploads\/2021\/07\/Petzl-Spirit-Express-12cm-1-100x100.jpg 100w\" sizes=\"auto, (max-width: 700px) 100vw, 700px\" \/><\/a><\/p>\n<p>F\u00fcr die <strong>Gr\u00f6\u00dfe XL<\/strong> z.B diese Produkte:<\/p>\n<ul>\n<li>ASAP\u00b4sorber<\/li>\n<\/ul>\n<p><a href=\"https:\/\/bolting.eu\/wp-content\/uploads\/2022\/07\/Petzl-String-L-2.jpg\"><img loading=\"lazy\" decoding=\"async\" class=\"alignnone wp-image-12310 size-medium\" src=\"https:\/\/bolting.eu\/wp-content\/uploads\/2022\/07\/Petzl-String-L-2-400x400.jpg\" alt=\"Das Bild zeigt eine Petzl ASAB\u00b4sober Schlinge mit Karabinerfixierung und Twist Lock Karabiner.\" width=\"400\" height=\"400\" srcset=\"https:\/\/bolting.eu\/wp-content\/uploads\/2022\/07\/Petzl-String-L-2-400x400.jpg 400w, https:\/\/bolting.eu\/wp-content\/uploads\/2022\/07\/Petzl-String-L-2-247x247.jpg 247w, https:\/\/bolting.eu\/wp-content\/uploads\/2022\/07\/Petzl-String-L-2-100x100.jpg 100w, https:\/\/bolting.eu\/wp-content\/uploads\/2022\/07\/Petzl-String-L-2-510x510.jpg 510w, https:\/\/bolting.eu\/wp-content\/uploads\/2022\/07\/Petzl-String-L-2-280x280.jpg 280w, https:\/\/bolting.eu\/wp-content\/uploads\/2022\/07\/Petzl-String-L-2-300x300.jpg 300w, https:\/\/bolting.eu\/wp-content\/uploads\/2022\/07\/Petzl-String-L-2-600x600.jpg 600w, https:\/\/bolting.eu\/wp-content\/uploads\/2022\/07\/Petzl-String-L-2.jpg 700w\" sizes=\"auto, (max-width: 400px) 100vw, 400px\" \/><\/a><\/p>\n<p>Je nach Breite der B\u00e4nder, sind auch weitere Bandschlingen, Daisy Chains oder Multi-Chains verwendbar.<\/p>\n<h3>Guter Schutz f\u00fcr B\u00e4nder<\/h3>\n<p>Einer der gro\u00dfen Nutzen der String Karabinerfixierung liegt im Schutz des Bandendes.<\/p>\n<p>D.h. die Enden sowohl von Bandschlingen als auch Expressen, sind so gut gegen Abrieb gesch\u00fctzt. Beispielsweise, wenn sie direkt am Fels aufliegen. Das kann auf Platten oder bei vielen Wandklettereien sein.<\/p>\n<h3>Petzl String Karabinerfixierung = mehr Sicherheit<\/h3>\n<p>Als weitere positive Nutzen kommt zum einen noch der Verdrehschutz hinzu. Somit sind die Karabiner viel leichter zu klippen, weil sie in den B\u00e4ndern nicht verwackeln k\u00f6nnen.<\/p>\n<p>Und zum anderen richten sich die Karabiner der L\u00e4ngsrichtung nach aus. D.h. entlang der st\u00e4rksten Achse.<\/p>\n","protected":false},"excerpt":{"rendered":"<p>Praktischer Kunststoff Stecker f\u00fcr Bandschlingen und Expressschlingen, der Karabiner sicher fixiert und ein Verdrehen verhindert.\u00a0 Sch\u00fctzt zudem die Bandstrukturen auf rauen Untergr\u00fcnden wie k\u00fcnstlichen Kletterw\u00e4nden.<\/p>\n<p>Erh\u00e4ltlich in drei Gr\u00f6\u00dfen. Gr\u00f6\u00dfe M f\u00fcr alle Petzl Expressen, Gr\u00f6\u00dfe L f\u00fcr 15-20mm, und Gr\u00f6\u00dfe XL f\u00fcr 25-30mm breite B\u00e4nder bzw. Bandfalld\u00e4mpfer.<\/p>\n<p>Versandkostenfrei bis 2kg in\u00a0<img decoding=\"async\" class=\"emoji\" role=\"img\" draggable=\"false\" src=\"https:\/\/s.w.org\/images\/core\/emoji\/14.0.0\/svg\/1f1e6-1f1f9.svg\" alt=\"\ud83c\udde6\ud83c\uddf9\" \/>\u00a0ab \u20ac 100,- und\u00a0<img decoding=\"async\" class=\"emoji\" role=\"img\" draggable=\"false\" src=\"https:\/\/s.w.org\/images\/core\/emoji\/14.0.0\/svg\/1f1e9-1f1ea.svg\" alt=\"\ud83c\udde9\ud83c\uddea\" \/>\u00a0ab \u20ac 200,-!<\/p>\n","protected":false},"featured_media":33544,"comment_status":"open","ping_status":"closed","template":"","meta":[],"product_brand":[],"product_cat":[15211,29,220,14093],"product_tag":[],"class_list":{"0":"post-12307","1":"product","2":"type-product","3":"status-publish","4":"has-post-thumbnail","6":"product_cat-kletterwand-zubehoer","7":"product_cat-kletterausruestung","8":"product_cat-expressschlingen","9":"product_cat-petzl","11":"first","12":"instock","13":"taxable","14":"shipping-taxable","15":"purchasable","16":"product-type-variable"},"yoast_head":"<!-- This site is optimized with the Yoast SEO Premium plugin v26.9 (Yoast SEO v26.9) - https:\/\/yoast.com\/product\/yoast-seo-premium-wordpress\/ -->\n<title>Petzl String Karabinerfixierung - in 3 Gr\u00f6\u00dfen | bolting.eu<\/title>\n<meta name=\"description\" content=\"PETZL STRING KARABINERFIXIERUNG in 3 Gr\u00f6\u00dfen beim Kletterprofi kaufen \u2705 Trusted Shop \u2705 kostenloser Versand* \u2705 14 Tage R\u00fcckgaberecht \u2705 Co2 neutrale Zustellung\" \/>\n<meta name=\"robots\" content=\"index, follow, max-snippet:-1, max-image-preview:large, max-video-preview:-1\" \/>\n<link rel=\"canonical\" href=\"https:\/\/bolting.eu\/en\/shop\/petzl-string-karabinerfixierung\/\" \/>\n<meta property=\"og:locale\" content=\"en_US\" \/>\n<meta property=\"og:type\" content=\"article\" \/>\n<meta property=\"og:title\" content=\"Petzl String Karabinerfixierung\" \/>\n<meta property=\"og:description\" content=\"PETZL STRING KARABINERFIXIERUNG in 3 Gr\u00f6\u00dfen beim Kletterprofi kaufen \u2705 Trusted Shop \u2705 kostenloser Versand* \u2705 14 Tage R\u00fcckgaberecht \u2705 Co2 neutrale Zustellung\" \/>\n<meta property=\"og:url\" content=\"https:\/\/bolting.eu\/en\/shop\/petzl-string-karabinerfixierung\/\" \/>\n<meta property=\"og:site_name\" content=\"bolting.eu\" \/>\n<meta property=\"article:publisher\" content=\"https:\/\/www.facebook.com\/bolting.eu\" \/>\n<meta property=\"article:modified_time\" content=\"2026-04-22T14:14:33+00:00\" \/>\n<meta property=\"og:image\" content=\"https:\/\/bolting.eu\/wp-content\/uploads\/2022\/07\/Petzl-Strin-M-L-XL.jpg\" \/>\n\t<meta property=\"og:image:width\" content=\"700\" \/>\n\t<meta property=\"og:image:height\" content=\"700\" \/>\n\t<meta property=\"og:image:type\" content=\"image\/jpeg\" \/>\n<meta name=\"twitter:card\" content=\"summary_large_image\" \/>\n<meta name=\"twitter:label1\" content=\"Availability\" \/>\n\t<meta name=\"twitter:data1\" content=\"In stock\" \/>\n<script type=\"application\/ld+json\" class=\"yoast-schema-graph\">{\"@context\":\"https:\/\/schema.org\",\"@graph\":[{\"@type\":[\"WebPage\",\"ItemPage\"],\"@id\":\"https:\/\/bolting.eu\/en\/shop\/petzl-string-karabinerfixierung\/\",\"url\":\"https:\/\/bolting.eu\/en\/shop\/petzl-string-karabinerfixierung\/\",\"name\":\"Petzl String Karabinerfixierung - in 3 Gr\u00f6\u00dfen | bolting.eu\",\"isPartOf\":{\"@id\":\"https:\/\/bolting.eu\/en\/#website\"},\"primaryImageOfPage\":{\"@id\":\"https:\/\/bolting.eu\/en\/shop\/petzl-string-karabinerfixierung\/#primaryimage\"},\"image\":{\"@id\":\"https:\/\/bolting.eu\/en\/shop\/petzl-string-karabinerfixierung\/#primaryimage\"},\"thumbnailUrl\":\"https:\/\/bolting.eu\/wp-content\/uploads\/2022\/07\/Petzl-Strin-M-L-XL.jpg\",\"datePublished\":\"2022-07-05T12:30:05+00:00\",\"dateModified\":\"2026-04-22T14:14:33+00:00\",\"description\":\"PETZL STRING KARABINERFIXIERUNG in 3 Gr\u00f6\u00dfen beim Kletterprofi kaufen \u2705 Trusted Shop \u2705 kostenloser Versand* \u2705 14 Tage R\u00fcckgaberecht \u2705 Co2 neutrale Zustellung\",\"breadcrumb\":{\"@id\":\"https:\/\/bolting.eu\/en\/shop\/petzl-string-karabinerfixierung\/#breadcrumb\"},\"inLanguage\":\"en-US\",\"potentialAction\":[{\"@type\":\"ReadAction\",\"target\":[\"https:\/\/bolting.eu\/en\/shop\/petzl-string-karabinerfixierung\/\"]}]},{\"@type\":\"ImageObject\",\"inLanguage\":\"en-US\",\"@id\":\"https:\/\/bolting.eu\/en\/shop\/petzl-string-karabinerfixierung\/#primaryimage\",\"url\":\"https:\/\/bolting.eu\/wp-content\/uploads\/2022\/07\/Petzl-Strin-M-L-XL.jpg\",\"contentUrl\":\"https:\/\/bolting.eu\/wp-content\/uploads\/2022\/07\/Petzl-Strin-M-L-XL.jpg\",\"width\":700,\"height\":700,\"caption\":\"Grafik mit den drei unterschiedlich gro\u00dfen Petzl String Karabinerfixierungen in schwarz und weiss.\"},{\"@type\":\"BreadcrumbList\",\"@id\":\"https:\/\/bolting.eu\/en\/shop\/petzl-string-karabinerfixierung\/#breadcrumb\",\"itemListElement\":[{\"@type\":\"ListItem\",\"position\":1,\"name\":\"Shop\",\"item\":\"https:\/\/bolting.eu\/en\/shop\/\"},{\"@type\":\"ListItem\",\"position\":2,\"name\":\"climbing equipment\",\"item\":\"https:\/\/bolting.eu\/en\/produkt-kategorie\/climbing-equipment\/\"},{\"@type\":\"ListItem\",\"position\":3,\"name\":\"Quickdraws\",\"item\":\"https:\/\/bolting.eu\/en\/produkt-kategorie\/quickdraws\/\"},{\"@type\":\"ListItem\",\"position\":4,\"name\":\"Petzl String Karabinerfixierung\"}]},{\"@type\":\"WebSite\",\"@id\":\"https:\/\/bolting.eu\/en\/#website\",\"url\":\"https:\/\/bolting.eu\/en\/\",\"name\":\"bolting.eu\",\"description\":\"we make climbs happen\",\"publisher\":{\"@id\":\"https:\/\/bolting.eu\/en\/#organization\"},\"potentialAction\":[{\"@type\":\"SearchAction\",\"target\":{\"@type\":\"EntryPoint\",\"urlTemplate\":\"https:\/\/bolting.eu\/en\/?s={search_term_string}\"},\"query-input\":{\"@type\":\"PropertyValueSpecification\",\"valueRequired\":true,\"valueName\":\"search_term_string\"}}],\"inLanguage\":\"en-US\"},{\"@type\":[\"Organization\",\"Place\",\"SportingGoodsStore\"],\"@id\":\"https:\/\/bolting.eu\/en\/#organization\",\"name\":\"bolting.eu\",\"url\":\"https:\/\/bolting.eu\/en\/\",\"logo\":{\"@id\":\"https:\/\/bolting.eu\/en\/shop\/petzl-string-karabinerfixierung\/#local-main-organization-logo\"},\"image\":{\"@id\":\"https:\/\/bolting.eu\/en\/shop\/petzl-string-karabinerfixierung\/#local-main-organization-logo\"},\"sameAs\":[\"https:\/\/www.facebook.com\/bolting.eu\",\"https:\/\/www.instagram.com\/bolting.eu\/\"],\"address\":{\"@id\":\"https:\/\/bolting.eu\/en\/shop\/petzl-string-karabinerfixierung\/#local-main-place-address\"},\"geo\":{\"@type\":\"GeoCoordinates\",\"latitude\":\"47.264176340396226\",\"longitude\":\"11.380109057672346\"},\"telephone\":[\"+43 699 19083372\"],\"openingHoursSpecification\":[{\"@type\":\"OpeningHoursSpecification\",\"dayOfWeek\":[\"Monday\",\"Wednesday\",\"Friday\"],\"opens\":\"14:00\",\"closes\":\"18:00\"},{\"@type\":\"OpeningHoursSpecification\",\"dayOfWeek\":[\"Tuesday\",\"Thursday\",\"Saturday\",\"Sunday\"],\"opens\":\"00:00\",\"closes\":\"00:00\"}],\"email\":\"office@bolting.eu\",\"vatID\":\"ATU59999728\",\"priceRange\":\"$$\",\"currenciesAccepted\":\"Euro\"},{\"@type\":\"PostalAddress\",\"@id\":\"https:\/\/bolting.eu\/en\/shop\/petzl-string-karabinerfixierung\/#local-main-place-address\",\"streetAddress\":\"Fischnalerstra\u00dfe 4\",\"addressLocality\":\"Innsbruck\",\"postalCode\":\"6020\",\"addressRegion\":\"Tirol\",\"addressCountry\":\"AT\"},{\"@type\":\"ImageObject\",\"inLanguage\":\"en-US\",\"@id\":\"https:\/\/bolting.eu\/en\/shop\/petzl-string-karabinerfixierung\/#local-main-organization-logo\",\"url\":\"https:\/\/bolting.eu\/wp-content\/uploads\/2019\/09\/bolting-logo.png\",\"contentUrl\":\"https:\/\/bolting.eu\/wp-content\/uploads\/2019\/09\/bolting-logo.png\",\"width\":400,\"height\":211,\"caption\":\"bolting.eu\"}]}<\/script>\n<meta property=\"og:availability\" content=\"instock\" \/>\n<meta property=\"product:availability\" content=\"instock\" \/>\n<meta property=\"product:condition\" content=\"new\" \/>\n<meta name=\"geo.placename\" content=\"Innsbruck\" \/>\n<meta name=\"geo.position\" content=\"47.264176340396226;11.380109057672346\" \/>\n<meta name=\"geo.region\" content=\"Austria\" \/>\n<!-- \/ Yoast SEO Premium plugin. -->","yoast_head_json":{"title":"Petzl String Karabinerfixierung - in 3 Gr\u00f6\u00dfen | bolting.eu","description":"PETZL STRING KARABINERFIXIERUNG in 3 Gr\u00f6\u00dfen beim Kletterprofi kaufen \u2705 Trusted Shop \u2705 kostenloser Versand* \u2705 14 Tage R\u00fcckgaberecht \u2705 Co2 neutrale Zustellung","robots":{"index":"index","follow":"follow","max-snippet":"max-snippet:-1","max-image-preview":"max-image-preview:large","max-video-preview":"max-video-preview:-1"},"canonical":"https:\/\/bolting.eu\/en\/shop\/petzl-string-karabinerfixierung\/","og_locale":"en_US","og_type":"article","og_title":"Petzl String Karabinerfixierung","og_description":"PETZL STRING KARABINERFIXIERUNG in 3 Gr\u00f6\u00dfen beim Kletterprofi kaufen \u2705 Trusted Shop \u2705 kostenloser Versand* \u2705 14 Tage R\u00fcckgaberecht \u2705 Co2 neutrale Zustellung","og_url":"https:\/\/bolting.eu\/en\/shop\/petzl-string-karabinerfixierung\/","og_site_name":"bolting.eu","article_publisher":"https:\/\/www.facebook.com\/bolting.eu","article_modified_time":"2026-04-22T14:14:33+00:00","og_image":[{"width":700,"height":700,"url":"https:\/\/bolting.eu\/wp-content\/uploads\/2022\/07\/Petzl-Strin-M-L-XL.jpg","type":"image\/jpeg"}],"twitter_card":"summary_large_image","twitter_misc":{"Availability":"In stock"},"schema":{"@context":"https:\/\/schema.org","@graph":[{"@type":["WebPage","ItemPage"],"@id":"https:\/\/bolting.eu\/en\/shop\/petzl-string-karabinerfixierung\/","url":"https:\/\/bolting.eu\/en\/shop\/petzl-string-karabinerfixierung\/","name":"Petzl String Karabinerfixierung - in 3 Gr\u00f6\u00dfen | bolting.eu","isPartOf":{"@id":"https:\/\/bolting.eu\/en\/#website"},"primaryImageOfPage":{"@id":"https:\/\/bolting.eu\/en\/shop\/petzl-string-karabinerfixierung\/#primaryimage"},"image":{"@id":"https:\/\/bolting.eu\/en\/shop\/petzl-string-karabinerfixierung\/#primaryimage"},"thumbnailUrl":"https:\/\/bolting.eu\/wp-content\/uploads\/2022\/07\/Petzl-Strin-M-L-XL.jpg","datePublished":"2022-07-05T12:30:05+00:00","dateModified":"2026-04-22T14:14:33+00:00","description":"PETZL STRING KARABINERFIXIERUNG in 3 Gr\u00f6\u00dfen beim Kletterprofi kaufen \u2705 Trusted Shop \u2705 kostenloser Versand* \u2705 14 Tage R\u00fcckgaberecht \u2705 Co2 neutrale Zustellung","breadcrumb":{"@id":"https:\/\/bolting.eu\/en\/shop\/petzl-string-karabinerfixierung\/#breadcrumb"},"inLanguage":"en-US","potentialAction":[{"@type":"ReadAction","target":["https:\/\/bolting.eu\/en\/shop\/petzl-string-karabinerfixierung\/"]}]},{"@type":"ImageObject","inLanguage":"en-US","@id":"https:\/\/bolting.eu\/en\/shop\/petzl-string-karabinerfixierung\/#primaryimage","url":"https:\/\/bolting.eu\/wp-content\/uploads\/2022\/07\/Petzl-Strin-M-L-XL.jpg","contentUrl":"https:\/\/bolting.eu\/wp-content\/uploads\/2022\/07\/Petzl-Strin-M-L-XL.jpg","width":700,"height":700,"caption":"Grafik mit den drei unterschiedlich gro\u00dfen Petzl String Karabinerfixierungen in schwarz und weiss."},{"@type":"BreadcrumbList","@id":"https:\/\/bolting.eu\/en\/shop\/petzl-string-karabinerfixierung\/#breadcrumb","itemListElement":[{"@type":"ListItem","position":1,"name":"Shop","item":"https:\/\/bolting.eu\/en\/shop\/"},{"@type":"ListItem","position":2,"name":"climbing equipment","item":"https:\/\/bolting.eu\/en\/produkt-kategorie\/climbing-equipment\/"},{"@type":"ListItem","position":3,"name":"Quickdraws","item":"https:\/\/bolting.eu\/en\/produkt-kategorie\/quickdraws\/"},{"@type":"ListItem","position":4,"name":"Petzl String Karabinerfixierung"}]},{"@type":"WebSite","@id":"https:\/\/bolting.eu\/en\/#website","url":"https:\/\/bolting.eu\/en\/","name":"bolting.eu","description":"we make climbs happen","publisher":{"@id":"https:\/\/bolting.eu\/en\/#organization"},"potentialAction":[{"@type":"SearchAction","target":{"@type":"EntryPoint","urlTemplate":"https:\/\/bolting.eu\/en\/?s={search_term_string}"},"query-input":{"@type":"PropertyValueSpecification","valueRequired":true,"valueName":"search_term_string"}}],"inLanguage":"en-US"},{"@type":["Organization","Place","SportingGoodsStore"],"@id":"https:\/\/bolting.eu\/en\/#organization","name":"bolting.eu","url":"https:\/\/bolting.eu\/en\/","logo":{"@id":"https:\/\/bolting.eu\/en\/shop\/petzl-string-karabinerfixierung\/#local-main-organization-logo"},"image":{"@id":"https:\/\/bolting.eu\/en\/shop\/petzl-string-karabinerfixierung\/#local-main-organization-logo"},"sameAs":["https:\/\/www.facebook.com\/bolting.eu","https:\/\/www.instagram.com\/bolting.eu\/"],"address":{"@id":"https:\/\/bolting.eu\/en\/shop\/petzl-string-karabinerfixierung\/#local-main-place-address"},"geo":{"@type":"GeoCoordinates","latitude":"47.264176340396226","longitude":"11.380109057672346"},"telephone":["+43 699 19083372"],"openingHoursSpecification":[{"@type":"OpeningHoursSpecification","dayOfWeek":["Monday","Wednesday","Friday"],"opens":"14:00","closes":"18:00"},{"@type":"OpeningHoursSpecification","dayOfWeek":["Tuesday","Thursday","Saturday","Sunday"],"opens":"00:00","closes":"00:00"}],"email":"office@bolting.eu","vatID":"ATU59999728","priceRange":"$$","currenciesAccepted":"Euro"},{"@type":"PostalAddress","@id":"https:\/\/bolting.eu\/en\/shop\/petzl-string-karabinerfixierung\/#local-main-place-address","streetAddress":"Fischnalerstra\u00dfe 4","addressLocality":"Innsbruck","postalCode":"6020","addressRegion":"Tirol","addressCountry":"AT"},{"@type":"ImageObject","inLanguage":"en-US","@id":"https:\/\/bolting.eu\/en\/shop\/petzl-string-karabinerfixierung\/#local-main-organization-logo","url":"https:\/\/bolting.eu\/wp-content\/uploads\/2019\/09\/bolting-logo.png","contentUrl":"https:\/\/bolting.eu\/wp-content\/uploads\/2019\/09\/bolting-logo.png","width":400,"height":211,"caption":"bolting.eu"}]},"og_availability":"instock","product_availability":"instock","product_condition":"new","geo.placename":"Innsbruck","geo.position":{"lat":"47.264176340396226","long":"11.380109057672346"},"geo.region":"Austria"},"_links":{"self":[{"href":"https:\/\/bolting.eu\/en\/wp-json\/wp\/v2\/product\/12307","targetHints":{"allow":["GET"]}}],"collection":[{"href":"https:\/\/bolting.eu\/en\/wp-json\/wp\/v2\/product"}],"about":[{"href":"https:\/\/bolting.eu\/en\/wp-json\/wp\/v2\/types\/product"}],"replies":[{"embeddable":true,"href":"https:\/\/bolting.eu\/en\/wp-json\/wp\/v2\/comments?post=12307"}],"wp:featuredmedia":[{"embeddable":true,"href":"https:\/\/bolting.eu\/en\/wp-json\/wp\/v2\/media\/33544"}],"wp:attachment":[{"href":"https:\/\/bolting.eu\/en\/wp-json\/wp\/v2\/media?parent=12307"}],"wp:term":[{"taxonomy":"product_brand","embeddable":true,"href":"https:\/\/bolting.eu\/en\/wp-json\/wp\/v2\/product_brand?post=12307"},{"taxonomy":"product_cat","embeddable":true,"href":"https:\/\/bolting.eu\/en\/wp-json\/wp\/v2\/product_cat?post=12307"},{"taxonomy":"product_tag","embeddable":true,"href":"https:\/\/bolting.eu\/en\/wp-json\/wp\/v2\/product_tag?post=12307"}],"curies":[{"name":"wp","href":"https:\/\/api.w.org\/{rel}","templated":true}]}}