{"id":12297,"date":"2022-07-05T12:11:33","date_gmt":"2022-07-05T10:11:33","guid":{"rendered":"https:\/\/bolting.eu\/?post_type=product&#038;p=12297"},"modified":"2023-08-04T15:23:50","modified_gmt":"2023-08-04T13:23:50","slug":"petzl-antisnow-dart-antistollplatte-kopie","status":"publish","type":"product","link":"https:\/\/bolting.eu\/en\/shop\/petzl-antisnow-dart-antistollplatte-kopie\/","title":{"rendered":"Petzl Antisnow Dart Antistollplatte"},"content":{"rendered":"<p>Die Petzl Antisnow Dart Antistollplatte ist ein perfektes Ersatzteil f\u00fcr das gleichnamige Dart Steigeisen.<\/p>\n<p>Wer die originale Platte verliert, besch\u00e4digt oder einfach nur aus Altersgr\u00fcnden ersetzen muss, ist hier richtig!<\/p>\n<p>Diese Platten sind ungemein wichtig, da sie eben das Anstollen von Schnee verhindern. Somit leisten sie einen enormen Beitrag zu mehr Sicherheit auf hochalpinen Abenteuern. Denn das besondere Design verhindert das Anhaften unabh\u00e4ngig der Schneequialit\u00e4t.<\/p>\n<h2>Eigenschaften Petzl Antisnow Dart Antistollplatte<\/h2>\n<ul>\n<li>Hersteller: <a href=\"https:\/\/bolting.eu\/produkt-kategorie\/petzl\/\">Petzl<\/a><\/li>\n<li>Artikelnummer: U001DA00<\/li>\n<li><strong>ausschlie\u00dflich f\u00fcr Petzl Dart Steigeisen (U001AA00)<\/strong><\/li>\n<li>Material: Polymer<\/li>\n<li>verhindert das Anstollen von Schnee<\/li>\n<li>Lieferumfang: je 2 x Front- und Fersenbereich Antistollplatten<\/li>\n<li>ACHTUNG. vorsichtig \u00f6ffnen &#8211; kleine Schrauben!<\/li>\n<li>Gewicht: 70 Gramm<\/li>\n<li>sehr lange Lebensdauer<\/li>\n<li>Garantie 3 Jahre<\/li>\n<\/ul>\n<h3>Einfache Montage<\/h3>\n<p>F\u00fcr die Montage der Petzl Antisnow Dart Antistollplatte bracht man nur einen kleinen Kreuzschraubenzieher. Mit diesem kann man ganz einfach die jeweiligen Teile anschrauben.<\/p>\n<p>Die weichen Polymer Platten werden von &#8220;unten&#8221; an das Steigeisen gedr\u00fcckt. Danach werden diese von &#8220;oben&#8221; mit den Schrauben fixiert.<\/p>\n<p>Ganz simpel und selbsterkl\u00e4rend. Eine Bedienungsanleitung liegt dem Lieferumfang bei.<\/p>\n<p>Achtet jedoch beim \u00d6ffnen des S\u00e4ckchens auf die kleinen Schrauben!<\/p>\n<p><a href=\"https:\/\/bolting.eu\/wp-content\/uploads\/2022\/07\/Installationsanleitung-Petzl-Antisnow-Dart.jpg\"><img loading=\"lazy\" decoding=\"async\" class=\"alignnone size-full wp-image-12303\" src=\"https:\/\/bolting.eu\/wp-content\/uploads\/2022\/07\/Installationsanleitung-Petzl-Antisnow-Dart.jpg\" alt=\"Das Bild zeigt eine Grafik mit vielen Bildern zur Installation der Petzl Antisnow Dart Antistollplatten.\" width=\"276\" height=\"800\" srcset=\"https:\/\/bolting.eu\/wp-content\/uploads\/2022\/07\/Installationsanleitung-Petzl-Antisnow-Dart.jpg 276w, https:\/\/bolting.eu\/wp-content\/uploads\/2022\/07\/Installationsanleitung-Petzl-Antisnow-Dart-138x400.jpg 138w\" sizes=\"auto, (max-width: 276px) 100vw, 276px\" \/><\/a><\/p>\n<h3>Weiches Polymer<\/h3>\n<p>Die Dart Antistollplatten sind aus dem weichem Petzl Polymer gefertigt. D.h. sie sind erstaunlich flexibel. Zudem haben sie die ben\u00f6tigte, glatte Oberfl\u00e4che, damit der Schnee nicht &#8220;anklebt&#8221;.<\/p>\n<p>Diese Materialeigenschaften sorgen sowohl f\u00fcr ein sicheres Anti-Haft Verhalten wie eine lange Lebensdauer. Denn durch das biegsame Material sind Br\u00fcche oder Risse so gut wie ausgeschlossen!<\/p>\n<h4><strong>Nur f\u00fcr DART Steigeisen verwendbar<\/strong><\/h4>\n<p>Beachtet! Die Petzl Antisnow DART Antistollplatte ist wie bereits erw\u00e4hnt ausschlie\u00dflich f\u00fcr das gleichnamige Steigeisen geeignet. Die Artikelnummer der Platte lautet U001DA00. Das Steigeisen hat die Artikelnummer: U001AA00; beim Steigeisen sind die Platten bereits vormontiert und fix im Lieferumfang mit dabei!<\/p>\n<p>Bitte kontrolliert immer, ob ihr die passende Kombination bestellt!<\/p>\n<p><a href=\"https:\/\/bolting.eu\/wp-content\/uploads\/2022\/07\/Petzl-Antisnow-Dart-Antistollplatten-4.jpg\"><img loading=\"lazy\" decoding=\"async\" class=\"alignnone size-full wp-image-12299\" src=\"https:\/\/bolting.eu\/wp-content\/uploads\/2022\/07\/Petzl-Antisnow-Dart-Antistollplatten-4.jpg\" alt=\"Das Bild zeigt die orangen Petzl Antisnow Dart Antistollplatten montiert auf dem Originalmodell.\" width=\"700\" height=\"700\" srcset=\"https:\/\/bolting.eu\/wp-content\/uploads\/2022\/07\/Petzl-Antisnow-Dart-Antistollplatten-4.jpg 700w, https:\/\/bolting.eu\/wp-content\/uploads\/2022\/07\/Petzl-Antisnow-Dart-Antistollplatten-4-100x100.jpg 100w, https:\/\/bolting.eu\/wp-content\/uploads\/2022\/07\/Petzl-Antisnow-Dart-Antistollplatten-4-510x510.jpg 510w, https:\/\/bolting.eu\/wp-content\/uploads\/2022\/07\/Petzl-Antisnow-Dart-Antistollplatten-4-400x400.jpg 400w, https:\/\/bolting.eu\/wp-content\/uploads\/2022\/07\/Petzl-Antisnow-Dart-Antistollplatten-4-280x280.jpg 280w, https:\/\/bolting.eu\/wp-content\/uploads\/2022\/07\/Petzl-Antisnow-Dart-Antistollplatten-4-300x300.jpg 300w, https:\/\/bolting.eu\/wp-content\/uploads\/2022\/07\/Petzl-Antisnow-Dart-Antistollplatten-4-600x600.jpg 600w\" sizes=\"auto, (max-width: 700px) 100vw, 700px\" \/><\/a><\/p>\n","protected":false},"excerpt":{"rendered":"<p>Je 2 x Front- und Fersenbereich Antistollplatten zum Nachbesetzen f\u00fcr 1 Paar Petzl DART Steigeisen.<\/p>\n<p>Besteht aus weichem Polymer und ist super einfach zu montieren. Extrem langlebig, \u00e4u\u00dferst effektiv und ein enormer Beitrag zur Sicherheit bei jeder Schneeart!<\/p>\n","protected":false},"featured_media":12302,"comment_status":"open","ping_status":"closed","template":"","meta":[],"product_brand":[],"product_cat":[13938,14093,14356],"product_tag":[],"class_list":{"0":"post-12297","1":"product","2":"type-product","3":"status-publish","4":"has-post-thumbnail","6":"product_cat-bergsteiger-ausruestung","7":"product_cat-petzl","8":"product_cat-steigeisen-ersatzteile-zubehoer","10":"first","11":"instock","12":"taxable","13":"shipping-taxable","14":"purchasable","15":"product-type-simple"},"yoast_head":"<!-- This site is optimized with the Yoast SEO Premium plugin v26.9 (Yoast SEO v26.9) - https:\/\/yoast.com\/product\/yoast-seo-premium-wordpress\/ -->\n<title>Petzl Antisnow Dart Antistollplatte - f\u00fcr 1 Paar Steigeisen | bolting.eu<\/title>\n<meta name=\"description\" content=\"Hier findest Du die PETZL ANTISNOW DART ANTISTOLLPLATTEN f\u00fcr 1 Paar Steigeisen. Weiche Polymer Platten zum einfachen selber Montieren.\" \/>\n<meta name=\"robots\" content=\"index, follow, max-snippet:-1, max-image-preview:large, max-video-preview:-1\" \/>\n<link rel=\"canonical\" href=\"https:\/\/bolting.eu\/en\/shop\/petzl-antisnow-dart-antistollplatte-kopie\/\" \/>\n<meta property=\"og:locale\" content=\"en_US\" \/>\n<meta property=\"og:type\" content=\"article\" \/>\n<meta property=\"og:title\" content=\"Petzl Antisnow Dart Antistollplatte\" \/>\n<meta property=\"og:description\" content=\"Hier findest Du die PETZL ANTISNOW DART ANTISTOLLPLATTEN f\u00fcr 1 Paar Steigeisen. Weiche Polymer Platten zum einfachen selber Montieren.\" \/>\n<meta property=\"og:url\" content=\"https:\/\/bolting.eu\/en\/shop\/petzl-antisnow-dart-antistollplatte-kopie\/\" \/>\n<meta property=\"og:site_name\" content=\"bolting.eu\" \/>\n<meta property=\"article:publisher\" content=\"https:\/\/www.facebook.com\/bolting.eu\" \/>\n<meta property=\"article:modified_time\" content=\"2023-08-04T13:23:50+00:00\" \/>\n<meta property=\"og:image\" content=\"https:\/\/bolting.eu\/wp-content\/uploads\/2022\/07\/Petzl-Antisnow-Dart-Antistollplatten-1.jpg\" \/>\n\t<meta property=\"og:image:width\" content=\"700\" \/>\n\t<meta property=\"og:image:height\" content=\"700\" \/>\n\t<meta property=\"og:image:type\" content=\"image\/jpeg\" \/>\n<meta name=\"twitter:card\" content=\"summary_large_image\" \/>\n<meta name=\"twitter:label1\" content=\"Price\" \/>\n\t<meta name=\"twitter:data1\" content=\"&euro;&nbsp;20,50\" \/>\n\t<meta name=\"twitter:label2\" content=\"Availability\" \/>\n\t<meta name=\"twitter:data2\" content=\"In stock\" \/>\n<script type=\"application\/ld+json\" class=\"yoast-schema-graph\">{\"@context\":\"https:\/\/schema.org\",\"@graph\":[{\"@type\":[\"WebPage\",\"ItemPage\"],\"@id\":\"https:\/\/bolting.eu\/en\/shop\/petzl-antisnow-dart-antistollplatte-kopie\/\",\"url\":\"https:\/\/bolting.eu\/en\/shop\/petzl-antisnow-dart-antistollplatte-kopie\/\",\"name\":\"Petzl Antisnow Dart Antistollplatte - f\u00fcr 1 Paar Steigeisen | bolting.eu\",\"isPartOf\":{\"@id\":\"https:\/\/bolting.eu\/en\/#website\"},\"primaryImageOfPage\":{\"@id\":\"https:\/\/bolting.eu\/en\/shop\/petzl-antisnow-dart-antistollplatte-kopie\/#primaryimage\"},\"image\":{\"@id\":\"https:\/\/bolting.eu\/en\/shop\/petzl-antisnow-dart-antistollplatte-kopie\/#primaryimage\"},\"thumbnailUrl\":\"https:\/\/bolting.eu\/wp-content\/uploads\/2022\/07\/Petzl-Antisnow-Dart-Antistollplatten-1.jpg\",\"datePublished\":\"2022-07-05T10:11:33+00:00\",\"dateModified\":\"2023-08-04T13:23:50+00:00\",\"description\":\"Hier findest Du die PETZL ANTISNOW DART ANTISTOLLPLATTEN f\u00fcr 1 Paar Steigeisen. Weiche Polymer Platten zum einfachen selber Montieren.\",\"breadcrumb\":{\"@id\":\"https:\/\/bolting.eu\/en\/shop\/petzl-antisnow-dart-antistollplatte-kopie\/#breadcrumb\"},\"inLanguage\":\"en-US\",\"potentialAction\":[{\"@type\":\"ReadAction\",\"target\":[\"https:\/\/bolting.eu\/en\/shop\/petzl-antisnow-dart-antistollplatte-kopie\/\"]}]},{\"@type\":\"ImageObject\",\"inLanguage\":\"en-US\",\"@id\":\"https:\/\/bolting.eu\/en\/shop\/petzl-antisnow-dart-antistollplatte-kopie\/#primaryimage\",\"url\":\"https:\/\/bolting.eu\/wp-content\/uploads\/2022\/07\/Petzl-Antisnow-Dart-Antistollplatten-1.jpg\",\"contentUrl\":\"https:\/\/bolting.eu\/wp-content\/uploads\/2022\/07\/Petzl-Antisnow-Dart-Antistollplatten-1.jpg\",\"width\":700,\"height\":700,\"caption\":\"Das Bild zeigt die orangen Petzl Antisnow Dart Antistollplatten alleine auf wei\u00dfem Grund.\"},{\"@type\":\"BreadcrumbList\",\"@id\":\"https:\/\/bolting.eu\/en\/shop\/petzl-antisnow-dart-antistollplatte-kopie\/#breadcrumb\",\"itemListElement\":[{\"@type\":\"ListItem\",\"position\":1,\"name\":\"Shop\",\"item\":\"https:\/\/bolting.eu\/en\/shop\/\"},{\"@type\":\"ListItem\",\"position\":2,\"name\":\"Bergsteiger Ausr\u00fcstung\",\"item\":\"https:\/\/bolting.eu\/produkt-kategorie\/bergsteiger-ausruestung\/\"},{\"@type\":\"ListItem\",\"position\":3,\"name\":\"Steigeisen Ersatzteile - Zubeh\u00f6r\",\"item\":\"https:\/\/bolting.eu\/produkt-kategorie\/bergsteiger-ausruestung\/steigeisen-ersatzteile-zubehoer\/\"},{\"@type\":\"ListItem\",\"position\":4,\"name\":\"Petzl Antisnow Dart Antistollplatte\"}]},{\"@type\":\"WebSite\",\"@id\":\"https:\/\/bolting.eu\/en\/#website\",\"url\":\"https:\/\/bolting.eu\/en\/\",\"name\":\"bolting.eu\",\"description\":\"we make climbs happen\",\"publisher\":{\"@id\":\"https:\/\/bolting.eu\/en\/#organization\"},\"potentialAction\":[{\"@type\":\"SearchAction\",\"target\":{\"@type\":\"EntryPoint\",\"urlTemplate\":\"https:\/\/bolting.eu\/en\/?s={search_term_string}\"},\"query-input\":{\"@type\":\"PropertyValueSpecification\",\"valueRequired\":true,\"valueName\":\"search_term_string\"}}],\"inLanguage\":\"en-US\"},{\"@type\":[\"Organization\",\"Place\",\"SportingGoodsStore\"],\"@id\":\"https:\/\/bolting.eu\/en\/#organization\",\"name\":\"bolting.eu\",\"url\":\"https:\/\/bolting.eu\/en\/\",\"logo\":{\"@id\":\"https:\/\/bolting.eu\/en\/shop\/petzl-antisnow-dart-antistollplatte-kopie\/#local-main-organization-logo\"},\"image\":{\"@id\":\"https:\/\/bolting.eu\/en\/shop\/petzl-antisnow-dart-antistollplatte-kopie\/#local-main-organization-logo\"},\"sameAs\":[\"https:\/\/www.facebook.com\/bolting.eu\",\"https:\/\/www.instagram.com\/bolting.eu\/\"],\"address\":{\"@id\":\"https:\/\/bolting.eu\/en\/shop\/petzl-antisnow-dart-antistollplatte-kopie\/#local-main-place-address\"},\"geo\":{\"@type\":\"GeoCoordinates\",\"latitude\":\"47.264176340396226\",\"longitude\":\"11.380109057672346\"},\"telephone\":[\"+43 699 19083372\"],\"openingHoursSpecification\":[{\"@type\":\"OpeningHoursSpecification\",\"dayOfWeek\":[\"Monday\",\"Wednesday\",\"Friday\"],\"opens\":\"14:00\",\"closes\":\"18:00\"},{\"@type\":\"OpeningHoursSpecification\",\"dayOfWeek\":[\"Tuesday\",\"Thursday\",\"Saturday\",\"Sunday\"],\"opens\":\"00:00\",\"closes\":\"00:00\"}],\"email\":\"office@bolting.eu\",\"vatID\":\"ATU59999728\",\"priceRange\":\"$$\",\"currenciesAccepted\":\"Euro\"},{\"@type\":\"PostalAddress\",\"@id\":\"https:\/\/bolting.eu\/en\/shop\/petzl-antisnow-dart-antistollplatte-kopie\/#local-main-place-address\",\"streetAddress\":\"Fischnalerstra\u00dfe 4\",\"addressLocality\":\"Innsbruck\",\"postalCode\":\"6020\",\"addressRegion\":\"Tirol\",\"addressCountry\":\"AT\"},{\"@type\":\"ImageObject\",\"inLanguage\":\"en-US\",\"@id\":\"https:\/\/bolting.eu\/en\/shop\/petzl-antisnow-dart-antistollplatte-kopie\/#local-main-organization-logo\",\"url\":\"https:\/\/bolting.eu\/wp-content\/uploads\/2019\/09\/bolting-logo.png\",\"contentUrl\":\"https:\/\/bolting.eu\/wp-content\/uploads\/2019\/09\/bolting-logo.png\",\"width\":400,\"height\":211,\"caption\":\"bolting.eu\"}]}<\/script>\n<meta property=\"product:price:amount\" content=\"20.50\" \/>\n<meta property=\"product:price:currency\" content=\"EUR\" \/>\n<meta property=\"og:availability\" content=\"instock\" \/>\n<meta property=\"product:availability\" content=\"instock\" \/>\n<meta property=\"product:retailer_item_id\" content=\"U001DA00\" \/>\n<meta property=\"product:condition\" content=\"new\" \/>\n<meta name=\"geo.placename\" content=\"Innsbruck\" \/>\n<meta name=\"geo.position\" content=\"47.264176340396226;11.380109057672346\" \/>\n<meta name=\"geo.region\" content=\"Austria\" \/>\n<!-- \/ Yoast SEO Premium plugin. -->","yoast_head_json":{"title":"Petzl Antisnow Dart Antistollplatte - f\u00fcr 1 Paar Steigeisen | bolting.eu","description":"Hier findest Du die PETZL ANTISNOW DART ANTISTOLLPLATTEN f\u00fcr 1 Paar Steigeisen. Weiche Polymer Platten zum einfachen selber Montieren.","robots":{"index":"index","follow":"follow","max-snippet":"max-snippet:-1","max-image-preview":"max-image-preview:large","max-video-preview":"max-video-preview:-1"},"canonical":"https:\/\/bolting.eu\/en\/shop\/petzl-antisnow-dart-antistollplatte-kopie\/","og_locale":"en_US","og_type":"article","og_title":"Petzl Antisnow Dart Antistollplatte","og_description":"Hier findest Du die PETZL ANTISNOW DART ANTISTOLLPLATTEN f\u00fcr 1 Paar Steigeisen. Weiche Polymer Platten zum einfachen selber Montieren.","og_url":"https:\/\/bolting.eu\/en\/shop\/petzl-antisnow-dart-antistollplatte-kopie\/","og_site_name":"bolting.eu","article_publisher":"https:\/\/www.facebook.com\/bolting.eu","article_modified_time":"2023-08-04T13:23:50+00:00","og_image":[{"width":700,"height":700,"url":"https:\/\/bolting.eu\/wp-content\/uploads\/2022\/07\/Petzl-Antisnow-Dart-Antistollplatten-1.jpg","type":"image\/jpeg"}],"twitter_card":"summary_large_image","twitter_misc":{"Price":"&euro;&nbsp;20,50","Availability":"In stock"},"schema":{"@context":"https:\/\/schema.org","@graph":[{"@type":["WebPage","ItemPage"],"@id":"https:\/\/bolting.eu\/en\/shop\/petzl-antisnow-dart-antistollplatte-kopie\/","url":"https:\/\/bolting.eu\/en\/shop\/petzl-antisnow-dart-antistollplatte-kopie\/","name":"Petzl Antisnow Dart Antistollplatte - f\u00fcr 1 Paar Steigeisen | bolting.eu","isPartOf":{"@id":"https:\/\/bolting.eu\/en\/#website"},"primaryImageOfPage":{"@id":"https:\/\/bolting.eu\/en\/shop\/petzl-antisnow-dart-antistollplatte-kopie\/#primaryimage"},"image":{"@id":"https:\/\/bolting.eu\/en\/shop\/petzl-antisnow-dart-antistollplatte-kopie\/#primaryimage"},"thumbnailUrl":"https:\/\/bolting.eu\/wp-content\/uploads\/2022\/07\/Petzl-Antisnow-Dart-Antistollplatten-1.jpg","datePublished":"2022-07-05T10:11:33+00:00","dateModified":"2023-08-04T13:23:50+00:00","description":"Hier findest Du die PETZL ANTISNOW DART ANTISTOLLPLATTEN f\u00fcr 1 Paar Steigeisen. Weiche Polymer Platten zum einfachen selber Montieren.","breadcrumb":{"@id":"https:\/\/bolting.eu\/en\/shop\/petzl-antisnow-dart-antistollplatte-kopie\/#breadcrumb"},"inLanguage":"en-US","potentialAction":[{"@type":"ReadAction","target":["https:\/\/bolting.eu\/en\/shop\/petzl-antisnow-dart-antistollplatte-kopie\/"]}]},{"@type":"ImageObject","inLanguage":"en-US","@id":"https:\/\/bolting.eu\/en\/shop\/petzl-antisnow-dart-antistollplatte-kopie\/#primaryimage","url":"https:\/\/bolting.eu\/wp-content\/uploads\/2022\/07\/Petzl-Antisnow-Dart-Antistollplatten-1.jpg","contentUrl":"https:\/\/bolting.eu\/wp-content\/uploads\/2022\/07\/Petzl-Antisnow-Dart-Antistollplatten-1.jpg","width":700,"height":700,"caption":"Das Bild zeigt die orangen Petzl Antisnow Dart Antistollplatten alleine auf wei\u00dfem Grund."},{"@type":"BreadcrumbList","@id":"https:\/\/bolting.eu\/en\/shop\/petzl-antisnow-dart-antistollplatte-kopie\/#breadcrumb","itemListElement":[{"@type":"ListItem","position":1,"name":"Shop","item":"https:\/\/bolting.eu\/en\/shop\/"},{"@type":"ListItem","position":2,"name":"Bergsteiger Ausr\u00fcstung","item":"https:\/\/bolting.eu\/produkt-kategorie\/bergsteiger-ausruestung\/"},{"@type":"ListItem","position":3,"name":"Steigeisen Ersatzteile - Zubeh\u00f6r","item":"https:\/\/bolting.eu\/produkt-kategorie\/bergsteiger-ausruestung\/steigeisen-ersatzteile-zubehoer\/"},{"@type":"ListItem","position":4,"name":"Petzl Antisnow Dart Antistollplatte"}]},{"@type":"WebSite","@id":"https:\/\/bolting.eu\/en\/#website","url":"https:\/\/bolting.eu\/en\/","name":"bolting.eu","description":"we make climbs happen","publisher":{"@id":"https:\/\/bolting.eu\/en\/#organization"},"potentialAction":[{"@type":"SearchAction","target":{"@type":"EntryPoint","urlTemplate":"https:\/\/bolting.eu\/en\/?s={search_term_string}"},"query-input":{"@type":"PropertyValueSpecification","valueRequired":true,"valueName":"search_term_string"}}],"inLanguage":"en-US"},{"@type":["Organization","Place","SportingGoodsStore"],"@id":"https:\/\/bolting.eu\/en\/#organization","name":"bolting.eu","url":"https:\/\/bolting.eu\/en\/","logo":{"@id":"https:\/\/bolting.eu\/en\/shop\/petzl-antisnow-dart-antistollplatte-kopie\/#local-main-organization-logo"},"image":{"@id":"https:\/\/bolting.eu\/en\/shop\/petzl-antisnow-dart-antistollplatte-kopie\/#local-main-organization-logo"},"sameAs":["https:\/\/www.facebook.com\/bolting.eu","https:\/\/www.instagram.com\/bolting.eu\/"],"address":{"@id":"https:\/\/bolting.eu\/en\/shop\/petzl-antisnow-dart-antistollplatte-kopie\/#local-main-place-address"},"geo":{"@type":"GeoCoordinates","latitude":"47.264176340396226","longitude":"11.380109057672346"},"telephone":["+43 699 19083372"],"openingHoursSpecification":[{"@type":"OpeningHoursSpecification","dayOfWeek":["Monday","Wednesday","Friday"],"opens":"14:00","closes":"18:00"},{"@type":"OpeningHoursSpecification","dayOfWeek":["Tuesday","Thursday","Saturday","Sunday"],"opens":"00:00","closes":"00:00"}],"email":"office@bolting.eu","vatID":"ATU59999728","priceRange":"$$","currenciesAccepted":"Euro"},{"@type":"PostalAddress","@id":"https:\/\/bolting.eu\/en\/shop\/petzl-antisnow-dart-antistollplatte-kopie\/#local-main-place-address","streetAddress":"Fischnalerstra\u00dfe 4","addressLocality":"Innsbruck","postalCode":"6020","addressRegion":"Tirol","addressCountry":"AT"},{"@type":"ImageObject","inLanguage":"en-US","@id":"https:\/\/bolting.eu\/en\/shop\/petzl-antisnow-dart-antistollplatte-kopie\/#local-main-organization-logo","url":"https:\/\/bolting.eu\/wp-content\/uploads\/2019\/09\/bolting-logo.png","contentUrl":"https:\/\/bolting.eu\/wp-content\/uploads\/2019\/09\/bolting-logo.png","width":400,"height":211,"caption":"bolting.eu"}]},"product_price_amount":"20.50","product_price_currency":"EUR","og_availability":"instock","product_availability":"instock","product_retailer_item_id":"U001DA00","product_condition":"new","geo.placename":"Innsbruck","geo.position":{"lat":"47.264176340396226","long":"11.380109057672346"},"geo.region":"Austria"},"_links":{"self":[{"href":"https:\/\/bolting.eu\/en\/wp-json\/wp\/v2\/product\/12297","targetHints":{"allow":["GET"]}}],"collection":[{"href":"https:\/\/bolting.eu\/en\/wp-json\/wp\/v2\/product"}],"about":[{"href":"https:\/\/bolting.eu\/en\/wp-json\/wp\/v2\/types\/product"}],"replies":[{"embeddable":true,"href":"https:\/\/bolting.eu\/en\/wp-json\/wp\/v2\/comments?post=12297"}],"wp:featuredmedia":[{"embeddable":true,"href":"https:\/\/bolting.eu\/en\/wp-json\/wp\/v2\/media\/12302"}],"wp:attachment":[{"href":"https:\/\/bolting.eu\/en\/wp-json\/wp\/v2\/media?parent=12297"}],"wp:term":[{"taxonomy":"product_brand","embeddable":true,"href":"https:\/\/bolting.eu\/en\/wp-json\/wp\/v2\/product_brand?post=12297"},{"taxonomy":"product_cat","embeddable":true,"href":"https:\/\/bolting.eu\/en\/wp-json\/wp\/v2\/product_cat?post=12297"},{"taxonomy":"product_tag","embeddable":true,"href":"https:\/\/bolting.eu\/en\/wp-json\/wp\/v2\/product_tag?post=12297"}],"curies":[{"name":"wp","href":"https:\/\/api.w.org\/{rel}","templated":true}]}}