{"id":12280,"date":"2022-07-04T11:00:32","date_gmt":"2022-07-04T09:00:32","guid":{"rendered":"https:\/\/bolting.eu\/?post_type=product&#038;p=12280"},"modified":"2026-03-20T16:45:49","modified_gmt":"2026-03-20T15:45:49","slug":"eisschraubentasche-petzl-octo","status":"publish","type":"product","link":"https:\/\/bolting.eu\/en\/shop\/eisschraubentasche-petzl-octo\/","title":{"rendered":"Eisschraubentasche Petzl Octo"},"content":{"rendered":"<p>Die Eisschraubentasche Petzl Octo ist ein praktisches Eiskletter und Hochturen Zubeh\u00f6r. Denn darin lassen sich perfekt bis zu acht Eisschrauben lagern bzw. transportieren.<\/p>\n<p>Die Tasche besteht aus extrem robusten Nylon Netz-Stoff mit einem d\u00fcnnen Zurr-G\u00fcrtel inkl. Stecker au\u00dfen. Innen hat die Tasche 8 R\u00f6hren aus hoch abriebfesten Polyurethane Kunststoff. Hier werden die <a href=\"https:\/\/bolting.eu\/produkt-kategorie\/bergsteiger-ausruestung\/eisschrauben\/\">Eisschrauben<\/a> einfach eingesteckt. Ein Netzfach bietet Platz f\u00fcr eineFeile oder 2 Hauen.<\/p>\n<p>Ist die Tasche &#8220;beladen&#8221;, wird sie einfach zusammengerollt. Durch das Zusammenzurren des G\u00fcrtels werden alle Schrauben fixiert und k\u00f6nnen nicht mehr heraus fallen.<\/p>\n<p>Kurzum. Nicht umsonst ist die Octo derart beliebt!<\/p>\n<h2>Eigenschaften Eisschraubentasche Petzl Octo<\/h2>\n<ul>\n<li>Hersteller: <a href=\"https:\/\/bolting.eu\/produkt-kategorie\/petzl\/\">Petzl<\/a><\/li>\n<li>Material: Nylon, TPU (themoplastisches Polyurethane)<\/li>\n<li>Gewicht: 160 Gramm<\/li>\n<li>f\u00fcr bis zu 12 Eisschrauben mit bis zu 18mm Durchmesser<\/li>\n<li>Innen 8 R\u00f6hren mit 20cm L\u00e4nge<\/li>\n<li>au\u00dfen Zurrgurt zum Zusammenziehen<\/li>\n<li>f\u00fcr Transport, Organisation und Trocknen<\/li>\n<li>Lieferumfang ohne Eisschrauben!<\/li>\n<li>zum <a href=\"https:\/\/petzl.com\">Hersteller<\/a><\/li>\n<\/ul>\n<h3>Produktvideo<\/h3>\n<p>Lasst euch die Eisschraubentasche Petzl Octo kurz in diesem Video von der ISPO 2019 vorstellen.<\/p>\n<p><iframe loading=\"lazy\" title=\"Petzl - Octo and Multihook\" width=\"1020\" height=\"574\" src=\"https:\/\/www.youtube.com\/embed\/7q4mVaQgSUI?feature=oembed\" frameborder=\"0\" allow=\"accelerometer; autoplay; clipboard-write; encrypted-media; gyroscope; picture-in-picture; web-share\" referrerpolicy=\"strict-origin-when-cross-origin\" allowfullscreen><\/iframe><\/p>\n<h3>Eisschrauben trocken lagern!<\/h3>\n<p>Die Eisschraubentasche Petzl Octo hilft euch dabei, die Schrauben trocken zu lagern.<\/p>\n<p>Denn nasses Metall hat eine viel h\u00f6here Anf\u00e4lligkeit auf Rost als trockenes. Und hier ist das Netz Material der Octo Tasche ideal.<\/p>\n<p>Somit k\u00f6nnen n\u00e4mlich feucht verstaute Schrauben gut trocknen und halten im Schnitt wesentlich l\u00e4nger, als feucht gelagerte Schrauben.<\/p>\n<p>\u00dcbrigens. Ihr k\u00f6nnt die ganze Tasche zum Trocknen aufh\u00e4ngen. Die Schrauben m\u00fcssen nicht entfernt werden!<\/p>\n<h3>Eisschraubentasche Petzl Octo &#8211; Transportieren<\/h3>\n<p>F\u00fcr den Transport der Eisschrauben ist diese Tasche wirklich ideal. Denn sie hat zum einen ein geringes Packma\u00df. D.h. sie st\u00f6rt im Rucksack nicht und l\u00e4sst sich gut vertikal wie horizontal gelagert mitnehmen.<\/p>\n<p>Und zum anderen sch\u00fctzt sie den Inhalt des Rucksacks bzw. die scharfen Zacken der Eisschrauben. Apropos Schutz!<\/p>\n<p>Durch die einzelnen Kammern werden nat\u00fcrlich auch die Gewinde bestens gesch\u00fctzt. So lassen sich eure Eisschrauben lange super eindrehen.<\/p>\n<p><a href=\"https:\/\/bolting.eu\/wp-content\/uploads\/2022\/07\/Eisschraubentasche-Petzl-Octo-1.jpg\"><img loading=\"lazy\" decoding=\"async\" class=\"alignnone wp-image-12284 size-medium\" src=\"https:\/\/bolting.eu\/wp-content\/uploads\/2022\/07\/Eisschraubentasche-Petzl-Octo-1-400x400.jpg\" alt=\"Das Bild zeigt eine Tasche f\u00fcr Eisschrauben ingeschlossenem Zustand.\" width=\"400\" height=\"400\" srcset=\"https:\/\/bolting.eu\/wp-content\/uploads\/2022\/07\/Eisschraubentasche-Petzl-Octo-1-400x400.jpg 400w, https:\/\/bolting.eu\/wp-content\/uploads\/2022\/07\/Eisschraubentasche-Petzl-Octo-1-100x100.jpg 100w, https:\/\/bolting.eu\/wp-content\/uploads\/2022\/07\/Eisschraubentasche-Petzl-Octo-1-510x510.jpg 510w, https:\/\/bolting.eu\/wp-content\/uploads\/2022\/07\/Eisschraubentasche-Petzl-Octo-1-280x280.jpg 280w, https:\/\/bolting.eu\/wp-content\/uploads\/2022\/07\/Eisschraubentasche-Petzl-Octo-1-300x300.jpg 300w, https:\/\/bolting.eu\/wp-content\/uploads\/2022\/07\/Eisschraubentasche-Petzl-Octo-1-600x600.jpg 600w, https:\/\/bolting.eu\/wp-content\/uploads\/2022\/07\/Eisschraubentasche-Petzl-Octo-1.jpg 700w\" sizes=\"auto, (max-width: 400px) 100vw, 400px\" \/><\/a><\/p>\n<h3>Know How Tipps<\/h3>\n<p>Unsere weiteren Beitrag Tipps zum Thema Eisschrauben sind:<\/p>\n<ul>\n<li><a href=\"https:\/\/bolting.eu\/eisschrauben-setzen\/\">Eisschrauben setzen<\/a><\/li>\n<li><a href=\"https:\/\/bolting.eu\/eisschrauben-abbauen\/\">Eisschrauben abbauen<\/a><\/li>\n<\/ul>\n","protected":false},"excerpt":{"rendered":"<p>Innovative Tasche f\u00fcr Eisschrauben. Transportieren, Aufbewahren und Trocknen in einem!<\/p>\n<p>Platz f\u00fcr ein ganzes Set mit bis zu 12 Schrauben in den 8 R\u00f6hren der Tasche. F\u00fcr lange Lebensdauer der Eisschrauben unerl\u00e4sslich!<\/p>\n<p>Versandkostenfrei bis 2kg in <img decoding=\"async\" class=\"emoji\" role=\"img\" draggable=\"false\" src=\"https:\/\/s.w.org\/images\/core\/emoji\/14.0.0\/svg\/1f1e6-1f1f9.svg\" alt=\"\ud83c\udde6\ud83c\uddf9\" \/> ab \u20ac 100,- und <img decoding=\"async\" class=\"emoji\" role=\"img\" draggable=\"false\" src=\"https:\/\/s.w.org\/images\/core\/emoji\/14.0.0\/svg\/1f1e9-1f1ea.svg\" alt=\"\ud83c\udde9\ud83c\uddea\" \/> ab \u20ac 200,-!<\/p>\n","protected":false},"featured_media":12281,"comment_status":"open","ping_status":"closed","template":"","meta":[],"product_brand":[],"product_cat":[13938,14281,14093,11052],"product_tag":[],"class_list":{"0":"post-12280","1":"product","2":"type-product","3":"status-publish","4":"has-post-thumbnail","6":"product_cat-bergsteiger-ausruestung","7":"product_cat-eisschrauben","8":"product_cat-petzl","9":"product_cat-zubehoer-hochtouren","11":"first","12":"instock","13":"taxable","14":"shipping-taxable","15":"purchasable","16":"product-type-simple"},"yoast_head":"<!-- This site is optimized with the Yoast SEO Premium plugin v26.9 (Yoast SEO v26.9) - https:\/\/yoast.com\/product\/yoast-seo-premium-wordpress\/ -->\n<title>Eisschraubentasche Petzl Octo - f\u00fcr bis zu 12 Schrauben | bolting.eu<\/title>\n<meta name=\"description\" content=\"EISSCHRAUBENTASCHE PETZL OCTO beim Kletter Hardwareprofi kaufen \u2705 Trusted Shop \u2705 kostenloser Versand* \u2705 14 Tage R\u00fcckgaberecht \u2705 Co2 neutrale Zustellung\" \/>\n<meta name=\"robots\" content=\"index, follow, max-snippet:-1, max-image-preview:large, max-video-preview:-1\" \/>\n<link rel=\"canonical\" href=\"https:\/\/bolting.eu\/en\/shop\/eisschraubentasche-petzl-octo\/\" \/>\n<meta property=\"og:locale\" content=\"en_US\" \/>\n<meta property=\"og:type\" content=\"article\" \/>\n<meta property=\"og:title\" content=\"Eisschraubentasche Petzl Octo\" \/>\n<meta property=\"og:description\" content=\"EISSCHRAUBENTASCHE PETZL OCTO beim Kletter Hardwareprofi kaufen \u2705 Trusted Shop \u2705 kostenloser Versand* \u2705 14 Tage R\u00fcckgaberecht \u2705 Co2 neutrale Zustellung\" \/>\n<meta property=\"og:url\" content=\"https:\/\/bolting.eu\/en\/shop\/eisschraubentasche-petzl-octo\/\" \/>\n<meta property=\"og:site_name\" content=\"bolting.eu\" \/>\n<meta property=\"article:publisher\" content=\"https:\/\/www.facebook.com\/bolting.eu\" \/>\n<meta property=\"article:modified_time\" content=\"2026-03-20T15:45:49+00:00\" \/>\n<meta property=\"og:image\" content=\"https:\/\/bolting.eu\/wp-content\/uploads\/2022\/07\/Eisschraubentasche-Petzl-Octo-4.jpg\" \/>\n\t<meta property=\"og:image:width\" content=\"700\" \/>\n\t<meta property=\"og:image:height\" content=\"700\" \/>\n\t<meta property=\"og:image:type\" content=\"image\/jpeg\" \/>\n<meta name=\"twitter:card\" content=\"summary_large_image\" \/>\n<meta name=\"twitter:label1\" content=\"Price\" \/>\n\t<meta name=\"twitter:data1\" content=\"&euro;&nbsp;30,00\" \/>\n\t<meta name=\"twitter:label2\" content=\"Availability\" \/>\n\t<meta name=\"twitter:data2\" content=\"In stock\" \/>\n<script type=\"application\/ld+json\" class=\"yoast-schema-graph\">{\"@context\":\"https:\/\/schema.org\",\"@graph\":[{\"@type\":[\"WebPage\",\"ItemPage\"],\"@id\":\"https:\/\/bolting.eu\/en\/shop\/eisschraubentasche-petzl-octo\/\",\"url\":\"https:\/\/bolting.eu\/en\/shop\/eisschraubentasche-petzl-octo\/\",\"name\":\"Eisschraubentasche Petzl Octo - f\u00fcr bis zu 12 Schrauben | bolting.eu\",\"isPartOf\":{\"@id\":\"https:\/\/bolting.eu\/en\/#website\"},\"primaryImageOfPage\":{\"@id\":\"https:\/\/bolting.eu\/en\/shop\/eisschraubentasche-petzl-octo\/#primaryimage\"},\"image\":{\"@id\":\"https:\/\/bolting.eu\/en\/shop\/eisschraubentasche-petzl-octo\/#primaryimage\"},\"thumbnailUrl\":\"https:\/\/bolting.eu\/wp-content\/uploads\/2022\/07\/Eisschraubentasche-Petzl-Octo-4.jpg\",\"datePublished\":\"2022-07-04T09:00:32+00:00\",\"dateModified\":\"2026-03-20T15:45:49+00:00\",\"description\":\"EISSCHRAUBENTASCHE PETZL OCTO beim Kletter Hardwareprofi kaufen \u2705 Trusted Shop \u2705 kostenloser Versand* \u2705 14 Tage R\u00fcckgaberecht \u2705 Co2 neutrale Zustellung\",\"breadcrumb\":{\"@id\":\"https:\/\/bolting.eu\/en\/shop\/eisschraubentasche-petzl-octo\/#breadcrumb\"},\"inLanguage\":\"en-US\",\"potentialAction\":[{\"@type\":\"ReadAction\",\"target\":[\"https:\/\/bolting.eu\/en\/shop\/eisschraubentasche-petzl-octo\/\"]}]},{\"@type\":\"ImageObject\",\"inLanguage\":\"en-US\",\"@id\":\"https:\/\/bolting.eu\/en\/shop\/eisschraubentasche-petzl-octo\/#primaryimage\",\"url\":\"https:\/\/bolting.eu\/wp-content\/uploads\/2022\/07\/Eisschraubentasche-Petzl-Octo-4.jpg\",\"contentUrl\":\"https:\/\/bolting.eu\/wp-content\/uploads\/2022\/07\/Eisschraubentasche-Petzl-Octo-4.jpg\",\"width\":700,\"height\":700,\"caption\":\"Das Bild zeigt die schwarz-orange Eisschraubentasche Petzl Octo in ge\u00f6ffnetem Zustand. Man sieht eine faltbare tAsche mit orangen Plastikr\u00f6hren.\"},{\"@type\":\"BreadcrumbList\",\"@id\":\"https:\/\/bolting.eu\/en\/shop\/eisschraubentasche-petzl-octo\/#breadcrumb\",\"itemListElement\":[{\"@type\":\"ListItem\",\"position\":1,\"name\":\"Shop\",\"item\":\"https:\/\/bolting.eu\/en\/shop\/\"},{\"@type\":\"ListItem\",\"position\":2,\"name\":\"Bergsteiger Ausr\u00fcstung\",\"item\":\"https:\/\/bolting.eu\/produkt-kategorie\/bergsteiger-ausruestung\/\"},{\"@type\":\"ListItem\",\"position\":3,\"name\":\"Eisschrauben\",\"item\":\"https:\/\/bolting.eu\/produkt-kategorie\/bergsteiger-ausruestung\/eisschrauben\/\"},{\"@type\":\"ListItem\",\"position\":4,\"name\":\"Eisschraubentasche Petzl Octo\"}]},{\"@type\":\"WebSite\",\"@id\":\"https:\/\/bolting.eu\/en\/#website\",\"url\":\"https:\/\/bolting.eu\/en\/\",\"name\":\"bolting.eu\",\"description\":\"we make climbs happen\",\"publisher\":{\"@id\":\"https:\/\/bolting.eu\/en\/#organization\"},\"potentialAction\":[{\"@type\":\"SearchAction\",\"target\":{\"@type\":\"EntryPoint\",\"urlTemplate\":\"https:\/\/bolting.eu\/en\/?s={search_term_string}\"},\"query-input\":{\"@type\":\"PropertyValueSpecification\",\"valueRequired\":true,\"valueName\":\"search_term_string\"}}],\"inLanguage\":\"en-US\"},{\"@type\":[\"Organization\",\"Place\",\"SportingGoodsStore\"],\"@id\":\"https:\/\/bolting.eu\/en\/#organization\",\"name\":\"bolting.eu\",\"url\":\"https:\/\/bolting.eu\/en\/\",\"logo\":{\"@id\":\"https:\/\/bolting.eu\/en\/shop\/eisschraubentasche-petzl-octo\/#local-main-organization-logo\"},\"image\":{\"@id\":\"https:\/\/bolting.eu\/en\/shop\/eisschraubentasche-petzl-octo\/#local-main-organization-logo\"},\"sameAs\":[\"https:\/\/www.facebook.com\/bolting.eu\",\"https:\/\/www.instagram.com\/bolting.eu\/\"],\"address\":{\"@id\":\"https:\/\/bolting.eu\/en\/shop\/eisschraubentasche-petzl-octo\/#local-main-place-address\"},\"geo\":{\"@type\":\"GeoCoordinates\",\"latitude\":\"47.264176340396226\",\"longitude\":\"11.380109057672346\"},\"telephone\":[\"+43 699 19083372\"],\"openingHoursSpecification\":[{\"@type\":\"OpeningHoursSpecification\",\"dayOfWeek\":[\"Monday\",\"Wednesday\",\"Friday\"],\"opens\":\"14:00\",\"closes\":\"18:00\"},{\"@type\":\"OpeningHoursSpecification\",\"dayOfWeek\":[\"Tuesday\",\"Thursday\",\"Saturday\",\"Sunday\"],\"opens\":\"00:00\",\"closes\":\"00:00\"}],\"email\":\"office@bolting.eu\",\"vatID\":\"ATU59999728\",\"priceRange\":\"$$\",\"currenciesAccepted\":\"Euro\"},{\"@type\":\"PostalAddress\",\"@id\":\"https:\/\/bolting.eu\/en\/shop\/eisschraubentasche-petzl-octo\/#local-main-place-address\",\"streetAddress\":\"Fischnalerstra\u00dfe 4\",\"addressLocality\":\"Innsbruck\",\"postalCode\":\"6020\",\"addressRegion\":\"Tirol\",\"addressCountry\":\"AT\"},{\"@type\":\"ImageObject\",\"inLanguage\":\"en-US\",\"@id\":\"https:\/\/bolting.eu\/en\/shop\/eisschraubentasche-petzl-octo\/#local-main-organization-logo\",\"url\":\"https:\/\/bolting.eu\/wp-content\/uploads\/2019\/09\/bolting-logo.png\",\"contentUrl\":\"https:\/\/bolting.eu\/wp-content\/uploads\/2019\/09\/bolting-logo.png\",\"width\":400,\"height\":211,\"caption\":\"bolting.eu\"}]}<\/script>\n<meta property=\"og:video\" content=\"https:\/\/www.youtube.com\/embed\/7q4mVaQgSUI\" \/>\n<meta property=\"og:video:type\" content=\"text\/html\" \/>\n<meta property=\"og:video:duration\" content=\"137\" \/>\n<meta property=\"og:video:width\" content=\"480\" \/>\n<meta property=\"og:video:height\" content=\"270\" \/>\n<meta property=\"ya:ovs:adult\" content=\"false\" \/>\n<meta property=\"ya:ovs:upload_date\" content=\"2022-07-04T09:00:32+00:00\" \/>\n<meta property=\"ya:ovs:allow_embed\" content=\"true\" \/>\n<meta property=\"product:price:amount\" content=\"30.00\" \/>\n<meta property=\"product:price:currency\" content=\"EUR\" \/>\n<meta property=\"og:availability\" content=\"instock\" \/>\n<meta property=\"product:availability\" content=\"instock\" \/>\n<meta property=\"product:retailer_item_id\" content=\"U010AA00\" \/>\n<meta property=\"product:condition\" content=\"new\" \/>\n<meta name=\"geo.placename\" content=\"Innsbruck\" \/>\n<meta name=\"geo.position\" content=\"47.264176340396226;11.380109057672346\" \/>\n<meta name=\"geo.region\" content=\"Austria\" \/>\n<!-- \/ Yoast SEO Premium plugin. -->","yoast_head_json":{"title":"Eisschraubentasche Petzl Octo - f\u00fcr bis zu 12 Schrauben | bolting.eu","description":"EISSCHRAUBENTASCHE PETZL OCTO beim Kletter Hardwareprofi kaufen \u2705 Trusted Shop \u2705 kostenloser Versand* \u2705 14 Tage R\u00fcckgaberecht \u2705 Co2 neutrale Zustellung","robots":{"index":"index","follow":"follow","max-snippet":"max-snippet:-1","max-image-preview":"max-image-preview:large","max-video-preview":"max-video-preview:-1"},"canonical":"https:\/\/bolting.eu\/en\/shop\/eisschraubentasche-petzl-octo\/","og_locale":"en_US","og_type":"article","og_title":"Eisschraubentasche Petzl Octo","og_description":"EISSCHRAUBENTASCHE PETZL OCTO beim Kletter Hardwareprofi kaufen \u2705 Trusted Shop \u2705 kostenloser Versand* \u2705 14 Tage R\u00fcckgaberecht \u2705 Co2 neutrale Zustellung","og_url":"https:\/\/bolting.eu\/en\/shop\/eisschraubentasche-petzl-octo\/","og_site_name":"bolting.eu","article_publisher":"https:\/\/www.facebook.com\/bolting.eu","article_modified_time":"2026-03-20T15:45:49+00:00","og_image":[{"width":700,"height":700,"url":"https:\/\/bolting.eu\/wp-content\/uploads\/2022\/07\/Eisschraubentasche-Petzl-Octo-4.jpg","type":"image\/jpeg"}],"twitter_card":"summary_large_image","twitter_misc":{"Price":"&euro;&nbsp;30,00","Availability":"In stock"},"schema":{"@context":"https:\/\/schema.org","@graph":[{"@type":["WebPage","ItemPage"],"@id":"https:\/\/bolting.eu\/en\/shop\/eisschraubentasche-petzl-octo\/","url":"https:\/\/bolting.eu\/en\/shop\/eisschraubentasche-petzl-octo\/","name":"Eisschraubentasche Petzl Octo - f\u00fcr bis zu 12 Schrauben | bolting.eu","isPartOf":{"@id":"https:\/\/bolting.eu\/en\/#website"},"primaryImageOfPage":{"@id":"https:\/\/bolting.eu\/en\/shop\/eisschraubentasche-petzl-octo\/#primaryimage"},"image":{"@id":"https:\/\/bolting.eu\/en\/shop\/eisschraubentasche-petzl-octo\/#primaryimage"},"thumbnailUrl":"https:\/\/bolting.eu\/wp-content\/uploads\/2022\/07\/Eisschraubentasche-Petzl-Octo-4.jpg","datePublished":"2022-07-04T09:00:32+00:00","dateModified":"2026-03-20T15:45:49+00:00","description":"EISSCHRAUBENTASCHE PETZL OCTO beim Kletter Hardwareprofi kaufen \u2705 Trusted Shop \u2705 kostenloser Versand* \u2705 14 Tage R\u00fcckgaberecht \u2705 Co2 neutrale Zustellung","breadcrumb":{"@id":"https:\/\/bolting.eu\/en\/shop\/eisschraubentasche-petzl-octo\/#breadcrumb"},"inLanguage":"en-US","potentialAction":[{"@type":"ReadAction","target":["https:\/\/bolting.eu\/en\/shop\/eisschraubentasche-petzl-octo\/"]}]},{"@type":"ImageObject","inLanguage":"en-US","@id":"https:\/\/bolting.eu\/en\/shop\/eisschraubentasche-petzl-octo\/#primaryimage","url":"https:\/\/bolting.eu\/wp-content\/uploads\/2022\/07\/Eisschraubentasche-Petzl-Octo-4.jpg","contentUrl":"https:\/\/bolting.eu\/wp-content\/uploads\/2022\/07\/Eisschraubentasche-Petzl-Octo-4.jpg","width":700,"height":700,"caption":"Das Bild zeigt die schwarz-orange Eisschraubentasche Petzl Octo in ge\u00f6ffnetem Zustand. Man sieht eine faltbare tAsche mit orangen Plastikr\u00f6hren."},{"@type":"BreadcrumbList","@id":"https:\/\/bolting.eu\/en\/shop\/eisschraubentasche-petzl-octo\/#breadcrumb","itemListElement":[{"@type":"ListItem","position":1,"name":"Shop","item":"https:\/\/bolting.eu\/en\/shop\/"},{"@type":"ListItem","position":2,"name":"Bergsteiger Ausr\u00fcstung","item":"https:\/\/bolting.eu\/produkt-kategorie\/bergsteiger-ausruestung\/"},{"@type":"ListItem","position":3,"name":"Eisschrauben","item":"https:\/\/bolting.eu\/produkt-kategorie\/bergsteiger-ausruestung\/eisschrauben\/"},{"@type":"ListItem","position":4,"name":"Eisschraubentasche Petzl Octo"}]},{"@type":"WebSite","@id":"https:\/\/bolting.eu\/en\/#website","url":"https:\/\/bolting.eu\/en\/","name":"bolting.eu","description":"we make climbs happen","publisher":{"@id":"https:\/\/bolting.eu\/en\/#organization"},"potentialAction":[{"@type":"SearchAction","target":{"@type":"EntryPoint","urlTemplate":"https:\/\/bolting.eu\/en\/?s={search_term_string}"},"query-input":{"@type":"PropertyValueSpecification","valueRequired":true,"valueName":"search_term_string"}}],"inLanguage":"en-US"},{"@type":["Organization","Place","SportingGoodsStore"],"@id":"https:\/\/bolting.eu\/en\/#organization","name":"bolting.eu","url":"https:\/\/bolting.eu\/en\/","logo":{"@id":"https:\/\/bolting.eu\/en\/shop\/eisschraubentasche-petzl-octo\/#local-main-organization-logo"},"image":{"@id":"https:\/\/bolting.eu\/en\/shop\/eisschraubentasche-petzl-octo\/#local-main-organization-logo"},"sameAs":["https:\/\/www.facebook.com\/bolting.eu","https:\/\/www.instagram.com\/bolting.eu\/"],"address":{"@id":"https:\/\/bolting.eu\/en\/shop\/eisschraubentasche-petzl-octo\/#local-main-place-address"},"geo":{"@type":"GeoCoordinates","latitude":"47.264176340396226","longitude":"11.380109057672346"},"telephone":["+43 699 19083372"],"openingHoursSpecification":[{"@type":"OpeningHoursSpecification","dayOfWeek":["Monday","Wednesday","Friday"],"opens":"14:00","closes":"18:00"},{"@type":"OpeningHoursSpecification","dayOfWeek":["Tuesday","Thursday","Saturday","Sunday"],"opens":"00:00","closes":"00:00"}],"email":"office@bolting.eu","vatID":"ATU59999728","priceRange":"$$","currenciesAccepted":"Euro"},{"@type":"PostalAddress","@id":"https:\/\/bolting.eu\/en\/shop\/eisschraubentasche-petzl-octo\/#local-main-place-address","streetAddress":"Fischnalerstra\u00dfe 4","addressLocality":"Innsbruck","postalCode":"6020","addressRegion":"Tirol","addressCountry":"AT"},{"@type":"ImageObject","inLanguage":"en-US","@id":"https:\/\/bolting.eu\/en\/shop\/eisschraubentasche-petzl-octo\/#local-main-organization-logo","url":"https:\/\/bolting.eu\/wp-content\/uploads\/2019\/09\/bolting-logo.png","contentUrl":"https:\/\/bolting.eu\/wp-content\/uploads\/2019\/09\/bolting-logo.png","width":400,"height":211,"caption":"bolting.eu"}]},"og_video":"https:\/\/www.youtube.com\/embed\/7q4mVaQgSUI","og_video_type":"text\/html","og_video_duration":"137","og_video_width":"480","og_video_height":"270","ya_ovs_adult":"false","ya_ovs_upload_date":"2022-07-04T09:00:32+00:00","ya_ovs_allow_embed":"true","product_price_amount":"30.00","product_price_currency":"EUR","og_availability":"instock","product_availability":"instock","product_retailer_item_id":"U010AA00","product_condition":"new","geo.placename":"Innsbruck","geo.position":{"lat":"47.264176340396226","long":"11.380109057672346"},"geo.region":"Austria"},"_links":{"self":[{"href":"https:\/\/bolting.eu\/en\/wp-json\/wp\/v2\/product\/12280","targetHints":{"allow":["GET"]}}],"collection":[{"href":"https:\/\/bolting.eu\/en\/wp-json\/wp\/v2\/product"}],"about":[{"href":"https:\/\/bolting.eu\/en\/wp-json\/wp\/v2\/types\/product"}],"replies":[{"embeddable":true,"href":"https:\/\/bolting.eu\/en\/wp-json\/wp\/v2\/comments?post=12280"}],"wp:featuredmedia":[{"embeddable":true,"href":"https:\/\/bolting.eu\/en\/wp-json\/wp\/v2\/media\/12281"}],"wp:attachment":[{"href":"https:\/\/bolting.eu\/en\/wp-json\/wp\/v2\/media?parent=12280"}],"wp:term":[{"taxonomy":"product_brand","embeddable":true,"href":"https:\/\/bolting.eu\/en\/wp-json\/wp\/v2\/product_brand?post=12280"},{"taxonomy":"product_cat","embeddable":true,"href":"https:\/\/bolting.eu\/en\/wp-json\/wp\/v2\/product_cat?post=12280"},{"taxonomy":"product_tag","embeddable":true,"href":"https:\/\/bolting.eu\/en\/wp-json\/wp\/v2\/product_tag?post=12280"}],"curies":[{"name":"wp","href":"https:\/\/api.w.org\/{rel}","templated":true}]}}