{"id":12245,"date":"2022-06-29T14:37:55","date_gmt":"2022-06-29T12:37:55","guid":{"rendered":"https:\/\/bolting.eu\/?post_type=product&#038;p=12245"},"modified":"2026-04-10T18:29:58","modified_gmt":"2026-04-10T16:29:58","slug":"petzl-axess-expresschlinge","status":"publish","type":"product","link":"https:\/\/bolting.eu\/en\/shop\/petzl-axess-expresschlinge\/","title":{"rendered":"Petzl Axess Expresschlinge"},"content":{"rendered":"<p>Die Petzl Axess Expresschlinge ist die Original Schlinge der <a href=\"https:\/\/bolting.eu\/shop\/petzl-djinn-axess\/\">Petzl Djinn Axess Express<\/a>. D.h. dieses Produkt ist rein die Bandschlinge, ohne die Karabiner.<\/p>\n<p>Es ist ein einfaches, zeitloses Modell. Denn sie hat einen geraden Schnitt, ist seilseitig eng abgen\u00e4ht und hat zus\u00e4tzlich einen Kautschuk &#8220;String&#8221; f\u00fcr die Karabinerfixierung. Erh\u00e4ltlich ist sie in zwei L\u00e4ngen. Zum einen die kurze 12cm, und zum anderen die lange 17cm Schlinge.<\/p>\n<p>Damit k\u00f6nnt ihr ideal die Djinn Express nach best\u00fccken, oder euch mit eigenen Schnappkarabinern selber eine passende Exe bauen. It\u00b4s your choice!<\/p>\n<h2>Eigenschaften Petzl Axess Expressschlinge<\/h2>\n<ul>\n<li>Hersteller: <a href=\"https:\/\/bolting.eu\/produkt-kategorie\/petzl\/\">Petzl<\/a><\/li>\n<li>Material: Polyester, String aus Kautschuck<\/li>\n<li>L\u00e4ngen: 12cm und 17cm<\/li>\n<li>Breite 16mm<\/li>\n<li>Gewicht: 16 Gramm, 22 Gramm<\/li>\n<li>Normen: EN 566, <a href=\"https:\/\/bolting.eu\/en-12275-norm\/\">EN 12275<\/a><\/li>\n<li>Bruchlast: 22kN<\/li>\n<li>angenehme Dimension zum Einhalten<\/li>\n<li>inkl. Kautschuck \u201eString\u201c zur Karabinerfixierung<\/li>\n<li><a href=\"https:\/\/www.petzl.com\/sfc\/servlet.shepherd\/version\/download\/06868000002FggPAAS\" target=\"_blank\" rel=\"noopener\">Bedienungsanleitung<\/a><\/li>\n<\/ul>\n<h3>Zeitloses Standard Modell<\/h3>\n<p>Die Petzl Axess Expressschlinge ist wirklich ein zeitloses Modell. 16mm breit, aus widerstandsf\u00e4higem Polyester und ordentlich vern\u00e4ht. Somit hat man hier eine sch\u00f6ne, steife Express in der Hand die dank des &#8220;String&#8221; auch noch den seilseitigen Karabiner ideal fixiert.<\/p>\n<p>Ideale Karabiner zum selber best\u00fccken sind die <a href=\"https:\/\/bolting.eu\/shop\/camp-dyon\/\">Camp Dyon<\/a>, die <a href=\"https:\/\/bolting.eu\/shop\/rockit-schnapper-gerade-austrialpin\/\">Austrialpin Rockit Schnapper<\/a> oder Austrialpin Eleven Karabiner. F\u00fcr die 1. Express in der Route sollte man ggf. einen <a href=\"https:\/\/bolting.eu\/produkt-kategorie\/kletterausruestung\/kletterkarabiner\/stahlkarabiner\/\">Stahlkarabiner<\/a> nehmen oder den <a href=\"https:\/\/bolting.eu\/shop\/edelrid-bulletproof-bent\/\">Edelrid Bulletproof Bent<\/a>.<\/p>\n<h3>Kurz oder lang, das ist die Frage!<\/h3>\n<p>Die 12cm lange Version dieser Schlinge ist definitiv die 1. Wahl f\u00fcr kurze Sportkletterrouten. Die lange Version der Petzl Axess Expressschlinge ist ideal f\u00fcr zwei bis vier lange Exen beim Sportklettern, bzw. als lange Standard Exe beim Alpinklettern.<\/p>\n<p>Noch 4-6 selbst gebaute <a href=\"https:\/\/bolting.eu\/verlaengerbare-expressschlinge\/\">verl\u00e4ngerbare Expressen<\/a> dazu und das Schlingen Rack ist komplett! Alternativ kann man nat\u00fcrlich auch fertige Sets wie die <a href=\"https:\/\/bolting.eu\/shop\/camp-mach-express-dyneema\/\">Camp Mach Express Dyneema<\/a> verwenden.<\/p>\n<h3>Petzl Axess Expressschlinge inkl. &#8220;String&#8221;<\/h3>\n<p>Achtet bei der Nachbesetzung eurer Exen bzw. dem Best\u00fccken mit Karabinern, auf die richtige Installation.<\/p>\n<p>Man kann da einiges falschmachen, wenn man gar nicht Acht gibt. Deswegen solltet ihr euch die wichtigsten Hinweise in der Grafik anbei zu Herzen nehmen.<\/p>\n<p>Denn somit verhindert ihr eine gef\u00e4hrliche Falsch-Installation dieses kleinen Zubeh\u00f6rteils, welches euch den seilseitigen Karabiner fixiert.<\/p>\n<p><a href=\"https:\/\/bolting.eu\/wp-content\/uploads\/2022\/06\/Petzl-Finesse-Expressschlinge-1.jpg\"><img loading=\"lazy\" decoding=\"async\" class=\"alignnone size-full wp-image-12196\" src=\"https:\/\/bolting.eu\/wp-content\/uploads\/2022\/06\/Petzl-Finesse-Expressschlinge-1.jpg\" alt=\"\" width=\"800\" height=\"433\" srcset=\"https:\/\/bolting.eu\/wp-content\/uploads\/2022\/06\/Petzl-Finesse-Expressschlinge-1.jpg 800w, https:\/\/bolting.eu\/wp-content\/uploads\/2022\/06\/Petzl-Finesse-Expressschlinge-1-510x276.jpg 510w, https:\/\/bolting.eu\/wp-content\/uploads\/2022\/06\/Petzl-Finesse-Expressschlinge-1-739x400.jpg 739w, https:\/\/bolting.eu\/wp-content\/uploads\/2022\/06\/Petzl-Finesse-Expressschlinge-1-768x416.jpg 768w, https:\/\/bolting.eu\/wp-content\/uploads\/2022\/06\/Petzl-Finesse-Expressschlinge-1-600x325.jpg 600w\" sizes=\"auto, (max-width: 800px) 100vw, 800px\" \/><\/a><\/p>\n","protected":false},"excerpt":{"rendered":"<p>Klassische Express mit 16mm Breite inkl. Karabiner Fixierung &#8220;String&#8221;. Erh\u00e4ltlich in den L\u00e4ngen 12cm und 17cm.<\/p>\n<p>Zum Nachbesetzen der Petzl Djinn Axess Express oder selber Best\u00fccken mit Schnappkarabinern.<\/p>\n<p>Versandkostenfrei bis 2kg in <img decoding=\"async\" class=\"emoji\" role=\"img\" draggable=\"false\" src=\"https:\/\/s.w.org\/images\/core\/emoji\/14.0.0\/svg\/1f1e6-1f1f9.svg\" alt=\"\ud83c\udde6\ud83c\uddf9\" \/> ab \u20ac 100,- und <img decoding=\"async\" class=\"emoji\" role=\"img\" draggable=\"false\" src=\"https:\/\/s.w.org\/images\/core\/emoji\/14.0.0\/svg\/1f1e9-1f1ea.svg\" alt=\"\ud83c\udde9\ud83c\uddea\" \/> ab \u20ac 200,-!<\/p>\n","protected":false},"featured_media":12249,"comment_status":"open","ping_status":"closed","template":"","meta":[],"product_brand":[],"product_cat":[29,220,14093],"product_tag":[],"class_list":{"0":"post-12245","1":"product","2":"type-product","3":"status-publish","4":"has-post-thumbnail","6":"product_cat-kletterausruestung","7":"product_cat-expressschlingen","8":"product_cat-petzl","10":"first","11":"instock","12":"taxable","13":"shipping-taxable","14":"purchasable","15":"product-type-variable"},"yoast_head":"<!-- This site is optimized with the Yoast SEO Premium plugin v26.9 (Yoast SEO v26.9) - https:\/\/yoast.com\/product\/yoast-seo-premium-wordpress\/ -->\n<title>Petzl Axess Expresschlinge - 12cm und 17cm | bolting.eu<\/title>\n<meta name=\"description\" content=\"PETZL AXESS Expressschlinge 12cm oder 17cm beim Kletterprofi aus Innsbruck kaufen \u2705 kostenloser Versand* \u2705 14 Tage R\u00fcckgaberecht \u2705 Co2 neutraler Versand\" \/>\n<meta name=\"robots\" content=\"index, follow, max-snippet:-1, max-image-preview:large, max-video-preview:-1\" \/>\n<link rel=\"canonical\" href=\"https:\/\/bolting.eu\/en\/shop\/petzl-axess-expresschlinge\/\" \/>\n<meta property=\"og:locale\" content=\"en_US\" \/>\n<meta property=\"og:type\" content=\"article\" \/>\n<meta property=\"og:title\" content=\"Petzl Axess Expresschlinge\" \/>\n<meta property=\"og:description\" content=\"PETZL AXESS Expressschlinge 12cm oder 17cm beim Kletterprofi aus Innsbruck kaufen \u2705 kostenloser Versand* \u2705 14 Tage R\u00fcckgaberecht \u2705 Co2 neutraler Versand\" \/>\n<meta property=\"og:url\" content=\"https:\/\/bolting.eu\/en\/shop\/petzl-axess-expresschlinge\/\" \/>\n<meta property=\"og:site_name\" content=\"bolting.eu\" \/>\n<meta property=\"article:publisher\" content=\"https:\/\/www.facebook.com\/bolting.eu\" \/>\n<meta property=\"article:modified_time\" content=\"2026-04-10T16:29:58+00:00\" \/>\n<meta property=\"og:image\" content=\"https:\/\/bolting.eu\/wp-content\/uploads\/2022\/06\/Petzl-Axess-Expressschlinge-1.jpg\" \/>\n\t<meta property=\"og:image:width\" content=\"700\" \/>\n\t<meta property=\"og:image:height\" content=\"700\" \/>\n\t<meta property=\"og:image:type\" content=\"image\/jpeg\" \/>\n<meta name=\"twitter:card\" content=\"summary_large_image\" \/>\n<meta name=\"twitter:label1\" content=\"Availability\" \/>\n\t<meta name=\"twitter:data1\" content=\"In stock\" \/>\n<script type=\"application\/ld+json\" class=\"yoast-schema-graph\">{\"@context\":\"https:\/\/schema.org\",\"@graph\":[{\"@type\":[\"WebPage\",\"ItemPage\"],\"@id\":\"https:\/\/bolting.eu\/en\/shop\/petzl-axess-expresschlinge\/\",\"url\":\"https:\/\/bolting.eu\/en\/shop\/petzl-axess-expresschlinge\/\",\"name\":\"Petzl Axess Expresschlinge - 12cm und 17cm | bolting.eu\",\"isPartOf\":{\"@id\":\"https:\/\/bolting.eu\/en\/#website\"},\"primaryImageOfPage\":{\"@id\":\"https:\/\/bolting.eu\/en\/shop\/petzl-axess-expresschlinge\/#primaryimage\"},\"image\":{\"@id\":\"https:\/\/bolting.eu\/en\/shop\/petzl-axess-expresschlinge\/#primaryimage\"},\"thumbnailUrl\":\"https:\/\/bolting.eu\/wp-content\/uploads\/2022\/06\/Petzl-Axess-Expressschlinge-1.jpg\",\"datePublished\":\"2022-06-29T12:37:55+00:00\",\"dateModified\":\"2026-04-10T16:29:58+00:00\",\"description\":\"PETZL AXESS Expressschlinge 12cm oder 17cm beim Kletterprofi aus Innsbruck kaufen \u2705 kostenloser Versand* \u2705 14 Tage R\u00fcckgaberecht \u2705 Co2 neutraler Versand\",\"breadcrumb\":{\"@id\":\"https:\/\/bolting.eu\/en\/shop\/petzl-axess-expresschlinge\/#breadcrumb\"},\"inLanguage\":\"en-US\",\"potentialAction\":[{\"@type\":\"ReadAction\",\"target\":[\"https:\/\/bolting.eu\/en\/shop\/petzl-axess-expresschlinge\/\"]}]},{\"@type\":\"ImageObject\",\"inLanguage\":\"en-US\",\"@id\":\"https:\/\/bolting.eu\/en\/shop\/petzl-axess-expresschlinge\/#primaryimage\",\"url\":\"https:\/\/bolting.eu\/wp-content\/uploads\/2022\/06\/Petzl-Axess-Expressschlinge-1.jpg\",\"contentUrl\":\"https:\/\/bolting.eu\/wp-content\/uploads\/2022\/06\/Petzl-Axess-Expressschlinge-1.jpg\",\"width\":700,\"height\":700,\"caption\":\"Das Bild zeit die azurblauen Petzl Axess Expressschlingen senkrecht nebeneinander.\"},{\"@type\":\"BreadcrumbList\",\"@id\":\"https:\/\/bolting.eu\/en\/shop\/petzl-axess-expresschlinge\/#breadcrumb\",\"itemListElement\":[{\"@type\":\"ListItem\",\"position\":1,\"name\":\"Shop\",\"item\":\"https:\/\/bolting.eu\/en\/shop\/\"},{\"@type\":\"ListItem\",\"position\":2,\"name\":\"climbing equipment\",\"item\":\"https:\/\/bolting.eu\/en\/produkt-kategorie\/climbing-equipment\/\"},{\"@type\":\"ListItem\",\"position\":3,\"name\":\"Quickdraws\",\"item\":\"https:\/\/bolting.eu\/en\/produkt-kategorie\/quickdraws\/\"},{\"@type\":\"ListItem\",\"position\":4,\"name\":\"Petzl Axess Expresschlinge\"}]},{\"@type\":\"WebSite\",\"@id\":\"https:\/\/bolting.eu\/en\/#website\",\"url\":\"https:\/\/bolting.eu\/en\/\",\"name\":\"bolting.eu\",\"description\":\"we make climbs happen\",\"publisher\":{\"@id\":\"https:\/\/bolting.eu\/en\/#organization\"},\"potentialAction\":[{\"@type\":\"SearchAction\",\"target\":{\"@type\":\"EntryPoint\",\"urlTemplate\":\"https:\/\/bolting.eu\/en\/?s={search_term_string}\"},\"query-input\":{\"@type\":\"PropertyValueSpecification\",\"valueRequired\":true,\"valueName\":\"search_term_string\"}}],\"inLanguage\":\"en-US\"},{\"@type\":[\"Organization\",\"Place\",\"SportingGoodsStore\"],\"@id\":\"https:\/\/bolting.eu\/en\/#organization\",\"name\":\"bolting.eu\",\"url\":\"https:\/\/bolting.eu\/en\/\",\"logo\":{\"@id\":\"https:\/\/bolting.eu\/en\/shop\/petzl-axess-expresschlinge\/#local-main-organization-logo\"},\"image\":{\"@id\":\"https:\/\/bolting.eu\/en\/shop\/petzl-axess-expresschlinge\/#local-main-organization-logo\"},\"sameAs\":[\"https:\/\/www.facebook.com\/bolting.eu\",\"https:\/\/www.instagram.com\/bolting.eu\/\"],\"address\":{\"@id\":\"https:\/\/bolting.eu\/en\/shop\/petzl-axess-expresschlinge\/#local-main-place-address\"},\"geo\":{\"@type\":\"GeoCoordinates\",\"latitude\":\"47.264176340396226\",\"longitude\":\"11.380109057672346\"},\"telephone\":[\"+43 699 19083372\"],\"openingHoursSpecification\":[{\"@type\":\"OpeningHoursSpecification\",\"dayOfWeek\":[\"Monday\",\"Wednesday\",\"Friday\"],\"opens\":\"14:00\",\"closes\":\"18:00\"},{\"@type\":\"OpeningHoursSpecification\",\"dayOfWeek\":[\"Tuesday\",\"Thursday\",\"Saturday\",\"Sunday\"],\"opens\":\"00:00\",\"closes\":\"00:00\"}],\"email\":\"office@bolting.eu\",\"vatID\":\"ATU59999728\",\"priceRange\":\"$$\",\"currenciesAccepted\":\"Euro\"},{\"@type\":\"PostalAddress\",\"@id\":\"https:\/\/bolting.eu\/en\/shop\/petzl-axess-expresschlinge\/#local-main-place-address\",\"streetAddress\":\"Fischnalerstra\u00dfe 4\",\"addressLocality\":\"Innsbruck\",\"postalCode\":\"6020\",\"addressRegion\":\"Tirol\",\"addressCountry\":\"AT\"},{\"@type\":\"ImageObject\",\"inLanguage\":\"en-US\",\"@id\":\"https:\/\/bolting.eu\/en\/shop\/petzl-axess-expresschlinge\/#local-main-organization-logo\",\"url\":\"https:\/\/bolting.eu\/wp-content\/uploads\/2019\/09\/bolting-logo.png\",\"contentUrl\":\"https:\/\/bolting.eu\/wp-content\/uploads\/2019\/09\/bolting-logo.png\",\"width\":400,\"height\":211,\"caption\":\"bolting.eu\"}]}<\/script>\n<meta property=\"og:availability\" content=\"instock\" \/>\n<meta property=\"product:availability\" content=\"instock\" \/>\n<meta property=\"product:condition\" content=\"new\" \/>\n<meta name=\"geo.placename\" content=\"Innsbruck\" \/>\n<meta name=\"geo.position\" content=\"47.264176340396226;11.380109057672346\" \/>\n<meta name=\"geo.region\" content=\"Austria\" \/>\n<!-- \/ Yoast SEO Premium plugin. -->","yoast_head_json":{"title":"Petzl Axess Expresschlinge - 12cm und 17cm | bolting.eu","description":"PETZL AXESS Expressschlinge 12cm oder 17cm beim Kletterprofi aus Innsbruck kaufen \u2705 kostenloser Versand* \u2705 14 Tage R\u00fcckgaberecht \u2705 Co2 neutraler Versand","robots":{"index":"index","follow":"follow","max-snippet":"max-snippet:-1","max-image-preview":"max-image-preview:large","max-video-preview":"max-video-preview:-1"},"canonical":"https:\/\/bolting.eu\/en\/shop\/petzl-axess-expresschlinge\/","og_locale":"en_US","og_type":"article","og_title":"Petzl Axess Expresschlinge","og_description":"PETZL AXESS Expressschlinge 12cm oder 17cm beim Kletterprofi aus Innsbruck kaufen \u2705 kostenloser Versand* \u2705 14 Tage R\u00fcckgaberecht \u2705 Co2 neutraler Versand","og_url":"https:\/\/bolting.eu\/en\/shop\/petzl-axess-expresschlinge\/","og_site_name":"bolting.eu","article_publisher":"https:\/\/www.facebook.com\/bolting.eu","article_modified_time":"2026-04-10T16:29:58+00:00","og_image":[{"width":700,"height":700,"url":"https:\/\/bolting.eu\/wp-content\/uploads\/2022\/06\/Petzl-Axess-Expressschlinge-1.jpg","type":"image\/jpeg"}],"twitter_card":"summary_large_image","twitter_misc":{"Availability":"In stock"},"schema":{"@context":"https:\/\/schema.org","@graph":[{"@type":["WebPage","ItemPage"],"@id":"https:\/\/bolting.eu\/en\/shop\/petzl-axess-expresschlinge\/","url":"https:\/\/bolting.eu\/en\/shop\/petzl-axess-expresschlinge\/","name":"Petzl Axess Expresschlinge - 12cm und 17cm | bolting.eu","isPartOf":{"@id":"https:\/\/bolting.eu\/en\/#website"},"primaryImageOfPage":{"@id":"https:\/\/bolting.eu\/en\/shop\/petzl-axess-expresschlinge\/#primaryimage"},"image":{"@id":"https:\/\/bolting.eu\/en\/shop\/petzl-axess-expresschlinge\/#primaryimage"},"thumbnailUrl":"https:\/\/bolting.eu\/wp-content\/uploads\/2022\/06\/Petzl-Axess-Expressschlinge-1.jpg","datePublished":"2022-06-29T12:37:55+00:00","dateModified":"2026-04-10T16:29:58+00:00","description":"PETZL AXESS Expressschlinge 12cm oder 17cm beim Kletterprofi aus Innsbruck kaufen \u2705 kostenloser Versand* \u2705 14 Tage R\u00fcckgaberecht \u2705 Co2 neutraler Versand","breadcrumb":{"@id":"https:\/\/bolting.eu\/en\/shop\/petzl-axess-expresschlinge\/#breadcrumb"},"inLanguage":"en-US","potentialAction":[{"@type":"ReadAction","target":["https:\/\/bolting.eu\/en\/shop\/petzl-axess-expresschlinge\/"]}]},{"@type":"ImageObject","inLanguage":"en-US","@id":"https:\/\/bolting.eu\/en\/shop\/petzl-axess-expresschlinge\/#primaryimage","url":"https:\/\/bolting.eu\/wp-content\/uploads\/2022\/06\/Petzl-Axess-Expressschlinge-1.jpg","contentUrl":"https:\/\/bolting.eu\/wp-content\/uploads\/2022\/06\/Petzl-Axess-Expressschlinge-1.jpg","width":700,"height":700,"caption":"Das Bild zeit die azurblauen Petzl Axess Expressschlingen senkrecht nebeneinander."},{"@type":"BreadcrumbList","@id":"https:\/\/bolting.eu\/en\/shop\/petzl-axess-expresschlinge\/#breadcrumb","itemListElement":[{"@type":"ListItem","position":1,"name":"Shop","item":"https:\/\/bolting.eu\/en\/shop\/"},{"@type":"ListItem","position":2,"name":"climbing equipment","item":"https:\/\/bolting.eu\/en\/produkt-kategorie\/climbing-equipment\/"},{"@type":"ListItem","position":3,"name":"Quickdraws","item":"https:\/\/bolting.eu\/en\/produkt-kategorie\/quickdraws\/"},{"@type":"ListItem","position":4,"name":"Petzl Axess Expresschlinge"}]},{"@type":"WebSite","@id":"https:\/\/bolting.eu\/en\/#website","url":"https:\/\/bolting.eu\/en\/","name":"bolting.eu","description":"we make climbs happen","publisher":{"@id":"https:\/\/bolting.eu\/en\/#organization"},"potentialAction":[{"@type":"SearchAction","target":{"@type":"EntryPoint","urlTemplate":"https:\/\/bolting.eu\/en\/?s={search_term_string}"},"query-input":{"@type":"PropertyValueSpecification","valueRequired":true,"valueName":"search_term_string"}}],"inLanguage":"en-US"},{"@type":["Organization","Place","SportingGoodsStore"],"@id":"https:\/\/bolting.eu\/en\/#organization","name":"bolting.eu","url":"https:\/\/bolting.eu\/en\/","logo":{"@id":"https:\/\/bolting.eu\/en\/shop\/petzl-axess-expresschlinge\/#local-main-organization-logo"},"image":{"@id":"https:\/\/bolting.eu\/en\/shop\/petzl-axess-expresschlinge\/#local-main-organization-logo"},"sameAs":["https:\/\/www.facebook.com\/bolting.eu","https:\/\/www.instagram.com\/bolting.eu\/"],"address":{"@id":"https:\/\/bolting.eu\/en\/shop\/petzl-axess-expresschlinge\/#local-main-place-address"},"geo":{"@type":"GeoCoordinates","latitude":"47.264176340396226","longitude":"11.380109057672346"},"telephone":["+43 699 19083372"],"openingHoursSpecification":[{"@type":"OpeningHoursSpecification","dayOfWeek":["Monday","Wednesday","Friday"],"opens":"14:00","closes":"18:00"},{"@type":"OpeningHoursSpecification","dayOfWeek":["Tuesday","Thursday","Saturday","Sunday"],"opens":"00:00","closes":"00:00"}],"email":"office@bolting.eu","vatID":"ATU59999728","priceRange":"$$","currenciesAccepted":"Euro"},{"@type":"PostalAddress","@id":"https:\/\/bolting.eu\/en\/shop\/petzl-axess-expresschlinge\/#local-main-place-address","streetAddress":"Fischnalerstra\u00dfe 4","addressLocality":"Innsbruck","postalCode":"6020","addressRegion":"Tirol","addressCountry":"AT"},{"@type":"ImageObject","inLanguage":"en-US","@id":"https:\/\/bolting.eu\/en\/shop\/petzl-axess-expresschlinge\/#local-main-organization-logo","url":"https:\/\/bolting.eu\/wp-content\/uploads\/2019\/09\/bolting-logo.png","contentUrl":"https:\/\/bolting.eu\/wp-content\/uploads\/2019\/09\/bolting-logo.png","width":400,"height":211,"caption":"bolting.eu"}]},"og_availability":"instock","product_availability":"instock","product_condition":"new","geo.placename":"Innsbruck","geo.position":{"lat":"47.264176340396226","long":"11.380109057672346"},"geo.region":"Austria"},"_links":{"self":[{"href":"https:\/\/bolting.eu\/en\/wp-json\/wp\/v2\/product\/12245","targetHints":{"allow":["GET"]}}],"collection":[{"href":"https:\/\/bolting.eu\/en\/wp-json\/wp\/v2\/product"}],"about":[{"href":"https:\/\/bolting.eu\/en\/wp-json\/wp\/v2\/types\/product"}],"replies":[{"embeddable":true,"href":"https:\/\/bolting.eu\/en\/wp-json\/wp\/v2\/comments?post=12245"}],"wp:featuredmedia":[{"embeddable":true,"href":"https:\/\/bolting.eu\/en\/wp-json\/wp\/v2\/media\/12249"}],"wp:attachment":[{"href":"https:\/\/bolting.eu\/en\/wp-json\/wp\/v2\/media?parent=12245"}],"wp:term":[{"taxonomy":"product_brand","embeddable":true,"href":"https:\/\/bolting.eu\/en\/wp-json\/wp\/v2\/product_brand?post=12245"},{"taxonomy":"product_cat","embeddable":true,"href":"https:\/\/bolting.eu\/en\/wp-json\/wp\/v2\/product_cat?post=12245"},{"taxonomy":"product_tag","embeddable":true,"href":"https:\/\/bolting.eu\/en\/wp-json\/wp\/v2\/product_tag?post=12245"}],"curies":[{"name":"wp","href":"https:\/\/api.w.org\/{rel}","templated":true}]}}