{"id":12201,"date":"2022-06-22T11:06:05","date_gmt":"2022-06-22T09:06:05","guid":{"rendered":"https:\/\/bolting.eu\/?post_type=product&#038;p=12201"},"modified":"2026-04-30T13:31:42","modified_gmt":"2026-04-30T11:31:42","slug":"petzl-express","status":"publish","type":"product","link":"https:\/\/bolting.eu\/en\/shop\/petzl-express\/","title":{"rendered":"Petzl Express"},"content":{"rendered":"<p>Die <a href=\"https:\/\/bolting.eu\/produkt-kategorie\/petzl\/\">Petzl<\/a> Express ist die legend\u00e4re Bandschlinge der <a href=\"https:\/\/bolting.eu\/shop\/petzl-spirit-express\/\">Petzl Spirit Expressschlinge<\/a>. D.h. es ist rein die Polyamid Schlinge, ohne <a href=\"https:\/\/bolting.eu\/produkt-kategorie\/kletterausruestung\/kletterkarabiner\/schnappkarabiner\/\">Schnappkarabiner<\/a> !<\/p>\n<p>Dieses Modell ist seit fast 20 Jahren unver\u00e4ndert am Markt, weil seine Form einfach so beliebt ist. Denn diese Schlinge l\u00e4sst sich einerseits perfekt einhalten um sich daran hoch zu ziehen. Und andererseits hat sie zum Klippen ein tolles Handling.<\/p>\n<p>Erh\u00e4ltlich ist diese <a href=\"https:\/\/bolting.eu\/produkt-kategorie\/kletterausruestung\/bandschlinge\/\">Bandschlinge<\/a> in den praktischen L\u00e4ngen 11cm, 17cm und 25cm. Somit hat man sowohl zum Sportklettern als auch Alpinklettern immer die passende L\u00e4nge.<\/p>\n<h2>Eigenschaften Petzl Express<\/h2>\n<ul>\n<li>Hersteller: Petzl<\/li>\n<li>Material: Polyamid<\/li>\n<li>L\u00e4ngen: 11cm, 17cm und 25cm<\/li>\n<li>Gewicht: 15 Gramm, 22 Gramm, 25 Gramm<\/li>\n<li>Normen: EN 566, <a href=\"https:\/\/bolting.eu\/en-12275-norm\/\">EN 12275<\/a><\/li>\n<li>ergonomische Form = super zum Einhalten<\/li>\n<li>inkl. Kautschuck \u201eString\u201c zur Karabinerfixierung<\/li>\n<li><a href=\"https:\/\/www.petzl.com\/sfc\/servlet.shepherd\/version\/download\/06868000002FggPAAS\" target=\"_blank\" rel=\"noopener\">Bedienungsanleitung<\/a><\/li>\n<\/ul>\n<h3>Zum Nachbesetzen und selber konfigurieren<\/h3>\n<p>Wir haben die Petzl Express aus zwei Gr\u00fcnden im Programm.<\/p>\n<p>Erstens, damit man seine Petzl Spirit Expressen original mit diesem Produkt nachbesetzen kann. Zweitens, weil man diese Schlinge nat\u00fcrlich mit beliebigen Schnappern konfigurieren kann. Wie z.B. einem <a href=\"https:\/\/bolting.eu\/shop\/rockit-schnapper-gebogen-austrialpin\/\">Austrialpin Rockit Schnapper<\/a>, einem <a href=\"https:\/\/bolting.eu\/shop\/camp-dyon\/\">Camp Dyon Schnapper<\/a> oder einem <a href=\"https:\/\/bolting.eu\/shop\/edelrid-bulletproof-bent\/\">Edelrid Bulletproof Schnapper<\/a>.<\/p>\n<h3>String richtig anbringen<\/h3>\n<p>Bei der Petzl Expresss ist immer auch eine \u201eString\u201c Karabinerfixierung mit dabei. Diese ist f\u00fcr den seilseitigen Karabiner gedacht. Dort verhindert der String das l\u00e4stige Verrutschen des Karabiners.<\/p>\n<p>Das ist erstens praktisch beim Klippen. Und zweitens verhindert es gef\u00e4hrliche Querbelastungen. Drittens richtet sich dadurch das Verbindungsmittel auch in die st\u00e4rkste Belastungsrichtung aus, die L\u00e4ngsrichtung!<\/p>\n<figure id=\"attachment_12196\" class=\"wp-caption alignnone\" aria-describedby=\"caption-attachment-12196\"><a href=\"https:\/\/bolting.eu\/wp-content\/uploads\/2022\/06\/Petzl-Finesse-Expressschlinge-1.jpg\"><img loading=\"lazy\" decoding=\"async\" class=\"wp-image-12196 size-full\" src=\"https:\/\/bolting.eu\/wp-content\/uploads\/2022\/06\/Petzl-Finesse-Expressschlinge-1.jpg\" sizes=\"auto, (max-width: 800px) 100vw, 800px\" srcset=\"https:\/\/bolting.eu\/wp-content\/uploads\/2022\/06\/Petzl-Finesse-Expressschlinge-1.jpg 800w, https:\/\/bolting.eu\/wp-content\/uploads\/2022\/06\/Petzl-Finesse-Expressschlinge-1-739x400.jpg 739w, https:\/\/bolting.eu\/wp-content\/uploads\/2022\/06\/Petzl-Finesse-Expressschlinge-1-768x416.jpg 768w, https:\/\/bolting.eu\/wp-content\/uploads\/2022\/06\/Petzl-Finesse-Expressschlinge-1-600x325.jpg 600w\" alt=\"Das Bild zeigt eine Grafik zur korrekten Anbringung des Petzl String Karabiner Verdrehschutzes. Zu sehen sind mehrere Abbildungen.\" width=\"800\" height=\"433\" \/><\/a><figcaption id=\"caption-attachment-12196\" class=\"wp-caption-text\">So muss der String korrekt angebracht (seilseitiger Karabiner!) bzw. die Express dann auch richtig eingeh\u00e4ngt werden.<\/p>\n<h3>Petzl Express Lagerung<\/h3>\n<p>Lagert eure Schlingen immer trocken und schattig. Direkte Sonneneinstrahlung ist wegen der UV Strahlung zu vermeiden.<\/p>\n<p>Achtet auch darauf, die B\u00e4nder keiner z langen Feuchtigkeit aus zu setzen. Wasser setzt dem Material, wenn zu lange ausgesetzt, ebenso zu.<\/p>\n<p>Bei richtiger Lagerung und Verwendung solltet ihr mindestens 5 Jahre lange Freude an euren Schlingen haben. Die reine Lagerfrist betr\u00e4gt 10 Jahre.<\/p>\n<p>Bei intensiver Verwendung sollte das Produkt nach 3-5 Jahren ausgetauscht werden.<\/p>\n<\/figcaption><\/figure>\n","protected":false},"excerpt":{"rendered":"<p>Absoluter Express Klassiker von Petzl mit tollem Handling. Seit \u00fcber 20 Jahren am Markt weil genial zum Einhalten und mit perfektem Handling.<\/p>\n<p>Zum Nachbesetzen der Original Spirit Express oder selber Best\u00fccken. In 11cm, 17cm und 25cm L\u00e4nge und inkl. String Karabinerschutz!<\/p>\n","protected":false},"featured_media":12206,"comment_status":"open","ping_status":"closed","template":"","meta":[],"product_brand":[],"product_cat":[29,220,14093],"product_tag":[],"class_list":{"0":"post-12201","1":"product","2":"type-product","3":"status-publish","4":"has-post-thumbnail","6":"product_cat-kletterausruestung","7":"product_cat-expressschlingen","8":"product_cat-petzl","10":"first","11":"instock","12":"taxable","13":"shipping-taxable","14":"purchasable","15":"product-type-variable"},"yoast_head":"<!-- This site is optimized with the Yoast SEO Premium plugin v26.9 (Yoast SEO v26.9) - https:\/\/yoast.com\/product\/yoast-seo-premium-wordpress\/ -->\n<title>Petzl Express 11cm, 17cm, 25cm - Polyamid | bolting.eu<\/title>\n<meta name=\"description\" content=\"PETZL EXPRESS 11cm, 17cm und 25cm beim Kletterprofi aus Innsbruck - Tirol kaufen \u2705 kostenloser Versand* \u2705 14 Tage R\u00fcckgaberecht \u2705 Co2 neutraler Versand\" \/>\n<meta name=\"robots\" content=\"index, follow, max-snippet:-1, max-image-preview:large, max-video-preview:-1\" \/>\n<link rel=\"canonical\" href=\"https:\/\/bolting.eu\/en\/shop\/petzl-express\/\" \/>\n<meta property=\"og:locale\" content=\"en_US\" \/>\n<meta property=\"og:type\" content=\"article\" \/>\n<meta property=\"og:title\" content=\"Petzl Express\" \/>\n<meta property=\"og:description\" content=\"PETZL EXPRESS 11cm, 17cm und 25cm beim Kletterprofi aus Innsbruck - Tirol kaufen \u2705 kostenloser Versand* \u2705 14 Tage R\u00fcckgaberecht \u2705 Co2 neutraler Versand\" \/>\n<meta property=\"og:url\" content=\"https:\/\/bolting.eu\/en\/shop\/petzl-express\/\" \/>\n<meta property=\"og:site_name\" content=\"bolting.eu\" \/>\n<meta property=\"article:publisher\" content=\"https:\/\/www.facebook.com\/bolting.eu\" \/>\n<meta property=\"article:modified_time\" content=\"2026-04-30T11:31:42+00:00\" \/>\n<meta property=\"og:image\" content=\"https:\/\/bolting.eu\/wp-content\/uploads\/2022\/06\/Petzl-Express-1.jpg\" \/>\n\t<meta property=\"og:image:width\" content=\"700\" \/>\n\t<meta property=\"og:image:height\" content=\"700\" \/>\n\t<meta property=\"og:image:type\" content=\"image\/jpeg\" \/>\n<meta name=\"twitter:card\" content=\"summary_large_image\" \/>\n<meta name=\"twitter:label1\" content=\"Availability\" \/>\n\t<meta name=\"twitter:data1\" content=\"In stock\" \/>\n<script type=\"application\/ld+json\" class=\"yoast-schema-graph\">{\"@context\":\"https:\/\/schema.org\",\"@graph\":[{\"@type\":[\"WebPage\",\"ItemPage\"],\"@id\":\"https:\/\/bolting.eu\/en\/shop\/petzl-express\/\",\"url\":\"https:\/\/bolting.eu\/en\/shop\/petzl-express\/\",\"name\":\"Petzl Express 11cm, 17cm, 25cm - Polyamid | bolting.eu\",\"isPartOf\":{\"@id\":\"https:\/\/bolting.eu\/en\/#website\"},\"primaryImageOfPage\":{\"@id\":\"https:\/\/bolting.eu\/en\/shop\/petzl-express\/#primaryimage\"},\"image\":{\"@id\":\"https:\/\/bolting.eu\/en\/shop\/petzl-express\/#primaryimage\"},\"thumbnailUrl\":\"https:\/\/bolting.eu\/wp-content\/uploads\/2022\/06\/Petzl-Express-1.jpg\",\"datePublished\":\"2022-06-22T09:06:05+00:00\",\"dateModified\":\"2026-04-30T11:31:42+00:00\",\"description\":\"PETZL EXPRESS 11cm, 17cm und 25cm beim Kletterprofi aus Innsbruck - Tirol kaufen \u2705 kostenloser Versand* \u2705 14 Tage R\u00fcckgaberecht \u2705 Co2 neutraler Versand\",\"breadcrumb\":{\"@id\":\"https:\/\/bolting.eu\/en\/shop\/petzl-express\/#breadcrumb\"},\"inLanguage\":\"en-US\",\"potentialAction\":[{\"@type\":\"ReadAction\",\"target\":[\"https:\/\/bolting.eu\/en\/shop\/petzl-express\/\"]}]},{\"@type\":\"ImageObject\",\"inLanguage\":\"en-US\",\"@id\":\"https:\/\/bolting.eu\/en\/shop\/petzl-express\/#primaryimage\",\"url\":\"https:\/\/bolting.eu\/wp-content\/uploads\/2022\/06\/Petzl-Express-1.jpg\",\"contentUrl\":\"https:\/\/bolting.eu\/wp-content\/uploads\/2022\/06\/Petzl-Express-1.jpg\",\"width\":700,\"height\":700,\"caption\":\"Das Bild zeigt die drei grauen Petzl Express Bandschlingen in 11cm, 17cm und 25cm L\u00e4nge aufrecht nebeneinander.\"},{\"@type\":\"BreadcrumbList\",\"@id\":\"https:\/\/bolting.eu\/en\/shop\/petzl-express\/#breadcrumb\",\"itemListElement\":[{\"@type\":\"ListItem\",\"position\":1,\"name\":\"Shop\",\"item\":\"https:\/\/bolting.eu\/en\/shop\/\"},{\"@type\":\"ListItem\",\"position\":2,\"name\":\"climbing equipment\",\"item\":\"https:\/\/bolting.eu\/en\/produkt-kategorie\/climbing-equipment\/\"},{\"@type\":\"ListItem\",\"position\":3,\"name\":\"Quickdraws\",\"item\":\"https:\/\/bolting.eu\/en\/produkt-kategorie\/quickdraws\/\"},{\"@type\":\"ListItem\",\"position\":4,\"name\":\"Petzl Express\"}]},{\"@type\":\"WebSite\",\"@id\":\"https:\/\/bolting.eu\/en\/#website\",\"url\":\"https:\/\/bolting.eu\/en\/\",\"name\":\"bolting.eu\",\"description\":\"we make climbs happen\",\"publisher\":{\"@id\":\"https:\/\/bolting.eu\/en\/#organization\"},\"potentialAction\":[{\"@type\":\"SearchAction\",\"target\":{\"@type\":\"EntryPoint\",\"urlTemplate\":\"https:\/\/bolting.eu\/en\/?s={search_term_string}\"},\"query-input\":{\"@type\":\"PropertyValueSpecification\",\"valueRequired\":true,\"valueName\":\"search_term_string\"}}],\"inLanguage\":\"en-US\"},{\"@type\":[\"Organization\",\"Place\",\"SportingGoodsStore\"],\"@id\":\"https:\/\/bolting.eu\/en\/#organization\",\"name\":\"bolting.eu\",\"url\":\"https:\/\/bolting.eu\/en\/\",\"logo\":{\"@id\":\"https:\/\/bolting.eu\/en\/shop\/petzl-express\/#local-main-organization-logo\"},\"image\":{\"@id\":\"https:\/\/bolting.eu\/en\/shop\/petzl-express\/#local-main-organization-logo\"},\"sameAs\":[\"https:\/\/www.facebook.com\/bolting.eu\",\"https:\/\/www.instagram.com\/bolting.eu\/\"],\"address\":{\"@id\":\"https:\/\/bolting.eu\/en\/shop\/petzl-express\/#local-main-place-address\"},\"geo\":{\"@type\":\"GeoCoordinates\",\"latitude\":\"47.264176340396226\",\"longitude\":\"11.380109057672346\"},\"telephone\":[\"+43 699 19083372\"],\"openingHoursSpecification\":[{\"@type\":\"OpeningHoursSpecification\",\"dayOfWeek\":[\"Monday\",\"Wednesday\",\"Friday\"],\"opens\":\"14:00\",\"closes\":\"18:00\"},{\"@type\":\"OpeningHoursSpecification\",\"dayOfWeek\":[\"Tuesday\",\"Thursday\",\"Saturday\",\"Sunday\"],\"opens\":\"00:00\",\"closes\":\"00:00\"}],\"email\":\"office@bolting.eu\",\"vatID\":\"ATU59999728\",\"priceRange\":\"$$\",\"currenciesAccepted\":\"Euro\"},{\"@type\":\"PostalAddress\",\"@id\":\"https:\/\/bolting.eu\/en\/shop\/petzl-express\/#local-main-place-address\",\"streetAddress\":\"Fischnalerstra\u00dfe 4\",\"addressLocality\":\"Innsbruck\",\"postalCode\":\"6020\",\"addressRegion\":\"Tirol\",\"addressCountry\":\"AT\"},{\"@type\":\"ImageObject\",\"inLanguage\":\"en-US\",\"@id\":\"https:\/\/bolting.eu\/en\/shop\/petzl-express\/#local-main-organization-logo\",\"url\":\"https:\/\/bolting.eu\/wp-content\/uploads\/2019\/09\/bolting-logo.png\",\"contentUrl\":\"https:\/\/bolting.eu\/wp-content\/uploads\/2019\/09\/bolting-logo.png\",\"width\":400,\"height\":211,\"caption\":\"bolting.eu\"}]}<\/script>\n<meta property=\"og:availability\" content=\"instock\" \/>\n<meta property=\"product:availability\" content=\"instock\" \/>\n<meta property=\"product:condition\" content=\"new\" \/>\n<meta name=\"geo.placename\" content=\"Innsbruck\" \/>\n<meta name=\"geo.position\" content=\"47.264176340396226;11.380109057672346\" \/>\n<meta name=\"geo.region\" content=\"Austria\" \/>\n<!-- \/ Yoast SEO Premium plugin. -->","yoast_head_json":{"title":"Petzl Express 11cm, 17cm, 25cm - Polyamid | bolting.eu","description":"PETZL EXPRESS 11cm, 17cm und 25cm beim Kletterprofi aus Innsbruck - Tirol kaufen \u2705 kostenloser Versand* \u2705 14 Tage R\u00fcckgaberecht \u2705 Co2 neutraler Versand","robots":{"index":"index","follow":"follow","max-snippet":"max-snippet:-1","max-image-preview":"max-image-preview:large","max-video-preview":"max-video-preview:-1"},"canonical":"https:\/\/bolting.eu\/en\/shop\/petzl-express\/","og_locale":"en_US","og_type":"article","og_title":"Petzl Express","og_description":"PETZL EXPRESS 11cm, 17cm und 25cm beim Kletterprofi aus Innsbruck - Tirol kaufen \u2705 kostenloser Versand* \u2705 14 Tage R\u00fcckgaberecht \u2705 Co2 neutraler Versand","og_url":"https:\/\/bolting.eu\/en\/shop\/petzl-express\/","og_site_name":"bolting.eu","article_publisher":"https:\/\/www.facebook.com\/bolting.eu","article_modified_time":"2026-04-30T11:31:42+00:00","og_image":[{"width":700,"height":700,"url":"https:\/\/bolting.eu\/wp-content\/uploads\/2022\/06\/Petzl-Express-1.jpg","type":"image\/jpeg"}],"twitter_card":"summary_large_image","twitter_misc":{"Availability":"In stock"},"schema":{"@context":"https:\/\/schema.org","@graph":[{"@type":["WebPage","ItemPage"],"@id":"https:\/\/bolting.eu\/en\/shop\/petzl-express\/","url":"https:\/\/bolting.eu\/en\/shop\/petzl-express\/","name":"Petzl Express 11cm, 17cm, 25cm - Polyamid | bolting.eu","isPartOf":{"@id":"https:\/\/bolting.eu\/en\/#website"},"primaryImageOfPage":{"@id":"https:\/\/bolting.eu\/en\/shop\/petzl-express\/#primaryimage"},"image":{"@id":"https:\/\/bolting.eu\/en\/shop\/petzl-express\/#primaryimage"},"thumbnailUrl":"https:\/\/bolting.eu\/wp-content\/uploads\/2022\/06\/Petzl-Express-1.jpg","datePublished":"2022-06-22T09:06:05+00:00","dateModified":"2026-04-30T11:31:42+00:00","description":"PETZL EXPRESS 11cm, 17cm und 25cm beim Kletterprofi aus Innsbruck - Tirol kaufen \u2705 kostenloser Versand* \u2705 14 Tage R\u00fcckgaberecht \u2705 Co2 neutraler Versand","breadcrumb":{"@id":"https:\/\/bolting.eu\/en\/shop\/petzl-express\/#breadcrumb"},"inLanguage":"en-US","potentialAction":[{"@type":"ReadAction","target":["https:\/\/bolting.eu\/en\/shop\/petzl-express\/"]}]},{"@type":"ImageObject","inLanguage":"en-US","@id":"https:\/\/bolting.eu\/en\/shop\/petzl-express\/#primaryimage","url":"https:\/\/bolting.eu\/wp-content\/uploads\/2022\/06\/Petzl-Express-1.jpg","contentUrl":"https:\/\/bolting.eu\/wp-content\/uploads\/2022\/06\/Petzl-Express-1.jpg","width":700,"height":700,"caption":"Das Bild zeigt die drei grauen Petzl Express Bandschlingen in 11cm, 17cm und 25cm L\u00e4nge aufrecht nebeneinander."},{"@type":"BreadcrumbList","@id":"https:\/\/bolting.eu\/en\/shop\/petzl-express\/#breadcrumb","itemListElement":[{"@type":"ListItem","position":1,"name":"Shop","item":"https:\/\/bolting.eu\/en\/shop\/"},{"@type":"ListItem","position":2,"name":"climbing equipment","item":"https:\/\/bolting.eu\/en\/produkt-kategorie\/climbing-equipment\/"},{"@type":"ListItem","position":3,"name":"Quickdraws","item":"https:\/\/bolting.eu\/en\/produkt-kategorie\/quickdraws\/"},{"@type":"ListItem","position":4,"name":"Petzl Express"}]},{"@type":"WebSite","@id":"https:\/\/bolting.eu\/en\/#website","url":"https:\/\/bolting.eu\/en\/","name":"bolting.eu","description":"we make climbs happen","publisher":{"@id":"https:\/\/bolting.eu\/en\/#organization"},"potentialAction":[{"@type":"SearchAction","target":{"@type":"EntryPoint","urlTemplate":"https:\/\/bolting.eu\/en\/?s={search_term_string}"},"query-input":{"@type":"PropertyValueSpecification","valueRequired":true,"valueName":"search_term_string"}}],"inLanguage":"en-US"},{"@type":["Organization","Place","SportingGoodsStore"],"@id":"https:\/\/bolting.eu\/en\/#organization","name":"bolting.eu","url":"https:\/\/bolting.eu\/en\/","logo":{"@id":"https:\/\/bolting.eu\/en\/shop\/petzl-express\/#local-main-organization-logo"},"image":{"@id":"https:\/\/bolting.eu\/en\/shop\/petzl-express\/#local-main-organization-logo"},"sameAs":["https:\/\/www.facebook.com\/bolting.eu","https:\/\/www.instagram.com\/bolting.eu\/"],"address":{"@id":"https:\/\/bolting.eu\/en\/shop\/petzl-express\/#local-main-place-address"},"geo":{"@type":"GeoCoordinates","latitude":"47.264176340396226","longitude":"11.380109057672346"},"telephone":["+43 699 19083372"],"openingHoursSpecification":[{"@type":"OpeningHoursSpecification","dayOfWeek":["Monday","Wednesday","Friday"],"opens":"14:00","closes":"18:00"},{"@type":"OpeningHoursSpecification","dayOfWeek":["Tuesday","Thursday","Saturday","Sunday"],"opens":"00:00","closes":"00:00"}],"email":"office@bolting.eu","vatID":"ATU59999728","priceRange":"$$","currenciesAccepted":"Euro"},{"@type":"PostalAddress","@id":"https:\/\/bolting.eu\/en\/shop\/petzl-express\/#local-main-place-address","streetAddress":"Fischnalerstra\u00dfe 4","addressLocality":"Innsbruck","postalCode":"6020","addressRegion":"Tirol","addressCountry":"AT"},{"@type":"ImageObject","inLanguage":"en-US","@id":"https:\/\/bolting.eu\/en\/shop\/petzl-express\/#local-main-organization-logo","url":"https:\/\/bolting.eu\/wp-content\/uploads\/2019\/09\/bolting-logo.png","contentUrl":"https:\/\/bolting.eu\/wp-content\/uploads\/2019\/09\/bolting-logo.png","width":400,"height":211,"caption":"bolting.eu"}]},"og_availability":"instock","product_availability":"instock","product_condition":"new","geo.placename":"Innsbruck","geo.position":{"lat":"47.264176340396226","long":"11.380109057672346"},"geo.region":"Austria"},"_links":{"self":[{"href":"https:\/\/bolting.eu\/en\/wp-json\/wp\/v2\/product\/12201","targetHints":{"allow":["GET"]}}],"collection":[{"href":"https:\/\/bolting.eu\/en\/wp-json\/wp\/v2\/product"}],"about":[{"href":"https:\/\/bolting.eu\/en\/wp-json\/wp\/v2\/types\/product"}],"replies":[{"embeddable":true,"href":"https:\/\/bolting.eu\/en\/wp-json\/wp\/v2\/comments?post=12201"}],"wp:featuredmedia":[{"embeddable":true,"href":"https:\/\/bolting.eu\/en\/wp-json\/wp\/v2\/media\/12206"}],"wp:attachment":[{"href":"https:\/\/bolting.eu\/en\/wp-json\/wp\/v2\/media?parent=12201"}],"wp:term":[{"taxonomy":"product_brand","embeddable":true,"href":"https:\/\/bolting.eu\/en\/wp-json\/wp\/v2\/product_brand?post=12201"},{"taxonomy":"product_cat","embeddable":true,"href":"https:\/\/bolting.eu\/en\/wp-json\/wp\/v2\/product_cat?post=12201"},{"taxonomy":"product_tag","embeddable":true,"href":"https:\/\/bolting.eu\/en\/wp-json\/wp\/v2\/product_tag?post=12201"}],"curies":[{"name":"wp","href":"https:\/\/api.w.org\/{rel}","templated":true}]}}