{"id":12190,"date":"2022-06-22T09:54:30","date_gmt":"2022-06-22T07:54:30","guid":{"rendered":"https:\/\/bolting.eu\/?post_type=product&#038;p=12190"},"modified":"2025-11-26T10:53:24","modified_gmt":"2025-11-26T09:53:24","slug":"petzl-finesse-expressschlinge","status":"publish","type":"product","link":"https:\/\/bolting.eu\/en\/shop\/petzl-finesse-expressschlinge\/","title":{"rendered":"Petzl Finesse Expressschlinge"},"content":{"rendered":"<p>Die Petzl Finesse <a href=\"https:\/\/bolting.eu\/produkt-kategorie\/kletterausruestung\/expressschlingen\/\">Expressschlinge<\/a> ist die Textil-Komponente der legend\u00e4ren <a href=\"https:\/\/bolting.eu\/shop\/petzl-ange-finesse\/\">Petzl Ange Finesse<\/a> Express. D.h. es ist rein die Schlinge, ohne die Karabiner.<\/p>\n<p>Dieses Produkt besteht aus HDPE Material, das steht f\u00fcr High Density Polyethylen. Auch bekannt von den <a href=\"https:\/\/bolting.eu\/produkt-kategorie\/kletterausruestung\/bandschlinge\/\">Bandschlingen<\/a> als Dyneema Material.<\/p>\n<p>Wir f\u00fchren diese Schlinge zum einen als Ersatz f\u00fcr alle Original Petzl Schlingen. Beispielsweise wenn sich diese an einer Felskante abscheuern und ausgetauscht werden m\u00fcssen.<\/p>\n<p>Und zum anderen, um sie mit einem der vielen <a href=\"https:\/\/bolting.eu\/produkt-kategorie\/kletterausruestung\/kletterkarabiner\/schnappkarabiner\/\">Schnappkarabinern<\/a> selber zu konfigurieren.<\/p>\n<h2>Eigenschaften Petzl Finesse Expressschlinge<\/h2>\n<ul>\n<li>Hersteller: <a href=\"https:\/\/bolting.eu\/produkt-kategorie\/petzl\/\">Petzl<\/a><\/li>\n<li>Material: HDPE Material = Dyneema<\/li>\n<li>L\u00e4ngen: 10cm und 17cm<\/li>\n<li>Gewicht: 7 Gramm bzw. 10 Gramm<\/li>\n<li>Normen: EN 566, <a href=\"https:\/\/bolting.eu\/en-12275-norm\/\">EN 12275<\/a><\/li>\n<li>ergonomische Form = super zum Einhalten<\/li>\n<li>inkl. Kautschuck &#8220;String&#8221; zur Karabinerfixierung<\/li>\n<li><a href=\"https:\/\/www.petzl.com\/sfc\/servlet.shepherd\/version\/download\/06868000002FggPAAS\" target=\"_blank\" rel=\"noopener\">Bedienungsanleitung<\/a><\/li>\n<\/ul>\n<h3>String richtig anbringen!<\/h3>\n<p>Bei der Petzl Finesse Expressschlinge ist immer auch eine &#8220;String&#8221; Karabinerfixierung mit dabei. Diese ist f\u00fcr den seilseitigen Karabiner gedacht. Dort verhindert der String das l\u00e4stige Verrutschen des Karabiners.<\/p>\n<p>Das ist erstens praktisch beim Klippen. Und zweitens verhindert es gef\u00e4hrliche Querbelastungen. Drittens richtet sich dadurch das Verbindungsmittel auch in die st\u00e4rkste Belastungsrichtung aus, die L\u00e4ngsrichtung!<\/p>\n<figure id=\"attachment_12196\" aria-describedby=\"caption-attachment-12196\" style=\"width: 800px\" class=\"wp-caption alignnone\"><a href=\"https:\/\/bolting.eu\/wp-content\/uploads\/2022\/06\/Petzl-Finesse-Expressschlinge-1.jpg\"><img loading=\"lazy\" decoding=\"async\" class=\"wp-image-12196 size-full\" src=\"https:\/\/bolting.eu\/wp-content\/uploads\/2022\/06\/Petzl-Finesse-Expressschlinge-1.jpg\" alt=\"Das Bild zeigt eine Grafik zur korrekten Anbringung des Petzl String Karabiner Verdrehschutzes. Zu sehen sind mehrere Abbildungen.\" width=\"800\" height=\"433\" srcset=\"https:\/\/bolting.eu\/wp-content\/uploads\/2022\/06\/Petzl-Finesse-Expressschlinge-1.jpg 800w, https:\/\/bolting.eu\/wp-content\/uploads\/2022\/06\/Petzl-Finesse-Expressschlinge-1-510x276.jpg 510w, https:\/\/bolting.eu\/wp-content\/uploads\/2022\/06\/Petzl-Finesse-Expressschlinge-1-739x400.jpg 739w, https:\/\/bolting.eu\/wp-content\/uploads\/2022\/06\/Petzl-Finesse-Expressschlinge-1-768x416.jpg 768w, https:\/\/bolting.eu\/wp-content\/uploads\/2022\/06\/Petzl-Finesse-Expressschlinge-1-600x325.jpg 600w\" sizes=\"auto, (max-width: 800px) 100vw, 800px\" \/><\/a><figcaption id=\"caption-attachment-12196\" class=\"wp-caption-text\">So muss der String korrekt angebracht (seilseitiger Karabiner!) bzw. die Express dann auch richtig eingeh\u00e4ngt werden.<\/figcaption><\/figure>\n<h3>Richtige Pflege<\/h3>\n<p>Wie f\u00fcr alle Bandschlingen gilt auch f\u00fcr die Petzl Finesse Expressschlinge. Richtig pflegen!<\/p>\n<p>D.h. einerseits die Schlinge bei extremer Verschmutzung mit lauwarmen Wasser und Seife waschen. Gerne kann man auch ein Seilwaschmittel verwenden. Das h\u00e4lt die Oberfl\u00e4che griffig und verbessert das Handling.<\/p>\n<p>Wichtig dabei! Immer sch\u00f6n an einem schattigen Ort lufttrocknen. Niemals \u00fcber eine Heizung oder Ofen h\u00e4ngen. Ebenso nie in der prallen Sonne trocknen.<\/p>\n<p>Und andererseits bedeutet es aber auch regelm\u00e4\u00dfige Kontrolle. Ist die Schlinge voll intakt? Ist der String noch o.k.?<\/p>\n<p>Zur eigenen Sicherheit sollte man deshalb in regelm\u00e4\u00dfigen Abst\u00e4nden &#8220;dr\u00fcber schauen&#8221;.<\/p>\n<h3>Petzl Finesse Expressschlinge Lagerung<\/h3>\n<p>Lagert eure Schlingen immer trocken und schattig. Direkte Sonneneinstrahlung ist wegen der UV Strahlung zu vermeiden.<\/p>\n<p>Achtet auch darauf, die B\u00e4nder keiner z langen Feuchtigkeit aus zu setzen. Wasser setzt dem Material, wenn zu lange ausgesetzt, ebenso zu.<\/p>\n<p>Bei richtiger Lagerung und Verwendung solltet ihr mindestens 5 Jahre lange Freude an euren Schlingen haben. Die reine Lagerfrist betr\u00e4gt 10 Jahre.<\/p>\n<p>Bei intensiver Verwendung sollte das Produkt nach 3-5 Jahren ausgetauscht werden.<\/p>\n<p>&nbsp;<\/p>\n<p>&nbsp;<\/p>\n","protected":false},"excerpt":{"rendered":"<p>Ergonomische Bandschlinge aus Dyneema mit tollem Handling. Als Ersatz f\u00fcr kaputte Schlingen der Petzl Ange Finesse Express oder zum selber Best\u00fccken.<\/p>\n<p>in 10cm oder 17cm L\u00e4nge inkl. String Karabinerfixierung!<\/p>\n","protected":false},"featured_media":12200,"comment_status":"open","ping_status":"closed","template":"","meta":[],"product_brand":[],"product_cat":[220,29,14093],"product_tag":[],"class_list":{"0":"post-12190","1":"product","2":"type-product","3":"status-publish","4":"has-post-thumbnail","6":"product_cat-expressschlingen","7":"product_cat-kletterausruestung","8":"product_cat-petzl","10":"first","11":"instock","12":"taxable","13":"shipping-taxable","14":"purchasable","15":"product-type-variable"},"yoast_head":"<!-- This site is optimized with the Yoast SEO Premium plugin v26.9 (Yoast SEO v26.9) - https:\/\/yoast.com\/product\/yoast-seo-premium-wordpress\/ -->\n<title>Petzl Finesse Expressschlinge 10cm und 17cm - Dyneema | bolting.eu<\/title>\n<meta name=\"description\" content=\"Hier findest Du die PETZL FINESSE EXPRESSSCHLINGE aus Dyneema in 10cm und 17cm L\u00e4nge. Inkl. String Karabinerfixierung!\" \/>\n<meta name=\"robots\" content=\"index, follow, max-snippet:-1, max-image-preview:large, max-video-preview:-1\" \/>\n<link rel=\"canonical\" href=\"https:\/\/bolting.eu\/en\/shop\/petzl-finesse-expressschlinge\/\" \/>\n<meta property=\"og:locale\" content=\"en_US\" \/>\n<meta property=\"og:type\" content=\"article\" \/>\n<meta property=\"og:title\" content=\"Petzl Finesse Expressschlinge\" \/>\n<meta property=\"og:description\" content=\"Hier findest Du die PETZL FINESSE EXPRESSSCHLINGE aus Dyneema in 10cm und 17cm L\u00e4nge. Inkl. String Karabinerfixierung!\" \/>\n<meta property=\"og:url\" content=\"https:\/\/bolting.eu\/en\/shop\/petzl-finesse-expressschlinge\/\" \/>\n<meta property=\"og:site_name\" content=\"bolting.eu\" \/>\n<meta property=\"article:publisher\" content=\"https:\/\/www.facebook.com\/bolting.eu\" \/>\n<meta property=\"article:modified_time\" content=\"2025-11-26T09:53:24+00:00\" \/>\n<meta property=\"og:image\" content=\"https:\/\/bolting.eu\/wp-content\/uploads\/2022\/06\/Petzl-Finesse-Expressschlinge-2.jpg\" \/>\n\t<meta property=\"og:image:width\" content=\"700\" \/>\n\t<meta property=\"og:image:height\" content=\"700\" \/>\n\t<meta property=\"og:image:type\" content=\"image\/jpeg\" \/>\n<meta name=\"twitter:card\" content=\"summary_large_image\" \/>\n<meta name=\"twitter:label1\" content=\"Availability\" \/>\n\t<meta name=\"twitter:data1\" content=\"In stock\" \/>\n<script type=\"application\/ld+json\" class=\"yoast-schema-graph\">{\"@context\":\"https:\/\/schema.org\",\"@graph\":[{\"@type\":[\"WebPage\",\"ItemPage\"],\"@id\":\"https:\/\/bolting.eu\/en\/shop\/petzl-finesse-expressschlinge\/\",\"url\":\"https:\/\/bolting.eu\/en\/shop\/petzl-finesse-expressschlinge\/\",\"name\":\"Petzl Finesse Expressschlinge 10cm und 17cm - Dyneema | bolting.eu\",\"isPartOf\":{\"@id\":\"https:\/\/bolting.eu\/en\/#website\"},\"primaryImageOfPage\":{\"@id\":\"https:\/\/bolting.eu\/en\/shop\/petzl-finesse-expressschlinge\/#primaryimage\"},\"image\":{\"@id\":\"https:\/\/bolting.eu\/en\/shop\/petzl-finesse-expressschlinge\/#primaryimage\"},\"thumbnailUrl\":\"https:\/\/bolting.eu\/wp-content\/uploads\/2022\/06\/Petzl-Finesse-Expressschlinge-2.jpg\",\"datePublished\":\"2022-06-22T07:54:30+00:00\",\"dateModified\":\"2025-11-26T09:53:24+00:00\",\"description\":\"Hier findest Du die PETZL FINESSE EXPRESSSCHLINGE aus Dyneema in 10cm und 17cm L\u00e4nge. Inkl. String Karabinerfixierung!\",\"breadcrumb\":{\"@id\":\"https:\/\/bolting.eu\/en\/shop\/petzl-finesse-expressschlinge\/#breadcrumb\"},\"inLanguage\":\"en-US\",\"potentialAction\":[{\"@type\":\"ReadAction\",\"target\":[\"https:\/\/bolting.eu\/en\/shop\/petzl-finesse-expressschlinge\/\"]}]},{\"@type\":\"ImageObject\",\"inLanguage\":\"en-US\",\"@id\":\"https:\/\/bolting.eu\/en\/shop\/petzl-finesse-expressschlinge\/#primaryimage\",\"url\":\"https:\/\/bolting.eu\/wp-content\/uploads\/2022\/06\/Petzl-Finesse-Expressschlinge-2.jpg\",\"contentUrl\":\"https:\/\/bolting.eu\/wp-content\/uploads\/2022\/06\/Petzl-Finesse-Expressschlinge-2.jpg\",\"width\":700,\"height\":700,\"caption\":\"Das Bild zeigt die wei\u00dfe Petzl Finessse Expressschlinge in 10cm und 17cm nebeneinander. Man sieht die B\u00e4nder, deren rote N\u00e4hte und den String Karabinerschutz.\"},{\"@type\":\"BreadcrumbList\",\"@id\":\"https:\/\/bolting.eu\/en\/shop\/petzl-finesse-expressschlinge\/#breadcrumb\",\"itemListElement\":[{\"@type\":\"ListItem\",\"position\":1,\"name\":\"Shop\",\"item\":\"https:\/\/bolting.eu\/en\/shop\/\"},{\"@type\":\"ListItem\",\"position\":2,\"name\":\"climbing equipment\",\"item\":\"https:\/\/bolting.eu\/en\/produkt-kategorie\/climbing-equipment\/\"},{\"@type\":\"ListItem\",\"position\":3,\"name\":\"Quickdraws\",\"item\":\"https:\/\/bolting.eu\/en\/produkt-kategorie\/quickdraws\/\"},{\"@type\":\"ListItem\",\"position\":4,\"name\":\"Petzl Finesse Expressschlinge\"}]},{\"@type\":\"WebSite\",\"@id\":\"https:\/\/bolting.eu\/en\/#website\",\"url\":\"https:\/\/bolting.eu\/en\/\",\"name\":\"bolting.eu\",\"description\":\"we make climbs happen\",\"publisher\":{\"@id\":\"https:\/\/bolting.eu\/en\/#organization\"},\"potentialAction\":[{\"@type\":\"SearchAction\",\"target\":{\"@type\":\"EntryPoint\",\"urlTemplate\":\"https:\/\/bolting.eu\/en\/?s={search_term_string}\"},\"query-input\":{\"@type\":\"PropertyValueSpecification\",\"valueRequired\":true,\"valueName\":\"search_term_string\"}}],\"inLanguage\":\"en-US\"},{\"@type\":[\"Organization\",\"Place\",\"SportingGoodsStore\"],\"@id\":\"https:\/\/bolting.eu\/en\/#organization\",\"name\":\"bolting.eu\",\"url\":\"https:\/\/bolting.eu\/en\/\",\"logo\":{\"@id\":\"https:\/\/bolting.eu\/en\/shop\/petzl-finesse-expressschlinge\/#local-main-organization-logo\"},\"image\":{\"@id\":\"https:\/\/bolting.eu\/en\/shop\/petzl-finesse-expressschlinge\/#local-main-organization-logo\"},\"sameAs\":[\"https:\/\/www.facebook.com\/bolting.eu\",\"https:\/\/www.instagram.com\/bolting.eu\/\"],\"address\":{\"@id\":\"https:\/\/bolting.eu\/en\/shop\/petzl-finesse-expressschlinge\/#local-main-place-address\"},\"geo\":{\"@type\":\"GeoCoordinates\",\"latitude\":\"47.264176340396226\",\"longitude\":\"11.380109057672346\"},\"telephone\":[\"+43 699 19083372\"],\"openingHoursSpecification\":[{\"@type\":\"OpeningHoursSpecification\",\"dayOfWeek\":[\"Monday\",\"Wednesday\",\"Friday\"],\"opens\":\"14:00\",\"closes\":\"18:00\"},{\"@type\":\"OpeningHoursSpecification\",\"dayOfWeek\":[\"Tuesday\",\"Thursday\",\"Saturday\",\"Sunday\"],\"opens\":\"00:00\",\"closes\":\"00:00\"}],\"email\":\"office@bolting.eu\",\"vatID\":\"ATU59999728\",\"priceRange\":\"$$\",\"currenciesAccepted\":\"Euro\"},{\"@type\":\"PostalAddress\",\"@id\":\"https:\/\/bolting.eu\/en\/shop\/petzl-finesse-expressschlinge\/#local-main-place-address\",\"streetAddress\":\"Fischnalerstra\u00dfe 4\",\"addressLocality\":\"Innsbruck\",\"postalCode\":\"6020\",\"addressRegion\":\"Tirol\",\"addressCountry\":\"AT\"},{\"@type\":\"ImageObject\",\"inLanguage\":\"en-US\",\"@id\":\"https:\/\/bolting.eu\/en\/shop\/petzl-finesse-expressschlinge\/#local-main-organization-logo\",\"url\":\"https:\/\/bolting.eu\/wp-content\/uploads\/2019\/09\/bolting-logo.png\",\"contentUrl\":\"https:\/\/bolting.eu\/wp-content\/uploads\/2019\/09\/bolting-logo.png\",\"width\":400,\"height\":211,\"caption\":\"bolting.eu\"}]}<\/script>\n<meta property=\"og:availability\" content=\"instock\" \/>\n<meta property=\"product:availability\" content=\"instock\" \/>\n<meta property=\"product:condition\" content=\"new\" \/>\n<meta name=\"geo.placename\" content=\"Innsbruck\" \/>\n<meta name=\"geo.position\" content=\"47.264176340396226;11.380109057672346\" \/>\n<meta name=\"geo.region\" content=\"Austria\" \/>\n<!-- \/ Yoast SEO Premium plugin. -->","yoast_head_json":{"title":"Petzl Finesse Expressschlinge 10cm und 17cm - Dyneema | bolting.eu","description":"Hier findest Du die PETZL FINESSE EXPRESSSCHLINGE aus Dyneema in 10cm und 17cm L\u00e4nge. Inkl. String Karabinerfixierung!","robots":{"index":"index","follow":"follow","max-snippet":"max-snippet:-1","max-image-preview":"max-image-preview:large","max-video-preview":"max-video-preview:-1"},"canonical":"https:\/\/bolting.eu\/en\/shop\/petzl-finesse-expressschlinge\/","og_locale":"en_US","og_type":"article","og_title":"Petzl Finesse Expressschlinge","og_description":"Hier findest Du die PETZL FINESSE EXPRESSSCHLINGE aus Dyneema in 10cm und 17cm L\u00e4nge. Inkl. String Karabinerfixierung!","og_url":"https:\/\/bolting.eu\/en\/shop\/petzl-finesse-expressschlinge\/","og_site_name":"bolting.eu","article_publisher":"https:\/\/www.facebook.com\/bolting.eu","article_modified_time":"2025-11-26T09:53:24+00:00","og_image":[{"width":700,"height":700,"url":"https:\/\/bolting.eu\/wp-content\/uploads\/2022\/06\/Petzl-Finesse-Expressschlinge-2.jpg","type":"image\/jpeg"}],"twitter_card":"summary_large_image","twitter_misc":{"Availability":"In stock"},"schema":{"@context":"https:\/\/schema.org","@graph":[{"@type":["WebPage","ItemPage"],"@id":"https:\/\/bolting.eu\/en\/shop\/petzl-finesse-expressschlinge\/","url":"https:\/\/bolting.eu\/en\/shop\/petzl-finesse-expressschlinge\/","name":"Petzl Finesse Expressschlinge 10cm und 17cm - Dyneema | bolting.eu","isPartOf":{"@id":"https:\/\/bolting.eu\/en\/#website"},"primaryImageOfPage":{"@id":"https:\/\/bolting.eu\/en\/shop\/petzl-finesse-expressschlinge\/#primaryimage"},"image":{"@id":"https:\/\/bolting.eu\/en\/shop\/petzl-finesse-expressschlinge\/#primaryimage"},"thumbnailUrl":"https:\/\/bolting.eu\/wp-content\/uploads\/2022\/06\/Petzl-Finesse-Expressschlinge-2.jpg","datePublished":"2022-06-22T07:54:30+00:00","dateModified":"2025-11-26T09:53:24+00:00","description":"Hier findest Du die PETZL FINESSE EXPRESSSCHLINGE aus Dyneema in 10cm und 17cm L\u00e4nge. Inkl. String Karabinerfixierung!","breadcrumb":{"@id":"https:\/\/bolting.eu\/en\/shop\/petzl-finesse-expressschlinge\/#breadcrumb"},"inLanguage":"en-US","potentialAction":[{"@type":"ReadAction","target":["https:\/\/bolting.eu\/en\/shop\/petzl-finesse-expressschlinge\/"]}]},{"@type":"ImageObject","inLanguage":"en-US","@id":"https:\/\/bolting.eu\/en\/shop\/petzl-finesse-expressschlinge\/#primaryimage","url":"https:\/\/bolting.eu\/wp-content\/uploads\/2022\/06\/Petzl-Finesse-Expressschlinge-2.jpg","contentUrl":"https:\/\/bolting.eu\/wp-content\/uploads\/2022\/06\/Petzl-Finesse-Expressschlinge-2.jpg","width":700,"height":700,"caption":"Das Bild zeigt die wei\u00dfe Petzl Finessse Expressschlinge in 10cm und 17cm nebeneinander. Man sieht die B\u00e4nder, deren rote N\u00e4hte und den String Karabinerschutz."},{"@type":"BreadcrumbList","@id":"https:\/\/bolting.eu\/en\/shop\/petzl-finesse-expressschlinge\/#breadcrumb","itemListElement":[{"@type":"ListItem","position":1,"name":"Shop","item":"https:\/\/bolting.eu\/en\/shop\/"},{"@type":"ListItem","position":2,"name":"climbing equipment","item":"https:\/\/bolting.eu\/en\/produkt-kategorie\/climbing-equipment\/"},{"@type":"ListItem","position":3,"name":"Quickdraws","item":"https:\/\/bolting.eu\/en\/produkt-kategorie\/quickdraws\/"},{"@type":"ListItem","position":4,"name":"Petzl Finesse Expressschlinge"}]},{"@type":"WebSite","@id":"https:\/\/bolting.eu\/en\/#website","url":"https:\/\/bolting.eu\/en\/","name":"bolting.eu","description":"we make climbs happen","publisher":{"@id":"https:\/\/bolting.eu\/en\/#organization"},"potentialAction":[{"@type":"SearchAction","target":{"@type":"EntryPoint","urlTemplate":"https:\/\/bolting.eu\/en\/?s={search_term_string}"},"query-input":{"@type":"PropertyValueSpecification","valueRequired":true,"valueName":"search_term_string"}}],"inLanguage":"en-US"},{"@type":["Organization","Place","SportingGoodsStore"],"@id":"https:\/\/bolting.eu\/en\/#organization","name":"bolting.eu","url":"https:\/\/bolting.eu\/en\/","logo":{"@id":"https:\/\/bolting.eu\/en\/shop\/petzl-finesse-expressschlinge\/#local-main-organization-logo"},"image":{"@id":"https:\/\/bolting.eu\/en\/shop\/petzl-finesse-expressschlinge\/#local-main-organization-logo"},"sameAs":["https:\/\/www.facebook.com\/bolting.eu","https:\/\/www.instagram.com\/bolting.eu\/"],"address":{"@id":"https:\/\/bolting.eu\/en\/shop\/petzl-finesse-expressschlinge\/#local-main-place-address"},"geo":{"@type":"GeoCoordinates","latitude":"47.264176340396226","longitude":"11.380109057672346"},"telephone":["+43 699 19083372"],"openingHoursSpecification":[{"@type":"OpeningHoursSpecification","dayOfWeek":["Monday","Wednesday","Friday"],"opens":"14:00","closes":"18:00"},{"@type":"OpeningHoursSpecification","dayOfWeek":["Tuesday","Thursday","Saturday","Sunday"],"opens":"00:00","closes":"00:00"}],"email":"office@bolting.eu","vatID":"ATU59999728","priceRange":"$$","currenciesAccepted":"Euro"},{"@type":"PostalAddress","@id":"https:\/\/bolting.eu\/en\/shop\/petzl-finesse-expressschlinge\/#local-main-place-address","streetAddress":"Fischnalerstra\u00dfe 4","addressLocality":"Innsbruck","postalCode":"6020","addressRegion":"Tirol","addressCountry":"AT"},{"@type":"ImageObject","inLanguage":"en-US","@id":"https:\/\/bolting.eu\/en\/shop\/petzl-finesse-expressschlinge\/#local-main-organization-logo","url":"https:\/\/bolting.eu\/wp-content\/uploads\/2019\/09\/bolting-logo.png","contentUrl":"https:\/\/bolting.eu\/wp-content\/uploads\/2019\/09\/bolting-logo.png","width":400,"height":211,"caption":"bolting.eu"}]},"og_availability":"instock","product_availability":"instock","product_condition":"new","geo.placename":"Innsbruck","geo.position":{"lat":"47.264176340396226","long":"11.380109057672346"},"geo.region":"Austria"},"_links":{"self":[{"href":"https:\/\/bolting.eu\/en\/wp-json\/wp\/v2\/product\/12190","targetHints":{"allow":["GET"]}}],"collection":[{"href":"https:\/\/bolting.eu\/en\/wp-json\/wp\/v2\/product"}],"about":[{"href":"https:\/\/bolting.eu\/en\/wp-json\/wp\/v2\/types\/product"}],"replies":[{"embeddable":true,"href":"https:\/\/bolting.eu\/en\/wp-json\/wp\/v2\/comments?post=12190"}],"wp:featuredmedia":[{"embeddable":true,"href":"https:\/\/bolting.eu\/en\/wp-json\/wp\/v2\/media\/12200"}],"wp:attachment":[{"href":"https:\/\/bolting.eu\/en\/wp-json\/wp\/v2\/media?parent=12190"}],"wp:term":[{"taxonomy":"product_brand","embeddable":true,"href":"https:\/\/bolting.eu\/en\/wp-json\/wp\/v2\/product_brand?post=12190"},{"taxonomy":"product_cat","embeddable":true,"href":"https:\/\/bolting.eu\/en\/wp-json\/wp\/v2\/product_cat?post=12190"},{"taxonomy":"product_tag","embeddable":true,"href":"https:\/\/bolting.eu\/en\/wp-json\/wp\/v2\/product_tag?post=12190"}],"curies":[{"name":"wp","href":"https:\/\/api.w.org\/{rel}","templated":true}]}}