{"id":12175,"date":"2022-06-21T14:41:03","date_gmt":"2022-06-21T12:41:03","guid":{"rendered":"https:\/\/bolting.eu\/?post_type=product&#038;p=12175"},"modified":"2026-04-10T09:29:13","modified_gmt":"2026-04-10T07:29:13","slug":"kong-mini-8-abseilachter-edelstahl","status":"publish","type":"product","link":"https:\/\/bolting.eu\/en\/shop\/kong-mini-8-abseilachter-edelstahl\/","title":{"rendered":"Kong Mini 8 Abseilachter Edelstahl"},"content":{"rendered":"<p>Der Kong Mini 8 ist ein <a href=\"https:\/\/bolting.eu\/produkt-kategorie\/kletterausruestung\/sicherungsgeraete-klettern\/abseilachter\/\">Abseilachter<\/a> Edelstahl aus AISI 304 Chrom-Stahl. D.h. er ist extrem abriebfest und somit ideal f\u00fcr Heavy Duty Anwendungen.<\/p>\n<p>Wie z.B. bei H\u00f6henarbeiten, wo extrem oft abgeseilt werden muss. Oder aber auch bei Rettungseins\u00e4tzen, wenn viel Gewicht am Seil h\u00e4ngt und normale Alu-Legierungen rasch eingeschliffen werden.<\/p>\n<p>Dieser Achter hat seitliche Haken bzw. einen extra Schlitz, um diverse Seilkonfigurationen umzusetzen. Somit l\u00e4sst sich z.B. eine Seilblockierung machen, um die H\u00e4nde frei zu bekommen. Oder mehr bzw. weniger Reibung im Abseilmodus zu generieren.<\/p>\n<p>Fazit. Dieser Edelstahl Abseilachter ist etwas f\u00fcr absolute Spezialisten bzw. Vielabseiler!<\/p>\n<h2>Eigenschaften Kong Mini 8<\/h2>\n<ul>\n<li>Hersteller: <a href=\"https:\/\/bolting.eu\/produkt-kategorie\/kong\/\">Kong Italy<\/a><\/li>\n<li>Material: AISI 304 Edelstahl<\/li>\n<li>Gewicht: 430 Gramm (!)<\/li>\n<li>Ma\u00dfe: 14.3cm lang &#8211; 13.2cm breit<\/li>\n<li>empfohlener Karabiner: <a href=\"https:\/\/bolting.eu\/produkt-kategorie\/kletterausruestung\/kletterkarabiner\/stahlkarabiner\/\">Stahlkarabiner<\/a> in HMS Form<\/li>\n<li>Normen: keine<\/li>\n<li>Seildurchmesser: 9 &#8211; 16mm<\/li>\n<li>ideal f\u00fcr Heavy Duty Anwendungen und Vielabseiler<\/li>\n<li>erlaubt diverse Abseilmodi<\/li>\n<li>diverse Blockierm\u00f6glichkeiten<\/li>\n<li><a href=\"https:\/\/www.kong.it\/upload\/files\/KONG_GENERAL_INFO.pdf\" target=\"_blank\" rel=\"noopener\">allg. Produktinfo<\/a><\/li>\n<\/ul>\n<h3>Wer braucht einen Abseilachter Edelstahl?<\/h3>\n<p>Der Kong Mini 8 ist wie erw\u00e4hnt etwas f\u00fcr Spezialisten. Im Grunde gibt der extrem abriebfeste Edelstahl die Verwendung vor.<\/p>\n<p>Oder besser ausgedr\u00fcckt. Wer extrem viel abseilt, wie z.B. bei H\u00f6henarbeiten oder bei Rettungseins\u00e4tzen, der ist hier richtig.<\/p>\n<p>F\u00fcr den Klettersport ist dieses NICHT gedacht. Denn es ist viel zu schwer. Hier sind leichte Alu Achter gfragt.<\/p>\n<h3>F\u00fcr Seile mit 9 &#8211; 16mm Durchmesser<\/h3>\n<p>Wie alle Abseilachter hat auch der Kong Mini 8 einen gro\u00dfen Vorteil gegen\u00fcber den modernen Halbautomaten. Die gro\u00dfe Bandbreite an m\u00f6glichen Seildurchmessern!<\/p>\n<p>Bei diesem Edelstahl Abseilachter geht diese sogar von schmalen 9mm bis unglaublichen 16mm. D.h. auch \u00e4ltere, pelzige Seile oder dicke <a href=\"https:\/\/bolting.eu\/shop\/semi-statikseil-ranger-105mm\/\">Statikseile<\/a> lassen sich noch optimal verwenden.<\/p>\n<h3>Gr\u00f6\u00dfenvergleich Big 8 &#8211; Kong Mini 8<\/h3>\n<p>Der folgende bildliche Vergleich soll euch zeigen, wie die Relationen zwischen den Kong Abseilachtern sind.<\/p>\n<p>Der Gr\u00f6\u00dfenunterschied betr\u00e4gt in etwa 33%. D.h. der Abseilachter Edelstahl ist deutlich kleiner als der &#8220;gro\u00dfe Bruder&#8221;. Der Gewichtsunterschied ist nat\u00fcrlich noch viel gr\u00f6\u00dfer, weil wir es hier ja mit Alu bzw. Edelstahl zu tun haben.<\/p>\n<figure id=\"attachment_12178\" aria-describedby=\"caption-attachment-12178\" style=\"width: 700px\" class=\"wp-caption alignnone\"><a href=\"https:\/\/bolting.eu\/wp-content\/uploads\/2022\/06\/Kong-Mini-8-Abseilachter-Edelstahl-3.jpg\"><img loading=\"lazy\" decoding=\"async\" class=\"wp-image-12178 size-full\" src=\"https:\/\/bolting.eu\/wp-content\/uploads\/2022\/06\/Kong-Mini-8-Abseilachter-Edelstahl-3.jpg\" alt=\"Das Bild zeigt den Gr\u00f6\u00dfenvergleich zwischen einem silbernen Abseilachter Edelstahl und einem gro\u00dfen, roten Aluminium Achter.\" width=\"700\" height=\"700\" srcset=\"https:\/\/bolting.eu\/wp-content\/uploads\/2022\/06\/Kong-Mini-8-Abseilachter-Edelstahl-3.jpg 700w, https:\/\/bolting.eu\/wp-content\/uploads\/2022\/06\/Kong-Mini-8-Abseilachter-Edelstahl-3-100x100.jpg 100w, https:\/\/bolting.eu\/wp-content\/uploads\/2022\/06\/Kong-Mini-8-Abseilachter-Edelstahl-3-510x510.jpg 510w, https:\/\/bolting.eu\/wp-content\/uploads\/2022\/06\/Kong-Mini-8-Abseilachter-Edelstahl-3-400x400.jpg 400w, https:\/\/bolting.eu\/wp-content\/uploads\/2022\/06\/Kong-Mini-8-Abseilachter-Edelstahl-3-280x280.jpg 280w, https:\/\/bolting.eu\/wp-content\/uploads\/2022\/06\/Kong-Mini-8-Abseilachter-Edelstahl-3-300x300.jpg 300w, https:\/\/bolting.eu\/wp-content\/uploads\/2022\/06\/Kong-Mini-8-Abseilachter-Edelstahl-3-600x600.jpg 600w\" sizes=\"auto, (max-width: 700px) 100vw, 700px\" \/><\/a><figcaption id=\"caption-attachment-12178\" class=\"wp-caption-text\">Gr\u00f6\u00dfenvergleich zwischen dem Kong Mini 8 Edelstahl links, und dem Kong Big 8 rechts.<\/figcaption><\/figure>\n","protected":false},"excerpt":{"rendered":"<p>Heavy Duty Abseilachter aus AISi 304 Edelstahl f\u00fcr H\u00f6henarbeiter oder Rettungsorganisationen.<\/p>\n<p>Extrem abriebfest und vielseitig einsetzbar. Mehrere Brems- und Abseilmodi bzw. Stopp Knoten m\u00f6glich.<\/p>\n","protected":false},"featured_media":12176,"comment_status":"open","ping_status":"closed","template":"","meta":[],"product_brand":[],"product_cat":[15030,3711,14823,14249,14447],"product_tag":[],"class_list":{"0":"post-12175","1":"product","2":"type-product","3":"status-publish","4":"has-post-thumbnail","6":"product_cat-climbing-equipment","7":"product_cat-sicherungsgeraete-klettern","8":"product_cat-kong-en","9":"product_cat-abseilachter","10":"product_cat-abseilgeraete","12":"first","13":"instock","14":"taxable","15":"shipping-taxable","16":"purchasable","17":"product-type-simple"},"yoast_head":"<!-- This site is optimized with the Yoast SEO Premium plugin v26.9 (Yoast SEO v26.9) - https:\/\/yoast.com\/product\/yoast-seo-premium-wordpress\/ -->\n<title>Kong Mini 8 Abseilachter Edelstahl - AISI 304 | bolting.eu<\/title>\n<meta name=\"description\" content=\"Hier findest Du den KONG MINI 8 Abseilachter Edelstahl. Ein Abseilger\u00e4t f\u00fcr Heavy Duty Use bei H\u00f6henarbeiten und Rettungsorganisationen.\" \/>\n<meta name=\"robots\" content=\"index, follow, max-snippet:-1, max-image-preview:large, max-video-preview:-1\" \/>\n<link rel=\"canonical\" href=\"https:\/\/bolting.eu\/en\/shop\/kong-mini-8-abseilachter-edelstahl\/\" \/>\n<meta property=\"og:locale\" content=\"en_US\" \/>\n<meta property=\"og:type\" content=\"article\" \/>\n<meta property=\"og:title\" content=\"Kong Mini 8 Abseilachter Edelstahl\" \/>\n<meta property=\"og:description\" content=\"Hier findest Du den KONG MINI 8 Abseilachter Edelstahl. Ein Abseilger\u00e4t f\u00fcr Heavy Duty Use bei H\u00f6henarbeiten und Rettungsorganisationen.\" \/>\n<meta property=\"og:url\" content=\"https:\/\/bolting.eu\/en\/shop\/kong-mini-8-abseilachter-edelstahl\/\" \/>\n<meta property=\"og:site_name\" content=\"bolting.eu\" \/>\n<meta property=\"article:publisher\" content=\"https:\/\/www.facebook.com\/bolting.eu\" \/>\n<meta property=\"article:modified_time\" content=\"2026-04-10T07:29:13+00:00\" \/>\n<meta property=\"og:image\" content=\"https:\/\/bolting.eu\/wp-content\/uploads\/2022\/06\/Kong-Mini-8-Abseilachter-Edelstahl-1.jpg\" \/>\n\t<meta property=\"og:image:width\" content=\"700\" \/>\n\t<meta property=\"og:image:height\" content=\"700\" \/>\n\t<meta property=\"og:image:type\" content=\"image\/jpeg\" \/>\n<meta name=\"twitter:card\" content=\"summary_large_image\" \/>\n<meta name=\"twitter:label1\" content=\"Price\" \/>\n\t<meta name=\"twitter:data1\" content=\"&euro;&nbsp;34,90\" \/>\n\t<meta name=\"twitter:label2\" content=\"Availability\" \/>\n\t<meta name=\"twitter:data2\" content=\"In stock\" \/>\n<script type=\"application\/ld+json\" class=\"yoast-schema-graph\">{\"@context\":\"https:\/\/schema.org\",\"@graph\":[{\"@type\":[\"WebPage\",\"ItemPage\"],\"@id\":\"https:\/\/bolting.eu\/en\/shop\/kong-mini-8-abseilachter-edelstahl\/\",\"url\":\"https:\/\/bolting.eu\/en\/shop\/kong-mini-8-abseilachter-edelstahl\/\",\"name\":\"Kong Mini 8 Abseilachter Edelstahl - AISI 304 | bolting.eu\",\"isPartOf\":{\"@id\":\"https:\/\/bolting.eu\/en\/#website\"},\"primaryImageOfPage\":{\"@id\":\"https:\/\/bolting.eu\/en\/shop\/kong-mini-8-abseilachter-edelstahl\/#primaryimage\"},\"image\":{\"@id\":\"https:\/\/bolting.eu\/en\/shop\/kong-mini-8-abseilachter-edelstahl\/#primaryimage\"},\"thumbnailUrl\":\"https:\/\/bolting.eu\/wp-content\/uploads\/2022\/06\/Kong-Mini-8-Abseilachter-Edelstahl-1.jpg\",\"datePublished\":\"2022-06-21T12:41:03+00:00\",\"dateModified\":\"2026-04-10T07:29:13+00:00\",\"description\":\"Hier findest Du den KONG MINI 8 Abseilachter Edelstahl. Ein Abseilger\u00e4t f\u00fcr Heavy Duty Use bei H\u00f6henarbeiten und Rettungsorganisationen.\",\"breadcrumb\":{\"@id\":\"https:\/\/bolting.eu\/en\/shop\/kong-mini-8-abseilachter-edelstahl\/#breadcrumb\"},\"inLanguage\":\"en-US\",\"potentialAction\":[{\"@type\":\"ReadAction\",\"target\":[\"https:\/\/bolting.eu\/en\/shop\/kong-mini-8-abseilachter-edelstahl\/\"]}]},{\"@type\":\"ImageObject\",\"inLanguage\":\"en-US\",\"@id\":\"https:\/\/bolting.eu\/en\/shop\/kong-mini-8-abseilachter-edelstahl\/#primaryimage\",\"url\":\"https:\/\/bolting.eu\/wp-content\/uploads\/2022\/06\/Kong-Mini-8-Abseilachter-Edelstahl-1.jpg\",\"contentUrl\":\"https:\/\/bolting.eu\/wp-content\/uploads\/2022\/06\/Kong-Mini-8-Abseilachter-Edelstahl-1.jpg\",\"width\":700,\"height\":700,\"caption\":\"Das Bild zeigt den silbernen Kong Mini 8 Abseilachter Edelstahl auf einem wei\u00dfem Quadrat. Seitlich stehen zwei H\u00f6rner ab.\"},{\"@type\":\"BreadcrumbList\",\"@id\":\"https:\/\/bolting.eu\/en\/shop\/kong-mini-8-abseilachter-edelstahl\/#breadcrumb\",\"itemListElement\":[{\"@type\":\"ListItem\",\"position\":1,\"name\":\"Shop\",\"item\":\"https:\/\/bolting.eu\/en\/shop\/\"},{\"@type\":\"ListItem\",\"position\":2,\"name\":\"climbing equipment\",\"item\":\"https:\/\/bolting.eu\/en\/produkt-kategorie\/climbing-equipment\/\"},{\"@type\":\"ListItem\",\"position\":3,\"name\":\"Sicherungsger\u00e4te Klettern\",\"item\":\"https:\/\/bolting.eu\/produkt-kategorie\/kletterausruestung\/sicherungsgeraete-klettern\/\"},{\"@type\":\"ListItem\",\"position\":4,\"name\":\"Kong Mini 8 Abseilachter Edelstahl\"}]},{\"@type\":\"WebSite\",\"@id\":\"https:\/\/bolting.eu\/en\/#website\",\"url\":\"https:\/\/bolting.eu\/en\/\",\"name\":\"bolting.eu\",\"description\":\"we make climbs happen\",\"publisher\":{\"@id\":\"https:\/\/bolting.eu\/en\/#organization\"},\"potentialAction\":[{\"@type\":\"SearchAction\",\"target\":{\"@type\":\"EntryPoint\",\"urlTemplate\":\"https:\/\/bolting.eu\/en\/?s={search_term_string}\"},\"query-input\":{\"@type\":\"PropertyValueSpecification\",\"valueRequired\":true,\"valueName\":\"search_term_string\"}}],\"inLanguage\":\"en-US\"},{\"@type\":[\"Organization\",\"Place\",\"SportingGoodsStore\"],\"@id\":\"https:\/\/bolting.eu\/en\/#organization\",\"name\":\"bolting.eu\",\"url\":\"https:\/\/bolting.eu\/en\/\",\"logo\":{\"@id\":\"https:\/\/bolting.eu\/en\/shop\/kong-mini-8-abseilachter-edelstahl\/#local-main-organization-logo\"},\"image\":{\"@id\":\"https:\/\/bolting.eu\/en\/shop\/kong-mini-8-abseilachter-edelstahl\/#local-main-organization-logo\"},\"sameAs\":[\"https:\/\/www.facebook.com\/bolting.eu\",\"https:\/\/www.instagram.com\/bolting.eu\/\"],\"address\":{\"@id\":\"https:\/\/bolting.eu\/en\/shop\/kong-mini-8-abseilachter-edelstahl\/#local-main-place-address\"},\"geo\":{\"@type\":\"GeoCoordinates\",\"latitude\":\"47.264176340396226\",\"longitude\":\"11.380109057672346\"},\"telephone\":[\"+43 699 19083372\"],\"openingHoursSpecification\":[{\"@type\":\"OpeningHoursSpecification\",\"dayOfWeek\":[\"Monday\",\"Wednesday\",\"Friday\"],\"opens\":\"14:00\",\"closes\":\"18:00\"},{\"@type\":\"OpeningHoursSpecification\",\"dayOfWeek\":[\"Tuesday\",\"Thursday\",\"Saturday\",\"Sunday\"],\"opens\":\"00:00\",\"closes\":\"00:00\"}],\"email\":\"office@bolting.eu\",\"vatID\":\"ATU59999728\",\"priceRange\":\"$$\",\"currenciesAccepted\":\"Euro\"},{\"@type\":\"PostalAddress\",\"@id\":\"https:\/\/bolting.eu\/en\/shop\/kong-mini-8-abseilachter-edelstahl\/#local-main-place-address\",\"streetAddress\":\"Fischnalerstra\u00dfe 4\",\"addressLocality\":\"Innsbruck\",\"postalCode\":\"6020\",\"addressRegion\":\"Tirol\",\"addressCountry\":\"AT\"},{\"@type\":\"ImageObject\",\"inLanguage\":\"en-US\",\"@id\":\"https:\/\/bolting.eu\/en\/shop\/kong-mini-8-abseilachter-edelstahl\/#local-main-organization-logo\",\"url\":\"https:\/\/bolting.eu\/wp-content\/uploads\/2019\/09\/bolting-logo.png\",\"contentUrl\":\"https:\/\/bolting.eu\/wp-content\/uploads\/2019\/09\/bolting-logo.png\",\"width\":400,\"height\":211,\"caption\":\"bolting.eu\"}]}<\/script>\n<meta property=\"product:price:amount\" content=\"34.90\" \/>\n<meta property=\"product:price:currency\" content=\"EUR\" \/>\n<meta property=\"og:availability\" content=\"instock\" \/>\n<meta property=\"product:availability\" content=\"instock\" \/>\n<meta property=\"product:retailer_item_id\" content=\"805070000KK\" \/>\n<meta property=\"product:condition\" content=\"new\" \/>\n<meta name=\"geo.placename\" content=\"Innsbruck\" \/>\n<meta name=\"geo.position\" content=\"47.264176340396226;11.380109057672346\" \/>\n<meta name=\"geo.region\" content=\"Austria\" \/>\n<!-- \/ Yoast SEO Premium plugin. -->","yoast_head_json":{"title":"Kong Mini 8 Abseilachter Edelstahl - AISI 304 | bolting.eu","description":"Hier findest Du den KONG MINI 8 Abseilachter Edelstahl. Ein Abseilger\u00e4t f\u00fcr Heavy Duty Use bei H\u00f6henarbeiten und Rettungsorganisationen.","robots":{"index":"index","follow":"follow","max-snippet":"max-snippet:-1","max-image-preview":"max-image-preview:large","max-video-preview":"max-video-preview:-1"},"canonical":"https:\/\/bolting.eu\/en\/shop\/kong-mini-8-abseilachter-edelstahl\/","og_locale":"en_US","og_type":"article","og_title":"Kong Mini 8 Abseilachter Edelstahl","og_description":"Hier findest Du den KONG MINI 8 Abseilachter Edelstahl. Ein Abseilger\u00e4t f\u00fcr Heavy Duty Use bei H\u00f6henarbeiten und Rettungsorganisationen.","og_url":"https:\/\/bolting.eu\/en\/shop\/kong-mini-8-abseilachter-edelstahl\/","og_site_name":"bolting.eu","article_publisher":"https:\/\/www.facebook.com\/bolting.eu","article_modified_time":"2026-04-10T07:29:13+00:00","og_image":[{"width":700,"height":700,"url":"https:\/\/bolting.eu\/wp-content\/uploads\/2022\/06\/Kong-Mini-8-Abseilachter-Edelstahl-1.jpg","type":"image\/jpeg"}],"twitter_card":"summary_large_image","twitter_misc":{"Price":"&euro;&nbsp;34,90","Availability":"In stock"},"schema":{"@context":"https:\/\/schema.org","@graph":[{"@type":["WebPage","ItemPage"],"@id":"https:\/\/bolting.eu\/en\/shop\/kong-mini-8-abseilachter-edelstahl\/","url":"https:\/\/bolting.eu\/en\/shop\/kong-mini-8-abseilachter-edelstahl\/","name":"Kong Mini 8 Abseilachter Edelstahl - AISI 304 | bolting.eu","isPartOf":{"@id":"https:\/\/bolting.eu\/en\/#website"},"primaryImageOfPage":{"@id":"https:\/\/bolting.eu\/en\/shop\/kong-mini-8-abseilachter-edelstahl\/#primaryimage"},"image":{"@id":"https:\/\/bolting.eu\/en\/shop\/kong-mini-8-abseilachter-edelstahl\/#primaryimage"},"thumbnailUrl":"https:\/\/bolting.eu\/wp-content\/uploads\/2022\/06\/Kong-Mini-8-Abseilachter-Edelstahl-1.jpg","datePublished":"2022-06-21T12:41:03+00:00","dateModified":"2026-04-10T07:29:13+00:00","description":"Hier findest Du den KONG MINI 8 Abseilachter Edelstahl. Ein Abseilger\u00e4t f\u00fcr Heavy Duty Use bei H\u00f6henarbeiten und Rettungsorganisationen.","breadcrumb":{"@id":"https:\/\/bolting.eu\/en\/shop\/kong-mini-8-abseilachter-edelstahl\/#breadcrumb"},"inLanguage":"en-US","potentialAction":[{"@type":"ReadAction","target":["https:\/\/bolting.eu\/en\/shop\/kong-mini-8-abseilachter-edelstahl\/"]}]},{"@type":"ImageObject","inLanguage":"en-US","@id":"https:\/\/bolting.eu\/en\/shop\/kong-mini-8-abseilachter-edelstahl\/#primaryimage","url":"https:\/\/bolting.eu\/wp-content\/uploads\/2022\/06\/Kong-Mini-8-Abseilachter-Edelstahl-1.jpg","contentUrl":"https:\/\/bolting.eu\/wp-content\/uploads\/2022\/06\/Kong-Mini-8-Abseilachter-Edelstahl-1.jpg","width":700,"height":700,"caption":"Das Bild zeigt den silbernen Kong Mini 8 Abseilachter Edelstahl auf einem wei\u00dfem Quadrat. Seitlich stehen zwei H\u00f6rner ab."},{"@type":"BreadcrumbList","@id":"https:\/\/bolting.eu\/en\/shop\/kong-mini-8-abseilachter-edelstahl\/#breadcrumb","itemListElement":[{"@type":"ListItem","position":1,"name":"Shop","item":"https:\/\/bolting.eu\/en\/shop\/"},{"@type":"ListItem","position":2,"name":"climbing equipment","item":"https:\/\/bolting.eu\/en\/produkt-kategorie\/climbing-equipment\/"},{"@type":"ListItem","position":3,"name":"Sicherungsger\u00e4te Klettern","item":"https:\/\/bolting.eu\/produkt-kategorie\/kletterausruestung\/sicherungsgeraete-klettern\/"},{"@type":"ListItem","position":4,"name":"Kong Mini 8 Abseilachter Edelstahl"}]},{"@type":"WebSite","@id":"https:\/\/bolting.eu\/en\/#website","url":"https:\/\/bolting.eu\/en\/","name":"bolting.eu","description":"we make climbs happen","publisher":{"@id":"https:\/\/bolting.eu\/en\/#organization"},"potentialAction":[{"@type":"SearchAction","target":{"@type":"EntryPoint","urlTemplate":"https:\/\/bolting.eu\/en\/?s={search_term_string}"},"query-input":{"@type":"PropertyValueSpecification","valueRequired":true,"valueName":"search_term_string"}}],"inLanguage":"en-US"},{"@type":["Organization","Place","SportingGoodsStore"],"@id":"https:\/\/bolting.eu\/en\/#organization","name":"bolting.eu","url":"https:\/\/bolting.eu\/en\/","logo":{"@id":"https:\/\/bolting.eu\/en\/shop\/kong-mini-8-abseilachter-edelstahl\/#local-main-organization-logo"},"image":{"@id":"https:\/\/bolting.eu\/en\/shop\/kong-mini-8-abseilachter-edelstahl\/#local-main-organization-logo"},"sameAs":["https:\/\/www.facebook.com\/bolting.eu","https:\/\/www.instagram.com\/bolting.eu\/"],"address":{"@id":"https:\/\/bolting.eu\/en\/shop\/kong-mini-8-abseilachter-edelstahl\/#local-main-place-address"},"geo":{"@type":"GeoCoordinates","latitude":"47.264176340396226","longitude":"11.380109057672346"},"telephone":["+43 699 19083372"],"openingHoursSpecification":[{"@type":"OpeningHoursSpecification","dayOfWeek":["Monday","Wednesday","Friday"],"opens":"14:00","closes":"18:00"},{"@type":"OpeningHoursSpecification","dayOfWeek":["Tuesday","Thursday","Saturday","Sunday"],"opens":"00:00","closes":"00:00"}],"email":"office@bolting.eu","vatID":"ATU59999728","priceRange":"$$","currenciesAccepted":"Euro"},{"@type":"PostalAddress","@id":"https:\/\/bolting.eu\/en\/shop\/kong-mini-8-abseilachter-edelstahl\/#local-main-place-address","streetAddress":"Fischnalerstra\u00dfe 4","addressLocality":"Innsbruck","postalCode":"6020","addressRegion":"Tirol","addressCountry":"AT"},{"@type":"ImageObject","inLanguage":"en-US","@id":"https:\/\/bolting.eu\/en\/shop\/kong-mini-8-abseilachter-edelstahl\/#local-main-organization-logo","url":"https:\/\/bolting.eu\/wp-content\/uploads\/2019\/09\/bolting-logo.png","contentUrl":"https:\/\/bolting.eu\/wp-content\/uploads\/2019\/09\/bolting-logo.png","width":400,"height":211,"caption":"bolting.eu"}]},"product_price_amount":"34.90","product_price_currency":"EUR","og_availability":"instock","product_availability":"instock","product_retailer_item_id":"805070000KK","product_condition":"new","geo.placename":"Innsbruck","geo.position":{"lat":"47.264176340396226","long":"11.380109057672346"},"geo.region":"Austria"},"_links":{"self":[{"href":"https:\/\/bolting.eu\/en\/wp-json\/wp\/v2\/product\/12175","targetHints":{"allow":["GET"]}}],"collection":[{"href":"https:\/\/bolting.eu\/en\/wp-json\/wp\/v2\/product"}],"about":[{"href":"https:\/\/bolting.eu\/en\/wp-json\/wp\/v2\/types\/product"}],"replies":[{"embeddable":true,"href":"https:\/\/bolting.eu\/en\/wp-json\/wp\/v2\/comments?post=12175"}],"wp:featuredmedia":[{"embeddable":true,"href":"https:\/\/bolting.eu\/en\/wp-json\/wp\/v2\/media\/12176"}],"wp:attachment":[{"href":"https:\/\/bolting.eu\/en\/wp-json\/wp\/v2\/media?parent=12175"}],"wp:term":[{"taxonomy":"product_brand","embeddable":true,"href":"https:\/\/bolting.eu\/en\/wp-json\/wp\/v2\/product_brand?post=12175"},{"taxonomy":"product_cat","embeddable":true,"href":"https:\/\/bolting.eu\/en\/wp-json\/wp\/v2\/product_cat?post=12175"},{"taxonomy":"product_tag","embeddable":true,"href":"https:\/\/bolting.eu\/en\/wp-json\/wp\/v2\/product_tag?post=12175"}],"curies":[{"name":"wp","href":"https:\/\/api.w.org\/{rel}","templated":true}]}}