{"id":12142,"date":"2022-06-15T13:00:32","date_gmt":"2022-06-15T11:00:32","guid":{"rendered":"https:\/\/bolting.eu\/?post_type=product&#038;p=12142"},"modified":"2026-04-01T19:53:43","modified_gmt":"2026-04-01T17:53:43","slug":"camp-karstop-karabinerfixierung","status":"publish","type":"product","link":"https:\/\/bolting.eu\/en\/shop\/camp-karstop-karabinerfixierung\/","title":{"rendered":"Camp Karstop Karabinerfixierung"},"content":{"rendered":"<p>Die Camp Karstop sind praktische Karabinerfixierungen f\u00fcr <a href=\"https:\/\/bolting.eu\/produkt-kategorie\/kletterausruestung\/expressschlingen\/\">Expressschlingen<\/a> von 16mm bis 25mm Breite.<\/p>\n<p>Hierf\u00fcr k\u00f6nnen die kleinen Gummib\u00e4nder ganz leicht auf allen Schlingen von beliebigen Herstellern einfach montiert werden.<\/p>\n<p>Erstens einfach Schlinge durch den Schlitz stecken. Zweitens die Karstopp seitlich aufbiegen und drittens jeweils durch die seitliche \u00d6se die <a href=\"https:\/\/bolting.eu\/produkt-kategorie\/kletterausruestung\/kletterkarabiner\/\">Kletterkarabiner<\/a> Nase einf\u00e4deln. Fertig!<\/p>\n<h2>Eigenschaften Camp Karstop<\/h2>\n<ul>\n<li>Hersteller: <a href=\"https:\/\/bolting.eu\/produkt-kategorie\/camp-cassin\/\">CAMP<\/a><\/li>\n<li>Material: elastischer Kunststoff<\/li>\n<li>Karabinerfixierung f\u00fcr Expressen von 16mm &#8211; 25mm<\/li>\n<li>f\u00fcr Schlingen aller Hersteller geeignet<\/li>\n<li>ideal f\u00fcr Kletterhallen<\/li>\n<li><strong>VE = 10er Pack!<\/strong><\/li>\n<li>ideal f\u00fcr Kletterhallen<\/li>\n<li>perfekt auch f\u00fcr <a href=\"https:\/\/bolting.eu\/verlaengerbare-expressschlinge\/\">verl\u00e4ngerbare Express<\/a><\/li>\n<\/ul>\n<h3>Weshalb eine Karabinerfixierung?<\/h3>\n<p>Kennt ihr dieses Problem? Ihr wollt eine Express klippen aber der seilseitige Karabiner hat sich verdreht. Entweder schon am Gurt, oder genau beim Klippen selber?<\/p>\n<p>F\u00fcr dieses Problem gibt es Produkte wie den Camp Karstopp. Was dieses Modell aber auszeichnet, ist die universelle Einsetzbarkeit bei Schlingen aller Hersteller.<\/p>\n<p>Es funktioniert sowohl bei Klassikern wie der <a href=\"https:\/\/bolting.eu\/shop\/petzl-spirit-express\/\">Petzl Spirit Express<\/a>, der <a href=\"https:\/\/bolting.eu\/shop\/austrialpin-rockit-express-set\/\">Austrialpin Rockit Express<\/a> oder der <a href=\"https:\/\/bolting.eu\/shop\/edelrid-slash-wire\/\">Edelrid Slash Wire Express<\/a>.<\/p>\n","protected":false},"excerpt":{"rendered":"<p>Praktische Karabinerfixierung f\u00fcr Expressschlingen von 16 &#8211; 25mm Breite aller Marken.<\/p>\n<p>H\u00e4lt den seilseitigen Karabiner fix in Position und verhindert das l\u00e4stige Verdrehen. Sch\u00fctzt zudem das BAndmaterial wie auf Kletterw\u00e4nden.<\/p>\n<p>Verkaufseinheit ist ein 10er Pack!<\/p>\n<p>Versandkostenfrei bis 2kg in\u00a0<img decoding=\"async\" class=\"emoji\" role=\"img\" draggable=\"false\" src=\"https:\/\/s.w.org\/images\/core\/emoji\/14.0.0\/svg\/1f1e6-1f1f9.svg\" alt=\"\ud83c\udde6\ud83c\uddf9\" \/>\u00a0ab \u20ac 100,- und\u00a0<img decoding=\"async\" class=\"emoji\" role=\"img\" draggable=\"false\" src=\"https:\/\/s.w.org\/images\/core\/emoji\/14.0.0\/svg\/1f1e9-1f1ea.svg\" alt=\"\ud83c\udde9\ud83c\uddea\" \/>\u00a0ab \u20ac 200,-!<\/p>\n","protected":false},"featured_media":12143,"comment_status":"open","ping_status":"closed","template":"","meta":[],"product_brand":[],"product_cat":[220,4653,5061,14319,15211,29],"product_tag":[],"class_list":{"0":"post-12142","1":"product","2":"type-product","3":"status-publish","4":"has-post-thumbnail","6":"product_cat-expressschlingen","7":"product_cat-camp-cassin","8":"product_cat-kletterzubehoer","9":"product_cat-sale-klettern","10":"product_cat-kletterwand-zubehoer","11":"product_cat-kletterausruestung","13":"first","14":"instock","15":"sale","16":"taxable","17":"shipping-taxable","18":"purchasable","19":"product-type-simple"},"yoast_head":"<!-- This site is optimized with the Yoast SEO Premium plugin v26.9 (Yoast SEO v26.9) - https:\/\/yoast.com\/product\/yoast-seo-premium-wordpress\/ -->\n<title>Camp Karstop Karabinerfixierung f\u00fcr Expressen - 10er Pack| bolting.eu<\/title>\n<meta name=\"description\" content=\"Hier findest Du die CAMP KARSTOP Karabinerfixierung im praktischen 10er Pack. F\u00fcr Expressen aller Hersteller mit 16 - 25mm Breite.\" \/>\n<meta name=\"robots\" content=\"index, follow, max-snippet:-1, max-image-preview:large, max-video-preview:-1\" \/>\n<link rel=\"canonical\" href=\"https:\/\/bolting.eu\/en\/shop\/camp-karstop-karabinerfixierung\/\" \/>\n<meta property=\"og:locale\" content=\"en_US\" \/>\n<meta property=\"og:type\" content=\"article\" \/>\n<meta property=\"og:title\" content=\"Camp Karstop Karabinerfixierung\" \/>\n<meta property=\"og:description\" content=\"Hier findest Du die CAMP KARSTOP Karabinerfixierung im praktischen 10er Pack. F\u00fcr Expressen aller Hersteller mit 16 - 25mm Breite.\" \/>\n<meta property=\"og:url\" content=\"https:\/\/bolting.eu\/en\/shop\/camp-karstop-karabinerfixierung\/\" \/>\n<meta property=\"og:site_name\" content=\"bolting.eu\" \/>\n<meta property=\"article:publisher\" content=\"https:\/\/www.facebook.com\/bolting.eu\" \/>\n<meta property=\"article:modified_time\" content=\"2026-04-01T17:53:43+00:00\" \/>\n<meta property=\"og:image\" content=\"https:\/\/bolting.eu\/wp-content\/uploads\/2022\/06\/Camp-Karstopp-2.jpg\" \/>\n\t<meta property=\"og:image:width\" content=\"700\" \/>\n\t<meta property=\"og:image:height\" content=\"700\" \/>\n\t<meta property=\"og:image:type\" content=\"image\/jpeg\" \/>\n<meta name=\"twitter:card\" content=\"summary_large_image\" \/>\n<meta name=\"twitter:label1\" content=\"Price\" \/>\n\t<meta name=\"twitter:data1\" content=\"&euro;&nbsp;6,00\" \/>\n\t<meta name=\"twitter:label2\" content=\"Availability\" \/>\n\t<meta name=\"twitter:data2\" content=\"In stock\" \/>\n<script type=\"application\/ld+json\" class=\"yoast-schema-graph\">{\"@context\":\"https:\/\/schema.org\",\"@graph\":[{\"@type\":[\"WebPage\",\"ItemPage\"],\"@id\":\"https:\/\/bolting.eu\/en\/shop\/camp-karstop-karabinerfixierung\/\",\"url\":\"https:\/\/bolting.eu\/en\/shop\/camp-karstop-karabinerfixierung\/\",\"name\":\"Camp Karstop Karabinerfixierung f\u00fcr Expressen - 10er Pack| bolting.eu\",\"isPartOf\":{\"@id\":\"https:\/\/bolting.eu\/en\/#website\"},\"primaryImageOfPage\":{\"@id\":\"https:\/\/bolting.eu\/en\/shop\/camp-karstop-karabinerfixierung\/#primaryimage\"},\"image\":{\"@id\":\"https:\/\/bolting.eu\/en\/shop\/camp-karstop-karabinerfixierung\/#primaryimage\"},\"thumbnailUrl\":\"https:\/\/bolting.eu\/wp-content\/uploads\/2022\/06\/Camp-Karstopp-2.jpg\",\"datePublished\":\"2022-06-15T11:00:32+00:00\",\"dateModified\":\"2026-04-01T17:53:43+00:00\",\"description\":\"Hier findest Du die CAMP KARSTOP Karabinerfixierung im praktischen 10er Pack. F\u00fcr Expressen aller Hersteller mit 16 - 25mm Breite.\",\"breadcrumb\":{\"@id\":\"https:\/\/bolting.eu\/en\/shop\/camp-karstop-karabinerfixierung\/#breadcrumb\"},\"inLanguage\":\"en-US\",\"potentialAction\":[{\"@type\":\"ReadAction\",\"target\":[\"https:\/\/bolting.eu\/en\/shop\/camp-karstop-karabinerfixierung\/\"]}]},{\"@type\":\"ImageObject\",\"inLanguage\":\"en-US\",\"@id\":\"https:\/\/bolting.eu\/en\/shop\/camp-karstop-karabinerfixierung\/#primaryimage\",\"url\":\"https:\/\/bolting.eu\/wp-content\/uploads\/2022\/06\/Camp-Karstopp-2.jpg\",\"contentUrl\":\"https:\/\/bolting.eu\/wp-content\/uploads\/2022\/06\/Camp-Karstopp-2.jpg\",\"width\":700,\"height\":700,\"caption\":\"Das Bild zeigt die Camp Karstop Karabinerfixierung aus schwarzen Gummi.\"},{\"@type\":\"BreadcrumbList\",\"@id\":\"https:\/\/bolting.eu\/en\/shop\/camp-karstop-karabinerfixierung\/#breadcrumb\",\"itemListElement\":[{\"@type\":\"ListItem\",\"position\":1,\"name\":\"Shop\",\"item\":\"https:\/\/bolting.eu\/en\/shop\/\"},{\"@type\":\"ListItem\",\"position\":2,\"name\":\"climbing equipment\",\"item\":\"https:\/\/bolting.eu\/en\/produkt-kategorie\/climbing-equipment\/\"},{\"@type\":\"ListItem\",\"position\":3,\"name\":\"Quickdraws\",\"item\":\"https:\/\/bolting.eu\/en\/produkt-kategorie\/quickdraws\/\"},{\"@type\":\"ListItem\",\"position\":4,\"name\":\"Camp Karstop Karabinerfixierung\"}]},{\"@type\":\"WebSite\",\"@id\":\"https:\/\/bolting.eu\/en\/#website\",\"url\":\"https:\/\/bolting.eu\/en\/\",\"name\":\"bolting.eu\",\"description\":\"we make climbs happen\",\"publisher\":{\"@id\":\"https:\/\/bolting.eu\/en\/#organization\"},\"potentialAction\":[{\"@type\":\"SearchAction\",\"target\":{\"@type\":\"EntryPoint\",\"urlTemplate\":\"https:\/\/bolting.eu\/en\/?s={search_term_string}\"},\"query-input\":{\"@type\":\"PropertyValueSpecification\",\"valueRequired\":true,\"valueName\":\"search_term_string\"}}],\"inLanguage\":\"en-US\"},{\"@type\":[\"Organization\",\"Place\",\"SportingGoodsStore\"],\"@id\":\"https:\/\/bolting.eu\/en\/#organization\",\"name\":\"bolting.eu\",\"url\":\"https:\/\/bolting.eu\/en\/\",\"logo\":{\"@id\":\"https:\/\/bolting.eu\/en\/shop\/camp-karstop-karabinerfixierung\/#local-main-organization-logo\"},\"image\":{\"@id\":\"https:\/\/bolting.eu\/en\/shop\/camp-karstop-karabinerfixierung\/#local-main-organization-logo\"},\"sameAs\":[\"https:\/\/www.facebook.com\/bolting.eu\",\"https:\/\/www.instagram.com\/bolting.eu\/\"],\"address\":{\"@id\":\"https:\/\/bolting.eu\/en\/shop\/camp-karstop-karabinerfixierung\/#local-main-place-address\"},\"geo\":{\"@type\":\"GeoCoordinates\",\"latitude\":\"47.264176340396226\",\"longitude\":\"11.380109057672346\"},\"telephone\":[\"+43 699 19083372\"],\"openingHoursSpecification\":[{\"@type\":\"OpeningHoursSpecification\",\"dayOfWeek\":[\"Monday\",\"Wednesday\",\"Friday\"],\"opens\":\"14:00\",\"closes\":\"18:00\"},{\"@type\":\"OpeningHoursSpecification\",\"dayOfWeek\":[\"Tuesday\",\"Thursday\",\"Saturday\",\"Sunday\"],\"opens\":\"00:00\",\"closes\":\"00:00\"}],\"email\":\"office@bolting.eu\",\"vatID\":\"ATU59999728\",\"priceRange\":\"$$\",\"currenciesAccepted\":\"Euro\"},{\"@type\":\"PostalAddress\",\"@id\":\"https:\/\/bolting.eu\/en\/shop\/camp-karstop-karabinerfixierung\/#local-main-place-address\",\"streetAddress\":\"Fischnalerstra\u00dfe 4\",\"addressLocality\":\"Innsbruck\",\"postalCode\":\"6020\",\"addressRegion\":\"Tirol\",\"addressCountry\":\"AT\"},{\"@type\":\"ImageObject\",\"inLanguage\":\"en-US\",\"@id\":\"https:\/\/bolting.eu\/en\/shop\/camp-karstop-karabinerfixierung\/#local-main-organization-logo\",\"url\":\"https:\/\/bolting.eu\/wp-content\/uploads\/2019\/09\/bolting-logo.png\",\"contentUrl\":\"https:\/\/bolting.eu\/wp-content\/uploads\/2019\/09\/bolting-logo.png\",\"width\":400,\"height\":211,\"caption\":\"bolting.eu\"}]}<\/script>\n<meta property=\"product:price:amount\" content=\"6.00\" \/>\n<meta property=\"product:price:currency\" content=\"EUR\" \/>\n<meta property=\"og:availability\" content=\"instock\" \/>\n<meta property=\"product:availability\" content=\"instock\" \/>\n<meta property=\"product:retailer_item_id\" content=\"112102\" \/>\n<meta property=\"product:condition\" content=\"new\" \/>\n<meta name=\"geo.placename\" content=\"Innsbruck\" \/>\n<meta name=\"geo.position\" content=\"47.264176340396226;11.380109057672346\" \/>\n<meta name=\"geo.region\" content=\"Austria\" \/>\n<!-- \/ Yoast SEO Premium plugin. -->","yoast_head_json":{"title":"Camp Karstop Karabinerfixierung f\u00fcr Expressen - 10er Pack| bolting.eu","description":"Hier findest Du die CAMP KARSTOP Karabinerfixierung im praktischen 10er Pack. F\u00fcr Expressen aller Hersteller mit 16 - 25mm Breite.","robots":{"index":"index","follow":"follow","max-snippet":"max-snippet:-1","max-image-preview":"max-image-preview:large","max-video-preview":"max-video-preview:-1"},"canonical":"https:\/\/bolting.eu\/en\/shop\/camp-karstop-karabinerfixierung\/","og_locale":"en_US","og_type":"article","og_title":"Camp Karstop Karabinerfixierung","og_description":"Hier findest Du die CAMP KARSTOP Karabinerfixierung im praktischen 10er Pack. F\u00fcr Expressen aller Hersteller mit 16 - 25mm Breite.","og_url":"https:\/\/bolting.eu\/en\/shop\/camp-karstop-karabinerfixierung\/","og_site_name":"bolting.eu","article_publisher":"https:\/\/www.facebook.com\/bolting.eu","article_modified_time":"2026-04-01T17:53:43+00:00","og_image":[{"width":700,"height":700,"url":"https:\/\/bolting.eu\/wp-content\/uploads\/2022\/06\/Camp-Karstopp-2.jpg","type":"image\/jpeg"}],"twitter_card":"summary_large_image","twitter_misc":{"Price":"&euro;&nbsp;6,00","Availability":"In stock"},"schema":{"@context":"https:\/\/schema.org","@graph":[{"@type":["WebPage","ItemPage"],"@id":"https:\/\/bolting.eu\/en\/shop\/camp-karstop-karabinerfixierung\/","url":"https:\/\/bolting.eu\/en\/shop\/camp-karstop-karabinerfixierung\/","name":"Camp Karstop Karabinerfixierung f\u00fcr Expressen - 10er Pack| bolting.eu","isPartOf":{"@id":"https:\/\/bolting.eu\/en\/#website"},"primaryImageOfPage":{"@id":"https:\/\/bolting.eu\/en\/shop\/camp-karstop-karabinerfixierung\/#primaryimage"},"image":{"@id":"https:\/\/bolting.eu\/en\/shop\/camp-karstop-karabinerfixierung\/#primaryimage"},"thumbnailUrl":"https:\/\/bolting.eu\/wp-content\/uploads\/2022\/06\/Camp-Karstopp-2.jpg","datePublished":"2022-06-15T11:00:32+00:00","dateModified":"2026-04-01T17:53:43+00:00","description":"Hier findest Du die CAMP KARSTOP Karabinerfixierung im praktischen 10er Pack. F\u00fcr Expressen aller Hersteller mit 16 - 25mm Breite.","breadcrumb":{"@id":"https:\/\/bolting.eu\/en\/shop\/camp-karstop-karabinerfixierung\/#breadcrumb"},"inLanguage":"en-US","potentialAction":[{"@type":"ReadAction","target":["https:\/\/bolting.eu\/en\/shop\/camp-karstop-karabinerfixierung\/"]}]},{"@type":"ImageObject","inLanguage":"en-US","@id":"https:\/\/bolting.eu\/en\/shop\/camp-karstop-karabinerfixierung\/#primaryimage","url":"https:\/\/bolting.eu\/wp-content\/uploads\/2022\/06\/Camp-Karstopp-2.jpg","contentUrl":"https:\/\/bolting.eu\/wp-content\/uploads\/2022\/06\/Camp-Karstopp-2.jpg","width":700,"height":700,"caption":"Das Bild zeigt die Camp Karstop Karabinerfixierung aus schwarzen Gummi."},{"@type":"BreadcrumbList","@id":"https:\/\/bolting.eu\/en\/shop\/camp-karstop-karabinerfixierung\/#breadcrumb","itemListElement":[{"@type":"ListItem","position":1,"name":"Shop","item":"https:\/\/bolting.eu\/en\/shop\/"},{"@type":"ListItem","position":2,"name":"climbing equipment","item":"https:\/\/bolting.eu\/en\/produkt-kategorie\/climbing-equipment\/"},{"@type":"ListItem","position":3,"name":"Quickdraws","item":"https:\/\/bolting.eu\/en\/produkt-kategorie\/quickdraws\/"},{"@type":"ListItem","position":4,"name":"Camp Karstop Karabinerfixierung"}]},{"@type":"WebSite","@id":"https:\/\/bolting.eu\/en\/#website","url":"https:\/\/bolting.eu\/en\/","name":"bolting.eu","description":"we make climbs happen","publisher":{"@id":"https:\/\/bolting.eu\/en\/#organization"},"potentialAction":[{"@type":"SearchAction","target":{"@type":"EntryPoint","urlTemplate":"https:\/\/bolting.eu\/en\/?s={search_term_string}"},"query-input":{"@type":"PropertyValueSpecification","valueRequired":true,"valueName":"search_term_string"}}],"inLanguage":"en-US"},{"@type":["Organization","Place","SportingGoodsStore"],"@id":"https:\/\/bolting.eu\/en\/#organization","name":"bolting.eu","url":"https:\/\/bolting.eu\/en\/","logo":{"@id":"https:\/\/bolting.eu\/en\/shop\/camp-karstop-karabinerfixierung\/#local-main-organization-logo"},"image":{"@id":"https:\/\/bolting.eu\/en\/shop\/camp-karstop-karabinerfixierung\/#local-main-organization-logo"},"sameAs":["https:\/\/www.facebook.com\/bolting.eu","https:\/\/www.instagram.com\/bolting.eu\/"],"address":{"@id":"https:\/\/bolting.eu\/en\/shop\/camp-karstop-karabinerfixierung\/#local-main-place-address"},"geo":{"@type":"GeoCoordinates","latitude":"47.264176340396226","longitude":"11.380109057672346"},"telephone":["+43 699 19083372"],"openingHoursSpecification":[{"@type":"OpeningHoursSpecification","dayOfWeek":["Monday","Wednesday","Friday"],"opens":"14:00","closes":"18:00"},{"@type":"OpeningHoursSpecification","dayOfWeek":["Tuesday","Thursday","Saturday","Sunday"],"opens":"00:00","closes":"00:00"}],"email":"office@bolting.eu","vatID":"ATU59999728","priceRange":"$$","currenciesAccepted":"Euro"},{"@type":"PostalAddress","@id":"https:\/\/bolting.eu\/en\/shop\/camp-karstop-karabinerfixierung\/#local-main-place-address","streetAddress":"Fischnalerstra\u00dfe 4","addressLocality":"Innsbruck","postalCode":"6020","addressRegion":"Tirol","addressCountry":"AT"},{"@type":"ImageObject","inLanguage":"en-US","@id":"https:\/\/bolting.eu\/en\/shop\/camp-karstop-karabinerfixierung\/#local-main-organization-logo","url":"https:\/\/bolting.eu\/wp-content\/uploads\/2019\/09\/bolting-logo.png","contentUrl":"https:\/\/bolting.eu\/wp-content\/uploads\/2019\/09\/bolting-logo.png","width":400,"height":211,"caption":"bolting.eu"}]},"product_price_amount":"6.00","product_price_currency":"EUR","og_availability":"instock","product_availability":"instock","product_retailer_item_id":"112102","product_condition":"new","geo.placename":"Innsbruck","geo.position":{"lat":"47.264176340396226","long":"11.380109057672346"},"geo.region":"Austria"},"_links":{"self":[{"href":"https:\/\/bolting.eu\/en\/wp-json\/wp\/v2\/product\/12142","targetHints":{"allow":["GET"]}}],"collection":[{"href":"https:\/\/bolting.eu\/en\/wp-json\/wp\/v2\/product"}],"about":[{"href":"https:\/\/bolting.eu\/en\/wp-json\/wp\/v2\/types\/product"}],"replies":[{"embeddable":true,"href":"https:\/\/bolting.eu\/en\/wp-json\/wp\/v2\/comments?post=12142"}],"wp:featuredmedia":[{"embeddable":true,"href":"https:\/\/bolting.eu\/en\/wp-json\/wp\/v2\/media\/12143"}],"wp:attachment":[{"href":"https:\/\/bolting.eu\/en\/wp-json\/wp\/v2\/media?parent=12142"}],"wp:term":[{"taxonomy":"product_brand","embeddable":true,"href":"https:\/\/bolting.eu\/en\/wp-json\/wp\/v2\/product_brand?post=12142"},{"taxonomy":"product_cat","embeddable":true,"href":"https:\/\/bolting.eu\/en\/wp-json\/wp\/v2\/product_cat?post=12142"},{"taxonomy":"product_tag","embeddable":true,"href":"https:\/\/bolting.eu\/en\/wp-json\/wp\/v2\/product_tag?post=12142"}],"curies":[{"name":"wp","href":"https:\/\/api.w.org\/{rel}","templated":true}]}}