{"id":12139,"date":"2022-06-15T11:58:33","date_gmt":"2022-06-15T09:58:33","guid":{"rendered":"https:\/\/bolting.eu\/?post_type=product&#038;p=12139"},"modified":"2023-05-31T16:56:10","modified_gmt":"2023-05-31T14:56:10","slug":"black-diamond-rope-bucket","status":"publish","type":"product","link":"https:\/\/bolting.eu\/en\/shop\/black-diamond-rope-bucket\/","title":{"rendered":"Black Diamond Rope Bucket"},"content":{"rendered":"<p>Der Black Diamond Rope Bucket ist ein <a href=\"https:\/\/bolting.eu\/produkt-kategorie\/kletterausruestung\/seilsaecke\/\">Seilsack<\/a> f\u00fcr Mehrseill\u00e4ngen, H\u00f6henarbeiten und zum <a href=\"https:\/\/bolting.eu\/kletterroute-einbohren\/\">Kletterroute einbohren<\/a>.<\/p>\n<p>Denn dieses Model ist wirklich ein Sack, welcher von oben bef\u00fcllt wird und an Riemen am Stand oder am <a href=\"https:\/\/bolting.eu\/produkt-kategorie\/kletterausruestung\/klettergurte\/\">Klettergurt<\/a> befestigt werden kann.<\/p>\n<p>Der Sack kann zum einen mit bis zu 80m langen und 11mm dicken Einfachseilen bef\u00fcllt werden. Oder mit einem Doppelseil \/ Zwillingsseil.<\/p>\n<p>Weitere praktische Features sind. Erstens der Schulterriemen zum Tragen am Boden. Zweitens die lange vertikale Rei\u00dfverschluss um zus\u00e4tzlich Stauraum zu erhalten. Drittens die Riemen am oberen Rand um den Sack ordentlich zu verschlie\u00dfen. Und viertens die kleine Innentasche.<\/p>\n<h2>Eigenschaften Black Diamond Rope Bucket<\/h2>\n<ul>\n<li>Hersteller: <a href=\"https:\/\/bolting.eu\/produkt-kategorie\/black-diamond\/\">Black Diamond<\/a><\/li>\n<li>Seilsack mit 15 &#8211; 22 Litern Volumen<\/li>\n<li>Material: Ripstop Nylon, PU, Kunststoff<\/li>\n<li>praktischer Seilsack f\u00fcr Mehrseill\u00e4ngen, Big Wall, H\u00f6henarbeiten<\/li>\n<li>Innentasche f\u00fcr Kleinkram bzw. Werkzeug<\/li>\n<li>1 gepolsterter Trageriemen<\/li>\n<li>3 separate Anh\u00e4ngeschlaufen am oberen Rand<\/li>\n<li>Verschlusssystem mit Tankas<\/li>\n<li>vertikaler RV zum \u00d6ffnen f\u00fcr mehr Stauraum<\/li>\n<li>Boden PU beschichtet<\/li>\n<li>Au\u00dfenmaterial widerstandsf\u00e4higer Ripstop Nylon<\/li>\n<li><a href=\"https:\/\/www.blackdiamondequipment.com\/de_EU\/product\/rope-bucket\/#:~:text=Product%20Instructions%20%2D%20Cleaning\" target=\"_blank\" rel=\"noopener\">Reinigungsanweisung<\/a><\/li>\n<\/ul>\n<h3>Ideal bei Big Walls<\/h3>\n<p>Das Black Diamond Rope Bucket ist ein praktischer Begleiter bei Big Walls. Denn es l\u00e4sst sich ein Einfachseil perfekt darin verstauen, was z.B. bei H\u00e4ngest\u00e4nden ideal ist oder f\u00fcr mehr \u00dcbersicht bei der <a href=\"https:\/\/bolting.eu\/big-wall-ausruestung\/\">Bigwall Ausr\u00fcstung<\/a> auf breiten B\u00e4ndern.<\/p>\n<p>Nat\u00fcrlich kann der Sack nicht nur f\u00fcr das Kletterseil, sondern auch f\u00fcr die Tag Line oder die Haul Line verwendet werden.<\/p>\n<h3>Praktisch beim Einbohren<\/h3>\n<p>Wer regelm\u00e4\u00dfig Kletterrouten einbohrt, kennt dieses Problem. Man befindet sich beim Abseilen bzw. Steine abr\u00e4umen, und das Restseil liegt am Boden. Da besteht immer die Gefahr, dass ein Stein auf\u00b4s Seil fliegt und es besch\u00e4digt.<\/p>\n<p>Das Black Diamond Rope Bucket ist hierbei ideal, um das Restseil ordentlich zu verstauen und die Gefahr der Seilbesch\u00e4digung zu vermeiden.<\/p>\n<p>Zudem kann man in der kleinen Innentasche Ausr\u00fcstung wie <a href=\"https:\/\/bolting.eu\/produkt-kategorie\/einbohrartikel\/klebehaken-buehlerhaken\/\">Klebehaken<\/a> oder Bohrhaken deponieren.<\/p>\n<p>&nbsp;<\/p>\n","protected":false},"excerpt":{"rendered":"<p>Seilsack f\u00fcr Mehrseill\u00e4ngen, Big Walls und H\u00f6henarbeiten. Kann mit drei Schlaufen in der Wand oder am Gurt befestigt werden um darin Einfachseil oder Halbseile \/ Zwillingsseile bequem zu verstauen.<\/p>\n<p>Nicht geeignet als klassischer Sportkletter Seilsack!<\/p>\n","protected":false},"featured_media":12140,"comment_status":"open","ping_status":"closed","template":"","meta":[],"product_brand":[],"product_cat":[29,4658,5416],"product_tag":[],"class_list":{"0":"post-12139","1":"product","2":"type-product","3":"status-publish","4":"has-post-thumbnail","6":"product_cat-kletterausruestung","7":"product_cat-black-diamond","8":"product_cat-seilsaecke","10":"first","11":"outofstock","12":"taxable","13":"shipping-taxable","14":"purchasable","15":"product-type-simple"},"yoast_head":"<!-- This site is optimized with the Yoast SEO Premium plugin v26.9 (Yoast SEO v26.9) - https:\/\/yoast.com\/product\/yoast-seo-premium-wordpress\/ -->\n<title>Black Diamond Rope Bucket - f\u00fcr Mehrseill\u00e4ngen | bolting.eu<\/title>\n<meta name=\"description\" content=\"Hier findest Du den BLACKDIAMOND ROPE BUCKET Seilsack f\u00fcr Mehrseill\u00e4ngen, Bigwalls und H\u00f6henarbeiten mit bis zu 22 Litern Volumen.\" \/>\n<meta name=\"robots\" content=\"index, follow, max-snippet:-1, max-image-preview:large, max-video-preview:-1\" \/>\n<link rel=\"canonical\" href=\"https:\/\/bolting.eu\/en\/shop\/black-diamond-rope-bucket\/\" \/>\n<meta property=\"og:locale\" content=\"en_US\" \/>\n<meta property=\"og:type\" content=\"article\" \/>\n<meta property=\"og:title\" content=\"Black Diamond Rope Bucket\" \/>\n<meta property=\"og:description\" content=\"Hier findest Du den BLACKDIAMOND ROPE BUCKET Seilsack f\u00fcr Mehrseill\u00e4ngen, Bigwalls und H\u00f6henarbeiten mit bis zu 22 Litern Volumen.\" \/>\n<meta property=\"og:url\" content=\"https:\/\/bolting.eu\/en\/shop\/black-diamond-rope-bucket\/\" \/>\n<meta property=\"og:site_name\" content=\"bolting.eu\" \/>\n<meta property=\"article:publisher\" content=\"https:\/\/www.facebook.com\/bolting.eu\" \/>\n<meta property=\"article:modified_time\" content=\"2023-05-31T14:56:10+00:00\" \/>\n<meta property=\"og:image\" content=\"https:\/\/bolting.eu\/wp-content\/uploads\/2022\/06\/Black-Diamond-Rope-Bucket-1.jpg\" \/>\n\t<meta property=\"og:image:width\" content=\"700\" \/>\n\t<meta property=\"og:image:height\" content=\"700\" \/>\n\t<meta property=\"og:image:type\" content=\"image\/jpeg\" \/>\n<meta name=\"twitter:card\" content=\"summary_large_image\" \/>\n<meta name=\"twitter:label1\" content=\"Price\" \/>\n\t<meta name=\"twitter:data1\" content=\"&euro;&nbsp;40,00\" \/>\n\t<meta name=\"twitter:label2\" content=\"Availability\" \/>\n\t<meta name=\"twitter:data2\" content=\"Out of stock\" \/>\n<script type=\"application\/ld+json\" class=\"yoast-schema-graph\">{\"@context\":\"https:\/\/schema.org\",\"@graph\":[{\"@type\":[\"WebPage\",\"ItemPage\"],\"@id\":\"https:\/\/bolting.eu\/en\/shop\/black-diamond-rope-bucket\/\",\"url\":\"https:\/\/bolting.eu\/en\/shop\/black-diamond-rope-bucket\/\",\"name\":\"Black Diamond Rope Bucket - f\u00fcr Mehrseill\u00e4ngen | bolting.eu\",\"isPartOf\":{\"@id\":\"https:\/\/bolting.eu\/en\/#website\"},\"primaryImageOfPage\":{\"@id\":\"https:\/\/bolting.eu\/en\/shop\/black-diamond-rope-bucket\/#primaryimage\"},\"image\":{\"@id\":\"https:\/\/bolting.eu\/en\/shop\/black-diamond-rope-bucket\/#primaryimage\"},\"thumbnailUrl\":\"https:\/\/bolting.eu\/wp-content\/uploads\/2022\/06\/Black-Diamond-Rope-Bucket-1.jpg\",\"datePublished\":\"2022-06-15T09:58:33+00:00\",\"dateModified\":\"2023-05-31T14:56:10+00:00\",\"description\":\"Hier findest Du den BLACKDIAMOND ROPE BUCKET Seilsack f\u00fcr Mehrseill\u00e4ngen, Bigwalls und H\u00f6henarbeiten mit bis zu 22 Litern Volumen.\",\"breadcrumb\":{\"@id\":\"https:\/\/bolting.eu\/en\/shop\/black-diamond-rope-bucket\/#breadcrumb\"},\"inLanguage\":\"en-US\",\"potentialAction\":[{\"@type\":\"ReadAction\",\"target\":[\"https:\/\/bolting.eu\/en\/shop\/black-diamond-rope-bucket\/\"]}]},{\"@type\":\"ImageObject\",\"inLanguage\":\"en-US\",\"@id\":\"https:\/\/bolting.eu\/en\/shop\/black-diamond-rope-bucket\/#primaryimage\",\"url\":\"https:\/\/bolting.eu\/wp-content\/uploads\/2022\/06\/Black-Diamond-Rope-Bucket-1.jpg\",\"contentUrl\":\"https:\/\/bolting.eu\/wp-content\/uploads\/2022\/06\/Black-Diamond-Rope-Bucket-1.jpg\",\"width\":700,\"height\":700,\"caption\":\"Das Bild zeigt den Black Diamond Rope Bucket Seilsack unbef\u00fcllt und mit offenem Top Verschluss.\"},{\"@type\":\"BreadcrumbList\",\"@id\":\"https:\/\/bolting.eu\/en\/shop\/black-diamond-rope-bucket\/#breadcrumb\",\"itemListElement\":[{\"@type\":\"ListItem\",\"position\":1,\"name\":\"Shop\",\"item\":\"https:\/\/bolting.eu\/en\/shop\/\"},{\"@type\":\"ListItem\",\"position\":2,\"name\":\"climbing equipment\",\"item\":\"https:\/\/bolting.eu\/en\/produkt-kategorie\/climbing-equipment\/\"},{\"@type\":\"ListItem\",\"position\":3,\"name\":\"Seils\u00e4cke\",\"item\":\"https:\/\/bolting.eu\/produkt-kategorie\/kletterausruestung\/seilsaecke\/\"},{\"@type\":\"ListItem\",\"position\":4,\"name\":\"Black Diamond Rope Bucket\"}]},{\"@type\":\"WebSite\",\"@id\":\"https:\/\/bolting.eu\/en\/#website\",\"url\":\"https:\/\/bolting.eu\/en\/\",\"name\":\"bolting.eu\",\"description\":\"we make climbs happen\",\"publisher\":{\"@id\":\"https:\/\/bolting.eu\/en\/#organization\"},\"potentialAction\":[{\"@type\":\"SearchAction\",\"target\":{\"@type\":\"EntryPoint\",\"urlTemplate\":\"https:\/\/bolting.eu\/en\/?s={search_term_string}\"},\"query-input\":{\"@type\":\"PropertyValueSpecification\",\"valueRequired\":true,\"valueName\":\"search_term_string\"}}],\"inLanguage\":\"en-US\"},{\"@type\":[\"Organization\",\"Place\",\"SportingGoodsStore\"],\"@id\":\"https:\/\/bolting.eu\/en\/#organization\",\"name\":\"bolting.eu\",\"url\":\"https:\/\/bolting.eu\/en\/\",\"logo\":{\"@id\":\"https:\/\/bolting.eu\/en\/shop\/black-diamond-rope-bucket\/#local-main-organization-logo\"},\"image\":{\"@id\":\"https:\/\/bolting.eu\/en\/shop\/black-diamond-rope-bucket\/#local-main-organization-logo\"},\"sameAs\":[\"https:\/\/www.facebook.com\/bolting.eu\",\"https:\/\/www.instagram.com\/bolting.eu\/\"],\"address\":{\"@id\":\"https:\/\/bolting.eu\/en\/shop\/black-diamond-rope-bucket\/#local-main-place-address\"},\"geo\":{\"@type\":\"GeoCoordinates\",\"latitude\":\"47.264176340396226\",\"longitude\":\"11.380109057672346\"},\"telephone\":[\"+43 699 19083372\"],\"openingHoursSpecification\":[{\"@type\":\"OpeningHoursSpecification\",\"dayOfWeek\":[\"Monday\",\"Wednesday\",\"Friday\"],\"opens\":\"14:00\",\"closes\":\"18:00\"},{\"@type\":\"OpeningHoursSpecification\",\"dayOfWeek\":[\"Tuesday\",\"Thursday\",\"Saturday\",\"Sunday\"],\"opens\":\"00:00\",\"closes\":\"00:00\"}],\"email\":\"office@bolting.eu\",\"vatID\":\"ATU59999728\",\"priceRange\":\"$$\",\"currenciesAccepted\":\"Euro\"},{\"@type\":\"PostalAddress\",\"@id\":\"https:\/\/bolting.eu\/en\/shop\/black-diamond-rope-bucket\/#local-main-place-address\",\"streetAddress\":\"Fischnalerstra\u00dfe 4\",\"addressLocality\":\"Innsbruck\",\"postalCode\":\"6020\",\"addressRegion\":\"Tirol\",\"addressCountry\":\"AT\"},{\"@type\":\"ImageObject\",\"inLanguage\":\"en-US\",\"@id\":\"https:\/\/bolting.eu\/en\/shop\/black-diamond-rope-bucket\/#local-main-organization-logo\",\"url\":\"https:\/\/bolting.eu\/wp-content\/uploads\/2019\/09\/bolting-logo.png\",\"contentUrl\":\"https:\/\/bolting.eu\/wp-content\/uploads\/2019\/09\/bolting-logo.png\",\"width\":400,\"height\":211,\"caption\":\"bolting.eu\"}]}<\/script>\n<meta property=\"product:price:amount\" content=\"40.00\" \/>\n<meta property=\"product:price:currency\" content=\"EUR\" \/>\n<meta property=\"og:availability\" content=\"out of stock\" \/>\n<meta property=\"product:availability\" content=\"out of stock\" \/>\n<meta property=\"product:retailer_item_id\" content=\"BD810462\" \/>\n<meta property=\"product:condition\" content=\"new\" \/>\n<meta name=\"geo.placename\" content=\"Innsbruck\" \/>\n<meta name=\"geo.position\" content=\"47.264176340396226;11.380109057672346\" \/>\n<meta name=\"geo.region\" content=\"Austria\" \/>\n<!-- \/ Yoast SEO Premium plugin. -->","yoast_head_json":{"title":"Black Diamond Rope Bucket - f\u00fcr Mehrseill\u00e4ngen | bolting.eu","description":"Hier findest Du den BLACKDIAMOND ROPE BUCKET Seilsack f\u00fcr Mehrseill\u00e4ngen, Bigwalls und H\u00f6henarbeiten mit bis zu 22 Litern Volumen.","robots":{"index":"index","follow":"follow","max-snippet":"max-snippet:-1","max-image-preview":"max-image-preview:large","max-video-preview":"max-video-preview:-1"},"canonical":"https:\/\/bolting.eu\/en\/shop\/black-diamond-rope-bucket\/","og_locale":"en_US","og_type":"article","og_title":"Black Diamond Rope Bucket","og_description":"Hier findest Du den BLACKDIAMOND ROPE BUCKET Seilsack f\u00fcr Mehrseill\u00e4ngen, Bigwalls und H\u00f6henarbeiten mit bis zu 22 Litern Volumen.","og_url":"https:\/\/bolting.eu\/en\/shop\/black-diamond-rope-bucket\/","og_site_name":"bolting.eu","article_publisher":"https:\/\/www.facebook.com\/bolting.eu","article_modified_time":"2023-05-31T14:56:10+00:00","og_image":[{"width":700,"height":700,"url":"https:\/\/bolting.eu\/wp-content\/uploads\/2022\/06\/Black-Diamond-Rope-Bucket-1.jpg","type":"image\/jpeg"}],"twitter_card":"summary_large_image","twitter_misc":{"Price":"&euro;&nbsp;40,00","Availability":"Out of stock"},"schema":{"@context":"https:\/\/schema.org","@graph":[{"@type":["WebPage","ItemPage"],"@id":"https:\/\/bolting.eu\/en\/shop\/black-diamond-rope-bucket\/","url":"https:\/\/bolting.eu\/en\/shop\/black-diamond-rope-bucket\/","name":"Black Diamond Rope Bucket - f\u00fcr Mehrseill\u00e4ngen | bolting.eu","isPartOf":{"@id":"https:\/\/bolting.eu\/en\/#website"},"primaryImageOfPage":{"@id":"https:\/\/bolting.eu\/en\/shop\/black-diamond-rope-bucket\/#primaryimage"},"image":{"@id":"https:\/\/bolting.eu\/en\/shop\/black-diamond-rope-bucket\/#primaryimage"},"thumbnailUrl":"https:\/\/bolting.eu\/wp-content\/uploads\/2022\/06\/Black-Diamond-Rope-Bucket-1.jpg","datePublished":"2022-06-15T09:58:33+00:00","dateModified":"2023-05-31T14:56:10+00:00","description":"Hier findest Du den BLACKDIAMOND ROPE BUCKET Seilsack f\u00fcr Mehrseill\u00e4ngen, Bigwalls und H\u00f6henarbeiten mit bis zu 22 Litern Volumen.","breadcrumb":{"@id":"https:\/\/bolting.eu\/en\/shop\/black-diamond-rope-bucket\/#breadcrumb"},"inLanguage":"en-US","potentialAction":[{"@type":"ReadAction","target":["https:\/\/bolting.eu\/en\/shop\/black-diamond-rope-bucket\/"]}]},{"@type":"ImageObject","inLanguage":"en-US","@id":"https:\/\/bolting.eu\/en\/shop\/black-diamond-rope-bucket\/#primaryimage","url":"https:\/\/bolting.eu\/wp-content\/uploads\/2022\/06\/Black-Diamond-Rope-Bucket-1.jpg","contentUrl":"https:\/\/bolting.eu\/wp-content\/uploads\/2022\/06\/Black-Diamond-Rope-Bucket-1.jpg","width":700,"height":700,"caption":"Das Bild zeigt den Black Diamond Rope Bucket Seilsack unbef\u00fcllt und mit offenem Top Verschluss."},{"@type":"BreadcrumbList","@id":"https:\/\/bolting.eu\/en\/shop\/black-diamond-rope-bucket\/#breadcrumb","itemListElement":[{"@type":"ListItem","position":1,"name":"Shop","item":"https:\/\/bolting.eu\/en\/shop\/"},{"@type":"ListItem","position":2,"name":"climbing equipment","item":"https:\/\/bolting.eu\/en\/produkt-kategorie\/climbing-equipment\/"},{"@type":"ListItem","position":3,"name":"Seils\u00e4cke","item":"https:\/\/bolting.eu\/produkt-kategorie\/kletterausruestung\/seilsaecke\/"},{"@type":"ListItem","position":4,"name":"Black Diamond Rope Bucket"}]},{"@type":"WebSite","@id":"https:\/\/bolting.eu\/en\/#website","url":"https:\/\/bolting.eu\/en\/","name":"bolting.eu","description":"we make climbs happen","publisher":{"@id":"https:\/\/bolting.eu\/en\/#organization"},"potentialAction":[{"@type":"SearchAction","target":{"@type":"EntryPoint","urlTemplate":"https:\/\/bolting.eu\/en\/?s={search_term_string}"},"query-input":{"@type":"PropertyValueSpecification","valueRequired":true,"valueName":"search_term_string"}}],"inLanguage":"en-US"},{"@type":["Organization","Place","SportingGoodsStore"],"@id":"https:\/\/bolting.eu\/en\/#organization","name":"bolting.eu","url":"https:\/\/bolting.eu\/en\/","logo":{"@id":"https:\/\/bolting.eu\/en\/shop\/black-diamond-rope-bucket\/#local-main-organization-logo"},"image":{"@id":"https:\/\/bolting.eu\/en\/shop\/black-diamond-rope-bucket\/#local-main-organization-logo"},"sameAs":["https:\/\/www.facebook.com\/bolting.eu","https:\/\/www.instagram.com\/bolting.eu\/"],"address":{"@id":"https:\/\/bolting.eu\/en\/shop\/black-diamond-rope-bucket\/#local-main-place-address"},"geo":{"@type":"GeoCoordinates","latitude":"47.264176340396226","longitude":"11.380109057672346"},"telephone":["+43 699 19083372"],"openingHoursSpecification":[{"@type":"OpeningHoursSpecification","dayOfWeek":["Monday","Wednesday","Friday"],"opens":"14:00","closes":"18:00"},{"@type":"OpeningHoursSpecification","dayOfWeek":["Tuesday","Thursday","Saturday","Sunday"],"opens":"00:00","closes":"00:00"}],"email":"office@bolting.eu","vatID":"ATU59999728","priceRange":"$$","currenciesAccepted":"Euro"},{"@type":"PostalAddress","@id":"https:\/\/bolting.eu\/en\/shop\/black-diamond-rope-bucket\/#local-main-place-address","streetAddress":"Fischnalerstra\u00dfe 4","addressLocality":"Innsbruck","postalCode":"6020","addressRegion":"Tirol","addressCountry":"AT"},{"@type":"ImageObject","inLanguage":"en-US","@id":"https:\/\/bolting.eu\/en\/shop\/black-diamond-rope-bucket\/#local-main-organization-logo","url":"https:\/\/bolting.eu\/wp-content\/uploads\/2019\/09\/bolting-logo.png","contentUrl":"https:\/\/bolting.eu\/wp-content\/uploads\/2019\/09\/bolting-logo.png","width":400,"height":211,"caption":"bolting.eu"}]},"product_price_amount":"40.00","product_price_currency":"EUR","og_availability":"out of stock","product_availability":"out of stock","product_retailer_item_id":"BD810462","product_condition":"new","geo.placename":"Innsbruck","geo.position":{"lat":"47.264176340396226","long":"11.380109057672346"},"geo.region":"Austria"},"_links":{"self":[{"href":"https:\/\/bolting.eu\/en\/wp-json\/wp\/v2\/product\/12139","targetHints":{"allow":["GET"]}}],"collection":[{"href":"https:\/\/bolting.eu\/en\/wp-json\/wp\/v2\/product"}],"about":[{"href":"https:\/\/bolting.eu\/en\/wp-json\/wp\/v2\/types\/product"}],"replies":[{"embeddable":true,"href":"https:\/\/bolting.eu\/en\/wp-json\/wp\/v2\/comments?post=12139"}],"wp:featuredmedia":[{"embeddable":true,"href":"https:\/\/bolting.eu\/en\/wp-json\/wp\/v2\/media\/12140"}],"wp:attachment":[{"href":"https:\/\/bolting.eu\/en\/wp-json\/wp\/v2\/media?parent=12139"}],"wp:term":[{"taxonomy":"product_brand","embeddable":true,"href":"https:\/\/bolting.eu\/en\/wp-json\/wp\/v2\/product_brand?post=12139"},{"taxonomy":"product_cat","embeddable":true,"href":"https:\/\/bolting.eu\/en\/wp-json\/wp\/v2\/product_cat?post=12139"},{"taxonomy":"product_tag","embeddable":true,"href":"https:\/\/bolting.eu\/en\/wp-json\/wp\/v2\/product_tag?post=12139"}],"curies":[{"name":"wp","href":"https:\/\/api.w.org\/{rel}","templated":true}]}}