{"id":12109,"date":"2022-06-11T17:46:43","date_gmt":"2022-06-11T15:46:43","guid":{"rendered":"https:\/\/bolting.eu\/?post_type=product&#038;p=12109"},"modified":"2026-04-16T12:35:28","modified_gmt":"2026-04-16T10:35:28","slug":"knee-pad-red-chili-kneerock","status":"publish","type":"product","link":"https:\/\/bolting.eu\/en\/shop\/knee-pad-red-chili-kneerock\/","title":{"rendered":"Knee Pad Red Chili Kneerock"},"content":{"rendered":"<p>Das Knee Pad Red Chili Kneerock ist ein sehr g\u00fcnstiges Modell mit tollem Preis &#8211; Leistungsverh\u00e4ltnis. Denn dieses Modell geh\u00f6rt zu den g\u00fcnstigsten Knie Protektoren beim Klettern ohne bei der Performance zu schw\u00e4cheln.<\/p>\n<p>Dieses Modell ist von seiner Dimension her etwas schm\u00e4ler als Modelle anderer Hersteller. D.h. es ist perfekt f\u00fcr alle, die kein breites, sehr festes Pad wollen. Das Pad erm\u00f6glicht somit auch viel Gef\u00fchl beim Pressen gegen das Knie.<\/p>\n<p>Hierf\u00fcr ist auch der Gummi mit 2mm eher d\u00fcnn gehalten. Sehr gut gelungen f\u00fcr eine klasse Performance ist die Neopren Polsterung innen. Sie sorgt n\u00e4mlich f\u00fcr super Grip.<\/p>\n<p>Abschlie\u00dfend ist das Verschlusssystem sehr ausgereift und h\u00e4lt das Pad perfekt am Oberschenkjel fest. Fazit: ein perfektes <a href=\"https:\/\/bolting.eu\/produkt-kategorie\/boulder-ausruestung\/boulder-zubehoer\/\">Boulderzubeh\u00f6r<\/a> bzw. <a href=\"https:\/\/bolting.eu\/produkt-kategorie\/kletterausruestung\/kletterzubehoer\/\">Kletterzubeh\u00f6r<\/a>!<\/p>\n<p>Geh\u00f6rt wie <a href=\"https:\/\/bolting.eu\/produkt-kategorie\/boulder-ausruestung\/boulderbuersten\/\">Boulderb\u00fcrste<\/a>, <a href=\"https:\/\/bolting.eu\/produkt-kategorie\/boulder-ausruestung\/bouldermatte\/\">Bouldermatte<\/a> und <a href=\"https:\/\/bolting.eu\/produkt-kategorie\/kletterausruestung\/kletterseil\/\">Kletterseil<\/a> einfach dazu!<\/p>\n<h2>Eigenschaften Knee Pad Red Chili Kneerock<\/h2>\n<ul>\n<li>Material: Kunststoff, Neopren, Alu Schnallen<\/li>\n<li>Gr\u00f6\u00dfe1: f\u00fcr Oberschenkel bis max. 55cm Umfang<\/li>\n<li>Gr\u00f6\u00dfe 2: f\u00fcr Oberschenkel ab 50cm Umfang<\/li>\n<li>Gewicht: 250 Gramm bzw. 300 Gramm<\/li>\n<li>2mm RX-1 Allround Gummi<\/li>\n<li>U-Polsterung f\u00fcr Minderung des Anpress Drucks<\/li>\n<li>Innenseite aus griffigem Neopren<\/li>\n<li>technisch und anatomisch angepasster Schnitt<\/li>\n<li>erlaubt ideale Bewegungsfreiheit<\/li>\n<li>symmetrischer Verschluss mit Alu Schnallen<\/li>\n<\/ul>\n","protected":false},"excerpt":{"rendered":"<p>G\u00fcnstiges Knee Pad mit sehr gutem Preis &#8211; Leistungsverh\u00e4ltnis.<\/p>\n<p>Das eher kleiner gehaltene Pad beeindruckt mit guter Performance durch 2mm Gummi, sehr gutem Verschluss System und griffigem Neopren an der Innenseite.<\/p>\n<p>Versandkostenfrei bis 2kg in <img decoding=\"async\" class=\"emoji\" role=\"img\" draggable=\"false\" src=\"https:\/\/s.w.org\/images\/core\/emoji\/14.0.0\/svg\/1f1e6-1f1f9.svg\" alt=\"\ud83c\udde6\ud83c\uddf9\" \/> ab \u20ac 100,- und <img decoding=\"async\" class=\"emoji\" role=\"img\" draggable=\"false\" src=\"https:\/\/s.w.org\/images\/core\/emoji\/14.0.0\/svg\/1f1e9-1f1ea.svg\" alt=\"\ud83c\udde9\ud83c\uddea\" \/> ab \u20ac 200,-!<\/p>\n<p>&nbsp;<\/p>\n","protected":false},"featured_media":12114,"comment_status":"open","ping_status":"closed","template":"","meta":[],"product_brand":[],"product_cat":[15388,29,5061,5284,6357],"product_tag":[],"class_list":{"0":"post-12109","1":"product","2":"type-product","3":"status-publish","4":"has-post-thumbnail","6":"product_cat-kneepads","7":"product_cat-kletterausruestung","8":"product_cat-kletterzubehoer","9":"product_cat-boulder-ausruestung","10":"product_cat-boulder-zubehoer","12":"first","13":"instock","14":"taxable","15":"shipping-taxable","16":"purchasable","17":"product-type-variable"},"yoast_head":"<!-- This site is optimized with the Yoast SEO Premium plugin v26.9 (Yoast SEO v26.9) - https:\/\/yoast.com\/product\/yoast-seo-premium-wordpress\/ -->\n<title>Knee Pad Red Chili Kneerock - zum Klettern &amp; Bouldern | bolting.eu<\/title>\n<meta name=\"description\" content=\"KNEE PAD RED CHILI KNEE ROCK beim Innsbrucker Kletterprofi kaufen \u2705 Trusted Shop \u2705 kostenloser Versand* \u2705 14 Tage R\u00fcckgaberecht \u2705 Co2 neutrale Zustellung\" \/>\n<meta name=\"robots\" content=\"index, follow, max-snippet:-1, max-image-preview:large, max-video-preview:-1\" \/>\n<link rel=\"canonical\" href=\"https:\/\/bolting.eu\/en\/shop\/knee-pad-red-chili-kneerock\/\" \/>\n<meta property=\"og:locale\" content=\"en_US\" \/>\n<meta property=\"og:type\" content=\"article\" \/>\n<meta property=\"og:title\" content=\"Knee Pad Red Chili Kneerock\" \/>\n<meta property=\"og:description\" content=\"KNEE PAD RED CHILI KNEE ROCK beim Innsbrucker Kletterprofi kaufen \u2705 Trusted Shop \u2705 kostenloser Versand* \u2705 14 Tage R\u00fcckgaberecht \u2705 Co2 neutrale Zustellung\" \/>\n<meta property=\"og:url\" content=\"https:\/\/bolting.eu\/en\/shop\/knee-pad-red-chili-kneerock\/\" \/>\n<meta property=\"og:site_name\" content=\"bolting.eu\" \/>\n<meta property=\"article:publisher\" content=\"https:\/\/www.facebook.com\/bolting.eu\" \/>\n<meta property=\"article:modified_time\" content=\"2026-04-16T10:35:28+00:00\" \/>\n<meta property=\"og:image\" content=\"https:\/\/bolting.eu\/wp-content\/uploads\/2022\/06\/Knee-PAd-Red-Chili-Kneerock-1.jpg\" \/>\n\t<meta property=\"og:image:width\" content=\"700\" \/>\n\t<meta property=\"og:image:height\" content=\"700\" \/>\n\t<meta property=\"og:image:type\" content=\"image\/jpeg\" \/>\n<meta name=\"twitter:card\" content=\"summary_large_image\" \/>\n<meta name=\"twitter:label1\" content=\"Availability\" \/>\n\t<meta name=\"twitter:data1\" content=\"In stock\" \/>\n<script type=\"application\/ld+json\" class=\"yoast-schema-graph\">{\"@context\":\"https:\/\/schema.org\",\"@graph\":[{\"@type\":[\"WebPage\",\"ItemPage\"],\"@id\":\"https:\/\/bolting.eu\/en\/shop\/knee-pad-red-chili-kneerock\/\",\"url\":\"https:\/\/bolting.eu\/en\/shop\/knee-pad-red-chili-kneerock\/\",\"name\":\"Knee Pad Red Chili Kneerock - zum Klettern & Bouldern | bolting.eu\",\"isPartOf\":{\"@id\":\"https:\/\/bolting.eu\/en\/#website\"},\"primaryImageOfPage\":{\"@id\":\"https:\/\/bolting.eu\/en\/shop\/knee-pad-red-chili-kneerock\/#primaryimage\"},\"image\":{\"@id\":\"https:\/\/bolting.eu\/en\/shop\/knee-pad-red-chili-kneerock\/#primaryimage\"},\"thumbnailUrl\":\"https:\/\/bolting.eu\/wp-content\/uploads\/2022\/06\/Knee-PAd-Red-Chili-Kneerock-1.jpg\",\"datePublished\":\"2022-06-11T15:46:43+00:00\",\"dateModified\":\"2026-04-16T10:35:28+00:00\",\"description\":\"KNEE PAD RED CHILI KNEE ROCK beim Innsbrucker Kletterprofi kaufen \u2705 Trusted Shop \u2705 kostenloser Versand* \u2705 14 Tage R\u00fcckgaberecht \u2705 Co2 neutrale Zustellung\",\"breadcrumb\":{\"@id\":\"https:\/\/bolting.eu\/en\/shop\/knee-pad-red-chili-kneerock\/#breadcrumb\"},\"inLanguage\":\"en-US\",\"potentialAction\":[{\"@type\":\"ReadAction\",\"target\":[\"https:\/\/bolting.eu\/en\/shop\/knee-pad-red-chili-kneerock\/\"]}]},{\"@type\":\"ImageObject\",\"inLanguage\":\"en-US\",\"@id\":\"https:\/\/bolting.eu\/en\/shop\/knee-pad-red-chili-kneerock\/#primaryimage\",\"url\":\"https:\/\/bolting.eu\/wp-content\/uploads\/2022\/06\/Knee-PAd-Red-Chili-Kneerock-1.jpg\",\"contentUrl\":\"https:\/\/bolting.eu\/wp-content\/uploads\/2022\/06\/Knee-PAd-Red-Chili-Kneerock-1.jpg\",\"width\":700,\"height\":700,\"caption\":\"Das Bild zeigt das rot-schwarze Knee Pad Red Chili Kneerock von der Seite. MAn sieht den Gummi, das Logo und den Neopren Strumpf.\"},{\"@type\":\"BreadcrumbList\",\"@id\":\"https:\/\/bolting.eu\/en\/shop\/knee-pad-red-chili-kneerock\/#breadcrumb\",\"itemListElement\":[{\"@type\":\"ListItem\",\"position\":1,\"name\":\"Shop\",\"item\":\"https:\/\/bolting.eu\/en\/shop\/\"},{\"@type\":\"ListItem\",\"position\":2,\"name\":\"climbing equipment\",\"item\":\"https:\/\/bolting.eu\/en\/produkt-kategorie\/climbing-equipment\/\"},{\"@type\":\"ListItem\",\"position\":3,\"name\":\"Kneepads\",\"item\":\"https:\/\/bolting.eu\/produkt-kategorie\/kletterausruestung\/kneepads\/\"},{\"@type\":\"ListItem\",\"position\":4,\"name\":\"Knee Pad Red Chili Kneerock\"}]},{\"@type\":\"WebSite\",\"@id\":\"https:\/\/bolting.eu\/en\/#website\",\"url\":\"https:\/\/bolting.eu\/en\/\",\"name\":\"bolting.eu\",\"description\":\"we make climbs happen\",\"publisher\":{\"@id\":\"https:\/\/bolting.eu\/en\/#organization\"},\"potentialAction\":[{\"@type\":\"SearchAction\",\"target\":{\"@type\":\"EntryPoint\",\"urlTemplate\":\"https:\/\/bolting.eu\/en\/?s={search_term_string}\"},\"query-input\":{\"@type\":\"PropertyValueSpecification\",\"valueRequired\":true,\"valueName\":\"search_term_string\"}}],\"inLanguage\":\"en-US\"},{\"@type\":[\"Organization\",\"Place\",\"SportingGoodsStore\"],\"@id\":\"https:\/\/bolting.eu\/en\/#organization\",\"name\":\"bolting.eu\",\"url\":\"https:\/\/bolting.eu\/en\/\",\"logo\":{\"@id\":\"https:\/\/bolting.eu\/en\/shop\/knee-pad-red-chili-kneerock\/#local-main-organization-logo\"},\"image\":{\"@id\":\"https:\/\/bolting.eu\/en\/shop\/knee-pad-red-chili-kneerock\/#local-main-organization-logo\"},\"sameAs\":[\"https:\/\/www.facebook.com\/bolting.eu\",\"https:\/\/www.instagram.com\/bolting.eu\/\"],\"address\":{\"@id\":\"https:\/\/bolting.eu\/en\/shop\/knee-pad-red-chili-kneerock\/#local-main-place-address\"},\"geo\":{\"@type\":\"GeoCoordinates\",\"latitude\":\"47.264176340396226\",\"longitude\":\"11.380109057672346\"},\"telephone\":[\"+43 699 19083372\"],\"openingHoursSpecification\":[{\"@type\":\"OpeningHoursSpecification\",\"dayOfWeek\":[\"Monday\",\"Wednesday\",\"Friday\"],\"opens\":\"14:00\",\"closes\":\"18:00\"},{\"@type\":\"OpeningHoursSpecification\",\"dayOfWeek\":[\"Tuesday\",\"Thursday\",\"Saturday\",\"Sunday\"],\"opens\":\"00:00\",\"closes\":\"00:00\"}],\"email\":\"office@bolting.eu\",\"vatID\":\"ATU59999728\",\"priceRange\":\"$$\",\"currenciesAccepted\":\"Euro\"},{\"@type\":\"PostalAddress\",\"@id\":\"https:\/\/bolting.eu\/en\/shop\/knee-pad-red-chili-kneerock\/#local-main-place-address\",\"streetAddress\":\"Fischnalerstra\u00dfe 4\",\"addressLocality\":\"Innsbruck\",\"postalCode\":\"6020\",\"addressRegion\":\"Tirol\",\"addressCountry\":\"AT\"},{\"@type\":\"ImageObject\",\"inLanguage\":\"en-US\",\"@id\":\"https:\/\/bolting.eu\/en\/shop\/knee-pad-red-chili-kneerock\/#local-main-organization-logo\",\"url\":\"https:\/\/bolting.eu\/wp-content\/uploads\/2019\/09\/bolting-logo.png\",\"contentUrl\":\"https:\/\/bolting.eu\/wp-content\/uploads\/2019\/09\/bolting-logo.png\",\"width\":400,\"height\":211,\"caption\":\"bolting.eu\"}]}<\/script>\n<meta property=\"og:availability\" content=\"instock\" \/>\n<meta property=\"product:availability\" content=\"instock\" \/>\n<meta property=\"product:condition\" content=\"new\" \/>\n<meta name=\"geo.placename\" content=\"Innsbruck\" \/>\n<meta name=\"geo.position\" content=\"47.264176340396226;11.380109057672346\" \/>\n<meta name=\"geo.region\" content=\"Austria\" \/>\n<!-- \/ Yoast SEO Premium plugin. -->","yoast_head_json":{"title":"Knee Pad Red Chili Kneerock - zum Klettern & Bouldern | bolting.eu","description":"KNEE PAD RED CHILI KNEE ROCK beim Innsbrucker Kletterprofi kaufen \u2705 Trusted Shop \u2705 kostenloser Versand* \u2705 14 Tage R\u00fcckgaberecht \u2705 Co2 neutrale Zustellung","robots":{"index":"index","follow":"follow","max-snippet":"max-snippet:-1","max-image-preview":"max-image-preview:large","max-video-preview":"max-video-preview:-1"},"canonical":"https:\/\/bolting.eu\/en\/shop\/knee-pad-red-chili-kneerock\/","og_locale":"en_US","og_type":"article","og_title":"Knee Pad Red Chili Kneerock","og_description":"KNEE PAD RED CHILI KNEE ROCK beim Innsbrucker Kletterprofi kaufen \u2705 Trusted Shop \u2705 kostenloser Versand* \u2705 14 Tage R\u00fcckgaberecht \u2705 Co2 neutrale Zustellung","og_url":"https:\/\/bolting.eu\/en\/shop\/knee-pad-red-chili-kneerock\/","og_site_name":"bolting.eu","article_publisher":"https:\/\/www.facebook.com\/bolting.eu","article_modified_time":"2026-04-16T10:35:28+00:00","og_image":[{"width":700,"height":700,"url":"https:\/\/bolting.eu\/wp-content\/uploads\/2022\/06\/Knee-PAd-Red-Chili-Kneerock-1.jpg","type":"image\/jpeg"}],"twitter_card":"summary_large_image","twitter_misc":{"Availability":"In stock"},"schema":{"@context":"https:\/\/schema.org","@graph":[{"@type":["WebPage","ItemPage"],"@id":"https:\/\/bolting.eu\/en\/shop\/knee-pad-red-chili-kneerock\/","url":"https:\/\/bolting.eu\/en\/shop\/knee-pad-red-chili-kneerock\/","name":"Knee Pad Red Chili Kneerock - zum Klettern & Bouldern | bolting.eu","isPartOf":{"@id":"https:\/\/bolting.eu\/en\/#website"},"primaryImageOfPage":{"@id":"https:\/\/bolting.eu\/en\/shop\/knee-pad-red-chili-kneerock\/#primaryimage"},"image":{"@id":"https:\/\/bolting.eu\/en\/shop\/knee-pad-red-chili-kneerock\/#primaryimage"},"thumbnailUrl":"https:\/\/bolting.eu\/wp-content\/uploads\/2022\/06\/Knee-PAd-Red-Chili-Kneerock-1.jpg","datePublished":"2022-06-11T15:46:43+00:00","dateModified":"2026-04-16T10:35:28+00:00","description":"KNEE PAD RED CHILI KNEE ROCK beim Innsbrucker Kletterprofi kaufen \u2705 Trusted Shop \u2705 kostenloser Versand* \u2705 14 Tage R\u00fcckgaberecht \u2705 Co2 neutrale Zustellung","breadcrumb":{"@id":"https:\/\/bolting.eu\/en\/shop\/knee-pad-red-chili-kneerock\/#breadcrumb"},"inLanguage":"en-US","potentialAction":[{"@type":"ReadAction","target":["https:\/\/bolting.eu\/en\/shop\/knee-pad-red-chili-kneerock\/"]}]},{"@type":"ImageObject","inLanguage":"en-US","@id":"https:\/\/bolting.eu\/en\/shop\/knee-pad-red-chili-kneerock\/#primaryimage","url":"https:\/\/bolting.eu\/wp-content\/uploads\/2022\/06\/Knee-PAd-Red-Chili-Kneerock-1.jpg","contentUrl":"https:\/\/bolting.eu\/wp-content\/uploads\/2022\/06\/Knee-PAd-Red-Chili-Kneerock-1.jpg","width":700,"height":700,"caption":"Das Bild zeigt das rot-schwarze Knee Pad Red Chili Kneerock von der Seite. MAn sieht den Gummi, das Logo und den Neopren Strumpf."},{"@type":"BreadcrumbList","@id":"https:\/\/bolting.eu\/en\/shop\/knee-pad-red-chili-kneerock\/#breadcrumb","itemListElement":[{"@type":"ListItem","position":1,"name":"Shop","item":"https:\/\/bolting.eu\/en\/shop\/"},{"@type":"ListItem","position":2,"name":"climbing equipment","item":"https:\/\/bolting.eu\/en\/produkt-kategorie\/climbing-equipment\/"},{"@type":"ListItem","position":3,"name":"Kneepads","item":"https:\/\/bolting.eu\/produkt-kategorie\/kletterausruestung\/kneepads\/"},{"@type":"ListItem","position":4,"name":"Knee Pad Red Chili Kneerock"}]},{"@type":"WebSite","@id":"https:\/\/bolting.eu\/en\/#website","url":"https:\/\/bolting.eu\/en\/","name":"bolting.eu","description":"we make climbs happen","publisher":{"@id":"https:\/\/bolting.eu\/en\/#organization"},"potentialAction":[{"@type":"SearchAction","target":{"@type":"EntryPoint","urlTemplate":"https:\/\/bolting.eu\/en\/?s={search_term_string}"},"query-input":{"@type":"PropertyValueSpecification","valueRequired":true,"valueName":"search_term_string"}}],"inLanguage":"en-US"},{"@type":["Organization","Place","SportingGoodsStore"],"@id":"https:\/\/bolting.eu\/en\/#organization","name":"bolting.eu","url":"https:\/\/bolting.eu\/en\/","logo":{"@id":"https:\/\/bolting.eu\/en\/shop\/knee-pad-red-chili-kneerock\/#local-main-organization-logo"},"image":{"@id":"https:\/\/bolting.eu\/en\/shop\/knee-pad-red-chili-kneerock\/#local-main-organization-logo"},"sameAs":["https:\/\/www.facebook.com\/bolting.eu","https:\/\/www.instagram.com\/bolting.eu\/"],"address":{"@id":"https:\/\/bolting.eu\/en\/shop\/knee-pad-red-chili-kneerock\/#local-main-place-address"},"geo":{"@type":"GeoCoordinates","latitude":"47.264176340396226","longitude":"11.380109057672346"},"telephone":["+43 699 19083372"],"openingHoursSpecification":[{"@type":"OpeningHoursSpecification","dayOfWeek":["Monday","Wednesday","Friday"],"opens":"14:00","closes":"18:00"},{"@type":"OpeningHoursSpecification","dayOfWeek":["Tuesday","Thursday","Saturday","Sunday"],"opens":"00:00","closes":"00:00"}],"email":"office@bolting.eu","vatID":"ATU59999728","priceRange":"$$","currenciesAccepted":"Euro"},{"@type":"PostalAddress","@id":"https:\/\/bolting.eu\/en\/shop\/knee-pad-red-chili-kneerock\/#local-main-place-address","streetAddress":"Fischnalerstra\u00dfe 4","addressLocality":"Innsbruck","postalCode":"6020","addressRegion":"Tirol","addressCountry":"AT"},{"@type":"ImageObject","inLanguage":"en-US","@id":"https:\/\/bolting.eu\/en\/shop\/knee-pad-red-chili-kneerock\/#local-main-organization-logo","url":"https:\/\/bolting.eu\/wp-content\/uploads\/2019\/09\/bolting-logo.png","contentUrl":"https:\/\/bolting.eu\/wp-content\/uploads\/2019\/09\/bolting-logo.png","width":400,"height":211,"caption":"bolting.eu"}]},"og_availability":"instock","product_availability":"instock","product_condition":"new","geo.placename":"Innsbruck","geo.position":{"lat":"47.264176340396226","long":"11.380109057672346"},"geo.region":"Austria"},"_links":{"self":[{"href":"https:\/\/bolting.eu\/en\/wp-json\/wp\/v2\/product\/12109","targetHints":{"allow":["GET"]}}],"collection":[{"href":"https:\/\/bolting.eu\/en\/wp-json\/wp\/v2\/product"}],"about":[{"href":"https:\/\/bolting.eu\/en\/wp-json\/wp\/v2\/types\/product"}],"replies":[{"embeddable":true,"href":"https:\/\/bolting.eu\/en\/wp-json\/wp\/v2\/comments?post=12109"}],"wp:featuredmedia":[{"embeddable":true,"href":"https:\/\/bolting.eu\/en\/wp-json\/wp\/v2\/media\/12114"}],"wp:attachment":[{"href":"https:\/\/bolting.eu\/en\/wp-json\/wp\/v2\/media?parent=12109"}],"wp:term":[{"taxonomy":"product_brand","embeddable":true,"href":"https:\/\/bolting.eu\/en\/wp-json\/wp\/v2\/product_brand?post=12109"},{"taxonomy":"product_cat","embeddable":true,"href":"https:\/\/bolting.eu\/en\/wp-json\/wp\/v2\/product_cat?post=12109"},{"taxonomy":"product_tag","embeddable":true,"href":"https:\/\/bolting.eu\/en\/wp-json\/wp\/v2\/product_tag?post=12109"}],"curies":[{"name":"wp","href":"https:\/\/api.w.org\/{rel}","templated":true}]}}