{"id":12061,"date":"2022-06-08T08:46:47","date_gmt":"2022-06-08T06:46:47","guid":{"rendered":"https:\/\/bolting.eu\/?post_type=product&#038;p=12061"},"modified":"2026-01-21T16:16:07","modified_gmt":"2026-01-21T15:16:07","slug":"petzl-djinn-steel","status":"publish","type":"product","link":"https:\/\/bolting.eu\/en\/shop\/petzl-djinn-steel\/","title":{"rendered":"Petzl Djinn Steel"},"content":{"rendered":"<p>Der Petzl Djinn Steel ist ein Stahlkarabiner f\u00fcr fixe <a href=\"https:\/\/bolting.eu\/produkt-kategorie\/kletterausruestung\/expressschlingen\/\">Expressschlingen<\/a>. Er kann dabe sowohl f\u00fcr den Indoor als auch den Outdoor Bereich verwendet werden.<\/p>\n<p>Dieser Karabiner ist wie Djinn Expressschlinge durch den gro\u00dfen, gebogenen Schnapper super leicht zu klippen. \u00dcberdies sorgt das Nasen-Keylock System f\u00fcr ein leichtes Einh\u00e4ngen des <a href=\"https:\/\/bolting.eu\/produkt-kategorie\/kletterausruestung\/kletterseil\/\">Kletterseils<\/a>. D.h. es gibt hier kein Verheddern.<\/p>\n<p>Weiters sorgt der verzinkte Stahl mit seiner Beschichtung f\u00fcr eine extrem lange Lebensdauer. Abschlie\u00dfend ist der breite Scheitel auch extra dick ausgef\u00fchrt, sodass die Auflagefl\u00e4che des Seiles sch\u00f6n breit ist.<\/p>\n<h2>Eigenschaften Petzl Djinn Steel<\/h2>\n<ul>\n<li>Hersteller: <a href=\"https:\/\/bolting.eu\/produkt-kategorie\/petzl\/\">Petzl<\/a><\/li>\n<li>Material: verzinkter Stahl beschichtet<\/li>\n<li>Gewicht: 108 Gramm<\/li>\n<li><a href=\"https:\/\/bolting.eu\/bruchlast-karabiner\/\">Bruchlast Karabiner<\/a>: 28kn l\u00e4ngs &#8211; 10 kn offen &#8211; 10 kN quer<\/li>\n<li>Schnapper\u00f6ffnung: 27mm<\/li>\n<li>Normen: <a href=\"https:\/\/bolting.eu\/en-12275-norm\/\">EN 12275<\/a>, <a href=\"https:\/\/bolting.eu\/en-362-norm\/\">EN 362<\/a><\/li>\n<li>gro\u00dfer Querschnitt im breiten Scheitel extrem seilschonend<\/li>\n<li>kleiner Scheitel f\u00fcr Bandschlingen bis 24mm Breite<\/li>\n<li>sehr lange Lebensdauer da enorm abriebfest<\/li>\n<li>gebogener Alu Schnapper extrem leicht zu Klippen<\/li>\n<li>kein Verheddern des Seiles am Nasen-Keylock System<\/li>\n<li><a href=\"https:\/\/www.petzl.com\/sfc\/servlet.shepherd\/version\/download\/0681r000009tBWbAAM\" target=\"_blank\" rel=\"noopener\">Bedienungsanleitung<\/a><\/li>\n<\/ul>\n<h3>Perfekt f\u00fcr fixe Express<\/h3>\n<figure id=\"attachment_12064\" aria-describedby=\"caption-attachment-12064\" style=\"width: 280px\" class=\"wp-caption alignleft\"><a href=\"https:\/\/bolting.eu\/wp-content\/uploads\/2022\/06\/Petzl-Djinn-Steel-4.jpg\"><img loading=\"lazy\" decoding=\"async\" class=\"wp-image-12064 size-thumbnail\" src=\"https:\/\/bolting.eu\/wp-content\/uploads\/2022\/06\/Petzl-Djinn-Steel-4-280x280.jpg\" alt=\"Das Bild zeigt den Petzl Djinn Steel Stahlkarabiner auf einer Express mit Kunststoff Protector und Schraubglied.\" width=\"280\" height=\"280\" srcset=\"https:\/\/bolting.eu\/wp-content\/uploads\/2022\/06\/Petzl-Djinn-Steel-4-280x280.jpg 280w, https:\/\/bolting.eu\/wp-content\/uploads\/2022\/06\/Petzl-Djinn-Steel-4-247x247.jpg 247w, https:\/\/bolting.eu\/wp-content\/uploads\/2022\/06\/Petzl-Djinn-Steel-4-100x100.jpg 100w, https:\/\/bolting.eu\/wp-content\/uploads\/2022\/06\/Petzl-Djinn-Steel-4-510x510.jpg 510w, https:\/\/bolting.eu\/wp-content\/uploads\/2022\/06\/Petzl-Djinn-Steel-4-400x400.jpg 400w, https:\/\/bolting.eu\/wp-content\/uploads\/2022\/06\/Petzl-Djinn-Steel-4-300x300.jpg 300w, https:\/\/bolting.eu\/wp-content\/uploads\/2022\/06\/Petzl-Djinn-Steel-4-600x600.jpg 600w, https:\/\/bolting.eu\/wp-content\/uploads\/2022\/06\/Petzl-Djinn-Steel-4.jpg 700w\" sizes=\"auto, (max-width: 280px) 100vw, 280px\" \/><\/a><figcaption id=\"caption-attachment-12064\" class=\"wp-caption-text\">Eine perfekte fixe Express f\u00fcr Halle und Drau\u00dfen!<\/figcaption><\/figure>\n<p>Der Petzl Djinn Steel Karabiner ist perfekt f\u00fcr fixe Expressen. Denn wie bereits erw\u00e4hnt ist er sowohl extrem langlebig bzw. abriebfest, also auch super leicht zu klippen.<\/p>\n<p>Hinzu kommt, dass Petzl auch alle weiteren Komponenten auf diesen Karabiner abgestimmt hat. Denn man kann zum einen die Axess String Schlinge separat kaufen. Das ist eine Express die einen Kunststoff Mantel als Schutz aufweist. Und zum anderen auch das <a href=\"https:\/\/bolting.eu\/shop\/petzl-go-8mm-schraubglied\/\">Go 8mm Schraubglied<\/a>, zum Fixieren z.B. in einem <a href=\"https:\/\/bolting.eu\/produkt-kategorie\/einbohrartikel\/klebehaken-buehlerhaken\/\">Klebehaken<\/a> oder einer <a href=\"https:\/\/bolting.eu\/produkt-kategorie\/einbohrartikel\/bohrhakenlasche\/\">Bohrhakenlasche<\/a>.<\/p>\n<p>Wer in seinen Projekten oder einem Klettergarten fixe Expressen installieren will, ist hier genau richtig!<\/p>\n<h3>Petzl Djinn Steel f\u00fcr eine Sportkletter Express<\/h3>\n<p>&nbsp;<\/p>\n<figure id=\"attachment_12065\" aria-describedby=\"caption-attachment-12065\" style=\"width: 280px\" class=\"wp-caption alignleft\"><a href=\"https:\/\/bolting.eu\/wp-content\/uploads\/2022\/06\/Petzl-Djinn-Steel-3.jpg\"><img loading=\"lazy\" decoding=\"async\" class=\"wp-image-12065 size-thumbnail\" src=\"https:\/\/bolting.eu\/wp-content\/uploads\/2022\/06\/Petzl-Djinn-Steel-3-280x280.jpg\" alt=\"Das Bild zeigt eine Petzl Expressschlinge f\u00fcr die Kletterhalle mit Stahlkarabiner und Schlingen Schutz.\" width=\"280\" height=\"280\" srcset=\"https:\/\/bolting.eu\/wp-content\/uploads\/2022\/06\/Petzl-Djinn-Steel-3-280x280.jpg 280w, https:\/\/bolting.eu\/wp-content\/uploads\/2022\/06\/Petzl-Djinn-Steel-3-247x247.jpg 247w, https:\/\/bolting.eu\/wp-content\/uploads\/2022\/06\/Petzl-Djinn-Steel-3-100x100.jpg 100w, https:\/\/bolting.eu\/wp-content\/uploads\/2022\/06\/Petzl-Djinn-Steel-3-510x510.jpg 510w, https:\/\/bolting.eu\/wp-content\/uploads\/2022\/06\/Petzl-Djinn-Steel-3-400x400.jpg 400w, https:\/\/bolting.eu\/wp-content\/uploads\/2022\/06\/Petzl-Djinn-Steel-3-300x300.jpg 300w, https:\/\/bolting.eu\/wp-content\/uploads\/2022\/06\/Petzl-Djinn-Steel-3-600x600.jpg 600w, https:\/\/bolting.eu\/wp-content\/uploads\/2022\/06\/Petzl-Djinn-Steel-3.jpg 700w\" sizes=\"auto, (max-width: 280px) 100vw, 280px\" \/><\/a><figcaption id=\"caption-attachment-12065\" class=\"wp-caption-text\">Perfekt f\u00fcr die erste Express in Kletterg\u00e4rten!<\/figcaption><\/figure>\n<p>Auch wenn man keine ganze Route mit Expressen ausstatten will, macht ein St\u00fcck dieses <a href=\"https:\/\/bolting.eu\/produkt-kategorie\/kletterausruestung\/kletterkarabiner\/\">Kletterkarabiners<\/a> Sinn. N\u00e4mlich f\u00fcr die erste Express, welche man in einer Sportkletterroute einh\u00e4ngt.<\/p>\n<p>Denn hier gibt es beim Ablassen den meisten Abrieb. Deshalb macht es Sinn, hier einen entsprechend abriebfesten Karabiner zu verwenden. Wem dieser reine <a href=\"https:\/\/bolting.eu\/produkt-kategorie\/kletterausruestung\/kletterkarabiner\/stahlkarabiner\/\">Stahlkarabiner<\/a> zu schwer sein sollte, kann auf den innovativen <a href=\"https:\/\/bolting.eu\/shop\/edelrid-bulletproof-bent\/\">Edelrid Bulletproof Bent<\/a> ausweichen. Dieser leichtere Alu Karabiner hat n\u00e4mlich &#8220;nur&#8221; ein Stahl Inlet im breiten Scheitel.<\/p>\n","protected":false},"excerpt":{"rendered":"<p>Perfekter Stahlkarabiner f\u00fcr fixe Expresssschlingen outdoor als auch indoor. Extrem abriebfest und langlebig.<\/p>\n<p>Der breite, gebogene Schnapper und das Nasen-Keylock System garantieren leichtes Einh\u00e4ngen. Der gro\u00dfe Querschnitt im breiten Scheitel schont das Seil!<\/p>\n<p>Versandkostenfrei bis 2kg in <img decoding=\"async\" class=\"emoji\" role=\"img\" draggable=\"false\" src=\"https:\/\/s.w.org\/images\/core\/emoji\/14.0.0\/svg\/1f1e6-1f1f9.svg\" alt=\"\ud83c\udde6\ud83c\uddf9\" \/> ab \u20ac 100,- und <img decoding=\"async\" class=\"emoji\" role=\"img\" draggable=\"false\" src=\"https:\/\/s.w.org\/images\/core\/emoji\/14.0.0\/svg\/1f1e9-1f1ea.svg\" alt=\"\ud83c\udde9\ud83c\uddea\" \/> ab \u20ac 200,-!<\/p>\n","protected":false},"featured_media":12067,"comment_status":"open","ping_status":"closed","template":"","meta":[],"product_brand":[],"product_cat":[14093,29,44,15211,3003,3004],"product_tag":[],"class_list":{"0":"post-12061","1":"product","2":"type-product","3":"status-publish","4":"has-post-thumbnail","6":"product_cat-petzl","7":"product_cat-kletterausruestung","8":"product_cat-kletterkarabiner","9":"product_cat-kletterwand-zubehoer","10":"product_cat-stahlkarabiner","11":"product_cat-schnappkarabiner","13":"first","14":"instock","15":"sale","16":"taxable","17":"shipping-taxable","18":"purchasable","19":"product-type-simple"},"yoast_head":"<!-- This site is optimized with the Yoast SEO Premium plugin v26.9 (Yoast SEO v26.9) - https:\/\/yoast.com\/product\/yoast-seo-premium-wordpress\/ -->\n<title>Petzl Djinn Steel - Stahlkarabiner f\u00fcr fixe Expressen | bolting.eu<\/title>\n<meta name=\"description\" content=\"PETZL DJINN STEEL Stahlkarabiner beim Kletterprofi kaufen \u2705 Trusted Shop \u2705 kostenloser Versand* \u2705 14 Tage R\u00fcckgaberecht \u2705 Co2 neutrale Zustellung\" \/>\n<meta name=\"robots\" content=\"index, follow, max-snippet:-1, max-image-preview:large, max-video-preview:-1\" \/>\n<link rel=\"canonical\" href=\"https:\/\/bolting.eu\/en\/shop\/petzl-djinn-steel\/\" \/>\n<meta property=\"og:locale\" content=\"en_US\" \/>\n<meta property=\"og:type\" content=\"article\" \/>\n<meta property=\"og:title\" content=\"Petzl Djinn Steel\" \/>\n<meta property=\"og:description\" content=\"PETZL DJINN STEEL Stahlkarabiner beim Kletterprofi kaufen \u2705 Trusted Shop \u2705 kostenloser Versand* \u2705 14 Tage R\u00fcckgaberecht \u2705 Co2 neutrale Zustellung\" \/>\n<meta property=\"og:url\" content=\"https:\/\/bolting.eu\/en\/shop\/petzl-djinn-steel\/\" \/>\n<meta property=\"og:site_name\" content=\"bolting.eu\" \/>\n<meta property=\"article:publisher\" content=\"https:\/\/www.facebook.com\/bolting.eu\" \/>\n<meta property=\"article:modified_time\" content=\"2026-01-21T15:16:07+00:00\" \/>\n<meta property=\"og:image\" content=\"https:\/\/bolting.eu\/wp-content\/uploads\/2022\/06\/Petzl-Djinn-Steel-1.jpg\" \/>\n\t<meta property=\"og:image:width\" content=\"700\" \/>\n\t<meta property=\"og:image:height\" content=\"700\" \/>\n\t<meta property=\"og:image:type\" content=\"image\/jpeg\" \/>\n<meta name=\"twitter:card\" content=\"summary_large_image\" \/>\n<meta name=\"twitter:label1\" content=\"Price\" \/>\n\t<meta name=\"twitter:data1\" content=\"&euro;&nbsp;7,90\" \/>\n\t<meta name=\"twitter:label2\" content=\"Availability\" \/>\n\t<meta name=\"twitter:data2\" content=\"In stock\" \/>\n<script type=\"application\/ld+json\" class=\"yoast-schema-graph\">{\"@context\":\"https:\/\/schema.org\",\"@graph\":[{\"@type\":[\"WebPage\",\"ItemPage\"],\"@id\":\"https:\/\/bolting.eu\/en\/shop\/petzl-djinn-steel\/\",\"url\":\"https:\/\/bolting.eu\/en\/shop\/petzl-djinn-steel\/\",\"name\":\"Petzl Djinn Steel - Stahlkarabiner f\u00fcr fixe Expressen | bolting.eu\",\"isPartOf\":{\"@id\":\"https:\/\/bolting.eu\/en\/#website\"},\"primaryImageOfPage\":{\"@id\":\"https:\/\/bolting.eu\/en\/shop\/petzl-djinn-steel\/#primaryimage\"},\"image\":{\"@id\":\"https:\/\/bolting.eu\/en\/shop\/petzl-djinn-steel\/#primaryimage\"},\"thumbnailUrl\":\"https:\/\/bolting.eu\/wp-content\/uploads\/2022\/06\/Petzl-Djinn-Steel-1.jpg\",\"datePublished\":\"2022-06-08T06:46:47+00:00\",\"dateModified\":\"2026-01-21T15:16:07+00:00\",\"description\":\"PETZL DJINN STEEL Stahlkarabiner beim Kletterprofi kaufen \u2705 Trusted Shop \u2705 kostenloser Versand* \u2705 14 Tage R\u00fcckgaberecht \u2705 Co2 neutrale Zustellung\",\"breadcrumb\":{\"@id\":\"https:\/\/bolting.eu\/en\/shop\/petzl-djinn-steel\/#breadcrumb\"},\"inLanguage\":\"en-US\",\"potentialAction\":[{\"@type\":\"ReadAction\",\"target\":[\"https:\/\/bolting.eu\/en\/shop\/petzl-djinn-steel\/\"]}]},{\"@type\":\"ImageObject\",\"inLanguage\":\"en-US\",\"@id\":\"https:\/\/bolting.eu\/en\/shop\/petzl-djinn-steel\/#primaryimage\",\"url\":\"https:\/\/bolting.eu\/wp-content\/uploads\/2022\/06\/Petzl-Djinn-Steel-1.jpg\",\"contentUrl\":\"https:\/\/bolting.eu\/wp-content\/uploads\/2022\/06\/Petzl-Djinn-Steel-1.jpg\",\"width\":700,\"height\":700,\"caption\":\"Das Bild zeigt den schwarzen Stahlkarabiner Petzl Djinn Steel mit goldenem Schnapper links.\"},{\"@type\":\"BreadcrumbList\",\"@id\":\"https:\/\/bolting.eu\/en\/shop\/petzl-djinn-steel\/#breadcrumb\",\"itemListElement\":[{\"@type\":\"ListItem\",\"position\":1,\"name\":\"Shop\",\"item\":\"https:\/\/bolting.eu\/en\/shop\/\"},{\"@type\":\"ListItem\",\"position\":2,\"name\":\"climbing equipment\",\"item\":\"https:\/\/bolting.eu\/en\/produkt-kategorie\/climbing-equipment\/\"},{\"@type\":\"ListItem\",\"position\":3,\"name\":\"Climbing carabiner\",\"item\":\"https:\/\/bolting.eu\/en\/produkt-kategorie\/climbing-carabiner\/\"},{\"@type\":\"ListItem\",\"position\":4,\"name\":\"Steel carabiner\",\"item\":\"https:\/\/bolting.eu\/en\/produkt-kategorie\/steel-carabiner\/\"},{\"@type\":\"ListItem\",\"position\":5,\"name\":\"Petzl Djinn Steel\"}]},{\"@type\":\"WebSite\",\"@id\":\"https:\/\/bolting.eu\/en\/#website\",\"url\":\"https:\/\/bolting.eu\/en\/\",\"name\":\"bolting.eu\",\"description\":\"we make climbs happen\",\"publisher\":{\"@id\":\"https:\/\/bolting.eu\/en\/#organization\"},\"potentialAction\":[{\"@type\":\"SearchAction\",\"target\":{\"@type\":\"EntryPoint\",\"urlTemplate\":\"https:\/\/bolting.eu\/en\/?s={search_term_string}\"},\"query-input\":{\"@type\":\"PropertyValueSpecification\",\"valueRequired\":true,\"valueName\":\"search_term_string\"}}],\"inLanguage\":\"en-US\"},{\"@type\":[\"Organization\",\"Place\",\"SportingGoodsStore\"],\"@id\":\"https:\/\/bolting.eu\/en\/#organization\",\"name\":\"bolting.eu\",\"url\":\"https:\/\/bolting.eu\/en\/\",\"logo\":{\"@id\":\"https:\/\/bolting.eu\/en\/shop\/petzl-djinn-steel\/#local-main-organization-logo\"},\"image\":{\"@id\":\"https:\/\/bolting.eu\/en\/shop\/petzl-djinn-steel\/#local-main-organization-logo\"},\"sameAs\":[\"https:\/\/www.facebook.com\/bolting.eu\",\"https:\/\/www.instagram.com\/bolting.eu\/\"],\"address\":{\"@id\":\"https:\/\/bolting.eu\/en\/shop\/petzl-djinn-steel\/#local-main-place-address\"},\"geo\":{\"@type\":\"GeoCoordinates\",\"latitude\":\"47.264176340396226\",\"longitude\":\"11.380109057672346\"},\"telephone\":[\"+43 699 19083372\"],\"openingHoursSpecification\":[{\"@type\":\"OpeningHoursSpecification\",\"dayOfWeek\":[\"Monday\",\"Wednesday\",\"Friday\"],\"opens\":\"14:00\",\"closes\":\"18:00\"},{\"@type\":\"OpeningHoursSpecification\",\"dayOfWeek\":[\"Tuesday\",\"Thursday\",\"Saturday\",\"Sunday\"],\"opens\":\"00:00\",\"closes\":\"00:00\"}],\"email\":\"office@bolting.eu\",\"vatID\":\"ATU59999728\",\"priceRange\":\"$$\",\"currenciesAccepted\":\"Euro\"},{\"@type\":\"PostalAddress\",\"@id\":\"https:\/\/bolting.eu\/en\/shop\/petzl-djinn-steel\/#local-main-place-address\",\"streetAddress\":\"Fischnalerstra\u00dfe 4\",\"addressLocality\":\"Innsbruck\",\"postalCode\":\"6020\",\"addressRegion\":\"Tirol\",\"addressCountry\":\"AT\"},{\"@type\":\"ImageObject\",\"inLanguage\":\"en-US\",\"@id\":\"https:\/\/bolting.eu\/en\/shop\/petzl-djinn-steel\/#local-main-organization-logo\",\"url\":\"https:\/\/bolting.eu\/wp-content\/uploads\/2019\/09\/bolting-logo.png\",\"contentUrl\":\"https:\/\/bolting.eu\/wp-content\/uploads\/2019\/09\/bolting-logo.png\",\"width\":400,\"height\":211,\"caption\":\"bolting.eu\"}]}<\/script>\n<meta property=\"product:price:amount\" content=\"7.90\" \/>\n<meta property=\"product:price:currency\" content=\"EUR\" \/>\n<meta property=\"og:availability\" content=\"instock\" \/>\n<meta property=\"product:availability\" content=\"instock\" \/>\n<meta property=\"product:retailer_item_id\" content=\"M60APSB\" \/>\n<meta property=\"product:condition\" content=\"new\" \/>\n<meta name=\"geo.placename\" content=\"Innsbruck\" \/>\n<meta name=\"geo.position\" content=\"47.264176340396226;11.380109057672346\" \/>\n<meta name=\"geo.region\" content=\"Austria\" \/>\n<!-- \/ Yoast SEO Premium plugin. -->","yoast_head_json":{"title":"Petzl Djinn Steel - Stahlkarabiner f\u00fcr fixe Expressen | bolting.eu","description":"PETZL DJINN STEEL Stahlkarabiner beim Kletterprofi kaufen \u2705 Trusted Shop \u2705 kostenloser Versand* \u2705 14 Tage R\u00fcckgaberecht \u2705 Co2 neutrale Zustellung","robots":{"index":"index","follow":"follow","max-snippet":"max-snippet:-1","max-image-preview":"max-image-preview:large","max-video-preview":"max-video-preview:-1"},"canonical":"https:\/\/bolting.eu\/en\/shop\/petzl-djinn-steel\/","og_locale":"en_US","og_type":"article","og_title":"Petzl Djinn Steel","og_description":"PETZL DJINN STEEL Stahlkarabiner beim Kletterprofi kaufen \u2705 Trusted Shop \u2705 kostenloser Versand* \u2705 14 Tage R\u00fcckgaberecht \u2705 Co2 neutrale Zustellung","og_url":"https:\/\/bolting.eu\/en\/shop\/petzl-djinn-steel\/","og_site_name":"bolting.eu","article_publisher":"https:\/\/www.facebook.com\/bolting.eu","article_modified_time":"2026-01-21T15:16:07+00:00","og_image":[{"width":700,"height":700,"url":"https:\/\/bolting.eu\/wp-content\/uploads\/2022\/06\/Petzl-Djinn-Steel-1.jpg","type":"image\/jpeg"}],"twitter_card":"summary_large_image","twitter_misc":{"Price":"&euro;&nbsp;7,90","Availability":"In stock"},"schema":{"@context":"https:\/\/schema.org","@graph":[{"@type":["WebPage","ItemPage"],"@id":"https:\/\/bolting.eu\/en\/shop\/petzl-djinn-steel\/","url":"https:\/\/bolting.eu\/en\/shop\/petzl-djinn-steel\/","name":"Petzl Djinn Steel - Stahlkarabiner f\u00fcr fixe Expressen | bolting.eu","isPartOf":{"@id":"https:\/\/bolting.eu\/en\/#website"},"primaryImageOfPage":{"@id":"https:\/\/bolting.eu\/en\/shop\/petzl-djinn-steel\/#primaryimage"},"image":{"@id":"https:\/\/bolting.eu\/en\/shop\/petzl-djinn-steel\/#primaryimage"},"thumbnailUrl":"https:\/\/bolting.eu\/wp-content\/uploads\/2022\/06\/Petzl-Djinn-Steel-1.jpg","datePublished":"2022-06-08T06:46:47+00:00","dateModified":"2026-01-21T15:16:07+00:00","description":"PETZL DJINN STEEL Stahlkarabiner beim Kletterprofi kaufen \u2705 Trusted Shop \u2705 kostenloser Versand* \u2705 14 Tage R\u00fcckgaberecht \u2705 Co2 neutrale Zustellung","breadcrumb":{"@id":"https:\/\/bolting.eu\/en\/shop\/petzl-djinn-steel\/#breadcrumb"},"inLanguage":"en-US","potentialAction":[{"@type":"ReadAction","target":["https:\/\/bolting.eu\/en\/shop\/petzl-djinn-steel\/"]}]},{"@type":"ImageObject","inLanguage":"en-US","@id":"https:\/\/bolting.eu\/en\/shop\/petzl-djinn-steel\/#primaryimage","url":"https:\/\/bolting.eu\/wp-content\/uploads\/2022\/06\/Petzl-Djinn-Steel-1.jpg","contentUrl":"https:\/\/bolting.eu\/wp-content\/uploads\/2022\/06\/Petzl-Djinn-Steel-1.jpg","width":700,"height":700,"caption":"Das Bild zeigt den schwarzen Stahlkarabiner Petzl Djinn Steel mit goldenem Schnapper links."},{"@type":"BreadcrumbList","@id":"https:\/\/bolting.eu\/en\/shop\/petzl-djinn-steel\/#breadcrumb","itemListElement":[{"@type":"ListItem","position":1,"name":"Shop","item":"https:\/\/bolting.eu\/en\/shop\/"},{"@type":"ListItem","position":2,"name":"climbing equipment","item":"https:\/\/bolting.eu\/en\/produkt-kategorie\/climbing-equipment\/"},{"@type":"ListItem","position":3,"name":"Climbing carabiner","item":"https:\/\/bolting.eu\/en\/produkt-kategorie\/climbing-carabiner\/"},{"@type":"ListItem","position":4,"name":"Steel carabiner","item":"https:\/\/bolting.eu\/en\/produkt-kategorie\/steel-carabiner\/"},{"@type":"ListItem","position":5,"name":"Petzl Djinn Steel"}]},{"@type":"WebSite","@id":"https:\/\/bolting.eu\/en\/#website","url":"https:\/\/bolting.eu\/en\/","name":"bolting.eu","description":"we make climbs happen","publisher":{"@id":"https:\/\/bolting.eu\/en\/#organization"},"potentialAction":[{"@type":"SearchAction","target":{"@type":"EntryPoint","urlTemplate":"https:\/\/bolting.eu\/en\/?s={search_term_string}"},"query-input":{"@type":"PropertyValueSpecification","valueRequired":true,"valueName":"search_term_string"}}],"inLanguage":"en-US"},{"@type":["Organization","Place","SportingGoodsStore"],"@id":"https:\/\/bolting.eu\/en\/#organization","name":"bolting.eu","url":"https:\/\/bolting.eu\/en\/","logo":{"@id":"https:\/\/bolting.eu\/en\/shop\/petzl-djinn-steel\/#local-main-organization-logo"},"image":{"@id":"https:\/\/bolting.eu\/en\/shop\/petzl-djinn-steel\/#local-main-organization-logo"},"sameAs":["https:\/\/www.facebook.com\/bolting.eu","https:\/\/www.instagram.com\/bolting.eu\/"],"address":{"@id":"https:\/\/bolting.eu\/en\/shop\/petzl-djinn-steel\/#local-main-place-address"},"geo":{"@type":"GeoCoordinates","latitude":"47.264176340396226","longitude":"11.380109057672346"},"telephone":["+43 699 19083372"],"openingHoursSpecification":[{"@type":"OpeningHoursSpecification","dayOfWeek":["Monday","Wednesday","Friday"],"opens":"14:00","closes":"18:00"},{"@type":"OpeningHoursSpecification","dayOfWeek":["Tuesday","Thursday","Saturday","Sunday"],"opens":"00:00","closes":"00:00"}],"email":"office@bolting.eu","vatID":"ATU59999728","priceRange":"$$","currenciesAccepted":"Euro"},{"@type":"PostalAddress","@id":"https:\/\/bolting.eu\/en\/shop\/petzl-djinn-steel\/#local-main-place-address","streetAddress":"Fischnalerstra\u00dfe 4","addressLocality":"Innsbruck","postalCode":"6020","addressRegion":"Tirol","addressCountry":"AT"},{"@type":"ImageObject","inLanguage":"en-US","@id":"https:\/\/bolting.eu\/en\/shop\/petzl-djinn-steel\/#local-main-organization-logo","url":"https:\/\/bolting.eu\/wp-content\/uploads\/2019\/09\/bolting-logo.png","contentUrl":"https:\/\/bolting.eu\/wp-content\/uploads\/2019\/09\/bolting-logo.png","width":400,"height":211,"caption":"bolting.eu"}]},"product_price_amount":"7.90","product_price_currency":"EUR","og_availability":"instock","product_availability":"instock","product_retailer_item_id":"M60APSB","product_condition":"new","geo.placename":"Innsbruck","geo.position":{"lat":"47.264176340396226","long":"11.380109057672346"},"geo.region":"Austria"},"_links":{"self":[{"href":"https:\/\/bolting.eu\/en\/wp-json\/wp\/v2\/product\/12061","targetHints":{"allow":["GET"]}}],"collection":[{"href":"https:\/\/bolting.eu\/en\/wp-json\/wp\/v2\/product"}],"about":[{"href":"https:\/\/bolting.eu\/en\/wp-json\/wp\/v2\/types\/product"}],"replies":[{"embeddable":true,"href":"https:\/\/bolting.eu\/en\/wp-json\/wp\/v2\/comments?post=12061"}],"wp:featuredmedia":[{"embeddable":true,"href":"https:\/\/bolting.eu\/en\/wp-json\/wp\/v2\/media\/12067"}],"wp:attachment":[{"href":"https:\/\/bolting.eu\/en\/wp-json\/wp\/v2\/media?parent=12061"}],"wp:term":[{"taxonomy":"product_brand","embeddable":true,"href":"https:\/\/bolting.eu\/en\/wp-json\/wp\/v2\/product_brand?post=12061"},{"taxonomy":"product_cat","embeddable":true,"href":"https:\/\/bolting.eu\/en\/wp-json\/wp\/v2\/product_cat?post=12061"},{"taxonomy":"product_tag","embeddable":true,"href":"https:\/\/bolting.eu\/en\/wp-json\/wp\/v2\/product_tag?post=12061"}],"curies":[{"name":"wp","href":"https:\/\/api.w.org\/{rel}","templated":true}]}}