{"id":12028,"date":"2022-06-01T11:41:30","date_gmt":"2022-06-01T09:41:30","guid":{"rendered":"https:\/\/bolting.eu\/?post_type=product&#038;p=12028"},"modified":"2025-09-14T13:48:37","modified_gmt":"2025-09-14T11:48:37","slug":"maillon-rapide-10mm","status":"publish","type":"product","link":"https:\/\/bolting.eu\/en\/shop\/maillon-rapide-10mm\/","title":{"rendered":"Maillon Rapide 10mm"},"content":{"rendered":"<p>Das Maillon Rapide 10mm ist ein unglaublich starkes <a href=\"https:\/\/bolting.eu\/produkt-kategorie\/einbohrartikel\/schraubglied-rapidglied\/\">Schraubglied<\/a>. Denn es hat in L\u00e4ngsrichtung eine Bruchlast von 90kN (!!!). D.h. man hat es hier mit einem extrem belastbarem Produkt zu tun, das f\u00fcr schwerste Lasten geeignet ist. Wie z.B. bei Hebe-Lasten in der Forstwirtschaft, Bauwirtschaft oder bei Bergrettungseins\u00e4tzen wo es eine deutliche \u00dcbersicherung braucht.<\/p>\n<p>Das Schraubglied besteht aus AISI 316L Edelstahl und ist sowohl somit mit allen g\u00e4ngigen <a href=\"https:\/\/bolting.eu\/produkt-kategorie\/einbohrartikel\/bohrhakenlasche\/\">Bohrhakenlaschen<\/a>, <a href=\"https:\/\/bolting.eu\/produkt-kategorie\/einbohrartikel\/klebehaken-buehlerhaken\/\">Klebehaken<\/a> und Kettenst\u00e4nden kompatibel, als auch mit <a href=\"https:\/\/bolting.eu\/produkt-kategorie\/kletterausruestung\/kletterkarabiner\/stahlkarabiner\/\">Stahlkarabinern<\/a> aus Edelstahl.<\/p>\n<p>Fazit: Wer ein extrem belastbares Schraubglied braucht, der ist hier richtig!<\/p>\n<h2>Eigenschaften Maillon Rapide 10mm<\/h2>\n<ul>\n<li>Material: AISI 316L Edelstahl<\/li>\n<li>Durchmesser: 10mm<\/li>\n<li>Innenradius: 21mm<\/li>\n<li>Schnapper\u00f6ffnung: 12mm<\/li>\n<li>Au\u00dfenma\u00dfe: 89 x 46mm<\/li>\n<li>Bruchlasten: 90 kN L\u00e4ngsbelastung \/ 10 kN Querbelastung<\/li>\n<li><a href=\"https:\/\/bolting.eu\/en-12275-norm\/\">EN Norm 12275<\/a> bzw. <a href=\"https:\/\/bolting.eu\/en-362-norm\/\">EN Norm 362<\/a><\/li>\n<li>Gewicht: 149 Gramm<\/li>\n<\/ul>\n<h3>Auf Galvanische Korrosion achten!<\/h3>\n<p>Wer das Maillon Rapide 10mm fix installiert, sollte auf gleichbleibende Stahlqualit\u00e4t achten. D.h. das Schraubglied sollte nur in Edelstahl Fixpunkten installiert werden. Ansonsten gibt es galvanische Korrosion.<\/p>\n<p>Das ist dir kein Begriff? Dann lies dir unseren Fachbeitrag &#8220;<a href=\"https:\/\/bolting.eu\/galvanische-korrosion-bei-bohrhaken\/\">Galvanische Korrosion bei Bohrhaken und Klebehaken<\/a>&#8221; im Einbohr Blog durch.<\/p>\n<h3>Maillon Rapide 10mm &#8211; nicht zu fest verschlie\u00dfen<\/h3>\n<p>Wer dieses Rapidglied verwendet, sollte es ja nicht mit gro\u00dfem Drehmoment zudrehen. Denn wenn eine entsprechend gro\u00dfe Last das Produkt durchbiegt, ist es danach so gut wie nicht mehr zu \u00f6ffnen.<\/p>\n<p>Am besten mit der Hand normal zudrehen, fertig!<br \/>\nSo ist ein leichtes \u00d6ffnen locker wieder m\u00f6glich.<\/p>\n<h3>Alternative 7mm Modell<\/h3>\n<p>Wem das Maillon Rapide 10mm zu gro\u00df und stark ist, der sollte das <a href=\"https:\/\/bolting.eu\/shop\/maillon-rapid-edelstahl\/\">7mm Rapidglied aus Edelstahl<\/a> kaufen. Es ist deutlich leichter und kleiner, zudem ist es nat\u00fcrlich auch billiger.<\/p>\n<p>Es kann perfekt f\u00fcr die Sanierung von <a href=\"https:\/\/bolting.eu\/produkt-kategorie\/einbohrartikel\/umlenker-kettenstand\/\">Umlenkern &#8211; Kettenst\u00e4nden<\/a> bzw. den Einbau von <a href=\"https:\/\/bolting.eu\/produkt-kategorie\/einbohrartikel\/stahlketten-meterware\/\">Stahlketten<\/a> verwendet werden.<\/p>\n","protected":false},"excerpt":{"rendered":"<p>Extrem starkes Schraubglied aus Edelstahl mit 90 kN (!!!) Bruchlast in L\u00e4ngsrichtung. Gemacht f\u00fcr extremste Lasten!<\/p>\n<p>Original Rapid Glied vom Hersteller Peguet!<\/p>\n","protected":false},"featured_media":12030,"comment_status":"open","ping_status":"closed","template":"","meta":[],"product_brand":[],"product_cat":[52,1210],"product_tag":[],"class_list":{"0":"post-12028","1":"product","2":"type-product","3":"status-publish","4":"has-post-thumbnail","6":"product_cat-schraubglied-rapidglied","7":"product_cat-einbohrartikel","9":"first","10":"instock","11":"sale","12":"taxable","13":"shipping-taxable","14":"purchasable","15":"product-type-simple"},"yoast_head":"<!-- This site is optimized with the Yoast SEO Premium plugin v26.9 (Yoast SEO v26.9) - https:\/\/yoast.com\/product\/yoast-seo-premium-wordpress\/ -->\n<title>Maillon Rapide 10mm - AISI 316L - Bruchlast 90 kN | bolting.eu<\/title>\n<meta name=\"description\" content=\"Hier findest Du das MAILLON RAPIDE 10MM Schraubglied. Das Original von Peguet aus Edelstahl und 90 kN Bruchlast f\u00fcr schwerste Lasten.\" \/>\n<meta name=\"robots\" content=\"index, follow, max-snippet:-1, max-image-preview:large, max-video-preview:-1\" \/>\n<link rel=\"canonical\" href=\"https:\/\/bolting.eu\/en\/shop\/maillon-rapide-10mm\/\" \/>\n<meta property=\"og:locale\" content=\"en_US\" \/>\n<meta property=\"og:type\" content=\"article\" \/>\n<meta property=\"og:title\" content=\"Maillon Rapide 10mm\" \/>\n<meta property=\"og:description\" content=\"Hier findest Du das MAILLON RAPIDE 10MM Schraubglied. Das Original von Peguet aus Edelstahl und 90 kN Bruchlast f\u00fcr schwerste Lasten.\" \/>\n<meta property=\"og:url\" content=\"https:\/\/bolting.eu\/en\/shop\/maillon-rapide-10mm\/\" \/>\n<meta property=\"og:site_name\" content=\"bolting.eu\" \/>\n<meta property=\"article:publisher\" content=\"https:\/\/www.facebook.com\/bolting.eu\" \/>\n<meta property=\"article:modified_time\" content=\"2025-09-14T11:48:37+00:00\" \/>\n<meta property=\"og:image\" content=\"https:\/\/bolting.eu\/wp-content\/uploads\/2022\/06\/Maillon-Rapide-10mm-1.jpg\" \/>\n\t<meta property=\"og:image:width\" content=\"700\" \/>\n\t<meta property=\"og:image:height\" content=\"700\" \/>\n\t<meta property=\"og:image:type\" content=\"image\/jpeg\" \/>\n<meta name=\"twitter:card\" content=\"summary_large_image\" \/>\n<meta name=\"twitter:label1\" content=\"Price\" \/>\n\t<meta name=\"twitter:data1\" content=\"&euro;&nbsp;25,00\" \/>\n\t<meta name=\"twitter:label2\" content=\"Availability\" \/>\n\t<meta name=\"twitter:data2\" content=\"In stock\" \/>\n<script type=\"application\/ld+json\" class=\"yoast-schema-graph\">{\"@context\":\"https:\/\/schema.org\",\"@graph\":[{\"@type\":[\"WebPage\",\"ItemPage\"],\"@id\":\"https:\/\/bolting.eu\/en\/shop\/maillon-rapide-10mm\/\",\"url\":\"https:\/\/bolting.eu\/en\/shop\/maillon-rapide-10mm\/\",\"name\":\"Maillon Rapide 10mm - AISI 316L - Bruchlast 90 kN | bolting.eu\",\"isPartOf\":{\"@id\":\"https:\/\/bolting.eu\/en\/#website\"},\"primaryImageOfPage\":{\"@id\":\"https:\/\/bolting.eu\/en\/shop\/maillon-rapide-10mm\/#primaryimage\"},\"image\":{\"@id\":\"https:\/\/bolting.eu\/en\/shop\/maillon-rapide-10mm\/#primaryimage\"},\"thumbnailUrl\":\"https:\/\/bolting.eu\/wp-content\/uploads\/2022\/06\/Maillon-Rapide-10mm-1.jpg\",\"datePublished\":\"2022-06-01T09:41:30+00:00\",\"dateModified\":\"2025-09-14T11:48:37+00:00\",\"description\":\"Hier findest Du das MAILLON RAPIDE 10MM Schraubglied. Das Original von Peguet aus Edelstahl und 90 kN Bruchlast f\u00fcr schwerste Lasten.\",\"breadcrumb\":{\"@id\":\"https:\/\/bolting.eu\/en\/shop\/maillon-rapide-10mm\/#breadcrumb\"},\"inLanguage\":\"en-US\",\"potentialAction\":[{\"@type\":\"ReadAction\",\"target\":[\"https:\/\/bolting.eu\/en\/shop\/maillon-rapide-10mm\/\"]}]},{\"@type\":\"ImageObject\",\"inLanguage\":\"en-US\",\"@id\":\"https:\/\/bolting.eu\/en\/shop\/maillon-rapide-10mm\/#primaryimage\",\"url\":\"https:\/\/bolting.eu\/wp-content\/uploads\/2022\/06\/Maillon-Rapide-10mm-1.jpg\",\"contentUrl\":\"https:\/\/bolting.eu\/wp-content\/uploads\/2022\/06\/Maillon-Rapide-10mm-1.jpg\",\"width\":700,\"height\":700,\"caption\":\"Das Bild zeigt ein silbernes Maillon Papide 10mm Schraubglied in einem wei\u00dfem Quadrat. Die Schraub\u00f6ffnung ist rechts.\"},{\"@type\":\"BreadcrumbList\",\"@id\":\"https:\/\/bolting.eu\/en\/shop\/maillon-rapide-10mm\/#breadcrumb\",\"itemListElement\":[{\"@type\":\"ListItem\",\"position\":1,\"name\":\"Shop\",\"item\":\"https:\/\/bolting.eu\/en\/shop\/\"},{\"@type\":\"ListItem\",\"position\":2,\"name\":\"bolting products\",\"item\":\"https:\/\/bolting.eu\/en\/produkt-kategorie\/bolting-products\/\"},{\"@type\":\"ListItem\",\"position\":3,\"name\":\"screw link - quick link\",\"item\":\"https:\/\/bolting.eu\/en\/produkt-kategorie\/screw-link-quick-link\/\"},{\"@type\":\"ListItem\",\"position\":4,\"name\":\"Maillon Rapide 10mm\"}]},{\"@type\":\"WebSite\",\"@id\":\"https:\/\/bolting.eu\/en\/#website\",\"url\":\"https:\/\/bolting.eu\/en\/\",\"name\":\"bolting.eu\",\"description\":\"we make climbs happen\",\"publisher\":{\"@id\":\"https:\/\/bolting.eu\/en\/#organization\"},\"potentialAction\":[{\"@type\":\"SearchAction\",\"target\":{\"@type\":\"EntryPoint\",\"urlTemplate\":\"https:\/\/bolting.eu\/en\/?s={search_term_string}\"},\"query-input\":{\"@type\":\"PropertyValueSpecification\",\"valueRequired\":true,\"valueName\":\"search_term_string\"}}],\"inLanguage\":\"en-US\"},{\"@type\":[\"Organization\",\"Place\",\"SportingGoodsStore\"],\"@id\":\"https:\/\/bolting.eu\/en\/#organization\",\"name\":\"bolting.eu\",\"url\":\"https:\/\/bolting.eu\/en\/\",\"logo\":{\"@id\":\"https:\/\/bolting.eu\/en\/shop\/maillon-rapide-10mm\/#local-main-organization-logo\"},\"image\":{\"@id\":\"https:\/\/bolting.eu\/en\/shop\/maillon-rapide-10mm\/#local-main-organization-logo\"},\"sameAs\":[\"https:\/\/www.facebook.com\/bolting.eu\",\"https:\/\/www.instagram.com\/bolting.eu\/\"],\"address\":{\"@id\":\"https:\/\/bolting.eu\/en\/shop\/maillon-rapide-10mm\/#local-main-place-address\"},\"geo\":{\"@type\":\"GeoCoordinates\",\"latitude\":\"47.264176340396226\",\"longitude\":\"11.380109057672346\"},\"telephone\":[\"+43 699 19083372\"],\"openingHoursSpecification\":[{\"@type\":\"OpeningHoursSpecification\",\"dayOfWeek\":[\"Monday\",\"Wednesday\",\"Friday\"],\"opens\":\"14:00\",\"closes\":\"18:00\"},{\"@type\":\"OpeningHoursSpecification\",\"dayOfWeek\":[\"Tuesday\",\"Thursday\",\"Saturday\",\"Sunday\"],\"opens\":\"00:00\",\"closes\":\"00:00\"}],\"email\":\"office@bolting.eu\",\"vatID\":\"ATU59999728\",\"priceRange\":\"$$\",\"currenciesAccepted\":\"Euro\"},{\"@type\":\"PostalAddress\",\"@id\":\"https:\/\/bolting.eu\/en\/shop\/maillon-rapide-10mm\/#local-main-place-address\",\"streetAddress\":\"Fischnalerstra\u00dfe 4\",\"addressLocality\":\"Innsbruck\",\"postalCode\":\"6020\",\"addressRegion\":\"Tirol\",\"addressCountry\":\"AT\"},{\"@type\":\"ImageObject\",\"inLanguage\":\"en-US\",\"@id\":\"https:\/\/bolting.eu\/en\/shop\/maillon-rapide-10mm\/#local-main-organization-logo\",\"url\":\"https:\/\/bolting.eu\/wp-content\/uploads\/2019\/09\/bolting-logo.png\",\"contentUrl\":\"https:\/\/bolting.eu\/wp-content\/uploads\/2019\/09\/bolting-logo.png\",\"width\":400,\"height\":211,\"caption\":\"bolting.eu\"}]}<\/script>\n<meta property=\"product:price:amount\" content=\"25.00\" \/>\n<meta property=\"product:price:currency\" content=\"EUR\" \/>\n<meta property=\"og:availability\" content=\"instock\" \/>\n<meta property=\"product:availability\" content=\"instock\" \/>\n<meta property=\"product:retailer_item_id\" content=\"RG10I\" \/>\n<meta property=\"product:condition\" content=\"new\" \/>\n<meta name=\"geo.placename\" content=\"Innsbruck\" \/>\n<meta name=\"geo.position\" content=\"47.264176340396226;11.380109057672346\" \/>\n<meta name=\"geo.region\" content=\"Austria\" \/>\n<!-- \/ Yoast SEO Premium plugin. -->","yoast_head_json":{"title":"Maillon Rapide 10mm - AISI 316L - Bruchlast 90 kN | bolting.eu","description":"Hier findest Du das MAILLON RAPIDE 10MM Schraubglied. Das Original von Peguet aus Edelstahl und 90 kN Bruchlast f\u00fcr schwerste Lasten.","robots":{"index":"index","follow":"follow","max-snippet":"max-snippet:-1","max-image-preview":"max-image-preview:large","max-video-preview":"max-video-preview:-1"},"canonical":"https:\/\/bolting.eu\/en\/shop\/maillon-rapide-10mm\/","og_locale":"en_US","og_type":"article","og_title":"Maillon Rapide 10mm","og_description":"Hier findest Du das MAILLON RAPIDE 10MM Schraubglied. Das Original von Peguet aus Edelstahl und 90 kN Bruchlast f\u00fcr schwerste Lasten.","og_url":"https:\/\/bolting.eu\/en\/shop\/maillon-rapide-10mm\/","og_site_name":"bolting.eu","article_publisher":"https:\/\/www.facebook.com\/bolting.eu","article_modified_time":"2025-09-14T11:48:37+00:00","og_image":[{"width":700,"height":700,"url":"https:\/\/bolting.eu\/wp-content\/uploads\/2022\/06\/Maillon-Rapide-10mm-1.jpg","type":"image\/jpeg"}],"twitter_card":"summary_large_image","twitter_misc":{"Price":"&euro;&nbsp;25,00","Availability":"In stock"},"schema":{"@context":"https:\/\/schema.org","@graph":[{"@type":["WebPage","ItemPage"],"@id":"https:\/\/bolting.eu\/en\/shop\/maillon-rapide-10mm\/","url":"https:\/\/bolting.eu\/en\/shop\/maillon-rapide-10mm\/","name":"Maillon Rapide 10mm - AISI 316L - Bruchlast 90 kN | bolting.eu","isPartOf":{"@id":"https:\/\/bolting.eu\/en\/#website"},"primaryImageOfPage":{"@id":"https:\/\/bolting.eu\/en\/shop\/maillon-rapide-10mm\/#primaryimage"},"image":{"@id":"https:\/\/bolting.eu\/en\/shop\/maillon-rapide-10mm\/#primaryimage"},"thumbnailUrl":"https:\/\/bolting.eu\/wp-content\/uploads\/2022\/06\/Maillon-Rapide-10mm-1.jpg","datePublished":"2022-06-01T09:41:30+00:00","dateModified":"2025-09-14T11:48:37+00:00","description":"Hier findest Du das MAILLON RAPIDE 10MM Schraubglied. Das Original von Peguet aus Edelstahl und 90 kN Bruchlast f\u00fcr schwerste Lasten.","breadcrumb":{"@id":"https:\/\/bolting.eu\/en\/shop\/maillon-rapide-10mm\/#breadcrumb"},"inLanguage":"en-US","potentialAction":[{"@type":"ReadAction","target":["https:\/\/bolting.eu\/en\/shop\/maillon-rapide-10mm\/"]}]},{"@type":"ImageObject","inLanguage":"en-US","@id":"https:\/\/bolting.eu\/en\/shop\/maillon-rapide-10mm\/#primaryimage","url":"https:\/\/bolting.eu\/wp-content\/uploads\/2022\/06\/Maillon-Rapide-10mm-1.jpg","contentUrl":"https:\/\/bolting.eu\/wp-content\/uploads\/2022\/06\/Maillon-Rapide-10mm-1.jpg","width":700,"height":700,"caption":"Das Bild zeigt ein silbernes Maillon Papide 10mm Schraubglied in einem wei\u00dfem Quadrat. Die Schraub\u00f6ffnung ist rechts."},{"@type":"BreadcrumbList","@id":"https:\/\/bolting.eu\/en\/shop\/maillon-rapide-10mm\/#breadcrumb","itemListElement":[{"@type":"ListItem","position":1,"name":"Shop","item":"https:\/\/bolting.eu\/en\/shop\/"},{"@type":"ListItem","position":2,"name":"bolting products","item":"https:\/\/bolting.eu\/en\/produkt-kategorie\/bolting-products\/"},{"@type":"ListItem","position":3,"name":"screw link - quick link","item":"https:\/\/bolting.eu\/en\/produkt-kategorie\/screw-link-quick-link\/"},{"@type":"ListItem","position":4,"name":"Maillon Rapide 10mm"}]},{"@type":"WebSite","@id":"https:\/\/bolting.eu\/en\/#website","url":"https:\/\/bolting.eu\/en\/","name":"bolting.eu","description":"we make climbs happen","publisher":{"@id":"https:\/\/bolting.eu\/en\/#organization"},"potentialAction":[{"@type":"SearchAction","target":{"@type":"EntryPoint","urlTemplate":"https:\/\/bolting.eu\/en\/?s={search_term_string}"},"query-input":{"@type":"PropertyValueSpecification","valueRequired":true,"valueName":"search_term_string"}}],"inLanguage":"en-US"},{"@type":["Organization","Place","SportingGoodsStore"],"@id":"https:\/\/bolting.eu\/en\/#organization","name":"bolting.eu","url":"https:\/\/bolting.eu\/en\/","logo":{"@id":"https:\/\/bolting.eu\/en\/shop\/maillon-rapide-10mm\/#local-main-organization-logo"},"image":{"@id":"https:\/\/bolting.eu\/en\/shop\/maillon-rapide-10mm\/#local-main-organization-logo"},"sameAs":["https:\/\/www.facebook.com\/bolting.eu","https:\/\/www.instagram.com\/bolting.eu\/"],"address":{"@id":"https:\/\/bolting.eu\/en\/shop\/maillon-rapide-10mm\/#local-main-place-address"},"geo":{"@type":"GeoCoordinates","latitude":"47.264176340396226","longitude":"11.380109057672346"},"telephone":["+43 699 19083372"],"openingHoursSpecification":[{"@type":"OpeningHoursSpecification","dayOfWeek":["Monday","Wednesday","Friday"],"opens":"14:00","closes":"18:00"},{"@type":"OpeningHoursSpecification","dayOfWeek":["Tuesday","Thursday","Saturday","Sunday"],"opens":"00:00","closes":"00:00"}],"email":"office@bolting.eu","vatID":"ATU59999728","priceRange":"$$","currenciesAccepted":"Euro"},{"@type":"PostalAddress","@id":"https:\/\/bolting.eu\/en\/shop\/maillon-rapide-10mm\/#local-main-place-address","streetAddress":"Fischnalerstra\u00dfe 4","addressLocality":"Innsbruck","postalCode":"6020","addressRegion":"Tirol","addressCountry":"AT"},{"@type":"ImageObject","inLanguage":"en-US","@id":"https:\/\/bolting.eu\/en\/shop\/maillon-rapide-10mm\/#local-main-organization-logo","url":"https:\/\/bolting.eu\/wp-content\/uploads\/2019\/09\/bolting-logo.png","contentUrl":"https:\/\/bolting.eu\/wp-content\/uploads\/2019\/09\/bolting-logo.png","width":400,"height":211,"caption":"bolting.eu"}]},"product_price_amount":"25.00","product_price_currency":"EUR","og_availability":"instock","product_availability":"instock","product_retailer_item_id":"RG10I","product_condition":"new","geo.placename":"Innsbruck","geo.position":{"lat":"47.264176340396226","long":"11.380109057672346"},"geo.region":"Austria"},"_links":{"self":[{"href":"https:\/\/bolting.eu\/en\/wp-json\/wp\/v2\/product\/12028","targetHints":{"allow":["GET"]}}],"collection":[{"href":"https:\/\/bolting.eu\/en\/wp-json\/wp\/v2\/product"}],"about":[{"href":"https:\/\/bolting.eu\/en\/wp-json\/wp\/v2\/types\/product"}],"replies":[{"embeddable":true,"href":"https:\/\/bolting.eu\/en\/wp-json\/wp\/v2\/comments?post=12028"}],"wp:featuredmedia":[{"embeddable":true,"href":"https:\/\/bolting.eu\/en\/wp-json\/wp\/v2\/media\/12030"}],"wp:attachment":[{"href":"https:\/\/bolting.eu\/en\/wp-json\/wp\/v2\/media?parent=12028"}],"wp:term":[{"taxonomy":"product_brand","embeddable":true,"href":"https:\/\/bolting.eu\/en\/wp-json\/wp\/v2\/product_brand?post=12028"},{"taxonomy":"product_cat","embeddable":true,"href":"https:\/\/bolting.eu\/en\/wp-json\/wp\/v2\/product_cat?post=12028"},{"taxonomy":"product_tag","embeddable":true,"href":"https:\/\/bolting.eu\/en\/wp-json\/wp\/v2\/product_tag?post=12028"}],"curies":[{"name":"wp","href":"https:\/\/api.w.org\/{rel}","templated":true}]}}