{"id":12003,"date":"2022-05-31T10:23:32","date_gmt":"2022-05-31T08:23:32","guid":{"rendered":"https:\/\/bolting.eu\/?post_type=product&#038;p=12003"},"modified":"2025-07-07T13:30:01","modified_gmt":"2025-07-07T11:30:01","slug":"fixe-draco-umlenkkarabiner-edelstahl","status":"publish","type":"product","link":"https:\/\/bolting.eu\/en\/shop\/fixe-draco-umlenkkarabiner-edelstahl\/","title":{"rendered":"Fixe Draco Umlenkkarabiner Edelstahl"},"content":{"rendered":"<p>Der Fixe Draco Umlenkkarabiner Edelstahl ist ein Stahlkarabiner speziell f\u00fcr Kletterg\u00e4rten. Denn dieses Produkt hat eine fixe \u00d6se am oberen Ende f\u00fcr die Installation mit einem <a href=\"https:\/\/bolting.eu\/produkt-kategorie\/einbohrartikel\/schraubglied-rapidglied\/\">Schraubglied<\/a>.<\/p>\n<p>Folglich kann man den Draco sowohl direkt in eine <a href=\"https:\/\/bolting.eu\/produkt-kategorie\/einbohrartikel\/bohrhakenlasche\/\">Bohrhakenlasche<\/a> bzw. <a href=\"https:\/\/bolting.eu\/produkt-kategorie\/einbohrartikel\/klebehaken-buehlerhaken\/\">Klebehaken<\/a> montieren. Er steht dann 90\u00b0 zu Felsoberfl\u00e4che, was ein ideales Durchlaufen des Kletterseiles erm\u00f6glicht. Zudem lassen sich diese Umlenkkarabiner sp\u00e4ter leicht tauschen.<\/p>\n<p>In am Fels aufliegende Ringe ist eine Installation jedoch nicht empfehlenswert, da der Karabiner dann flach aufliegen w\u00fcrde.<\/p>\n<p>Bei uns bekommt ihr diesen Karabiner in zwei Varianten. Zum einen als Schnappkarabiner und zum anderen als super safen Schrauber.<\/p>\n<p>Weil dieses Produkt aus AISI 316L Edelstahl besteht, ist es perfekt f\u00fcr die Montage im Outdoor Bereich!<\/p>\n<h2>Eigenschaften Fixe Draco Umlenkkarabiner Edelstahl<\/h2>\n<ul>\n<li>Hersteller: <a href=\"https:\/\/bolting.eu\/produkt-kategorie\/fixe-climbing\/\">Fixe Climbing<\/a><\/li>\n<li>Material: AISI 316L Edelstahl<\/li>\n<li>Ma\u00dfe: 123 x 70mm<\/li>\n<li>Verschluss Varianten: Keylock und Schraubverschluss<\/li>\n<li>Gewicht: 237 Gramm bzw. 247 Gramm<\/li>\n<li>Weite Schnapper\u00f6ffnung: 22mm<\/li>\n<li>Normen: <a href=\"https:\/\/bolting.eu\/en-12275-norm\/\">EN 12275<\/a><\/li>\n<li>Bruchlast geschlossen \/ offen: 25kN \/ 20kN<\/li>\n<li><strong>Montage nur mit <a href=\"https:\/\/bolting.eu\/shop\/schraubglied-edelstahl-8mm\/\">Edelstahl Schraubglied<\/a><\/strong><\/li>\n<li>besonders dicker Scheitel f\u00fcr lange Lebensdauer<\/li>\n<li>ideal f\u00fcr <strong>den Outdoor Bereich<\/strong><\/li>\n<li><strong>Sonderpreise f\u00fcr Gro\u00dfmengen auf Anfrage!<\/strong><\/li>\n<\/ul>\n<h3>Fixe Draco Umlenkkarabiner Edelstahl<\/h3>\n<p>Dieser Stahlkarabiner ist spezifisch f\u00fcr die Verwendung als Umlenker designed worden. Denn er hat einen besonders dicken Scheitel.<\/p>\n<p>D.h. der Karabiner hat sehr viel &#8220;Fleisch&#8221; um abgerieben zu werden. Genau genommen sind es ganze 17mm.<\/p>\n<p>Des weiteren ist der Edelstahl sehr hart und somit abrieb resistent. Abschlie\u00dfend sorgt die Installation mit einem Schraubglied daf\u00fcr, dass der Karabiner 90\u00b0 zum Fels steht. Somit kann das Seil sch\u00f6n freiliegend durchlaufen.<\/p>\n<h3>Installation mit Schraubglied<\/h3>\n<figure id=\"attachment_3746\" aria-describedby=\"caption-attachment-3746\" style=\"width: 200px\" class=\"wp-caption alignleft\"><a href=\"https:\/\/bolting.eu\/wp-content\/uploads\/2020\/05\/Rapidglied-Edelstahl-10mm.jpg\"><img loading=\"lazy\" decoding=\"async\" class=\"wp-image-3746\" src=\"https:\/\/bolting.eu\/wp-content\/uploads\/2020\/05\/Rapidglied-Edelstahl-10mm.jpg\" alt=\"das Bild zeigt ein Rapidglied Edelstahl 10mm. Es steht aufrecht inBildmitte mit dem Gewinde nach rechts.\" width=\"200\" height=\"200\" srcset=\"https:\/\/bolting.eu\/wp-content\/uploads\/2020\/05\/Rapidglied-Edelstahl-10mm.jpg 700w, https:\/\/bolting.eu\/wp-content\/uploads\/2020\/05\/Rapidglied-Edelstahl-10mm-247x247.jpg 247w, https:\/\/bolting.eu\/wp-content\/uploads\/2020\/05\/Rapidglied-Edelstahl-10mm-100x100.jpg 100w, https:\/\/bolting.eu\/wp-content\/uploads\/2020\/05\/Rapidglied-Edelstahl-10mm-510x510.jpg 510w, https:\/\/bolting.eu\/wp-content\/uploads\/2020\/05\/Rapidglied-Edelstahl-10mm-400x400.jpg 400w, https:\/\/bolting.eu\/wp-content\/uploads\/2020\/05\/Rapidglied-Edelstahl-10mm-280x280.jpg 280w, https:\/\/bolting.eu\/wp-content\/uploads\/2020\/05\/Rapidglied-Edelstahl-10mm-300x300.jpg 300w, https:\/\/bolting.eu\/wp-content\/uploads\/2020\/05\/Rapidglied-Edelstahl-10mm-600x600.jpg 600w\" sizes=\"auto, (max-width: 200px) 100vw, 200px\" \/><\/a><figcaption id=\"caption-attachment-3746\" class=\"wp-caption-text\">Der Draco l\u00e4sst sich ausschlie\u00dflich mit einem Schraubglied installieren.<\/figcaption><\/figure>\n<p>Verwendet f\u00fcr die Installation des Fixe Draco Umlenkkarabiner Edelstahl ausschlie\u00dflich ebenfalls Edelstahl Schraubglieder. Denn ansonsten gibt es galvanische Korrosion!<\/p>\n<p>Dieses elektrochemische Prinzip sagt dir nichts?<\/p>\n<p>Dann lies dir doch unseren Fachbeitrag &#8220;<a href=\"https:\/\/bolting.eu\/galvanische-korrosion-bei-bohrhaken\/\">galvanische Korrosion bei Bohrhaken<\/a>&#8221; in unserem <a href=\"https:\/\/bolting.eu\/einbohr-blog\/\">Einbohr Blog<\/a> durch.<\/p>\n","protected":false},"excerpt":{"rendered":"<p>Extrem abriebfester und langlebiger Umlenkkarabiner aus Edelstahl f\u00fcr den Outdoor Bereich. Erh\u00e4ltlich als Schnapper oder Schrauber.<\/p>\n<p>F\u00fcr die Installation ben\u00f6tigt man ein Schraubglied, damit das Kletterseil freiliegend durch den Karabiner l\u00e4uft!<\/p>\n<div class=\"product-short-description\">\n<p>Versandkostenfrei bis 2kg in <img decoding=\"async\" class=\"emoji\" role=\"img\" draggable=\"false\" src=\"https:\/\/s.w.org\/images\/core\/emoji\/13.1.0\/svg\/1f1e6-1f1f9.svg\" alt=\"\ud83c\udde6\ud83c\uddf9\" \/> ab \u20ac 100,- und <img decoding=\"async\" class=\"emoji\" role=\"img\" draggable=\"false\" src=\"https:\/\/s.w.org\/images\/core\/emoji\/13.1.0\/svg\/1f1e9-1f1ea.svg\" alt=\"\ud83c\udde9\ud83c\uddea\" \/> ab \u20ac 200,-!<\/p>\n<\/div>\n","protected":false},"featured_media":12001,"comment_status":"open","ping_status":"closed","template":"","meta":[],"product_brand":[],"product_cat":[1210,3003,4665,29,44,58],"product_tag":[],"class_list":{"0":"post-12003","1":"product","2":"type-product","3":"status-publish","4":"has-post-thumbnail","6":"product_cat-einbohrartikel","7":"product_cat-stahlkarabiner","8":"product_cat-fixe-climbing","9":"product_cat-kletterausruestung","10":"product_cat-kletterkarabiner","11":"product_cat-umlenker-kettenstand","13":"first","14":"instock","15":"sale","16":"taxable","17":"shipping-taxable","18":"purchasable","19":"product-type-variable"},"yoast_head":"<!-- This site is optimized with the Yoast SEO Premium plugin v26.9 (Yoast SEO v26.9) - https:\/\/yoast.com\/product\/yoast-seo-premium-wordpress\/ -->\n<title>Fixe Draco Umlenkkarabiner Edelstahl | bolting.eu<\/title>\n<meta name=\"description\" content=\"Hier gibt\u00b4s den FIXE DRACO UMLENKKARABINER EDELSTAHL. Einen abriebfesten Karabiner f\u00fcr den Outdoor Bereich als Schnapper oder Schrauber!\" \/>\n<meta name=\"robots\" content=\"index, follow, max-snippet:-1, max-image-preview:large, max-video-preview:-1\" \/>\n<link rel=\"canonical\" href=\"https:\/\/bolting.eu\/en\/shop\/fixe-draco-umlenkkarabiner-edelstahl\/\" \/>\n<meta property=\"og:locale\" content=\"en_US\" \/>\n<meta property=\"og:type\" content=\"article\" \/>\n<meta property=\"og:title\" content=\"Fixe Draco Umlenkkarabiner Edelstahl\" \/>\n<meta property=\"og:description\" content=\"Hier gibt\u00b4s den FIXE DRACO UMLENKKARABINER EDELSTAHL. Einen abriebfesten Karabiner f\u00fcr den Outdoor Bereich als Schnapper oder Schrauber!\" \/>\n<meta property=\"og:url\" content=\"https:\/\/bolting.eu\/en\/shop\/fixe-draco-umlenkkarabiner-edelstahl\/\" \/>\n<meta property=\"og:site_name\" content=\"bolting.eu\" \/>\n<meta property=\"article:publisher\" content=\"https:\/\/www.facebook.com\/bolting.eu\" \/>\n<meta property=\"article:modified_time\" content=\"2025-07-07T11:30:01+00:00\" \/>\n<meta property=\"og:image\" content=\"https:\/\/bolting.eu\/wp-content\/uploads\/2022\/05\/Fixe-Draco-Umlenkkarabiner-verzinkt-1.jpg\" \/>\n\t<meta property=\"og:image:width\" content=\"700\" \/>\n\t<meta property=\"og:image:height\" content=\"700\" \/>\n\t<meta property=\"og:image:type\" content=\"image\/jpeg\" \/>\n<meta name=\"twitter:card\" content=\"summary_large_image\" \/>\n<meta name=\"twitter:label1\" content=\"Availability\" \/>\n\t<meta name=\"twitter:data1\" content=\"In stock\" \/>\n<script type=\"application\/ld+json\" class=\"yoast-schema-graph\">{\"@context\":\"https:\/\/schema.org\",\"@graph\":[{\"@type\":[\"WebPage\",\"ItemPage\"],\"@id\":\"https:\/\/bolting.eu\/en\/shop\/fixe-draco-umlenkkarabiner-edelstahl\/\",\"url\":\"https:\/\/bolting.eu\/en\/shop\/fixe-draco-umlenkkarabiner-edelstahl\/\",\"name\":\"Fixe Draco Umlenkkarabiner Edelstahl | bolting.eu\",\"isPartOf\":{\"@id\":\"https:\/\/bolting.eu\/en\/#website\"},\"primaryImageOfPage\":{\"@id\":\"https:\/\/bolting.eu\/en\/shop\/fixe-draco-umlenkkarabiner-edelstahl\/#primaryimage\"},\"image\":{\"@id\":\"https:\/\/bolting.eu\/en\/shop\/fixe-draco-umlenkkarabiner-edelstahl\/#primaryimage\"},\"thumbnailUrl\":\"https:\/\/bolting.eu\/wp-content\/uploads\/2022\/05\/Fixe-Draco-Umlenkkarabiner-verzinkt-1.jpg\",\"datePublished\":\"2022-05-31T08:23:32+00:00\",\"dateModified\":\"2025-07-07T11:30:01+00:00\",\"description\":\"Hier gibt\u00b4s den FIXE DRACO UMLENKKARABINER EDELSTAHL. Einen abriebfesten Karabiner f\u00fcr den Outdoor Bereich als Schnapper oder Schrauber!\",\"breadcrumb\":{\"@id\":\"https:\/\/bolting.eu\/en\/shop\/fixe-draco-umlenkkarabiner-edelstahl\/#breadcrumb\"},\"inLanguage\":\"en-US\",\"potentialAction\":[{\"@type\":\"ReadAction\",\"target\":[\"https:\/\/bolting.eu\/en\/shop\/fixe-draco-umlenkkarabiner-edelstahl\/\"]}]},{\"@type\":\"ImageObject\",\"inLanguage\":\"en-US\",\"@id\":\"https:\/\/bolting.eu\/en\/shop\/fixe-draco-umlenkkarabiner-edelstahl\/#primaryimage\",\"url\":\"https:\/\/bolting.eu\/wp-content\/uploads\/2022\/05\/Fixe-Draco-Umlenkkarabiner-verzinkt-1.jpg\",\"contentUrl\":\"https:\/\/bolting.eu\/wp-content\/uploads\/2022\/05\/Fixe-Draco-Umlenkkarabiner-verzinkt-1.jpg\",\"width\":700,\"height\":700,\"caption\":\"Das Bild zeigt den silbernen Fixe Draco Umlenkkarabiner verzinkt mit dem Schnapper nach links.\"},{\"@type\":\"BreadcrumbList\",\"@id\":\"https:\/\/bolting.eu\/en\/shop\/fixe-draco-umlenkkarabiner-edelstahl\/#breadcrumb\",\"itemListElement\":[{\"@type\":\"ListItem\",\"position\":1,\"name\":\"Shop\",\"item\":\"https:\/\/bolting.eu\/en\/shop\/\"},{\"@type\":\"ListItem\",\"position\":2,\"name\":\"climbing equipment\",\"item\":\"https:\/\/bolting.eu\/en\/produkt-kategorie\/climbing-equipment\/\"},{\"@type\":\"ListItem\",\"position\":3,\"name\":\"Climbing carabiner\",\"item\":\"https:\/\/bolting.eu\/en\/produkt-kategorie\/climbing-carabiner\/\"},{\"@type\":\"ListItem\",\"position\":4,\"name\":\"Steel carabiner\",\"item\":\"https:\/\/bolting.eu\/en\/produkt-kategorie\/steel-carabiner\/\"},{\"@type\":\"ListItem\",\"position\":5,\"name\":\"Fixe Draco Umlenkkarabiner Edelstahl\"}]},{\"@type\":\"WebSite\",\"@id\":\"https:\/\/bolting.eu\/en\/#website\",\"url\":\"https:\/\/bolting.eu\/en\/\",\"name\":\"bolting.eu\",\"description\":\"we make climbs happen\",\"publisher\":{\"@id\":\"https:\/\/bolting.eu\/en\/#organization\"},\"potentialAction\":[{\"@type\":\"SearchAction\",\"target\":{\"@type\":\"EntryPoint\",\"urlTemplate\":\"https:\/\/bolting.eu\/en\/?s={search_term_string}\"},\"query-input\":{\"@type\":\"PropertyValueSpecification\",\"valueRequired\":true,\"valueName\":\"search_term_string\"}}],\"inLanguage\":\"en-US\"},{\"@type\":[\"Organization\",\"Place\",\"SportingGoodsStore\"],\"@id\":\"https:\/\/bolting.eu\/en\/#organization\",\"name\":\"bolting.eu\",\"url\":\"https:\/\/bolting.eu\/en\/\",\"logo\":{\"@id\":\"https:\/\/bolting.eu\/en\/shop\/fixe-draco-umlenkkarabiner-edelstahl\/#local-main-organization-logo\"},\"image\":{\"@id\":\"https:\/\/bolting.eu\/en\/shop\/fixe-draco-umlenkkarabiner-edelstahl\/#local-main-organization-logo\"},\"sameAs\":[\"https:\/\/www.facebook.com\/bolting.eu\",\"https:\/\/www.instagram.com\/bolting.eu\/\"],\"address\":{\"@id\":\"https:\/\/bolting.eu\/en\/shop\/fixe-draco-umlenkkarabiner-edelstahl\/#local-main-place-address\"},\"geo\":{\"@type\":\"GeoCoordinates\",\"latitude\":\"47.264176340396226\",\"longitude\":\"11.380109057672346\"},\"telephone\":[\"+43 699 19083372\"],\"openingHoursSpecification\":[{\"@type\":\"OpeningHoursSpecification\",\"dayOfWeek\":[\"Monday\",\"Wednesday\",\"Friday\"],\"opens\":\"14:00\",\"closes\":\"18:00\"},{\"@type\":\"OpeningHoursSpecification\",\"dayOfWeek\":[\"Tuesday\",\"Thursday\",\"Saturday\",\"Sunday\"],\"opens\":\"00:00\",\"closes\":\"00:00\"}],\"email\":\"office@bolting.eu\",\"vatID\":\"ATU59999728\",\"priceRange\":\"$$\",\"currenciesAccepted\":\"Euro\"},{\"@type\":\"PostalAddress\",\"@id\":\"https:\/\/bolting.eu\/en\/shop\/fixe-draco-umlenkkarabiner-edelstahl\/#local-main-place-address\",\"streetAddress\":\"Fischnalerstra\u00dfe 4\",\"addressLocality\":\"Innsbruck\",\"postalCode\":\"6020\",\"addressRegion\":\"Tirol\",\"addressCountry\":\"AT\"},{\"@type\":\"ImageObject\",\"inLanguage\":\"en-US\",\"@id\":\"https:\/\/bolting.eu\/en\/shop\/fixe-draco-umlenkkarabiner-edelstahl\/#local-main-organization-logo\",\"url\":\"https:\/\/bolting.eu\/wp-content\/uploads\/2019\/09\/bolting-logo.png\",\"contentUrl\":\"https:\/\/bolting.eu\/wp-content\/uploads\/2019\/09\/bolting-logo.png\",\"width\":400,\"height\":211,\"caption\":\"bolting.eu\"}]}<\/script>\n<meta property=\"og:availability\" content=\"instock\" \/>\n<meta property=\"product:availability\" content=\"instock\" \/>\n<meta property=\"product:condition\" content=\"new\" \/>\n<meta name=\"geo.placename\" content=\"Innsbruck\" \/>\n<meta name=\"geo.position\" content=\"47.264176340396226;11.380109057672346\" \/>\n<meta name=\"geo.region\" content=\"Austria\" \/>\n<!-- \/ Yoast SEO Premium plugin. -->","yoast_head_json":{"title":"Fixe Draco Umlenkkarabiner Edelstahl | bolting.eu","description":"Hier gibt\u00b4s den FIXE DRACO UMLENKKARABINER EDELSTAHL. Einen abriebfesten Karabiner f\u00fcr den Outdoor Bereich als Schnapper oder Schrauber!","robots":{"index":"index","follow":"follow","max-snippet":"max-snippet:-1","max-image-preview":"max-image-preview:large","max-video-preview":"max-video-preview:-1"},"canonical":"https:\/\/bolting.eu\/en\/shop\/fixe-draco-umlenkkarabiner-edelstahl\/","og_locale":"en_US","og_type":"article","og_title":"Fixe Draco Umlenkkarabiner Edelstahl","og_description":"Hier gibt\u00b4s den FIXE DRACO UMLENKKARABINER EDELSTAHL. Einen abriebfesten Karabiner f\u00fcr den Outdoor Bereich als Schnapper oder Schrauber!","og_url":"https:\/\/bolting.eu\/en\/shop\/fixe-draco-umlenkkarabiner-edelstahl\/","og_site_name":"bolting.eu","article_publisher":"https:\/\/www.facebook.com\/bolting.eu","article_modified_time":"2025-07-07T11:30:01+00:00","og_image":[{"width":700,"height":700,"url":"https:\/\/bolting.eu\/wp-content\/uploads\/2022\/05\/Fixe-Draco-Umlenkkarabiner-verzinkt-1.jpg","type":"image\/jpeg"}],"twitter_card":"summary_large_image","twitter_misc":{"Availability":"In stock"},"schema":{"@context":"https:\/\/schema.org","@graph":[{"@type":["WebPage","ItemPage"],"@id":"https:\/\/bolting.eu\/en\/shop\/fixe-draco-umlenkkarabiner-edelstahl\/","url":"https:\/\/bolting.eu\/en\/shop\/fixe-draco-umlenkkarabiner-edelstahl\/","name":"Fixe Draco Umlenkkarabiner Edelstahl | bolting.eu","isPartOf":{"@id":"https:\/\/bolting.eu\/en\/#website"},"primaryImageOfPage":{"@id":"https:\/\/bolting.eu\/en\/shop\/fixe-draco-umlenkkarabiner-edelstahl\/#primaryimage"},"image":{"@id":"https:\/\/bolting.eu\/en\/shop\/fixe-draco-umlenkkarabiner-edelstahl\/#primaryimage"},"thumbnailUrl":"https:\/\/bolting.eu\/wp-content\/uploads\/2022\/05\/Fixe-Draco-Umlenkkarabiner-verzinkt-1.jpg","datePublished":"2022-05-31T08:23:32+00:00","dateModified":"2025-07-07T11:30:01+00:00","description":"Hier gibt\u00b4s den FIXE DRACO UMLENKKARABINER EDELSTAHL. Einen abriebfesten Karabiner f\u00fcr den Outdoor Bereich als Schnapper oder Schrauber!","breadcrumb":{"@id":"https:\/\/bolting.eu\/en\/shop\/fixe-draco-umlenkkarabiner-edelstahl\/#breadcrumb"},"inLanguage":"en-US","potentialAction":[{"@type":"ReadAction","target":["https:\/\/bolting.eu\/en\/shop\/fixe-draco-umlenkkarabiner-edelstahl\/"]}]},{"@type":"ImageObject","inLanguage":"en-US","@id":"https:\/\/bolting.eu\/en\/shop\/fixe-draco-umlenkkarabiner-edelstahl\/#primaryimage","url":"https:\/\/bolting.eu\/wp-content\/uploads\/2022\/05\/Fixe-Draco-Umlenkkarabiner-verzinkt-1.jpg","contentUrl":"https:\/\/bolting.eu\/wp-content\/uploads\/2022\/05\/Fixe-Draco-Umlenkkarabiner-verzinkt-1.jpg","width":700,"height":700,"caption":"Das Bild zeigt den silbernen Fixe Draco Umlenkkarabiner verzinkt mit dem Schnapper nach links."},{"@type":"BreadcrumbList","@id":"https:\/\/bolting.eu\/en\/shop\/fixe-draco-umlenkkarabiner-edelstahl\/#breadcrumb","itemListElement":[{"@type":"ListItem","position":1,"name":"Shop","item":"https:\/\/bolting.eu\/en\/shop\/"},{"@type":"ListItem","position":2,"name":"climbing equipment","item":"https:\/\/bolting.eu\/en\/produkt-kategorie\/climbing-equipment\/"},{"@type":"ListItem","position":3,"name":"Climbing carabiner","item":"https:\/\/bolting.eu\/en\/produkt-kategorie\/climbing-carabiner\/"},{"@type":"ListItem","position":4,"name":"Steel carabiner","item":"https:\/\/bolting.eu\/en\/produkt-kategorie\/steel-carabiner\/"},{"@type":"ListItem","position":5,"name":"Fixe Draco Umlenkkarabiner Edelstahl"}]},{"@type":"WebSite","@id":"https:\/\/bolting.eu\/en\/#website","url":"https:\/\/bolting.eu\/en\/","name":"bolting.eu","description":"we make climbs happen","publisher":{"@id":"https:\/\/bolting.eu\/en\/#organization"},"potentialAction":[{"@type":"SearchAction","target":{"@type":"EntryPoint","urlTemplate":"https:\/\/bolting.eu\/en\/?s={search_term_string}"},"query-input":{"@type":"PropertyValueSpecification","valueRequired":true,"valueName":"search_term_string"}}],"inLanguage":"en-US"},{"@type":["Organization","Place","SportingGoodsStore"],"@id":"https:\/\/bolting.eu\/en\/#organization","name":"bolting.eu","url":"https:\/\/bolting.eu\/en\/","logo":{"@id":"https:\/\/bolting.eu\/en\/shop\/fixe-draco-umlenkkarabiner-edelstahl\/#local-main-organization-logo"},"image":{"@id":"https:\/\/bolting.eu\/en\/shop\/fixe-draco-umlenkkarabiner-edelstahl\/#local-main-organization-logo"},"sameAs":["https:\/\/www.facebook.com\/bolting.eu","https:\/\/www.instagram.com\/bolting.eu\/"],"address":{"@id":"https:\/\/bolting.eu\/en\/shop\/fixe-draco-umlenkkarabiner-edelstahl\/#local-main-place-address"},"geo":{"@type":"GeoCoordinates","latitude":"47.264176340396226","longitude":"11.380109057672346"},"telephone":["+43 699 19083372"],"openingHoursSpecification":[{"@type":"OpeningHoursSpecification","dayOfWeek":["Monday","Wednesday","Friday"],"opens":"14:00","closes":"18:00"},{"@type":"OpeningHoursSpecification","dayOfWeek":["Tuesday","Thursday","Saturday","Sunday"],"opens":"00:00","closes":"00:00"}],"email":"office@bolting.eu","vatID":"ATU59999728","priceRange":"$$","currenciesAccepted":"Euro"},{"@type":"PostalAddress","@id":"https:\/\/bolting.eu\/en\/shop\/fixe-draco-umlenkkarabiner-edelstahl\/#local-main-place-address","streetAddress":"Fischnalerstra\u00dfe 4","addressLocality":"Innsbruck","postalCode":"6020","addressRegion":"Tirol","addressCountry":"AT"},{"@type":"ImageObject","inLanguage":"en-US","@id":"https:\/\/bolting.eu\/en\/shop\/fixe-draco-umlenkkarabiner-edelstahl\/#local-main-organization-logo","url":"https:\/\/bolting.eu\/wp-content\/uploads\/2019\/09\/bolting-logo.png","contentUrl":"https:\/\/bolting.eu\/wp-content\/uploads\/2019\/09\/bolting-logo.png","width":400,"height":211,"caption":"bolting.eu"}]},"og_availability":"instock","product_availability":"instock","product_condition":"new","geo.placename":"Innsbruck","geo.position":{"lat":"47.264176340396226","long":"11.380109057672346"},"geo.region":"Austria"},"_links":{"self":[{"href":"https:\/\/bolting.eu\/en\/wp-json\/wp\/v2\/product\/12003","targetHints":{"allow":["GET"]}}],"collection":[{"href":"https:\/\/bolting.eu\/en\/wp-json\/wp\/v2\/product"}],"about":[{"href":"https:\/\/bolting.eu\/en\/wp-json\/wp\/v2\/types\/product"}],"replies":[{"embeddable":true,"href":"https:\/\/bolting.eu\/en\/wp-json\/wp\/v2\/comments?post=12003"}],"wp:featuredmedia":[{"embeddable":true,"href":"https:\/\/bolting.eu\/en\/wp-json\/wp\/v2\/media\/12001"}],"wp:attachment":[{"href":"https:\/\/bolting.eu\/en\/wp-json\/wp\/v2\/media?parent=12003"}],"wp:term":[{"taxonomy":"product_brand","embeddable":true,"href":"https:\/\/bolting.eu\/en\/wp-json\/wp\/v2\/product_brand?post=12003"},{"taxonomy":"product_cat","embeddable":true,"href":"https:\/\/bolting.eu\/en\/wp-json\/wp\/v2\/product_cat?post=12003"},{"taxonomy":"product_tag","embeddable":true,"href":"https:\/\/bolting.eu\/en\/wp-json\/wp\/v2\/product_tag?post=12003"}],"curies":[{"name":"wp","href":"https:\/\/api.w.org\/{rel}","templated":true}]}}