{"id":11903,"date":"2022-05-13T16:59:11","date_gmt":"2022-05-13T14:59:11","guid":{"rendered":"https:\/\/bolting.eu\/?post_type=product&#038;p=11903"},"modified":"2025-08-13T20:10:15","modified_gmt":"2025-08-13T18:10:15","slug":"petzl-axess-string-hallen-express","status":"publish","type":"product","link":"https:\/\/bolting.eu\/en\/shop\/petzl-axess-string-hallen-express\/","title":{"rendered":"Petzl Axess String Hallen Express"},"content":{"rendered":"<p>Die Petzl Axess String Hallen Express ist ein Spezialprodukt. Denn dieses <a href=\"https:\/\/bolting.eu\/produkt-kategorie\/kletterausruestung\/expressschlingen\/\">Expressschlinge<\/a> hat einen Schlingenschutz aus Kunststoff. Dieser hat gleich mehrere Vorteile.<\/p>\n<p>Erstens sch\u00fctzt er die Schlinge selbst. Zweitens h\u00e4lt er den <a href=\"https:\/\/bolting.eu\/produkt-kategorie\/kletterausruestung\/kletterkarabiner\/stahlkarabiner\/\">Stahlkarabiner<\/a> in Position. Und drittens sch\u00fctzt das Gummiteil auch die Wandpaneele vor intensivem Abrieb, weil der Karabiner nicht direkt aufschl\u00e4gt.<\/p>\n<p>Wir empfehlen zu dieser Schlinge das Petzl Go 8mm Schraubglied sowie den Karabiner Djinn Steel.<\/p>\n<h2>Eigenschaften Petzl Axess String Hallen Express<\/h2>\n<ul>\n<li>Hersteller: <a href=\"https:\/\/bolting.eu\/produkt-kategorie\/petzl\/\">Petzl<\/a><\/li>\n<li>Material: Polyamid bzw. Kunststoff<\/li>\n<li>Normen: EN 566, EN 12275<\/li>\n<li>L\u00e4nge Express: 12cm<\/li>\n<li>Gewicht: 35 Gramm<\/li>\n<li>Bruchlast: 22 kN<\/li>\n<li>Verpackungseinheit: <strong>10 St\u00fcck<\/strong><\/li>\n<li>Schlinge ist durch Gummi-Ummantelung gesch\u00fctzt<\/li>\n<li>fixiert Stahlkarabiner<\/li>\n<li>man kann sich perfekt an der Schlinge &#8220;hoch ziehen&#8221;<\/li>\n<li>obere Schlingen\u00f6se ideal f\u00fcr Petzl Go 8mm Schraubglied<\/li>\n<li>empfohlener Karabiner Petzl Djinn Steel<\/li>\n<li>praktisches <a href=\"https:\/\/bolting.eu\/produkt-kategorie\/kletterwand-zubehoer\/\">Kletterwand Zubeh\u00f6r<\/a><\/li>\n<li><a href=\"https:\/\/www.petzl.com\/sfc\/servlet.shepherd\/version\/download\/0681r000009tBWbAAM\" target=\"_blank\" rel=\"noopener\">Bedienungsanleitung<\/a><\/li>\n<\/ul>\n<h3>Installation an der Kletterwand<\/h3>\n<p><a href=\"https:\/\/bolting.eu\/wp-content\/uploads\/2022\/05\/Petzl-Axess-String-1.jpg\"><img loading=\"lazy\" decoding=\"async\" class=\"wp-image-11908 size-thumbnail\" src=\"https:\/\/bolting.eu\/wp-content\/uploads\/2022\/05\/Petzl-Axess-String-1-280x280.jpg\" alt=\"Das Bild zeigt eine Grafik zur Montage der petzl Axess Djinn Hallen Express.\" width=\"280\" height=\"280\" srcset=\"https:\/\/bolting.eu\/wp-content\/uploads\/2022\/05\/Petzl-Axess-String-1-280x280.jpg 280w, https:\/\/bolting.eu\/wp-content\/uploads\/2022\/05\/Petzl-Axess-String-1-100x100.jpg 100w, https:\/\/bolting.eu\/wp-content\/uploads\/2022\/05\/Petzl-Axess-String-1-510x510.jpg 510w, https:\/\/bolting.eu\/wp-content\/uploads\/2022\/05\/Petzl-Axess-String-1-400x400.jpg 400w, https:\/\/bolting.eu\/wp-content\/uploads\/2022\/05\/Petzl-Axess-String-1-300x300.jpg 300w, https:\/\/bolting.eu\/wp-content\/uploads\/2022\/05\/Petzl-Axess-String-1-600x600.jpg 600w, https:\/\/bolting.eu\/wp-content\/uploads\/2022\/05\/Petzl-Axess-String-1.jpg 700w\" sizes=\"auto, (max-width: 280px) 100vw, 280px\" \/><\/a><\/p>\n<p><a href=\"https:\/\/bolting.eu\/wp-content\/uploads\/2022\/05\/Petzl-Axess-String-3.jpg\"><img loading=\"lazy\" decoding=\"async\" class=\"alignleft wp-image-11906 size-thumbnail\" src=\"https:\/\/bolting.eu\/wp-content\/uploads\/2022\/05\/Petzl-Axess-String-3-280x280.jpg\" alt=\"Das Bild zeigt einen Gefahrenhinweis zur Installation einer Express f\u00fcr die Kletterhalle.\" width=\"280\" height=\"280\" srcset=\"https:\/\/bolting.eu\/wp-content\/uploads\/2022\/05\/Petzl-Axess-String-3-280x280.jpg 280w, https:\/\/bolting.eu\/wp-content\/uploads\/2022\/05\/Petzl-Axess-String-3-100x100.jpg 100w, https:\/\/bolting.eu\/wp-content\/uploads\/2022\/05\/Petzl-Axess-String-3-510x510.jpg 510w, https:\/\/bolting.eu\/wp-content\/uploads\/2022\/05\/Petzl-Axess-String-3-400x400.jpg 400w, https:\/\/bolting.eu\/wp-content\/uploads\/2022\/05\/Petzl-Axess-String-3-300x300.jpg 300w, https:\/\/bolting.eu\/wp-content\/uploads\/2022\/05\/Petzl-Axess-String-3-600x600.jpg 600w, https:\/\/bolting.eu\/wp-content\/uploads\/2022\/05\/Petzl-Axess-String-3.jpg 700w\" sizes=\"auto, (max-width: 280px) 100vw, 280px\" \/><\/a>Die Petzl Axess String Hallen Express muss nat\u00fcrlich fachgerecht an der Kletterwand installiert werden.<\/p>\n<p>Im Folgenden geben wir euch die schematische Darstellung wieder und beschreiben den Prozess.<\/p>\n<p>1.) Express mit einem passenden Stahlkarabiner best\u00fccken. Hierf\u00fcr den Karabiner in die enge Schlaufe unterhalb des &#8220;P&#8221; des Petzl Aufdrucks h\u00e4ngen<\/p>\n<p>2.) ein passendes <a href=\"https:\/\/bolting.eu\/produkt-kategorie\/einbohrartikel\/schraubglied-rapidglied\/\">Schraubglied<\/a> in die weite Schlaufe oberhalb des &#8220;L&#8221; des Petzl Aufdrucks h\u00e4ngen. Idealerweise Petzl Go 8mm verwenden.<\/p>\n<p>3.) die Schlinge mit dem Schraubglied in die Haken\u00f6se h\u00e4ngen. Das Schraubglied ganz zu drehen und auf mind. 3 Nm Drehmoment achten. Idealerweise den Petzl K-Link verwenden, dieser verhindert ein \u00d6ffnen des Verschlusses.<\/p>\n<h3>Gefahrenhinweise Petzl Axess String Hallen Express<\/h3>\n<p>Folgende Fehlanwendungen k\u00f6nnen passieren:<\/p>\n<ul>\n<li><strong>Schraubglied nicht verschlossen<\/strong>!<\/li>\n<li><strong>Expressschlinge falsch herum montiert<\/strong>: zwar nicht gef\u00e4hrlich, aber unpraktisch weil sich der Karabiner dann leicht verdrehen kann!<\/li>\n<li><strong>nur Gummih\u00fclle eingeh\u00e4ngt<\/strong>: <strong>hier besteht akute Lebensgefahr!!!<\/strong> baut die Schlinge daher <strong>nie auseinander<\/strong>, da man f\u00e4lschlicher Weise Karabiner bzw. Schraubglied in die reine Gummih\u00fclle einh\u00e4ngen k\u00f6nnte!<\/li>\n<\/ul>\n<p><a href=\"https:\/\/bolting.eu\/wp-content\/uploads\/2022\/05\/Petzl-Axess-String-6.jpg\"><img loading=\"lazy\" decoding=\"async\" class=\"alignleft wp-image-11909 size-thumbnail\" src=\"https:\/\/bolting.eu\/wp-content\/uploads\/2022\/05\/Petzl-Axess-String-6-280x280.jpg\" alt=\"Das Bild zeigt eine Grafik zur Montage der petzl Axess Djinn Hallen Express.\" width=\"280\" height=\"280\" srcset=\"https:\/\/bolting.eu\/wp-content\/uploads\/2022\/05\/Petzl-Axess-String-6-280x280.jpg 280w, https:\/\/bolting.eu\/wp-content\/uploads\/2022\/05\/Petzl-Axess-String-6-100x100.jpg 100w, https:\/\/bolting.eu\/wp-content\/uploads\/2022\/05\/Petzl-Axess-String-6-510x510.jpg 510w, https:\/\/bolting.eu\/wp-content\/uploads\/2022\/05\/Petzl-Axess-String-6-400x400.jpg 400w, https:\/\/bolting.eu\/wp-content\/uploads\/2022\/05\/Petzl-Axess-String-6-300x300.jpg 300w, https:\/\/bolting.eu\/wp-content\/uploads\/2022\/05\/Petzl-Axess-String-6-600x600.jpg 600w, https:\/\/bolting.eu\/wp-content\/uploads\/2022\/05\/Petzl-Axess-String-6.jpg 700w\" sizes=\"auto, (max-width: 280px) 100vw, 280px\" \/><\/a> <a href=\"https:\/\/bolting.eu\/wp-content\/uploads\/2022\/05\/Petzl-Axess-String-2.jpg\"><img loading=\"lazy\" decoding=\"async\" class=\"alignleft wp-image-11907 size-thumbnail\" src=\"https:\/\/bolting.eu\/wp-content\/uploads\/2022\/05\/Petzl-Axess-String-2-280x280.jpg\" alt=\"Das Bild zeigt einen Gefahrenhinweis zur Installation einer Express f\u00fcr die Kletterhalle.\" width=\"280\" height=\"280\" srcset=\"https:\/\/bolting.eu\/wp-content\/uploads\/2022\/05\/Petzl-Axess-String-2-280x280.jpg 280w, https:\/\/bolting.eu\/wp-content\/uploads\/2022\/05\/Petzl-Axess-String-2-100x100.jpg 100w, https:\/\/bolting.eu\/wp-content\/uploads\/2022\/05\/Petzl-Axess-String-2-510x510.jpg 510w, https:\/\/bolting.eu\/wp-content\/uploads\/2022\/05\/Petzl-Axess-String-2-400x400.jpg 400w, https:\/\/bolting.eu\/wp-content\/uploads\/2022\/05\/Petzl-Axess-String-2-300x300.jpg 300w, https:\/\/bolting.eu\/wp-content\/uploads\/2022\/05\/Petzl-Axess-String-2-600x600.jpg 600w, https:\/\/bolting.eu\/wp-content\/uploads\/2022\/05\/Petzl-Axess-String-2.jpg 700w\" sizes=\"auto, (max-width: 280px) 100vw, 280px\" \/><\/a><\/p>\n","protected":false},"excerpt":{"rendered":"<p>Expressschlinge mit Gummi-\u00dcberzug als Schutz bzw. zum Fixieren des seilseitigen Karabiners.<\/p>\n<p>Ideal f\u00fcr Kletterhallen oder als fixe Express in Projekten.<\/p>\n","protected":false},"featured_media":11904,"comment_status":"open","ping_status":"closed","template":"","meta":[],"product_brand":[],"product_cat":[15211,29,220,14093],"product_tag":[],"class_list":{"0":"post-11903","1":"product","2":"type-product","3":"status-publish","4":"has-post-thumbnail","6":"product_cat-kletterwand-zubehoer","7":"product_cat-kletterausruestung","8":"product_cat-expressschlingen","9":"product_cat-petzl","11":"first","12":"instock","13":"taxable","14":"shipping-taxable","15":"purchasable","16":"product-type-simple"},"yoast_head":"<!-- This site is optimized with the Yoast SEO Premium plugin v26.9 (Yoast SEO v26.9) - https:\/\/yoast.com\/product\/yoast-seo-premium-wordpress\/ -->\n<title>Petzl Axess String Hallen Express - 12cm mit Gummih\u00fclle | bolting.eu<\/title>\n<meta name=\"description\" content=\"Hier findest Du die PETZL AXESS STRING HALLEN EXPRESS. Eine 12cm Polyamid Schlinge mit sch\u00fctzendem Gummi \u00dcberzug im 10er Pack!\" \/>\n<meta name=\"robots\" content=\"index, follow, max-snippet:-1, max-image-preview:large, max-video-preview:-1\" \/>\n<link rel=\"canonical\" href=\"https:\/\/bolting.eu\/en\/shop\/petzl-axess-string-hallen-express\/\" \/>\n<meta property=\"og:locale\" content=\"en_US\" \/>\n<meta property=\"og:type\" content=\"article\" \/>\n<meta property=\"og:title\" content=\"Petzl Axess String Hallen Express\" \/>\n<meta property=\"og:description\" content=\"Hier findest Du die PETZL AXESS STRING HALLEN EXPRESS. Eine 12cm Polyamid Schlinge mit sch\u00fctzendem Gummi \u00dcberzug im 10er Pack!\" \/>\n<meta property=\"og:url\" content=\"https:\/\/bolting.eu\/en\/shop\/petzl-axess-string-hallen-express\/\" \/>\n<meta property=\"og:site_name\" content=\"bolting.eu\" \/>\n<meta property=\"article:publisher\" content=\"https:\/\/www.facebook.com\/bolting.eu\" \/>\n<meta property=\"article:modified_time\" content=\"2025-08-13T18:10:15+00:00\" \/>\n<meta property=\"og:image\" content=\"https:\/\/bolting.eu\/wp-content\/uploads\/2022\/05\/Petzl-Axess-String-5.jpg\" \/>\n\t<meta property=\"og:image:width\" content=\"700\" \/>\n\t<meta property=\"og:image:height\" content=\"700\" \/>\n\t<meta property=\"og:image:type\" content=\"image\/jpeg\" \/>\n<meta name=\"twitter:card\" content=\"summary_large_image\" \/>\n<meta name=\"twitter:label1\" content=\"Price\" \/>\n\t<meta name=\"twitter:data1\" content=\"&euro;&nbsp;49,00\" \/>\n\t<meta name=\"twitter:label2\" content=\"Availability\" \/>\n\t<meta name=\"twitter:data2\" content=\"In stock\" \/>\n<script type=\"application\/ld+json\" class=\"yoast-schema-graph\">{\"@context\":\"https:\/\/schema.org\",\"@graph\":[{\"@type\":[\"WebPage\",\"ItemPage\"],\"@id\":\"https:\/\/bolting.eu\/en\/shop\/petzl-axess-string-hallen-express\/\",\"url\":\"https:\/\/bolting.eu\/en\/shop\/petzl-axess-string-hallen-express\/\",\"name\":\"Petzl Axess String Hallen Express - 12cm mit Gummih\u00fclle | bolting.eu\",\"isPartOf\":{\"@id\":\"https:\/\/bolting.eu\/en\/#website\"},\"primaryImageOfPage\":{\"@id\":\"https:\/\/bolting.eu\/en\/shop\/petzl-axess-string-hallen-express\/#primaryimage\"},\"image\":{\"@id\":\"https:\/\/bolting.eu\/en\/shop\/petzl-axess-string-hallen-express\/#primaryimage\"},\"thumbnailUrl\":\"https:\/\/bolting.eu\/wp-content\/uploads\/2022\/05\/Petzl-Axess-String-5.jpg\",\"datePublished\":\"2022-05-13T14:59:11+00:00\",\"dateModified\":\"2025-08-13T18:10:15+00:00\",\"description\":\"Hier findest Du die PETZL AXESS STRING HALLEN EXPRESS. Eine 12cm Polyamid Schlinge mit sch\u00fctzendem Gummi \u00dcberzug im 10er Pack!\",\"breadcrumb\":{\"@id\":\"https:\/\/bolting.eu\/en\/shop\/petzl-axess-string-hallen-express\/#breadcrumb\"},\"inLanguage\":\"en-US\",\"potentialAction\":[{\"@type\":\"ReadAction\",\"target\":[\"https:\/\/bolting.eu\/en\/shop\/petzl-axess-string-hallen-express\/\"]}]},{\"@type\":\"ImageObject\",\"inLanguage\":\"en-US\",\"@id\":\"https:\/\/bolting.eu\/en\/shop\/petzl-axess-string-hallen-express\/#primaryimage\",\"url\":\"https:\/\/bolting.eu\/wp-content\/uploads\/2022\/05\/Petzl-Axess-String-5.jpg\",\"contentUrl\":\"https:\/\/bolting.eu\/wp-content\/uploads\/2022\/05\/Petzl-Axess-String-5.jpg\",\"width\":700,\"height\":700,\"caption\":\"Gummi\u00fcberzug und Petzl Logo.\"},{\"@type\":\"BreadcrumbList\",\"@id\":\"https:\/\/bolting.eu\/en\/shop\/petzl-axess-string-hallen-express\/#breadcrumb\",\"itemListElement\":[{\"@type\":\"ListItem\",\"position\":1,\"name\":\"Shop\",\"item\":\"https:\/\/bolting.eu\/en\/shop\/\"},{\"@type\":\"ListItem\",\"position\":2,\"name\":\"climbing equipment\",\"item\":\"https:\/\/bolting.eu\/en\/produkt-kategorie\/climbing-equipment\/\"},{\"@type\":\"ListItem\",\"position\":3,\"name\":\"Quickdraws\",\"item\":\"https:\/\/bolting.eu\/en\/produkt-kategorie\/quickdraws\/\"},{\"@type\":\"ListItem\",\"position\":4,\"name\":\"Petzl Axess String Hallen Express\"}]},{\"@type\":\"WebSite\",\"@id\":\"https:\/\/bolting.eu\/en\/#website\",\"url\":\"https:\/\/bolting.eu\/en\/\",\"name\":\"bolting.eu\",\"description\":\"we make climbs happen\",\"publisher\":{\"@id\":\"https:\/\/bolting.eu\/en\/#organization\"},\"potentialAction\":[{\"@type\":\"SearchAction\",\"target\":{\"@type\":\"EntryPoint\",\"urlTemplate\":\"https:\/\/bolting.eu\/en\/?s={search_term_string}\"},\"query-input\":{\"@type\":\"PropertyValueSpecification\",\"valueRequired\":true,\"valueName\":\"search_term_string\"}}],\"inLanguage\":\"en-US\"},{\"@type\":[\"Organization\",\"Place\",\"SportingGoodsStore\"],\"@id\":\"https:\/\/bolting.eu\/en\/#organization\",\"name\":\"bolting.eu\",\"url\":\"https:\/\/bolting.eu\/en\/\",\"logo\":{\"@id\":\"https:\/\/bolting.eu\/en\/shop\/petzl-axess-string-hallen-express\/#local-main-organization-logo\"},\"image\":{\"@id\":\"https:\/\/bolting.eu\/en\/shop\/petzl-axess-string-hallen-express\/#local-main-organization-logo\"},\"sameAs\":[\"https:\/\/www.facebook.com\/bolting.eu\",\"https:\/\/www.instagram.com\/bolting.eu\/\"],\"address\":{\"@id\":\"https:\/\/bolting.eu\/en\/shop\/petzl-axess-string-hallen-express\/#local-main-place-address\"},\"geo\":{\"@type\":\"GeoCoordinates\",\"latitude\":\"47.264176340396226\",\"longitude\":\"11.380109057672346\"},\"telephone\":[\"+43 699 19083372\"],\"openingHoursSpecification\":[{\"@type\":\"OpeningHoursSpecification\",\"dayOfWeek\":[\"Monday\",\"Wednesday\",\"Friday\"],\"opens\":\"14:00\",\"closes\":\"18:00\"},{\"@type\":\"OpeningHoursSpecification\",\"dayOfWeek\":[\"Tuesday\",\"Thursday\",\"Saturday\",\"Sunday\"],\"opens\":\"00:00\",\"closes\":\"00:00\"}],\"email\":\"office@bolting.eu\",\"vatID\":\"ATU59999728\",\"priceRange\":\"$$\",\"currenciesAccepted\":\"Euro\"},{\"@type\":\"PostalAddress\",\"@id\":\"https:\/\/bolting.eu\/en\/shop\/petzl-axess-string-hallen-express\/#local-main-place-address\",\"streetAddress\":\"Fischnalerstra\u00dfe 4\",\"addressLocality\":\"Innsbruck\",\"postalCode\":\"6020\",\"addressRegion\":\"Tirol\",\"addressCountry\":\"AT\"},{\"@type\":\"ImageObject\",\"inLanguage\":\"en-US\",\"@id\":\"https:\/\/bolting.eu\/en\/shop\/petzl-axess-string-hallen-express\/#local-main-organization-logo\",\"url\":\"https:\/\/bolting.eu\/wp-content\/uploads\/2019\/09\/bolting-logo.png\",\"contentUrl\":\"https:\/\/bolting.eu\/wp-content\/uploads\/2019\/09\/bolting-logo.png\",\"width\":400,\"height\":211,\"caption\":\"bolting.eu\"}]}<\/script>\n<meta property=\"product:price:amount\" content=\"49.00\" \/>\n<meta property=\"product:price:currency\" content=\"EUR\" \/>\n<meta property=\"og:availability\" content=\"instock\" \/>\n<meta property=\"product:availability\" content=\"instock\" \/>\n<meta property=\"product:retailer_item_id\" content=\"M60000\" \/>\n<meta property=\"product:condition\" content=\"new\" \/>\n<meta name=\"geo.placename\" content=\"Innsbruck\" \/>\n<meta name=\"geo.position\" content=\"47.264176340396226;11.380109057672346\" \/>\n<meta name=\"geo.region\" content=\"Austria\" \/>\n<!-- \/ Yoast SEO Premium plugin. -->","yoast_head_json":{"title":"Petzl Axess String Hallen Express - 12cm mit Gummih\u00fclle | bolting.eu","description":"Hier findest Du die PETZL AXESS STRING HALLEN EXPRESS. Eine 12cm Polyamid Schlinge mit sch\u00fctzendem Gummi \u00dcberzug im 10er Pack!","robots":{"index":"index","follow":"follow","max-snippet":"max-snippet:-1","max-image-preview":"max-image-preview:large","max-video-preview":"max-video-preview:-1"},"canonical":"https:\/\/bolting.eu\/en\/shop\/petzl-axess-string-hallen-express\/","og_locale":"en_US","og_type":"article","og_title":"Petzl Axess String Hallen Express","og_description":"Hier findest Du die PETZL AXESS STRING HALLEN EXPRESS. Eine 12cm Polyamid Schlinge mit sch\u00fctzendem Gummi \u00dcberzug im 10er Pack!","og_url":"https:\/\/bolting.eu\/en\/shop\/petzl-axess-string-hallen-express\/","og_site_name":"bolting.eu","article_publisher":"https:\/\/www.facebook.com\/bolting.eu","article_modified_time":"2025-08-13T18:10:15+00:00","og_image":[{"width":700,"height":700,"url":"https:\/\/bolting.eu\/wp-content\/uploads\/2022\/05\/Petzl-Axess-String-5.jpg","type":"image\/jpeg"}],"twitter_card":"summary_large_image","twitter_misc":{"Price":"&euro;&nbsp;49,00","Availability":"In stock"},"schema":{"@context":"https:\/\/schema.org","@graph":[{"@type":["WebPage","ItemPage"],"@id":"https:\/\/bolting.eu\/en\/shop\/petzl-axess-string-hallen-express\/","url":"https:\/\/bolting.eu\/en\/shop\/petzl-axess-string-hallen-express\/","name":"Petzl Axess String Hallen Express - 12cm mit Gummih\u00fclle | bolting.eu","isPartOf":{"@id":"https:\/\/bolting.eu\/en\/#website"},"primaryImageOfPage":{"@id":"https:\/\/bolting.eu\/en\/shop\/petzl-axess-string-hallen-express\/#primaryimage"},"image":{"@id":"https:\/\/bolting.eu\/en\/shop\/petzl-axess-string-hallen-express\/#primaryimage"},"thumbnailUrl":"https:\/\/bolting.eu\/wp-content\/uploads\/2022\/05\/Petzl-Axess-String-5.jpg","datePublished":"2022-05-13T14:59:11+00:00","dateModified":"2025-08-13T18:10:15+00:00","description":"Hier findest Du die PETZL AXESS STRING HALLEN EXPRESS. Eine 12cm Polyamid Schlinge mit sch\u00fctzendem Gummi \u00dcberzug im 10er Pack!","breadcrumb":{"@id":"https:\/\/bolting.eu\/en\/shop\/petzl-axess-string-hallen-express\/#breadcrumb"},"inLanguage":"en-US","potentialAction":[{"@type":"ReadAction","target":["https:\/\/bolting.eu\/en\/shop\/petzl-axess-string-hallen-express\/"]}]},{"@type":"ImageObject","inLanguage":"en-US","@id":"https:\/\/bolting.eu\/en\/shop\/petzl-axess-string-hallen-express\/#primaryimage","url":"https:\/\/bolting.eu\/wp-content\/uploads\/2022\/05\/Petzl-Axess-String-5.jpg","contentUrl":"https:\/\/bolting.eu\/wp-content\/uploads\/2022\/05\/Petzl-Axess-String-5.jpg","width":700,"height":700,"caption":"Gummi\u00fcberzug und Petzl Logo."},{"@type":"BreadcrumbList","@id":"https:\/\/bolting.eu\/en\/shop\/petzl-axess-string-hallen-express\/#breadcrumb","itemListElement":[{"@type":"ListItem","position":1,"name":"Shop","item":"https:\/\/bolting.eu\/en\/shop\/"},{"@type":"ListItem","position":2,"name":"climbing equipment","item":"https:\/\/bolting.eu\/en\/produkt-kategorie\/climbing-equipment\/"},{"@type":"ListItem","position":3,"name":"Quickdraws","item":"https:\/\/bolting.eu\/en\/produkt-kategorie\/quickdraws\/"},{"@type":"ListItem","position":4,"name":"Petzl Axess String Hallen Express"}]},{"@type":"WebSite","@id":"https:\/\/bolting.eu\/en\/#website","url":"https:\/\/bolting.eu\/en\/","name":"bolting.eu","description":"we make climbs happen","publisher":{"@id":"https:\/\/bolting.eu\/en\/#organization"},"potentialAction":[{"@type":"SearchAction","target":{"@type":"EntryPoint","urlTemplate":"https:\/\/bolting.eu\/en\/?s={search_term_string}"},"query-input":{"@type":"PropertyValueSpecification","valueRequired":true,"valueName":"search_term_string"}}],"inLanguage":"en-US"},{"@type":["Organization","Place","SportingGoodsStore"],"@id":"https:\/\/bolting.eu\/en\/#organization","name":"bolting.eu","url":"https:\/\/bolting.eu\/en\/","logo":{"@id":"https:\/\/bolting.eu\/en\/shop\/petzl-axess-string-hallen-express\/#local-main-organization-logo"},"image":{"@id":"https:\/\/bolting.eu\/en\/shop\/petzl-axess-string-hallen-express\/#local-main-organization-logo"},"sameAs":["https:\/\/www.facebook.com\/bolting.eu","https:\/\/www.instagram.com\/bolting.eu\/"],"address":{"@id":"https:\/\/bolting.eu\/en\/shop\/petzl-axess-string-hallen-express\/#local-main-place-address"},"geo":{"@type":"GeoCoordinates","latitude":"47.264176340396226","longitude":"11.380109057672346"},"telephone":["+43 699 19083372"],"openingHoursSpecification":[{"@type":"OpeningHoursSpecification","dayOfWeek":["Monday","Wednesday","Friday"],"opens":"14:00","closes":"18:00"},{"@type":"OpeningHoursSpecification","dayOfWeek":["Tuesday","Thursday","Saturday","Sunday"],"opens":"00:00","closes":"00:00"}],"email":"office@bolting.eu","vatID":"ATU59999728","priceRange":"$$","currenciesAccepted":"Euro"},{"@type":"PostalAddress","@id":"https:\/\/bolting.eu\/en\/shop\/petzl-axess-string-hallen-express\/#local-main-place-address","streetAddress":"Fischnalerstra\u00dfe 4","addressLocality":"Innsbruck","postalCode":"6020","addressRegion":"Tirol","addressCountry":"AT"},{"@type":"ImageObject","inLanguage":"en-US","@id":"https:\/\/bolting.eu\/en\/shop\/petzl-axess-string-hallen-express\/#local-main-organization-logo","url":"https:\/\/bolting.eu\/wp-content\/uploads\/2019\/09\/bolting-logo.png","contentUrl":"https:\/\/bolting.eu\/wp-content\/uploads\/2019\/09\/bolting-logo.png","width":400,"height":211,"caption":"bolting.eu"}]},"product_price_amount":"49.00","product_price_currency":"EUR","og_availability":"instock","product_availability":"instock","product_retailer_item_id":"M60000","product_condition":"new","geo.placename":"Innsbruck","geo.position":{"lat":"47.264176340396226","long":"11.380109057672346"},"geo.region":"Austria"},"_links":{"self":[{"href":"https:\/\/bolting.eu\/en\/wp-json\/wp\/v2\/product\/11903","targetHints":{"allow":["GET"]}}],"collection":[{"href":"https:\/\/bolting.eu\/en\/wp-json\/wp\/v2\/product"}],"about":[{"href":"https:\/\/bolting.eu\/en\/wp-json\/wp\/v2\/types\/product"}],"replies":[{"embeddable":true,"href":"https:\/\/bolting.eu\/en\/wp-json\/wp\/v2\/comments?post=11903"}],"wp:featuredmedia":[{"embeddable":true,"href":"https:\/\/bolting.eu\/en\/wp-json\/wp\/v2\/media\/11904"}],"wp:attachment":[{"href":"https:\/\/bolting.eu\/en\/wp-json\/wp\/v2\/media?parent=11903"}],"wp:term":[{"taxonomy":"product_brand","embeddable":true,"href":"https:\/\/bolting.eu\/en\/wp-json\/wp\/v2\/product_brand?post=11903"},{"taxonomy":"product_cat","embeddable":true,"href":"https:\/\/bolting.eu\/en\/wp-json\/wp\/v2\/product_cat?post=11903"},{"taxonomy":"product_tag","embeddable":true,"href":"https:\/\/bolting.eu\/en\/wp-json\/wp\/v2\/product_tag?post=11903"}],"curies":[{"name":"wp","href":"https:\/\/api.w.org\/{rel}","templated":true}]}}